{"id":12956,"date":"2020-05-11T06:55:35","date_gmt":"2020-05-11T06:55:35","guid":{"rendered":"https:\/\/guidetogreenland.com\/home\/"},"modified":"2024-10-11T04:00:02","modified_gmt":"2024-10-11T07:00:02","slug":"hjem","status":"publish","type":"page","link":"https:\/\/guidetogreenland.com\/da\/","title":{"rendered":"Hjem"},"content":{"rendered":"<h1>Velkommen til Gr\u00f8nland<\/h1>\n<p>Feriepakker og dagsture i Gr\u00f8nland<\/p>\n<p><form class=\"homepagefiltering flex items-center\" action=\"https:\/\/guidetogreenland.com\/da\/reserver-ferie-rejser\/\"><div class=\"select-wrapper homepage-select-2\"><label>Ankomst m\u00e5ned<\/label><select name=\"pa_available-month\" id=\"pa_available-months\"><option value=\"V\u00e6lg m\u00e5ned\" disabled selected>V\u00e6lg m\u00e5ned<\/option><option value=\"januar\">Januar<\/option><option value=\"februar\">Februar<\/option><option value=\"marts\">Marts<\/option><option value=\"april\">April<\/option><option value=\"maj\">Maj<\/option><option value=\"juni\">Juni<\/option><option value=\"juli\">Juli<\/option><option value=\"august\">August<\/option><option value=\"september\">September<\/option><option value=\"oktober\">Oktober<\/option><option value=\"november\">November<\/option><option value=\"december\">December<\/option><\/select><\/div><div class=\"select-wrapper homepage-select-2\"><label>By<\/label><select name=\"pa_destinations\" id=\"pa_destinations\"><option value=\"V\u00e6lg by\" disabled selected>V\u00e6lg by<\/option><option value=\"fra-island\">Fra Island<\/option><option value=\"ilulissat\">Ilulissat<\/option><option value=\"kangerlussuaq\">Kangerlussuaq<\/option><option value=\"kulusuk\">Kulusuk<\/option><option value=\"nanortalik\">Nanortalik<\/option><option value=\"narsaq\">Narsaq<\/option><option value=\"narsarsuaq\">Narsarsuaq<\/option><option value=\"nuuk\">Nuuk<\/option><option value=\"qaqortoq\">Qaqortoq<\/option><option value=\"qasigiannguit\">Qasigiannguit<\/option><option value=\"qeqertarsuaq\">Qeqertarsuaq<\/option><option value=\"sisimiut\">Sisimiut<\/option><option value=\"tasiilaq\">Tasiilaq<\/option><option value=\"uummannaq\">Uummannaq<\/option><\/select><\/div><div class=\"select-wrapper\"><label>G\u00e6ster<\/label><select id=\"persons\" name=\"persons\"><option value=\"Tilf\u00f8j g\u00e6ster\" disabled selected>Tilf\u00f8j g\u00e6ster<\/option><option value=\"0\">0<\/option><option value=\"1\">1<\/option><option value=\"2\">2<\/option><option value=\"3\">3<\/option><option value=\"4\">4<\/option><option value=\"5\">5<\/option><option value=\"6\">6<\/option><option value=\"7\">7<\/option><option value=\"8\">8<\/option><option value=\"9\">9<\/option><option value=\"10\">10<\/option><option value=\"11\">11<\/option><option value=\"12\">12<\/option><option value=\"13\">13<\/option><option value=\"14\">14<\/option><option value=\"15\">15<\/option><\/select><\/div><input type=\"hidden\" name=\"swoof\" value=\"1\"><\/input><div class=\"formsubmit\"><button type=\"submit\"><i class=\"fas fa-search\"><\/i> S\u00f8g<\/button><\/div><\/form>[elementor-template id=&#8221;11307&#8243;]<\/p>\n<h3>Popul\u00e6re ture<\/h3>\n<h5>Vores mest popul\u00e6re ture fra hele Gr\u00f8nland<\/h5>\n<h3>Dagsture i Gr\u00f8nland<\/h3>\n<p><a href=\"https:\/\/guidetogreenland.com\/da\/reserver-ferie-rejser\/?swoof=1&amp;pa_tour-type=dagsture\"> Forbliv fleksible ved at mixe dit eventyr som det passer dig.<br \/>\nB\u00e5de sommer og vinter.<br \/>\n<\/a><\/p>\n<h3>Pakkerejser i Gr\u00f8nland<\/h3>\n<p><a href=\"https:\/\/guidetogreenland.com\/da\/reserver-ferie-rejser\/pakkerejser\/\"> Slap af og overlad planl\u00e6gningen til en anden. Sommer og vinter &#8211; fra 2 dage til 2 uger.<br \/>\n<\/a><\/p>\n<h3>Opdag Gr\u00f8nland<\/h3>\n<h5>Artikler der hj\u00e6lper dig med at opdage Gr\u00f8nland og planl\u00e6gge din rejse.<\/h5>\n","protected":false},"excerpt":{"rendered":"Velkommen til Gr\u00f8nland Feriepakker og dagsture i Gr\u00f8nland [elementor-template id=&#8221;11307&#8243;] Popul\u00e6re ture Vores mest popul\u00e6re ture fra hele Gr\u00f8nland Dagsture i Gr\u00f8nland Forbliv fleksible ved at mixe dit eventyr som det passer dig. B\u00e5de sommer og vinter. Pakkerejser i Gr\u00f8nland Slap af og overlad planl\u00e6gningen til en anden. Sommer og vinter &#8211; fra 2 dage&#8230;","protected":false},"author":1,"featured_media":60927,"parent":0,"menu_order":0,"comment_status":"closed","ping_status":"closed","template":"template-demo.php","meta":{"footnotes":""},"class_list":["post-12956","page","type-page","status-publish","has-post-thumbnail","hentry"],"acf":[],"yoast_head":"<!-- This site is optimized with the Yoast SEO plugin v25.6 - https:\/\/yoast.com\/wordpress\/plugins\/seo\/ -->\n<title>Guide to Greenland I Feriepakker og dagsture i Gr\u00f8nland\u00a0\u00bb<\/title>\n<meta name=\"description\" content=\"Din online rejseguide til Gr\u00f8nland! Find feriepakker, dagsture, overnatning og billeje i Gr\u00f8nland. Nem og direkte bestilling \u00bb\" \/>\n<meta name=\"robots\" content=\"index, follow, max-snippet:-1, max-image-preview:large, max-video-preview:-1\" \/>\n<link rel=\"canonical\" href=\"https:\/\/guidetogreenland.com\/da\/\" \/>\n<meta property=\"og:locale\" content=\"da_DK\" \/>\n<meta property=\"og:type\" content=\"article\" \/>\n<meta property=\"og:title\" content=\"Guide to Greenland I Feriepakker og dagsture i Gr\u00f8nland\u00a0\u00bb\" \/>\n<meta property=\"og:description\" content=\"Din online rejseguide til Gr\u00f8nland! Find feriepakker, dagsture, overnatning og billeje i Gr\u00f8nland. Nem og direkte bestilling \u00bb\" \/>\n<meta property=\"og:url\" content=\"https:\/\/guidetogreenland.com\/da\/\" \/>\n<meta property=\"og:site_name\" content=\"Guide to Greenland\" \/>\n<meta property=\"article:modified_time\" content=\"2024-10-11T07:00:02+00:00\" \/>\n<meta property=\"og:image\" content=\"https:\/\/guidetogreenland.com\/wp-content\/uploads\/2024\/10\/Nuuk-colorful-houses-scaled.jpg\" \/>\n\t<meta property=\"og:image:width\" content=\"2560\" \/>\n\t<meta property=\"og:image:height\" content=\"1920\" \/>\n\t<meta property=\"og:image:type\" content=\"image\/jpeg\" \/>\n<meta name=\"twitter:card\" content=\"summary_large_image\" \/>\n<meta name=\"twitter:image\" content=\"https:\/\/guidetogreenland.com\/wp-content\/uploads\/2024\/10\/Nuuk-colorful-houses-scaled.jpg\" \/>\n<meta name=\"twitter:label1\" content=\"Estimeret l\u00e6setid\" \/>\n\t<meta name=\"twitter:data1\" content=\"1 minut\" \/>\n<script type=\"application\/ld+json\" class=\"yoast-schema-graph\">{\"@context\":\"https:\/\/schema.org\",\"@graph\":[{\"@type\":\"WebPage\",\"@id\":\"https:\/\/guidetogreenland.com\/da\/\",\"url\":\"https:\/\/guidetogreenland.com\/da\/\",\"name\":\"Guide to Greenland I Feriepakker og dagsture i Gr\u00f8nland\u00a0\u00bb\",\"isPartOf\":{\"@id\":\"https:\/\/guidetogreenland.com\/da\/#website\"},\"primaryImageOfPage\":{\"@id\":\"https:\/\/guidetogreenland.com\/da\/#primaryimage\"},\"image\":{\"@id\":\"https:\/\/guidetogreenland.com\/da\/#primaryimage\"},\"thumbnailUrl\":\"https:\/\/guidetogreenland.com\/wp-content\/uploads\/2024\/10\/Nuuk-colorful-houses-scaled.jpg\",\"datePublished\":\"2020-05-11T06:55:35+00:00\",\"dateModified\":\"2024-10-11T07:00:02+00:00\",\"description\":\"Din online rejseguide til Gr\u00f8nland! Find feriepakker, dagsture, overnatning og billeje i Gr\u00f8nland. Nem og direkte bestilling \u00bb\",\"breadcrumb\":{\"@id\":\"https:\/\/guidetogreenland.com\/da\/#breadcrumb\"},\"inLanguage\":\"da-DK\",\"potentialAction\":[{\"@type\":\"ReadAction\",\"target\":[\"https:\/\/guidetogreenland.com\/da\/\"]}]},{\"@type\":\"ImageObject\",\"inLanguage\":\"da-DK\",\"@id\":\"https:\/\/guidetogreenland.com\/da\/#primaryimage\",\"url\":\"https:\/\/guidetogreenland.com\/wp-content\/uploads\/2024\/10\/Nuuk-colorful-houses-scaled.jpg\",\"contentUrl\":\"https:\/\/guidetogreenland.com\/wp-content\/uploads\/2024\/10\/Nuuk-colorful-houses-scaled.jpg\",\"width\":2560,\"height\":1920},{\"@type\":\"BreadcrumbList\",\"@id\":\"https:\/\/guidetogreenland.com\/da\/#breadcrumb\",\"itemListElement\":[{\"@type\":\"ListItem\",\"position\":1,\"name\":\"Home\",\"item\":\"https:\/\/guidetogreenland.com\/da\/\"},{\"@type\":\"ListItem\",\"position\":2,\"name\":\"Hjem\"}]},{\"@type\":\"WebSite\",\"@id\":\"https:\/\/guidetogreenland.com\/da\/#website\",\"url\":\"https:\/\/guidetogreenland.com\/da\/\",\"name\":\"Guide to Greenland\",\"description\":\"Largest selection of tours in Greenland\",\"potentialAction\":[{\"@type\":\"SearchAction\",\"target\":{\"@type\":\"EntryPoint\",\"urlTemplate\":\"https:\/\/guidetogreenland.com\/da\/?s={search_term_string}\"},\"query-input\":{\"@type\":\"PropertyValueSpecification\",\"valueRequired\":true,\"valueName\":\"search_term_string\"}}],\"inLanguage\":\"da-DK\"}]}<\/script>\n<!-- \/ Yoast SEO plugin. -->","yoast_head_json":{"title":"Guide to Greenland I Feriepakker og dagsture i Gr\u00f8nland\u00a0\u00bb","description":"Din online rejseguide til Gr\u00f8nland! Find feriepakker, dagsture, overnatning og billeje i Gr\u00f8nland. Nem og direkte bestilling \u00bb","robots":{"index":"index","follow":"follow","max-snippet":"max-snippet:-1","max-image-preview":"max-image-preview:large","max-video-preview":"max-video-preview:-1"},"canonical":"https:\/\/guidetogreenland.com\/da\/","og_locale":"da_DK","og_type":"article","og_title":"Guide to Greenland I Feriepakker og dagsture i Gr\u00f8nland\u00a0\u00bb","og_description":"Din online rejseguide til Gr\u00f8nland! Find feriepakker, dagsture, overnatning og billeje i Gr\u00f8nland. Nem og direkte bestilling \u00bb","og_url":"https:\/\/guidetogreenland.com\/da\/","og_site_name":"Guide to Greenland","article_modified_time":"2024-10-11T07:00:02+00:00","og_image":[{"width":2560,"height":1920,"url":"https:\/\/guidetogreenland.com\/wp-content\/uploads\/2024\/10\/Nuuk-colorful-houses-scaled.jpg","type":"image\/jpeg"}],"twitter_card":"summary_large_image","twitter_image":"https:\/\/guidetogreenland.com\/wp-content\/uploads\/2024\/10\/Nuuk-colorful-houses-scaled.jpg","twitter_misc":{"Estimeret l\u00e6setid":"1 minut"},"schema":{"@context":"https:\/\/schema.org","@graph":[{"@type":"WebPage","@id":"https:\/\/guidetogreenland.com\/da\/","url":"https:\/\/guidetogreenland.com\/da\/","name":"Guide to Greenland I Feriepakker og dagsture i Gr\u00f8nland\u00a0\u00bb","isPartOf":{"@id":"https:\/\/guidetogreenland.com\/da\/#website"},"primaryImageOfPage":{"@id":"https:\/\/guidetogreenland.com\/da\/#primaryimage"},"image":{"@id":"https:\/\/guidetogreenland.com\/da\/#primaryimage"},"thumbnailUrl":"https:\/\/guidetogreenland.com\/wp-content\/uploads\/2024\/10\/Nuuk-colorful-houses-scaled.jpg","datePublished":"2020-05-11T06:55:35+00:00","dateModified":"2024-10-11T07:00:02+00:00","description":"Din online rejseguide til Gr\u00f8nland! Find feriepakker, dagsture, overnatning og billeje i Gr\u00f8nland. Nem og direkte bestilling \u00bb","breadcrumb":{"@id":"https:\/\/guidetogreenland.com\/da\/#breadcrumb"},"inLanguage":"da-DK","potentialAction":[{"@type":"ReadAction","target":["https:\/\/guidetogreenland.com\/da\/"]}]},{"@type":"ImageObject","inLanguage":"da-DK","@id":"https:\/\/guidetogreenland.com\/da\/#primaryimage","url":"https:\/\/guidetogreenland.com\/wp-content\/uploads\/2024\/10\/Nuuk-colorful-houses-scaled.jpg","contentUrl":"https:\/\/guidetogreenland.com\/wp-content\/uploads\/2024\/10\/Nuuk-colorful-houses-scaled.jpg","width":2560,"height":1920},{"@type":"BreadcrumbList","@id":"https:\/\/guidetogreenland.com\/da\/#breadcrumb","itemListElement":[{"@type":"ListItem","position":1,"name":"Home","item":"https:\/\/guidetogreenland.com\/da\/"},{"@type":"ListItem","position":2,"name":"Hjem"}]},{"@type":"WebSite","@id":"https:\/\/guidetogreenland.com\/da\/#website","url":"https:\/\/guidetogreenland.com\/da\/","name":"Guide to Greenland","description":"Largest selection of tours in Greenland","potentialAction":[{"@type":"SearchAction","target":{"@type":"EntryPoint","urlTemplate":"https:\/\/guidetogreenland.com\/da\/?s={search_term_string}"},"query-input":{"@type":"PropertyValueSpecification","valueRequired":true,"valueName":"search_term_string"}}],"inLanguage":"da-DK"}]}},"_links":{"self":[{"href":"https:\/\/guidetogreenland.com\/da\/wp-json\/wp\/v2\/pages\/12956","targetHints":{"allow":["GET"]}}],"collection":[{"href":"https:\/\/guidetogreenland.com\/da\/wp-json\/wp\/v2\/pages"}],"about":[{"href":"https:\/\/guidetogreenland.com\/da\/wp-json\/wp\/v2\/types\/page"}],"author":[{"embeddable":true,"href":"https:\/\/guidetogreenland.com\/da\/wp-json\/wp\/v2\/users\/1"}],"replies":[{"embeddable":true,"href":"https:\/\/guidetogreenland.com\/da\/wp-json\/wp\/v2\/comments?post=12956"}],"version-history":[{"count":31,"href":"https:\/\/guidetogreenland.com\/da\/wp-json\/wp\/v2\/pages\/12956\/revisions"}],"predecessor-version":[{"id":43416,"href":"https:\/\/guidetogreenland.com\/da\/wp-json\/wp\/v2\/pages\/12956\/revisions\/43416"}],"wp:featuredmedia":[{"embeddable":true,"href":"https:\/\/guidetogreenland.com\/da\/wp-json\/wp\/v2\/media\/60927"}],"wp:attachment":[{"href":"https:\/\/guidetogreenland.com\/da\/wp-json\/wp\/v2\/media?parent=12956"}],"curies":[{"name":"wp","href":"https:\/\/api.w.org\/{rel}","templated":true}]}}