{"id":14270,"date":"2020-05-11T13:11:56","date_gmt":"2020-05-11T16:11:56","guid":{"rendered":"https:\/\/guidetogreenland.com\/about-greenland\/"},"modified":"2024-05-10T13:30:57","modified_gmt":"2024-05-10T16:30:57","slug":"om-groenland","status":"publish","type":"page","link":"https:\/\/guidetogreenland.com\/da\/om-groenland\/","title":{"rendered":"Om Gr\u00f8nland"},"content":{"rendered":"<p>Information og r\u00e5dgivning til dine rejser i Gr\u00f8nland<\/p>\n","protected":false},"excerpt":{"rendered":"Information og r\u00e5dgivning til dine rejser i Gr\u00f8nland","protected":false},"author":1,"featured_media":24501,"parent":0,"menu_order":0,"comment_status":"closed","ping_status":"closed","template":"template-articles.php","meta":{"footnotes":""},"class_list":["post-14270","page","type-page","status-publish","has-post-thumbnail","hentry"],"acf":[],"yoast_head":"<!-- This site is optimized with the Yoast SEO plugin v25.6 - https:\/\/yoast.com\/wordpress\/plugins\/seo\/ -->\n<title>Om Gr\u00f8nland | Guide to Greenland<\/title>\n<meta name=\"robots\" content=\"index, follow, max-snippet:-1, max-image-preview:large, max-video-preview:-1\" \/>\n<link rel=\"canonical\" href=\"https:\/\/guidetogreenland.com\/da\/om-groenland\/\" \/>\n<meta property=\"og:locale\" content=\"da_DK\" \/>\n<meta property=\"og:type\" content=\"article\" \/>\n<meta property=\"og:title\" content=\"Om Gr\u00f8nland | Guide to Greenland\" \/>\n<meta property=\"og:description\" content=\"Information og r\u00e5dgivning til dine rejser i Gr\u00f8nland\" \/>\n<meta property=\"og:url\" content=\"https:\/\/guidetogreenland.com\/da\/om-groenland\/\" \/>\n<meta property=\"og:site_name\" content=\"Guide to Greenland\" \/>\n<meta property=\"article:modified_time\" content=\"2024-05-10T16:30:57+00:00\" \/>\n<meta property=\"og:image\" content=\"https:\/\/guidetogreenland.com\/wp-content\/uploads\/2022\/03\/heading-towards-Sermitsiaq-mountain-on-a-boat-tour-to-the-Nuuk-Icefjord-summer-Guide-to-Greenland-scaled-1.jpeg\" \/>\n\t<meta property=\"og:image:width\" content=\"2560\" \/>\n\t<meta property=\"og:image:height\" content=\"1707\" \/>\n\t<meta property=\"og:image:type\" content=\"image\/jpeg\" \/>\n<meta name=\"twitter:card\" content=\"summary_large_image\" \/>\n<meta name=\"twitter:label1\" content=\"Estimeret l\u00e6setid\" \/>\n\t<meta name=\"twitter:data1\" content=\"1 minut\" \/>\n<script type=\"application\/ld+json\" class=\"yoast-schema-graph\">{\"@context\":\"https:\/\/schema.org\",\"@graph\":[{\"@type\":\"WebPage\",\"@id\":\"https:\/\/guidetogreenland.com\/da\/om-groenland\/\",\"url\":\"https:\/\/guidetogreenland.com\/da\/om-groenland\/\",\"name\":\"Om Gr\u00f8nland | Guide to Greenland\",\"isPartOf\":{\"@id\":\"https:\/\/guidetogreenland.com\/da\/#website\"},\"primaryImageOfPage\":{\"@id\":\"https:\/\/guidetogreenland.com\/da\/om-groenland\/#primaryimage\"},\"image\":{\"@id\":\"https:\/\/guidetogreenland.com\/da\/om-groenland\/#primaryimage\"},\"thumbnailUrl\":\"https:\/\/guidetogreenland.com\/wp-content\/uploads\/2022\/03\/heading-towards-Sermitsiaq-mountain-on-a-boat-tour-to-the-Nuuk-Icefjord-summer-Guide-to-Greenland-scaled-1.jpeg\",\"datePublished\":\"2020-05-11T16:11:56+00:00\",\"dateModified\":\"2024-05-10T16:30:57+00:00\",\"breadcrumb\":{\"@id\":\"https:\/\/guidetogreenland.com\/da\/om-groenland\/#breadcrumb\"},\"inLanguage\":\"da-DK\",\"potentialAction\":[{\"@type\":\"ReadAction\",\"target\":[\"https:\/\/guidetogreenland.com\/da\/om-groenland\/\"]}]},{\"@type\":\"ImageObject\",\"inLanguage\":\"da-DK\",\"@id\":\"https:\/\/guidetogreenland.com\/da\/om-groenland\/#primaryimage\",\"url\":\"https:\/\/guidetogreenland.com\/wp-content\/uploads\/2022\/03\/heading-towards-Sermitsiaq-mountain-on-a-boat-tour-to-the-Nuuk-Icefjord-summer-Guide-to-Greenland-scaled-1.jpeg\",\"contentUrl\":\"https:\/\/guidetogreenland.com\/wp-content\/uploads\/2022\/03\/heading-towards-Sermitsiaq-mountain-on-a-boat-tour-to-the-Nuuk-Icefjord-summer-Guide-to-Greenland-scaled-1.jpeg\",\"width\":2560,\"height\":1707},{\"@type\":\"BreadcrumbList\",\"@id\":\"https:\/\/guidetogreenland.com\/da\/om-groenland\/#breadcrumb\",\"itemListElement\":[{\"@type\":\"ListItem\",\"position\":1,\"name\":\"Home\",\"item\":\"https:\/\/guidetogreenland.com\/da\/\"},{\"@type\":\"ListItem\",\"position\":2,\"name\":\"Om Gr\u00f8nland\"}]},{\"@type\":\"WebSite\",\"@id\":\"https:\/\/guidetogreenland.com\/da\/#website\",\"url\":\"https:\/\/guidetogreenland.com\/da\/\",\"name\":\"Guide to Greenland\",\"description\":\"Largest selection of tours in Greenland\",\"potentialAction\":[{\"@type\":\"SearchAction\",\"target\":{\"@type\":\"EntryPoint\",\"urlTemplate\":\"https:\/\/guidetogreenland.com\/da\/?s={search_term_string}\"},\"query-input\":{\"@type\":\"PropertyValueSpecification\",\"valueRequired\":true,\"valueName\":\"search_term_string\"}}],\"inLanguage\":\"da-DK\"}]}<\/script>\n<!-- \/ Yoast SEO plugin. -->","yoast_head_json":{"title":"Om Gr\u00f8nland | Guide to Greenland","robots":{"index":"index","follow":"follow","max-snippet":"max-snippet:-1","max-image-preview":"max-image-preview:large","max-video-preview":"max-video-preview:-1"},"canonical":"https:\/\/guidetogreenland.com\/da\/om-groenland\/","og_locale":"da_DK","og_type":"article","og_title":"Om Gr\u00f8nland | Guide to Greenland","og_description":"Information og r\u00e5dgivning til dine rejser i Gr\u00f8nland","og_url":"https:\/\/guidetogreenland.com\/da\/om-groenland\/","og_site_name":"Guide to Greenland","article_modified_time":"2024-05-10T16:30:57+00:00","og_image":[{"width":2560,"height":1707,"url":"https:\/\/guidetogreenland.com\/wp-content\/uploads\/2022\/03\/heading-towards-Sermitsiaq-mountain-on-a-boat-tour-to-the-Nuuk-Icefjord-summer-Guide-to-Greenland-scaled-1.jpeg","type":"image\/jpeg"}],"twitter_card":"summary_large_image","twitter_misc":{"Estimeret l\u00e6setid":"1 minut"},"schema":{"@context":"https:\/\/schema.org","@graph":[{"@type":"WebPage","@id":"https:\/\/guidetogreenland.com\/da\/om-groenland\/","url":"https:\/\/guidetogreenland.com\/da\/om-groenland\/","name":"Om Gr\u00f8nland | Guide to Greenland","isPartOf":{"@id":"https:\/\/guidetogreenland.com\/da\/#website"},"primaryImageOfPage":{"@id":"https:\/\/guidetogreenland.com\/da\/om-groenland\/#primaryimage"},"image":{"@id":"https:\/\/guidetogreenland.com\/da\/om-groenland\/#primaryimage"},"thumbnailUrl":"https:\/\/guidetogreenland.com\/wp-content\/uploads\/2022\/03\/heading-towards-Sermitsiaq-mountain-on-a-boat-tour-to-the-Nuuk-Icefjord-summer-Guide-to-Greenland-scaled-1.jpeg","datePublished":"2020-05-11T16:11:56+00:00","dateModified":"2024-05-10T16:30:57+00:00","breadcrumb":{"@id":"https:\/\/guidetogreenland.com\/da\/om-groenland\/#breadcrumb"},"inLanguage":"da-DK","potentialAction":[{"@type":"ReadAction","target":["https:\/\/guidetogreenland.com\/da\/om-groenland\/"]}]},{"@type":"ImageObject","inLanguage":"da-DK","@id":"https:\/\/guidetogreenland.com\/da\/om-groenland\/#primaryimage","url":"https:\/\/guidetogreenland.com\/wp-content\/uploads\/2022\/03\/heading-towards-Sermitsiaq-mountain-on-a-boat-tour-to-the-Nuuk-Icefjord-summer-Guide-to-Greenland-scaled-1.jpeg","contentUrl":"https:\/\/guidetogreenland.com\/wp-content\/uploads\/2022\/03\/heading-towards-Sermitsiaq-mountain-on-a-boat-tour-to-the-Nuuk-Icefjord-summer-Guide-to-Greenland-scaled-1.jpeg","width":2560,"height":1707},{"@type":"BreadcrumbList","@id":"https:\/\/guidetogreenland.com\/da\/om-groenland\/#breadcrumb","itemListElement":[{"@type":"ListItem","position":1,"name":"Home","item":"https:\/\/guidetogreenland.com\/da\/"},{"@type":"ListItem","position":2,"name":"Om Gr\u00f8nland"}]},{"@type":"WebSite","@id":"https:\/\/guidetogreenland.com\/da\/#website","url":"https:\/\/guidetogreenland.com\/da\/","name":"Guide to Greenland","description":"Largest selection of tours in Greenland","potentialAction":[{"@type":"SearchAction","target":{"@type":"EntryPoint","urlTemplate":"https:\/\/guidetogreenland.com\/da\/?s={search_term_string}"},"query-input":{"@type":"PropertyValueSpecification","valueRequired":true,"valueName":"search_term_string"}}],"inLanguage":"da-DK"}]}},"_links":{"self":[{"href":"https:\/\/guidetogreenland.com\/da\/wp-json\/wp\/v2\/pages\/14270","targetHints":{"allow":["GET"]}}],"collection":[{"href":"https:\/\/guidetogreenland.com\/da\/wp-json\/wp\/v2\/pages"}],"about":[{"href":"https:\/\/guidetogreenland.com\/da\/wp-json\/wp\/v2\/types\/page"}],"author":[{"embeddable":true,"href":"https:\/\/guidetogreenland.com\/da\/wp-json\/wp\/v2\/users\/1"}],"replies":[{"embeddable":true,"href":"https:\/\/guidetogreenland.com\/da\/wp-json\/wp\/v2\/comments?post=14270"}],"version-history":[{"count":5,"href":"https:\/\/guidetogreenland.com\/da\/wp-json\/wp\/v2\/pages\/14270\/revisions"}],"predecessor-version":[{"id":55653,"href":"https:\/\/guidetogreenland.com\/da\/wp-json\/wp\/v2\/pages\/14270\/revisions\/55653"}],"wp:featuredmedia":[{"embeddable":true,"href":"https:\/\/guidetogreenland.com\/da\/wp-json\/wp\/v2\/media\/24501"}],"wp:attachment":[{"href":"https:\/\/guidetogreenland.com\/da\/wp-json\/wp\/v2\/media?parent=14270"}],"curies":[{"name":"wp","href":"https:\/\/api.w.org\/{rel}","templated":true}]}}