{"id":14327,"date":"2020-08-17T13:09:09","date_gmt":"2020-08-17T13:09:09","guid":{"rendered":"https:\/\/guidetogreenland.com\/om-groenland\/greenlandic-culture-art\/"},"modified":"2022-10-03T07:55:43","modified_gmt":"2022-10-03T10:55:43","slug":"groenlandsk-kultur-og-kunst","status":"publish","type":"page","link":"https:\/\/guidetogreenland.com\/da\/om-groenland\/groenlandsk-kultur-og-kunst\/","title":{"rendered":"Gr\u00f8nlandsk Kultur &#038; Kunst"},"content":{"rendered":"<section>\n<div class=\"banner-section relative flex items-center justify-center bg-center bg-cover\">\n<div class=\"wrapper relative text-center\">\n<p class=\"h3 text-white mb-12\" style=\"text-align: left;\">Information og r\u00e5dgivning til dine rejser i Gr\u00f8nland<\/p>\n<\/div>\n<\/div>\n<\/section>\n","protected":false},"excerpt":{"rendered":"Information og r\u00e5dgivning til dine rejser i Gr\u00f8nland","protected":false},"author":1,"featured_media":0,"parent":14270,"menu_order":0,"comment_status":"closed","ping_status":"closed","template":"template-articles.php","meta":{"footnotes":""},"class_list":["post-14327","page","type-page","status-publish","hentry"],"acf":[],"yoast_head":"<!-- This site is optimized with the Yoast SEO plugin v25.6 - https:\/\/yoast.com\/wordpress\/plugins\/seo\/ -->\n<title>Gr\u00f8nlandsk Kultur &amp; Kunst | Guide to Greenland<\/title>\n<meta name=\"robots\" content=\"index, follow, max-snippet:-1, max-image-preview:large, max-video-preview:-1\" \/>\n<link rel=\"canonical\" href=\"https:\/\/guidetogreenland.com\/da\/om-groenland\/groenlandsk-kultur-og-kunst\/\" \/>\n<meta property=\"og:locale\" content=\"da_DK\" \/>\n<meta property=\"og:type\" content=\"article\" \/>\n<meta property=\"og:title\" content=\"Gr\u00f8nlandsk Kultur &amp; Kunst | Guide to Greenland\" \/>\n<meta property=\"og:description\" content=\"Information og r\u00e5dgivning til dine rejser i Gr\u00f8nland\" \/>\n<meta property=\"og:url\" content=\"https:\/\/guidetogreenland.com\/da\/om-groenland\/groenlandsk-kultur-og-kunst\/\" \/>\n<meta property=\"og:site_name\" content=\"Guide to Greenland\" \/>\n<meta property=\"article:modified_time\" content=\"2022-10-03T10:55:43+00:00\" \/>\n<meta name=\"twitter:card\" content=\"summary_large_image\" \/>\n<meta name=\"twitter:label1\" content=\"Estimeret l\u00e6setid\" \/>\n\t<meta name=\"twitter:data1\" content=\"1 minut\" \/>\n<script type=\"application\/ld+json\" class=\"yoast-schema-graph\">{\"@context\":\"https:\/\/schema.org\",\"@graph\":[{\"@type\":\"WebPage\",\"@id\":\"https:\/\/guidetogreenland.com\/da\/om-groenland\/groenlandsk-kultur-og-kunst\/\",\"url\":\"https:\/\/guidetogreenland.com\/da\/om-groenland\/groenlandsk-kultur-og-kunst\/\",\"name\":\"Gr\u00f8nlandsk Kultur & Kunst | Guide to Greenland\",\"isPartOf\":{\"@id\":\"https:\/\/guidetogreenland.com\/da\/#website\"},\"datePublished\":\"2020-08-17T13:09:09+00:00\",\"dateModified\":\"2022-10-03T10:55:43+00:00\",\"breadcrumb\":{\"@id\":\"https:\/\/guidetogreenland.com\/da\/om-groenland\/groenlandsk-kultur-og-kunst\/#breadcrumb\"},\"inLanguage\":\"da-DK\",\"potentialAction\":[{\"@type\":\"ReadAction\",\"target\":[\"https:\/\/guidetogreenland.com\/da\/om-groenland\/groenlandsk-kultur-og-kunst\/\"]}]},{\"@type\":\"BreadcrumbList\",\"@id\":\"https:\/\/guidetogreenland.com\/da\/om-groenland\/groenlandsk-kultur-og-kunst\/#breadcrumb\",\"itemListElement\":[{\"@type\":\"ListItem\",\"position\":1,\"name\":\"Home\",\"item\":\"https:\/\/guidetogreenland.com\/da\/\"},{\"@type\":\"ListItem\",\"position\":2,\"name\":\"Om Gr\u00f8nland\",\"item\":\"https:\/\/guidetogreenland.com\/da\/om-groenland\/\"},{\"@type\":\"ListItem\",\"position\":3,\"name\":\"Gr\u00f8nlandsk Kultur &#038; Kunst\"}]},{\"@type\":\"WebSite\",\"@id\":\"https:\/\/guidetogreenland.com\/da\/#website\",\"url\":\"https:\/\/guidetogreenland.com\/da\/\",\"name\":\"Guide to Greenland\",\"description\":\"Largest selection of tours in Greenland\",\"potentialAction\":[{\"@type\":\"SearchAction\",\"target\":{\"@type\":\"EntryPoint\",\"urlTemplate\":\"https:\/\/guidetogreenland.com\/da\/?s={search_term_string}\"},\"query-input\":{\"@type\":\"PropertyValueSpecification\",\"valueRequired\":true,\"valueName\":\"search_term_string\"}}],\"inLanguage\":\"da-DK\"}]}<\/script>\n<!-- \/ Yoast SEO plugin. -->","yoast_head_json":{"title":"Gr\u00f8nlandsk Kultur & Kunst | Guide to Greenland","robots":{"index":"index","follow":"follow","max-snippet":"max-snippet:-1","max-image-preview":"max-image-preview:large","max-video-preview":"max-video-preview:-1"},"canonical":"https:\/\/guidetogreenland.com\/da\/om-groenland\/groenlandsk-kultur-og-kunst\/","og_locale":"da_DK","og_type":"article","og_title":"Gr\u00f8nlandsk Kultur & Kunst | Guide to Greenland","og_description":"Information og r\u00e5dgivning til dine rejser i Gr\u00f8nland","og_url":"https:\/\/guidetogreenland.com\/da\/om-groenland\/groenlandsk-kultur-og-kunst\/","og_site_name":"Guide to Greenland","article_modified_time":"2022-10-03T10:55:43+00:00","twitter_card":"summary_large_image","twitter_misc":{"Estimeret l\u00e6setid":"1 minut"},"schema":{"@context":"https:\/\/schema.org","@graph":[{"@type":"WebPage","@id":"https:\/\/guidetogreenland.com\/da\/om-groenland\/groenlandsk-kultur-og-kunst\/","url":"https:\/\/guidetogreenland.com\/da\/om-groenland\/groenlandsk-kultur-og-kunst\/","name":"Gr\u00f8nlandsk Kultur & Kunst | Guide to Greenland","isPartOf":{"@id":"https:\/\/guidetogreenland.com\/da\/#website"},"datePublished":"2020-08-17T13:09:09+00:00","dateModified":"2022-10-03T10:55:43+00:00","breadcrumb":{"@id":"https:\/\/guidetogreenland.com\/da\/om-groenland\/groenlandsk-kultur-og-kunst\/#breadcrumb"},"inLanguage":"da-DK","potentialAction":[{"@type":"ReadAction","target":["https:\/\/guidetogreenland.com\/da\/om-groenland\/groenlandsk-kultur-og-kunst\/"]}]},{"@type":"BreadcrumbList","@id":"https:\/\/guidetogreenland.com\/da\/om-groenland\/groenlandsk-kultur-og-kunst\/#breadcrumb","itemListElement":[{"@type":"ListItem","position":1,"name":"Home","item":"https:\/\/guidetogreenland.com\/da\/"},{"@type":"ListItem","position":2,"name":"Om Gr\u00f8nland","item":"https:\/\/guidetogreenland.com\/da\/om-groenland\/"},{"@type":"ListItem","position":3,"name":"Gr\u00f8nlandsk Kultur &#038; Kunst"}]},{"@type":"WebSite","@id":"https:\/\/guidetogreenland.com\/da\/#website","url":"https:\/\/guidetogreenland.com\/da\/","name":"Guide to Greenland","description":"Largest selection of tours in Greenland","potentialAction":[{"@type":"SearchAction","target":{"@type":"EntryPoint","urlTemplate":"https:\/\/guidetogreenland.com\/da\/?s={search_term_string}"},"query-input":{"@type":"PropertyValueSpecification","valueRequired":true,"valueName":"search_term_string"}}],"inLanguage":"da-DK"}]}},"_links":{"self":[{"href":"https:\/\/guidetogreenland.com\/da\/wp-json\/wp\/v2\/pages\/14327","targetHints":{"allow":["GET"]}}],"collection":[{"href":"https:\/\/guidetogreenland.com\/da\/wp-json\/wp\/v2\/pages"}],"about":[{"href":"https:\/\/guidetogreenland.com\/da\/wp-json\/wp\/v2\/types\/page"}],"author":[{"embeddable":true,"href":"https:\/\/guidetogreenland.com\/da\/wp-json\/wp\/v2\/users\/1"}],"replies":[{"embeddable":true,"href":"https:\/\/guidetogreenland.com\/da\/wp-json\/wp\/v2\/comments?post=14327"}],"version-history":[{"count":2,"href":"https:\/\/guidetogreenland.com\/da\/wp-json\/wp\/v2\/pages\/14327\/revisions"}],"predecessor-version":[{"id":30233,"href":"https:\/\/guidetogreenland.com\/da\/wp-json\/wp\/v2\/pages\/14327\/revisions\/30233"}],"up":[{"embeddable":true,"href":"https:\/\/guidetogreenland.com\/da\/wp-json\/wp\/v2\/pages\/14270"}],"wp:attachment":[{"href":"https:\/\/guidetogreenland.com\/da\/wp-json\/wp\/v2\/media?parent=14327"}],"curies":[{"name":"wp","href":"https:\/\/api.w.org\/{rel}","templated":true}]}}