{"id":14412,"date":"2020-06-22T13:36:56","date_gmt":"2020-06-22T13:36:56","guid":{"rendered":"https:\/\/guidetogreenland.com\/copyright-privacy\/"},"modified":"2021-05-21T09:01:54","modified_gmt":"2021-05-21T12:01:54","slug":"ophavsret-og-privatliv","status":"publish","type":"page","link":"https:\/\/guidetogreenland.com\/da\/ophavsret-og-privatliv\/","title":{"rendered":"Ophavsret og privatliv"},"content":{"rendered":"\n<h2 class=\"wp-block-heading\"><span class=\"ez-toc-section\" id=\"Ophavsret\"><\/span>Ophavsret<span class=\"ez-toc-section-end\"><\/span><\/h2>\n\n\n\n<p>Guide to Greenland ApS respekterer andres immaterielle rettigheder og er forpligtet til at hj\u00e6lpe tredjeparter med at beskytte deres rettigheder.<\/p>\n\n\n\n<p>Vores vilk\u00e5r og betingelser forbyder brugere at sende indhold, der kr\u00e6nker en anden parts intellektuelle ejendomsrettigheder. N\u00e5r vi modtager en meddelelse om overtr\u00e6delse, fjerner eller deaktiverer vi straks adgangen til det angiveligt kr\u00e6nkende indhold. Vi afslutter ogs\u00e5 konti for gentagne overtr\u00e6dere, under passende omst\u00e6ndigheder.<\/p>\n\n\n\n<p>Hvis du f\u00f8ler, at dine rettigheder er blevet kr\u00e6nket i \u201dOm Gr\u00f8nland\u201d eller p\u00e5 nogen m\u00e5de af \u200b\u200bde lokale, der bruger hjemmesiden, bedes du kontakte os p\u00e5 info@guidetogreenland.com, og vi vil guide dig og forklare hvad vi kan g\u00f8re &#8211; eller hvis du \u00f8nsker det, skal du straks fjerne dit indhold fra hjemmesiden.<\/p>\n\n\n\n<h2 class=\"wp-block-heading\"><span class=\"ez-toc-section\" id=\"Fortrolighedspolitik\"><\/span><strong>Fortrolighedspolitik<\/strong><span class=\"ez-toc-section-end\"><\/span><\/h2>\n\n\n\n<p>Vi har udarbejdet denne fortrolighedspolitik for at hj\u00e6lpe dig med at forst\u00e5, hvordan Guide to Greenland ApS indsamler, bruger og s\u00f8ger at beskytte de personlige oplysninger (som er defineret nedenfor), som du giver os p\u00e5 vores hjemmesider, via e-mail og gennem vores tjenesteudbydere og distributionspartnere. Denne fortrolighedspolitik vedr\u00f8rer ikke os, og vi er ikke ansvarlige for fortrolighed, information eller anden praksis for nogen tredjepart, herunder tredjeparts distributionspartnere, leverand\u00f8rer og rejsearrang\u00f8rer, og enhver tredjepart, der driver ethvert websted, som vores hjemmesider indeholder et link. Ved at downloade, f\u00e5 adgang til eller bruge vores websteder eller give os oplysninger i forbindelse med vores websteder accepterer du vilk\u00e5rene og betingelserne i denne fortrolighedspolitik.<\/p>\n\n\n\n<h2 class=\"wp-block-heading\"><span class=\"ez-toc-section\" id=\"Hvilke_oplysninger_indsamler_vi\"><\/span><strong>Hvilke oplysninger indsamler vi?<\/strong><span class=\"ez-toc-section-end\"><\/span><\/h2>\n\n\n\n<p>Vi indsamler to typer oplysninger fra dig p\u00e5 vores websteder via e-mail og gennem vores tjenesteudbydere og distributionspartnere. Personlige oplysninger er oplysninger, der identificerer dig personligt, s\u00e5som dit navn og din e-mail-adresse. Vi indsamler ogs\u00e5 andre oplysninger, der ikke identificerer dig personligt, s\u00e5som k\u00f8n, bop\u00e6lsland og andre demografiske oplysninger.<\/p>\n\n\n\n<p>For at k\u00f8be vores produkter eller tjenester er det n\u00f8dvendigt for dig at videregive personlige oplysninger, herunder dit navn, adresse, e-mail-adresse, telefonnummer, kreditkortoplysninger og andre personligt identificerende oplysninger. Hvis du ikke giver personlige oplysninger, n\u00e5r du k\u00f8ber et af vores produkter eller tjenester, kan vi ikke bekr\u00e6fte dit k\u00f8b eller opfylde din reservation.<\/p>\n\n\n\n<p>N\u00e5r du tilmelder dig Guide to Greenland ApS, beder vi om grundl\u00e6ggende oplysninger inklusive dit navn og din e-mail-adresse og andre oplysninger, s\u00e5som din placering ved tilmelding. Hvis du opretter forbindelse til Guide to Greenland ApS ved hj\u00e6lp af Facebook, indsamler vi muligvis ogs\u00e5 oplysninger, som du har valgt at g\u00f8re tilg\u00e6ngelige i dine Facebook-privatlivsindstillinger, herunder personlige oplysninger s\u00e5som din Facebook-e-mail-adresse og Facebook-brugernavn, anden information s\u00e5som dit profilbillede og vennelister og andre personlige eller andre oplysninger, du har valgt at stille til r\u00e5dighed.<\/p>\n\n\n\n<p>N\u00e5r du bes\u00f8ger guidetogreenland.com eller nogen af \u200b\u200bvores tilknyttede websider, der hostes af os, genkender og indsamler vores webserver automatisk din IP-adresse, som er tildelt af din internetudbyder og identificerer dig ikke personligt. For at hj\u00e6lpe os med at analysere brugen af \u200b\u200bvores websteder og relaterede tjenester og sende mere relevant kommunikation til dig indsamler og holder vi ogs\u00e5 styr p\u00e5 anden information, s\u00e5som dine websides\u00f8gninger og bookinger. For eksempel, hvis du ofte bes\u00f8ger Paris og London, kan vi sende dig specielle meddelelser, der viser tilbud og popul\u00e6re produkter til disse destinationer. Hvis du abonnerer p\u00e5 en af \u200b\u200bvores e-mail-marketingkommunikationer &#8211; inklusive nyhedsbreve og destinationsalarmer, er det n\u00f8dvendigt for dig at videregive personlige oplysninger s\u00e5som dit navn og din e-mail-adresse og anden information s\u00e5som dit hjemland.<\/p>\n\n\n\n<p>I nogle tilf\u00e6lde kan vi ogs\u00e5 bede om anden information s\u00e5som demografiske data, herunder dit bop\u00e6lsland, k\u00f8n, alder, rejsevaner osv. Vi bruger ogs\u00e5 cookies (som diskuteret nedenfor) til at indsamle oplysninger om vores websides ydeevne og anvendelighed.<\/p>\n\n\n\n<p>Du kan bidrage til webstedet p\u00e5 en r\u00e6kke forskellige m\u00e5der, herunder at skrive anmeldelser, uploade fotos, udfylde din offentlige profil og vurdere andre brugeres bidrag. Vi gemmer muligvis disse bidrag (dit &#8220;indhold&#8221;), viser dem for andre brugere og bruger dem til salgsfremmende form\u00e5l. Bem\u00e6rk, at hvis du inkluderer personlige oplysninger i dit indhold, kan de bruges og ses af andre. Vi er ikke ansvarlige for de oplysninger, du v\u00e6lger at medtage i dit indhold.<\/p>\n\n\n\n<h2 class=\"wp-block-heading\"><span class=\"ez-toc-section\" id=\"Cookies\"><\/span><strong>Cookies<\/strong><span class=\"ez-toc-section-end\"><\/span><\/h2>\n\n\n\n<p>&#8220;Cookies&#8221; er stykker af information, der gemmes af din webbrowser p\u00e5 din computers harddisk til registrering. Cookies identificerer i sig selv kun din computer; de identificerer dig ikke personligt.<\/p>\n\n\n\n<p>F\u00f8rstepartscookies: P\u00e5 Guide to Greenland ApS bruger vi cookies til at gemme dine pr\u00e6ferencer, registrere sessionsoplysninger, indsamle oplysninger om, hvordan du bes\u00f8ger og f\u00e5r adgang til vores websteder, og til at skr\u00e6ddersy vores websider til dine behov. Vi bruger ogs\u00e5 cookies til at analysere og sikre effektiviteten af \u200b\u200bvores e-mail-kommunikation, webstedsfunktioner og tilbud og reklamer og spore kommissioner, vi tjener fra andre websteder.<\/p>\n\n\n\n<p>Tredjepartscookies: Vi bruger ogs\u00e5 tredjepartsannonceringsfirmaer til at vise annoncer, mens du bes\u00f8ger vores websteder, og vi tillader disse virksomheder at placere og f\u00e5 adgang til deres egne cookies p\u00e5 din computer i l\u00f8bet af visning af reklamer.&nbsp;S\u00e5danne annonc\u00f8rer har ikke adgang til de oplysninger, vi indsamler gennem Guide to Greenland ApS-cookies.&nbsp;Andre virksomheders brug af deres cookies er underlagt deres egne fortrolighedspolitikker og ikke vores.<\/p>\n\n\n\n<h2 class=\"wp-block-heading\"><span class=\"ez-toc-section\" id=\"Hvordan_vi_bruger_og_videregiver_dine_personlige_oplysninger\"><\/span><strong>Hvordan vi bruger og videregiver dine personlige oplysninger?<\/strong><span class=\"ez-toc-section-end\"><\/span><\/h2>\n\n\n\n<p>Vi bruger dine personlige oplysninger p\u00e5 f\u00f8lgende m\u00e5der:<\/p>\n\n\n\n<ul class=\"wp-block-list\"><li>For at give dig de oplysninger, du beder om og tilgodese dette i vores produkter<\/li><li>At sende dig e-mail-marketingbeskeder og -oplysninger<\/li><li>For at gennemf\u00f8re dine bookinger<\/li><li>For at bekr\u00e6fte dine k\u00f8b<\/li><li>For at sikre, at du faktureres korrekt<\/li><li>At m\u00e5le og spore demografiske detaljer om vores kunder<\/li><li>At m\u00e5lrette indhold p\u00e5 vores hjemmeside for bedre at matche dine interesser<\/li><li>At m\u00e5lrette det relevante indhold til e-mail-marketingbeskeder for bedre at matche dine interesser<\/li><\/ul>\n\n\n\n<p>Vi giver dig valg vedr\u00f8rende brug og videregivelse af dine personlige oplysninger til markedsf\u00f8ringsform\u00e5l.<\/p>\n\n\n\n<p>Hvis du opretter forbindelse til Guide to Greenland ApS ved hj\u00e6lp af Facebook, viser vi muligvis anmeldelser, fotos og ture, som dine Facebook-venner har sendt, delt, gemt eller k\u00f8bt p\u00e5 Guide to Greenland ApS. Bem\u00e6rk, at hvis du har Facebook-venner, der bruger Guide to Greenland ApS, kan de ogs\u00e5 dele oplysninger om dig med os via Facebook. Hvis du \u00f8nsker at forhindre denne deling, skal du gennemg\u00e5 dine Facebook-privatlivsindstillinger.<\/p>\n\n\n\n<p>Du kan ogs\u00e5 v\u00e6lge at f\u00e5 adgang til tredjeparts websteder og tjenester p\u00e5 sociale medier via Guide to Greenland ApS (s\u00e5som Facebook og Twitter). N\u00e5r du g\u00f8r det, deler du oplysninger med disse websteder, og de oplysninger, du deler, er underlagt deres privatlivspolitikker.<\/p>\n\n\n\n<p>Nogle af de personlige oplysninger, vi indsamler, deles med vores servicepartnere (f.eks. Rejsearrang\u00f8rer), der er direkte involveret i at gennemf\u00f8re de k\u00f8b, du har foretaget fra os. Vi giver kun vores tjenesteudbydere dit navn og dine lokale kontaktoplysninger, hvis du giver dem (f.eks. Dit hotelnavn til afhentning og drop-offs, dit lokale telefonnummer, dit mobiltelefonnummer osv.) Vi giver ikke vores tjenesteudbydere andre personlige oplysninger. Hvis du beslutter at give personlige oplysninger direkte til en tjenesteudbyder, anbefaler vi, at du gennemg\u00e5r tjenesteudbyderens privatlivspolitik for at bestemme, hvordan en s\u00e5dan tjenesteudbyder kan bruge eller videregive dine personlige oplysninger.<\/p>\n\n\n\n<p>Vi deler ogs\u00e5 dine personlige oplysninger med tredjeparter, der koncentrere sig om at give os marketing- og datarapporteringstjenester, der er bundet af en fortrolighedspligt og med andre tredjeparts marketingpartnere.<\/p>\n\n\n\n<p>Vi har i \u00f8jeblikket kontrakt med flere onlinepartnere fra tredjeparter for at hj\u00e6lpe med at styre og optimere vores internetforretning og kommunikation. Vi bruger tjenester fra tredjeparts marketingfirmaer for at hj\u00e6lpe os med at m\u00e5le effektiviteten af \u200b\u200bvores reklame og hvordan bes\u00f8gende bruger vores websted. For at g\u00f8re dette bruger vi web-beacons  og cookies leveret af s\u00e5danne marketingfirmaer i forbindelse med vores hjemmesider. De oplysninger, vi indsamler, hj\u00e6lper os med at l\u00e6re ting, s\u00e5som hvilke sider, der er mest attraktive for vores bes\u00f8gende, hvilke af vores produkter der mest interesserer vores kunder, og hvilke slags tilbud vores kunder gerne vil se.<\/p>\n\n\n\n<p>Vi kan ogs\u00e5 bruge eller videregive personlige oplysninger, som vi finder n\u00f8dvendige eller passende: (a) i henhold til g\u00e6ldende lovgivning, herunder love uden for dit bop\u00e6lsland; (b) at overholde den juridiske proces (c) at svare p\u00e5 anmodninger fra offentlige eller ikke-offentlige myndigheder, herunder offentlige eller ikke-offentlige myndigheder uden for dit bop\u00e6lsland; (d) at h\u00e5ndh\u00e6ve vores vilk\u00e5r og betingelser; (e) for at beskytte vores aktiviteter eller nogen af \u200b\u200bvores tilknyttede virksomheder; (f) for at beskytte vores rettigheder, privatlivets fred, sikkerhed eller ejendom eller vores tilknyttede selskabers, dig eller andres; eller (g) for at give os mulighed for at forf\u00f8lge tilg\u00e6ngelige retsmidler eller begr\u00e6nse de skader, vi m\u00e5tte lide.<\/p>\n\n\n\n<p>Vi m\u00e5 bruge og videregive andre oplysninger til ethvert form\u00e5l. I nogle tilf\u00e6lde kan vi kombinere anden information med personlige oplysninger (s\u00e5som at kombinere dit navn med din geografiske placering). Hvis vi kombinerer andre oplysninger med personlige oplysninger, behandles de kombinerede oplysninger af os som personlige oplysninger, s\u00e5 l\u00e6nge de er kombineret.<\/p>\n\n\n\n<h2 class=\"wp-block-heading\"><span class=\"ez-toc-section\" id=\"E-mail-kommunikation_du_kan_forvente_at_modtage_fra_Guide_to_Greenland_ApS\"><\/span><strong>E-mail-kommunikation, du kan forvente at modtage fra Guide to Greenland ApS<\/strong><span class=\"ez-toc-section-end\"><\/span><\/h2>\n\n\n\n<p>Vi sender muligvis markedsf\u00f8rings-e-mails med oplysninger om Guide to Greenland ApS-tilbud, destinations- og produktnyheder, konkurrencer, programmer osv. Og andre specielle kampagner, som vi mener, at du finder v\u00e6rdifulde, interessante eller informative. Vi giver dig valg vedr\u00f8rende vores brug af dine personlige oplysninger til markedsf\u00f8ringsform\u00e5l. Hvis du ikke l\u00e6ngere er interesseret i at modtage fremtidig e-mail-marketingkommunikation fra Guide to Greenland ApS, har du flere valgmuligheder for at frav\u00e6lge fremtidige e-mails:<\/p>\n\n\n\n<p>\u2022 Du kan til enhver tid afmelde dig, ved at f\u00f8lge anvisningerne og linket, der er inkluderet i hver e-mail-marketingbesked, vi sender.<\/p>\n\n\n\n<p>\u2022 Du kan sende en e-mail til sales@guidetogreenland.com og anmode om at blive afmeldt ved at medtage dit navn, din mail-adresse og ordene &#8220;afmeld&#8221; i emnet eller meddelelsesteksten.<\/p>\n\n\n\n<p>Bem\u00e6rk, at selvom du frav\u00e6lger modtagelse af fremtidig markedsf\u00f8ringskommunikation fra Guide to Greenland ApS, vil vi forts\u00e6tte med at sende dig e-mails vedr\u00f8rende dine k\u00f8b og bookinger og om administrative oplysninger s\u00e5som \u00e6ndringer i vores vilk\u00e5r, betingelser og politikker. Hvis du foretager en reservation eller k\u00f8ber p\u00e5 et af vores websteder, kan vi ogs\u00e5 sende dig information om nye produkter eller bede om din mening om vores hjemmesider osv., S\u00e5 vi kan forbedre vores service til dig og andre forbrugere.<\/p>\n\n\n\n<h2 class=\"wp-block-heading\"><span class=\"ez-toc-section\" id=\"Vores_distributionspartnere_og_leverandoerer\"><\/span><strong>Vores distributionspartnere og leverand\u00f8rer<\/strong><span class=\"ez-toc-section-end\"><\/span><\/h2>\n\n\n\n<p>Vores produkter stilles til r\u00e5dighed gennem vores tredjeparts distributionspartnere og leverand\u00f8rer. Vores distributionspartnere og leverand\u00f8rer kan have fortrolighedspolitikker, der adskiller sig fra Guide to Greenland ApS &#8216;fortrolighedspolitik.<\/p>\n\n\n\n<p>Nogle leverand\u00f8rer eller distributionspartnere kan operere i lande eller stater, der ikke har love eller regler til beskyttelse og beskyttelse af personlige oplysninger. Guide to Greenland ApS s\u00f8ger at tage rimelige skridt til at overtale alle sine leverand\u00f8rer og distributionspartnere til at vedtage og overholde fortrolighedspolitikker, der i det v\u00e6sentlige svarer til denne. V\u00e6r dog opm\u00e6rksom p\u00e5, at Guide to Greenland ApS ikke er i stand til at tvinge overholdelse, s\u00e5 vi vil stole p\u00e5 dig og vores andre kunder for at informere os, hvis dit privatliv ikke er tilstr\u00e6kkeligt beskyttet af vores leverand\u00f8rer eller distributionspartnere Guide to Greenland ApS kan derefter fors\u00f8ge at tage skridt (herunder at afbryde forholdet til kr\u00e6nkende leverand\u00f8rer eller distributionspartnere) for at hj\u00e6lpe med at forhindre andre begivenheder.<\/p>\n\n\n\n<h2 class=\"wp-block-heading\"><span class=\"ez-toc-section\" id=\"Vores_sikkerheds-_og_opbevaringsforanstaltninger\"><\/span><strong>Vores sikkerheds- og opbevaringsforanstaltninger<\/strong><span class=\"ez-toc-section-end\"><\/span><\/h2>\n\n\n\n<p>Hos Guide to Greenland ApS fors\u00f8ger vi at opretholde integriteten og sikkerheden af \u200b\u200bdine personlige oplysninger.<\/p>\n\n\n\n<p>Vi bruger industristandard krypteringsprotokoller, n\u00e5r vi modtager og overf\u00f8rer dine personlige oplysninger. Faktisk, n\u00e5r du sender personlige oplysninger til os over internettet, kr\u00e6ver vi f\u00f8rst, at der oprettes en &#8220;sikker session&#8221; ved hj\u00e6lp af Secure Socket Layer (SSL).<\/p>\n\n\n\n<p>Vi s\u00f8ger at gemme dine personlige oplysninger i sikre driftsmilj\u00f8er, der ikke er tilg\u00e6ngelige for offentligheden, og at have sikkerhedsforanstaltninger p\u00e5 vores fysiske faciliteter for at beskytte mod tab, misbrug eller \u00e6ndring af dine personlige oplysninger af vores medarbejdere eller tredjeparter.<\/p>\n\n\n\n<p>Imidlertid kan ingen datatransmission over internettet eller datalagringsmilj\u00f8 garanteres at v\u00e6re 100% sikker, s\u00e5 vi kan ikke give en absolut sikkerhed for, at de oplysninger, du giver os, vil v\u00e6re sikre til enhver tid.&nbsp;<\/p>\n\n\n\n<p>Guide to Greenland ApS holdes ikke ansvarlig for begivenheder, der opst\u00e5r som f\u00f8lge af uautoriseret adgang til dine personlige oplysninger. Guide to Greenland ApS vil stole p\u00e5, at du fort\u00e6ller os, hvis du oplever us\u00e6dvanlige h\u00e6ndelser, der kan indikere et brud p\u00e5 din informationssikkerhed. Vi vil derefter fors\u00f8ge at unders\u00f8ge, om sikkerhedsbruddet var relateret til dataoverf\u00f8rslerne fra eller til Guide to Greenland ApS og fort\u00e6lle dig, hvilke skridt der kan tages, eller er taget, for at hj\u00e6lpe med at l\u00f8se problemet. Yderligere handlinger, s\u00e5som rapportering af h\u00e6ndelser til politiet eller andre rette myndigheder, kan ogs\u00e5 v\u00e6re p\u00e5kr\u00e6vet.<\/p>\n\n\n\n<h2 class=\"wp-block-heading\"><span class=\"ez-toc-section\" id=\"Aendringer_i_vores_fortrolighedspolitik\"><\/span><strong>\u00c6ndringer i vores fortrolighedspolitik<\/strong><span class=\"ez-toc-section-end\"><\/span><\/h2>\n\n\n\n<p>Vi ved, at vores forretning vil forts\u00e6tte med at udvikle sig, n\u00e5r vi introducerer nye produkter, og som s\u00e5dan fra tid til anden kan denne fortrolighedspolitik blive revideret. Guide to Greenland ApS forbeholder sig ret til at \u00e6ndre denne fortrolighedspolitik ved at offentligg\u00f8re \u00e6ndringerne p\u00e5 sit websted.<\/p>\n","protected":false},"excerpt":{"rendered":"Ophavsret Guide to Greenland ApS respekterer andres immaterielle rettigheder og er forpligtet til at hj\u00e6lpe tredjeparter med at beskytte deres rettigheder. Vores vilk\u00e5r og betingelser forbyder brugere at sende indhold, der kr\u00e6nker en anden parts intellektuelle ejendomsrettigheder. N\u00e5r vi modtager en meddelelse om overtr\u00e6delse, fjerner eller deaktiverer vi straks adgangen til det angiveligt kr\u00e6nkende indhold&#8230;.","protected":false},"author":1,"featured_media":0,"parent":0,"menu_order":0,"comment_status":"closed","ping_status":"closed","template":"","meta":{"footnotes":""},"class_list":["post-14412","page","type-page","status-publish","hentry"],"acf":[],"yoast_head":"<!-- This site is optimized with the Yoast SEO plugin v25.6 - https:\/\/yoast.com\/wordpress\/plugins\/seo\/ -->\n<title>Ophavsret og privatliv | Guide to Greenland<\/title>\n<meta name=\"robots\" content=\"index, follow, max-snippet:-1, max-image-preview:large, max-video-preview:-1\" \/>\n<link rel=\"canonical\" href=\"https:\/\/guidetogreenland.com\/da\/ophavsret-og-privatliv\/\" \/>\n<meta property=\"og:locale\" content=\"da_DK\" \/>\n<meta property=\"og:type\" content=\"article\" \/>\n<meta property=\"og:title\" content=\"Ophavsret og privatliv | Guide to Greenland\" \/>\n<meta property=\"og:description\" content=\"Ophavsret Guide to Greenland ApS respekterer andres immaterielle rettigheder og er forpligtet til at hj\u00e6lpe tredjeparter med at beskytte deres rettigheder. Vores vilk\u00e5r og betingelser forbyder brugere at sende indhold, der kr\u00e6nker en anden parts intellektuelle ejendomsrettigheder. N\u00e5r vi modtager en meddelelse om overtr\u00e6delse, fjerner eller deaktiverer vi straks adgangen til det angiveligt kr\u00e6nkende indhold....\" \/>\n<meta property=\"og:url\" content=\"https:\/\/guidetogreenland.com\/da\/ophavsret-og-privatliv\/\" \/>\n<meta property=\"og:site_name\" content=\"Guide to Greenland\" \/>\n<meta property=\"article:modified_time\" content=\"2021-05-21T12:01:54+00:00\" \/>\n<meta name=\"twitter:card\" content=\"summary_large_image\" \/>\n<meta name=\"twitter:label1\" content=\"Estimeret l\u00e6setid\" \/>\n\t<meta name=\"twitter:data1\" content=\"10 minutter\" \/>\n<script type=\"application\/ld+json\" class=\"yoast-schema-graph\">{\"@context\":\"https:\/\/schema.org\",\"@graph\":[{\"@type\":\"WebPage\",\"@id\":\"https:\/\/guidetogreenland.com\/da\/ophavsret-og-privatliv\/\",\"url\":\"https:\/\/guidetogreenland.com\/da\/ophavsret-og-privatliv\/\",\"name\":\"Ophavsret og privatliv | Guide to Greenland\",\"isPartOf\":{\"@id\":\"https:\/\/guidetogreenland.com\/da\/#website\"},\"datePublished\":\"2020-06-22T13:36:56+00:00\",\"dateModified\":\"2021-05-21T12:01:54+00:00\",\"breadcrumb\":{\"@id\":\"https:\/\/guidetogreenland.com\/da\/ophavsret-og-privatliv\/#breadcrumb\"},\"inLanguage\":\"da-DK\",\"potentialAction\":[{\"@type\":\"ReadAction\",\"target\":[\"https:\/\/guidetogreenland.com\/da\/ophavsret-og-privatliv\/\"]}]},{\"@type\":\"BreadcrumbList\",\"@id\":\"https:\/\/guidetogreenland.com\/da\/ophavsret-og-privatliv\/#breadcrumb\",\"itemListElement\":[{\"@type\":\"ListItem\",\"position\":1,\"name\":\"Home\",\"item\":\"https:\/\/guidetogreenland.com\/da\/\"},{\"@type\":\"ListItem\",\"position\":2,\"name\":\"Ophavsret og privatliv\"}]},{\"@type\":\"WebSite\",\"@id\":\"https:\/\/guidetogreenland.com\/da\/#website\",\"url\":\"https:\/\/guidetogreenland.com\/da\/\",\"name\":\"Guide to Greenland\",\"description\":\"Largest selection of tours in Greenland\",\"potentialAction\":[{\"@type\":\"SearchAction\",\"target\":{\"@type\":\"EntryPoint\",\"urlTemplate\":\"https:\/\/guidetogreenland.com\/da\/?s={search_term_string}\"},\"query-input\":{\"@type\":\"PropertyValueSpecification\",\"valueRequired\":true,\"valueName\":\"search_term_string\"}}],\"inLanguage\":\"da-DK\"}]}<\/script>\n<!-- \/ Yoast SEO plugin. -->","yoast_head_json":{"title":"Ophavsret og privatliv | Guide to Greenland","robots":{"index":"index","follow":"follow","max-snippet":"max-snippet:-1","max-image-preview":"max-image-preview:large","max-video-preview":"max-video-preview:-1"},"canonical":"https:\/\/guidetogreenland.com\/da\/ophavsret-og-privatliv\/","og_locale":"da_DK","og_type":"article","og_title":"Ophavsret og privatliv | Guide to Greenland","og_description":"Ophavsret Guide to Greenland ApS respekterer andres immaterielle rettigheder og er forpligtet til at hj\u00e6lpe tredjeparter med at beskytte deres rettigheder. Vores vilk\u00e5r og betingelser forbyder brugere at sende indhold, der kr\u00e6nker en anden parts intellektuelle ejendomsrettigheder. N\u00e5r vi modtager en meddelelse om overtr\u00e6delse, fjerner eller deaktiverer vi straks adgangen til det angiveligt kr\u00e6nkende indhold....","og_url":"https:\/\/guidetogreenland.com\/da\/ophavsret-og-privatliv\/","og_site_name":"Guide to Greenland","article_modified_time":"2021-05-21T12:01:54+00:00","twitter_card":"summary_large_image","twitter_misc":{"Estimeret l\u00e6setid":"10 minutter"},"schema":{"@context":"https:\/\/schema.org","@graph":[{"@type":"WebPage","@id":"https:\/\/guidetogreenland.com\/da\/ophavsret-og-privatliv\/","url":"https:\/\/guidetogreenland.com\/da\/ophavsret-og-privatliv\/","name":"Ophavsret og privatliv | Guide to Greenland","isPartOf":{"@id":"https:\/\/guidetogreenland.com\/da\/#website"},"datePublished":"2020-06-22T13:36:56+00:00","dateModified":"2021-05-21T12:01:54+00:00","breadcrumb":{"@id":"https:\/\/guidetogreenland.com\/da\/ophavsret-og-privatliv\/#breadcrumb"},"inLanguage":"da-DK","potentialAction":[{"@type":"ReadAction","target":["https:\/\/guidetogreenland.com\/da\/ophavsret-og-privatliv\/"]}]},{"@type":"BreadcrumbList","@id":"https:\/\/guidetogreenland.com\/da\/ophavsret-og-privatliv\/#breadcrumb","itemListElement":[{"@type":"ListItem","position":1,"name":"Home","item":"https:\/\/guidetogreenland.com\/da\/"},{"@type":"ListItem","position":2,"name":"Ophavsret og privatliv"}]},{"@type":"WebSite","@id":"https:\/\/guidetogreenland.com\/da\/#website","url":"https:\/\/guidetogreenland.com\/da\/","name":"Guide to Greenland","description":"Largest selection of tours in Greenland","potentialAction":[{"@type":"SearchAction","target":{"@type":"EntryPoint","urlTemplate":"https:\/\/guidetogreenland.com\/da\/?s={search_term_string}"},"query-input":{"@type":"PropertyValueSpecification","valueRequired":true,"valueName":"search_term_string"}}],"inLanguage":"da-DK"}]}},"_links":{"self":[{"href":"https:\/\/guidetogreenland.com\/da\/wp-json\/wp\/v2\/pages\/14412","targetHints":{"allow":["GET"]}}],"collection":[{"href":"https:\/\/guidetogreenland.com\/da\/wp-json\/wp\/v2\/pages"}],"about":[{"href":"https:\/\/guidetogreenland.com\/da\/wp-json\/wp\/v2\/types\/page"}],"author":[{"embeddable":true,"href":"https:\/\/guidetogreenland.com\/da\/wp-json\/wp\/v2\/users\/1"}],"replies":[{"embeddable":true,"href":"https:\/\/guidetogreenland.com\/da\/wp-json\/wp\/v2\/comments?post=14412"}],"version-history":[{"count":0,"href":"https:\/\/guidetogreenland.com\/da\/wp-json\/wp\/v2\/pages\/14412\/revisions"}],"wp:attachment":[{"href":"https:\/\/guidetogreenland.com\/da\/wp-json\/wp\/v2\/media?parent=14412"}],"curies":[{"name":"wp","href":"https:\/\/api.w.org\/{rel}","templated":true}]}}