{"id":14654,"date":"2020-07-03T12:31:42","date_gmt":"2020-07-03T12:31:42","guid":{"rendered":"https:\/\/guidetogreenland.com\/accommodation-in-greenland\/"},"modified":"2021-05-21T09:29:47","modified_gmt":"2021-05-21T12:29:47","slug":"overnatning-i-gronland","status":"publish","type":"page","link":"https:\/\/guidetogreenland.com\/da\/overnatning-i-gronland\/","title":{"rendered":"OVERNATNING I GR\u00d8NLAND\u200b"},"content":{"rendered":"\n<div class=\"wp-block-buttons is-layout-flex wp-block-buttons-is-layout-flex\">\n<div class=\"wp-block-button has-custom-width wp-block-button__width-100\"><a class=\"wp-block-button__link\" href=\"mailto:info@guidetogreenland.com\">E-mail os om dine indkvarteringsbehov i Gr\u00f8nland<\/a><\/div>\n<\/div>\n\n\n\n<div style=\"height:45px\" aria-hidden=\"true\" class=\"wp-block-spacer\"><\/div>\n\n\n\n<h2 class=\"has-text-align-center wp-block-heading\"><span class=\"ez-toc-section\" id=\"Hvor_skal_man_bo_i_Groenland\"><\/span>Hvor skal man bo i Gr\u00f8nland?<span class=\"ez-toc-section-end\"><\/span><\/h2>\n\n\n\n<p>Gr\u00f8nland har en bred vifte af indkvarteringsmuligheder &#8211; fra 4-stjernede hoteller, til lejligheder, til Bed &amp; Breakfast, til f\u00e5reg\u00e5rdsophold til vandrehjem. Du kan endda blive indkvarteret i en iglo om vinteren!<\/p>\n\n\n\n<p>Vi arbejder med udbydere af boliger fra hele landet og kan nemt hj\u00e6lpe dig med at sikre den bedste pris. Fort\u00e6l os bare dinerejsedatoer, hvor mange mennesker samt det komfortniveau, du leder efter, s\u00e5 tager vi os af resten.<\/p>\n\n\n\n<div style=\"height:45px\" aria-hidden=\"true\" class=\"wp-block-spacer\"><\/div>\n\n\n\n<h2 class=\"has-text-align-center wp-block-heading\"><span class=\"ez-toc-section\" id=\"Saadan_vaelger_du_din_bolig\"><\/span>S\u00e5dan v\u00e6lger du din bolig<span class=\"ez-toc-section-end\"><\/span><\/h2>\n\n\n\n<p class=\"has-text-align-left\">Dit valg af indkvartering afh\u00e6nger af et par faktorer:<\/p>\n\n\n\n<div style=\"height:45px\" aria-hidden=\"true\" class=\"wp-block-spacer\"><\/div>\n\n\n\n<h2 class=\"has-text-align-center wp-block-heading\"><span class=\"ez-toc-section\" id=\"1_Hvor_skal_du_hen\"><\/span>1. Hvor skal du hen?<span class=\"ez-toc-section-end\"><\/span><\/h2>\n\n\n\n<p class=\"has-text-align-left\">De fleste af de st\u00f8rste byer omkring Gr\u00f8nland har mindst et hotel med 3+ stjerneklassifikation. Mange har ogs\u00e5 alternativ indkvartering, i form af meget komfortable lejligheder samt vandrehjem til de budgetbevidste.<\/p>\n\n\n\n<p class=\"has-text-align-left\">I de mindre bygder vil du sandsynligvis v\u00e6re begr\u00e6nset til enten et lille, privat hus eller en dele bolig, og du har muligvis ikke adgang til rindende vand, Hvis dette er tilf\u00e6ldet, vil der v\u00e6re kander og beholdere, som du kan fylde med vand fra vandpumpen. Hvis du vil tage et brusebad, skal du bruge et kommunalt hus. Din bolig vil sandsynligvis havet et t\u00f8rkloset, der best\u00e5r af en meget st\u00e6rk plastikpose, der skal bindes og s\u00e6ttes ud med f\u00e5 dages mellemrum.<\/p>\n\n\n\n<div style=\"height:45px\" aria-hidden=\"true\" class=\"wp-block-spacer\"><\/div>\n\n\n\n<h2 class=\"has-text-align-center wp-block-heading\"><span class=\"ez-toc-section\" id=\"2_Hvilket_komfortniveau_soeger_du\"><\/span>2. Hvilket komfortniveau s\u00f8ger du?<span class=\"ez-toc-section-end\"><\/span><\/h2>\n\n\n\n<p class=\"has-text-align-left\">Hvis du \u00f8nsker den h\u00f8jeste grad af komfort, er din bedste mulighed at bo i e af de st\u00f8rre bye p\u00e5 enten et hotel eller i en lejlighed. Der har du rindende vand og eget badev\u00e6relse med brusebad og toilet med skyl.&nbsp;<\/p>\n\n\n\n<p class=\"has-text-align-left\">Hvis du er glad for at dele et badev\u00e6relse og havet et mindre, mere grundl\u00e6ggende rum, tilbyder mange af de st\u00f8rre byer ogs\u00e5 \u00f8konomiske muligheder, der er rene og komfortable. Disse inkluderer ofte ogs\u00e5 et k\u00f8kken, s\u00e5 du kan lave mad til dig selv under dit ophold.<\/p>\n\n\n\n<p class=\"has-text-align-left\">Den bedste mulighed for budgetrejsende er at bo p\u00e5 et Hostel. Du vil sandsynligvis v\u00e6re indkvarteret p\u00e5 et kollegiev\u00e6relse og vil eventuelt komme til at dele det med andre rejsende, men et vandrehjem indeholder altid et k\u00f8kken og er en fantastisk m\u00e5de at m\u00f8de andre rejsende p\u00e5. Afh\u00e6ngigt af hvor du er indkvarteret, har du m\u00e5ske &#8211; eller m\u00e5ske ikke &#8211; rindende vand.&nbsp;<\/p>\n\n\n\n<div style=\"height:45px\" aria-hidden=\"true\" class=\"wp-block-spacer\"><\/div>\n\n\n\n<h2 class=\"has-text-align-center wp-block-heading\"><span class=\"ez-toc-section\" id=\"3_Unikke_oplevelser\"><\/span>3. Unikke oplevelser<span class=\"ez-toc-section-end\"><\/span><\/h2>\n\n\n\n<p class=\"has-text-align-left\">Gr\u00f8nland tilbyder flere unikke indkvarteringsoplevelser, herunder at overnatte i en iglo (kun vinter), opholde sig p\u00e5 en f\u00e5reg\u00e5rd (Sydgr\u00f8nland) og glampe i baglandet med udsigt over fjorde, isbjerge og gletsjere.&nbsp;<\/p>\n\n\n\n<p>Disse indkvarteringsmuligheder er ikke tilg\u00e6ngelige overalt, men hvis de passer til din rejseplan, er de bestemt en oplevelse og v\u00e6rd at huske!<\/p>\n","protected":false},"excerpt":{"rendered":"Hvor skal man bo i Gr\u00f8nland? Gr\u00f8nland har en bred vifte af indkvarteringsmuligheder &#8211; fra 4-stjernede hoteller, til lejligheder, til Bed &amp; Breakfast, til f\u00e5reg\u00e5rdsophold til vandrehjem. Du kan endda blive indkvarteret i en iglo om vinteren! Vi arbejder med udbydere af boliger fra hele landet og kan nemt hj\u00e6lpe dig med at sikre den&#8230;","protected":false},"author":5,"featured_media":0,"parent":0,"menu_order":0,"comment_status":"closed","ping_status":"closed","template":"template-page.php","meta":{"footnotes":""},"class_list":["post-14654","page","type-page","status-publish","hentry"],"acf":[],"yoast_head":"<!-- This site is optimized with the Yoast SEO plugin v25.6 - https:\/\/yoast.com\/wordpress\/plugins\/seo\/ -->\n<title>OVERNATNING I GR\u00d8NLAND\u200b | Guide to Greenland<\/title>\n<meta name=\"description\" content=\"Information about the type of accommodation in Greenland and what you can expect when you stay in each type in the different parts of the island.\" \/>\n<meta name=\"robots\" content=\"index, follow, max-snippet:-1, max-image-preview:large, max-video-preview:-1\" \/>\n<link rel=\"canonical\" href=\"https:\/\/guidetogreenland.com\/da\/overnatning-i-gronland\/\" \/>\n<meta property=\"og:locale\" content=\"da_DK\" \/>\n<meta property=\"og:type\" content=\"article\" \/>\n<meta property=\"og:title\" content=\"OVERNATNING I GR\u00d8NLAND\u200b | Guide to Greenland\" \/>\n<meta property=\"og:description\" content=\"Information about the type of accommodation in Greenland and what you can expect when you stay in each type in the different parts of the island.\" \/>\n<meta property=\"og:url\" content=\"https:\/\/guidetogreenland.com\/da\/overnatning-i-gronland\/\" \/>\n<meta property=\"og:site_name\" content=\"Guide to Greenland\" \/>\n<meta property=\"article:modified_time\" content=\"2021-05-21T12:29:47+00:00\" \/>\n<meta name=\"twitter:card\" content=\"summary_large_image\" \/>\n<meta name=\"twitter:label1\" content=\"Estimeret l\u00e6setid\" \/>\n\t<meta name=\"twitter:data1\" content=\"2 minutter\" \/>\n<script type=\"application\/ld+json\" class=\"yoast-schema-graph\">{\"@context\":\"https:\/\/schema.org\",\"@graph\":[{\"@type\":\"WebPage\",\"@id\":\"https:\/\/guidetogreenland.com\/da\/overnatning-i-gronland\/\",\"url\":\"https:\/\/guidetogreenland.com\/da\/overnatning-i-gronland\/\",\"name\":\"OVERNATNING I GR\u00d8NLAND\u200b | Guide to Greenland\",\"isPartOf\":{\"@id\":\"https:\/\/guidetogreenland.com\/da\/#website\"},\"datePublished\":\"2020-07-03T12:31:42+00:00\",\"dateModified\":\"2021-05-21T12:29:47+00:00\",\"description\":\"Information about the type of accommodation in Greenland and what you can expect when you stay in each type in the different parts of the island.\",\"breadcrumb\":{\"@id\":\"https:\/\/guidetogreenland.com\/da\/overnatning-i-gronland\/#breadcrumb\"},\"inLanguage\":\"da-DK\",\"potentialAction\":[{\"@type\":\"ReadAction\",\"target\":[\"https:\/\/guidetogreenland.com\/da\/overnatning-i-gronland\/\"]}]},{\"@type\":\"BreadcrumbList\",\"@id\":\"https:\/\/guidetogreenland.com\/da\/overnatning-i-gronland\/#breadcrumb\",\"itemListElement\":[{\"@type\":\"ListItem\",\"position\":1,\"name\":\"Home\",\"item\":\"https:\/\/guidetogreenland.com\/da\/\"},{\"@type\":\"ListItem\",\"position\":2,\"name\":\"OVERNATNING I GR\u00d8NLAND\u200b\"}]},{\"@type\":\"WebSite\",\"@id\":\"https:\/\/guidetogreenland.com\/da\/#website\",\"url\":\"https:\/\/guidetogreenland.com\/da\/\",\"name\":\"Guide to Greenland\",\"description\":\"Largest selection of tours in Greenland\",\"potentialAction\":[{\"@type\":\"SearchAction\",\"target\":{\"@type\":\"EntryPoint\",\"urlTemplate\":\"https:\/\/guidetogreenland.com\/da\/?s={search_term_string}\"},\"query-input\":{\"@type\":\"PropertyValueSpecification\",\"valueRequired\":true,\"valueName\":\"search_term_string\"}}],\"inLanguage\":\"da-DK\"}]}<\/script>\n<!-- \/ Yoast SEO plugin. -->","yoast_head_json":{"title":"OVERNATNING I GR\u00d8NLAND\u200b | Guide to Greenland","description":"Information about the type of accommodation in Greenland and what you can expect when you stay in each type in the different parts of the island.","robots":{"index":"index","follow":"follow","max-snippet":"max-snippet:-1","max-image-preview":"max-image-preview:large","max-video-preview":"max-video-preview:-1"},"canonical":"https:\/\/guidetogreenland.com\/da\/overnatning-i-gronland\/","og_locale":"da_DK","og_type":"article","og_title":"OVERNATNING I GR\u00d8NLAND\u200b | Guide to Greenland","og_description":"Information about the type of accommodation in Greenland and what you can expect when you stay in each type in the different parts of the island.","og_url":"https:\/\/guidetogreenland.com\/da\/overnatning-i-gronland\/","og_site_name":"Guide to Greenland","article_modified_time":"2021-05-21T12:29:47+00:00","twitter_card":"summary_large_image","twitter_misc":{"Estimeret l\u00e6setid":"2 minutter"},"schema":{"@context":"https:\/\/schema.org","@graph":[{"@type":"WebPage","@id":"https:\/\/guidetogreenland.com\/da\/overnatning-i-gronland\/","url":"https:\/\/guidetogreenland.com\/da\/overnatning-i-gronland\/","name":"OVERNATNING I GR\u00d8NLAND\u200b | Guide to Greenland","isPartOf":{"@id":"https:\/\/guidetogreenland.com\/da\/#website"},"datePublished":"2020-07-03T12:31:42+00:00","dateModified":"2021-05-21T12:29:47+00:00","description":"Information about the type of accommodation in Greenland and what you can expect when you stay in each type in the different parts of the island.","breadcrumb":{"@id":"https:\/\/guidetogreenland.com\/da\/overnatning-i-gronland\/#breadcrumb"},"inLanguage":"da-DK","potentialAction":[{"@type":"ReadAction","target":["https:\/\/guidetogreenland.com\/da\/overnatning-i-gronland\/"]}]},{"@type":"BreadcrumbList","@id":"https:\/\/guidetogreenland.com\/da\/overnatning-i-gronland\/#breadcrumb","itemListElement":[{"@type":"ListItem","position":1,"name":"Home","item":"https:\/\/guidetogreenland.com\/da\/"},{"@type":"ListItem","position":2,"name":"OVERNATNING I GR\u00d8NLAND\u200b"}]},{"@type":"WebSite","@id":"https:\/\/guidetogreenland.com\/da\/#website","url":"https:\/\/guidetogreenland.com\/da\/","name":"Guide to Greenland","description":"Largest selection of tours in Greenland","potentialAction":[{"@type":"SearchAction","target":{"@type":"EntryPoint","urlTemplate":"https:\/\/guidetogreenland.com\/da\/?s={search_term_string}"},"query-input":{"@type":"PropertyValueSpecification","valueRequired":true,"valueName":"search_term_string"}}],"inLanguage":"da-DK"}]}},"_links":{"self":[{"href":"https:\/\/guidetogreenland.com\/da\/wp-json\/wp\/v2\/pages\/14654","targetHints":{"allow":["GET"]}}],"collection":[{"href":"https:\/\/guidetogreenland.com\/da\/wp-json\/wp\/v2\/pages"}],"about":[{"href":"https:\/\/guidetogreenland.com\/da\/wp-json\/wp\/v2\/types\/page"}],"author":[{"embeddable":true,"href":"https:\/\/guidetogreenland.com\/da\/wp-json\/wp\/v2\/users\/5"}],"replies":[{"embeddable":true,"href":"https:\/\/guidetogreenland.com\/da\/wp-json\/wp\/v2\/comments?post=14654"}],"version-history":[{"count":0,"href":"https:\/\/guidetogreenland.com\/da\/wp-json\/wp\/v2\/pages\/14654\/revisions"}],"wp:attachment":[{"href":"https:\/\/guidetogreenland.com\/da\/wp-json\/wp\/v2\/media?parent=14654"}],"curies":[{"name":"wp","href":"https:\/\/api.w.org\/{rel}","templated":true}]}}