{"id":14660,"date":"2020-07-03T12:10:14","date_gmt":"2020-07-03T12:10:14","guid":{"rendered":"https:\/\/guidetogreenland.com\/rent-a-car-in-greenland\/"},"modified":"2021-05-21T09:28:15","modified_gmt":"2021-05-21T12:28:15","slug":"billeje-i-gronland","status":"publish","type":"page","link":"https:\/\/guidetogreenland.com\/da\/billeje-i-gronland\/","title":{"rendered":"BILLEJE I GR\u00d8NLAND\u200b"},"content":{"rendered":"\n<div class=\"wp-block-buttons is-layout-flex wp-block-buttons-is-layout-flex\">\n<div class=\"wp-block-button has-custom-width wp-block-button__width-100\"><a class=\"wp-block-button__link\" href=\"mailto:info@guidetogreenland.com\">E-mail os om dine biludlejningsbehov i Gr\u00f8nland<\/a><\/div>\n<\/div>\n\n\n\n<div style=\"height:45px\" aria-hidden=\"true\" class=\"wp-block-spacer\"><\/div>\n\n\n\n<h2 class=\"has-text-align-center wp-block-heading\">K\u00f8rsel i Gr\u00f8nland<\/h2>\n\n\n\n<p>K\u00f8rsel i Gr\u00f8nland er meget forskellige fra andre steder i verden. Den l\u00e6ngste vej er p\u00e5 ca. 51 km, der er ingen veje mellem byerne, og der er ingen bilf\u00e6rge til at transportere dit k\u00f8ret\u00f8j fra det ene sted til det n\u00e6ste. Du er derfor begr\u00e6nset til et lille omr\u00e5de omkring hver by. N\u00e5r det er sagt, s\u00e5 kan det med Gr\u00f8nlands arktiske vejrforhold v\u00e6re meget praktisk at leje en bil p\u00e5 dit bes\u00f8g. Kun Nuuk og Sisimiut har busforbindelse, men der er heller ikke altid sjovt at vente i kulden p\u00e5 en bus.&nbsp;<\/p>\n\n\n\n<p>Vi samarbejder med kvalitets biludlejningsfirmaer rundt om i landet, og kan nemt hj\u00e6lpe dig med at f\u00e5 den bedste pris.<\/p>\n\n\n\n<figure class=\"wp-block-image is-resized\"><img loading=\"lazy\" decoding=\"async\" src=\"https:\/\/guidetogreenland.com\/wp-content\/uploads\/2020\/05\/northern-lights-tour-nuuk-west-greenland-Guide-to-Greenland-10.jpg\" alt=\"\" width=\"798\" height=\"532\"\/><\/figure>\n\n\n\n<div style=\"height:45px\" aria-hidden=\"true\" class=\"wp-block-spacer\"><\/div>\n\n\n\n<h2 class=\"has-text-align-center wp-block-heading\">Tips til k\u00f8rsel i Gr\u00f8nland<\/h2>\n\n\n\n<p class=\"has-text-align-left\">I betragtning af hvor sm\u00e5 selv de st\u00f8rste byer i Gr\u00f8nland er, har du sj\u00e6ldent problemer med trafikbelastning eller ut\u00e5lmodige chauff\u00f8rer. De fleste chauff\u00f8rer er meget h\u00f8flige, og hvis du undg\u00e5r myldretid (som i Nuuk varer cirka 15 minutter), vil du finde det ret stressfrit at k\u00f8re i Gr\u00f8nland.&nbsp;<\/p>\n\n\n\n<p class=\"has-text-align-left\">De vigtigste ting at v\u00e6re opm\u00e6rksom p\u00e5, hvis du bes\u00f8ger Gr\u00f8nland om vinteren, er vejenes sne og isforhold. Bilerne er udstyret med vinterd\u00e6k, vejene er generelt godt ryddet, og der gives hastighed, der passer til forholdene. Hvis du er i tvivl, skal du k\u00f8re langsomt og v\u00e6re opm\u00e6rksom, hvis du oplever at der er glat.&nbsp;<\/p>\n\n\n\n<p class=\"has-text-align-left\">Hold \u00f8je med krydsene forg\u00e6ngere! Fodg\u00e6ngerfeltet kan v\u00e6re markeret med linjer p\u00e5 vejen, men disse er ikke synlige, n\u00e5r de er d\u00e6kket af sne. Fodg\u00e6ngerfeltet er ogs\u00e5 signaleret med et bl\u00e5t og hvidt skilt p\u00e5 begge sider af vejen.<\/p>\n\n\n\n<p class=\"has-text-align-left\">Giv plads til hundesl\u00e6der. Hvis du er over polarcirklen eller i \u00d8stgr\u00f8nland om vinteren, skal du huske, at hundesl\u00e6der altid har ret til at v\u00e6re der.<\/p>\n\n\n\n<div style=\"height:45px\" aria-hidden=\"true\" class=\"wp-block-spacer\"><\/div>\n\n\n\n<h2 class=\"has-text-align-center wp-block-heading\">Regler og regulationer<\/h2>\n\n\n\n<p class=\"has-text-align-left\">K\u00f8rselslovgivningen i Gr\u00f8nland kan v\u00e6re forskellig fra dit hjemlands lovgivning, s\u00e5 s\u00f8rg for at tage f\u00f8lgende i betragning:<\/p>\n\n\n\n<ul class=\"wp-block-list\"><li style=\"text-align: left;\">K\u00f8r p\u00e5 h\u00f8jre side af vejen<\/li><li style=\"text-align: left;\">Minimumsalderen er 18, og et gyldigt k\u00f8rekort er p\u00e5kr\u00e6vet. Hvis dit k\u00f8rekort ikke er skrevet med det latinske alfabet, skal du havet et internationalt k\u00f8rekort.&nbsp;<\/li><li style=\"text-align: left;\">I de fleste byer er hastighedsgr\u00e6nsen 40 km\/t. Hvis du k\u00f8rer i Nuuk &#8211; er der nogle veje, hvor hastighedsbegr\u00e6nsingen \u00e6ndres til 60 km\/t. Hold \u00f8je med de skiftende hastighedsbegr\u00e6nsninger, da du risikerer at f\u00e5 en b\u00f8de, hvis du overskrider dem.<\/li><li style=\"text-align: left;\">Af sikkerhedsm\u00e6ssige og juridiske \u00e5rsager skal chauff\u00f8rer altid have forlygterne t\u00e6ndt, og alle passagerer skal b\u00e6re sikkerhedssele.<\/li><li style=\"text-align: left;\">Som alle andre steder i verden er det forbudt at k\u00f8re, hvis du er under indflydelse af alkohol eller narkotika eller hvis du bruger en mobiltelefon under k\u00f8rsel. Bliver du set af politiet, f\u00e5r du en b\u00f8de.<\/li><\/ul>\n\n\n\n<p class=\"has-text-align-left\">Nyd dit ophold og k\u00f8r med omhu!<\/p>\n","protected":false},"excerpt":{"rendered":"K\u00f8rsel i Gr\u00f8nland K\u00f8rsel i Gr\u00f8nland er meget forskellige fra andre steder i verden. Den l\u00e6ngste vej er p\u00e5 ca. 51 km, der er ingen veje mellem byerne, og der er ingen bilf\u00e6rge til at transportere dit k\u00f8ret\u00f8j fra det ene sted til det n\u00e6ste. Du er derfor begr\u00e6nset til et lille omr\u00e5de omkring hver&#8230;","protected":false},"author":5,"featured_media":0,"parent":0,"menu_order":0,"comment_status":"closed","ping_status":"closed","template":"template-page.php","meta":{"footnotes":""},"class_list":["post-14660","page","type-page","status-publish","hentry"],"acf":[],"yoast_head":"<!-- This site is optimized with the Yoast SEO plugin v25.6 - https:\/\/yoast.com\/wordpress\/plugins\/seo\/ -->\n<title>BILLEJE I GR\u00d8NLAND\u200b | Guide to Greenland<\/title>\n<meta name=\"description\" content=\"The easiest way to rent a car in Greenland as well as some important information about driving, and tips for driving in the arctic.\" \/>\n<meta name=\"robots\" content=\"index, follow, max-snippet:-1, max-image-preview:large, max-video-preview:-1\" \/>\n<link rel=\"canonical\" href=\"https:\/\/guidetogreenland.com\/da\/billeje-i-gronland\/\" \/>\n<meta property=\"og:locale\" content=\"da_DK\" \/>\n<meta property=\"og:type\" content=\"article\" \/>\n<meta property=\"og:title\" content=\"BILLEJE I GR\u00d8NLAND\u200b | Guide to Greenland\" \/>\n<meta property=\"og:description\" content=\"The easiest way to rent a car in Greenland as well as some important information about driving, and tips for driving in the arctic.\" \/>\n<meta property=\"og:url\" content=\"https:\/\/guidetogreenland.com\/da\/billeje-i-gronland\/\" \/>\n<meta property=\"og:site_name\" content=\"Guide to Greenland\" \/>\n<meta property=\"article:modified_time\" content=\"2021-05-21T12:28:15+00:00\" \/>\n<meta property=\"og:image\" content=\"https:\/\/guidetogreenland.com\/wp-content\/uploads\/2020\/05\/northern-lights-tour-nuuk-west-greenland-Guide-to-Greenland-10.jpg\" \/>\n<meta name=\"twitter:card\" content=\"summary_large_image\" \/>\n<meta name=\"twitter:label1\" content=\"Estimeret l\u00e6setid\" \/>\n\t<meta name=\"twitter:data1\" content=\"3 minutter\" \/>\n<script type=\"application\/ld+json\" class=\"yoast-schema-graph\">{\"@context\":\"https:\/\/schema.org\",\"@graph\":[{\"@type\":\"WebPage\",\"@id\":\"https:\/\/guidetogreenland.com\/da\/billeje-i-gronland\/\",\"url\":\"https:\/\/guidetogreenland.com\/da\/billeje-i-gronland\/\",\"name\":\"BILLEJE I GR\u00d8NLAND\u200b | Guide to Greenland\",\"isPartOf\":{\"@id\":\"https:\/\/guidetogreenland.com\/da\/#website\"},\"primaryImageOfPage\":{\"@id\":\"https:\/\/guidetogreenland.com\/da\/billeje-i-gronland\/#primaryimage\"},\"image\":{\"@id\":\"https:\/\/guidetogreenland.com\/da\/billeje-i-gronland\/#primaryimage\"},\"thumbnailUrl\":\"https:\/\/guidetogreenland.com\/wp-content\/uploads\/2020\/05\/northern-lights-tour-nuuk-west-greenland-Guide-to-Greenland-10.jpg\",\"datePublished\":\"2020-07-03T12:10:14+00:00\",\"dateModified\":\"2021-05-21T12:28:15+00:00\",\"description\":\"The easiest way to rent a car in Greenland as well as some important information about driving, and tips for driving in the arctic.\",\"breadcrumb\":{\"@id\":\"https:\/\/guidetogreenland.com\/da\/billeje-i-gronland\/#breadcrumb\"},\"inLanguage\":\"da-DK\",\"potentialAction\":[{\"@type\":\"ReadAction\",\"target\":[\"https:\/\/guidetogreenland.com\/da\/billeje-i-gronland\/\"]}]},{\"@type\":\"ImageObject\",\"inLanguage\":\"da-DK\",\"@id\":\"https:\/\/guidetogreenland.com\/da\/billeje-i-gronland\/#primaryimage\",\"url\":\"https:\/\/guidetogreenland.com\/wp-content\/uploads\/2020\/05\/northern-lights-tour-nuuk-west-greenland-Guide-to-Greenland-10.jpg\",\"contentUrl\":\"https:\/\/guidetogreenland.com\/wp-content\/uploads\/2020\/05\/northern-lights-tour-nuuk-west-greenland-Guide-to-Greenland-10.jpg\"},{\"@type\":\"BreadcrumbList\",\"@id\":\"https:\/\/guidetogreenland.com\/da\/billeje-i-gronland\/#breadcrumb\",\"itemListElement\":[{\"@type\":\"ListItem\",\"position\":1,\"name\":\"Home\",\"item\":\"https:\/\/guidetogreenland.com\/da\/\"},{\"@type\":\"ListItem\",\"position\":2,\"name\":\"BILLEJE I GR\u00d8NLAND\u200b\"}]},{\"@type\":\"WebSite\",\"@id\":\"https:\/\/guidetogreenland.com\/da\/#website\",\"url\":\"https:\/\/guidetogreenland.com\/da\/\",\"name\":\"Guide to Greenland\",\"description\":\"Largest selection of tours in Greenland\",\"potentialAction\":[{\"@type\":\"SearchAction\",\"target\":{\"@type\":\"EntryPoint\",\"urlTemplate\":\"https:\/\/guidetogreenland.com\/da\/?s={search_term_string}\"},\"query-input\":{\"@type\":\"PropertyValueSpecification\",\"valueRequired\":true,\"valueName\":\"search_term_string\"}}],\"inLanguage\":\"da-DK\"}]}<\/script>\n<!-- \/ Yoast SEO plugin. -->","yoast_head_json":{"title":"BILLEJE I GR\u00d8NLAND\u200b | Guide to Greenland","description":"The easiest way to rent a car in Greenland as well as some important information about driving, and tips for driving in the arctic.","robots":{"index":"index","follow":"follow","max-snippet":"max-snippet:-1","max-image-preview":"max-image-preview:large","max-video-preview":"max-video-preview:-1"},"canonical":"https:\/\/guidetogreenland.com\/da\/billeje-i-gronland\/","og_locale":"da_DK","og_type":"article","og_title":"BILLEJE I GR\u00d8NLAND\u200b | Guide to Greenland","og_description":"The easiest way to rent a car in Greenland as well as some important information about driving, and tips for driving in the arctic.","og_url":"https:\/\/guidetogreenland.com\/da\/billeje-i-gronland\/","og_site_name":"Guide to Greenland","article_modified_time":"2021-05-21T12:28:15+00:00","og_image":[{"url":"https:\/\/guidetogreenland.com\/wp-content\/uploads\/2020\/05\/northern-lights-tour-nuuk-west-greenland-Guide-to-Greenland-10.jpg","type":"","width":"","height":""}],"twitter_card":"summary_large_image","twitter_misc":{"Estimeret l\u00e6setid":"3 minutter"},"schema":{"@context":"https:\/\/schema.org","@graph":[{"@type":"WebPage","@id":"https:\/\/guidetogreenland.com\/da\/billeje-i-gronland\/","url":"https:\/\/guidetogreenland.com\/da\/billeje-i-gronland\/","name":"BILLEJE I GR\u00d8NLAND\u200b | Guide to Greenland","isPartOf":{"@id":"https:\/\/guidetogreenland.com\/da\/#website"},"primaryImageOfPage":{"@id":"https:\/\/guidetogreenland.com\/da\/billeje-i-gronland\/#primaryimage"},"image":{"@id":"https:\/\/guidetogreenland.com\/da\/billeje-i-gronland\/#primaryimage"},"thumbnailUrl":"https:\/\/guidetogreenland.com\/wp-content\/uploads\/2020\/05\/northern-lights-tour-nuuk-west-greenland-Guide-to-Greenland-10.jpg","datePublished":"2020-07-03T12:10:14+00:00","dateModified":"2021-05-21T12:28:15+00:00","description":"The easiest way to rent a car in Greenland as well as some important information about driving, and tips for driving in the arctic.","breadcrumb":{"@id":"https:\/\/guidetogreenland.com\/da\/billeje-i-gronland\/#breadcrumb"},"inLanguage":"da-DK","potentialAction":[{"@type":"ReadAction","target":["https:\/\/guidetogreenland.com\/da\/billeje-i-gronland\/"]}]},{"@type":"ImageObject","inLanguage":"da-DK","@id":"https:\/\/guidetogreenland.com\/da\/billeje-i-gronland\/#primaryimage","url":"https:\/\/guidetogreenland.com\/wp-content\/uploads\/2020\/05\/northern-lights-tour-nuuk-west-greenland-Guide-to-Greenland-10.jpg","contentUrl":"https:\/\/guidetogreenland.com\/wp-content\/uploads\/2020\/05\/northern-lights-tour-nuuk-west-greenland-Guide-to-Greenland-10.jpg"},{"@type":"BreadcrumbList","@id":"https:\/\/guidetogreenland.com\/da\/billeje-i-gronland\/#breadcrumb","itemListElement":[{"@type":"ListItem","position":1,"name":"Home","item":"https:\/\/guidetogreenland.com\/da\/"},{"@type":"ListItem","position":2,"name":"BILLEJE I GR\u00d8NLAND\u200b"}]},{"@type":"WebSite","@id":"https:\/\/guidetogreenland.com\/da\/#website","url":"https:\/\/guidetogreenland.com\/da\/","name":"Guide to Greenland","description":"Largest selection of tours in Greenland","potentialAction":[{"@type":"SearchAction","target":{"@type":"EntryPoint","urlTemplate":"https:\/\/guidetogreenland.com\/da\/?s={search_term_string}"},"query-input":{"@type":"PropertyValueSpecification","valueRequired":true,"valueName":"search_term_string"}}],"inLanguage":"da-DK"}]}},"_links":{"self":[{"href":"https:\/\/guidetogreenland.com\/da\/wp-json\/wp\/v2\/pages\/14660","targetHints":{"allow":["GET"]}}],"collection":[{"href":"https:\/\/guidetogreenland.com\/da\/wp-json\/wp\/v2\/pages"}],"about":[{"href":"https:\/\/guidetogreenland.com\/da\/wp-json\/wp\/v2\/types\/page"}],"author":[{"embeddable":true,"href":"https:\/\/guidetogreenland.com\/da\/wp-json\/wp\/v2\/users\/5"}],"replies":[{"embeddable":true,"href":"https:\/\/guidetogreenland.com\/da\/wp-json\/wp\/v2\/comments?post=14660"}],"version-history":[{"count":0,"href":"https:\/\/guidetogreenland.com\/da\/wp-json\/wp\/v2\/pages\/14660\/revisions"}],"wp:attachment":[{"href":"https:\/\/guidetogreenland.com\/da\/wp-json\/wp\/v2\/media?parent=14660"}],"curies":[{"name":"wp","href":"https:\/\/api.w.org\/{rel}","templated":true}]}}