{"id":30255,"date":"2022-10-03T10:34:54","date_gmt":"2022-10-03T13:34:54","guid":{"rendered":"https:\/\/guidetogreenland.com\/?page_id=30255"},"modified":"2024-07-24T07:12:26","modified_gmt":"2024-07-24T10:12:26","slug":"service-vilkaar-tur-side","status":"publish","type":"page","link":"https:\/\/guidetogreenland.com\/da\/service-vilkaar-tur-side\/","title":{"rendered":"Service vilk\u00e5r &#8211; Tur side"},"content":{"rendered":"\n<p>Vores kunder er grundlaget for Guide to Greenland, s\u00e5 vi g\u00f8r en stor indsats for at give dig den bedst mulige service.<\/p>\n\n\n\n<p>Vi er beliggende i Gr\u00f8nland og samarbejder med alle involverede i den gr\u00f8nlandske turistindustri. Vi er derfor perfekt placeret til hurtigt at kunne reagere p\u00e5 \u00e6ndringer eller nye \u00f8nsker, som du m\u00e5tte have, for at sikre at du har en rejse for livet.<\/p>\n\n\n\n<p><strong>BOOK TIDLIGT<\/strong><br>Jo tidligere du bestiller din rejse, des bedre vil priserne v\u00e6re, og jo mere sandsynligt vil du v\u00e6re i stand til at booke den \u00f8nskede tur til de datoer \/ tidspunkter, du \u00f8nsker.<\/p>\n\n\n\n<p>Pakketure kan v\u00e6re udsolgt mere end et halvt \u00e5r i forvejen (bem\u00e6rk, at Guide to Greenland ikke inkluderer internationale flyvninger i pakker, undtagen hvis det er angivet fra Island eller Danmark). Dagsture er m\u00e5ske udsolgt t\u00e6t p\u00e5 din ankomstdato, men for popul\u00e6re destinationer kan visse datoer \/ tidspunkter ogs\u00e5 v\u00e6re udsolgt m\u00e5neder i forvejen. Vi anbefaler derfor, at du sikrer alle dine oplevelser, ved at booke dem i god tid inden din rejse.<\/p>\n\n\n\n<p><strong>ANNULLERINGER<\/strong><br>Alle aflysninger skal foretages via e-mail.<\/p>\n\n\n\n<p>Selvom Guide to Greenland er forpligtet til at sikre vores kunder den bedste beskyttelse og service i tilf\u00e6lde af aflysning, er vi forpligtet til at opkr\u00e6ve afbestillingsgebyrer. Dette er i overensstemmelse med de gr\u00f8nlandske forretningsbrancher. Detaljer kan findes i vores generelle afbestillingspolitik<\/p>\n\n\n\n<p><\/p>\n\n\n\n<p><\/p>\n","protected":false},"excerpt":{"rendered":"Vores kunder er grundlaget for Guide to Greenland, s\u00e5 vi g\u00f8r en stor indsats for at give dig den bedst mulige service. Vi er beliggende i Gr\u00f8nland og samarbejder med alle involverede i den gr\u00f8nlandske turistindustri. Vi er derfor perfekt placeret til hurtigt at kunne reagere p\u00e5 \u00e6ndringer eller nye \u00f8nsker, som du m\u00e5tte have,&#8230;","protected":false},"author":1,"featured_media":0,"parent":0,"menu_order":0,"comment_status":"closed","ping_status":"closed","template":"","meta":{"footnotes":""},"class_list":["post-30255","page","type-page","status-publish","hentry"],"acf":[],"yoast_head":"<!-- This site is optimized with the Yoast SEO plugin v25.6 - https:\/\/yoast.com\/wordpress\/plugins\/seo\/ -->\n<title>Service vilk\u00e5r - Tur side | Guide to Greenland<\/title>\n<meta name=\"robots\" content=\"index, follow, max-snippet:-1, max-image-preview:large, max-video-preview:-1\" \/>\n<link rel=\"canonical\" href=\"https:\/\/guidetogreenland.com\/da\/service-vilkaar-tur-side\/\" \/>\n<meta property=\"og:locale\" content=\"da_DK\" \/>\n<meta property=\"og:type\" content=\"article\" \/>\n<meta property=\"og:title\" content=\"Service vilk\u00e5r - Tur side | Guide to Greenland\" \/>\n<meta property=\"og:description\" content=\"Vores kunder er grundlaget for Guide to Greenland, s\u00e5 vi g\u00f8r en stor indsats for at give dig den bedst mulige service. Vi er beliggende i Gr\u00f8nland og samarbejder med alle involverede i den gr\u00f8nlandske turistindustri. Vi er derfor perfekt placeret til hurtigt at kunne reagere p\u00e5 \u00e6ndringer eller nye \u00f8nsker, som du m\u00e5tte have,...\" \/>\n<meta property=\"og:url\" content=\"https:\/\/guidetogreenland.com\/da\/service-vilkaar-tur-side\/\" \/>\n<meta property=\"og:site_name\" content=\"Guide to Greenland\" \/>\n<meta property=\"article:modified_time\" content=\"2024-07-24T10:12:26+00:00\" \/>\n<meta name=\"twitter:card\" content=\"summary_large_image\" \/>\n<meta name=\"twitter:label1\" content=\"Estimeret l\u00e6setid\" \/>\n\t<meta name=\"twitter:data1\" content=\"1 minut\" \/>\n<script type=\"application\/ld+json\" class=\"yoast-schema-graph\">{\"@context\":\"https:\/\/schema.org\",\"@graph\":[{\"@type\":\"WebPage\",\"@id\":\"https:\/\/guidetogreenland.com\/da\/service-vilkaar-tur-side\/\",\"url\":\"https:\/\/guidetogreenland.com\/da\/service-vilkaar-tur-side\/\",\"name\":\"Service vilk\u00e5r - Tur side | Guide to Greenland\",\"isPartOf\":{\"@id\":\"https:\/\/guidetogreenland.com\/da\/#website\"},\"datePublished\":\"2022-10-03T13:34:54+00:00\",\"dateModified\":\"2024-07-24T10:12:26+00:00\",\"breadcrumb\":{\"@id\":\"https:\/\/guidetogreenland.com\/da\/service-vilkaar-tur-side\/#breadcrumb\"},\"inLanguage\":\"da-DK\",\"potentialAction\":[{\"@type\":\"ReadAction\",\"target\":[\"https:\/\/guidetogreenland.com\/da\/service-vilkaar-tur-side\/\"]}]},{\"@type\":\"BreadcrumbList\",\"@id\":\"https:\/\/guidetogreenland.com\/da\/service-vilkaar-tur-side\/#breadcrumb\",\"itemListElement\":[{\"@type\":\"ListItem\",\"position\":1,\"name\":\"Home\",\"item\":\"https:\/\/guidetogreenland.com\/da\/\"},{\"@type\":\"ListItem\",\"position\":2,\"name\":\"Service vilk\u00e5r &#8211; Tur side\"}]},{\"@type\":\"WebSite\",\"@id\":\"https:\/\/guidetogreenland.com\/da\/#website\",\"url\":\"https:\/\/guidetogreenland.com\/da\/\",\"name\":\"Guide to Greenland\",\"description\":\"Largest selection of tours in Greenland\",\"potentialAction\":[{\"@type\":\"SearchAction\",\"target\":{\"@type\":\"EntryPoint\",\"urlTemplate\":\"https:\/\/guidetogreenland.com\/da\/?s={search_term_string}\"},\"query-input\":{\"@type\":\"PropertyValueSpecification\",\"valueRequired\":true,\"valueName\":\"search_term_string\"}}],\"inLanguage\":\"da-DK\"}]}<\/script>\n<!-- \/ Yoast SEO plugin. -->","yoast_head_json":{"title":"Service vilk\u00e5r - Tur side | Guide to Greenland","robots":{"index":"index","follow":"follow","max-snippet":"max-snippet:-1","max-image-preview":"max-image-preview:large","max-video-preview":"max-video-preview:-1"},"canonical":"https:\/\/guidetogreenland.com\/da\/service-vilkaar-tur-side\/","og_locale":"da_DK","og_type":"article","og_title":"Service vilk\u00e5r - Tur side | Guide to Greenland","og_description":"Vores kunder er grundlaget for Guide to Greenland, s\u00e5 vi g\u00f8r en stor indsats for at give dig den bedst mulige service. Vi er beliggende i Gr\u00f8nland og samarbejder med alle involverede i den gr\u00f8nlandske turistindustri. Vi er derfor perfekt placeret til hurtigt at kunne reagere p\u00e5 \u00e6ndringer eller nye \u00f8nsker, som du m\u00e5tte have,...","og_url":"https:\/\/guidetogreenland.com\/da\/service-vilkaar-tur-side\/","og_site_name":"Guide to Greenland","article_modified_time":"2024-07-24T10:12:26+00:00","twitter_card":"summary_large_image","twitter_misc":{"Estimeret l\u00e6setid":"1 minut"},"schema":{"@context":"https:\/\/schema.org","@graph":[{"@type":"WebPage","@id":"https:\/\/guidetogreenland.com\/da\/service-vilkaar-tur-side\/","url":"https:\/\/guidetogreenland.com\/da\/service-vilkaar-tur-side\/","name":"Service vilk\u00e5r - Tur side | Guide to Greenland","isPartOf":{"@id":"https:\/\/guidetogreenland.com\/da\/#website"},"datePublished":"2022-10-03T13:34:54+00:00","dateModified":"2024-07-24T10:12:26+00:00","breadcrumb":{"@id":"https:\/\/guidetogreenland.com\/da\/service-vilkaar-tur-side\/#breadcrumb"},"inLanguage":"da-DK","potentialAction":[{"@type":"ReadAction","target":["https:\/\/guidetogreenland.com\/da\/service-vilkaar-tur-side\/"]}]},{"@type":"BreadcrumbList","@id":"https:\/\/guidetogreenland.com\/da\/service-vilkaar-tur-side\/#breadcrumb","itemListElement":[{"@type":"ListItem","position":1,"name":"Home","item":"https:\/\/guidetogreenland.com\/da\/"},{"@type":"ListItem","position":2,"name":"Service vilk\u00e5r &#8211; Tur side"}]},{"@type":"WebSite","@id":"https:\/\/guidetogreenland.com\/da\/#website","url":"https:\/\/guidetogreenland.com\/da\/","name":"Guide to Greenland","description":"Largest selection of tours in Greenland","potentialAction":[{"@type":"SearchAction","target":{"@type":"EntryPoint","urlTemplate":"https:\/\/guidetogreenland.com\/da\/?s={search_term_string}"},"query-input":{"@type":"PropertyValueSpecification","valueRequired":true,"valueName":"search_term_string"}}],"inLanguage":"da-DK"}]}},"_links":{"self":[{"href":"https:\/\/guidetogreenland.com\/da\/wp-json\/wp\/v2\/pages\/30255","targetHints":{"allow":["GET"]}}],"collection":[{"href":"https:\/\/guidetogreenland.com\/da\/wp-json\/wp\/v2\/pages"}],"about":[{"href":"https:\/\/guidetogreenland.com\/da\/wp-json\/wp\/v2\/types\/page"}],"author":[{"embeddable":true,"href":"https:\/\/guidetogreenland.com\/da\/wp-json\/wp\/v2\/users\/1"}],"replies":[{"embeddable":true,"href":"https:\/\/guidetogreenland.com\/da\/wp-json\/wp\/v2\/comments?post=30255"}],"version-history":[{"count":5,"href":"https:\/\/guidetogreenland.com\/da\/wp-json\/wp\/v2\/pages\/30255\/revisions"}],"predecessor-version":[{"id":58747,"href":"https:\/\/guidetogreenland.com\/da\/wp-json\/wp\/v2\/pages\/30255\/revisions\/58747"}],"wp:attachment":[{"href":"https:\/\/guidetogreenland.com\/da\/wp-json\/wp\/v2\/media?parent=30255"}],"curies":[{"name":"wp","href":"https:\/\/api.w.org\/{rel}","templated":true}]}}