{"id":12556,"date":"2020-06-19T15:44:26","date_gmt":"2020-06-19T15:44:26","guid":{"rendered":"https:\/\/guidetogreenland.com\/book-trips-holiday\/a-day-in-the-life-of-a-greenlandic-fisherman-nuuk\/"},"modified":"2020-12-17T15:26:34","modified_gmt":"2020-12-17T15:26:34","slug":"a-day-in-the-life-of-a-greenlandic-fisherman-nuuk","status":"publish","type":"product","link":"https:\/\/guidetogreenland.com\/da\/reserver-ferie-rejser\/fisker-for-en-dag-nuuk\/","title":{"rendered":"Fisker for \u00e9n dag | Nuuk"},"content":{"rendered":"<p class=\"x-18pep25\">Oplev at v\u00e6re fisker for en dag i hovedstadsomr\u00e5det! Ligesom alle de Gr\u00f8nlandske byer og bygder ligger Nuuk ved kysten, og er omringet af en fantastisk natur og mange muligheder for at sejle ud.<\/p>\n<p class=\"e1imf5dp0 x-jm2771\">Gr\u00f8nlands st\u00f8rste indkomst er fiskeri, og p\u00e5 turen f\u00e5r du bekr\u00e6ftet hvor meget fisk man kan fange. Selvom det moderne inuit i Nuuk har meget storbystemning s\u00e5 er det stadig muligt at komme ude i naturen, en helt naturlig ting hos befolkningen &#8211; ikke kun i Nuuk, men i resten af landet. B\u00f8rn, unge, voksne og \u00e6ldre elsker at tage ud med en b\u00e5d og fiske. Og n\u00e5r du kommer p\u00e5 en fisketur vil du helt sikkert <span class=\"x-12abj6v e1uuu2lt3\">ogs\u00e5 nyde det! Du kommer ikke hjem kun med oplevelsen, du kommer ogs\u00e5 hjem med din friskfanget fisk &#8211; s\u00e5 er der l\u00e6kker fisk til middag.<\/span><\/p>\n<p class=\"e1imf5dp0 x-jm2771\"><span class=\"x-12abj6v e1uuu2lt3\">Afh\u00e6ngig af vejrforhold sejler den erfarne kaptajnen der hvor der er bedst og hyggeligst at fiske. Du beh\u00f8ver ikke at have fiskeudstyr eller fiske erfaringer med, det skal kaptajnen og guiden nok s\u00f8rge for! Med hj\u00e6lp af en guide fisker i dybhavsfisk som torsk og r\u00f8dfisk, som ogs\u00e5 findes overalt i det gr\u00f8nlandske hav.<\/span><\/p>\n<p class=\"e1imf5dp0 x-jm2771\"><span class=\"x-12abj6v e1uuu2lt3\">Der vil ogs\u00e5 v\u00e6re tid til at bare slappe af nyde en kop te eller kaffe som bliver serveret af guiden. Under turen fort\u00e6lles der en masse om fjorden, og fordi der er en isfjord i bunden af Nuup Kangerlua (Nuuk fjorden) kan du m\u00f8de isbjerge der er fantastisk flotte med deres nuancer af hvide og bl\u00e5 farver &#8211; b\u00e5den vil stoppe ved de flotteste isbjerge s\u00e5 der kan tages billeder.<\/span><\/p>\n<p class=\"e1imf5dp0 x-jm2771\"><span class=\"x-12abj6v e1uuu2lt3\">Havet fryser ikke til om vinteren og der er nok fisk hele \u00e5ret rundt, s\u00e5 denne tur er tilg\u00e6ngelig n\u00e6sten n\u00e5r som helst! V\u00e6lg en dag og book dit eventyr.<\/span><\/p>\n<p class=\"e1imf5dp0 x-jm2771\"><span class=\"x-12abj6v e1uuu2lt3\">\u00a0<\/span><\/p>\n","protected":false},"excerpt":{"rendered":"Oplev at v\u00e6re fisker for en dag i hovedstadsomr\u00e5det! Ligesom alle de Gr\u00f8nlandske byer og bygder ligger Nuuk ved kysten, og er omringet af en fantastisk natur og mange muligheder for at sejle ud. Gr\u00f8nlands st\u00f8rste indkomst er fiskeri, og p\u00e5 turen f\u00e5r du bekr\u00e6ftet hvor meget fisk man kan fange. Selvom det moderne inuit&#8230;","protected":false},"featured_media":12558,"comment_status":"open","ping_status":"closed","template":"","meta":[],"product_brand":[],"product_cat":[594,605,606,613,612,593,627,643,652,633],"product_tag":[893],"class_list":{"0":"post-12556","1":"product","2":"type-product","3":"status-publish","4":"has-post-thumbnail","6":"product_cat-baadture","7":"product_cat-dagsture-om-sommeren","8":"product_cat-dagsture-om-vinteren","9":"product_cat-fisketure","10":"product_cat-natur-og-dyreliv-i-groenland","11":"product_cat-oplevelser-i-groenland","12":"product_cat-ture-i-bestemte-omraader","13":"product_cat-ture-i-hver-by","14":"product_cat-ture-i-nuuk","15":"product_cat-vestgroenland","16":"product_tag-nuuk-da","17":"pa_activities-baadtur","18":"pa_activities-fiskeri","19":"pa_attractions-nuuk-fjord","21":"pa_available-month-januar","22":"pa_available-month-februar","23":"pa_available-month-marts","24":"pa_available-month-april","25":"pa_available-month-maj","26":"pa_available-month-juni","27":"pa_available-month-juli","28":"pa_available-month-august","29":"pa_available-month-september","30":"pa_available-month-oktober","31":"pa_available-month-november","33":"pa_available-month-december","35":"pa_destinations-nuuk","37":"pa_difficulty-let","38":"pa_duration-4-timer","39":"pa_tour-type-dagsture","40":"yith_shop_vendor-tupilak-travel-da","42":"first","43":"instock","44":"virtual","45":"sold-individually","46":"purchasable","47":"product-type-booking"},"acf":[],"yoast_head":"<!-- This site is optimized with the Yoast SEO plugin v25.6 - https:\/\/yoast.com\/wordpress\/plugins\/seo\/ -->\n<title>Fisker for \u00e9n dag | Nuuk | Guide to Greenland<\/title>\n<meta name=\"robots\" content=\"index, follow, max-snippet:-1, max-image-preview:large, max-video-preview:-1\" \/>\n<link rel=\"canonical\" href=\"https:\/\/guidetogreenland.com\/da\/reserver-ferie-rejser\/fisker-for-en-dag-nuuk\/\" \/>\n<meta property=\"og:locale\" content=\"da_DK\" \/>\n<meta property=\"og:type\" content=\"article\" \/>\n<meta property=\"og:title\" content=\"Fisker for \u00e9n dag | Nuuk | Guide to Greenland\" \/>\n<meta property=\"og:description\" content=\"Oplev at v\u00e6re fisker for en dag i hovedstadsomr\u00e5det! Ligesom alle de Gr\u00f8nlandske byer og bygder ligger Nuuk ved kysten, og er omringet af en fantastisk natur og mange muligheder for at sejle ud. Gr\u00f8nlands st\u00f8rste indkomst er fiskeri, og p\u00e5 turen f\u00e5r du bekr\u00e6ftet hvor meget fisk man kan fange. Selvom det moderne inuit...\" \/>\n<meta property=\"og:url\" content=\"https:\/\/guidetogreenland.com\/da\/reserver-ferie-rejser\/fisker-for-en-dag-nuuk\/\" \/>\n<meta property=\"og:site_name\" content=\"Guide to Greenland\" \/>\n<meta property=\"article:modified_time\" content=\"2020-12-17T15:26:34+00:00\" \/>\n<meta property=\"og:image\" content=\"https:\/\/guidetogreenland.com\/wp-content\/uploads\/2020\/05\/a-day-in-the-life-of-a-greenlandic-fisherman-nuuk-Guide-to-Greenland12.jpg\" \/>\n\t<meta property=\"og:image:width\" content=\"1104\" \/>\n\t<meta property=\"og:image:height\" content=\"1380\" \/>\n\t<meta property=\"og:image:type\" content=\"image\/jpeg\" \/>\n<meta name=\"twitter:card\" content=\"summary_large_image\" \/>\n<meta name=\"twitter:label1\" content=\"Estimeret l\u00e6setid\" \/>\n\t<meta name=\"twitter:data1\" content=\"2 minutter\" \/>\n<script type=\"application\/ld+json\" class=\"yoast-schema-graph\">{\"@context\":\"https:\/\/schema.org\",\"@graph\":[{\"@type\":\"WebPage\",\"@id\":\"https:\/\/guidetogreenland.com\/da\/reserver-ferie-rejser\/fisker-for-en-dag-nuuk\/\",\"url\":\"https:\/\/guidetogreenland.com\/da\/reserver-ferie-rejser\/fisker-for-en-dag-nuuk\/\",\"name\":\"Fisker for \u00e9n dag | Nuuk | Guide to Greenland\",\"isPartOf\":{\"@id\":\"https:\/\/guidetogreenland.com\/da\/#website\"},\"primaryImageOfPage\":{\"@id\":\"https:\/\/guidetogreenland.com\/da\/reserver-ferie-rejser\/fisker-for-en-dag-nuuk\/#primaryimage\"},\"image\":{\"@id\":\"https:\/\/guidetogreenland.com\/da\/reserver-ferie-rejser\/fisker-for-en-dag-nuuk\/#primaryimage\"},\"thumbnailUrl\":\"https:\/\/guidetogreenland.com\/wp-content\/uploads\/2020\/05\/a-day-in-the-life-of-a-greenlandic-fisherman-nuuk-Guide-to-Greenland12.jpg\",\"datePublished\":\"2020-06-19T15:44:26+00:00\",\"dateModified\":\"2020-12-17T15:26:34+00:00\",\"breadcrumb\":{\"@id\":\"https:\/\/guidetogreenland.com\/da\/reserver-ferie-rejser\/fisker-for-en-dag-nuuk\/#breadcrumb\"},\"inLanguage\":\"da-DK\",\"potentialAction\":[{\"@type\":\"ReadAction\",\"target\":[\"https:\/\/guidetogreenland.com\/da\/reserver-ferie-rejser\/fisker-for-en-dag-nuuk\/\"]}]},{\"@type\":\"ImageObject\",\"inLanguage\":\"da-DK\",\"@id\":\"https:\/\/guidetogreenland.com\/da\/reserver-ferie-rejser\/fisker-for-en-dag-nuuk\/#primaryimage\",\"url\":\"https:\/\/guidetogreenland.com\/wp-content\/uploads\/2020\/05\/a-day-in-the-life-of-a-greenlandic-fisherman-nuuk-Guide-to-Greenland12.jpg\",\"contentUrl\":\"https:\/\/guidetogreenland.com\/wp-content\/uploads\/2020\/05\/a-day-in-the-life-of-a-greenlandic-fisherman-nuuk-Guide-to-Greenland12.jpg\",\"width\":1104,\"height\":1380},{\"@type\":\"BreadcrumbList\",\"@id\":\"https:\/\/guidetogreenland.com\/da\/reserver-ferie-rejser\/fisker-for-en-dag-nuuk\/#breadcrumb\",\"itemListElement\":[{\"@type\":\"ListItem\",\"position\":1,\"name\":\"Home\",\"item\":\"https:\/\/guidetogreenland.com\/da\/\"},{\"@type\":\"ListItem\",\"position\":2,\"name\":\"Se alle ture\",\"item\":\"https:\/\/guidetogreenland.com\/da\/reserver-ferie-rejser\/\"},{\"@type\":\"ListItem\",\"position\":3,\"name\":\"Fisker for \u00e9n dag | Nuuk\"}]},{\"@type\":\"WebSite\",\"@id\":\"https:\/\/guidetogreenland.com\/da\/#website\",\"url\":\"https:\/\/guidetogreenland.com\/da\/\",\"name\":\"Guide to Greenland\",\"description\":\"Largest selection of tours in Greenland\",\"potentialAction\":[{\"@type\":\"SearchAction\",\"target\":{\"@type\":\"EntryPoint\",\"urlTemplate\":\"https:\/\/guidetogreenland.com\/da\/?s={search_term_string}\"},\"query-input\":{\"@type\":\"PropertyValueSpecification\",\"valueRequired\":true,\"valueName\":\"search_term_string\"}}],\"inLanguage\":\"da-DK\"}]}<\/script>\n<!-- \/ Yoast SEO plugin. -->","yoast_head_json":{"title":"Fisker for \u00e9n dag | Nuuk | Guide to Greenland","robots":{"index":"index","follow":"follow","max-snippet":"max-snippet:-1","max-image-preview":"max-image-preview:large","max-video-preview":"max-video-preview:-1"},"canonical":"https:\/\/guidetogreenland.com\/da\/reserver-ferie-rejser\/fisker-for-en-dag-nuuk\/","og_locale":"da_DK","og_type":"article","og_title":"Fisker for \u00e9n dag | Nuuk | Guide to Greenland","og_description":"Oplev at v\u00e6re fisker for en dag i hovedstadsomr\u00e5det! Ligesom alle de Gr\u00f8nlandske byer og bygder ligger Nuuk ved kysten, og er omringet af en fantastisk natur og mange muligheder for at sejle ud. Gr\u00f8nlands st\u00f8rste indkomst er fiskeri, og p\u00e5 turen f\u00e5r du bekr\u00e6ftet hvor meget fisk man kan fange. Selvom det moderne inuit...","og_url":"https:\/\/guidetogreenland.com\/da\/reserver-ferie-rejser\/fisker-for-en-dag-nuuk\/","og_site_name":"Guide to Greenland","article_modified_time":"2020-12-17T15:26:34+00:00","og_image":[{"width":1104,"height":1380,"url":"https:\/\/guidetogreenland.com\/wp-content\/uploads\/2020\/05\/a-day-in-the-life-of-a-greenlandic-fisherman-nuuk-Guide-to-Greenland12.jpg","type":"image\/jpeg"}],"twitter_card":"summary_large_image","twitter_misc":{"Estimeret l\u00e6setid":"2 minutter"},"schema":{"@context":"https:\/\/schema.org","@graph":[{"@type":"WebPage","@id":"https:\/\/guidetogreenland.com\/da\/reserver-ferie-rejser\/fisker-for-en-dag-nuuk\/","url":"https:\/\/guidetogreenland.com\/da\/reserver-ferie-rejser\/fisker-for-en-dag-nuuk\/","name":"Fisker for \u00e9n dag | Nuuk | Guide to Greenland","isPartOf":{"@id":"https:\/\/guidetogreenland.com\/da\/#website"},"primaryImageOfPage":{"@id":"https:\/\/guidetogreenland.com\/da\/reserver-ferie-rejser\/fisker-for-en-dag-nuuk\/#primaryimage"},"image":{"@id":"https:\/\/guidetogreenland.com\/da\/reserver-ferie-rejser\/fisker-for-en-dag-nuuk\/#primaryimage"},"thumbnailUrl":"https:\/\/guidetogreenland.com\/wp-content\/uploads\/2020\/05\/a-day-in-the-life-of-a-greenlandic-fisherman-nuuk-Guide-to-Greenland12.jpg","datePublished":"2020-06-19T15:44:26+00:00","dateModified":"2020-12-17T15:26:34+00:00","breadcrumb":{"@id":"https:\/\/guidetogreenland.com\/da\/reserver-ferie-rejser\/fisker-for-en-dag-nuuk\/#breadcrumb"},"inLanguage":"da-DK","potentialAction":[{"@type":"ReadAction","target":["https:\/\/guidetogreenland.com\/da\/reserver-ferie-rejser\/fisker-for-en-dag-nuuk\/"]}]},{"@type":"ImageObject","inLanguage":"da-DK","@id":"https:\/\/guidetogreenland.com\/da\/reserver-ferie-rejser\/fisker-for-en-dag-nuuk\/#primaryimage","url":"https:\/\/guidetogreenland.com\/wp-content\/uploads\/2020\/05\/a-day-in-the-life-of-a-greenlandic-fisherman-nuuk-Guide-to-Greenland12.jpg","contentUrl":"https:\/\/guidetogreenland.com\/wp-content\/uploads\/2020\/05\/a-day-in-the-life-of-a-greenlandic-fisherman-nuuk-Guide-to-Greenland12.jpg","width":1104,"height":1380},{"@type":"BreadcrumbList","@id":"https:\/\/guidetogreenland.com\/da\/reserver-ferie-rejser\/fisker-for-en-dag-nuuk\/#breadcrumb","itemListElement":[{"@type":"ListItem","position":1,"name":"Home","item":"https:\/\/guidetogreenland.com\/da\/"},{"@type":"ListItem","position":2,"name":"Se alle ture","item":"https:\/\/guidetogreenland.com\/da\/reserver-ferie-rejser\/"},{"@type":"ListItem","position":3,"name":"Fisker for \u00e9n dag | Nuuk"}]},{"@type":"WebSite","@id":"https:\/\/guidetogreenland.com\/da\/#website","url":"https:\/\/guidetogreenland.com\/da\/","name":"Guide to Greenland","description":"Largest selection of tours in Greenland","potentialAction":[{"@type":"SearchAction","target":{"@type":"EntryPoint","urlTemplate":"https:\/\/guidetogreenland.com\/da\/?s={search_term_string}"},"query-input":{"@type":"PropertyValueSpecification","valueRequired":true,"valueName":"search_term_string"}}],"inLanguage":"da-DK"}]}},"_links":{"self":[{"href":"https:\/\/guidetogreenland.com\/da\/wp-json\/wp\/v2\/product\/12556","targetHints":{"allow":["GET"]}}],"collection":[{"href":"https:\/\/guidetogreenland.com\/da\/wp-json\/wp\/v2\/product"}],"about":[{"href":"https:\/\/guidetogreenland.com\/da\/wp-json\/wp\/v2\/types\/product"}],"replies":[{"embeddable":true,"href":"https:\/\/guidetogreenland.com\/da\/wp-json\/wp\/v2\/comments?post=12556"}],"wp:featuredmedia":[{"embeddable":true,"href":"https:\/\/guidetogreenland.com\/da\/wp-json\/wp\/v2\/media\/12558"}],"wp:attachment":[{"href":"https:\/\/guidetogreenland.com\/da\/wp-json\/wp\/v2\/media?parent=12556"}],"wp:term":[{"taxonomy":"product_brand","embeddable":true,"href":"https:\/\/guidetogreenland.com\/da\/wp-json\/wp\/v2\/product_brand?post=12556"},{"taxonomy":"product_cat","embeddable":true,"href":"https:\/\/guidetogreenland.com\/da\/wp-json\/wp\/v2\/product_cat?post=12556"},{"taxonomy":"product_tag","embeddable":true,"href":"https:\/\/guidetogreenland.com\/da\/wp-json\/wp\/v2\/product_tag?post=12556"}],"curies":[{"name":"wp","href":"https:\/\/api.w.org\/{rel}","templated":true}]}}