{"id":12560,"date":"2020-05-25T17:56:33","date_gmt":"2020-05-25T17:56:33","guid":{"rendered":"https:\/\/guidetogreenland.com\/book-trips-holiday\/a-touch-of-greenland-kulusuk-east-greenland\/"},"modified":"2020-12-17T13:51:38","modified_gmt":"2020-12-17T13:51:38","slug":"en-bid-af-gronland-kulusuk-ostgronland","status":"publish","type":"product","link":"https:\/\/guidetogreenland.com\/da\/reserver-ferie-rejser\/en-bid-af-gronland-kulusuk-ostgronland\/","title":{"rendered":"En Bid af Gr\u00f8nland | Kulusuk | \u00d8stgr\u00f8nland"},"content":{"rendered":"<p class=\"e1imf5dp0 x-jm2771\">Denne tur tager dig til den charmerende bygd Kulusuk. P\u00e5 denne 2-dags tur vil du kunne f\u00e5 en oplevelse for livet. Hvor end du vender dig vil du se det smukke landskab brede sig ud. P\u00e5 denne tur vil blandt andet f\u00e5 mulighed for at komme p\u00e5 en b\u00e5dtur til Apusiajik gletjseren. Det er en aktiv gletsjer, hvilket giver dig store chancer for at se den k\u00e6lve. En unik oplevelse for alle dine sanser; du h\u00f8re noget der minder om en eksplosion, efterfulgt af k\u00e6mpe is-stykker, der rammer vandoverfladen og danner voldsomme b\u00f8lger. Men du beh\u00f8ver ikke v\u00e6re bange, da du vil v\u00e6re i de trygge h\u00e6nder af din erfa<span class=\"x-12abj6v e1uuu2lt3\">rne kaptajn. Der bliver altid holdt en sikker afstand fra gletsjeren. Du vil sejle imellem isbjerge i alle mulige former og st\u00f8rrelser, imens du m\u00e6rker den friske arktiske luft under den varme sol.<\/span><\/p>\n<p class=\"e1imf5dp0 x-jm2771\"><span class=\"x-12abj6v e1uuu2lt3\">Hvis en b\u00e5dtur ikke er nok, kan du v\u00e6lge at tage p\u00e5 en k\u00f8retur op til den gamle amerikanske radiostation DYE 4 fra 2. Verdenskrig.<\/span><\/p>\n<p class=\"e1imf5dp0 x-jm2771\"><span class=\"x-12abj6v e1uuu2lt3\">Du kan ogs\u00e5 v\u00e6lge at tage ned i Kulusuk bygd, der ligger ca. 20 minutters gang fra hotellet og se de lokale lave deres daglige pligter, det kan v\u00e6re du ser fangerne tage ud eller komme tilbage fra fangst. Der vil ogs\u00e5 v\u00e6re rig mulighed for at se flot kunsth\u00e5ndv\u00e6rk blive lavet af de utroligt talentfulde lokale. S\u00e5 tag dit vandre t\u00f8j frem og medbring dit kamera. Se tilg\u00e6ngeligheden ved at trykke p\u00e5 V\u00e6lg en dag ovenfor og book dit eventyr nu!<\/span><\/p>\n","protected":false},"excerpt":{"rendered":"Denne tur tager dig til den charmerende bygd Kulusuk. P\u00e5 denne 2-dags tur vil du kunne f\u00e5 en oplevelse for livet. Hvor end du vender dig vil du se det smukke landskab brede sig ud. P\u00e5 denne tur vil blandt andet f\u00e5 mulighed for at komme p\u00e5 en b\u00e5dtur til Apusiajik gletjseren. Det er en&#8230;","protected":false},"featured_media":12562,"comment_status":"open","ping_status":"closed","template":"","meta":[],"product_brand":[],"product_cat":[854],"product_tag":[],"class_list":{"0":"post-12560","1":"product","2":"type-product","3":"status-publish","4":"has-post-thumbnail","6":"product_cat-uncategorized-da","7":"pa_activities-bygdebesoeg","8":"pa_available-month-juni","9":"pa_available-month-juli","10":"pa_available-month-august","11":"pa_destinations-kulusuk","12":"pa_difficulty-let","13":"pa_duration-2-dage","14":"pa_tour-type-pakkerejser","15":"yith_shop_vendor-nonni-travel-da","16":"yith_booking_service-extra-night-accommodation","17":"yith_booking_service-extra-night-accommodation-single-traveller-2350dkk","18":"yith_booking_service-single-room-supplement-mandatory-if-travelling-alone-600dkk","20":"first","21":"instock","22":"virtual","23":"sold-individually","24":"purchasable","25":"product-type-booking"},"acf":[],"yoast_head":"<!-- This site is optimized with the Yoast SEO plugin v25.6 - https:\/\/yoast.com\/wordpress\/plugins\/seo\/ -->\n<title>En Bid af Gr\u00f8nland | Kulusuk | \u00d8stgr\u00f8nland | Guide to Greenland<\/title>\n<meta name=\"description\" content=\"Visit Greenland, and overlook fjords of icebergs and humpback whales. Adventures of glaciers and inuit culture awaits you in Kulusuk!\" \/>\n<meta name=\"robots\" content=\"index, follow, max-snippet:-1, max-image-preview:large, max-video-preview:-1\" \/>\n<link rel=\"canonical\" href=\"https:\/\/guidetogreenland.com\/da\/reserver-ferie-rejser\/en-bid-af-gronland-kulusuk-ostgronland\/\" \/>\n<meta property=\"og:locale\" content=\"da_DK\" \/>\n<meta property=\"og:type\" content=\"article\" \/>\n<meta property=\"og:title\" content=\"En Bid af Gr\u00f8nland | Kulusuk | \u00d8stgr\u00f8nland | Guide to Greenland\" \/>\n<meta property=\"og:description\" content=\"Visit Greenland, and overlook fjords of icebergs and humpback whales. Adventures of glaciers and inuit culture awaits you in Kulusuk!\" \/>\n<meta property=\"og:url\" content=\"https:\/\/guidetogreenland.com\/da\/reserver-ferie-rejser\/en-bid-af-gronland-kulusuk-ostgronland\/\" \/>\n<meta property=\"og:site_name\" content=\"Guide to Greenland\" \/>\n<meta property=\"article:modified_time\" content=\"2020-12-17T13:51:38+00:00\" \/>\n<meta property=\"og:image\" content=\"https:\/\/guidetogreenland.com\/wp-content\/uploads\/2020\/05\/a-touch-of-greenland-kulusuk-east-greenland-Guide-to-Greenland10.jpeg\" \/>\n\t<meta property=\"og:image:width\" content=\"2075\" \/>\n\t<meta property=\"og:image:height\" content=\"1380\" \/>\n\t<meta property=\"og:image:type\" content=\"image\/jpeg\" \/>\n<meta name=\"twitter:card\" content=\"summary_large_image\" \/>\n<meta name=\"twitter:label1\" content=\"Estimeret l\u00e6setid\" \/>\n\t<meta name=\"twitter:data1\" content=\"1 minut\" \/>\n<script type=\"application\/ld+json\" class=\"yoast-schema-graph\">{\"@context\":\"https:\/\/schema.org\",\"@graph\":[{\"@type\":\"WebPage\",\"@id\":\"https:\/\/guidetogreenland.com\/da\/reserver-ferie-rejser\/en-bid-af-gronland-kulusuk-ostgronland\/\",\"url\":\"https:\/\/guidetogreenland.com\/da\/reserver-ferie-rejser\/en-bid-af-gronland-kulusuk-ostgronland\/\",\"name\":\"En Bid af Gr\u00f8nland | Kulusuk | \u00d8stgr\u00f8nland | Guide to Greenland\",\"isPartOf\":{\"@id\":\"https:\/\/guidetogreenland.com\/da\/#website\"},\"primaryImageOfPage\":{\"@id\":\"https:\/\/guidetogreenland.com\/da\/reserver-ferie-rejser\/en-bid-af-gronland-kulusuk-ostgronland\/#primaryimage\"},\"image\":{\"@id\":\"https:\/\/guidetogreenland.com\/da\/reserver-ferie-rejser\/en-bid-af-gronland-kulusuk-ostgronland\/#primaryimage\"},\"thumbnailUrl\":\"https:\/\/guidetogreenland.com\/wp-content\/uploads\/2020\/05\/a-touch-of-greenland-kulusuk-east-greenland-Guide-to-Greenland10.jpeg\",\"datePublished\":\"2020-05-25T17:56:33+00:00\",\"dateModified\":\"2020-12-17T13:51:38+00:00\",\"description\":\"Visit Greenland, and overlook fjords of icebergs and humpback whales. Adventures of glaciers and inuit culture awaits you in Kulusuk!\",\"breadcrumb\":{\"@id\":\"https:\/\/guidetogreenland.com\/da\/reserver-ferie-rejser\/en-bid-af-gronland-kulusuk-ostgronland\/#breadcrumb\"},\"inLanguage\":\"da-DK\",\"potentialAction\":[{\"@type\":\"ReadAction\",\"target\":[\"https:\/\/guidetogreenland.com\/da\/reserver-ferie-rejser\/en-bid-af-gronland-kulusuk-ostgronland\/\"]}]},{\"@type\":\"ImageObject\",\"inLanguage\":\"da-DK\",\"@id\":\"https:\/\/guidetogreenland.com\/da\/reserver-ferie-rejser\/en-bid-af-gronland-kulusuk-ostgronland\/#primaryimage\",\"url\":\"https:\/\/guidetogreenland.com\/wp-content\/uploads\/2020\/05\/a-touch-of-greenland-kulusuk-east-greenland-Guide-to-Greenland10.jpeg\",\"contentUrl\":\"https:\/\/guidetogreenland.com\/wp-content\/uploads\/2020\/05\/a-touch-of-greenland-kulusuk-east-greenland-Guide-to-Greenland10.jpeg\",\"width\":2075,\"height\":1380},{\"@type\":\"BreadcrumbList\",\"@id\":\"https:\/\/guidetogreenland.com\/da\/reserver-ferie-rejser\/en-bid-af-gronland-kulusuk-ostgronland\/#breadcrumb\",\"itemListElement\":[{\"@type\":\"ListItem\",\"position\":1,\"name\":\"Home\",\"item\":\"https:\/\/guidetogreenland.com\/da\/\"},{\"@type\":\"ListItem\",\"position\":2,\"name\":\"Se alle ture\",\"item\":\"https:\/\/guidetogreenland.com\/da\/reserver-ferie-rejser\/\"},{\"@type\":\"ListItem\",\"position\":3,\"name\":\"En Bid af Gr\u00f8nland | Kulusuk | \u00d8stgr\u00f8nland\"}]},{\"@type\":\"WebSite\",\"@id\":\"https:\/\/guidetogreenland.com\/da\/#website\",\"url\":\"https:\/\/guidetogreenland.com\/da\/\",\"name\":\"Guide to Greenland\",\"description\":\"Largest selection of tours in Greenland\",\"potentialAction\":[{\"@type\":\"SearchAction\",\"target\":{\"@type\":\"EntryPoint\",\"urlTemplate\":\"https:\/\/guidetogreenland.com\/da\/?s={search_term_string}\"},\"query-input\":{\"@type\":\"PropertyValueSpecification\",\"valueRequired\":true,\"valueName\":\"search_term_string\"}}],\"inLanguage\":\"da-DK\"}]}<\/script>\n<!-- \/ Yoast SEO plugin. -->","yoast_head_json":{"title":"En Bid af Gr\u00f8nland | Kulusuk | \u00d8stgr\u00f8nland | Guide to Greenland","description":"Visit Greenland, and overlook fjords of icebergs and humpback whales. Adventures of glaciers and inuit culture awaits you in Kulusuk!","robots":{"index":"index","follow":"follow","max-snippet":"max-snippet:-1","max-image-preview":"max-image-preview:large","max-video-preview":"max-video-preview:-1"},"canonical":"https:\/\/guidetogreenland.com\/da\/reserver-ferie-rejser\/en-bid-af-gronland-kulusuk-ostgronland\/","og_locale":"da_DK","og_type":"article","og_title":"En Bid af Gr\u00f8nland | Kulusuk | \u00d8stgr\u00f8nland | Guide to Greenland","og_description":"Visit Greenland, and overlook fjords of icebergs and humpback whales. Adventures of glaciers and inuit culture awaits you in Kulusuk!","og_url":"https:\/\/guidetogreenland.com\/da\/reserver-ferie-rejser\/en-bid-af-gronland-kulusuk-ostgronland\/","og_site_name":"Guide to Greenland","article_modified_time":"2020-12-17T13:51:38+00:00","og_image":[{"width":2075,"height":1380,"url":"https:\/\/guidetogreenland.com\/wp-content\/uploads\/2020\/05\/a-touch-of-greenland-kulusuk-east-greenland-Guide-to-Greenland10.jpeg","type":"image\/jpeg"}],"twitter_card":"summary_large_image","twitter_misc":{"Estimeret l\u00e6setid":"1 minut"},"schema":{"@context":"https:\/\/schema.org","@graph":[{"@type":"WebPage","@id":"https:\/\/guidetogreenland.com\/da\/reserver-ferie-rejser\/en-bid-af-gronland-kulusuk-ostgronland\/","url":"https:\/\/guidetogreenland.com\/da\/reserver-ferie-rejser\/en-bid-af-gronland-kulusuk-ostgronland\/","name":"En Bid af Gr\u00f8nland | Kulusuk | \u00d8stgr\u00f8nland | Guide to Greenland","isPartOf":{"@id":"https:\/\/guidetogreenland.com\/da\/#website"},"primaryImageOfPage":{"@id":"https:\/\/guidetogreenland.com\/da\/reserver-ferie-rejser\/en-bid-af-gronland-kulusuk-ostgronland\/#primaryimage"},"image":{"@id":"https:\/\/guidetogreenland.com\/da\/reserver-ferie-rejser\/en-bid-af-gronland-kulusuk-ostgronland\/#primaryimage"},"thumbnailUrl":"https:\/\/guidetogreenland.com\/wp-content\/uploads\/2020\/05\/a-touch-of-greenland-kulusuk-east-greenland-Guide-to-Greenland10.jpeg","datePublished":"2020-05-25T17:56:33+00:00","dateModified":"2020-12-17T13:51:38+00:00","description":"Visit Greenland, and overlook fjords of icebergs and humpback whales. Adventures of glaciers and inuit culture awaits you in Kulusuk!","breadcrumb":{"@id":"https:\/\/guidetogreenland.com\/da\/reserver-ferie-rejser\/en-bid-af-gronland-kulusuk-ostgronland\/#breadcrumb"},"inLanguage":"da-DK","potentialAction":[{"@type":"ReadAction","target":["https:\/\/guidetogreenland.com\/da\/reserver-ferie-rejser\/en-bid-af-gronland-kulusuk-ostgronland\/"]}]},{"@type":"ImageObject","inLanguage":"da-DK","@id":"https:\/\/guidetogreenland.com\/da\/reserver-ferie-rejser\/en-bid-af-gronland-kulusuk-ostgronland\/#primaryimage","url":"https:\/\/guidetogreenland.com\/wp-content\/uploads\/2020\/05\/a-touch-of-greenland-kulusuk-east-greenland-Guide-to-Greenland10.jpeg","contentUrl":"https:\/\/guidetogreenland.com\/wp-content\/uploads\/2020\/05\/a-touch-of-greenland-kulusuk-east-greenland-Guide-to-Greenland10.jpeg","width":2075,"height":1380},{"@type":"BreadcrumbList","@id":"https:\/\/guidetogreenland.com\/da\/reserver-ferie-rejser\/en-bid-af-gronland-kulusuk-ostgronland\/#breadcrumb","itemListElement":[{"@type":"ListItem","position":1,"name":"Home","item":"https:\/\/guidetogreenland.com\/da\/"},{"@type":"ListItem","position":2,"name":"Se alle ture","item":"https:\/\/guidetogreenland.com\/da\/reserver-ferie-rejser\/"},{"@type":"ListItem","position":3,"name":"En Bid af Gr\u00f8nland | Kulusuk | \u00d8stgr\u00f8nland"}]},{"@type":"WebSite","@id":"https:\/\/guidetogreenland.com\/da\/#website","url":"https:\/\/guidetogreenland.com\/da\/","name":"Guide to Greenland","description":"Largest selection of tours in Greenland","potentialAction":[{"@type":"SearchAction","target":{"@type":"EntryPoint","urlTemplate":"https:\/\/guidetogreenland.com\/da\/?s={search_term_string}"},"query-input":{"@type":"PropertyValueSpecification","valueRequired":true,"valueName":"search_term_string"}}],"inLanguage":"da-DK"}]}},"_links":{"self":[{"href":"https:\/\/guidetogreenland.com\/da\/wp-json\/wp\/v2\/product\/12560","targetHints":{"allow":["GET"]}}],"collection":[{"href":"https:\/\/guidetogreenland.com\/da\/wp-json\/wp\/v2\/product"}],"about":[{"href":"https:\/\/guidetogreenland.com\/da\/wp-json\/wp\/v2\/types\/product"}],"replies":[{"embeddable":true,"href":"https:\/\/guidetogreenland.com\/da\/wp-json\/wp\/v2\/comments?post=12560"}],"wp:featuredmedia":[{"embeddable":true,"href":"https:\/\/guidetogreenland.com\/da\/wp-json\/wp\/v2\/media\/12562"}],"wp:attachment":[{"href":"https:\/\/guidetogreenland.com\/da\/wp-json\/wp\/v2\/media?parent=12560"}],"wp:term":[{"taxonomy":"product_brand","embeddable":true,"href":"https:\/\/guidetogreenland.com\/da\/wp-json\/wp\/v2\/product_brand?post=12560"},{"taxonomy":"product_cat","embeddable":true,"href":"https:\/\/guidetogreenland.com\/da\/wp-json\/wp\/v2\/product_cat?post=12560"},{"taxonomy":"product_tag","embeddable":true,"href":"https:\/\/guidetogreenland.com\/da\/wp-json\/wp\/v2\/product_tag?post=12560"}],"curies":[{"name":"wp","href":"https:\/\/api.w.org\/{rel}","templated":true}]}}