{"id":12817,"date":"2020-05-20T16:14:12","date_gmt":"2020-05-20T16:14:12","guid":{"rendered":"https:\/\/guidetogreenland.com\/book-trips-holiday\/assaqutaq-trail-transfer-sisimiut\/"},"modified":"2020-12-17T13:54:01","modified_gmt":"2020-12-17T13:54:01","slug":"assaqutaq-trail-transport-sisimiut","status":"publish","type":"product","link":"https:\/\/guidetogreenland.com\/da\/reserver-ferie-rejser\/assaqutaq-trail-transport-sisimiut\/","title":{"rendered":"Assaqutaq Trail Transport | Sisimiut"},"content":{"rendered":"<p class=\"x-18pep25\">Tag p\u00e5 en kort\u00a0b\u00e5dtur til den forladte bygd Assaqutaq og f\u00f8lg vandreruten tilbage p\u00e5 egen h\u00e5nd.<\/p>\n<p class=\"x-18pep25\">Vi kommer til at sejle\u00a0forbi en hunde\u00f8, hvor sl\u00e6dehunde f\u00e5r lov at l\u00f8be frit henover sommeren, derefter l\u00e6ngere ud hvor vi kan v\u00e6re heldige at se b\u00e5de finhvaler og pukkelhvaler. Assaqutaq ligger p\u00e5 sydsiden af Nasaasaq fjeldet, s\u00e5 du f\u00e5r en havudsigt hele turen tilbage.<\/p>\n<p class=\"x-18pep25\">F\u00f8r du vender snuden hjem s\u00e5 tag dig tid til at udforske de gamle bygninger og f\u00e5 en fornemmelse for hvordan livet s\u00e5 ud i en simplere tid.<\/p>\n<p class=\"e1imf5dp0 x-jm2771\">Omr\u00e5det er rigt p\u00e5 dyreliv og flora, du kan finde store m\u00e6ngder lodder der er en popul\u00e6r spise l<span class=\"x-12abj6v e1uuu2lt3\">igesom sild er i Danmark. Der kryber ogs\u00e5 ryper rundt blandt stenene og g\u00f8r deres bedste for at udnytte deres camouflage. Her blomstrer national blomsten &#8216;Niviarsiaq&#8217; i st\u00e6rke lyser\u00f8de farver og endda helt hvide!\u00a0<\/span><\/p>\n<p class=\"e1imf5dp0 x-jm2771\"><span class=\"x-12abj6v e1uuu2lt3\">Da bygden befinder sig p\u00e5 en lille \u00f8 skal man kryde en lille h\u00e6ngebro for at komme ind til fastlandet, mens de sidste meter ogs\u00e5 kan v\u00e6re under vand ved h\u00f8jvande.<\/span><\/p>\n<p class=\"e1imf5dp0 x-jm2771\"><span class=\"x-12abj6v e1uuu2lt3\">Vandreturen tager dig forbi en gammel gravplads, respekter venligst omr\u00e5det og pr\u00f8v ikke at flytte p\u00e5 stenene. Her ligger nogle af bygdens tidligere beboere, begravet under sten for at beskytte dem mod dyrene, og med den traditionelle udsigt mod havet. Det dybe hav blev anset som hvor himmelen var pga. dens overflod af fangstdyr mens id\u00e9en om at himmelen var oppe over skyerne l\u00f8d dumt.<\/span><\/p>\n<p class=\"e1imf5dp0 x-jm2771\"><span class=\"x-12abj6v e1uuu2lt3\">Vandreturen g\u00e5r op og ned af fjeldsiden s\u00e5 v\u00e6r forberedt p\u00e5 at skulle g\u00e5 op og ned af nogle store kampesten. Hvis det lyder som en tur for dig, s\u00e5 tag bare og book din transfer i dag! Bare tryk p\u00e5 &#8216;v\u00e6lg en dag&#8217; og find en dato der passer dig.<\/span><\/p>\n","protected":false},"excerpt":{"rendered":"Tag p\u00e5 en kort\u00a0b\u00e5dtur til den forladte bygd Assaqutaq og f\u00f8lg vandreruten tilbage p\u00e5 egen h\u00e5nd. Vi kommer til at sejle\u00a0forbi en hunde\u00f8, hvor sl\u00e6dehunde f\u00e5r lov at l\u00f8be frit henover sommeren, derefter l\u00e6ngere ud hvor vi kan v\u00e6re heldige at se b\u00e5de finhvaler og pukkelhvaler. Assaqutaq ligger p\u00e5 sydsiden af Nasaasaq fjeldet, s\u00e5 du&#8230;","protected":false},"featured_media":12818,"comment_status":"open","ping_status":"closed","template":"","meta":[],"product_brand":[],"product_cat":[628,594,605,612,593,657,608,633],"product_tag":[936],"class_list":{"0":"post-12817","1":"product","2":"type-product","3":"status-publish","4":"has-post-thumbnail","6":"product_cat-arctic-circle-trail","7":"product_cat-baadture","8":"product_cat-dagsture-om-sommeren","9":"product_cat-natur-og-dyreliv-i-groenland","10":"product_cat-oplevelser-i-groenland","11":"product_cat-ture-i-sisimiut","12":"product_cat-vandre-og-trekkingture","13":"product_cat-vestgroenland","14":"product_tag-sisimiut-da","15":"pa_activities-baadtur","16":"pa_activities-gletschervandring","17":"pa_activities-vandretur","18":"pa_available-month-juni","19":"pa_available-month-juli","20":"pa_available-month-august","21":"pa_available-month-september","22":"pa_destinations-sisimiut","23":"pa_difficulty-moderat","24":"pa_duration-5-5-time","25":"pa_tour-type-dagsture","26":"yith_shop_vendor-hotel-sisimiut-tours-da","28":"first","29":"instock","30":"virtual","31":"sold-individually","32":"purchasable","33":"product-type-booking"},"acf":[],"yoast_head":"<!-- This site is optimized with the Yoast SEO plugin v25.6 - https:\/\/yoast.com\/wordpress\/plugins\/seo\/ -->\n<title>Assaqutaq Trail Transport | Sisimiut | Guide to Greenland<\/title>\n<meta name=\"description\" content=\"Sejle ud til den forladte Assaqutaq-bos\u00e6ttelse og vandre de 10 km tilbage til Sisimiut langs den smukke fjord. Klik for at l\u00e6se mere og booke din tur.\" \/>\n<meta name=\"robots\" content=\"index, follow, max-snippet:-1, max-image-preview:large, max-video-preview:-1\" \/>\n<link rel=\"canonical\" href=\"https:\/\/guidetogreenland.com\/da\/reserver-ferie-rejser\/assaqutaq-trail-transport-sisimiut\/\" \/>\n<meta property=\"og:locale\" content=\"da_DK\" \/>\n<meta property=\"og:type\" content=\"article\" \/>\n<meta property=\"og:title\" content=\"Assaqutaq Trail Transport | Sisimiut | Guide to Greenland\" \/>\n<meta property=\"og:description\" content=\"Sejle ud til den forladte Assaqutaq-bos\u00e6ttelse og vandre de 10 km tilbage til Sisimiut langs den smukke fjord. Klik for at l\u00e6se mere og booke din tur.\" \/>\n<meta property=\"og:url\" content=\"https:\/\/guidetogreenland.com\/da\/reserver-ferie-rejser\/assaqutaq-trail-transport-sisimiut\/\" \/>\n<meta property=\"og:site_name\" content=\"Guide to Greenland\" \/>\n<meta property=\"article:modified_time\" content=\"2020-12-17T13:54:01+00:00\" \/>\n<meta property=\"og:image\" content=\"https:\/\/guidetogreenland.com\/wp-content\/uploads\/2020\/05\/Assaqutaq-Trail-Transfer-Sisimiut-Guide-to-Greenland1.jpg\" \/>\n\t<meta property=\"og:image:width\" content=\"1168\" \/>\n\t<meta property=\"og:image:height\" content=\"656\" \/>\n\t<meta property=\"og:image:type\" content=\"image\/jpeg\" \/>\n<meta name=\"twitter:card\" content=\"summary_large_image\" \/>\n<meta name=\"twitter:label1\" content=\"Estimeret l\u00e6setid\" \/>\n\t<meta name=\"twitter:data1\" content=\"2 minutter\" \/>\n<script type=\"application\/ld+json\" class=\"yoast-schema-graph\">{\"@context\":\"https:\/\/schema.org\",\"@graph\":[{\"@type\":\"WebPage\",\"@id\":\"https:\/\/guidetogreenland.com\/da\/reserver-ferie-rejser\/assaqutaq-trail-transport-sisimiut\/\",\"url\":\"https:\/\/guidetogreenland.com\/da\/reserver-ferie-rejser\/assaqutaq-trail-transport-sisimiut\/\",\"name\":\"Assaqutaq Trail Transport | Sisimiut | Guide to Greenland\",\"isPartOf\":{\"@id\":\"https:\/\/guidetogreenland.com\/da\/#website\"},\"primaryImageOfPage\":{\"@id\":\"https:\/\/guidetogreenland.com\/da\/reserver-ferie-rejser\/assaqutaq-trail-transport-sisimiut\/#primaryimage\"},\"image\":{\"@id\":\"https:\/\/guidetogreenland.com\/da\/reserver-ferie-rejser\/assaqutaq-trail-transport-sisimiut\/#primaryimage\"},\"thumbnailUrl\":\"https:\/\/guidetogreenland.com\/wp-content\/uploads\/2020\/05\/Assaqutaq-Trail-Transfer-Sisimiut-Guide-to-Greenland1.jpg\",\"datePublished\":\"2020-05-20T16:14:12+00:00\",\"dateModified\":\"2020-12-17T13:54:01+00:00\",\"description\":\"Sejle ud til den forladte Assaqutaq-bos\u00e6ttelse og vandre de 10 km tilbage til Sisimiut langs den smukke fjord. Klik for at l\u00e6se mere og booke din tur.\",\"breadcrumb\":{\"@id\":\"https:\/\/guidetogreenland.com\/da\/reserver-ferie-rejser\/assaqutaq-trail-transport-sisimiut\/#breadcrumb\"},\"inLanguage\":\"da-DK\",\"potentialAction\":[{\"@type\":\"ReadAction\",\"target\":[\"https:\/\/guidetogreenland.com\/da\/reserver-ferie-rejser\/assaqutaq-trail-transport-sisimiut\/\"]}]},{\"@type\":\"ImageObject\",\"inLanguage\":\"da-DK\",\"@id\":\"https:\/\/guidetogreenland.com\/da\/reserver-ferie-rejser\/assaqutaq-trail-transport-sisimiut\/#primaryimage\",\"url\":\"https:\/\/guidetogreenland.com\/wp-content\/uploads\/2020\/05\/Assaqutaq-Trail-Transfer-Sisimiut-Guide-to-Greenland1.jpg\",\"contentUrl\":\"https:\/\/guidetogreenland.com\/wp-content\/uploads\/2020\/05\/Assaqutaq-Trail-Transfer-Sisimiut-Guide-to-Greenland1.jpg\",\"width\":1168,\"height\":656},{\"@type\":\"BreadcrumbList\",\"@id\":\"https:\/\/guidetogreenland.com\/da\/reserver-ferie-rejser\/assaqutaq-trail-transport-sisimiut\/#breadcrumb\",\"itemListElement\":[{\"@type\":\"ListItem\",\"position\":1,\"name\":\"Home\",\"item\":\"https:\/\/guidetogreenland.com\/da\/\"},{\"@type\":\"ListItem\",\"position\":2,\"name\":\"Se alle ture\",\"item\":\"https:\/\/guidetogreenland.com\/da\/reserver-ferie-rejser\/\"},{\"@type\":\"ListItem\",\"position\":3,\"name\":\"Assaqutaq Trail Transport | Sisimiut\"}]},{\"@type\":\"WebSite\",\"@id\":\"https:\/\/guidetogreenland.com\/da\/#website\",\"url\":\"https:\/\/guidetogreenland.com\/da\/\",\"name\":\"Guide to Greenland\",\"description\":\"Largest selection of tours in Greenland\",\"potentialAction\":[{\"@type\":\"SearchAction\",\"target\":{\"@type\":\"EntryPoint\",\"urlTemplate\":\"https:\/\/guidetogreenland.com\/da\/?s={search_term_string}\"},\"query-input\":{\"@type\":\"PropertyValueSpecification\",\"valueRequired\":true,\"valueName\":\"search_term_string\"}}],\"inLanguage\":\"da-DK\"}]}<\/script>\n<!-- \/ Yoast SEO plugin. -->","yoast_head_json":{"title":"Assaqutaq Trail Transport | Sisimiut | Guide to Greenland","description":"Sejle ud til den forladte Assaqutaq-bos\u00e6ttelse og vandre de 10 km tilbage til Sisimiut langs den smukke fjord. Klik for at l\u00e6se mere og booke din tur.","robots":{"index":"index","follow":"follow","max-snippet":"max-snippet:-1","max-image-preview":"max-image-preview:large","max-video-preview":"max-video-preview:-1"},"canonical":"https:\/\/guidetogreenland.com\/da\/reserver-ferie-rejser\/assaqutaq-trail-transport-sisimiut\/","og_locale":"da_DK","og_type":"article","og_title":"Assaqutaq Trail Transport | Sisimiut | Guide to Greenland","og_description":"Sejle ud til den forladte Assaqutaq-bos\u00e6ttelse og vandre de 10 km tilbage til Sisimiut langs den smukke fjord. Klik for at l\u00e6se mere og booke din tur.","og_url":"https:\/\/guidetogreenland.com\/da\/reserver-ferie-rejser\/assaqutaq-trail-transport-sisimiut\/","og_site_name":"Guide to Greenland","article_modified_time":"2020-12-17T13:54:01+00:00","og_image":[{"width":1168,"height":656,"url":"https:\/\/guidetogreenland.com\/wp-content\/uploads\/2020\/05\/Assaqutaq-Trail-Transfer-Sisimiut-Guide-to-Greenland1.jpg","type":"image\/jpeg"}],"twitter_card":"summary_large_image","twitter_misc":{"Estimeret l\u00e6setid":"2 minutter"},"schema":{"@context":"https:\/\/schema.org","@graph":[{"@type":"WebPage","@id":"https:\/\/guidetogreenland.com\/da\/reserver-ferie-rejser\/assaqutaq-trail-transport-sisimiut\/","url":"https:\/\/guidetogreenland.com\/da\/reserver-ferie-rejser\/assaqutaq-trail-transport-sisimiut\/","name":"Assaqutaq Trail Transport | Sisimiut | Guide to Greenland","isPartOf":{"@id":"https:\/\/guidetogreenland.com\/da\/#website"},"primaryImageOfPage":{"@id":"https:\/\/guidetogreenland.com\/da\/reserver-ferie-rejser\/assaqutaq-trail-transport-sisimiut\/#primaryimage"},"image":{"@id":"https:\/\/guidetogreenland.com\/da\/reserver-ferie-rejser\/assaqutaq-trail-transport-sisimiut\/#primaryimage"},"thumbnailUrl":"https:\/\/guidetogreenland.com\/wp-content\/uploads\/2020\/05\/Assaqutaq-Trail-Transfer-Sisimiut-Guide-to-Greenland1.jpg","datePublished":"2020-05-20T16:14:12+00:00","dateModified":"2020-12-17T13:54:01+00:00","description":"Sejle ud til den forladte Assaqutaq-bos\u00e6ttelse og vandre de 10 km tilbage til Sisimiut langs den smukke fjord. Klik for at l\u00e6se mere og booke din tur.","breadcrumb":{"@id":"https:\/\/guidetogreenland.com\/da\/reserver-ferie-rejser\/assaqutaq-trail-transport-sisimiut\/#breadcrumb"},"inLanguage":"da-DK","potentialAction":[{"@type":"ReadAction","target":["https:\/\/guidetogreenland.com\/da\/reserver-ferie-rejser\/assaqutaq-trail-transport-sisimiut\/"]}]},{"@type":"ImageObject","inLanguage":"da-DK","@id":"https:\/\/guidetogreenland.com\/da\/reserver-ferie-rejser\/assaqutaq-trail-transport-sisimiut\/#primaryimage","url":"https:\/\/guidetogreenland.com\/wp-content\/uploads\/2020\/05\/Assaqutaq-Trail-Transfer-Sisimiut-Guide-to-Greenland1.jpg","contentUrl":"https:\/\/guidetogreenland.com\/wp-content\/uploads\/2020\/05\/Assaqutaq-Trail-Transfer-Sisimiut-Guide-to-Greenland1.jpg","width":1168,"height":656},{"@type":"BreadcrumbList","@id":"https:\/\/guidetogreenland.com\/da\/reserver-ferie-rejser\/assaqutaq-trail-transport-sisimiut\/#breadcrumb","itemListElement":[{"@type":"ListItem","position":1,"name":"Home","item":"https:\/\/guidetogreenland.com\/da\/"},{"@type":"ListItem","position":2,"name":"Se alle ture","item":"https:\/\/guidetogreenland.com\/da\/reserver-ferie-rejser\/"},{"@type":"ListItem","position":3,"name":"Assaqutaq Trail Transport | Sisimiut"}]},{"@type":"WebSite","@id":"https:\/\/guidetogreenland.com\/da\/#website","url":"https:\/\/guidetogreenland.com\/da\/","name":"Guide to Greenland","description":"Largest selection of tours in Greenland","potentialAction":[{"@type":"SearchAction","target":{"@type":"EntryPoint","urlTemplate":"https:\/\/guidetogreenland.com\/da\/?s={search_term_string}"},"query-input":{"@type":"PropertyValueSpecification","valueRequired":true,"valueName":"search_term_string"}}],"inLanguage":"da-DK"}]}},"_links":{"self":[{"href":"https:\/\/guidetogreenland.com\/da\/wp-json\/wp\/v2\/product\/12817","targetHints":{"allow":["GET"]}}],"collection":[{"href":"https:\/\/guidetogreenland.com\/da\/wp-json\/wp\/v2\/product"}],"about":[{"href":"https:\/\/guidetogreenland.com\/da\/wp-json\/wp\/v2\/types\/product"}],"replies":[{"embeddable":true,"href":"https:\/\/guidetogreenland.com\/da\/wp-json\/wp\/v2\/comments?post=12817"}],"wp:featuredmedia":[{"embeddable":true,"href":"https:\/\/guidetogreenland.com\/da\/wp-json\/wp\/v2\/media\/12818"}],"wp:attachment":[{"href":"https:\/\/guidetogreenland.com\/da\/wp-json\/wp\/v2\/media?parent=12817"}],"wp:term":[{"taxonomy":"product_brand","embeddable":true,"href":"https:\/\/guidetogreenland.com\/da\/wp-json\/wp\/v2\/product_brand?post=12817"},{"taxonomy":"product_cat","embeddable":true,"href":"https:\/\/guidetogreenland.com\/da\/wp-json\/wp\/v2\/product_cat?post=12817"},{"taxonomy":"product_tag","embeddable":true,"href":"https:\/\/guidetogreenland.com\/da\/wp-json\/wp\/v2\/product_tag?post=12817"}],"curies":[{"name":"wp","href":"https:\/\/api.w.org\/{rel}","templated":true}]}}