{"id":12832,"date":"2020-05-05T08:31:58","date_gmt":"2020-05-05T08:31:58","guid":{"rendered":"https:\/\/guidetogreenland.com\/book-trips-holiday\/boat-trip-among-the-icebergs-ilulissat-disko-bay\/"},"modified":"2026-03-06T02:13:53","modified_gmt":"2026-03-06T05:13:53","slug":"isfjord-sejlads-ilulissat-diskobugten","status":"publish","type":"product","link":"https:\/\/guidetogreenland.com\/da\/reserver-ferie-rejser\/isfjordssejlads-ilulissat-diskobugten\/","title":{"rendered":"Isfjordssejlads | Ilulissat | Diskobugten"},"content":{"rendered":"<p class=\"x-18pep25\">Kom med ombord og oplev\u00a0Ilulissat isfjord og dens\u00a0frosne giganter!\u00a0 Dette er en enest\u00e5ende chance for at opleve\u00a0giganterne helt t\u00e6t p\u00e5. P\u00e5 deres rejse mod Labradorhavet strander isfjeldende\u00a0i isfjorden og skaber de mest eminente omgivelser &#8211; med isfjelde i alle bl\u00e5lige nuancer.<\/p>\n<p class=\"e1imf5dp0 x-jm2771\">Hele \u00e5ret rundt vil du kunne begive dig ud p\u00e5 denne sejltur, der tager dig gennem isfjordens giganter af is.\u00a0 I sommeren vil du kunne sejle under midnatssolens sk\u00e6r fra\u00a0d. 21 maj til d. 24 juli. At sejle under midnatssolens str\u00e5ler er en extraordin\u00e6r oplevelse, du helst ikke vil v\u00e6re foruden. Vi sejler \u00e5ret rundt, og se<span class=\"x-12abj6v e1uuu2lt3\">lv i vinterperioden kommer du ikke til at g\u00e5 glip af den arktiske sols oplysende str\u00e5ler.\u00a0<\/span><\/p>\n<p class=\"e1imf5dp0 x-jm2771\"><span class=\"x-12abj6v e1uuu2lt3\">Din tur starter fra midtbyen i Ilulissat, hvorefter du og dine medrejsende bliver transporteret til Ilulissat havn. Vi begiver os ud p\u00e5 havet, hvor der venter en isfjord af muligheder og pr\u00e6gtig sk\u00f8nhed! L\u00e6g din opm\u00e6rksomhed p\u00e5 havet og hold godt \u00f8je med bugtens hvaler og s\u00e6ler, der leger gemmeleg mellem b\u00f8lgerne. Vi begiver os stille og roligt ind i isfjorden, hvor der venter k\u00e6lvende isfjelde. Undervejs vil guiden fort\u00e6lle om isen, og der vil blive serveret kaffe og te! Denne tur er ren balsam for sj\u00e6len, og er en oplevelse du ikke vil v\u00e6re foruden.\u00a0<\/span><\/p>\n<p class=\"e1imf5dp0 x-jm2771\"><span class=\"x-12abj6v e1uuu2lt3\">Tag en varm hat p\u00e5 og kom ombord, der venter et hav af muligheder! \u00a0Se tilg\u00e6ngeligheden ved at trykke p\u00e5 &#8216;V\u00e6lg dato&#8217; ovenover og book din\u00a0isfjord\u00a0sejlads idag.<\/span><\/p>\n","protected":false},"excerpt":{"rendered":"Kom med ombord og oplev\u00a0Ilulissat isfjord og dens\u00a0frosne giganter!\u00a0 Dette er en enest\u00e5ende chance for at opleve\u00a0giganterne helt t\u00e6t p\u00e5. P\u00e5 deres rejse mod Labradorhavet strander isfjeldende\u00a0i isfjorden og skaber de mest eminente omgivelser &#8211; med isfjelde i alle bl\u00e5lige nuancer. Hele \u00e5ret rundt vil du kunne begive dig ud p\u00e5 denne sejltur, der tager&#8230;","protected":false},"featured_media":12834,"comment_status":"open","ping_status":"closed","template":"","meta":[],"product_brand":[],"product_cat":[594,605,606,629,692,617,618,612,593,611,627,643,644,625],"product_tag":[919],"class_list":{"0":"post-12832","1":"product","2":"type-product","3":"status-publish","4":"has-post-thumbnail","6":"product_cat-baadture","7":"product_cat-dagsture-om-sommeren","8":"product_cat-dagsture-om-vinteren","9":"product_cat-disko-bugten","10":"product_cat-iceberg-icefjord-tours","11":"product_cat-ilulissat-isfjord-ture","12":"product_cat-midnatssol-ture","13":"product_cat-natur-og-dyreliv-i-groenland","14":"product_cat-oplevelser-i-groenland","15":"product_cat-ski-og-sneskoture","16":"product_cat-ture-i-bestemte-omraader","17":"product_cat-ture-i-hver-by","18":"product_cat-ture-i-ilulissat","19":"product_cat-ture-til-verdensarv-steder-i-groenland","20":"product_tag-ilulissat-da","21":"pa_activities-baadtur","22":"pa_activities-isbjerg-udsigt","23":"pa_activities-midnatssol","24":"pa_activities-unesco-omraade","25":"pa_attractions-ilulissat-icefjord","26":"pa_attractions-disko-bay-da","27":"pa_available-month-januar","28":"pa_available-month-februar","29":"pa_available-month-marts","30":"pa_available-month-april","31":"pa_available-month-maj","32":"pa_available-month-juni","33":"pa_available-month-juli","34":"pa_available-month-august","35":"pa_available-month-september","36":"pa_available-month-oktober","37":"pa_available-month-november","38":"pa_available-month-december","39":"pa_destinations-ilulissat","40":"pa_difficulty-let","41":"pa_duration-2-5-time","42":"pa_tour-type-dagsture","43":"yith_shop_vendor-albatros-ilulissat-da","45":"first","46":"instock","47":"featured","48":"virtual","49":"sold-individually","50":"purchasable","51":"product-type-booking"},"acf":[],"yoast_head":"<!-- This site is optimized with the Yoast SEO plugin v25.6 - https:\/\/yoast.com\/wordpress\/plugins\/seo\/ -->\n<title>Isfjordssejlads | Ilulissat | Diskobugten | Guide to Greenland<\/title>\n<meta name=\"description\" content=\"Udforsk de t\u00e5rnh\u00f8je iskatedraler, som Ilulissat er ber\u00f8mt for p\u00e5 denne 2,5 timers b\u00e5dtur blandt isbjergene. Klik for at l\u00e6se mere og booke din rejse.\" \/>\n<meta name=\"robots\" content=\"index, follow, max-snippet:-1, max-image-preview:large, max-video-preview:-1\" \/>\n<link rel=\"canonical\" href=\"https:\/\/guidetogreenland.com\/da\/reserver-ferie-rejser\/isfjordssejlads-ilulissat-diskobugten\/\" \/>\n<meta property=\"og:locale\" content=\"da_DK\" \/>\n<meta property=\"og:type\" content=\"article\" \/>\n<meta property=\"og:title\" content=\"Isfjordssejlads | Ilulissat | Diskobugten | Guide to Greenland\" \/>\n<meta property=\"og:description\" content=\"Udforsk de t\u00e5rnh\u00f8je iskatedraler, som Ilulissat er ber\u00f8mt for p\u00e5 denne 2,5 timers b\u00e5dtur blandt isbjergene. Klik for at l\u00e6se mere og booke din rejse.\" \/>\n<meta property=\"og:url\" content=\"https:\/\/guidetogreenland.com\/da\/reserver-ferie-rejser\/isfjordssejlads-ilulissat-diskobugten\/\" \/>\n<meta property=\"og:site_name\" content=\"Guide to Greenland\" \/>\n<meta property=\"article:modified_time\" content=\"2026-03-06T05:13:53+00:00\" \/>\n<meta property=\"og:image\" content=\"https:\/\/guidetogreenland.com\/wp-content\/uploads\/2020\/05\/boat-trip-among-the-icebergs-ilulissat-disko-bay-Guide-to-Greenland-8.jpg\" \/>\n\t<meta property=\"og:image:width\" content=\"798\" \/>\n\t<meta property=\"og:image:height\" content=\"599\" \/>\n\t<meta property=\"og:image:type\" content=\"image\/jpeg\" \/>\n<meta name=\"twitter:card\" content=\"summary_large_image\" \/>\n<meta name=\"twitter:label1\" content=\"Estimeret l\u00e6setid\" \/>\n\t<meta name=\"twitter:data1\" content=\"2 minutter\" \/>\n<script type=\"application\/ld+json\" class=\"yoast-schema-graph\">{\"@context\":\"https:\/\/schema.org\",\"@graph\":[{\"@type\":\"WebPage\",\"@id\":\"https:\/\/guidetogreenland.com\/da\/reserver-ferie-rejser\/isfjordssejlads-ilulissat-diskobugten\/\",\"url\":\"https:\/\/guidetogreenland.com\/da\/reserver-ferie-rejser\/isfjordssejlads-ilulissat-diskobugten\/\",\"name\":\"Isfjordssejlads | Ilulissat | Diskobugten | Guide to Greenland\",\"isPartOf\":{\"@id\":\"https:\/\/guidetogreenland.com\/da\/#website\"},\"primaryImageOfPage\":{\"@id\":\"https:\/\/guidetogreenland.com\/da\/reserver-ferie-rejser\/isfjordssejlads-ilulissat-diskobugten\/#primaryimage\"},\"image\":{\"@id\":\"https:\/\/guidetogreenland.com\/da\/reserver-ferie-rejser\/isfjordssejlads-ilulissat-diskobugten\/#primaryimage\"},\"thumbnailUrl\":\"https:\/\/guidetogreenland.com\/wp-content\/uploads\/2020\/05\/boat-trip-among-the-icebergs-ilulissat-disko-bay-Guide-to-Greenland-8.jpg\",\"datePublished\":\"2020-05-05T08:31:58+00:00\",\"dateModified\":\"2026-03-06T05:13:53+00:00\",\"description\":\"Udforsk de t\u00e5rnh\u00f8je iskatedraler, som Ilulissat er ber\u00f8mt for p\u00e5 denne 2,5 timers b\u00e5dtur blandt isbjergene. Klik for at l\u00e6se mere og booke din rejse.\",\"breadcrumb\":{\"@id\":\"https:\/\/guidetogreenland.com\/da\/reserver-ferie-rejser\/isfjordssejlads-ilulissat-diskobugten\/#breadcrumb\"},\"inLanguage\":\"da-DK\",\"potentialAction\":[{\"@type\":\"ReadAction\",\"target\":[\"https:\/\/guidetogreenland.com\/da\/reserver-ferie-rejser\/isfjordssejlads-ilulissat-diskobugten\/\"]}]},{\"@type\":\"ImageObject\",\"inLanguage\":\"da-DK\",\"@id\":\"https:\/\/guidetogreenland.com\/da\/reserver-ferie-rejser\/isfjordssejlads-ilulissat-diskobugten\/#primaryimage\",\"url\":\"https:\/\/guidetogreenland.com\/wp-content\/uploads\/2020\/05\/boat-trip-among-the-icebergs-ilulissat-disko-bay-Guide-to-Greenland-8.jpg\",\"contentUrl\":\"https:\/\/guidetogreenland.com\/wp-content\/uploads\/2020\/05\/boat-trip-among-the-icebergs-ilulissat-disko-bay-Guide-to-Greenland-8.jpg\",\"width\":798,\"height\":599},{\"@type\":\"BreadcrumbList\",\"@id\":\"https:\/\/guidetogreenland.com\/da\/reserver-ferie-rejser\/isfjordssejlads-ilulissat-diskobugten\/#breadcrumb\",\"itemListElement\":[{\"@type\":\"ListItem\",\"position\":1,\"name\":\"Home\",\"item\":\"https:\/\/guidetogreenland.com\/da\/\"},{\"@type\":\"ListItem\",\"position\":2,\"name\":\"Se alle ture\",\"item\":\"https:\/\/guidetogreenland.com\/da\/reserver-ferie-rejser\/\"},{\"@type\":\"ListItem\",\"position\":3,\"name\":\"Isfjordssejlads | Ilulissat | Diskobugten\"}]},{\"@type\":\"WebSite\",\"@id\":\"https:\/\/guidetogreenland.com\/da\/#website\",\"url\":\"https:\/\/guidetogreenland.com\/da\/\",\"name\":\"Guide to Greenland\",\"description\":\"Largest selection of tours in Greenland\",\"potentialAction\":[{\"@type\":\"SearchAction\",\"target\":{\"@type\":\"EntryPoint\",\"urlTemplate\":\"https:\/\/guidetogreenland.com\/da\/?s={search_term_string}\"},\"query-input\":{\"@type\":\"PropertyValueSpecification\",\"valueRequired\":true,\"valueName\":\"search_term_string\"}}],\"inLanguage\":\"da-DK\"}]}<\/script>\n<!-- \/ Yoast SEO plugin. -->","yoast_head_json":{"title":"Isfjordssejlads | Ilulissat | Diskobugten | Guide to Greenland","description":"Udforsk de t\u00e5rnh\u00f8je iskatedraler, som Ilulissat er ber\u00f8mt for p\u00e5 denne 2,5 timers b\u00e5dtur blandt isbjergene. Klik for at l\u00e6se mere og booke din rejse.","robots":{"index":"index","follow":"follow","max-snippet":"max-snippet:-1","max-image-preview":"max-image-preview:large","max-video-preview":"max-video-preview:-1"},"canonical":"https:\/\/guidetogreenland.com\/da\/reserver-ferie-rejser\/isfjordssejlads-ilulissat-diskobugten\/","og_locale":"da_DK","og_type":"article","og_title":"Isfjordssejlads | Ilulissat | Diskobugten | Guide to Greenland","og_description":"Udforsk de t\u00e5rnh\u00f8je iskatedraler, som Ilulissat er ber\u00f8mt for p\u00e5 denne 2,5 timers b\u00e5dtur blandt isbjergene. Klik for at l\u00e6se mere og booke din rejse.","og_url":"https:\/\/guidetogreenland.com\/da\/reserver-ferie-rejser\/isfjordssejlads-ilulissat-diskobugten\/","og_site_name":"Guide to Greenland","article_modified_time":"2026-03-06T05:13:53+00:00","og_image":[{"width":798,"height":599,"url":"https:\/\/guidetogreenland.com\/wp-content\/uploads\/2020\/05\/boat-trip-among-the-icebergs-ilulissat-disko-bay-Guide-to-Greenland-8.jpg","type":"image\/jpeg"}],"twitter_card":"summary_large_image","twitter_misc":{"Estimeret l\u00e6setid":"2 minutter"},"schema":{"@context":"https:\/\/schema.org","@graph":[{"@type":"WebPage","@id":"https:\/\/guidetogreenland.com\/da\/reserver-ferie-rejser\/isfjordssejlads-ilulissat-diskobugten\/","url":"https:\/\/guidetogreenland.com\/da\/reserver-ferie-rejser\/isfjordssejlads-ilulissat-diskobugten\/","name":"Isfjordssejlads | Ilulissat | Diskobugten | Guide to Greenland","isPartOf":{"@id":"https:\/\/guidetogreenland.com\/da\/#website"},"primaryImageOfPage":{"@id":"https:\/\/guidetogreenland.com\/da\/reserver-ferie-rejser\/isfjordssejlads-ilulissat-diskobugten\/#primaryimage"},"image":{"@id":"https:\/\/guidetogreenland.com\/da\/reserver-ferie-rejser\/isfjordssejlads-ilulissat-diskobugten\/#primaryimage"},"thumbnailUrl":"https:\/\/guidetogreenland.com\/wp-content\/uploads\/2020\/05\/boat-trip-among-the-icebergs-ilulissat-disko-bay-Guide-to-Greenland-8.jpg","datePublished":"2020-05-05T08:31:58+00:00","dateModified":"2026-03-06T05:13:53+00:00","description":"Udforsk de t\u00e5rnh\u00f8je iskatedraler, som Ilulissat er ber\u00f8mt for p\u00e5 denne 2,5 timers b\u00e5dtur blandt isbjergene. Klik for at l\u00e6se mere og booke din rejse.","breadcrumb":{"@id":"https:\/\/guidetogreenland.com\/da\/reserver-ferie-rejser\/isfjordssejlads-ilulissat-diskobugten\/#breadcrumb"},"inLanguage":"da-DK","potentialAction":[{"@type":"ReadAction","target":["https:\/\/guidetogreenland.com\/da\/reserver-ferie-rejser\/isfjordssejlads-ilulissat-diskobugten\/"]}]},{"@type":"ImageObject","inLanguage":"da-DK","@id":"https:\/\/guidetogreenland.com\/da\/reserver-ferie-rejser\/isfjordssejlads-ilulissat-diskobugten\/#primaryimage","url":"https:\/\/guidetogreenland.com\/wp-content\/uploads\/2020\/05\/boat-trip-among-the-icebergs-ilulissat-disko-bay-Guide-to-Greenland-8.jpg","contentUrl":"https:\/\/guidetogreenland.com\/wp-content\/uploads\/2020\/05\/boat-trip-among-the-icebergs-ilulissat-disko-bay-Guide-to-Greenland-8.jpg","width":798,"height":599},{"@type":"BreadcrumbList","@id":"https:\/\/guidetogreenland.com\/da\/reserver-ferie-rejser\/isfjordssejlads-ilulissat-diskobugten\/#breadcrumb","itemListElement":[{"@type":"ListItem","position":1,"name":"Home","item":"https:\/\/guidetogreenland.com\/da\/"},{"@type":"ListItem","position":2,"name":"Se alle ture","item":"https:\/\/guidetogreenland.com\/da\/reserver-ferie-rejser\/"},{"@type":"ListItem","position":3,"name":"Isfjordssejlads | Ilulissat | Diskobugten"}]},{"@type":"WebSite","@id":"https:\/\/guidetogreenland.com\/da\/#website","url":"https:\/\/guidetogreenland.com\/da\/","name":"Guide to Greenland","description":"Largest selection of tours in Greenland","potentialAction":[{"@type":"SearchAction","target":{"@type":"EntryPoint","urlTemplate":"https:\/\/guidetogreenland.com\/da\/?s={search_term_string}"},"query-input":{"@type":"PropertyValueSpecification","valueRequired":true,"valueName":"search_term_string"}}],"inLanguage":"da-DK"}]}},"_links":{"self":[{"href":"https:\/\/guidetogreenland.com\/da\/wp-json\/wp\/v2\/product\/12832","targetHints":{"allow":["GET"]}}],"collection":[{"href":"https:\/\/guidetogreenland.com\/da\/wp-json\/wp\/v2\/product"}],"about":[{"href":"https:\/\/guidetogreenland.com\/da\/wp-json\/wp\/v2\/types\/product"}],"replies":[{"embeddable":true,"href":"https:\/\/guidetogreenland.com\/da\/wp-json\/wp\/v2\/comments?post=12832"}],"wp:featuredmedia":[{"embeddable":true,"href":"https:\/\/guidetogreenland.com\/da\/wp-json\/wp\/v2\/media\/12834"}],"wp:attachment":[{"href":"https:\/\/guidetogreenland.com\/da\/wp-json\/wp\/v2\/media?parent=12832"}],"wp:term":[{"taxonomy":"product_brand","embeddable":true,"href":"https:\/\/guidetogreenland.com\/da\/wp-json\/wp\/v2\/product_brand?post=12832"},{"taxonomy":"product_cat","embeddable":true,"href":"https:\/\/guidetogreenland.com\/da\/wp-json\/wp\/v2\/product_cat?post=12832"},{"taxonomy":"product_tag","embeddable":true,"href":"https:\/\/guidetogreenland.com\/da\/wp-json\/wp\/v2\/product_tag?post=12832"}],"curies":[{"name":"wp","href":"https:\/\/api.w.org\/{rel}","templated":true}]}}