{"id":12842,"date":"2020-05-12T09:11:22","date_gmt":"2020-05-12T09:11:22","guid":{"rendered":"https:\/\/guidetogreenland.com\/book-trips-holiday\/camp-on-the-greenland-ice-sheet-kangerlussuaq-west-greenland\/"},"modified":"2025-08-11T03:22:56","modified_gmt":"2025-08-11T06:22:56","slug":"overnatning-pa-indlandsisen-kangerlussuaq-vestgronland","status":"publish","type":"product","link":"https:\/\/guidetogreenland.com\/da\/reserver-ferie-rejser\/overnatning-pa-indlandsisen-kangerlussuaq-vestgronland\/","title":{"rendered":"Overnatning p\u00e5 Indlandsisen | Kangerlussuaq | Vestgr\u00f8nland"},"content":{"rendered":"<p class=\"x-18pep25\">Har du lyst til at g\u00e5 i fodsporene p\u00e5 polar opdagelsesrejsende som Fridtjof Nansen, og udforske den fantastiske indlandsis med dens smeltevandsfloder, gletscherspalter, frosne s\u00f8er og til sidst overnatte p\u00e5 indlandsisen?<\/p>\n<p class=\"e1imf5dp0 x-jm2771\">For at kunne g\u00f8re dette f\u00e5r i hj\u00e6lp fra en erfaren guide. Turen starter s\u00e5 snart du s\u00e6tter foden ind i det specialiserede 4WD k\u00f8ret\u00f8j, med store panoramiske vinduer s\u00e5 i kan nyde udsigten p\u00e5 den 25 km lange k\u00f8retur ind gennem vildmarken til det ber\u00f8mte Point 660 ved indlandsisen. Det tager ca. 1 time at komme dertil, s\u00e5 snart vi ankommer holder vi en sikkerhedsbriefing og snakk<span class=\"x-12abj6v e1uuu2lt3\">er om de f\u00f8lgende aktiviteter. Derfra drager vi ud p\u00e5 isen for at\u00a0g\u00f8re camp klar, n\u00e5r den er klar bliver du bel\u00f8nnet med noget varmt at drikke som du kan nyde sammen med den ro og stilhed der er p\u00e5 isen. Som natten n\u00e6rmer sig virker m\u00f8rket mere farverigt, da vi er langt fra al lysforurening, s\u00e5 stjernerne st\u00e5r tydeligere og endda muligvis nordlys vil vise sine flotte flarver. S\u00e5 s\u00e6t dig tilbage og nyd det f\u00f8r du kravler ind i den varme sovepose.\u00a0<\/span><\/p>\n<p class=\"e1imf5dp0 x-jm2771\"><span class=\"x-12abj6v e1uuu2lt3\">N\u00e6ste morgen starter vi med en energirig morgenmad, hvorefter vi pakker campen ned og g\u00e5r vi 3-4 timer tilbage til Punkt 660. Vi efterlader intet andet end vores fodspor.\u00a0 <\/span><\/p>\n<p class=\"e1imf5dp0 x-jm2771\">Lyder det som noget for dig? S\u00e5 find da en dato der passer dig og tryk p\u00e5 &#8216;V\u00e6lg en dag&#8217; og find ud af hvorn\u00e5r du skal p\u00e5 dit n\u00e6ste eventyr!<\/p>\n","protected":false},"excerpt":{"rendered":"Har du lyst til at g\u00e5 i fodsporene p\u00e5 polar opdagelsesrejsende som Fridtjof Nansen, og udforske den fantastiske indlandsis med dens smeltevandsfloder, gletscherspalter, frosne s\u00f8er og til sidst overnatte p\u00e5 indlandsisen? For at kunne g\u00f8re dette f\u00e5r i hj\u00e6lp fra en erfaren guide. Turen starter s\u00e5 snart du s\u00e6tter foden ind i det specialiserede 4WD&#8230;","protected":false},"featured_media":12844,"comment_status":"open","ping_status":"closed","template":"","meta":[],"product_brand":[],"product_cat":[628,605,614,612,619,593,627,643,646,608],"product_tag":[924],"class_list":{"0":"post-12842","1":"product","2":"type-product","3":"status-publish","4":"has-post-thumbnail","6":"product_cat-arctic-circle-trail","7":"product_cat-dagsture-om-sommeren","8":"product_cat-gletsjer-og-indlandsisen","9":"product_cat-natur-og-dyreliv-i-groenland","10":"product_cat-nordlys-ture","11":"product_cat-oplevelser-i-groenland","12":"product_cat-ture-i-bestemte-omraader","13":"product_cat-ture-i-hver-by","14":"product_cat-ture-i-kangerlussuaq","15":"product_cat-vandre-og-trekkingture","16":"product_tag-kangerlussuaq-da","17":"pa_activities-gletschervandring","18":"pa_activities-camping","19":"pa_activities-vandretur","20":"pa_activities-gletscher-udsigt","21":"pa_attractions-punkt-660","22":"pa_available-month-marts","23":"pa_available-month-april","24":"pa_available-month-maj","25":"pa_available-month-juni","26":"pa_available-month-juli","27":"pa_available-month-august","28":"pa_available-month-september","29":"pa_available-month-oktober","30":"pa_destinations-kangerlussuaq","31":"pa_difficulty-moderat","32":"pa_duration-2-dage","33":"pa_tour-type-flerdags-ture","34":"yith_shop_vendor-albatros-arctic-circle-da","35":"yith_booking_service-backpack-40l","37":"first","38":"instock","39":"featured","40":"virtual","41":"sold-individually","42":"purchasable","43":"product-type-booking"},"acf":[],"yoast_head":"<!-- This site is optimized with the Yoast SEO plugin v25.6 - https:\/\/yoast.com\/wordpress\/plugins\/seo\/ -->\n<title>Overnatning p\u00e5 Indlandsisen | Kangerlussuaq | Vestgr\u00f8nland | Guide to Greenland<\/title>\n<meta name=\"description\" content=\"G\u00e5 i fodsporene p\u00e5 de arktiske opdagelsesrejsende og tilbring en natcamping p\u00e5 Great Greenland Ice Sheet. Book denne ultimative arktiske oplevelse her.\" \/>\n<meta name=\"robots\" content=\"index, follow, max-snippet:-1, max-image-preview:large, max-video-preview:-1\" \/>\n<link rel=\"canonical\" href=\"https:\/\/guidetogreenland.com\/da\/reserver-ferie-rejser\/overnatning-pa-indlandsisen-kangerlussuaq-vestgronland\/\" \/>\n<meta property=\"og:locale\" content=\"da_DK\" \/>\n<meta property=\"og:type\" content=\"article\" \/>\n<meta property=\"og:title\" content=\"Overnatning p\u00e5 Indlandsisen | Kangerlussuaq | Vestgr\u00f8nland | Guide to Greenland\" \/>\n<meta property=\"og:description\" content=\"G\u00e5 i fodsporene p\u00e5 de arktiske opdagelsesrejsende og tilbring en natcamping p\u00e5 Great Greenland Ice Sheet. Book denne ultimative arktiske oplevelse her.\" \/>\n<meta property=\"og:url\" content=\"https:\/\/guidetogreenland.com\/da\/reserver-ferie-rejser\/overnatning-pa-indlandsisen-kangerlussuaq-vestgronland\/\" \/>\n<meta property=\"og:site_name\" content=\"Guide to Greenland\" \/>\n<meta property=\"article:modified_time\" content=\"2025-08-11T06:22:56+00:00\" \/>\n<meta property=\"og:image\" content=\"https:\/\/guidetogreenland.com\/wp-content\/uploads\/2020\/05\/camp-on-the-greenland-ice-sheet-kangerlussuaq-west-greenland.jpg\" \/>\n\t<meta property=\"og:image:width\" content=\"926\" \/>\n\t<meta property=\"og:image:height\" content=\"576\" \/>\n\t<meta property=\"og:image:type\" content=\"image\/jpeg\" \/>\n<meta name=\"twitter:card\" content=\"summary_large_image\" \/>\n<meta name=\"twitter:label1\" content=\"Estimeret l\u00e6setid\" \/>\n\t<meta name=\"twitter:data1\" content=\"2 minutter\" \/>\n<script type=\"application\/ld+json\" class=\"yoast-schema-graph\">{\"@context\":\"https:\/\/schema.org\",\"@graph\":[{\"@type\":\"WebPage\",\"@id\":\"https:\/\/guidetogreenland.com\/da\/reserver-ferie-rejser\/overnatning-pa-indlandsisen-kangerlussuaq-vestgronland\/\",\"url\":\"https:\/\/guidetogreenland.com\/da\/reserver-ferie-rejser\/overnatning-pa-indlandsisen-kangerlussuaq-vestgronland\/\",\"name\":\"Overnatning p\u00e5 Indlandsisen | Kangerlussuaq | Vestgr\u00f8nland | Guide to Greenland\",\"isPartOf\":{\"@id\":\"https:\/\/guidetogreenland.com\/da\/#website\"},\"primaryImageOfPage\":{\"@id\":\"https:\/\/guidetogreenland.com\/da\/reserver-ferie-rejser\/overnatning-pa-indlandsisen-kangerlussuaq-vestgronland\/#primaryimage\"},\"image\":{\"@id\":\"https:\/\/guidetogreenland.com\/da\/reserver-ferie-rejser\/overnatning-pa-indlandsisen-kangerlussuaq-vestgronland\/#primaryimage\"},\"thumbnailUrl\":\"https:\/\/guidetogreenland.com\/wp-content\/uploads\/2020\/05\/camp-on-the-greenland-ice-sheet-kangerlussuaq-west-greenland.jpg\",\"datePublished\":\"2020-05-12T09:11:22+00:00\",\"dateModified\":\"2025-08-11T06:22:56+00:00\",\"description\":\"G\u00e5 i fodsporene p\u00e5 de arktiske opdagelsesrejsende og tilbring en natcamping p\u00e5 Great Greenland Ice Sheet. Book denne ultimative arktiske oplevelse her.\",\"breadcrumb\":{\"@id\":\"https:\/\/guidetogreenland.com\/da\/reserver-ferie-rejser\/overnatning-pa-indlandsisen-kangerlussuaq-vestgronland\/#breadcrumb\"},\"inLanguage\":\"da-DK\",\"potentialAction\":[{\"@type\":\"ReadAction\",\"target\":[\"https:\/\/guidetogreenland.com\/da\/reserver-ferie-rejser\/overnatning-pa-indlandsisen-kangerlussuaq-vestgronland\/\"]}]},{\"@type\":\"ImageObject\",\"inLanguage\":\"da-DK\",\"@id\":\"https:\/\/guidetogreenland.com\/da\/reserver-ferie-rejser\/overnatning-pa-indlandsisen-kangerlussuaq-vestgronland\/#primaryimage\",\"url\":\"https:\/\/guidetogreenland.com\/wp-content\/uploads\/2020\/05\/camp-on-the-greenland-ice-sheet-kangerlussuaq-west-greenland.jpg\",\"contentUrl\":\"https:\/\/guidetogreenland.com\/wp-content\/uploads\/2020\/05\/camp-on-the-greenland-ice-sheet-kangerlussuaq-west-greenland.jpg\",\"width\":926,\"height\":576},{\"@type\":\"BreadcrumbList\",\"@id\":\"https:\/\/guidetogreenland.com\/da\/reserver-ferie-rejser\/overnatning-pa-indlandsisen-kangerlussuaq-vestgronland\/#breadcrumb\",\"itemListElement\":[{\"@type\":\"ListItem\",\"position\":1,\"name\":\"Home\",\"item\":\"https:\/\/guidetogreenland.com\/da\/\"},{\"@type\":\"ListItem\",\"position\":2,\"name\":\"Se alle ture\",\"item\":\"https:\/\/guidetogreenland.com\/da\/reserver-ferie-rejser\/\"},{\"@type\":\"ListItem\",\"position\":3,\"name\":\"Overnatning p\u00e5 Indlandsisen | Kangerlussuaq | Vestgr\u00f8nland\"}]},{\"@type\":\"WebSite\",\"@id\":\"https:\/\/guidetogreenland.com\/da\/#website\",\"url\":\"https:\/\/guidetogreenland.com\/da\/\",\"name\":\"Guide to Greenland\",\"description\":\"Largest selection of tours in Greenland\",\"potentialAction\":[{\"@type\":\"SearchAction\",\"target\":{\"@type\":\"EntryPoint\",\"urlTemplate\":\"https:\/\/guidetogreenland.com\/da\/?s={search_term_string}\"},\"query-input\":{\"@type\":\"PropertyValueSpecification\",\"valueRequired\":true,\"valueName\":\"search_term_string\"}}],\"inLanguage\":\"da-DK\"}]}<\/script>\n<!-- \/ Yoast SEO plugin. -->","yoast_head_json":{"title":"Overnatning p\u00e5 Indlandsisen | Kangerlussuaq | Vestgr\u00f8nland | Guide to Greenland","description":"G\u00e5 i fodsporene p\u00e5 de arktiske opdagelsesrejsende og tilbring en natcamping p\u00e5 Great Greenland Ice Sheet. Book denne ultimative arktiske oplevelse her.","robots":{"index":"index","follow":"follow","max-snippet":"max-snippet:-1","max-image-preview":"max-image-preview:large","max-video-preview":"max-video-preview:-1"},"canonical":"https:\/\/guidetogreenland.com\/da\/reserver-ferie-rejser\/overnatning-pa-indlandsisen-kangerlussuaq-vestgronland\/","og_locale":"da_DK","og_type":"article","og_title":"Overnatning p\u00e5 Indlandsisen | Kangerlussuaq | Vestgr\u00f8nland | Guide to Greenland","og_description":"G\u00e5 i fodsporene p\u00e5 de arktiske opdagelsesrejsende og tilbring en natcamping p\u00e5 Great Greenland Ice Sheet. Book denne ultimative arktiske oplevelse her.","og_url":"https:\/\/guidetogreenland.com\/da\/reserver-ferie-rejser\/overnatning-pa-indlandsisen-kangerlussuaq-vestgronland\/","og_site_name":"Guide to Greenland","article_modified_time":"2025-08-11T06:22:56+00:00","og_image":[{"width":926,"height":576,"url":"https:\/\/guidetogreenland.com\/wp-content\/uploads\/2020\/05\/camp-on-the-greenland-ice-sheet-kangerlussuaq-west-greenland.jpg","type":"image\/jpeg"}],"twitter_card":"summary_large_image","twitter_misc":{"Estimeret l\u00e6setid":"2 minutter"},"schema":{"@context":"https:\/\/schema.org","@graph":[{"@type":"WebPage","@id":"https:\/\/guidetogreenland.com\/da\/reserver-ferie-rejser\/overnatning-pa-indlandsisen-kangerlussuaq-vestgronland\/","url":"https:\/\/guidetogreenland.com\/da\/reserver-ferie-rejser\/overnatning-pa-indlandsisen-kangerlussuaq-vestgronland\/","name":"Overnatning p\u00e5 Indlandsisen | Kangerlussuaq | Vestgr\u00f8nland | Guide to Greenland","isPartOf":{"@id":"https:\/\/guidetogreenland.com\/da\/#website"},"primaryImageOfPage":{"@id":"https:\/\/guidetogreenland.com\/da\/reserver-ferie-rejser\/overnatning-pa-indlandsisen-kangerlussuaq-vestgronland\/#primaryimage"},"image":{"@id":"https:\/\/guidetogreenland.com\/da\/reserver-ferie-rejser\/overnatning-pa-indlandsisen-kangerlussuaq-vestgronland\/#primaryimage"},"thumbnailUrl":"https:\/\/guidetogreenland.com\/wp-content\/uploads\/2020\/05\/camp-on-the-greenland-ice-sheet-kangerlussuaq-west-greenland.jpg","datePublished":"2020-05-12T09:11:22+00:00","dateModified":"2025-08-11T06:22:56+00:00","description":"G\u00e5 i fodsporene p\u00e5 de arktiske opdagelsesrejsende og tilbring en natcamping p\u00e5 Great Greenland Ice Sheet. Book denne ultimative arktiske oplevelse her.","breadcrumb":{"@id":"https:\/\/guidetogreenland.com\/da\/reserver-ferie-rejser\/overnatning-pa-indlandsisen-kangerlussuaq-vestgronland\/#breadcrumb"},"inLanguage":"da-DK","potentialAction":[{"@type":"ReadAction","target":["https:\/\/guidetogreenland.com\/da\/reserver-ferie-rejser\/overnatning-pa-indlandsisen-kangerlussuaq-vestgronland\/"]}]},{"@type":"ImageObject","inLanguage":"da-DK","@id":"https:\/\/guidetogreenland.com\/da\/reserver-ferie-rejser\/overnatning-pa-indlandsisen-kangerlussuaq-vestgronland\/#primaryimage","url":"https:\/\/guidetogreenland.com\/wp-content\/uploads\/2020\/05\/camp-on-the-greenland-ice-sheet-kangerlussuaq-west-greenland.jpg","contentUrl":"https:\/\/guidetogreenland.com\/wp-content\/uploads\/2020\/05\/camp-on-the-greenland-ice-sheet-kangerlussuaq-west-greenland.jpg","width":926,"height":576},{"@type":"BreadcrumbList","@id":"https:\/\/guidetogreenland.com\/da\/reserver-ferie-rejser\/overnatning-pa-indlandsisen-kangerlussuaq-vestgronland\/#breadcrumb","itemListElement":[{"@type":"ListItem","position":1,"name":"Home","item":"https:\/\/guidetogreenland.com\/da\/"},{"@type":"ListItem","position":2,"name":"Se alle ture","item":"https:\/\/guidetogreenland.com\/da\/reserver-ferie-rejser\/"},{"@type":"ListItem","position":3,"name":"Overnatning p\u00e5 Indlandsisen | Kangerlussuaq | Vestgr\u00f8nland"}]},{"@type":"WebSite","@id":"https:\/\/guidetogreenland.com\/da\/#website","url":"https:\/\/guidetogreenland.com\/da\/","name":"Guide to Greenland","description":"Largest selection of tours in Greenland","potentialAction":[{"@type":"SearchAction","target":{"@type":"EntryPoint","urlTemplate":"https:\/\/guidetogreenland.com\/da\/?s={search_term_string}"},"query-input":{"@type":"PropertyValueSpecification","valueRequired":true,"valueName":"search_term_string"}}],"inLanguage":"da-DK"}]}},"_links":{"self":[{"href":"https:\/\/guidetogreenland.com\/da\/wp-json\/wp\/v2\/product\/12842","targetHints":{"allow":["GET"]}}],"collection":[{"href":"https:\/\/guidetogreenland.com\/da\/wp-json\/wp\/v2\/product"}],"about":[{"href":"https:\/\/guidetogreenland.com\/da\/wp-json\/wp\/v2\/types\/product"}],"replies":[{"embeddable":true,"href":"https:\/\/guidetogreenland.com\/da\/wp-json\/wp\/v2\/comments?post=12842"}],"wp:featuredmedia":[{"embeddable":true,"href":"https:\/\/guidetogreenland.com\/da\/wp-json\/wp\/v2\/media\/12844"}],"wp:attachment":[{"href":"https:\/\/guidetogreenland.com\/da\/wp-json\/wp\/v2\/media?parent=12842"}],"wp:term":[{"taxonomy":"product_brand","embeddable":true,"href":"https:\/\/guidetogreenland.com\/da\/wp-json\/wp\/v2\/product_brand?post=12842"},{"taxonomy":"product_cat","embeddable":true,"href":"https:\/\/guidetogreenland.com\/da\/wp-json\/wp\/v2\/product_cat?post=12842"},{"taxonomy":"product_tag","embeddable":true,"href":"https:\/\/guidetogreenland.com\/da\/wp-json\/wp\/v2\/product_tag?post=12842"}],"curies":[{"name":"wp","href":"https:\/\/api.w.org\/{rel}","templated":true}]}}