{"id":12897,"date":"2020-05-12T11:01:42","date_gmt":"2020-05-12T11:01:42","guid":{"rendered":"https:\/\/guidetogreenland.com\/book-trips-holiday\/chasing-the-northern-lights-ilulissat-disko-bay\/"},"modified":"2025-01-02T03:23:20","modified_gmt":"2025-01-02T06:23:20","slug":"chasing-the-northern-lights-ilulissat-disko-bay","status":"publish","type":"product","link":"https:\/\/guidetogreenland.com\/da\/reserver-ferie-rejser\/nordlys-safari-ilulissat-diskobugt\/","title":{"rendered":"Nordlys Safari | Ilulissat | Diskobugt"},"content":{"rendered":"<p class=\"x-18pep25\">Opfyld dr\u00f8mmen om at opleve det magiske nordlys, n\u00e5r du bes\u00f8ger Ilulissat.<\/p>\n<p class=\"x-18pep25\">Vi henter dig fra dit hotel og tilbringer aftenen p\u00e5 den bedste udsigt over den storsl\u00e5ede Aurora Borealis p\u00e5 de m\u00f8rkeste steder i byen. Dette eventyr f\u00f8rer dig til udkanten af Ilulissat, hvor din guide vil forklare, hvordan storme p\u00e5 solen for\u00e5rsager disse lys i vores atmosf\u00e6re, mens du ser dem danse ovenfor. Der er nordlys n\u00e6sten hver nat i denne del af Gr\u00f8nland, s\u00e5 du har en meget god chance for at se dem under dit ophold.<\/p>\n<p class=\"x-18pep25\">Selvom din guide kan hj\u00e6lpe dig med tip til fotografering af lysene, opfordrer vi dig til at l\u00e6ne dig tilbage med den medf\u00f8lgende varme te eller kaffe og drikke i det vidunderlige live show. Der er intet som at se b\u00e5nd og gardiner af lys, der str\u00f8mmer lydl\u00f8st hen over baggrunden af krystalstjerner.<\/p>\n<p class=\"x-18pep25\">V\u00e6k fra byens lysforurening, er det Vinter Arktiske lysshow p\u00e5 sit mest spektakul\u00e6re, s\u00e5 book dit s\u00e6de p\u00e5 forreste r\u00e6kke ved at v\u00e6lge din rejsedato og klikke p\u00e5 <strong>Book Nu<\/strong><\/p>\n<p class=\"e1imf5dp0 x-jm2771\"><em><span class=\"x-12abj6v e1uuu2lt3\">Bem\u00e6rk: Vi bruger videnskabelige forudsigelser til at bestemme sandsynligheden for, at nordlyset vises under din tur. Hvis det ikke ser godt ud, giver vi dig besked omkring en time f\u00f8r turen starter og oml\u00e6gger en ny aften. Hvis de slet ikke vises under dit ophold i Ilulissat, refunderer vi din betaling.\u00a0<\/span><\/em><\/p>\n","protected":false},"excerpt":{"rendered":"Opfyld dr\u00f8mmen om at opleve det magiske nordlys, n\u00e5r du bes\u00f8ger Ilulissat. Vi henter dig fra dit hotel og tilbringer aftenen p\u00e5 den bedste udsigt over den storsl\u00e5ede Aurora Borealis p\u00e5 de m\u00f8rkeste steder i byen. Dette eventyr f\u00f8rer dig til udkanten af Ilulissat, hvor din guide vil forklare, hvordan storme p\u00e5 solen for\u00e5rsager disse&#8230;","protected":false},"featured_media":12899,"comment_status":"open","ping_status":"closed","template":"","meta":[],"product_brand":[],"product_cat":[606,629,612,619,593,627,643,644],"product_tag":[919],"class_list":{"0":"post-12897","1":"product","2":"type-product","3":"status-publish","4":"has-post-thumbnail","6":"product_cat-dagsture-om-vinteren","7":"product_cat-disko-bugten","8":"product_cat-natur-og-dyreliv-i-groenland","9":"product_cat-nordlys-ture","10":"product_cat-oplevelser-i-groenland","11":"product_cat-ture-i-bestemte-omraader","12":"product_cat-ture-i-hver-by","13":"product_cat-ture-i-ilulissat","14":"product_tag-ilulissat-da","15":"pa_activities-nordlys","16":"pa_attractions-disko-bay-da","17":"pa_available-month-januar","18":"pa_available-month-februar","19":"pa_available-month-marts","20":"pa_available-month-september","21":"pa_available-month-oktober","22":"pa_available-month-november","23":"pa_available-month-december","24":"pa_destinations-ilulissat","25":"pa_difficulty-let","26":"pa_duration-2-timer","27":"pa_tour-type-dagsture","28":"yith_shop_vendor-albatros-ilulissat-da","30":"first","31":"instock","32":"virtual","33":"sold-individually","34":"purchasable","35":"product-type-booking"},"acf":[],"yoast_head":"<!-- This site is optimized with the Yoast SEO plugin v25.6 - https:\/\/yoast.com\/wordpress\/plugins\/seo\/ -->\n<title>Nordlys Safari | Ilulissat | Diskobugt | Guide to Greenland<\/title>\n<meta name=\"robots\" content=\"index, follow, max-snippet:-1, max-image-preview:large, max-video-preview:-1\" \/>\n<link rel=\"canonical\" href=\"https:\/\/guidetogreenland.com\/da\/reserver-ferie-rejser\/nordlys-safari-ilulissat-diskobugt\/\" \/>\n<meta property=\"og:locale\" content=\"da_DK\" \/>\n<meta property=\"og:type\" content=\"article\" \/>\n<meta property=\"og:title\" content=\"Nordlys Safari | Ilulissat | Diskobugt | Guide to Greenland\" \/>\n<meta property=\"og:description\" content=\"Opfyld dr\u00f8mmen om at opleve det magiske nordlys, n\u00e5r du bes\u00f8ger Ilulissat. Vi henter dig fra dit hotel og tilbringer aftenen p\u00e5 den bedste udsigt over den storsl\u00e5ede Aurora Borealis p\u00e5 de m\u00f8rkeste steder i byen. Dette eventyr f\u00f8rer dig til udkanten af Ilulissat, hvor din guide vil forklare, hvordan storme p\u00e5 solen for\u00e5rsager disse...\" \/>\n<meta property=\"og:url\" content=\"https:\/\/guidetogreenland.com\/da\/reserver-ferie-rejser\/nordlys-safari-ilulissat-diskobugt\/\" \/>\n<meta property=\"og:site_name\" content=\"Guide to Greenland\" \/>\n<meta property=\"article:modified_time\" content=\"2025-01-02T06:23:20+00:00\" \/>\n<meta property=\"og:image\" content=\"https:\/\/guidetogreenland.com\/wp-content\/uploads\/2020\/05\/Chasing-the-Northern-Lights-Ilulissat-Disko-Bay-Guide-to-Greenland10.jpg\" \/>\n\t<meta property=\"og:image:width\" content=\"926\" \/>\n\t<meta property=\"og:image:height\" content=\"617\" \/>\n\t<meta property=\"og:image:type\" content=\"image\/jpeg\" \/>\n<meta name=\"twitter:card\" content=\"summary_large_image\" \/>\n<meta name=\"twitter:label1\" content=\"Estimeret l\u00e6setid\" \/>\n\t<meta name=\"twitter:data1\" content=\"1 minut\" \/>\n<script type=\"application\/ld+json\" class=\"yoast-schema-graph\">{\"@context\":\"https:\/\/schema.org\",\"@graph\":[{\"@type\":\"WebPage\",\"@id\":\"https:\/\/guidetogreenland.com\/da\/reserver-ferie-rejser\/nordlys-safari-ilulissat-diskobugt\/\",\"url\":\"https:\/\/guidetogreenland.com\/da\/reserver-ferie-rejser\/nordlys-safari-ilulissat-diskobugt\/\",\"name\":\"Nordlys Safari | Ilulissat | Diskobugt | Guide to Greenland\",\"isPartOf\":{\"@id\":\"https:\/\/guidetogreenland.com\/da\/#website\"},\"primaryImageOfPage\":{\"@id\":\"https:\/\/guidetogreenland.com\/da\/reserver-ferie-rejser\/nordlys-safari-ilulissat-diskobugt\/#primaryimage\"},\"image\":{\"@id\":\"https:\/\/guidetogreenland.com\/da\/reserver-ferie-rejser\/nordlys-safari-ilulissat-diskobugt\/#primaryimage\"},\"thumbnailUrl\":\"https:\/\/guidetogreenland.com\/wp-content\/uploads\/2020\/05\/Chasing-the-Northern-Lights-Ilulissat-Disko-Bay-Guide-to-Greenland10.jpg\",\"datePublished\":\"2020-05-12T11:01:42+00:00\",\"dateModified\":\"2025-01-02T06:23:20+00:00\",\"breadcrumb\":{\"@id\":\"https:\/\/guidetogreenland.com\/da\/reserver-ferie-rejser\/nordlys-safari-ilulissat-diskobugt\/#breadcrumb\"},\"inLanguage\":\"da-DK\",\"potentialAction\":[{\"@type\":\"ReadAction\",\"target\":[\"https:\/\/guidetogreenland.com\/da\/reserver-ferie-rejser\/nordlys-safari-ilulissat-diskobugt\/\"]}]},{\"@type\":\"ImageObject\",\"inLanguage\":\"da-DK\",\"@id\":\"https:\/\/guidetogreenland.com\/da\/reserver-ferie-rejser\/nordlys-safari-ilulissat-diskobugt\/#primaryimage\",\"url\":\"https:\/\/guidetogreenland.com\/wp-content\/uploads\/2020\/05\/Chasing-the-Northern-Lights-Ilulissat-Disko-Bay-Guide-to-Greenland10.jpg\",\"contentUrl\":\"https:\/\/guidetogreenland.com\/wp-content\/uploads\/2020\/05\/Chasing-the-Northern-Lights-Ilulissat-Disko-Bay-Guide-to-Greenland10.jpg\",\"width\":926,\"height\":617},{\"@type\":\"BreadcrumbList\",\"@id\":\"https:\/\/guidetogreenland.com\/da\/reserver-ferie-rejser\/nordlys-safari-ilulissat-diskobugt\/#breadcrumb\",\"itemListElement\":[{\"@type\":\"ListItem\",\"position\":1,\"name\":\"Home\",\"item\":\"https:\/\/guidetogreenland.com\/da\/\"},{\"@type\":\"ListItem\",\"position\":2,\"name\":\"Se alle ture\",\"item\":\"https:\/\/guidetogreenland.com\/da\/reserver-ferie-rejser\/\"},{\"@type\":\"ListItem\",\"position\":3,\"name\":\"Nordlys Safari | Ilulissat | Diskobugt\"}]},{\"@type\":\"WebSite\",\"@id\":\"https:\/\/guidetogreenland.com\/da\/#website\",\"url\":\"https:\/\/guidetogreenland.com\/da\/\",\"name\":\"Guide to Greenland\",\"description\":\"Largest selection of tours in Greenland\",\"potentialAction\":[{\"@type\":\"SearchAction\",\"target\":{\"@type\":\"EntryPoint\",\"urlTemplate\":\"https:\/\/guidetogreenland.com\/da\/?s={search_term_string}\"},\"query-input\":{\"@type\":\"PropertyValueSpecification\",\"valueRequired\":true,\"valueName\":\"search_term_string\"}}],\"inLanguage\":\"da-DK\"}]}<\/script>\n<!-- \/ Yoast SEO plugin. -->","yoast_head_json":{"title":"Nordlys Safari | Ilulissat | Diskobugt | Guide to Greenland","robots":{"index":"index","follow":"follow","max-snippet":"max-snippet:-1","max-image-preview":"max-image-preview:large","max-video-preview":"max-video-preview:-1"},"canonical":"https:\/\/guidetogreenland.com\/da\/reserver-ferie-rejser\/nordlys-safari-ilulissat-diskobugt\/","og_locale":"da_DK","og_type":"article","og_title":"Nordlys Safari | Ilulissat | Diskobugt | Guide to Greenland","og_description":"Opfyld dr\u00f8mmen om at opleve det magiske nordlys, n\u00e5r du bes\u00f8ger Ilulissat. Vi henter dig fra dit hotel og tilbringer aftenen p\u00e5 den bedste udsigt over den storsl\u00e5ede Aurora Borealis p\u00e5 de m\u00f8rkeste steder i byen. Dette eventyr f\u00f8rer dig til udkanten af Ilulissat, hvor din guide vil forklare, hvordan storme p\u00e5 solen for\u00e5rsager disse...","og_url":"https:\/\/guidetogreenland.com\/da\/reserver-ferie-rejser\/nordlys-safari-ilulissat-diskobugt\/","og_site_name":"Guide to Greenland","article_modified_time":"2025-01-02T06:23:20+00:00","og_image":[{"width":926,"height":617,"url":"https:\/\/guidetogreenland.com\/wp-content\/uploads\/2020\/05\/Chasing-the-Northern-Lights-Ilulissat-Disko-Bay-Guide-to-Greenland10.jpg","type":"image\/jpeg"}],"twitter_card":"summary_large_image","twitter_misc":{"Estimeret l\u00e6setid":"1 minut"},"schema":{"@context":"https:\/\/schema.org","@graph":[{"@type":"WebPage","@id":"https:\/\/guidetogreenland.com\/da\/reserver-ferie-rejser\/nordlys-safari-ilulissat-diskobugt\/","url":"https:\/\/guidetogreenland.com\/da\/reserver-ferie-rejser\/nordlys-safari-ilulissat-diskobugt\/","name":"Nordlys Safari | Ilulissat | Diskobugt | Guide to Greenland","isPartOf":{"@id":"https:\/\/guidetogreenland.com\/da\/#website"},"primaryImageOfPage":{"@id":"https:\/\/guidetogreenland.com\/da\/reserver-ferie-rejser\/nordlys-safari-ilulissat-diskobugt\/#primaryimage"},"image":{"@id":"https:\/\/guidetogreenland.com\/da\/reserver-ferie-rejser\/nordlys-safari-ilulissat-diskobugt\/#primaryimage"},"thumbnailUrl":"https:\/\/guidetogreenland.com\/wp-content\/uploads\/2020\/05\/Chasing-the-Northern-Lights-Ilulissat-Disko-Bay-Guide-to-Greenland10.jpg","datePublished":"2020-05-12T11:01:42+00:00","dateModified":"2025-01-02T06:23:20+00:00","breadcrumb":{"@id":"https:\/\/guidetogreenland.com\/da\/reserver-ferie-rejser\/nordlys-safari-ilulissat-diskobugt\/#breadcrumb"},"inLanguage":"da-DK","potentialAction":[{"@type":"ReadAction","target":["https:\/\/guidetogreenland.com\/da\/reserver-ferie-rejser\/nordlys-safari-ilulissat-diskobugt\/"]}]},{"@type":"ImageObject","inLanguage":"da-DK","@id":"https:\/\/guidetogreenland.com\/da\/reserver-ferie-rejser\/nordlys-safari-ilulissat-diskobugt\/#primaryimage","url":"https:\/\/guidetogreenland.com\/wp-content\/uploads\/2020\/05\/Chasing-the-Northern-Lights-Ilulissat-Disko-Bay-Guide-to-Greenland10.jpg","contentUrl":"https:\/\/guidetogreenland.com\/wp-content\/uploads\/2020\/05\/Chasing-the-Northern-Lights-Ilulissat-Disko-Bay-Guide-to-Greenland10.jpg","width":926,"height":617},{"@type":"BreadcrumbList","@id":"https:\/\/guidetogreenland.com\/da\/reserver-ferie-rejser\/nordlys-safari-ilulissat-diskobugt\/#breadcrumb","itemListElement":[{"@type":"ListItem","position":1,"name":"Home","item":"https:\/\/guidetogreenland.com\/da\/"},{"@type":"ListItem","position":2,"name":"Se alle ture","item":"https:\/\/guidetogreenland.com\/da\/reserver-ferie-rejser\/"},{"@type":"ListItem","position":3,"name":"Nordlys Safari | Ilulissat | Diskobugt"}]},{"@type":"WebSite","@id":"https:\/\/guidetogreenland.com\/da\/#website","url":"https:\/\/guidetogreenland.com\/da\/","name":"Guide to Greenland","description":"Largest selection of tours in Greenland","potentialAction":[{"@type":"SearchAction","target":{"@type":"EntryPoint","urlTemplate":"https:\/\/guidetogreenland.com\/da\/?s={search_term_string}"},"query-input":{"@type":"PropertyValueSpecification","valueRequired":true,"valueName":"search_term_string"}}],"inLanguage":"da-DK"}]}},"_links":{"self":[{"href":"https:\/\/guidetogreenland.com\/da\/wp-json\/wp\/v2\/product\/12897","targetHints":{"allow":["GET"]}}],"collection":[{"href":"https:\/\/guidetogreenland.com\/da\/wp-json\/wp\/v2\/product"}],"about":[{"href":"https:\/\/guidetogreenland.com\/da\/wp-json\/wp\/v2\/types\/product"}],"replies":[{"embeddable":true,"href":"https:\/\/guidetogreenland.com\/da\/wp-json\/wp\/v2\/comments?post=12897"}],"wp:featuredmedia":[{"embeddable":true,"href":"https:\/\/guidetogreenland.com\/da\/wp-json\/wp\/v2\/media\/12899"}],"wp:attachment":[{"href":"https:\/\/guidetogreenland.com\/da\/wp-json\/wp\/v2\/media?parent=12897"}],"wp:term":[{"taxonomy":"product_brand","embeddable":true,"href":"https:\/\/guidetogreenland.com\/da\/wp-json\/wp\/v2\/product_brand?post=12897"},{"taxonomy":"product_cat","embeddable":true,"href":"https:\/\/guidetogreenland.com\/da\/wp-json\/wp\/v2\/product_cat?post=12897"},{"taxonomy":"product_tag","embeddable":true,"href":"https:\/\/guidetogreenland.com\/da\/wp-json\/wp\/v2\/product_tag?post=12897"}],"curies":[{"name":"wp","href":"https:\/\/api.w.org\/{rel}","templated":true}]}}