{"id":12901,"date":"2020-05-11T18:19:40","date_gmt":"2020-05-11T18:19:40","guid":{"rendered":"https:\/\/guidetogreenland.com\/book-trips-holiday\/city-walk-nuuk\/"},"modified":"2025-11-04T12:59:58","modified_gmt":"2025-11-04T15:59:58","slug":"city-walk-nuuk","status":"publish","type":"product","link":"https:\/\/guidetogreenland.com\/da\/reserver-ferie-rejser\/historisk-byvandring-nuuk\/","title":{"rendered":"Historisk Byvandring | Nuuk"},"content":{"rendered":"<p class=\"x-18pep25\">Lad en ivrig og velkendt guide tage dig p\u00e5 en historisk tur gennem Gr\u00f8nlands hovedstad Nuuk.<\/p>\n<p class=\"x-18pep25\">P\u00e5 denne tur vil du blive guidet gennem hovedstaden og f\u00e5 en indf\u00f8ring i byens historie. Du m\u00f8des med guiden i byens centrum, derfra g\u00e5r turen til Kolonihavnen med hvor du finder de fleste af byens gamle og hyggelige bygninger. Nogle af disse bygninger huser i dag Gr\u00f8nlands Nationalmuseum. Herfra vil vi forts\u00e6tte til den flotte r\u00f8de Annaassisitta Oqaluffia kirke (Vor Frelsers Kirke), ved siden af Hans Egede&#8217;s statue.<\/p>\n<p class=\"e1imf5dp0 x-jm2771\">Du vil f\u00e5 et indblik p\u00e5 byens udvikling og blive introduceret t<span class=\"x-12abj6v e1uuu2lt3\">il mange af de historiske bygninger &#8211; hvad de har v\u00e6ret brugt til og hvad de i dag bliver brugt til. Guiden kender mange lokale historier, s\u00e5 du vil blive introduceret til det der ikke umiddelbart kan ses med det bare \u00f8je. Turen forts\u00e6tter i retning af den nyere del af byen, hvor det gr\u00f8nlandske parlament og Nuuks kommunekontor er placeret. Hvis turen finder sted indenfor deres \u00e5bningstider vil vi g\u00e5 ind i bygningerne. Kom med p\u00e5 denne tur og f\u00e5 et indblik i Gr\u00f8nlands hovedstads historie. Se tilg\u00e6ngeligheden ved at trykke &#8216;V\u00e6lg dato&#8217; ovenover og bestil din tur i dag.<\/span><\/p>\n","protected":false},"excerpt":{"rendered":"Lad en ivrig og velkendt guide tage dig p\u00e5 en historisk tur gennem Gr\u00f8nlands hovedstad Nuuk. P\u00e5 denne tur vil du blive guidet gennem hovedstaden og f\u00e5 en indf\u00f8ring i byens historie. Du m\u00f8des med guiden i byens centrum, derfra g\u00e5r turen til Kolonihavnen med hvor du finder de fleste af byens gamle og hyggelige&#8230;","protected":false},"featured_media":51002,"comment_status":"open","ping_status":"closed","template":"","meta":[],"product_brand":[],"product_cat":[605,606,622,624,623,593,627,643,652,633],"product_tag":[],"class_list":{"0":"post-12901","1":"product","2":"type-product","3":"status-publish","4":"has-post-thumbnail","6":"product_cat-dagsture-om-sommeren","7":"product_cat-dagsture-om-vinteren","8":"product_cat-groenlandsk-kultur","9":"product_cat-historiske-ture","10":"product_cat-kulturelle-aktiviteter","11":"product_cat-oplevelser-i-groenland","12":"product_cat-ture-i-bestemte-omraader","13":"product_cat-ture-i-hver-by","14":"product_cat-ture-i-nuuk","15":"product_cat-vestgroenland","16":"pa_activities-groenlandsk-kultur","17":"pa_activities-byrundtur","18":"pa_available-month-januar","19":"pa_available-month-februar","20":"pa_available-month-marts","21":"pa_available-month-april","22":"pa_available-month-maj","23":"pa_available-month-juni","24":"pa_available-month-juli","25":"pa_available-month-august","26":"pa_available-month-september","27":"pa_available-month-oktober","28":"pa_available-month-november","29":"pa_available-month-december","30":"pa_destinations-nuuk","31":"pa_difficulty-let","32":"pa_duration-2-timer","33":"pa_tour-type-dagsture","34":"yith_shop_vendor-tupilak-travel-da","36":"first","37":"instock","38":"virtual","39":"sold-individually","40":"purchasable","41":"product-type-booking"},"acf":[],"yoast_head":"<!-- This site is optimized with the Yoast SEO plugin v25.6 - https:\/\/yoast.com\/wordpress\/plugins\/seo\/ -->\n<title>Historisk Byvandring | Nuuk | Guide to Greenland<\/title>\n<meta name=\"description\" content=\"Explore the history of Greenlands colorful capital, Nuuk. This guided walking tour takes through the interesting history of the city.\" \/>\n<meta name=\"robots\" content=\"index, follow, max-snippet:-1, max-image-preview:large, max-video-preview:-1\" \/>\n<link rel=\"canonical\" href=\"https:\/\/guidetogreenland.com\/da\/reserver-ferie-rejser\/historisk-byvandring-nuuk\/\" \/>\n<meta property=\"og:locale\" content=\"da_DK\" \/>\n<meta property=\"og:type\" content=\"article\" \/>\n<meta property=\"og:title\" content=\"Historisk Byvandring | Nuuk | Guide to Greenland\" \/>\n<meta property=\"og:description\" content=\"Explore the history of Greenlands colorful capital, Nuuk. This guided walking tour takes through the interesting history of the city.\" \/>\n<meta property=\"og:url\" content=\"https:\/\/guidetogreenland.com\/da\/reserver-ferie-rejser\/historisk-byvandring-nuuk\/\" \/>\n<meta property=\"og:site_name\" content=\"Guide to Greenland\" \/>\n<meta property=\"article:modified_time\" content=\"2025-11-04T15:59:58+00:00\" \/>\n<meta property=\"og:image\" content=\"https:\/\/guidetogreenland.com\/wp-content\/uploads\/2020\/05\/Old-colonial-harbour-from-above-Nuuk-Cultural-tours-photo-by-Inesa-Matuliauskaite-Guide-to-Greenland-scaled.jpg\" \/>\n\t<meta property=\"og:image:width\" content=\"2560\" \/>\n\t<meta property=\"og:image:height\" content=\"1707\" \/>\n\t<meta property=\"og:image:type\" content=\"image\/jpeg\" \/>\n<meta name=\"twitter:card\" content=\"summary_large_image\" \/>\n<meta name=\"twitter:label1\" content=\"Estimeret l\u00e6setid\" \/>\n\t<meta name=\"twitter:data1\" content=\"1 minut\" \/>\n<script type=\"application\/ld+json\" class=\"yoast-schema-graph\">{\"@context\":\"https:\/\/schema.org\",\"@graph\":[{\"@type\":\"WebPage\",\"@id\":\"https:\/\/guidetogreenland.com\/da\/reserver-ferie-rejser\/historisk-byvandring-nuuk\/\",\"url\":\"https:\/\/guidetogreenland.com\/da\/reserver-ferie-rejser\/historisk-byvandring-nuuk\/\",\"name\":\"Historisk Byvandring | Nuuk | Guide to Greenland\",\"isPartOf\":{\"@id\":\"https:\/\/guidetogreenland.com\/da\/#website\"},\"primaryImageOfPage\":{\"@id\":\"https:\/\/guidetogreenland.com\/da\/reserver-ferie-rejser\/historisk-byvandring-nuuk\/#primaryimage\"},\"image\":{\"@id\":\"https:\/\/guidetogreenland.com\/da\/reserver-ferie-rejser\/historisk-byvandring-nuuk\/#primaryimage\"},\"thumbnailUrl\":\"https:\/\/guidetogreenland.com\/wp-content\/uploads\/2020\/06\/The-charming-capital-of-Greenland-Nuuk-Guide-to-Greenland5.jpeg\",\"datePublished\":\"2020-05-11T18:19:40+00:00\",\"dateModified\":\"2025-11-04T15:59:58+00:00\",\"description\":\"Explore the history of Greenlands colorful capital, Nuuk. This guided walking tour takes through the interesting history of the city.\",\"breadcrumb\":{\"@id\":\"https:\/\/guidetogreenland.com\/da\/reserver-ferie-rejser\/historisk-byvandring-nuuk\/#breadcrumb\"},\"inLanguage\":\"da-DK\",\"potentialAction\":[{\"@type\":\"ReadAction\",\"target\":[\"https:\/\/guidetogreenland.com\/da\/reserver-ferie-rejser\/historisk-byvandring-nuuk\/\"]}]},{\"@type\":\"ImageObject\",\"inLanguage\":\"da-DK\",\"@id\":\"https:\/\/guidetogreenland.com\/da\/reserver-ferie-rejser\/historisk-byvandring-nuuk\/#primaryimage\",\"url\":\"https:\/\/guidetogreenland.com\/wp-content\/uploads\/2020\/06\/The-charming-capital-of-Greenland-Nuuk-Guide-to-Greenland5.jpeg\",\"contentUrl\":\"https:\/\/guidetogreenland.com\/wp-content\/uploads\/2020\/06\/The-charming-capital-of-Greenland-Nuuk-Guide-to-Greenland5.jpeg\",\"width\":960,\"height\":640},{\"@type\":\"BreadcrumbList\",\"@id\":\"https:\/\/guidetogreenland.com\/da\/reserver-ferie-rejser\/historisk-byvandring-nuuk\/#breadcrumb\",\"itemListElement\":[{\"@type\":\"ListItem\",\"position\":1,\"name\":\"Home\",\"item\":\"https:\/\/guidetogreenland.com\/da\/\"},{\"@type\":\"ListItem\",\"position\":2,\"name\":\"Se alle ture\",\"item\":\"https:\/\/guidetogreenland.com\/da\/reserver-ferie-rejser\/\"},{\"@type\":\"ListItem\",\"position\":3,\"name\":\"Historisk Byvandring | Nuuk\"}]},{\"@type\":\"WebSite\",\"@id\":\"https:\/\/guidetogreenland.com\/da\/#website\",\"url\":\"https:\/\/guidetogreenland.com\/da\/\",\"name\":\"Guide to Greenland\",\"description\":\"Largest selection of tours in Greenland\",\"potentialAction\":[{\"@type\":\"SearchAction\",\"target\":{\"@type\":\"EntryPoint\",\"urlTemplate\":\"https:\/\/guidetogreenland.com\/da\/?s={search_term_string}\"},\"query-input\":{\"@type\":\"PropertyValueSpecification\",\"valueRequired\":true,\"valueName\":\"search_term_string\"}}],\"inLanguage\":\"da-DK\"}]}<\/script>\n<!-- \/ Yoast SEO plugin. -->","yoast_head_json":{"title":"Historisk Byvandring | Nuuk | Guide to Greenland","description":"Explore the history of Greenlands colorful capital, Nuuk. This guided walking tour takes through the interesting history of the city.","robots":{"index":"index","follow":"follow","max-snippet":"max-snippet:-1","max-image-preview":"max-image-preview:large","max-video-preview":"max-video-preview:-1"},"canonical":"https:\/\/guidetogreenland.com\/da\/reserver-ferie-rejser\/historisk-byvandring-nuuk\/","og_locale":"da_DK","og_type":"article","og_title":"Historisk Byvandring | Nuuk | Guide to Greenland","og_description":"Explore the history of Greenlands colorful capital, Nuuk. This guided walking tour takes through the interesting history of the city.","og_url":"https:\/\/guidetogreenland.com\/da\/reserver-ferie-rejser\/historisk-byvandring-nuuk\/","og_site_name":"Guide to Greenland","article_modified_time":"2025-11-04T15:59:58+00:00","og_image":[{"width":2560,"height":1707,"url":"https:\/\/guidetogreenland.com\/wp-content\/uploads\/2020\/05\/Old-colonial-harbour-from-above-Nuuk-Cultural-tours-photo-by-Inesa-Matuliauskaite-Guide-to-Greenland-scaled.jpg","type":"image\/jpeg"}],"twitter_card":"summary_large_image","twitter_misc":{"Estimeret l\u00e6setid":"1 minut"},"schema":{"@context":"https:\/\/schema.org","@graph":[{"@type":"WebPage","@id":"https:\/\/guidetogreenland.com\/da\/reserver-ferie-rejser\/historisk-byvandring-nuuk\/","url":"https:\/\/guidetogreenland.com\/da\/reserver-ferie-rejser\/historisk-byvandring-nuuk\/","name":"Historisk Byvandring | Nuuk | Guide to Greenland","isPartOf":{"@id":"https:\/\/guidetogreenland.com\/da\/#website"},"primaryImageOfPage":{"@id":"https:\/\/guidetogreenland.com\/da\/reserver-ferie-rejser\/historisk-byvandring-nuuk\/#primaryimage"},"image":{"@id":"https:\/\/guidetogreenland.com\/da\/reserver-ferie-rejser\/historisk-byvandring-nuuk\/#primaryimage"},"thumbnailUrl":"https:\/\/guidetogreenland.com\/wp-content\/uploads\/2020\/06\/The-charming-capital-of-Greenland-Nuuk-Guide-to-Greenland5.jpeg","datePublished":"2020-05-11T18:19:40+00:00","dateModified":"2025-11-04T15:59:58+00:00","description":"Explore the history of Greenlands colorful capital, Nuuk. This guided walking tour takes through the interesting history of the city.","breadcrumb":{"@id":"https:\/\/guidetogreenland.com\/da\/reserver-ferie-rejser\/historisk-byvandring-nuuk\/#breadcrumb"},"inLanguage":"da-DK","potentialAction":[{"@type":"ReadAction","target":["https:\/\/guidetogreenland.com\/da\/reserver-ferie-rejser\/historisk-byvandring-nuuk\/"]}]},{"@type":"ImageObject","inLanguage":"da-DK","@id":"https:\/\/guidetogreenland.com\/da\/reserver-ferie-rejser\/historisk-byvandring-nuuk\/#primaryimage","url":"https:\/\/guidetogreenland.com\/wp-content\/uploads\/2020\/06\/The-charming-capital-of-Greenland-Nuuk-Guide-to-Greenland5.jpeg","contentUrl":"https:\/\/guidetogreenland.com\/wp-content\/uploads\/2020\/06\/The-charming-capital-of-Greenland-Nuuk-Guide-to-Greenland5.jpeg","width":960,"height":640},{"@type":"BreadcrumbList","@id":"https:\/\/guidetogreenland.com\/da\/reserver-ferie-rejser\/historisk-byvandring-nuuk\/#breadcrumb","itemListElement":[{"@type":"ListItem","position":1,"name":"Home","item":"https:\/\/guidetogreenland.com\/da\/"},{"@type":"ListItem","position":2,"name":"Se alle ture","item":"https:\/\/guidetogreenland.com\/da\/reserver-ferie-rejser\/"},{"@type":"ListItem","position":3,"name":"Historisk Byvandring | Nuuk"}]},{"@type":"WebSite","@id":"https:\/\/guidetogreenland.com\/da\/#website","url":"https:\/\/guidetogreenland.com\/da\/","name":"Guide to Greenland","description":"Largest selection of tours in Greenland","potentialAction":[{"@type":"SearchAction","target":{"@type":"EntryPoint","urlTemplate":"https:\/\/guidetogreenland.com\/da\/?s={search_term_string}"},"query-input":{"@type":"PropertyValueSpecification","valueRequired":true,"valueName":"search_term_string"}}],"inLanguage":"da-DK"}]}},"_links":{"self":[{"href":"https:\/\/guidetogreenland.com\/da\/wp-json\/wp\/v2\/product\/12901","targetHints":{"allow":["GET"]}}],"collection":[{"href":"https:\/\/guidetogreenland.com\/da\/wp-json\/wp\/v2\/product"}],"about":[{"href":"https:\/\/guidetogreenland.com\/da\/wp-json\/wp\/v2\/types\/product"}],"replies":[{"embeddable":true,"href":"https:\/\/guidetogreenland.com\/da\/wp-json\/wp\/v2\/comments?post=12901"}],"wp:featuredmedia":[{"embeddable":true,"href":"https:\/\/guidetogreenland.com\/da\/wp-json\/wp\/v2\/media\/51002"}],"wp:attachment":[{"href":"https:\/\/guidetogreenland.com\/da\/wp-json\/wp\/v2\/media?parent=12901"}],"wp:term":[{"taxonomy":"product_brand","embeddable":true,"href":"https:\/\/guidetogreenland.com\/da\/wp-json\/wp\/v2\/product_brand?post=12901"},{"taxonomy":"product_cat","embeddable":true,"href":"https:\/\/guidetogreenland.com\/da\/wp-json\/wp\/v2\/product_cat?post=12901"},{"taxonomy":"product_tag","embeddable":true,"href":"https:\/\/guidetogreenland.com\/da\/wp-json\/wp\/v2\/product_tag?post=12901"}],"curies":[{"name":"wp","href":"https:\/\/api.w.org\/{rel}","templated":true}]}}