{"id":12919,"date":"2020-05-12T11:59:16","date_gmt":"2020-05-12T11:59:16","guid":{"rendered":"https:\/\/guidetogreenland.com\/book-trips-holiday\/daytour-to-eqi-glacier-ilulissat-disko-bay\/"},"modified":"2025-09-25T20:28:12","modified_gmt":"2025-09-25T23:28:12","slug":"daytour-to-eqi-glacier-ilulissat-disko-bay","status":"publish","type":"product","link":"https:\/\/guidetogreenland.com\/da\/reserver-ferie-rejser\/dagstur-til-eqi-gletsjer-ilulissat-diskobugten\/","title":{"rendered":"Dagstur til Eqi Gletsjer | Ilulissat | Diskobugten"},"content":{"rendered":"<p class=\"x-18pep25\">Oplev et unikt sted i Gr\u00f8nland dybt inde i fjorden nord for Ilulissat. Her ligger en enorm v\u00e6g af is &#8211; velkommen til Eqi gletsjeren. Dette er en af de mest k\u00e6lvende gletsjere i den nordlige halvkugle, hvilket giver dig gode chancer for at se og h\u00f8re f\u00e6nomenet selv!<\/p>\n<p class=\"x-18pep25\">Eqi er faktisk kendt som &#8220;den k\u00e6lvende gletsjer&#8221;, hvilket betyder at du p\u00e5 din tur f\u00e5r en chance for at se store og sm\u00e5 stykker is br\u00e6kke af isv\u00e6ggen og ramme havet med et brag. Selve bes\u00f8get til gletsjeren er highlightet p\u00e5 turen, men at sejle langs kysten ind i fjorden er en vidunderlig oplevelse i sig selv.<\/p>\n<p class=\"e1imf5dp0 x-jm2771\">Du kommer til at sejle f<span class=\"x-12abj6v e1uuu2lt3\">orbi en lille bygd ved navn Oqaatsut, bredebugten, og det store fjordsystem Paakitsoq, hvilket huser mange havdyr som hvaler og s\u00e6ler.<\/span><\/p>\n<p class=\"e1imf5dp0 x-jm2771\"><span class=\"x-12abj6v e1uuu2lt3\">I forts\u00e6tter med at sejle helt ind i Ataa str\u00e6det som er omgivet af h\u00f8je fjelde, indtil vi endelig n\u00e5r til gletsjeren selv. Vi finder et godt spot i en sikker afstand og nyder synet i af den enorme gletsjer i ca. 2 timer, hvilket giver rigeligt med tid til at tage billeder og opleve den k\u00e6lve.\u00a0<\/span><\/p>\n<p class=\"e1imf5dp0 x-jm2771\"><span class=\"x-12abj6v e1uuu2lt3\">Mens vi ligger stille nyder vi en l\u00e6kker frokost med den mest fantastiske udsigt.<\/span><\/p>\n<p class=\"e1imf5dp0 x-jm2771\"><span class=\"x-12abj6v e1uuu2lt3\">Vi sejler med en st\u00f8rre kabine b\u00e5d s\u00e5 kan v\u00e6re b\u00e5de inde og g\u00e5 udenfor under turen.<\/span><\/p>\n<p class=\"e1imf5dp0 x-jm2771\"><span class=\"x-12abj6v e1uuu2lt3\">Tryk p\u00e5 &#8216;v\u00e6lg en dato&#8217; og find en dag der passer dig!<\/span><\/p>\n","protected":false},"excerpt":{"rendered":"Oplev et unikt sted i Gr\u00f8nland dybt inde i fjorden nord for Ilulissat. Her ligger en enorm v\u00e6g af is &#8211; velkommen til Eqi gletsjeren. Dette er en af de mest k\u00e6lvende gletsjere i den nordlige halvkugle, hvilket giver dig gode chancer for at se og h\u00f8re f\u00e6nomenet selv! Eqi er faktisk kendt som &#8220;den&#8230;","protected":false},"featured_media":12921,"comment_status":"open","ping_status":"closed","template":"","meta":[],"product_brand":[],"product_cat":[594,605,629,614,612,593,627,643,644],"product_tag":[919],"class_list":{"0":"post-12919","1":"product","2":"type-product","3":"status-publish","4":"has-post-thumbnail","6":"product_cat-baadture","7":"product_cat-dagsture-om-sommeren","8":"product_cat-disko-bugten","9":"product_cat-gletsjer-og-indlandsisen","10":"product_cat-natur-og-dyreliv-i-groenland","11":"product_cat-oplevelser-i-groenland","12":"product_cat-ture-i-bestemte-omraader","13":"product_cat-ture-i-hver-by","14":"product_cat-ture-i-ilulissat","15":"product_tag-ilulissat-da","16":"pa_activities-baadtur","17":"pa_activities-gletscher-udsigt","18":"pa_activities-isbjerg-udsigt","19":"pa_attractions-eqi-gletscheren","20":"pa_available-month-juni","21":"pa_available-month-juli","22":"pa_available-month-august","23":"pa_available-month-september","24":"pa_available-month-oktober","25":"pa_destinations-ilulissat","26":"pa_difficulty-let","27":"pa_duration-9-hours-da","28":"pa_tour-type-dagsture","30":"first","31":"instock","32":"featured","33":"virtual","34":"sold-individually","35":"purchasable","36":"product-type-booking"},"acf":[],"yoast_head":"<!-- This site is optimized with the Yoast SEO plugin v25.6 - https:\/\/yoast.com\/wordpress\/plugins\/seo\/ -->\n<title>Dagstur til Eqi Gletsjer | Ilulissat | Diskobugten | Guide to Greenland<\/title>\n<meta name=\"robots\" content=\"index, follow, max-snippet:-1, max-image-preview:large, max-video-preview:-1\" \/>\n<link rel=\"canonical\" href=\"https:\/\/guidetogreenland.com\/da\/reserver-ferie-rejser\/dagstur-til-eqi-gletsjer-ilulissat-diskobugten\/\" \/>\n<meta property=\"og:locale\" content=\"da_DK\" \/>\n<meta property=\"og:type\" content=\"article\" \/>\n<meta property=\"og:title\" content=\"Dagstur til Eqi Gletsjer | Ilulissat | Diskobugten | Guide to Greenland\" \/>\n<meta property=\"og:description\" content=\"Oplev et unikt sted i Gr\u00f8nland dybt inde i fjorden nord for Ilulissat. Her ligger en enorm v\u00e6g af is &#8211; velkommen til Eqi gletsjeren. Dette er en af de mest k\u00e6lvende gletsjere i den nordlige halvkugle, hvilket giver dig gode chancer for at se og h\u00f8re f\u00e6nomenet selv! Eqi er faktisk kendt som &#8220;den...\" \/>\n<meta property=\"og:url\" content=\"https:\/\/guidetogreenland.com\/da\/reserver-ferie-rejser\/dagstur-til-eqi-gletsjer-ilulissat-diskobugten\/\" \/>\n<meta property=\"og:site_name\" content=\"Guide to Greenland\" \/>\n<meta property=\"article:modified_time\" content=\"2025-09-25T23:28:12+00:00\" \/>\n<meta property=\"og:image\" content=\"https:\/\/guidetogreenland.com\/wp-content\/uploads\/2020\/05\/daytour-to-eqi-glacier-ilulissat-disko-bay-Guide-to-Greenland8.jpg\" \/>\n\t<meta property=\"og:image:width\" content=\"926\" \/>\n\t<meta property=\"og:image:height\" content=\"264\" \/>\n\t<meta property=\"og:image:type\" content=\"image\/jpeg\" \/>\n<meta name=\"twitter:card\" content=\"summary_large_image\" \/>\n<meta name=\"twitter:label1\" content=\"Estimeret l\u00e6setid\" \/>\n\t<meta name=\"twitter:data1\" content=\"1 minut\" \/>\n<script type=\"application\/ld+json\" class=\"yoast-schema-graph\">{\"@context\":\"https:\/\/schema.org\",\"@graph\":[{\"@type\":\"WebPage\",\"@id\":\"https:\/\/guidetogreenland.com\/da\/reserver-ferie-rejser\/dagstur-til-eqi-gletsjer-ilulissat-diskobugten\/\",\"url\":\"https:\/\/guidetogreenland.com\/da\/reserver-ferie-rejser\/dagstur-til-eqi-gletsjer-ilulissat-diskobugten\/\",\"name\":\"Dagstur til Eqi Gletsjer | Ilulissat | Diskobugten | Guide to Greenland\",\"isPartOf\":{\"@id\":\"https:\/\/guidetogreenland.com\/da\/#website\"},\"primaryImageOfPage\":{\"@id\":\"https:\/\/guidetogreenland.com\/da\/reserver-ferie-rejser\/dagstur-til-eqi-gletsjer-ilulissat-diskobugten\/#primaryimage\"},\"image\":{\"@id\":\"https:\/\/guidetogreenland.com\/da\/reserver-ferie-rejser\/dagstur-til-eqi-gletsjer-ilulissat-diskobugten\/#primaryimage\"},\"thumbnailUrl\":\"https:\/\/guidetogreenland.com\/wp-content\/uploads\/2020\/05\/daytour-to-eqi-glacier-ilulissat-disko-bay-Guide-to-Greenland8.jpg\",\"datePublished\":\"2020-05-12T11:59:16+00:00\",\"dateModified\":\"2025-09-25T23:28:12+00:00\",\"breadcrumb\":{\"@id\":\"https:\/\/guidetogreenland.com\/da\/reserver-ferie-rejser\/dagstur-til-eqi-gletsjer-ilulissat-diskobugten\/#breadcrumb\"},\"inLanguage\":\"da-DK\",\"potentialAction\":[{\"@type\":\"ReadAction\",\"target\":[\"https:\/\/guidetogreenland.com\/da\/reserver-ferie-rejser\/dagstur-til-eqi-gletsjer-ilulissat-diskobugten\/\"]}]},{\"@type\":\"ImageObject\",\"inLanguage\":\"da-DK\",\"@id\":\"https:\/\/guidetogreenland.com\/da\/reserver-ferie-rejser\/dagstur-til-eqi-gletsjer-ilulissat-diskobugten\/#primaryimage\",\"url\":\"https:\/\/guidetogreenland.com\/wp-content\/uploads\/2020\/05\/daytour-to-eqi-glacier-ilulissat-disko-bay-Guide-to-Greenland8.jpg\",\"contentUrl\":\"https:\/\/guidetogreenland.com\/wp-content\/uploads\/2020\/05\/daytour-to-eqi-glacier-ilulissat-disko-bay-Guide-to-Greenland8.jpg\",\"width\":926,\"height\":264},{\"@type\":\"BreadcrumbList\",\"@id\":\"https:\/\/guidetogreenland.com\/da\/reserver-ferie-rejser\/dagstur-til-eqi-gletsjer-ilulissat-diskobugten\/#breadcrumb\",\"itemListElement\":[{\"@type\":\"ListItem\",\"position\":1,\"name\":\"Home\",\"item\":\"https:\/\/guidetogreenland.com\/da\/\"},{\"@type\":\"ListItem\",\"position\":2,\"name\":\"Se alle ture\",\"item\":\"https:\/\/guidetogreenland.com\/da\/reserver-ferie-rejser\/\"},{\"@type\":\"ListItem\",\"position\":3,\"name\":\"Dagstur til Eqi Gletsjer | Ilulissat | Diskobugten\"}]},{\"@type\":\"WebSite\",\"@id\":\"https:\/\/guidetogreenland.com\/da\/#website\",\"url\":\"https:\/\/guidetogreenland.com\/da\/\",\"name\":\"Guide to Greenland\",\"description\":\"Largest selection of tours in Greenland\",\"potentialAction\":[{\"@type\":\"SearchAction\",\"target\":{\"@type\":\"EntryPoint\",\"urlTemplate\":\"https:\/\/guidetogreenland.com\/da\/?s={search_term_string}\"},\"query-input\":{\"@type\":\"PropertyValueSpecification\",\"valueRequired\":true,\"valueName\":\"search_term_string\"}}],\"inLanguage\":\"da-DK\"}]}<\/script>\n<!-- \/ Yoast SEO plugin. -->","yoast_head_json":{"title":"Dagstur til Eqi Gletsjer | Ilulissat | Diskobugten | Guide to Greenland","robots":{"index":"index","follow":"follow","max-snippet":"max-snippet:-1","max-image-preview":"max-image-preview:large","max-video-preview":"max-video-preview:-1"},"canonical":"https:\/\/guidetogreenland.com\/da\/reserver-ferie-rejser\/dagstur-til-eqi-gletsjer-ilulissat-diskobugten\/","og_locale":"da_DK","og_type":"article","og_title":"Dagstur til Eqi Gletsjer | Ilulissat | Diskobugten | Guide to Greenland","og_description":"Oplev et unikt sted i Gr\u00f8nland dybt inde i fjorden nord for Ilulissat. Her ligger en enorm v\u00e6g af is &#8211; velkommen til Eqi gletsjeren. Dette er en af de mest k\u00e6lvende gletsjere i den nordlige halvkugle, hvilket giver dig gode chancer for at se og h\u00f8re f\u00e6nomenet selv! Eqi er faktisk kendt som &#8220;den...","og_url":"https:\/\/guidetogreenland.com\/da\/reserver-ferie-rejser\/dagstur-til-eqi-gletsjer-ilulissat-diskobugten\/","og_site_name":"Guide to Greenland","article_modified_time":"2025-09-25T23:28:12+00:00","og_image":[{"width":926,"height":264,"url":"https:\/\/guidetogreenland.com\/wp-content\/uploads\/2020\/05\/daytour-to-eqi-glacier-ilulissat-disko-bay-Guide-to-Greenland8.jpg","type":"image\/jpeg"}],"twitter_card":"summary_large_image","twitter_misc":{"Estimeret l\u00e6setid":"1 minut"},"schema":{"@context":"https:\/\/schema.org","@graph":[{"@type":"WebPage","@id":"https:\/\/guidetogreenland.com\/da\/reserver-ferie-rejser\/dagstur-til-eqi-gletsjer-ilulissat-diskobugten\/","url":"https:\/\/guidetogreenland.com\/da\/reserver-ferie-rejser\/dagstur-til-eqi-gletsjer-ilulissat-diskobugten\/","name":"Dagstur til Eqi Gletsjer | Ilulissat | Diskobugten | Guide to Greenland","isPartOf":{"@id":"https:\/\/guidetogreenland.com\/da\/#website"},"primaryImageOfPage":{"@id":"https:\/\/guidetogreenland.com\/da\/reserver-ferie-rejser\/dagstur-til-eqi-gletsjer-ilulissat-diskobugten\/#primaryimage"},"image":{"@id":"https:\/\/guidetogreenland.com\/da\/reserver-ferie-rejser\/dagstur-til-eqi-gletsjer-ilulissat-diskobugten\/#primaryimage"},"thumbnailUrl":"https:\/\/guidetogreenland.com\/wp-content\/uploads\/2020\/05\/daytour-to-eqi-glacier-ilulissat-disko-bay-Guide-to-Greenland8.jpg","datePublished":"2020-05-12T11:59:16+00:00","dateModified":"2025-09-25T23:28:12+00:00","breadcrumb":{"@id":"https:\/\/guidetogreenland.com\/da\/reserver-ferie-rejser\/dagstur-til-eqi-gletsjer-ilulissat-diskobugten\/#breadcrumb"},"inLanguage":"da-DK","potentialAction":[{"@type":"ReadAction","target":["https:\/\/guidetogreenland.com\/da\/reserver-ferie-rejser\/dagstur-til-eqi-gletsjer-ilulissat-diskobugten\/"]}]},{"@type":"ImageObject","inLanguage":"da-DK","@id":"https:\/\/guidetogreenland.com\/da\/reserver-ferie-rejser\/dagstur-til-eqi-gletsjer-ilulissat-diskobugten\/#primaryimage","url":"https:\/\/guidetogreenland.com\/wp-content\/uploads\/2020\/05\/daytour-to-eqi-glacier-ilulissat-disko-bay-Guide-to-Greenland8.jpg","contentUrl":"https:\/\/guidetogreenland.com\/wp-content\/uploads\/2020\/05\/daytour-to-eqi-glacier-ilulissat-disko-bay-Guide-to-Greenland8.jpg","width":926,"height":264},{"@type":"BreadcrumbList","@id":"https:\/\/guidetogreenland.com\/da\/reserver-ferie-rejser\/dagstur-til-eqi-gletsjer-ilulissat-diskobugten\/#breadcrumb","itemListElement":[{"@type":"ListItem","position":1,"name":"Home","item":"https:\/\/guidetogreenland.com\/da\/"},{"@type":"ListItem","position":2,"name":"Se alle ture","item":"https:\/\/guidetogreenland.com\/da\/reserver-ferie-rejser\/"},{"@type":"ListItem","position":3,"name":"Dagstur til Eqi Gletsjer | Ilulissat | Diskobugten"}]},{"@type":"WebSite","@id":"https:\/\/guidetogreenland.com\/da\/#website","url":"https:\/\/guidetogreenland.com\/da\/","name":"Guide to Greenland","description":"Largest selection of tours in Greenland","potentialAction":[{"@type":"SearchAction","target":{"@type":"EntryPoint","urlTemplate":"https:\/\/guidetogreenland.com\/da\/?s={search_term_string}"},"query-input":{"@type":"PropertyValueSpecification","valueRequired":true,"valueName":"search_term_string"}}],"inLanguage":"da-DK"}]}},"_links":{"self":[{"href":"https:\/\/guidetogreenland.com\/da\/wp-json\/wp\/v2\/product\/12919","targetHints":{"allow":["GET"]}}],"collection":[{"href":"https:\/\/guidetogreenland.com\/da\/wp-json\/wp\/v2\/product"}],"about":[{"href":"https:\/\/guidetogreenland.com\/da\/wp-json\/wp\/v2\/types\/product"}],"replies":[{"embeddable":true,"href":"https:\/\/guidetogreenland.com\/da\/wp-json\/wp\/v2\/comments?post=12919"}],"wp:featuredmedia":[{"embeddable":true,"href":"https:\/\/guidetogreenland.com\/da\/wp-json\/wp\/v2\/media\/12921"}],"wp:attachment":[{"href":"https:\/\/guidetogreenland.com\/da\/wp-json\/wp\/v2\/media?parent=12919"}],"wp:term":[{"taxonomy":"product_brand","embeddable":true,"href":"https:\/\/guidetogreenland.com\/da\/wp-json\/wp\/v2\/product_brand?post=12919"},{"taxonomy":"product_cat","embeddable":true,"href":"https:\/\/guidetogreenland.com\/da\/wp-json\/wp\/v2\/product_cat?post=12919"},{"taxonomy":"product_tag","embeddable":true,"href":"https:\/\/guidetogreenland.com\/da\/wp-json\/wp\/v2\/product_tag?post=12919"}],"curies":[{"name":"wp","href":"https:\/\/api.w.org\/{rel}","templated":true}]}}