{"id":12929,"date":"2020-05-12T12:09:25","date_gmt":"2020-05-12T12:09:25","guid":{"rendered":"https:\/\/guidetogreenland.com\/book-trips-holiday\/deep-sea-fishing-nuuk\/"},"modified":"2023-06-08T03:23:07","modified_gmt":"2023-06-08T06:23:07","slug":"deep-sea-fishing-nuuk","status":"publish","type":"product","link":"https:\/\/guidetogreenland.com\/da\/reserver-ferie-rejser\/dybhavsfiskeri-nuuk\/","title":{"rendered":"Dybhavsfiskeri | Nuuk"},"content":{"rendered":"<p class=\"x-18pep25\">Kom med p\u00e5 denne tur ud i Nuuk&#8217;s komplekse fjordsystem og f\u00e5 den unikke f\u00f8lelse af at fange din egen fisk. Alt efter s\u00e6sonen vil du kunne fange forskellige fisk, fra torsk, r\u00f8dfisk og ammas\u00e6tter (lodde), som er en lille fisk man fanger med net. Du har mulighed for at fiske i floder, p\u00e5 hav eller i s\u00f8er, det eneste du skal er at fort\u00e6lle dine \u00f8nsker. L\u00e6r kunsten i at fiske med fiskestang eller l\u00e6r at pilke med langline, uanset hvilken en du v\u00e6lger garanterer vi fangst. Hvis du har andre \u00f8nsker skal du bare fort\u00e6lle det til din kaptajn og han vil g\u00f8re sit allerbedste for at f\u00e5 dit \u00f8nske opfy<span class=\"x-12abj6v e1uuu2lt3\">ldt. Nuuk Water Taxi str\u00e6ber efter at g\u00f8re alt for at deres kunder er tilfredse. Turen foreg\u00e5r p\u00e5 en \u00e5ben Poca &#8220;Ice Force Two&#8221;, som er bygget til de barske gr\u00f8nlandske forhold. S\u00e5 stop din t\u00f8ven og book din tur idag, se tilg\u00e6ngeligheden ved at trykke p\u00e5 &#8216;V\u00e6lg en dag&#8217; ovenover.<\/span><\/p>\n","protected":false},"excerpt":{"rendered":"Kom med p\u00e5 denne tur ud i Nuuk&#8217;s komplekse fjordsystem og f\u00e5 den unikke f\u00f8lelse af at fange din egen fisk. Alt efter s\u00e6sonen vil du kunne fange forskellige fisk, fra torsk, r\u00f8dfisk og ammas\u00e6tter (lodde), som er en lille fisk man fanger med net. Du har mulighed for at fiske i floder, p\u00e5 hav&#8230;","protected":false},"featured_media":67376,"comment_status":"open","ping_status":"closed","template":"","meta":[],"product_brand":[],"product_cat":[854],"product_tag":[893],"class_list":{"0":"post-12929","1":"product","2":"type-product","3":"status-publish","4":"has-post-thumbnail","6":"product_cat-uncategorized-da","7":"product_tag-nuuk-da","8":"pa_activities-baadtur","9":"pa_activities-fiskeri","10":"pa_attractions-nuuk-fjord","11":"pa_available-month-oktober","12":"pa_destinations-nuuk","13":"pa_difficulty-let","14":"pa_duration-6-timer","15":"pa_tour-type-dagsture","16":"yith_shop_vendor-guide-to-greenland-da","17":"yith_booking_service-sandwich-4","19":"first","20":"instock","21":"virtual","22":"sold-individually","23":"purchasable","24":"product-type-booking"},"acf":[],"yoast_head":"<!-- This site is optimized with the Yoast SEO plugin v25.6 - https:\/\/yoast.com\/wordpress\/plugins\/seo\/ -->\n<title>Dybhavsfiskeri | Nuuk | Guide to Greenland<\/title>\n<meta name=\"description\" content=\"Hvis du kan lide torsk eller \u00f8rred, kan du nyde den autentiske oplevelse af at fange din egen middag p\u00e5 denne dybhavsfisketur i Gr\u00f8nland.\" \/>\n<meta name=\"robots\" content=\"index, follow, max-snippet:-1, max-image-preview:large, max-video-preview:-1\" \/>\n<link rel=\"canonical\" href=\"https:\/\/guidetogreenland.com\/da\/reserver-ferie-rejser\/dybhavsfiskeri-nuuk\/\" \/>\n<meta property=\"og:locale\" content=\"da_DK\" \/>\n<meta property=\"og:type\" content=\"article\" \/>\n<meta property=\"og:title\" content=\"Dybhavsfiskeri | Nuuk | Guide to Greenland\" \/>\n<meta property=\"og:description\" content=\"Hvis du kan lide torsk eller \u00f8rred, kan du nyde den autentiske oplevelse af at fange din egen middag p\u00e5 denne dybhavsfisketur i Gr\u00f8nland.\" \/>\n<meta property=\"og:url\" content=\"https:\/\/guidetogreenland.com\/da\/reserver-ferie-rejser\/dybhavsfiskeri-nuuk\/\" \/>\n<meta property=\"og:site_name\" content=\"Guide to Greenland\" \/>\n<meta property=\"article:modified_time\" content=\"2023-06-08T06:23:07+00:00\" \/>\n<meta property=\"og:image\" content=\"https:\/\/guidetogreenland.com\/wp-content\/uploads\/2020\/05\/Deep-Sea-Fishing-Nuuk-Guide-to-Greenland1.jpg\" \/>\n\t<meta property=\"og:image:width\" content=\"926\" \/>\n\t<meta property=\"og:image:height\" content=\"1389\" \/>\n\t<meta property=\"og:image:type\" content=\"image\/jpeg\" \/>\n<meta name=\"twitter:card\" content=\"summary_large_image\" \/>\n<meta name=\"twitter:label1\" content=\"Estimeret l\u00e6setid\" \/>\n\t<meta name=\"twitter:data1\" content=\"1 minut\" \/>\n<script type=\"application\/ld+json\" class=\"yoast-schema-graph\">{\"@context\":\"https:\/\/schema.org\",\"@graph\":[{\"@type\":\"WebPage\",\"@id\":\"https:\/\/guidetogreenland.com\/da\/reserver-ferie-rejser\/dybhavsfiskeri-nuuk\/\",\"url\":\"https:\/\/guidetogreenland.com\/da\/reserver-ferie-rejser\/dybhavsfiskeri-nuuk\/\",\"name\":\"Dybhavsfiskeri | Nuuk | Guide to Greenland\",\"isPartOf\":{\"@id\":\"https:\/\/guidetogreenland.com\/da\/#website\"},\"primaryImageOfPage\":{\"@id\":\"https:\/\/guidetogreenland.com\/da\/reserver-ferie-rejser\/dybhavsfiskeri-nuuk\/#primaryimage\"},\"image\":{\"@id\":\"https:\/\/guidetogreenland.com\/da\/reserver-ferie-rejser\/dybhavsfiskeri-nuuk\/#primaryimage\"},\"thumbnailUrl\":\"https:\/\/guidetogreenland.com\/wp-content\/uploads\/2020\/05\/Deep-Sea-Fishing-Nuuk-Guid-eto-Greenland-summer-scaled.jpeg\",\"datePublished\":\"2020-05-12T12:09:25+00:00\",\"dateModified\":\"2023-06-08T06:23:07+00:00\",\"description\":\"Hvis du kan lide torsk eller \u00f8rred, kan du nyde den autentiske oplevelse af at fange din egen middag p\u00e5 denne dybhavsfisketur i Gr\u00f8nland.\",\"breadcrumb\":{\"@id\":\"https:\/\/guidetogreenland.com\/da\/reserver-ferie-rejser\/dybhavsfiskeri-nuuk\/#breadcrumb\"},\"inLanguage\":\"da-DK\",\"potentialAction\":[{\"@type\":\"ReadAction\",\"target\":[\"https:\/\/guidetogreenland.com\/da\/reserver-ferie-rejser\/dybhavsfiskeri-nuuk\/\"]}]},{\"@type\":\"ImageObject\",\"inLanguage\":\"da-DK\",\"@id\":\"https:\/\/guidetogreenland.com\/da\/reserver-ferie-rejser\/dybhavsfiskeri-nuuk\/#primaryimage\",\"url\":\"https:\/\/guidetogreenland.com\/wp-content\/uploads\/2020\/05\/Deep-Sea-Fishing-Nuuk-Guid-eto-Greenland-summer-scaled.jpeg\",\"contentUrl\":\"https:\/\/guidetogreenland.com\/wp-content\/uploads\/2020\/05\/Deep-Sea-Fishing-Nuuk-Guid-eto-Greenland-summer-scaled.jpeg\",\"width\":2560,\"height\":1707},{\"@type\":\"BreadcrumbList\",\"@id\":\"https:\/\/guidetogreenland.com\/da\/reserver-ferie-rejser\/dybhavsfiskeri-nuuk\/#breadcrumb\",\"itemListElement\":[{\"@type\":\"ListItem\",\"position\":1,\"name\":\"Home\",\"item\":\"https:\/\/guidetogreenland.com\/da\/\"},{\"@type\":\"ListItem\",\"position\":2,\"name\":\"Se alle ture\",\"item\":\"https:\/\/guidetogreenland.com\/da\/reserver-ferie-rejser\/\"},{\"@type\":\"ListItem\",\"position\":3,\"name\":\"Dybhavsfiskeri | Nuuk\"}]},{\"@type\":\"WebSite\",\"@id\":\"https:\/\/guidetogreenland.com\/da\/#website\",\"url\":\"https:\/\/guidetogreenland.com\/da\/\",\"name\":\"Guide to Greenland\",\"description\":\"Largest selection of tours in Greenland\",\"potentialAction\":[{\"@type\":\"SearchAction\",\"target\":{\"@type\":\"EntryPoint\",\"urlTemplate\":\"https:\/\/guidetogreenland.com\/da\/?s={search_term_string}\"},\"query-input\":{\"@type\":\"PropertyValueSpecification\",\"valueRequired\":true,\"valueName\":\"search_term_string\"}}],\"inLanguage\":\"da-DK\"}]}<\/script>\n<!-- \/ Yoast SEO plugin. -->","yoast_head_json":{"title":"Dybhavsfiskeri | Nuuk | Guide to Greenland","description":"Hvis du kan lide torsk eller \u00f8rred, kan du nyde den autentiske oplevelse af at fange din egen middag p\u00e5 denne dybhavsfisketur i Gr\u00f8nland.","robots":{"index":"index","follow":"follow","max-snippet":"max-snippet:-1","max-image-preview":"max-image-preview:large","max-video-preview":"max-video-preview:-1"},"canonical":"https:\/\/guidetogreenland.com\/da\/reserver-ferie-rejser\/dybhavsfiskeri-nuuk\/","og_locale":"da_DK","og_type":"article","og_title":"Dybhavsfiskeri | Nuuk | Guide to Greenland","og_description":"Hvis du kan lide torsk eller \u00f8rred, kan du nyde den autentiske oplevelse af at fange din egen middag p\u00e5 denne dybhavsfisketur i Gr\u00f8nland.","og_url":"https:\/\/guidetogreenland.com\/da\/reserver-ferie-rejser\/dybhavsfiskeri-nuuk\/","og_site_name":"Guide to Greenland","article_modified_time":"2023-06-08T06:23:07+00:00","og_image":[{"width":926,"height":1389,"url":"https:\/\/guidetogreenland.com\/wp-content\/uploads\/2020\/05\/Deep-Sea-Fishing-Nuuk-Guide-to-Greenland1.jpg","type":"image\/jpeg"}],"twitter_card":"summary_large_image","twitter_misc":{"Estimeret l\u00e6setid":"1 minut"},"schema":{"@context":"https:\/\/schema.org","@graph":[{"@type":"WebPage","@id":"https:\/\/guidetogreenland.com\/da\/reserver-ferie-rejser\/dybhavsfiskeri-nuuk\/","url":"https:\/\/guidetogreenland.com\/da\/reserver-ferie-rejser\/dybhavsfiskeri-nuuk\/","name":"Dybhavsfiskeri | Nuuk | Guide to Greenland","isPartOf":{"@id":"https:\/\/guidetogreenland.com\/da\/#website"},"primaryImageOfPage":{"@id":"https:\/\/guidetogreenland.com\/da\/reserver-ferie-rejser\/dybhavsfiskeri-nuuk\/#primaryimage"},"image":{"@id":"https:\/\/guidetogreenland.com\/da\/reserver-ferie-rejser\/dybhavsfiskeri-nuuk\/#primaryimage"},"thumbnailUrl":"https:\/\/guidetogreenland.com\/wp-content\/uploads\/2020\/05\/Deep-Sea-Fishing-Nuuk-Guid-eto-Greenland-summer-scaled.jpeg","datePublished":"2020-05-12T12:09:25+00:00","dateModified":"2023-06-08T06:23:07+00:00","description":"Hvis du kan lide torsk eller \u00f8rred, kan du nyde den autentiske oplevelse af at fange din egen middag p\u00e5 denne dybhavsfisketur i Gr\u00f8nland.","breadcrumb":{"@id":"https:\/\/guidetogreenland.com\/da\/reserver-ferie-rejser\/dybhavsfiskeri-nuuk\/#breadcrumb"},"inLanguage":"da-DK","potentialAction":[{"@type":"ReadAction","target":["https:\/\/guidetogreenland.com\/da\/reserver-ferie-rejser\/dybhavsfiskeri-nuuk\/"]}]},{"@type":"ImageObject","inLanguage":"da-DK","@id":"https:\/\/guidetogreenland.com\/da\/reserver-ferie-rejser\/dybhavsfiskeri-nuuk\/#primaryimage","url":"https:\/\/guidetogreenland.com\/wp-content\/uploads\/2020\/05\/Deep-Sea-Fishing-Nuuk-Guid-eto-Greenland-summer-scaled.jpeg","contentUrl":"https:\/\/guidetogreenland.com\/wp-content\/uploads\/2020\/05\/Deep-Sea-Fishing-Nuuk-Guid-eto-Greenland-summer-scaled.jpeg","width":2560,"height":1707},{"@type":"BreadcrumbList","@id":"https:\/\/guidetogreenland.com\/da\/reserver-ferie-rejser\/dybhavsfiskeri-nuuk\/#breadcrumb","itemListElement":[{"@type":"ListItem","position":1,"name":"Home","item":"https:\/\/guidetogreenland.com\/da\/"},{"@type":"ListItem","position":2,"name":"Se alle ture","item":"https:\/\/guidetogreenland.com\/da\/reserver-ferie-rejser\/"},{"@type":"ListItem","position":3,"name":"Dybhavsfiskeri | Nuuk"}]},{"@type":"WebSite","@id":"https:\/\/guidetogreenland.com\/da\/#website","url":"https:\/\/guidetogreenland.com\/da\/","name":"Guide to Greenland","description":"Largest selection of tours in Greenland","potentialAction":[{"@type":"SearchAction","target":{"@type":"EntryPoint","urlTemplate":"https:\/\/guidetogreenland.com\/da\/?s={search_term_string}"},"query-input":{"@type":"PropertyValueSpecification","valueRequired":true,"valueName":"search_term_string"}}],"inLanguage":"da-DK"}]}},"_links":{"self":[{"href":"https:\/\/guidetogreenland.com\/da\/wp-json\/wp\/v2\/product\/12929","targetHints":{"allow":["GET"]}}],"collection":[{"href":"https:\/\/guidetogreenland.com\/da\/wp-json\/wp\/v2\/product"}],"about":[{"href":"https:\/\/guidetogreenland.com\/da\/wp-json\/wp\/v2\/types\/product"}],"replies":[{"embeddable":true,"href":"https:\/\/guidetogreenland.com\/da\/wp-json\/wp\/v2\/comments?post=12929"}],"wp:featuredmedia":[{"embeddable":true,"href":"https:\/\/guidetogreenland.com\/da\/wp-json\/wp\/v2\/media\/67376"}],"wp:attachment":[{"href":"https:\/\/guidetogreenland.com\/da\/wp-json\/wp\/v2\/media?parent=12929"}],"wp:term":[{"taxonomy":"product_brand","embeddable":true,"href":"https:\/\/guidetogreenland.com\/da\/wp-json\/wp\/v2\/product_brand?post=12929"},{"taxonomy":"product_cat","embeddable":true,"href":"https:\/\/guidetogreenland.com\/da\/wp-json\/wp\/v2\/product_cat?post=12929"},{"taxonomy":"product_tag","embeddable":true,"href":"https:\/\/guidetogreenland.com\/da\/wp-json\/wp\/v2\/product_tag?post=12929"}],"curies":[{"name":"wp","href":"https:\/\/api.w.org\/{rel}","templated":true}]}}