{"id":12958,"date":"2020-05-20T15:48:04","date_gmt":"2020-05-20T15:48:04","guid":{"rendered":"https:\/\/guidetogreenland.com\/book-trips-holiday\/2-day-hiking-and-kayaking-adventure-ilulissat-disko-bay\/"},"modified":"2025-08-18T14:06:31","modified_gmt":"2025-08-18T17:06:31","slug":"2-day-hiking-and-kayaking-adventure-ilulissat-disko-bay","status":"publish","type":"product","link":"https:\/\/guidetogreenland.com\/da\/reserver-ferie-rejser\/3-dages-vildmarkseventyr-vandring-kajak-camping-ilulissat-diskobugten\/","title":{"rendered":"3-dages vildmarkseventyr: Vandring, kajak &#038; camping | Ilulissat | Diskobugten"},"content":{"rendered":"<p>Deltag i denne autentiske tre-dages ekspedition gennem Diskobugtens betagende landskaber, hvor du vil sejle i kajak til den afsidesliggende bygd Oqaatsut, udforske Gr\u00f8nlands storsl\u00e5ede vildmark og opleve essensen af arktisk liv. Denne rejse er ideel for eventyrere, der s\u00f8ger en dybdeg\u00e5ende oplevelse, som kombinerer kultur, natur og sp\u00e6ndende udend\u00f8rs aktiviteter.<\/p>\n<p>Vores ekspedition begynder med en kajaktur til Oqaatsut, en lille bygd nord for Ilulissat, hvor du f\u00e5r indsigt i historien og hverdagen i dette isolerede samfund. Vi sl\u00e5r lejr i \u00e6gte ekspeditionsstil, nyder m\u00e5ltider lavet p\u00e5 stormk\u00f8kkener og sover under den \u00e5bne, arktiske himmel.<\/p>\n<p>Mens vi padler gennem bugten, vil du v\u00e6re omgivet af majest\u00e6tiske isbjerge, r\u00e5 bjerglandskaber og m\u00e5ske f\u00e5 et glimt af s\u00e6ler eller hvaler. Vores rute inkluderer et stop ved en natursk\u00f8n vandfald og bjergtoppe med storsl\u00e5ede udsigter. For en nat overnatter vi i en klassisk gr\u00f8nlandsk jagthytte p\u00e5 kysten, hvor vi drikker rent, smeltet isvand direkte fra de isflager, der er strandet langs kysten \u2013 en autentisk smag af Gr\u00f8nlands vildmark. For dem, der har lyst, er der mulighed for at fiske fra kysten eller kajakken og f\u00e5 en ekstra smag af det lokale liv.<\/p>\n<p>Med erfarne guider og udstyr af h\u00f8j kvalitet giver denne ekspedition en sj\u00e6lden mulighed for at opleve Gr\u00f8nlands arktiske charme til lands og til vands. Tag p\u00e5 eventyr, kom i kontakt med den gr\u00f8nlandske kultur og oplev Diskobugtens uforlignelige sk\u00f8nhed p\u00e5 denne uforglemmelige rejse.<\/p>\n<p>Tjek tilg\u00e6ngelighed og tryk p\u00e5 <strong>\u2018Book nu\u2019<\/strong> for at sikre din plads i dag!<\/p>\n","protected":false},"excerpt":{"rendered":"Deltag i denne autentiske tre-dages ekspedition gennem Diskobugtens betagende landskaber, hvor du vil sejle i kajak til den afsidesliggende bygd Oqaatsut, udforske Gr\u00f8nlands storsl\u00e5ede vildmark og opleve essensen af arktisk liv. Denne rejse er ideel for eventyrere, der s\u00f8ger en dybdeg\u00e5ende oplevelse, som kombinerer kultur, natur og sp\u00e6ndende udend\u00f8rs aktiviteter. Vores ekspedition begynder med en&#8230;","protected":false},"featured_media":12959,"comment_status":"open","ping_status":"closed","template":"","meta":[],"product_brand":[],"product_cat":[594,629,692,612,593,626,609,644,608],"product_tag":[919],"class_list":{"0":"post-12958","1":"product","2":"type-product","3":"status-publish","4":"has-post-thumbnail","6":"product_cat-baadture","7":"product_cat-disko-bugten","8":"product_cat-iceberg-icefjord-tours","9":"product_cat-natur-og-dyreliv-i-groenland","10":"product_cat-oplevelser-i-groenland","11":"product_cat-staycation-i-groenland","12":"product_cat-sup-kayakture","13":"product_cat-ture-i-ilulissat","14":"product_cat-vandre-og-trekkingture","15":"product_tag-ilulissat-da","16":"pa_activities-baadtur","17":"pa_activities-kajak-sup","18":"pa_activities-camping","19":"pa_activities-vandretur","20":"pa_activities-groenlandsk-kultur","21":"pa_activities-bygdebesoeg","22":"pa_attractions-oqaatsut","23":"pa_attractions-disko-bay-da","24":"pa_available-month-juli","25":"pa_available-month-august","26":"pa_destinations-ilulissat","27":"pa_difficulty-moderat","28":"pa_duration-3-dage-da","29":"pa_tour-type-flerdags-ture","30":"yith_shop_vendor-ilulissat-adventure-da","32":"first","33":"instock","34":"virtual","35":"sold-individually","36":"purchasable","37":"product-type-booking"},"acf":[],"yoast_head":"<!-- This site is optimized with the Yoast SEO plugin v25.6 - https:\/\/yoast.com\/wordpress\/plugins\/seo\/ -->\n<title>3-dages vildmarkseventyr: Vandring, kajak &amp; camping i Ilulissat<\/title>\n<meta name=\"description\" content=\"Bes\u00f8g Gr\u00f8nland om sommeren og oplev kayak med et autentisk bes\u00f8g i en traditionel gr\u00f8nlandsk bos\u00e6ttelse.\" \/>\n<meta name=\"robots\" content=\"index, follow, max-snippet:-1, max-image-preview:large, max-video-preview:-1\" \/>\n<link rel=\"canonical\" href=\"https:\/\/guidetogreenland.com\/da\/reserver-ferie-rejser\/3-dages-vildmarkseventyr-vandring-kajak-camping-ilulissat-diskobugten\/\" \/>\n<meta property=\"og:locale\" content=\"da_DK\" \/>\n<meta property=\"og:type\" content=\"article\" \/>\n<meta property=\"og:title\" content=\"3-dages vildmarkseventyr: Vandring, kajak &amp; camping i Ilulissat\" \/>\n<meta property=\"og:description\" content=\"Bes\u00f8g Gr\u00f8nland om sommeren og oplev kayak med et autentisk bes\u00f8g i en traditionel gr\u00f8nlandsk bos\u00e6ttelse.\" \/>\n<meta property=\"og:url\" content=\"https:\/\/guidetogreenland.com\/da\/reserver-ferie-rejser\/3-dages-vildmarkseventyr-vandring-kajak-camping-ilulissat-diskobugten\/\" \/>\n<meta property=\"og:site_name\" content=\"Guide to Greenland\" \/>\n<meta property=\"article:modified_time\" content=\"2025-08-18T17:06:31+00:00\" \/>\n<meta property=\"og:image\" content=\"https:\/\/guidetogreenland.com\/wp-content\/uploads\/2020\/05\/2-Day-Hiking-and-Kayaking-Adventure-Ilulissat-Disko-Bay-Guide-to-Greenland1.jpeg\" \/>\n\t<meta property=\"og:image:width\" content=\"982\" \/>\n\t<meta property=\"og:image:height\" content=\"656\" \/>\n\t<meta property=\"og:image:type\" content=\"image\/jpeg\" \/>\n<meta name=\"twitter:card\" content=\"summary_large_image\" \/>\n<meta name=\"twitter:label1\" content=\"Estimeret l\u00e6setid\" \/>\n\t<meta name=\"twitter:data1\" content=\"2 minutter\" \/>\n<script type=\"application\/ld+json\" class=\"yoast-schema-graph\">{\"@context\":\"https:\/\/schema.org\",\"@graph\":[{\"@type\":\"WebPage\",\"@id\":\"https:\/\/guidetogreenland.com\/da\/reserver-ferie-rejser\/3-dages-vildmarkseventyr-vandring-kajak-camping-ilulissat-diskobugten\/\",\"url\":\"https:\/\/guidetogreenland.com\/da\/reserver-ferie-rejser\/3-dages-vildmarkseventyr-vandring-kajak-camping-ilulissat-diskobugten\/\",\"name\":\"3-dages vildmarkseventyr: Vandring, kajak & camping i Ilulissat\",\"isPartOf\":{\"@id\":\"https:\/\/guidetogreenland.com\/da\/#website\"},\"primaryImageOfPage\":{\"@id\":\"https:\/\/guidetogreenland.com\/da\/reserver-ferie-rejser\/3-dages-vildmarkseventyr-vandring-kajak-camping-ilulissat-diskobugten\/#primaryimage\"},\"image\":{\"@id\":\"https:\/\/guidetogreenland.com\/da\/reserver-ferie-rejser\/3-dages-vildmarkseventyr-vandring-kajak-camping-ilulissat-diskobugten\/#primaryimage\"},\"thumbnailUrl\":\"https:\/\/guidetogreenland.com\/wp-content\/uploads\/2020\/05\/2-Day-Hiking-and-Kayaking-Adventure-Ilulissat-Disko-Bay-Guide-to-Greenland1.jpeg\",\"datePublished\":\"2020-05-20T15:48:04+00:00\",\"dateModified\":\"2025-08-18T17:06:31+00:00\",\"description\":\"Bes\u00f8g Gr\u00f8nland om sommeren og oplev kayak med et autentisk bes\u00f8g i en traditionel gr\u00f8nlandsk bos\u00e6ttelse.\",\"breadcrumb\":{\"@id\":\"https:\/\/guidetogreenland.com\/da\/reserver-ferie-rejser\/3-dages-vildmarkseventyr-vandring-kajak-camping-ilulissat-diskobugten\/#breadcrumb\"},\"inLanguage\":\"da-DK\",\"potentialAction\":[{\"@type\":\"ReadAction\",\"target\":[\"https:\/\/guidetogreenland.com\/da\/reserver-ferie-rejser\/3-dages-vildmarkseventyr-vandring-kajak-camping-ilulissat-diskobugten\/\"]}]},{\"@type\":\"ImageObject\",\"inLanguage\":\"da-DK\",\"@id\":\"https:\/\/guidetogreenland.com\/da\/reserver-ferie-rejser\/3-dages-vildmarkseventyr-vandring-kajak-camping-ilulissat-diskobugten\/#primaryimage\",\"url\":\"https:\/\/guidetogreenland.com\/wp-content\/uploads\/2020\/05\/2-Day-Hiking-and-Kayaking-Adventure-Ilulissat-Disko-Bay-Guide-to-Greenland1.jpeg\",\"contentUrl\":\"https:\/\/guidetogreenland.com\/wp-content\/uploads\/2020\/05\/2-Day-Hiking-and-Kayaking-Adventure-Ilulissat-Disko-Bay-Guide-to-Greenland1.jpeg\",\"width\":982,\"height\":656},{\"@type\":\"BreadcrumbList\",\"@id\":\"https:\/\/guidetogreenland.com\/da\/reserver-ferie-rejser\/3-dages-vildmarkseventyr-vandring-kajak-camping-ilulissat-diskobugten\/#breadcrumb\",\"itemListElement\":[{\"@type\":\"ListItem\",\"position\":1,\"name\":\"Home\",\"item\":\"https:\/\/guidetogreenland.com\/da\/\"},{\"@type\":\"ListItem\",\"position\":2,\"name\":\"Se alle ture\",\"item\":\"https:\/\/guidetogreenland.com\/da\/reserver-ferie-rejser\/\"},{\"@type\":\"ListItem\",\"position\":3,\"name\":\"3-dages vildmarkseventyr: Vandring, kajak &#038; camping | Ilulissat | Diskobugten\"}]},{\"@type\":\"WebSite\",\"@id\":\"https:\/\/guidetogreenland.com\/da\/#website\",\"url\":\"https:\/\/guidetogreenland.com\/da\/\",\"name\":\"Guide to Greenland\",\"description\":\"Largest selection of tours in Greenland\",\"potentialAction\":[{\"@type\":\"SearchAction\",\"target\":{\"@type\":\"EntryPoint\",\"urlTemplate\":\"https:\/\/guidetogreenland.com\/da\/?s={search_term_string}\"},\"query-input\":{\"@type\":\"PropertyValueSpecification\",\"valueRequired\":true,\"valueName\":\"search_term_string\"}}],\"inLanguage\":\"da-DK\"}]}<\/script>\n<!-- \/ Yoast SEO plugin. -->","yoast_head_json":{"title":"3-dages vildmarkseventyr: Vandring, kajak & camping i Ilulissat","description":"Bes\u00f8g Gr\u00f8nland om sommeren og oplev kayak med et autentisk bes\u00f8g i en traditionel gr\u00f8nlandsk bos\u00e6ttelse.","robots":{"index":"index","follow":"follow","max-snippet":"max-snippet:-1","max-image-preview":"max-image-preview:large","max-video-preview":"max-video-preview:-1"},"canonical":"https:\/\/guidetogreenland.com\/da\/reserver-ferie-rejser\/3-dages-vildmarkseventyr-vandring-kajak-camping-ilulissat-diskobugten\/","og_locale":"da_DK","og_type":"article","og_title":"3-dages vildmarkseventyr: Vandring, kajak & camping i Ilulissat","og_description":"Bes\u00f8g Gr\u00f8nland om sommeren og oplev kayak med et autentisk bes\u00f8g i en traditionel gr\u00f8nlandsk bos\u00e6ttelse.","og_url":"https:\/\/guidetogreenland.com\/da\/reserver-ferie-rejser\/3-dages-vildmarkseventyr-vandring-kajak-camping-ilulissat-diskobugten\/","og_site_name":"Guide to Greenland","article_modified_time":"2025-08-18T17:06:31+00:00","og_image":[{"width":982,"height":656,"url":"https:\/\/guidetogreenland.com\/wp-content\/uploads\/2020\/05\/2-Day-Hiking-and-Kayaking-Adventure-Ilulissat-Disko-Bay-Guide-to-Greenland1.jpeg","type":"image\/jpeg"}],"twitter_card":"summary_large_image","twitter_misc":{"Estimeret l\u00e6setid":"2 minutter"},"schema":{"@context":"https:\/\/schema.org","@graph":[{"@type":"WebPage","@id":"https:\/\/guidetogreenland.com\/da\/reserver-ferie-rejser\/3-dages-vildmarkseventyr-vandring-kajak-camping-ilulissat-diskobugten\/","url":"https:\/\/guidetogreenland.com\/da\/reserver-ferie-rejser\/3-dages-vildmarkseventyr-vandring-kajak-camping-ilulissat-diskobugten\/","name":"3-dages vildmarkseventyr: Vandring, kajak & camping i Ilulissat","isPartOf":{"@id":"https:\/\/guidetogreenland.com\/da\/#website"},"primaryImageOfPage":{"@id":"https:\/\/guidetogreenland.com\/da\/reserver-ferie-rejser\/3-dages-vildmarkseventyr-vandring-kajak-camping-ilulissat-diskobugten\/#primaryimage"},"image":{"@id":"https:\/\/guidetogreenland.com\/da\/reserver-ferie-rejser\/3-dages-vildmarkseventyr-vandring-kajak-camping-ilulissat-diskobugten\/#primaryimage"},"thumbnailUrl":"https:\/\/guidetogreenland.com\/wp-content\/uploads\/2020\/05\/2-Day-Hiking-and-Kayaking-Adventure-Ilulissat-Disko-Bay-Guide-to-Greenland1.jpeg","datePublished":"2020-05-20T15:48:04+00:00","dateModified":"2025-08-18T17:06:31+00:00","description":"Bes\u00f8g Gr\u00f8nland om sommeren og oplev kayak med et autentisk bes\u00f8g i en traditionel gr\u00f8nlandsk bos\u00e6ttelse.","breadcrumb":{"@id":"https:\/\/guidetogreenland.com\/da\/reserver-ferie-rejser\/3-dages-vildmarkseventyr-vandring-kajak-camping-ilulissat-diskobugten\/#breadcrumb"},"inLanguage":"da-DK","potentialAction":[{"@type":"ReadAction","target":["https:\/\/guidetogreenland.com\/da\/reserver-ferie-rejser\/3-dages-vildmarkseventyr-vandring-kajak-camping-ilulissat-diskobugten\/"]}]},{"@type":"ImageObject","inLanguage":"da-DK","@id":"https:\/\/guidetogreenland.com\/da\/reserver-ferie-rejser\/3-dages-vildmarkseventyr-vandring-kajak-camping-ilulissat-diskobugten\/#primaryimage","url":"https:\/\/guidetogreenland.com\/wp-content\/uploads\/2020\/05\/2-Day-Hiking-and-Kayaking-Adventure-Ilulissat-Disko-Bay-Guide-to-Greenland1.jpeg","contentUrl":"https:\/\/guidetogreenland.com\/wp-content\/uploads\/2020\/05\/2-Day-Hiking-and-Kayaking-Adventure-Ilulissat-Disko-Bay-Guide-to-Greenland1.jpeg","width":982,"height":656},{"@type":"BreadcrumbList","@id":"https:\/\/guidetogreenland.com\/da\/reserver-ferie-rejser\/3-dages-vildmarkseventyr-vandring-kajak-camping-ilulissat-diskobugten\/#breadcrumb","itemListElement":[{"@type":"ListItem","position":1,"name":"Home","item":"https:\/\/guidetogreenland.com\/da\/"},{"@type":"ListItem","position":2,"name":"Se alle ture","item":"https:\/\/guidetogreenland.com\/da\/reserver-ferie-rejser\/"},{"@type":"ListItem","position":3,"name":"3-dages vildmarkseventyr: Vandring, kajak &#038; camping | Ilulissat | Diskobugten"}]},{"@type":"WebSite","@id":"https:\/\/guidetogreenland.com\/da\/#website","url":"https:\/\/guidetogreenland.com\/da\/","name":"Guide to Greenland","description":"Largest selection of tours in Greenland","potentialAction":[{"@type":"SearchAction","target":{"@type":"EntryPoint","urlTemplate":"https:\/\/guidetogreenland.com\/da\/?s={search_term_string}"},"query-input":{"@type":"PropertyValueSpecification","valueRequired":true,"valueName":"search_term_string"}}],"inLanguage":"da-DK"}]}},"_links":{"self":[{"href":"https:\/\/guidetogreenland.com\/da\/wp-json\/wp\/v2\/product\/12958","targetHints":{"allow":["GET"]}}],"collection":[{"href":"https:\/\/guidetogreenland.com\/da\/wp-json\/wp\/v2\/product"}],"about":[{"href":"https:\/\/guidetogreenland.com\/da\/wp-json\/wp\/v2\/types\/product"}],"replies":[{"embeddable":true,"href":"https:\/\/guidetogreenland.com\/da\/wp-json\/wp\/v2\/comments?post=12958"}],"wp:featuredmedia":[{"embeddable":true,"href":"https:\/\/guidetogreenland.com\/da\/wp-json\/wp\/v2\/media\/12959"}],"wp:attachment":[{"href":"https:\/\/guidetogreenland.com\/da\/wp-json\/wp\/v2\/media?parent=12958"}],"wp:term":[{"taxonomy":"product_brand","embeddable":true,"href":"https:\/\/guidetogreenland.com\/da\/wp-json\/wp\/v2\/product_brand?post=12958"},{"taxonomy":"product_cat","embeddable":true,"href":"https:\/\/guidetogreenland.com\/da\/wp-json\/wp\/v2\/product_cat?post=12958"},{"taxonomy":"product_tag","embeddable":true,"href":"https:\/\/guidetogreenland.com\/da\/wp-json\/wp\/v2\/product_tag?post=12958"}],"curies":[{"name":"wp","href":"https:\/\/api.w.org\/{rel}","templated":true}]}}