{"id":12963,"date":"2020-05-01T12:14:48","date_gmt":"2020-05-01T12:14:48","guid":{"rendered":"https:\/\/guidetogreenland.com\/book-trips-holiday\/test-5-day-ilulissat-explorer-disko-bay\/"},"modified":"2021-02-02T18:32:50","modified_gmt":"2021-02-02T18:32:50","slug":"test-5-day-ilulissat-explorer-disko-bay","status":"publish","type":"product","link":"https:\/\/guidetogreenland.com\/da\/reserver-ferie-rejser\/5-fantastiske-dage-ilulissat\/","title":{"rendered":"5 Fantastiske Dage | Ilulissat"},"content":{"rendered":"<p class=\"x-18pep25\">Kom med p\u00e5 denne 4 dages tur og oplev alt, der er v\u00e6rd at opleve omkring Ilulissat. Oplev den betagende Ilulissat isfjord, bes\u00f8g en traditionel gr\u00f8nlandsk fanger bygd og meget mere!<\/p>\n<p class=\"x-18pep25\">Ilulissat, byen af isbjerge, kom i 2004 p\u00e5 UNESCO&#8217;s Verdensarvsliste for sin betagende isfjord. Har du altid \u00f8nsket at opleve Gr\u00f8nland, s\u00e5 kom med p\u00e5 denne tur. Du vil bes\u00f8ge charmerende Ilulissat by med dens 4.500 indbyggere, hvor du vil opleve den gr\u00f8nlandske kultur kombineret med den moderne livsstil.<\/p>\n<p class=\"e1imf5dp0 x-jm2771\">Du kommer ind i det lokale museum og l\u00e6rer om omr\u00e5dets lange historie. Der vil ogs\u00e5 v\u00e6re god mulighed for at t<span class=\"x-12abj6v e1uuu2lt3\">age p\u00e5 caf\u00e9er, restauranter og p\u00e5 eksklusiv souvenir shopping, da mange dygtige kunsth\u00e5ndv\u00e6rkere s\u00e6lger sine kreationer i butikkerne. Du kan ogs\u00e5 bes\u00f8ge kunsth\u00e5ndv\u00e6rker v\u00e6rkstedet, se hvordan tingene bliver lavet og k\u00f8be direkte fra kunstneren. Omr\u00e5det omkring Ilulissat giver dig mulighed for mange vandreture, b\u00e5de for nybegyndere og \u00f8vede, da der er godt opm\u00e6rkede vandreruter rundt om byen, hvorfra du kan nyde udsigten over isfjorden. Husk at medbringe kikkert og kamera, da der ogs\u00e5 vil v\u00e6re store chancer for at spotte dyreliv b\u00e5de til havs og p\u00e5 land. P\u00e5 turen er der ogs\u00e5 et bes\u00f8g til den gamle inuit boplads, Sermermiut, med udsigt over isfjorden, en tur til fanger-bygde Oqaatsut\/Rodebay, hvor du vil opleve en traditionel gr\u00f8nlandsk bygd samt en tur til den produktive gletsjer Eqi, hvor du vil sejle blandt isbjergene p\u00e5 deres rejse til havet &#8211; en sejltur p\u00e5 i alt 8 timer. og<\/span><\/p>\n<p class=\"e1imf5dp0 x-jm2771\"><span class=\"x-12abj6v e1uuu2lt3\">Turen byder alt i alt p\u00e5 uds\u00f8gte oplevelser af naturen og den lokale kultur.<\/span><\/p>\n<p class=\"e1imf5dp0 x-jm2771\"><span class=\"x-12abj6v e1uuu2lt3\">Kom med p\u00e5 dette sp\u00e6ndende eventyr til Gr\u00f8nlands tredjest\u00f8rste by! Se tilg\u00e6ngeligheden ved at trykke p\u00e5 &#8216;V\u00e6lg en dag&#8217; og book din tur i dag.<\/span><\/p>\n","protected":false},"excerpt":{"rendered":"Kom med p\u00e5 denne 4 dages tur og oplev alt, der er v\u00e6rd at opleve omkring Ilulissat. Oplev den betagende Ilulissat isfjord, bes\u00f8g en traditionel gr\u00f8nlandsk fanger bygd og meget mere! Ilulissat, byen af isbjerge, kom i 2004 p\u00e5 UNESCO&#8217;s Verdensarvsliste for sin betagende isfjord. Har du altid \u00f8nsket at opleve Gr\u00f8nland, s\u00e5 kom med&#8230;","protected":false},"featured_media":12965,"comment_status":"open","ping_status":"closed","template":"","meta":[],"product_brand":[],"product_cat":[594,629,636,622,624,692,617,618,612,593,635,640,627,643,644,625],"product_tag":[919],"class_list":{"0":"post-12963","1":"product","2":"type-product","3":"status-publish","4":"has-post-thumbnail","6":"product_cat-baadture","7":"product_cat-disko-bugten","8":"product_cat-fra-danmark-til-groenland","9":"product_cat-groenlandsk-kultur","10":"product_cat-historiske-ture","11":"product_cat-iceberg-icefjord-tours","12":"product_cat-ilulissat-isfjord-ture","13":"product_cat-midnatssol-ture","14":"product_cat-natur-og-dyreliv-i-groenland","15":"product_cat-oplevelser-i-groenland","16":"product_cat-pakkerejser","17":"product_cat-sommerrejser","18":"product_cat-ture-i-bestemte-omraader","19":"product_cat-ture-i-hver-by","20":"product_cat-ture-i-ilulissat","21":"product_cat-ture-til-verdensarv-steder-i-groenland","22":"product_tag-ilulissat-da","23":"pa_activities-baadtur","24":"pa_activities-vandretur","25":"pa_activities-byrundtur","26":"pa_activities-gletscher-udsigt","27":"pa_activities-isbjerg-udsigt","28":"pa_activities-midnatssol","29":"pa_activities-bygdebesoeg","30":"pa_attractions-eqi-gletscheren","31":"pa_attractions-ilulissat-icefjord","32":"pa_attractions-unesco-verdensarv-omraade","33":"pa_available-month-august","34":"pa_difficulty-let","35":"pa_duration-5-dage","36":"pa_tour-type-pakkerejser","37":"yith_booking_service-helicopter-tour-icefjord-and-glacier-from-above-15-hours","38":"yith_booking_service-single-room-supplement-mandatory-if-travelling-alone-2200","40":"first","41":"instock","42":"virtual","43":"sold-individually","44":"purchasable","45":"product-type-booking"},"acf":[],"yoast_head":"<!-- This site is optimized with the Yoast SEO plugin v25.6 - https:\/\/yoast.com\/wordpress\/plugins\/seo\/ -->\n<title>5 Fantastiske Dage | Ilulissat | Guide to Greenland<\/title>\n<meta name=\"description\" content=\"Extend your trip to Iceland and spend 5 days exploring the world famous area around Ilulissat, West Greenland on a fully-escorted tour. Bookings and info here\" \/>\n<meta name=\"robots\" content=\"index, follow, max-snippet:-1, max-image-preview:large, max-video-preview:-1\" \/>\n<link rel=\"canonical\" href=\"https:\/\/guidetogreenland.com\/da\/reserver-ferie-rejser\/5-fantastiske-dage-ilulissat\/\" \/>\n<meta property=\"og:locale\" content=\"da_DK\" \/>\n<meta property=\"og:type\" content=\"article\" \/>\n<meta property=\"og:title\" content=\"5 Fantastiske Dage | Ilulissat | Guide to Greenland\" \/>\n<meta property=\"og:description\" content=\"Extend your trip to Iceland and spend 5 days exploring the world famous area around Ilulissat, West Greenland on a fully-escorted tour. Bookings and info here\" \/>\n<meta property=\"og:url\" content=\"https:\/\/guidetogreenland.com\/da\/reserver-ferie-rejser\/5-fantastiske-dage-ilulissat\/\" \/>\n<meta property=\"og:site_name\" content=\"Guide to Greenland\" \/>\n<meta property=\"article:modified_time\" content=\"2021-02-02T18:32:50+00:00\" \/>\n<meta property=\"og:image\" content=\"https:\/\/guidetogreenland.com\/wp-content\/uploads\/2020\/04\/5-day-ilulissat-explorer-disko-bay-Guide-to-Greenland-2.jpg\" \/>\n\t<meta property=\"og:image:width\" content=\"926\" \/>\n\t<meta property=\"og:image:height\" content=\"1235\" \/>\n\t<meta property=\"og:image:type\" content=\"image\/jpeg\" \/>\n<meta name=\"twitter:card\" content=\"summary_large_image\" \/>\n<meta name=\"twitter:label1\" content=\"Estimeret l\u00e6setid\" \/>\n\t<meta name=\"twitter:data1\" content=\"2 minutter\" \/>\n<script type=\"application\/ld+json\" class=\"yoast-schema-graph\">{\"@context\":\"https:\/\/schema.org\",\"@graph\":[{\"@type\":\"WebPage\",\"@id\":\"https:\/\/guidetogreenland.com\/da\/reserver-ferie-rejser\/5-fantastiske-dage-ilulissat\/\",\"url\":\"https:\/\/guidetogreenland.com\/da\/reserver-ferie-rejser\/5-fantastiske-dage-ilulissat\/\",\"name\":\"5 Fantastiske Dage | Ilulissat | Guide to Greenland\",\"isPartOf\":{\"@id\":\"https:\/\/guidetogreenland.com\/da\/#website\"},\"primaryImageOfPage\":{\"@id\":\"https:\/\/guidetogreenland.com\/da\/reserver-ferie-rejser\/5-fantastiske-dage-ilulissat\/#primaryimage\"},\"image\":{\"@id\":\"https:\/\/guidetogreenland.com\/da\/reserver-ferie-rejser\/5-fantastiske-dage-ilulissat\/#primaryimage\"},\"thumbnailUrl\":\"https:\/\/guidetogreenland.com\/wp-content\/uploads\/2020\/04\/5-day-ilulissat-explorer-disko-bay-Guide-to-Greenland-2.jpg\",\"datePublished\":\"2020-05-01T12:14:48+00:00\",\"dateModified\":\"2021-02-02T18:32:50+00:00\",\"description\":\"Extend your trip to Iceland and spend 5 days exploring the world famous area around Ilulissat, West Greenland on a fully-escorted tour. Bookings and info here\",\"breadcrumb\":{\"@id\":\"https:\/\/guidetogreenland.com\/da\/reserver-ferie-rejser\/5-fantastiske-dage-ilulissat\/#breadcrumb\"},\"inLanguage\":\"da-DK\",\"potentialAction\":[{\"@type\":\"ReadAction\",\"target\":[\"https:\/\/guidetogreenland.com\/da\/reserver-ferie-rejser\/5-fantastiske-dage-ilulissat\/\"]}]},{\"@type\":\"ImageObject\",\"inLanguage\":\"da-DK\",\"@id\":\"https:\/\/guidetogreenland.com\/da\/reserver-ferie-rejser\/5-fantastiske-dage-ilulissat\/#primaryimage\",\"url\":\"https:\/\/guidetogreenland.com\/wp-content\/uploads\/2020\/04\/5-day-ilulissat-explorer-disko-bay-Guide-to-Greenland-2.jpg\",\"contentUrl\":\"https:\/\/guidetogreenland.com\/wp-content\/uploads\/2020\/04\/5-day-ilulissat-explorer-disko-bay-Guide-to-Greenland-2.jpg\",\"width\":926,\"height\":1235},{\"@type\":\"BreadcrumbList\",\"@id\":\"https:\/\/guidetogreenland.com\/da\/reserver-ferie-rejser\/5-fantastiske-dage-ilulissat\/#breadcrumb\",\"itemListElement\":[{\"@type\":\"ListItem\",\"position\":1,\"name\":\"Home\",\"item\":\"https:\/\/guidetogreenland.com\/da\/\"},{\"@type\":\"ListItem\",\"position\":2,\"name\":\"Se alle ture\",\"item\":\"https:\/\/guidetogreenland.com\/da\/reserver-ferie-rejser\/\"},{\"@type\":\"ListItem\",\"position\":3,\"name\":\"5 Fantastiske Dage | Ilulissat\"}]},{\"@type\":\"WebSite\",\"@id\":\"https:\/\/guidetogreenland.com\/da\/#website\",\"url\":\"https:\/\/guidetogreenland.com\/da\/\",\"name\":\"Guide to Greenland\",\"description\":\"Largest selection of tours in Greenland\",\"potentialAction\":[{\"@type\":\"SearchAction\",\"target\":{\"@type\":\"EntryPoint\",\"urlTemplate\":\"https:\/\/guidetogreenland.com\/da\/?s={search_term_string}\"},\"query-input\":{\"@type\":\"PropertyValueSpecification\",\"valueRequired\":true,\"valueName\":\"search_term_string\"}}],\"inLanguage\":\"da-DK\"}]}<\/script>\n<!-- \/ Yoast SEO plugin. -->","yoast_head_json":{"title":"5 Fantastiske Dage | Ilulissat | Guide to Greenland","description":"Extend your trip to Iceland and spend 5 days exploring the world famous area around Ilulissat, West Greenland on a fully-escorted tour. Bookings and info here","robots":{"index":"index","follow":"follow","max-snippet":"max-snippet:-1","max-image-preview":"max-image-preview:large","max-video-preview":"max-video-preview:-1"},"canonical":"https:\/\/guidetogreenland.com\/da\/reserver-ferie-rejser\/5-fantastiske-dage-ilulissat\/","og_locale":"da_DK","og_type":"article","og_title":"5 Fantastiske Dage | Ilulissat | Guide to Greenland","og_description":"Extend your trip to Iceland and spend 5 days exploring the world famous area around Ilulissat, West Greenland on a fully-escorted tour. Bookings and info here","og_url":"https:\/\/guidetogreenland.com\/da\/reserver-ferie-rejser\/5-fantastiske-dage-ilulissat\/","og_site_name":"Guide to Greenland","article_modified_time":"2021-02-02T18:32:50+00:00","og_image":[{"width":926,"height":1235,"url":"https:\/\/guidetogreenland.com\/wp-content\/uploads\/2020\/04\/5-day-ilulissat-explorer-disko-bay-Guide-to-Greenland-2.jpg","type":"image\/jpeg"}],"twitter_card":"summary_large_image","twitter_misc":{"Estimeret l\u00e6setid":"2 minutter"},"schema":{"@context":"https:\/\/schema.org","@graph":[{"@type":"WebPage","@id":"https:\/\/guidetogreenland.com\/da\/reserver-ferie-rejser\/5-fantastiske-dage-ilulissat\/","url":"https:\/\/guidetogreenland.com\/da\/reserver-ferie-rejser\/5-fantastiske-dage-ilulissat\/","name":"5 Fantastiske Dage | Ilulissat | Guide to Greenland","isPartOf":{"@id":"https:\/\/guidetogreenland.com\/da\/#website"},"primaryImageOfPage":{"@id":"https:\/\/guidetogreenland.com\/da\/reserver-ferie-rejser\/5-fantastiske-dage-ilulissat\/#primaryimage"},"image":{"@id":"https:\/\/guidetogreenland.com\/da\/reserver-ferie-rejser\/5-fantastiske-dage-ilulissat\/#primaryimage"},"thumbnailUrl":"https:\/\/guidetogreenland.com\/wp-content\/uploads\/2020\/04\/5-day-ilulissat-explorer-disko-bay-Guide-to-Greenland-2.jpg","datePublished":"2020-05-01T12:14:48+00:00","dateModified":"2021-02-02T18:32:50+00:00","description":"Extend your trip to Iceland and spend 5 days exploring the world famous area around Ilulissat, West Greenland on a fully-escorted tour. Bookings and info here","breadcrumb":{"@id":"https:\/\/guidetogreenland.com\/da\/reserver-ferie-rejser\/5-fantastiske-dage-ilulissat\/#breadcrumb"},"inLanguage":"da-DK","potentialAction":[{"@type":"ReadAction","target":["https:\/\/guidetogreenland.com\/da\/reserver-ferie-rejser\/5-fantastiske-dage-ilulissat\/"]}]},{"@type":"ImageObject","inLanguage":"da-DK","@id":"https:\/\/guidetogreenland.com\/da\/reserver-ferie-rejser\/5-fantastiske-dage-ilulissat\/#primaryimage","url":"https:\/\/guidetogreenland.com\/wp-content\/uploads\/2020\/04\/5-day-ilulissat-explorer-disko-bay-Guide-to-Greenland-2.jpg","contentUrl":"https:\/\/guidetogreenland.com\/wp-content\/uploads\/2020\/04\/5-day-ilulissat-explorer-disko-bay-Guide-to-Greenland-2.jpg","width":926,"height":1235},{"@type":"BreadcrumbList","@id":"https:\/\/guidetogreenland.com\/da\/reserver-ferie-rejser\/5-fantastiske-dage-ilulissat\/#breadcrumb","itemListElement":[{"@type":"ListItem","position":1,"name":"Home","item":"https:\/\/guidetogreenland.com\/da\/"},{"@type":"ListItem","position":2,"name":"Se alle ture","item":"https:\/\/guidetogreenland.com\/da\/reserver-ferie-rejser\/"},{"@type":"ListItem","position":3,"name":"5 Fantastiske Dage | Ilulissat"}]},{"@type":"WebSite","@id":"https:\/\/guidetogreenland.com\/da\/#website","url":"https:\/\/guidetogreenland.com\/da\/","name":"Guide to Greenland","description":"Largest selection of tours in Greenland","potentialAction":[{"@type":"SearchAction","target":{"@type":"EntryPoint","urlTemplate":"https:\/\/guidetogreenland.com\/da\/?s={search_term_string}"},"query-input":{"@type":"PropertyValueSpecification","valueRequired":true,"valueName":"search_term_string"}}],"inLanguage":"da-DK"}]}},"_links":{"self":[{"href":"https:\/\/guidetogreenland.com\/da\/wp-json\/wp\/v2\/product\/12963","targetHints":{"allow":["GET"]}}],"collection":[{"href":"https:\/\/guidetogreenland.com\/da\/wp-json\/wp\/v2\/product"}],"about":[{"href":"https:\/\/guidetogreenland.com\/da\/wp-json\/wp\/v2\/types\/product"}],"replies":[{"embeddable":true,"href":"https:\/\/guidetogreenland.com\/da\/wp-json\/wp\/v2\/comments?post=12963"}],"wp:featuredmedia":[{"embeddable":true,"href":"https:\/\/guidetogreenland.com\/da\/wp-json\/wp\/v2\/media\/12965"}],"wp:attachment":[{"href":"https:\/\/guidetogreenland.com\/da\/wp-json\/wp\/v2\/media?parent=12963"}],"wp:term":[{"taxonomy":"product_brand","embeddable":true,"href":"https:\/\/guidetogreenland.com\/da\/wp-json\/wp\/v2\/product_brand?post=12963"},{"taxonomy":"product_cat","embeddable":true,"href":"https:\/\/guidetogreenland.com\/da\/wp-json\/wp\/v2\/product_cat?post=12963"},{"taxonomy":"product_tag","embeddable":true,"href":"https:\/\/guidetogreenland.com\/da\/wp-json\/wp\/v2\/product_tag?post=12963"}],"curies":[{"name":"wp","href":"https:\/\/api.w.org\/{rel}","templated":true}]}}