{"id":12989,"date":"2020-05-12T12:31:24","date_gmt":"2020-05-12T12:31:24","guid":{"rendered":"https:\/\/guidetogreenland.com\/book-trips-holiday\/dogsled-tour-ilulissat-disko-bay\/"},"modified":"2026-04-04T16:57:07","modified_gmt":"2026-04-04T17:57:07","slug":"dogsled-tour-ilulissat-disko-bay","status":"publish","type":"product","link":"https:\/\/guidetogreenland.com\/da\/reserver-ferie-rejser\/hundeslaedetur-ilulissat-diskobugten\/","title":{"rendered":"Hundesl\u00e6detur | Ilulissat | Diskobugten"},"content":{"rendered":"<p class=\"x-18pep25\">Kom med og oplev denne enest\u00e5ende chance for at opleve den traditionelle gr\u00f8nlandske kultur og de eminente hvide landskaber med en hundesl\u00e6detur i Ilulissat! Gr\u00f8nland er kendt for sine sne-hvide landskaber og frosne havis. Hvilken bedre m\u00e5de er der at opleve det p\u00e5, end p\u00e5 en hundesl\u00e6detur? Hundene kan overvinde enhver forhindring der har med sne at g\u00f8re, hvilket giver dig og dine medrejsende adgang til n\u00e6sten utilg\u00e6ngelige destinationer.<\/p>\n<p class=\"e1imf5dp0 x-jm2771\">Din tur starter i Kussangajaannguaq 7, hvor du bliver transporteret udenbys til hundesl\u00e6de sporene. Ved hunsl\u00e6desporene bliver du m\u00f8dt af en symfoni af hylende hunde og din kusk! De<span class=\"x-12abj6v e1uuu2lt3\">t kan ikke p\u00e5 forh\u00e5nd loves at din kusk kan tale dansk eller engelsk, men man kommer langt med fagter og armbev\u00e6gelser! <\/span><\/p>\n<p class=\"e1imf5dp0 x-jm2771\"><span class=\"x-12abj6v e1uuu2lt3\">Du vil blive instrueret i hvordan du skal side p\u00e5 sl\u00e6den og agere i snelandskabet. Sne forholdende og sl\u00e6desporene bestemmer dagens rute, og turen kan tage dig overalt! Lige fra baglandet bag Lille Akinnaq til bugten, der byder p\u00e5 tryllebindende og magiske udsigter af isfjorden. Men lige meget hvad, vil du opleve den endel\u00f8se og fantastiske gr\u00f8nlandske vildmark! Undervejs stopper vi op og nyder de fortryllende omgivelser med en varm kop kaffe eller te.\u00a0<\/span><\/p>\n<p class=\"e1imf5dp0 x-jm2771\"><span class=\"x-12abj6v e1uuu2lt3\">Hundsl\u00e6den har v\u00e6ret benyttet siden inuitternes ankomst til Gr\u00f8nland, og at opleve det specielle b\u00e5nd der er mellem ejeren og hundene, er en oplevelse du ikke vil v\u00e6re foruden. Hundesl\u00e6den har v\u00e6ret en n\u00f8dvendighed for overlevelsen i det arktiske, da den moderne snescooter ikke kan udkonkurerre det tr\u00e6ttel\u00f8se arbejde som en sl\u00e6dehund udf\u00f8re. Hundene er arbejdshunde og ikke k\u00e6ledyr. Det er derfor vigtigt at du ikke p\u00e5 egenh\u00e5nd ops\u00f8ger hundene.\u00a0<\/span><\/p>\n<p class=\"e1imf5dp0 x-jm2771\"><span class=\"x-12abj6v e1uuu2lt3\">Kom med og tag din varmest hat p\u00e5! Fortvivl ej, dette er den mest autentiske og kulturelle oplevelse i Ilulissat. Se tilg\u00e6ngelighed ovenfor for booking af en hundesl\u00e6detur i Ilulissat.\u00a0<\/span><\/p>\n","protected":false},"excerpt":{"rendered":"Kom med og oplev denne enest\u00e5ende chance for at opleve den traditionelle gr\u00f8nlandske kultur og de eminente hvide landskaber med en hundesl\u00e6detur i Ilulissat! Gr\u00f8nland er kendt for sine sne-hvide landskaber og frosne havis. Hvilken bedre m\u00e5de er der at opleve det p\u00e5, end p\u00e5 en hundesl\u00e6detur? Hundene kan overvinde enhver forhindring der har med&#8230;","protected":false},"featured_media":12991,"comment_status":"open","ping_status":"closed","template":"","meta":[],"product_brand":[],"product_cat":[606,629,607,612,593,643,644],"product_tag":[919],"class_list":{"0":"post-12989","1":"product","2":"type-product","3":"status-publish","4":"has-post-thumbnail","6":"product_cat-dagsture-om-vinteren","7":"product_cat-disko-bugten","8":"product_cat-hundeslaedeture","9":"product_cat-natur-og-dyreliv-i-groenland","10":"product_cat-oplevelser-i-groenland","11":"product_cat-ture-i-hver-by","12":"product_cat-ture-i-ilulissat","13":"product_tag-ilulissat-da","14":"pa_activities-hundeslaede","15":"pa_available-month-januar","16":"pa_available-month-februar","17":"pa_available-month-marts","18":"pa_available-month-april","19":"pa_available-month-maj","20":"pa_available-month-november","21":"pa_available-month-december","22":"pa_destinations-ilulissat","23":"pa_difficulty-moderat","24":"pa_duration-2-timer","25":"pa_tour-type-dagsture","26":"yith_shop_vendor-diskobaytours-da","28":"first","29":"instock","30":"virtual","31":"sold-individually","32":"purchasable","33":"product-type-booking"},"acf":[],"yoast_head":"<!-- This site is optimized with the Yoast SEO plugin v25.6 - https:\/\/yoast.com\/wordpress\/plugins\/seo\/ -->\n<title>Hundesl\u00e6detur i Ilulissat \u2022 Diskobugten | Guide to Greenland<\/title>\n<meta name=\"description\" content=\"Oplev en enest\u00e5ende chance for at se den gr\u00f8nlandske kultur og de eminente hvide landskaber med en hundesl\u00e6detur i Ilulissat. Se her \u00bb\" \/>\n<meta name=\"robots\" content=\"index, follow, max-snippet:-1, max-image-preview:large, max-video-preview:-1\" \/>\n<link rel=\"canonical\" href=\"https:\/\/guidetogreenland.com\/da\/reserver-ferie-rejser\/hundeslaedetur-ilulissat-diskobugten\/\" \/>\n<meta property=\"og:locale\" content=\"da_DK\" \/>\n<meta property=\"og:type\" content=\"article\" \/>\n<meta property=\"og:title\" content=\"Hundesl\u00e6detur i Ilulissat \u2022 Diskobugten | Guide to Greenland\" \/>\n<meta property=\"og:description\" content=\"Oplev en enest\u00e5ende chance for at se den gr\u00f8nlandske kultur og de eminente hvide landskaber med en hundesl\u00e6detur i Ilulissat. Se her \u00bb\" \/>\n<meta property=\"og:url\" content=\"https:\/\/guidetogreenland.com\/da\/reserver-ferie-rejser\/hundeslaedetur-ilulissat-diskobugten\/\" \/>\n<meta property=\"og:site_name\" content=\"Guide to Greenland\" \/>\n<meta property=\"article:modified_time\" content=\"2026-04-04T17:57:07+00:00\" \/>\n<meta property=\"og:image\" content=\"https:\/\/guidetogreenland.com\/wp-content\/uploads\/2020\/05\/dogsled-tour-ilulissat-disko-bay-Guide-to-Greenland16.jpg\" \/>\n\t<meta property=\"og:image:width\" content=\"926\" \/>\n\t<meta property=\"og:image:height\" content=\"1157\" \/>\n\t<meta property=\"og:image:type\" content=\"image\/jpeg\" \/>\n<meta name=\"twitter:card\" content=\"summary_large_image\" \/>\n<meta name=\"twitter:label1\" content=\"Estimeret l\u00e6setid\" \/>\n\t<meta name=\"twitter:data1\" content=\"2 minutter\" \/>\n<script type=\"application\/ld+json\" class=\"yoast-schema-graph\">{\"@context\":\"https:\/\/schema.org\",\"@graph\":[{\"@type\":\"WebPage\",\"@id\":\"https:\/\/guidetogreenland.com\/da\/reserver-ferie-rejser\/hundeslaedetur-ilulissat-diskobugten\/\",\"url\":\"https:\/\/guidetogreenland.com\/da\/reserver-ferie-rejser\/hundeslaedetur-ilulissat-diskobugten\/\",\"name\":\"Hundesl\u00e6detur i Ilulissat \u2022 Diskobugten | Guide to Greenland\",\"isPartOf\":{\"@id\":\"https:\/\/guidetogreenland.com\/da\/#website\"},\"primaryImageOfPage\":{\"@id\":\"https:\/\/guidetogreenland.com\/da\/reserver-ferie-rejser\/hundeslaedetur-ilulissat-diskobugten\/#primaryimage\"},\"image\":{\"@id\":\"https:\/\/guidetogreenland.com\/da\/reserver-ferie-rejser\/hundeslaedetur-ilulissat-diskobugten\/#primaryimage\"},\"thumbnailUrl\":\"https:\/\/guidetogreenland.com\/wp-content\/uploads\/2020\/05\/dogsled-tour-ilulissat-disko-bay-Guide-to-Greenland16.jpg\",\"datePublished\":\"2020-05-12T12:31:24+00:00\",\"dateModified\":\"2026-04-04T17:57:07+00:00\",\"description\":\"Oplev en enest\u00e5ende chance for at se den gr\u00f8nlandske kultur og de eminente hvide landskaber med en hundesl\u00e6detur i Ilulissat. Se her \u00bb\",\"breadcrumb\":{\"@id\":\"https:\/\/guidetogreenland.com\/da\/reserver-ferie-rejser\/hundeslaedetur-ilulissat-diskobugten\/#breadcrumb\"},\"inLanguage\":\"da-DK\",\"potentialAction\":[{\"@type\":\"ReadAction\",\"target\":[\"https:\/\/guidetogreenland.com\/da\/reserver-ferie-rejser\/hundeslaedetur-ilulissat-diskobugten\/\"]}]},{\"@type\":\"ImageObject\",\"inLanguage\":\"da-DK\",\"@id\":\"https:\/\/guidetogreenland.com\/da\/reserver-ferie-rejser\/hundeslaedetur-ilulissat-diskobugten\/#primaryimage\",\"url\":\"https:\/\/guidetogreenland.com\/wp-content\/uploads\/2020\/05\/dogsled-tour-ilulissat-disko-bay-Guide-to-Greenland16.jpg\",\"contentUrl\":\"https:\/\/guidetogreenland.com\/wp-content\/uploads\/2020\/05\/dogsled-tour-ilulissat-disko-bay-Guide-to-Greenland16.jpg\",\"width\":926,\"height\":1157,\"caption\":\"hundesl\u00e6detur i Ilulissat\"},{\"@type\":\"BreadcrumbList\",\"@id\":\"https:\/\/guidetogreenland.com\/da\/reserver-ferie-rejser\/hundeslaedetur-ilulissat-diskobugten\/#breadcrumb\",\"itemListElement\":[{\"@type\":\"ListItem\",\"position\":1,\"name\":\"Home\",\"item\":\"https:\/\/guidetogreenland.com\/da\/\"},{\"@type\":\"ListItem\",\"position\":2,\"name\":\"Se alle ture\",\"item\":\"https:\/\/guidetogreenland.com\/da\/reserver-ferie-rejser\/\"},{\"@type\":\"ListItem\",\"position\":3,\"name\":\"Hundesl\u00e6detur | Ilulissat | Diskobugten\"}]},{\"@type\":\"WebSite\",\"@id\":\"https:\/\/guidetogreenland.com\/da\/#website\",\"url\":\"https:\/\/guidetogreenland.com\/da\/\",\"name\":\"Guide to Greenland\",\"description\":\"Largest selection of tours in Greenland\",\"potentialAction\":[{\"@type\":\"SearchAction\",\"target\":{\"@type\":\"EntryPoint\",\"urlTemplate\":\"https:\/\/guidetogreenland.com\/da\/?s={search_term_string}\"},\"query-input\":{\"@type\":\"PropertyValueSpecification\",\"valueRequired\":true,\"valueName\":\"search_term_string\"}}],\"inLanguage\":\"da-DK\"}]}<\/script>\n<!-- \/ Yoast SEO plugin. -->","yoast_head_json":{"title":"Hundesl\u00e6detur i Ilulissat \u2022 Diskobugten | Guide to Greenland","description":"Oplev en enest\u00e5ende chance for at se den gr\u00f8nlandske kultur og de eminente hvide landskaber med en hundesl\u00e6detur i Ilulissat. Se her \u00bb","robots":{"index":"index","follow":"follow","max-snippet":"max-snippet:-1","max-image-preview":"max-image-preview:large","max-video-preview":"max-video-preview:-1"},"canonical":"https:\/\/guidetogreenland.com\/da\/reserver-ferie-rejser\/hundeslaedetur-ilulissat-diskobugten\/","og_locale":"da_DK","og_type":"article","og_title":"Hundesl\u00e6detur i Ilulissat \u2022 Diskobugten | Guide to Greenland","og_description":"Oplev en enest\u00e5ende chance for at se den gr\u00f8nlandske kultur og de eminente hvide landskaber med en hundesl\u00e6detur i Ilulissat. Se her \u00bb","og_url":"https:\/\/guidetogreenland.com\/da\/reserver-ferie-rejser\/hundeslaedetur-ilulissat-diskobugten\/","og_site_name":"Guide to Greenland","article_modified_time":"2026-04-04T17:57:07+00:00","og_image":[{"width":926,"height":1157,"url":"https:\/\/guidetogreenland.com\/wp-content\/uploads\/2020\/05\/dogsled-tour-ilulissat-disko-bay-Guide-to-Greenland16.jpg","type":"image\/jpeg"}],"twitter_card":"summary_large_image","twitter_misc":{"Estimeret l\u00e6setid":"2 minutter"},"schema":{"@context":"https:\/\/schema.org","@graph":[{"@type":"WebPage","@id":"https:\/\/guidetogreenland.com\/da\/reserver-ferie-rejser\/hundeslaedetur-ilulissat-diskobugten\/","url":"https:\/\/guidetogreenland.com\/da\/reserver-ferie-rejser\/hundeslaedetur-ilulissat-diskobugten\/","name":"Hundesl\u00e6detur i Ilulissat \u2022 Diskobugten | Guide to Greenland","isPartOf":{"@id":"https:\/\/guidetogreenland.com\/da\/#website"},"primaryImageOfPage":{"@id":"https:\/\/guidetogreenland.com\/da\/reserver-ferie-rejser\/hundeslaedetur-ilulissat-diskobugten\/#primaryimage"},"image":{"@id":"https:\/\/guidetogreenland.com\/da\/reserver-ferie-rejser\/hundeslaedetur-ilulissat-diskobugten\/#primaryimage"},"thumbnailUrl":"https:\/\/guidetogreenland.com\/wp-content\/uploads\/2020\/05\/dogsled-tour-ilulissat-disko-bay-Guide-to-Greenland16.jpg","datePublished":"2020-05-12T12:31:24+00:00","dateModified":"2026-04-04T17:57:07+00:00","description":"Oplev en enest\u00e5ende chance for at se den gr\u00f8nlandske kultur og de eminente hvide landskaber med en hundesl\u00e6detur i Ilulissat. Se her \u00bb","breadcrumb":{"@id":"https:\/\/guidetogreenland.com\/da\/reserver-ferie-rejser\/hundeslaedetur-ilulissat-diskobugten\/#breadcrumb"},"inLanguage":"da-DK","potentialAction":[{"@type":"ReadAction","target":["https:\/\/guidetogreenland.com\/da\/reserver-ferie-rejser\/hundeslaedetur-ilulissat-diskobugten\/"]}]},{"@type":"ImageObject","inLanguage":"da-DK","@id":"https:\/\/guidetogreenland.com\/da\/reserver-ferie-rejser\/hundeslaedetur-ilulissat-diskobugten\/#primaryimage","url":"https:\/\/guidetogreenland.com\/wp-content\/uploads\/2020\/05\/dogsled-tour-ilulissat-disko-bay-Guide-to-Greenland16.jpg","contentUrl":"https:\/\/guidetogreenland.com\/wp-content\/uploads\/2020\/05\/dogsled-tour-ilulissat-disko-bay-Guide-to-Greenland16.jpg","width":926,"height":1157,"caption":"hundesl\u00e6detur i Ilulissat"},{"@type":"BreadcrumbList","@id":"https:\/\/guidetogreenland.com\/da\/reserver-ferie-rejser\/hundeslaedetur-ilulissat-diskobugten\/#breadcrumb","itemListElement":[{"@type":"ListItem","position":1,"name":"Home","item":"https:\/\/guidetogreenland.com\/da\/"},{"@type":"ListItem","position":2,"name":"Se alle ture","item":"https:\/\/guidetogreenland.com\/da\/reserver-ferie-rejser\/"},{"@type":"ListItem","position":3,"name":"Hundesl\u00e6detur | Ilulissat | Diskobugten"}]},{"@type":"WebSite","@id":"https:\/\/guidetogreenland.com\/da\/#website","url":"https:\/\/guidetogreenland.com\/da\/","name":"Guide to Greenland","description":"Largest selection of tours in Greenland","potentialAction":[{"@type":"SearchAction","target":{"@type":"EntryPoint","urlTemplate":"https:\/\/guidetogreenland.com\/da\/?s={search_term_string}"},"query-input":{"@type":"PropertyValueSpecification","valueRequired":true,"valueName":"search_term_string"}}],"inLanguage":"da-DK"}]}},"_links":{"self":[{"href":"https:\/\/guidetogreenland.com\/da\/wp-json\/wp\/v2\/product\/12989","targetHints":{"allow":["GET"]}}],"collection":[{"href":"https:\/\/guidetogreenland.com\/da\/wp-json\/wp\/v2\/product"}],"about":[{"href":"https:\/\/guidetogreenland.com\/da\/wp-json\/wp\/v2\/types\/product"}],"replies":[{"embeddable":true,"href":"https:\/\/guidetogreenland.com\/da\/wp-json\/wp\/v2\/comments?post=12989"}],"wp:featuredmedia":[{"embeddable":true,"href":"https:\/\/guidetogreenland.com\/da\/wp-json\/wp\/v2\/media\/12991"}],"wp:attachment":[{"href":"https:\/\/guidetogreenland.com\/da\/wp-json\/wp\/v2\/media?parent=12989"}],"wp:term":[{"taxonomy":"product_brand","embeddable":true,"href":"https:\/\/guidetogreenland.com\/da\/wp-json\/wp\/v2\/product_brand?post=12989"},{"taxonomy":"product_cat","embeddable":true,"href":"https:\/\/guidetogreenland.com\/da\/wp-json\/wp\/v2\/product_cat?post=12989"},{"taxonomy":"product_tag","embeddable":true,"href":"https:\/\/guidetogreenland.com\/da\/wp-json\/wp\/v2\/product_tag?post=12989"}],"curies":[{"name":"wp","href":"https:\/\/api.w.org\/{rel}","templated":true}]}}