{"id":13007,"date":"2020-05-25T18:22:01","date_gmt":"2020-05-25T18:22:01","guid":{"rendered":"https:\/\/guidetogreenland.com\/book-trips-holiday\/dogsledding-and-kayaking-expedition-w-1-night-in-cabin-sisimiut\/"},"modified":"2021-02-25T12:43:05","modified_gmt":"2021-02-25T12:43:05","slug":"hundeslaede-og-kajak-ekspedition-m-1-nat-i-hytte-sisimiut","status":"publish","type":"product","link":"https:\/\/guidetogreenland.com\/da\/reserver-ferie-rejser\/hundeslaede-og-kajak-ekspedition-m-1-nat-i-hytte-sisimiut\/","title":{"rendered":"Hundesl\u00e6de og kajak ekspedition m. 1 nat i hytte | Sisimiut"},"content":{"rendered":"<p class=\"x-18pep25\">Tag p\u00e5 en ekspeditionslignende tur i fodsporene p\u00e5 de f\u00f8rste j\u00e6gere der kom til Gr\u00f8nland. Vi tager kajakken med p\u00e5 hundesl\u00e6den og tager ud til jagtomr\u00e5derne ved kanten af havisen. Denne tur er for dem der virkelig vil p\u00e5 eventyr!<\/p>\n<p class=\"x-18pep25\">Sisimiut er kendt for sit unikke landskab og eventyrlystne folk, og denne tur er ulig enhver anden i Gr\u00f8nland.<\/p>\n<p class=\"x-18pep25\">Vi starter ud med at k\u00f8re hundesl\u00e6de i 3 timers tid frem til en hytte hvor vi kan komme indenfor og f\u00e5 varmen og spise frokost. Derefter tager vi t\u00f8rdragter p\u00e5 og k\u00f8rer videre ud p\u00e5 havisen indtil vi n\u00e5r et punkt hvor vi kan s\u00e6tte kajakkerne i vandet.<\/p>\n<p class=\"e1imf5dp0 x-jm2771\">Vandet e<span class=\"x-12abj6v e1uuu2lt3\">r koldt men t\u00f8rdragterne holder os varme n\u00e5r vi skal ud og ro under de sned\u00e6kkede fjelde.<\/span><\/p>\n<p class=\"e1imf5dp0 x-jm2771\"><span class=\"x-12abj6v e1uuu2lt3\">Vi bruger nok omkring 2 timer i vandet, det betyder ikke s\u00e5 meget om du er begynder med en kajak eller ej, guiden skal nok s\u00f8rge for at du f\u00e5r en ordentlig introduktion til at bruge den. Herefter er det bare at glide gennem det stille Arktiske hav, langt fra andre mennesker, og vi kan m\u00e5ske v\u00e6re heldige at spotte noget dyreliv som s\u00e6ler eller rensdyr.<\/span><\/p>\n<p class=\"e1imf5dp0 x-jm2771\"><span class=\"x-12abj6v e1uuu2lt3\">Efter kajakroningen er det p\u00e5 tide at vende tilbage til hytten for at skifte t\u00f8j og f\u00e5 varmen igen. S\u00e5 kan komme lidt ud igen og pr\u00f8ve at fange fisk gennem isen, for der er ikke noget bedre end frisk fisk efter en lang og sp\u00e6ndende dag.<\/span><\/p>\n<p class=\"e1imf5dp0 x-jm2771\"><span class=\"x-12abj6v e1uuu2lt3\">Vi tilbringer natten i hytten, der er en petroleumsovn s\u00e5 vi kommer til at have det dejligt varmt. Efter morgenmaden er det p\u00e5 tide at k\u00f8re hundesl\u00e6den hjem til Sisimiut med en masse uforglemmelige oplevelser i baggagen.<\/span><\/p>\n<p class=\"e1imf5dp0 x-jm2771\"><span class=\"x-12abj6v e1uuu2lt3\">Tag p\u00e5 dette vaske \u00e6gte Arktiske eventyr og book din tur i dag!<\/span><\/p>\n<p class=\"e1imf5dp0 x-jm2771\">\n","protected":false},"excerpt":{"rendered":"Tag p\u00e5 en ekspeditionslignende tur i fodsporene p\u00e5 de f\u00f8rste j\u00e6gere der kom til Gr\u00f8nland. Vi tager kajakken med p\u00e5 hundesl\u00e6den og tager ud til jagtomr\u00e5derne ved kanten af havisen. Denne tur er for dem der virkelig vil p\u00e5 eventyr! Sisimiut er kendt for sit unikke landskab og eventyrlystne folk, og denne tur er ulig&#8230;","protected":false},"featured_media":13009,"comment_status":"open","ping_status":"closed","template":"","meta":[],"product_brand":[],"product_cat":[628,606,613,622,607,612,593,609,627,643,657,641],"product_tag":[936],"class_list":{"0":"post-13007","1":"product","2":"type-product","3":"status-publish","4":"has-post-thumbnail","6":"product_cat-arctic-circle-trail","7":"product_cat-dagsture-om-vinteren","8":"product_cat-fisketure","9":"product_cat-groenlandsk-kultur","10":"product_cat-hundeslaedeture","11":"product_cat-natur-og-dyreliv-i-groenland","12":"product_cat-oplevelser-i-groenland","13":"product_cat-sup-kayakture","14":"product_cat-ture-i-bestemte-omraader","15":"product_cat-ture-i-hver-by","16":"product_cat-ture-i-sisimiut","17":"product_cat-vinterrejser","18":"product_tag-sisimiut-da","19":"pa_activities-kajak-sup","20":"pa_activities-hundeslaede","21":"pa_activities-madsmagning","22":"pa_activities-fiskeri","23":"pa_activities-groenlandsk-kultur","24":"pa_activities-dyreliv-safari","25":"pa_available-month-marts","26":"pa_destinations-sisimiut","27":"pa_difficulty-haard","28":"pa_duration-2-dage","29":"pa_tour-type-flerdags-ture","30":"yith_shop_vendor-dogsledge-taxi-da","32":"first","33":"instock","34":"virtual","35":"sold-individually","36":"purchasable","37":"product-type-booking"},"acf":[],"yoast_head":"<!-- This site is optimized with the Yoast SEO plugin v25.6 - https:\/\/yoast.com\/wordpress\/plugins\/seo\/ -->\n<title>Hundesl\u00e6de og kajak ekspedition m. 1 nat i hytte | Sisimiut | Guide to Greenland<\/title>\n<meta name=\"robots\" content=\"index, follow, max-snippet:-1, max-image-preview:large, max-video-preview:-1\" \/>\n<link rel=\"canonical\" href=\"https:\/\/guidetogreenland.com\/da\/reserver-ferie-rejser\/hundeslaede-og-kajak-ekspedition-m-1-nat-i-hytte-sisimiut\/\" \/>\n<meta property=\"og:locale\" content=\"da_DK\" \/>\n<meta property=\"og:type\" content=\"article\" \/>\n<meta property=\"og:title\" content=\"Hundesl\u00e6de og kajak ekspedition m. 1 nat i hytte | Sisimiut | Guide to Greenland\" \/>\n<meta property=\"og:description\" content=\"Tag p\u00e5 en ekspeditionslignende tur i fodsporene p\u00e5 de f\u00f8rste j\u00e6gere der kom til Gr\u00f8nland. Vi tager kajakken med p\u00e5 hundesl\u00e6den og tager ud til jagtomr\u00e5derne ved kanten af havisen. Denne tur er for dem der virkelig vil p\u00e5 eventyr! Sisimiut er kendt for sit unikke landskab og eventyrlystne folk, og denne tur er ulig...\" \/>\n<meta property=\"og:url\" content=\"https:\/\/guidetogreenland.com\/da\/reserver-ferie-rejser\/hundeslaede-og-kajak-ekspedition-m-1-nat-i-hytte-sisimiut\/\" \/>\n<meta property=\"og:site_name\" content=\"Guide to Greenland\" \/>\n<meta property=\"article:modified_time\" content=\"2021-02-25T12:43:05+00:00\" \/>\n<meta property=\"og:image\" content=\"https:\/\/guidetogreenland.com\/wp-content\/uploads\/2020\/05\/Dogsledding-and-Kayaking-expedition-w-1-night-in-Cabin-Sisimiut-Guide-to-Greenland4.jpg\" \/>\n\t<meta property=\"og:image:width\" content=\"1842\" \/>\n\t<meta property=\"og:image:height\" content=\"1380\" \/>\n\t<meta property=\"og:image:type\" content=\"image\/jpeg\" \/>\n<meta name=\"twitter:card\" content=\"summary_large_image\" \/>\n<meta name=\"twitter:label1\" content=\"Estimeret l\u00e6setid\" \/>\n\t<meta name=\"twitter:data1\" content=\"2 minutter\" \/>\n<script type=\"application\/ld+json\" class=\"yoast-schema-graph\">{\"@context\":\"https:\/\/schema.org\",\"@graph\":[{\"@type\":\"WebPage\",\"@id\":\"https:\/\/guidetogreenland.com\/da\/reserver-ferie-rejser\/hundeslaede-og-kajak-ekspedition-m-1-nat-i-hytte-sisimiut\/\",\"url\":\"https:\/\/guidetogreenland.com\/da\/reserver-ferie-rejser\/hundeslaede-og-kajak-ekspedition-m-1-nat-i-hytte-sisimiut\/\",\"name\":\"Hundesl\u00e6de og kajak ekspedition m. 1 nat i hytte | Sisimiut | Guide to Greenland\",\"isPartOf\":{\"@id\":\"https:\/\/guidetogreenland.com\/da\/#website\"},\"primaryImageOfPage\":{\"@id\":\"https:\/\/guidetogreenland.com\/da\/reserver-ferie-rejser\/hundeslaede-og-kajak-ekspedition-m-1-nat-i-hytte-sisimiut\/#primaryimage\"},\"image\":{\"@id\":\"https:\/\/guidetogreenland.com\/da\/reserver-ferie-rejser\/hundeslaede-og-kajak-ekspedition-m-1-nat-i-hytte-sisimiut\/#primaryimage\"},\"thumbnailUrl\":\"https:\/\/guidetogreenland.com\/wp-content\/uploads\/2020\/05\/Dogsledding-and-Kayaking-expedition-w-1-night-in-Cabin-Sisimiut-Guide-to-Greenland4.jpg\",\"datePublished\":\"2020-05-25T18:22:01+00:00\",\"dateModified\":\"2021-02-25T12:43:05+00:00\",\"breadcrumb\":{\"@id\":\"https:\/\/guidetogreenland.com\/da\/reserver-ferie-rejser\/hundeslaede-og-kajak-ekspedition-m-1-nat-i-hytte-sisimiut\/#breadcrumb\"},\"inLanguage\":\"da-DK\",\"potentialAction\":[{\"@type\":\"ReadAction\",\"target\":[\"https:\/\/guidetogreenland.com\/da\/reserver-ferie-rejser\/hundeslaede-og-kajak-ekspedition-m-1-nat-i-hytte-sisimiut\/\"]}]},{\"@type\":\"ImageObject\",\"inLanguage\":\"da-DK\",\"@id\":\"https:\/\/guidetogreenland.com\/da\/reserver-ferie-rejser\/hundeslaede-og-kajak-ekspedition-m-1-nat-i-hytte-sisimiut\/#primaryimage\",\"url\":\"https:\/\/guidetogreenland.com\/wp-content\/uploads\/2020\/05\/Dogsledding-and-Kayaking-expedition-w-1-night-in-Cabin-Sisimiut-Guide-to-Greenland4.jpg\",\"contentUrl\":\"https:\/\/guidetogreenland.com\/wp-content\/uploads\/2020\/05\/Dogsledding-and-Kayaking-expedition-w-1-night-in-Cabin-Sisimiut-Guide-to-Greenland4.jpg\",\"width\":1842,\"height\":1380},{\"@type\":\"BreadcrumbList\",\"@id\":\"https:\/\/guidetogreenland.com\/da\/reserver-ferie-rejser\/hundeslaede-og-kajak-ekspedition-m-1-nat-i-hytte-sisimiut\/#breadcrumb\",\"itemListElement\":[{\"@type\":\"ListItem\",\"position\":1,\"name\":\"Home\",\"item\":\"https:\/\/guidetogreenland.com\/da\/\"},{\"@type\":\"ListItem\",\"position\":2,\"name\":\"Se alle ture\",\"item\":\"https:\/\/guidetogreenland.com\/da\/reserver-ferie-rejser\/\"},{\"@type\":\"ListItem\",\"position\":3,\"name\":\"Hundesl\u00e6de og kajak ekspedition m. 1 nat i hytte | Sisimiut\"}]},{\"@type\":\"WebSite\",\"@id\":\"https:\/\/guidetogreenland.com\/da\/#website\",\"url\":\"https:\/\/guidetogreenland.com\/da\/\",\"name\":\"Guide to Greenland\",\"description\":\"Largest selection of tours in Greenland\",\"potentialAction\":[{\"@type\":\"SearchAction\",\"target\":{\"@type\":\"EntryPoint\",\"urlTemplate\":\"https:\/\/guidetogreenland.com\/da\/?s={search_term_string}\"},\"query-input\":{\"@type\":\"PropertyValueSpecification\",\"valueRequired\":true,\"valueName\":\"search_term_string\"}}],\"inLanguage\":\"da-DK\"}]}<\/script>\n<!-- \/ Yoast SEO plugin. -->","yoast_head_json":{"title":"Hundesl\u00e6de og kajak ekspedition m. 1 nat i hytte | Sisimiut | Guide to Greenland","robots":{"index":"index","follow":"follow","max-snippet":"max-snippet:-1","max-image-preview":"max-image-preview:large","max-video-preview":"max-video-preview:-1"},"canonical":"https:\/\/guidetogreenland.com\/da\/reserver-ferie-rejser\/hundeslaede-og-kajak-ekspedition-m-1-nat-i-hytte-sisimiut\/","og_locale":"da_DK","og_type":"article","og_title":"Hundesl\u00e6de og kajak ekspedition m. 1 nat i hytte | Sisimiut | Guide to Greenland","og_description":"Tag p\u00e5 en ekspeditionslignende tur i fodsporene p\u00e5 de f\u00f8rste j\u00e6gere der kom til Gr\u00f8nland. Vi tager kajakken med p\u00e5 hundesl\u00e6den og tager ud til jagtomr\u00e5derne ved kanten af havisen. Denne tur er for dem der virkelig vil p\u00e5 eventyr! Sisimiut er kendt for sit unikke landskab og eventyrlystne folk, og denne tur er ulig...","og_url":"https:\/\/guidetogreenland.com\/da\/reserver-ferie-rejser\/hundeslaede-og-kajak-ekspedition-m-1-nat-i-hytte-sisimiut\/","og_site_name":"Guide to Greenland","article_modified_time":"2021-02-25T12:43:05+00:00","og_image":[{"width":1842,"height":1380,"url":"https:\/\/guidetogreenland.com\/wp-content\/uploads\/2020\/05\/Dogsledding-and-Kayaking-expedition-w-1-night-in-Cabin-Sisimiut-Guide-to-Greenland4.jpg","type":"image\/jpeg"}],"twitter_card":"summary_large_image","twitter_misc":{"Estimeret l\u00e6setid":"2 minutter"},"schema":{"@context":"https:\/\/schema.org","@graph":[{"@type":"WebPage","@id":"https:\/\/guidetogreenland.com\/da\/reserver-ferie-rejser\/hundeslaede-og-kajak-ekspedition-m-1-nat-i-hytte-sisimiut\/","url":"https:\/\/guidetogreenland.com\/da\/reserver-ferie-rejser\/hundeslaede-og-kajak-ekspedition-m-1-nat-i-hytte-sisimiut\/","name":"Hundesl\u00e6de og kajak ekspedition m. 1 nat i hytte | Sisimiut | Guide to Greenland","isPartOf":{"@id":"https:\/\/guidetogreenland.com\/da\/#website"},"primaryImageOfPage":{"@id":"https:\/\/guidetogreenland.com\/da\/reserver-ferie-rejser\/hundeslaede-og-kajak-ekspedition-m-1-nat-i-hytte-sisimiut\/#primaryimage"},"image":{"@id":"https:\/\/guidetogreenland.com\/da\/reserver-ferie-rejser\/hundeslaede-og-kajak-ekspedition-m-1-nat-i-hytte-sisimiut\/#primaryimage"},"thumbnailUrl":"https:\/\/guidetogreenland.com\/wp-content\/uploads\/2020\/05\/Dogsledding-and-Kayaking-expedition-w-1-night-in-Cabin-Sisimiut-Guide-to-Greenland4.jpg","datePublished":"2020-05-25T18:22:01+00:00","dateModified":"2021-02-25T12:43:05+00:00","breadcrumb":{"@id":"https:\/\/guidetogreenland.com\/da\/reserver-ferie-rejser\/hundeslaede-og-kajak-ekspedition-m-1-nat-i-hytte-sisimiut\/#breadcrumb"},"inLanguage":"da-DK","potentialAction":[{"@type":"ReadAction","target":["https:\/\/guidetogreenland.com\/da\/reserver-ferie-rejser\/hundeslaede-og-kajak-ekspedition-m-1-nat-i-hytte-sisimiut\/"]}]},{"@type":"ImageObject","inLanguage":"da-DK","@id":"https:\/\/guidetogreenland.com\/da\/reserver-ferie-rejser\/hundeslaede-og-kajak-ekspedition-m-1-nat-i-hytte-sisimiut\/#primaryimage","url":"https:\/\/guidetogreenland.com\/wp-content\/uploads\/2020\/05\/Dogsledding-and-Kayaking-expedition-w-1-night-in-Cabin-Sisimiut-Guide-to-Greenland4.jpg","contentUrl":"https:\/\/guidetogreenland.com\/wp-content\/uploads\/2020\/05\/Dogsledding-and-Kayaking-expedition-w-1-night-in-Cabin-Sisimiut-Guide-to-Greenland4.jpg","width":1842,"height":1380},{"@type":"BreadcrumbList","@id":"https:\/\/guidetogreenland.com\/da\/reserver-ferie-rejser\/hundeslaede-og-kajak-ekspedition-m-1-nat-i-hytte-sisimiut\/#breadcrumb","itemListElement":[{"@type":"ListItem","position":1,"name":"Home","item":"https:\/\/guidetogreenland.com\/da\/"},{"@type":"ListItem","position":2,"name":"Se alle ture","item":"https:\/\/guidetogreenland.com\/da\/reserver-ferie-rejser\/"},{"@type":"ListItem","position":3,"name":"Hundesl\u00e6de og kajak ekspedition m. 1 nat i hytte | Sisimiut"}]},{"@type":"WebSite","@id":"https:\/\/guidetogreenland.com\/da\/#website","url":"https:\/\/guidetogreenland.com\/da\/","name":"Guide to Greenland","description":"Largest selection of tours in Greenland","potentialAction":[{"@type":"SearchAction","target":{"@type":"EntryPoint","urlTemplate":"https:\/\/guidetogreenland.com\/da\/?s={search_term_string}"},"query-input":{"@type":"PropertyValueSpecification","valueRequired":true,"valueName":"search_term_string"}}],"inLanguage":"da-DK"}]}},"_links":{"self":[{"href":"https:\/\/guidetogreenland.com\/da\/wp-json\/wp\/v2\/product\/13007","targetHints":{"allow":["GET"]}}],"collection":[{"href":"https:\/\/guidetogreenland.com\/da\/wp-json\/wp\/v2\/product"}],"about":[{"href":"https:\/\/guidetogreenland.com\/da\/wp-json\/wp\/v2\/types\/product"}],"replies":[{"embeddable":true,"href":"https:\/\/guidetogreenland.com\/da\/wp-json\/wp\/v2\/comments?post=13007"}],"wp:featuredmedia":[{"embeddable":true,"href":"https:\/\/guidetogreenland.com\/da\/wp-json\/wp\/v2\/media\/13009"}],"wp:attachment":[{"href":"https:\/\/guidetogreenland.com\/da\/wp-json\/wp\/v2\/media?parent=13007"}],"wp:term":[{"taxonomy":"product_brand","embeddable":true,"href":"https:\/\/guidetogreenland.com\/da\/wp-json\/wp\/v2\/product_brand?post=13007"},{"taxonomy":"product_cat","embeddable":true,"href":"https:\/\/guidetogreenland.com\/da\/wp-json\/wp\/v2\/product_cat?post=13007"},{"taxonomy":"product_tag","embeddable":true,"href":"https:\/\/guidetogreenland.com\/da\/wp-json\/wp\/v2\/product_tag?post=13007"}],"curies":[{"name":"wp","href":"https:\/\/api.w.org\/{rel}","templated":true}]}}