{"id":13017,"date":"2020-05-13T11:20:47","date_gmt":"2020-05-13T11:20:47","guid":{"rendered":"https:\/\/guidetogreenland.com\/book-trips-holiday\/east-greenland-adventure-5-days\/"},"modified":"2020-12-17T14:06:26","modified_gmt":"2020-12-17T14:06:26","slug":"5-dages-eventyr-i-ostgronland-tasiilaq","status":"publish","type":"product","link":"https:\/\/guidetogreenland.com\/da\/reserver-ferie-rejser\/5-dages-eventyr-i-ostgronland-tasiilaq\/","title":{"rendered":"5 Dages Eventyr i \u00d8stgr\u00f8nland | Tasiilaq"},"content":{"rendered":"<p class=\"x-18pep25\">Tag med p\u00e5 denne\u00a0eventyrfyldte pakke\u00a0hvor i kommer til at opleve gletsjere, isfjorde, bygder og vandre i fantastiske omgiver omringet at \u00d8stgr\u00f8nlands h\u00f8je tinder!<\/p>\n<p class=\"x-18pep25\">Turen tager dig til Tasiilaq, den st\u00f8rste by p\u00e5 \u00d8stkysten. Det vil v\u00e6re din base hvorfra vi drager ud p\u00e5 nogle vilde dagsture med sejlads og vandring til flere gletsjere, masser af isbjerge, bittesm\u00e5 bygder og det vilde landskab d\u00e6kket af Arktiske blomster.<\/p>\n<p class=\"e1imf5dp0 x-jm2771\">Du ankommer f\u00f8rst til Kulusuk hvorfra du enten skal med b\u00e5d eller helikopter til Tasiilaq. I Tasiilaq kommer du til at bo i et hyggeligt g\u00e6sthus. Den f\u00f8rste nat spiser vi aftensmad<span class=\"x-12abj6v e1uuu2lt3\"> tilberedt af en lokal kok sammen. Hvis vejret er til det kan det v\u00e6re vi laver en barbeque! Vi bruger ogs\u00e5 aftenen p\u00e5 at snakke om planen for de f\u00f8lgende dage.\u00a0<\/span><\/p>\n<p class=\"e1imf5dp0 x-jm2771\"><span class=\"x-12abj6v e1uuu2lt3\">Turene sejler ud til de kendte og dramatiske steder som Karale gletsjeren, Knud Rasmussen gletsjeren og Sermilik isfjorden. Hver gang vi er ude og sejle er det en god id\u00e9 at kigge efter hvaler! De blide k\u00e6mper sv\u00f8mmer omkring i omr\u00e5det p\u00e5 jagt efter lodder. Vi kommer ogs\u00e5 forbi bygden Tiniteqilaaq og vandrer ind til Blomsterdalen f\u00f8r det er tid til at sige farvel.\u00a0<\/span><\/p>\n<p class=\"e1imf5dp0 x-jm2771\"><span class=\"x-12abj6v e1uuu2lt3\">Glem ikke at f\u00e5 dig nogle souvenirs inden du forlader \u00d8stgr\u00f8nland med nogle uforglemmelige minder. Book denne tur i dag ved at klikke p\u00e5 &#8216;V\u00e6lg en dag&#8217; og find en dato der passer dig!\u00a0<\/span><\/p>\n","protected":false},"excerpt":{"rendered":"Tag med p\u00e5 denne\u00a0eventyrfyldte pakke\u00a0hvor i kommer til at opleve gletsjere, isfjorde, bygder og vandre i fantastiske omgiver omringet at \u00d8stgr\u00f8nlands h\u00f8je tinder! Turen tager dig til Tasiilaq, den st\u00f8rste by p\u00e5 \u00d8stkysten. Det vil v\u00e6re din base hvorfra vi drager ud p\u00e5 nogle vilde dagsture med sejlads og vandring til flere gletsjere, masser af&#8230;","protected":false},"featured_media":13019,"comment_status":"open","ping_status":"closed","template":"","meta":[],"product_brand":[],"product_cat":[594,614,692,612,593,630,640,627,643,647,658,608],"product_tag":[925,937],"class_list":{"0":"post-13017","1":"product","2":"type-product","3":"status-publish","4":"has-post-thumbnail","6":"product_cat-baadture","7":"product_cat-gletsjer-og-indlandsisen","8":"product_cat-iceberg-icefjord-tours","9":"product_cat-natur-og-dyreliv-i-groenland","10":"product_cat-oplevelser-i-groenland","11":"product_cat-oestgroenland","12":"product_cat-sommerrejser","13":"product_cat-ture-i-bestemte-omraader","14":"product_cat-ture-i-hver-by","15":"product_cat-ture-i-kulusuk","16":"product_cat-ture-i-tasiilaq","17":"product_cat-vandre-og-trekkingture","18":"product_tag-kulusuk-da","19":"product_tag-tasiilaq-da","20":"pa_activities-baadtur","21":"pa_activities-vandretur","22":"pa_activities-byrundtur","23":"pa_activities-gletscher-udsigt","24":"pa_activities-isbjerg-udsigt","25":"pa_activities-bygdebesoeg","26":"pa_attractions-knud-rasmussen-gletscheren","27":"pa_attractions-sermilik-fjord","28":"pa_available-month-juni","29":"pa_available-month-juli","30":"pa_available-month-august","31":"pa_destinations-kulusuk","32":"pa_difficulty-let","33":"pa_duration-6-dage-da","34":"pa_tour-type-flerdags-ture","35":"yith_shop_vendor-arctic-dream-da","36":"yith_booking_service-single-room-supplement-mandatory-if-travelling-alone-5","38":"first","39":"instock","40":"virtual","41":"sold-individually","42":"purchasable","43":"product-type-booking"},"acf":[],"yoast_head":"<!-- This site is optimized with the Yoast SEO plugin v25.6 - https:\/\/yoast.com\/wordpress\/plugins\/seo\/ -->\n<title>5 Dages Eventyr i \u00d8stgr\u00f8nland | Tasiilaq | Guide to Greenland<\/title>\n<meta name=\"robots\" content=\"index, follow, max-snippet:-1, max-image-preview:large, max-video-preview:-1\" \/>\n<link rel=\"canonical\" href=\"https:\/\/guidetogreenland.com\/da\/reserver-ferie-rejser\/5-dages-eventyr-i-ostgronland-tasiilaq\/\" \/>\n<meta property=\"og:locale\" content=\"da_DK\" \/>\n<meta property=\"og:type\" content=\"article\" \/>\n<meta property=\"og:title\" content=\"5 Dages Eventyr i \u00d8stgr\u00f8nland | Tasiilaq | Guide to Greenland\" \/>\n<meta property=\"og:description\" content=\"Tag med p\u00e5 denne\u00a0eventyrfyldte pakke\u00a0hvor i kommer til at opleve gletsjere, isfjorde, bygder og vandre i fantastiske omgiver omringet at \u00d8stgr\u00f8nlands h\u00f8je tinder! Turen tager dig til Tasiilaq, den st\u00f8rste by p\u00e5 \u00d8stkysten. Det vil v\u00e6re din base hvorfra vi drager ud p\u00e5 nogle vilde dagsture med sejlads og vandring til flere gletsjere, masser af...\" \/>\n<meta property=\"og:url\" content=\"https:\/\/guidetogreenland.com\/da\/reserver-ferie-rejser\/5-dages-eventyr-i-ostgronland-tasiilaq\/\" \/>\n<meta property=\"og:site_name\" content=\"Guide to Greenland\" \/>\n<meta property=\"article:modified_time\" content=\"2020-12-17T14:06:26+00:00\" \/>\n<meta property=\"og:image\" content=\"https:\/\/guidetogreenland.com\/wp-content\/uploads\/2020\/05\/east-greenland-adventure-5-days-Guide-to-Greenland-1.jpg\" \/>\n\t<meta property=\"og:image:width\" content=\"798\" \/>\n\t<meta property=\"og:image:height\" content=\"532\" \/>\n\t<meta property=\"og:image:type\" content=\"image\/jpeg\" \/>\n<meta name=\"twitter:card\" content=\"summary_large_image\" \/>\n<meta name=\"twitter:label1\" content=\"Estimeret l\u00e6setid\" \/>\n\t<meta name=\"twitter:data1\" content=\"1 minut\" \/>\n<script type=\"application\/ld+json\" class=\"yoast-schema-graph\">{\"@context\":\"https:\/\/schema.org\",\"@graph\":[{\"@type\":\"WebPage\",\"@id\":\"https:\/\/guidetogreenland.com\/da\/reserver-ferie-rejser\/5-dages-eventyr-i-ostgronland-tasiilaq\/\",\"url\":\"https:\/\/guidetogreenland.com\/da\/reserver-ferie-rejser\/5-dages-eventyr-i-ostgronland-tasiilaq\/\",\"name\":\"5 Dages Eventyr i \u00d8stgr\u00f8nland | Tasiilaq | Guide to Greenland\",\"isPartOf\":{\"@id\":\"https:\/\/guidetogreenland.com\/da\/#website\"},\"primaryImageOfPage\":{\"@id\":\"https:\/\/guidetogreenland.com\/da\/reserver-ferie-rejser\/5-dages-eventyr-i-ostgronland-tasiilaq\/#primaryimage\"},\"image\":{\"@id\":\"https:\/\/guidetogreenland.com\/da\/reserver-ferie-rejser\/5-dages-eventyr-i-ostgronland-tasiilaq\/#primaryimage\"},\"thumbnailUrl\":\"https:\/\/guidetogreenland.com\/wp-content\/uploads\/2020\/05\/east-greenland-adventure-5-days-Guide-to-Greenland-1.jpg\",\"datePublished\":\"2020-05-13T11:20:47+00:00\",\"dateModified\":\"2020-12-17T14:06:26+00:00\",\"breadcrumb\":{\"@id\":\"https:\/\/guidetogreenland.com\/da\/reserver-ferie-rejser\/5-dages-eventyr-i-ostgronland-tasiilaq\/#breadcrumb\"},\"inLanguage\":\"da-DK\",\"potentialAction\":[{\"@type\":\"ReadAction\",\"target\":[\"https:\/\/guidetogreenland.com\/da\/reserver-ferie-rejser\/5-dages-eventyr-i-ostgronland-tasiilaq\/\"]}]},{\"@type\":\"ImageObject\",\"inLanguage\":\"da-DK\",\"@id\":\"https:\/\/guidetogreenland.com\/da\/reserver-ferie-rejser\/5-dages-eventyr-i-ostgronland-tasiilaq\/#primaryimage\",\"url\":\"https:\/\/guidetogreenland.com\/wp-content\/uploads\/2020\/05\/east-greenland-adventure-5-days-Guide-to-Greenland-1.jpg\",\"contentUrl\":\"https:\/\/guidetogreenland.com\/wp-content\/uploads\/2020\/05\/east-greenland-adventure-5-days-Guide-to-Greenland-1.jpg\",\"width\":798,\"height\":532},{\"@type\":\"BreadcrumbList\",\"@id\":\"https:\/\/guidetogreenland.com\/da\/reserver-ferie-rejser\/5-dages-eventyr-i-ostgronland-tasiilaq\/#breadcrumb\",\"itemListElement\":[{\"@type\":\"ListItem\",\"position\":1,\"name\":\"Home\",\"item\":\"https:\/\/guidetogreenland.com\/da\/\"},{\"@type\":\"ListItem\",\"position\":2,\"name\":\"Se alle ture\",\"item\":\"https:\/\/guidetogreenland.com\/da\/reserver-ferie-rejser\/\"},{\"@type\":\"ListItem\",\"position\":3,\"name\":\"5 Dages Eventyr i \u00d8stgr\u00f8nland | Tasiilaq\"}]},{\"@type\":\"WebSite\",\"@id\":\"https:\/\/guidetogreenland.com\/da\/#website\",\"url\":\"https:\/\/guidetogreenland.com\/da\/\",\"name\":\"Guide to Greenland\",\"description\":\"Largest selection of tours in Greenland\",\"potentialAction\":[{\"@type\":\"SearchAction\",\"target\":{\"@type\":\"EntryPoint\",\"urlTemplate\":\"https:\/\/guidetogreenland.com\/da\/?s={search_term_string}\"},\"query-input\":{\"@type\":\"PropertyValueSpecification\",\"valueRequired\":true,\"valueName\":\"search_term_string\"}}],\"inLanguage\":\"da-DK\"}]}<\/script>\n<!-- \/ Yoast SEO plugin. -->","yoast_head_json":{"title":"5 Dages Eventyr i \u00d8stgr\u00f8nland | Tasiilaq | Guide to Greenland","robots":{"index":"index","follow":"follow","max-snippet":"max-snippet:-1","max-image-preview":"max-image-preview:large","max-video-preview":"max-video-preview:-1"},"canonical":"https:\/\/guidetogreenland.com\/da\/reserver-ferie-rejser\/5-dages-eventyr-i-ostgronland-tasiilaq\/","og_locale":"da_DK","og_type":"article","og_title":"5 Dages Eventyr i \u00d8stgr\u00f8nland | Tasiilaq | Guide to Greenland","og_description":"Tag med p\u00e5 denne\u00a0eventyrfyldte pakke\u00a0hvor i kommer til at opleve gletsjere, isfjorde, bygder og vandre i fantastiske omgiver omringet at \u00d8stgr\u00f8nlands h\u00f8je tinder! Turen tager dig til Tasiilaq, den st\u00f8rste by p\u00e5 \u00d8stkysten. Det vil v\u00e6re din base hvorfra vi drager ud p\u00e5 nogle vilde dagsture med sejlads og vandring til flere gletsjere, masser af...","og_url":"https:\/\/guidetogreenland.com\/da\/reserver-ferie-rejser\/5-dages-eventyr-i-ostgronland-tasiilaq\/","og_site_name":"Guide to Greenland","article_modified_time":"2020-12-17T14:06:26+00:00","og_image":[{"width":798,"height":532,"url":"https:\/\/guidetogreenland.com\/wp-content\/uploads\/2020\/05\/east-greenland-adventure-5-days-Guide-to-Greenland-1.jpg","type":"image\/jpeg"}],"twitter_card":"summary_large_image","twitter_misc":{"Estimeret l\u00e6setid":"1 minut"},"schema":{"@context":"https:\/\/schema.org","@graph":[{"@type":"WebPage","@id":"https:\/\/guidetogreenland.com\/da\/reserver-ferie-rejser\/5-dages-eventyr-i-ostgronland-tasiilaq\/","url":"https:\/\/guidetogreenland.com\/da\/reserver-ferie-rejser\/5-dages-eventyr-i-ostgronland-tasiilaq\/","name":"5 Dages Eventyr i \u00d8stgr\u00f8nland | Tasiilaq | Guide to Greenland","isPartOf":{"@id":"https:\/\/guidetogreenland.com\/da\/#website"},"primaryImageOfPage":{"@id":"https:\/\/guidetogreenland.com\/da\/reserver-ferie-rejser\/5-dages-eventyr-i-ostgronland-tasiilaq\/#primaryimage"},"image":{"@id":"https:\/\/guidetogreenland.com\/da\/reserver-ferie-rejser\/5-dages-eventyr-i-ostgronland-tasiilaq\/#primaryimage"},"thumbnailUrl":"https:\/\/guidetogreenland.com\/wp-content\/uploads\/2020\/05\/east-greenland-adventure-5-days-Guide-to-Greenland-1.jpg","datePublished":"2020-05-13T11:20:47+00:00","dateModified":"2020-12-17T14:06:26+00:00","breadcrumb":{"@id":"https:\/\/guidetogreenland.com\/da\/reserver-ferie-rejser\/5-dages-eventyr-i-ostgronland-tasiilaq\/#breadcrumb"},"inLanguage":"da-DK","potentialAction":[{"@type":"ReadAction","target":["https:\/\/guidetogreenland.com\/da\/reserver-ferie-rejser\/5-dages-eventyr-i-ostgronland-tasiilaq\/"]}]},{"@type":"ImageObject","inLanguage":"da-DK","@id":"https:\/\/guidetogreenland.com\/da\/reserver-ferie-rejser\/5-dages-eventyr-i-ostgronland-tasiilaq\/#primaryimage","url":"https:\/\/guidetogreenland.com\/wp-content\/uploads\/2020\/05\/east-greenland-adventure-5-days-Guide-to-Greenland-1.jpg","contentUrl":"https:\/\/guidetogreenland.com\/wp-content\/uploads\/2020\/05\/east-greenland-adventure-5-days-Guide-to-Greenland-1.jpg","width":798,"height":532},{"@type":"BreadcrumbList","@id":"https:\/\/guidetogreenland.com\/da\/reserver-ferie-rejser\/5-dages-eventyr-i-ostgronland-tasiilaq\/#breadcrumb","itemListElement":[{"@type":"ListItem","position":1,"name":"Home","item":"https:\/\/guidetogreenland.com\/da\/"},{"@type":"ListItem","position":2,"name":"Se alle ture","item":"https:\/\/guidetogreenland.com\/da\/reserver-ferie-rejser\/"},{"@type":"ListItem","position":3,"name":"5 Dages Eventyr i \u00d8stgr\u00f8nland | Tasiilaq"}]},{"@type":"WebSite","@id":"https:\/\/guidetogreenland.com\/da\/#website","url":"https:\/\/guidetogreenland.com\/da\/","name":"Guide to Greenland","description":"Largest selection of tours in Greenland","potentialAction":[{"@type":"SearchAction","target":{"@type":"EntryPoint","urlTemplate":"https:\/\/guidetogreenland.com\/da\/?s={search_term_string}"},"query-input":{"@type":"PropertyValueSpecification","valueRequired":true,"valueName":"search_term_string"}}],"inLanguage":"da-DK"}]}},"_links":{"self":[{"href":"https:\/\/guidetogreenland.com\/da\/wp-json\/wp\/v2\/product\/13017","targetHints":{"allow":["GET"]}}],"collection":[{"href":"https:\/\/guidetogreenland.com\/da\/wp-json\/wp\/v2\/product"}],"about":[{"href":"https:\/\/guidetogreenland.com\/da\/wp-json\/wp\/v2\/types\/product"}],"replies":[{"embeddable":true,"href":"https:\/\/guidetogreenland.com\/da\/wp-json\/wp\/v2\/comments?post=13017"}],"wp:featuredmedia":[{"embeddable":true,"href":"https:\/\/guidetogreenland.com\/da\/wp-json\/wp\/v2\/media\/13019"}],"wp:attachment":[{"href":"https:\/\/guidetogreenland.com\/da\/wp-json\/wp\/v2\/media?parent=13017"}],"wp:term":[{"taxonomy":"product_brand","embeddable":true,"href":"https:\/\/guidetogreenland.com\/da\/wp-json\/wp\/v2\/product_brand?post=13017"},{"taxonomy":"product_cat","embeddable":true,"href":"https:\/\/guidetogreenland.com\/da\/wp-json\/wp\/v2\/product_cat?post=13017"},{"taxonomy":"product_tag","embeddable":true,"href":"https:\/\/guidetogreenland.com\/da\/wp-json\/wp\/v2\/product_tag?post=13017"}],"curies":[{"name":"wp","href":"https:\/\/api.w.org\/{rel}","templated":true}]}}