{"id":13030,"date":"2020-05-12T13:54:51","date_gmt":"2020-05-12T13:54:51","guid":{"rendered":"https:\/\/guidetogreenland.com\/book-trips-holiday\/eqi-glacier-boat-tour-ilulissat-disko-bay\/"},"modified":"2021-02-11T18:16:39","modified_gmt":"2021-02-11T18:16:39","slug":"baadtur-til-eqi-gletscher-ilulissat-disko-bay","status":"publish","type":"product","link":"https:\/\/guidetogreenland.com\/da\/reserver-ferie-rejser\/badtur-til-eqi-gletscher-ilulissat-diskobugt\/","title":{"rendered":"B\u00e5dtur til Eqi Gletscher | Ilulissat | Diskobugt"},"content":{"rendered":"<p><span style=\"font-weight: 400;\">Forestil dig en enorm isv\u00e6g foran dig og pludselig h\u00f8rer du noget, der mest af alt ligner en eksplosion. Dette landskab er faktisk virkelighed, og du kan opleve det, hvis du tager p\u00e5 denne tur til den storsl\u00e5ede Eqi-gletscher! Men bare rolig, der er ingen eksplosioner, det er blot enorme isblokke, der falder ned af den bev\u00e6gelige gletsjer og bliver til isbjerge i forskellige former og st\u00f8rrelser.<\/span><\/p>\n<p><span style=\"font-weight: 400;\">Med denne tur sejler du ud af Ilulissat med en lokal skipper, der kender til omr\u00e5det som hans baglomme. L\u00e6n dig tilbage og nyd det vidunderlige landskab med isbjerge, der langsomt flyder forbi, og en masse ren, arktisk luft. Husk at holde \u00f8jnene \u00e5bne til enhver tid, da du aldrig ved, hvorn\u00e5r en hval vil vinke med sin finne til dig &#8211; om sommeren nyder dette omr\u00e5de ikke kun godt af turister, men ogs\u00e5 pukkelhvaler.<\/span><\/p>\n<p><span style=\"font-weight: 400;\">Du sejler nord for Ilulissat og forts\u00e6tter 2-3 timer afh\u00e6ngigt af vejrforholdene. N\u00e5r du kommer t\u00e6ttere p\u00e5 gletsjeren, fylder der flere isbjerge i havet. Pludselig vil du se det spektakul\u00e6re syn p\u00e5 isv\u00e6ggen foran dig. Eqi-gletscher er en af \u200b\u200bde aktive gletsjere, der bev\u00e6ger sig ret meget, s\u00e5 du kan sagtens v\u00e6re heldig at fange at den k\u00e6lver.<\/span><\/p>\n<p><span style=\"font-weight: 400;\">I et stykke tid vil du nyde udsigten foran gletscheren og tage billeder, inden du sejles tilbage til byen.<\/span><\/p>\n<p><span style=\"font-weight: 400;\">Eqi er et \u201dmust see\u201d, n\u00e5r du bes\u00f8ger Ilulissat om sommeren.\u00a0<\/span><span style=\"font-weight: 400;\">Se tilg\u00e6ngeligheden ved at trykke p\u00e5 \u201d<\/span><b>Book nu\u201d<\/b><span style=\"font-weight: 400;\"> ovenfor og t\u00f8v ikke med at booke din tur.<\/span><\/p>\n","protected":false},"excerpt":{"rendered":"Forestil dig en enorm isv\u00e6g foran dig og pludselig h\u00f8rer du noget, der mest af alt ligner en eksplosion. Dette landskab er faktisk virkelighed, og du kan opleve det, hvis du tager p\u00e5 denne tur til den storsl\u00e5ede Eqi-gletscher! Men bare rolig, der er ingen eksplosioner, det er blot enorme isblokke, der falder ned af&#8230;","protected":false},"featured_media":13031,"comment_status":"open","ping_status":"closed","template":"","meta":[],"product_brand":[],"product_cat":[594,605,629,614,612,593,644],"product_tag":[919],"class_list":{"0":"post-13030","1":"product","2":"type-product","3":"status-publish","4":"has-post-thumbnail","6":"product_cat-baadture","7":"product_cat-dagsture-om-sommeren","8":"product_cat-disko-bugten","9":"product_cat-gletsjer-og-indlandsisen","10":"product_cat-natur-og-dyreliv-i-groenland","11":"product_cat-oplevelser-i-groenland","12":"product_cat-ture-i-ilulissat","13":"product_tag-ilulissat-da","14":"pa_activities-baadtur","15":"pa_activities-gletscher-udsigt","16":"pa_activities-isbjerg-udsigt","17":"pa_attractions-eqi-gletscheren","18":"pa_available-month-juni","19":"pa_available-month-juli","20":"pa_available-month-august","21":"pa_available-month-september","22":"pa_destinations-ilulissat","23":"pa_difficulty-let","24":"pa_duration-5-timer","25":"pa_tour-type-dagsture","26":"yith_shop_vendor-ilulissat-water-safari-da","28":"first","29":"instock","30":"sold-individually","31":"shipping-taxable","32":"purchasable","33":"product-type-booking"},"acf":[],"yoast_head":"<!-- This site is optimized with the Yoast SEO plugin v25.6 - https:\/\/yoast.com\/wordpress\/plugins\/seo\/ -->\n<title>B\u00e5dtur til Eqi Gletscher | Ilulissat | Diskobugt | Guide to Greenland<\/title>\n<meta name=\"robots\" content=\"index, follow, max-snippet:-1, max-image-preview:large, max-video-preview:-1\" \/>\n<link rel=\"canonical\" href=\"https:\/\/guidetogreenland.com\/da\/reserver-ferie-rejser\/badtur-til-eqi-gletscher-ilulissat-diskobugt\/\" \/>\n<meta property=\"og:locale\" content=\"da_DK\" \/>\n<meta property=\"og:type\" content=\"article\" \/>\n<meta property=\"og:title\" content=\"B\u00e5dtur til Eqi Gletscher | Ilulissat | Diskobugt | Guide to Greenland\" \/>\n<meta property=\"og:description\" content=\"Forestil dig en enorm isv\u00e6g foran dig og pludselig h\u00f8rer du noget, der mest af alt ligner en eksplosion. Dette landskab er faktisk virkelighed, og du kan opleve det, hvis du tager p\u00e5 denne tur til den storsl\u00e5ede Eqi-gletscher! Men bare rolig, der er ingen eksplosioner, det er blot enorme isblokke, der falder ned af...\" \/>\n<meta property=\"og:url\" content=\"https:\/\/guidetogreenland.com\/da\/reserver-ferie-rejser\/badtur-til-eqi-gletscher-ilulissat-diskobugt\/\" \/>\n<meta property=\"og:site_name\" content=\"Guide to Greenland\" \/>\n<meta property=\"article:modified_time\" content=\"2021-02-11T18:16:39+00:00\" \/>\n<meta property=\"og:image\" content=\"https:\/\/guidetogreenland.com\/wp-content\/uploads\/2020\/05\/eqi-glacier-boat-tour-ilulissat-disko-bay-Guide-to-Greenland1.jpg\" \/>\n\t<meta property=\"og:image:width\" content=\"926\" \/>\n\t<meta property=\"og:image:height\" content=\"595\" \/>\n\t<meta property=\"og:image:type\" content=\"image\/jpeg\" \/>\n<meta name=\"twitter:card\" content=\"summary_large_image\" \/>\n<meta name=\"twitter:label1\" content=\"Estimeret l\u00e6setid\" \/>\n\t<meta name=\"twitter:data1\" content=\"1 minut\" \/>\n<script type=\"application\/ld+json\" class=\"yoast-schema-graph\">{\"@context\":\"https:\/\/schema.org\",\"@graph\":[{\"@type\":\"WebPage\",\"@id\":\"https:\/\/guidetogreenland.com\/da\/reserver-ferie-rejser\/badtur-til-eqi-gletscher-ilulissat-diskobugt\/\",\"url\":\"https:\/\/guidetogreenland.com\/da\/reserver-ferie-rejser\/badtur-til-eqi-gletscher-ilulissat-diskobugt\/\",\"name\":\"B\u00e5dtur til Eqi Gletscher | Ilulissat | Diskobugt | Guide to Greenland\",\"isPartOf\":{\"@id\":\"https:\/\/guidetogreenland.com\/da\/#website\"},\"primaryImageOfPage\":{\"@id\":\"https:\/\/guidetogreenland.com\/da\/reserver-ferie-rejser\/badtur-til-eqi-gletscher-ilulissat-diskobugt\/#primaryimage\"},\"image\":{\"@id\":\"https:\/\/guidetogreenland.com\/da\/reserver-ferie-rejser\/badtur-til-eqi-gletscher-ilulissat-diskobugt\/#primaryimage\"},\"thumbnailUrl\":\"https:\/\/guidetogreenland.com\/wp-content\/uploads\/2020\/05\/eqi-glacier-boat-tour-ilulissat-disko-bay-Guide-to-Greenland1.jpg\",\"datePublished\":\"2020-05-12T13:54:51+00:00\",\"dateModified\":\"2021-02-11T18:16:39+00:00\",\"breadcrumb\":{\"@id\":\"https:\/\/guidetogreenland.com\/da\/reserver-ferie-rejser\/badtur-til-eqi-gletscher-ilulissat-diskobugt\/#breadcrumb\"},\"inLanguage\":\"da-DK\",\"potentialAction\":[{\"@type\":\"ReadAction\",\"target\":[\"https:\/\/guidetogreenland.com\/da\/reserver-ferie-rejser\/badtur-til-eqi-gletscher-ilulissat-diskobugt\/\"]}]},{\"@type\":\"ImageObject\",\"inLanguage\":\"da-DK\",\"@id\":\"https:\/\/guidetogreenland.com\/da\/reserver-ferie-rejser\/badtur-til-eqi-gletscher-ilulissat-diskobugt\/#primaryimage\",\"url\":\"https:\/\/guidetogreenland.com\/wp-content\/uploads\/2020\/05\/eqi-glacier-boat-tour-ilulissat-disko-bay-Guide-to-Greenland1.jpg\",\"contentUrl\":\"https:\/\/guidetogreenland.com\/wp-content\/uploads\/2020\/05\/eqi-glacier-boat-tour-ilulissat-disko-bay-Guide-to-Greenland1.jpg\",\"width\":926,\"height\":595},{\"@type\":\"BreadcrumbList\",\"@id\":\"https:\/\/guidetogreenland.com\/da\/reserver-ferie-rejser\/badtur-til-eqi-gletscher-ilulissat-diskobugt\/#breadcrumb\",\"itemListElement\":[{\"@type\":\"ListItem\",\"position\":1,\"name\":\"Home\",\"item\":\"https:\/\/guidetogreenland.com\/da\/\"},{\"@type\":\"ListItem\",\"position\":2,\"name\":\"Se alle ture\",\"item\":\"https:\/\/guidetogreenland.com\/da\/reserver-ferie-rejser\/\"},{\"@type\":\"ListItem\",\"position\":3,\"name\":\"B\u00e5dtur til Eqi Gletscher | Ilulissat | Diskobugt\"}]},{\"@type\":\"WebSite\",\"@id\":\"https:\/\/guidetogreenland.com\/da\/#website\",\"url\":\"https:\/\/guidetogreenland.com\/da\/\",\"name\":\"Guide to Greenland\",\"description\":\"Largest selection of tours in Greenland\",\"potentialAction\":[{\"@type\":\"SearchAction\",\"target\":{\"@type\":\"EntryPoint\",\"urlTemplate\":\"https:\/\/guidetogreenland.com\/da\/?s={search_term_string}\"},\"query-input\":{\"@type\":\"PropertyValueSpecification\",\"valueRequired\":true,\"valueName\":\"search_term_string\"}}],\"inLanguage\":\"da-DK\"}]}<\/script>\n<!-- \/ Yoast SEO plugin. -->","yoast_head_json":{"title":"B\u00e5dtur til Eqi Gletscher | Ilulissat | Diskobugt | Guide to Greenland","robots":{"index":"index","follow":"follow","max-snippet":"max-snippet:-1","max-image-preview":"max-image-preview:large","max-video-preview":"max-video-preview:-1"},"canonical":"https:\/\/guidetogreenland.com\/da\/reserver-ferie-rejser\/badtur-til-eqi-gletscher-ilulissat-diskobugt\/","og_locale":"da_DK","og_type":"article","og_title":"B\u00e5dtur til Eqi Gletscher | Ilulissat | Diskobugt | Guide to Greenland","og_description":"Forestil dig en enorm isv\u00e6g foran dig og pludselig h\u00f8rer du noget, der mest af alt ligner en eksplosion. Dette landskab er faktisk virkelighed, og du kan opleve det, hvis du tager p\u00e5 denne tur til den storsl\u00e5ede Eqi-gletscher! Men bare rolig, der er ingen eksplosioner, det er blot enorme isblokke, der falder ned af...","og_url":"https:\/\/guidetogreenland.com\/da\/reserver-ferie-rejser\/badtur-til-eqi-gletscher-ilulissat-diskobugt\/","og_site_name":"Guide to Greenland","article_modified_time":"2021-02-11T18:16:39+00:00","og_image":[{"width":926,"height":595,"url":"https:\/\/guidetogreenland.com\/wp-content\/uploads\/2020\/05\/eqi-glacier-boat-tour-ilulissat-disko-bay-Guide-to-Greenland1.jpg","type":"image\/jpeg"}],"twitter_card":"summary_large_image","twitter_misc":{"Estimeret l\u00e6setid":"1 minut"},"schema":{"@context":"https:\/\/schema.org","@graph":[{"@type":"WebPage","@id":"https:\/\/guidetogreenland.com\/da\/reserver-ferie-rejser\/badtur-til-eqi-gletscher-ilulissat-diskobugt\/","url":"https:\/\/guidetogreenland.com\/da\/reserver-ferie-rejser\/badtur-til-eqi-gletscher-ilulissat-diskobugt\/","name":"B\u00e5dtur til Eqi Gletscher | Ilulissat | Diskobugt | Guide to Greenland","isPartOf":{"@id":"https:\/\/guidetogreenland.com\/da\/#website"},"primaryImageOfPage":{"@id":"https:\/\/guidetogreenland.com\/da\/reserver-ferie-rejser\/badtur-til-eqi-gletscher-ilulissat-diskobugt\/#primaryimage"},"image":{"@id":"https:\/\/guidetogreenland.com\/da\/reserver-ferie-rejser\/badtur-til-eqi-gletscher-ilulissat-diskobugt\/#primaryimage"},"thumbnailUrl":"https:\/\/guidetogreenland.com\/wp-content\/uploads\/2020\/05\/eqi-glacier-boat-tour-ilulissat-disko-bay-Guide-to-Greenland1.jpg","datePublished":"2020-05-12T13:54:51+00:00","dateModified":"2021-02-11T18:16:39+00:00","breadcrumb":{"@id":"https:\/\/guidetogreenland.com\/da\/reserver-ferie-rejser\/badtur-til-eqi-gletscher-ilulissat-diskobugt\/#breadcrumb"},"inLanguage":"da-DK","potentialAction":[{"@type":"ReadAction","target":["https:\/\/guidetogreenland.com\/da\/reserver-ferie-rejser\/badtur-til-eqi-gletscher-ilulissat-diskobugt\/"]}]},{"@type":"ImageObject","inLanguage":"da-DK","@id":"https:\/\/guidetogreenland.com\/da\/reserver-ferie-rejser\/badtur-til-eqi-gletscher-ilulissat-diskobugt\/#primaryimage","url":"https:\/\/guidetogreenland.com\/wp-content\/uploads\/2020\/05\/eqi-glacier-boat-tour-ilulissat-disko-bay-Guide-to-Greenland1.jpg","contentUrl":"https:\/\/guidetogreenland.com\/wp-content\/uploads\/2020\/05\/eqi-glacier-boat-tour-ilulissat-disko-bay-Guide-to-Greenland1.jpg","width":926,"height":595},{"@type":"BreadcrumbList","@id":"https:\/\/guidetogreenland.com\/da\/reserver-ferie-rejser\/badtur-til-eqi-gletscher-ilulissat-diskobugt\/#breadcrumb","itemListElement":[{"@type":"ListItem","position":1,"name":"Home","item":"https:\/\/guidetogreenland.com\/da\/"},{"@type":"ListItem","position":2,"name":"Se alle ture","item":"https:\/\/guidetogreenland.com\/da\/reserver-ferie-rejser\/"},{"@type":"ListItem","position":3,"name":"B\u00e5dtur til Eqi Gletscher | Ilulissat | Diskobugt"}]},{"@type":"WebSite","@id":"https:\/\/guidetogreenland.com\/da\/#website","url":"https:\/\/guidetogreenland.com\/da\/","name":"Guide to Greenland","description":"Largest selection of tours in Greenland","potentialAction":[{"@type":"SearchAction","target":{"@type":"EntryPoint","urlTemplate":"https:\/\/guidetogreenland.com\/da\/?s={search_term_string}"},"query-input":{"@type":"PropertyValueSpecification","valueRequired":true,"valueName":"search_term_string"}}],"inLanguage":"da-DK"}]}},"_links":{"self":[{"href":"https:\/\/guidetogreenland.com\/da\/wp-json\/wp\/v2\/product\/13030","targetHints":{"allow":["GET"]}}],"collection":[{"href":"https:\/\/guidetogreenland.com\/da\/wp-json\/wp\/v2\/product"}],"about":[{"href":"https:\/\/guidetogreenland.com\/da\/wp-json\/wp\/v2\/types\/product"}],"replies":[{"embeddable":true,"href":"https:\/\/guidetogreenland.com\/da\/wp-json\/wp\/v2\/comments?post=13030"}],"wp:featuredmedia":[{"embeddable":true,"href":"https:\/\/guidetogreenland.com\/da\/wp-json\/wp\/v2\/media\/13031"}],"wp:attachment":[{"href":"https:\/\/guidetogreenland.com\/da\/wp-json\/wp\/v2\/media?parent=13030"}],"wp:term":[{"taxonomy":"product_brand","embeddable":true,"href":"https:\/\/guidetogreenland.com\/da\/wp-json\/wp\/v2\/product_brand?post=13030"},{"taxonomy":"product_cat","embeddable":true,"href":"https:\/\/guidetogreenland.com\/da\/wp-json\/wp\/v2\/product_cat?post=13030"},{"taxonomy":"product_tag","embeddable":true,"href":"https:\/\/guidetogreenland.com\/da\/wp-json\/wp\/v2\/product_tag?post=13030"}],"curies":[{"name":"wp","href":"https:\/\/api.w.org\/{rel}","templated":true}]}}