{"id":13097,"date":"2020-05-26T15:32:55","date_gmt":"2020-05-26T15:32:55","guid":{"rendered":"https:\/\/guidetogreenland.com\/book-trips-holiday\/fishing-tour-ilulissat-disko-bay\/"},"modified":"2022-10-05T04:16:06","modified_gmt":"2022-10-05T07:16:06","slug":"fishing-tour-ilulissat-disko-bay","status":"publish","type":"product","link":"https:\/\/guidetogreenland.com\/da\/reserver-ferie-rejser\/fisketur-ilulissat-diskobugten\/","title":{"rendered":"Fisketur | Ilulissat | Diskobugten"},"content":{"rendered":"<p>Kom med og oplev Disko bugtens fiskebestand, med denne pilke fiske ekskursion! Disko bugten er kendt for sin billedsk\u00f8nne natur, utallige isbjerge og sin rige fiksebestand. Derfor er du lovet, at f\u00e5 en fisk p\u00e5 krogen og en uforglemmelig oplevelse.<\/p>\n<p>P\u00e5 Ilulissat havn bliver du budt velkommen af din kaptajn. Kaptajnen kender bugten, liges\u00e5 godt som bagsiden af hans h\u00e5nd, derfor er du lovet de bedste fiskespots. Du kan sp\u00f8rger ham om alt fra de fisk du fanger til hvilken hval der sv\u00f8mmer rundt i de n\u00e6rliggende vande.<\/p>\n<p class=\"e1imf5dp0 x-jm2771\">Ved ankomst til et af de mange fiskespots, stopper kaptajnen b\u00e5den og finder fisk<span class=\"x-12abj6v e1uuu2lt3\">egrejet frem. Du vil f\u00e5 en kort introduktion til hvordan man opererer pilken og dens lange line. Derudover f\u00e5r du indsigt, til lokale fiske teknikker, s\u00e5 du er sikker p\u00e5 at fiskene bidder p\u00e5 krogen. <\/span><span class=\"x-12abj6v e1uuu2lt3\">Mens du venter p\u00e5 at fiskene bidder, nyd omgivelserne, isbjergene og hold \u00f8je med hvalerne, der leger gemmeleg mellem b\u00f8lgerne.<\/span><\/p>\n<p>Erfaren eller ej, gammel eller ung, s\u00e5 kan du hurtig l\u00e6re at pilke. Bugten er det perfekte sted og du er garanteret at f\u00e5 en fisk p\u00e5 krogen!<\/p>\n<p><span class=\"x-12abj6v e1uuu2lt3\">Tag dine medrejsende med p\u00e5 denne uforglemmelige fisketur og medbring dine handsker! Se turens tilg\u00e6ngelighed ved trykke p\u00e5 \u201dV\u00e6lg en dato\u201d ovenfor.<\/span><\/p>\n","protected":false},"excerpt":{"rendered":"Kom med og oplev Disko bugtens fiskebestand, med denne pilke fiske ekskursion! Disko bugten er kendt for sin billedsk\u00f8nne natur, utallige isbjerge og sin rige fiksebestand. Derfor er du lovet, at f\u00e5 en fisk p\u00e5 krogen og en uforglemmelig oplevelse. P\u00e5 Ilulissat havn bliver du budt velkommen af din kaptajn. Kaptajnen kender bugten, liges\u00e5 godt&#8230;","protected":false},"featured_media":13099,"comment_status":"open","ping_status":"closed","template":"","meta":[],"product_brand":[],"product_cat":[594,605,629,613,612,593,634,644],"product_tag":[919],"class_list":{"0":"post-13097","1":"product","2":"type-product","3":"status-publish","4":"has-post-thumbnail","6":"product_cat-baadture","7":"product_cat-dagsture-om-sommeren","8":"product_cat-disko-bugten","9":"product_cat-fisketure","10":"product_cat-natur-og-dyreliv-i-groenland","11":"product_cat-oplevelser-i-groenland","12":"product_cat-ture-for-krydstogtgaester","13":"product_cat-ture-i-ilulissat","14":"product_tag-ilulissat-da","15":"pa_activities-baadtur","16":"pa_activities-fiskeri","17":"pa_attractions-ilulissat-icefjord","18":"pa_attractions-disko-bay-da","19":"pa_available-month-juni","20":"pa_available-month-juli","21":"pa_available-month-august","22":"pa_available-month-september","23":"pa_destinations-ilulissat","24":"pa_difficulty-let","25":"pa_duration-2-5-time","26":"pa_tour-type-dagsture","27":"yith_shop_vendor-ilulissat-adventure-da","29":"first","30":"instock","31":"virtual","32":"sold-individually","33":"purchasable","34":"product-type-booking"},"acf":[],"yoast_head":"<!-- This site is optimized with the Yoast SEO plugin v25.6 - https:\/\/yoast.com\/wordpress\/plugins\/seo\/ -->\n<title>Fisketur | Ilulissat | Diskobugten | Guide to Greenland<\/title>\n<meta name=\"robots\" content=\"index, follow, max-snippet:-1, max-image-preview:large, max-video-preview:-1\" \/>\n<link rel=\"canonical\" href=\"https:\/\/guidetogreenland.com\/da\/reserver-ferie-rejser\/fisketur-ilulissat-diskobugten\/\" \/>\n<meta property=\"og:locale\" content=\"da_DK\" \/>\n<meta property=\"og:type\" content=\"article\" \/>\n<meta property=\"og:title\" content=\"Fisketur | Ilulissat | Diskobugten | Guide to Greenland\" \/>\n<meta property=\"og:description\" content=\"Kom med og oplev Disko bugtens fiskebestand, med denne pilke fiske ekskursion! Disko bugten er kendt for sin billedsk\u00f8nne natur, utallige isbjerge og sin rige fiksebestand. Derfor er du lovet, at f\u00e5 en fisk p\u00e5 krogen og en uforglemmelig oplevelse. P\u00e5 Ilulissat havn bliver du budt velkommen af din kaptajn. Kaptajnen kender bugten, liges\u00e5 godt...\" \/>\n<meta property=\"og:url\" content=\"https:\/\/guidetogreenland.com\/da\/reserver-ferie-rejser\/fisketur-ilulissat-diskobugten\/\" \/>\n<meta property=\"og:site_name\" content=\"Guide to Greenland\" \/>\n<meta property=\"article:modified_time\" content=\"2022-10-05T07:16:06+00:00\" \/>\n<meta property=\"og:image\" content=\"https:\/\/guidetogreenland.com\/wp-content\/uploads\/2020\/05\/fishing-tour-ilulissat-disko-bay-Guide-to-Greenland12.jpg\" \/>\n\t<meta property=\"og:image:width\" content=\"2070\" \/>\n\t<meta property=\"og:image:height\" content=\"1380\" \/>\n\t<meta property=\"og:image:type\" content=\"image\/jpeg\" \/>\n<meta name=\"twitter:card\" content=\"summary_large_image\" \/>\n<meta name=\"twitter:label1\" content=\"Estimeret l\u00e6setid\" \/>\n\t<meta name=\"twitter:data1\" content=\"1 minut\" \/>\n<script type=\"application\/ld+json\" class=\"yoast-schema-graph\">{\"@context\":\"https:\/\/schema.org\",\"@graph\":[{\"@type\":\"WebPage\",\"@id\":\"https:\/\/guidetogreenland.com\/da\/reserver-ferie-rejser\/fisketur-ilulissat-diskobugten\/\",\"url\":\"https:\/\/guidetogreenland.com\/da\/reserver-ferie-rejser\/fisketur-ilulissat-diskobugten\/\",\"name\":\"Fisketur | Ilulissat | Diskobugten | Guide to Greenland\",\"isPartOf\":{\"@id\":\"https:\/\/guidetogreenland.com\/da\/#website\"},\"primaryImageOfPage\":{\"@id\":\"https:\/\/guidetogreenland.com\/da\/reserver-ferie-rejser\/fisketur-ilulissat-diskobugten\/#primaryimage\"},\"image\":{\"@id\":\"https:\/\/guidetogreenland.com\/da\/reserver-ferie-rejser\/fisketur-ilulissat-diskobugten\/#primaryimage\"},\"thumbnailUrl\":\"https:\/\/guidetogreenland.com\/wp-content\/uploads\/2020\/05\/fishing-tour-ilulissat-disko-bay-Guide-to-Greenland12.jpg\",\"datePublished\":\"2020-05-26T15:32:55+00:00\",\"dateModified\":\"2022-10-05T07:16:06+00:00\",\"breadcrumb\":{\"@id\":\"https:\/\/guidetogreenland.com\/da\/reserver-ferie-rejser\/fisketur-ilulissat-diskobugten\/#breadcrumb\"},\"inLanguage\":\"da-DK\",\"potentialAction\":[{\"@type\":\"ReadAction\",\"target\":[\"https:\/\/guidetogreenland.com\/da\/reserver-ferie-rejser\/fisketur-ilulissat-diskobugten\/\"]}]},{\"@type\":\"ImageObject\",\"inLanguage\":\"da-DK\",\"@id\":\"https:\/\/guidetogreenland.com\/da\/reserver-ferie-rejser\/fisketur-ilulissat-diskobugten\/#primaryimage\",\"url\":\"https:\/\/guidetogreenland.com\/wp-content\/uploads\/2020\/05\/fishing-tour-ilulissat-disko-bay-Guide-to-Greenland12.jpg\",\"contentUrl\":\"https:\/\/guidetogreenland.com\/wp-content\/uploads\/2020\/05\/fishing-tour-ilulissat-disko-bay-Guide-to-Greenland12.jpg\",\"width\":2070,\"height\":1380},{\"@type\":\"BreadcrumbList\",\"@id\":\"https:\/\/guidetogreenland.com\/da\/reserver-ferie-rejser\/fisketur-ilulissat-diskobugten\/#breadcrumb\",\"itemListElement\":[{\"@type\":\"ListItem\",\"position\":1,\"name\":\"Home\",\"item\":\"https:\/\/guidetogreenland.com\/da\/\"},{\"@type\":\"ListItem\",\"position\":2,\"name\":\"Se alle ture\",\"item\":\"https:\/\/guidetogreenland.com\/da\/reserver-ferie-rejser\/\"},{\"@type\":\"ListItem\",\"position\":3,\"name\":\"Fisketur | Ilulissat | Diskobugten\"}]},{\"@type\":\"WebSite\",\"@id\":\"https:\/\/guidetogreenland.com\/da\/#website\",\"url\":\"https:\/\/guidetogreenland.com\/da\/\",\"name\":\"Guide to Greenland\",\"description\":\"Largest selection of tours in Greenland\",\"potentialAction\":[{\"@type\":\"SearchAction\",\"target\":{\"@type\":\"EntryPoint\",\"urlTemplate\":\"https:\/\/guidetogreenland.com\/da\/?s={search_term_string}\"},\"query-input\":{\"@type\":\"PropertyValueSpecification\",\"valueRequired\":true,\"valueName\":\"search_term_string\"}}],\"inLanguage\":\"da-DK\"}]}<\/script>\n<!-- \/ Yoast SEO plugin. -->","yoast_head_json":{"title":"Fisketur | Ilulissat | Diskobugten | Guide to Greenland","robots":{"index":"index","follow":"follow","max-snippet":"max-snippet:-1","max-image-preview":"max-image-preview:large","max-video-preview":"max-video-preview:-1"},"canonical":"https:\/\/guidetogreenland.com\/da\/reserver-ferie-rejser\/fisketur-ilulissat-diskobugten\/","og_locale":"da_DK","og_type":"article","og_title":"Fisketur | Ilulissat | Diskobugten | Guide to Greenland","og_description":"Kom med og oplev Disko bugtens fiskebestand, med denne pilke fiske ekskursion! Disko bugten er kendt for sin billedsk\u00f8nne natur, utallige isbjerge og sin rige fiksebestand. Derfor er du lovet, at f\u00e5 en fisk p\u00e5 krogen og en uforglemmelig oplevelse. P\u00e5 Ilulissat havn bliver du budt velkommen af din kaptajn. Kaptajnen kender bugten, liges\u00e5 godt...","og_url":"https:\/\/guidetogreenland.com\/da\/reserver-ferie-rejser\/fisketur-ilulissat-diskobugten\/","og_site_name":"Guide to Greenland","article_modified_time":"2022-10-05T07:16:06+00:00","og_image":[{"width":2070,"height":1380,"url":"https:\/\/guidetogreenland.com\/wp-content\/uploads\/2020\/05\/fishing-tour-ilulissat-disko-bay-Guide-to-Greenland12.jpg","type":"image\/jpeg"}],"twitter_card":"summary_large_image","twitter_misc":{"Estimeret l\u00e6setid":"1 minut"},"schema":{"@context":"https:\/\/schema.org","@graph":[{"@type":"WebPage","@id":"https:\/\/guidetogreenland.com\/da\/reserver-ferie-rejser\/fisketur-ilulissat-diskobugten\/","url":"https:\/\/guidetogreenland.com\/da\/reserver-ferie-rejser\/fisketur-ilulissat-diskobugten\/","name":"Fisketur | Ilulissat | Diskobugten | Guide to Greenland","isPartOf":{"@id":"https:\/\/guidetogreenland.com\/da\/#website"},"primaryImageOfPage":{"@id":"https:\/\/guidetogreenland.com\/da\/reserver-ferie-rejser\/fisketur-ilulissat-diskobugten\/#primaryimage"},"image":{"@id":"https:\/\/guidetogreenland.com\/da\/reserver-ferie-rejser\/fisketur-ilulissat-diskobugten\/#primaryimage"},"thumbnailUrl":"https:\/\/guidetogreenland.com\/wp-content\/uploads\/2020\/05\/fishing-tour-ilulissat-disko-bay-Guide-to-Greenland12.jpg","datePublished":"2020-05-26T15:32:55+00:00","dateModified":"2022-10-05T07:16:06+00:00","breadcrumb":{"@id":"https:\/\/guidetogreenland.com\/da\/reserver-ferie-rejser\/fisketur-ilulissat-diskobugten\/#breadcrumb"},"inLanguage":"da-DK","potentialAction":[{"@type":"ReadAction","target":["https:\/\/guidetogreenland.com\/da\/reserver-ferie-rejser\/fisketur-ilulissat-diskobugten\/"]}]},{"@type":"ImageObject","inLanguage":"da-DK","@id":"https:\/\/guidetogreenland.com\/da\/reserver-ferie-rejser\/fisketur-ilulissat-diskobugten\/#primaryimage","url":"https:\/\/guidetogreenland.com\/wp-content\/uploads\/2020\/05\/fishing-tour-ilulissat-disko-bay-Guide-to-Greenland12.jpg","contentUrl":"https:\/\/guidetogreenland.com\/wp-content\/uploads\/2020\/05\/fishing-tour-ilulissat-disko-bay-Guide-to-Greenland12.jpg","width":2070,"height":1380},{"@type":"BreadcrumbList","@id":"https:\/\/guidetogreenland.com\/da\/reserver-ferie-rejser\/fisketur-ilulissat-diskobugten\/#breadcrumb","itemListElement":[{"@type":"ListItem","position":1,"name":"Home","item":"https:\/\/guidetogreenland.com\/da\/"},{"@type":"ListItem","position":2,"name":"Se alle ture","item":"https:\/\/guidetogreenland.com\/da\/reserver-ferie-rejser\/"},{"@type":"ListItem","position":3,"name":"Fisketur | Ilulissat | Diskobugten"}]},{"@type":"WebSite","@id":"https:\/\/guidetogreenland.com\/da\/#website","url":"https:\/\/guidetogreenland.com\/da\/","name":"Guide to Greenland","description":"Largest selection of tours in Greenland","potentialAction":[{"@type":"SearchAction","target":{"@type":"EntryPoint","urlTemplate":"https:\/\/guidetogreenland.com\/da\/?s={search_term_string}"},"query-input":{"@type":"PropertyValueSpecification","valueRequired":true,"valueName":"search_term_string"}}],"inLanguage":"da-DK"}]}},"_links":{"self":[{"href":"https:\/\/guidetogreenland.com\/da\/wp-json\/wp\/v2\/product\/13097","targetHints":{"allow":["GET"]}}],"collection":[{"href":"https:\/\/guidetogreenland.com\/da\/wp-json\/wp\/v2\/product"}],"about":[{"href":"https:\/\/guidetogreenland.com\/da\/wp-json\/wp\/v2\/types\/product"}],"replies":[{"embeddable":true,"href":"https:\/\/guidetogreenland.com\/da\/wp-json\/wp\/v2\/comments?post=13097"}],"wp:featuredmedia":[{"embeddable":true,"href":"https:\/\/guidetogreenland.com\/da\/wp-json\/wp\/v2\/media\/13099"}],"wp:attachment":[{"href":"https:\/\/guidetogreenland.com\/da\/wp-json\/wp\/v2\/media?parent=13097"}],"wp:term":[{"taxonomy":"product_brand","embeddable":true,"href":"https:\/\/guidetogreenland.com\/da\/wp-json\/wp\/v2\/product_brand?post=13097"},{"taxonomy":"product_cat","embeddable":true,"href":"https:\/\/guidetogreenland.com\/da\/wp-json\/wp\/v2\/product_cat?post=13097"},{"taxonomy":"product_tag","embeddable":true,"href":"https:\/\/guidetogreenland.com\/da\/wp-json\/wp\/v2\/product_tag?post=13097"}],"curies":[{"name":"wp","href":"https:\/\/api.w.org\/{rel}","templated":true}]}}