{"id":13101,"date":"2020-05-26T17:49:18","date_gmt":"2020-05-26T17:49:18","guid":{"rendered":"https:\/\/guidetogreenland.com\/book-trips-holiday\/wonders-of-greenland-south-greenland\/"},"modified":"2023-11-14T14:21:04","modified_gmt":"2023-11-14T17:21:04","slug":"wonders-of-greenland-south-greenland","status":"publish","type":"product","link":"https:\/\/guidetogreenland.com\/da\/reserver-ferie-rejser\/vidunderlige-gronland-sydgronland\/","title":{"rendered":"Vidunderlige Gr\u00f8nland | Sydgr\u00f8nland"},"content":{"rendered":"<p><span style=\"font-weight: 400;\">Tag med p\u00e5 denne 8-dages sommerpakke i Sydgr\u00f8nland for at opleve Arktis&#8217; vidundere. Rejs direkte fra K\u00f8benhavn, langt mod nord til det afsidesliggende land med hvide og gr\u00f8nne omr\u00e5der. N\u00e5r man taler om Gr\u00f8nland, har man m\u00e5ske kun set det hvide, snekl\u00e6dte landskab, men n\u00e5r du rejser til Sydgr\u00f8nland, vil du forst\u00e5, hvordan landet fik sit navn. Du vil f\u00e5 det bedste af alt &#8211; vandreture i gr\u00e6sset, gr\u00f8nne bakkede landskaber, se fantastiske bjerge, campere ved gletsjere og have muligheden for at sejle i kajak blandt isbjerge i det rolige hav.<\/span><\/p>\n<p><span style=\"font-weight: 400;\">Denne rejse er for den eventyrlystne person, som nyder, at alt er organiseret. Du vil komme til steder langt v\u00e6k fra moderne civilisation og kunne opleve den fuldst\u00e6ndige stilhed, kun afbrudt af naturens lyde.<\/span><\/p>\n<p><span style=\"font-weight: 400;\">Turen vil starte fra Narsarsuaq, hvorfra du vil sejle over fjorden til basen. De f\u00f8rste par n\u00e6tter vil blive tilbragt i &#8220;Domo Loft&#8221;-telte p\u00e5 langs sandomr\u00e5der ved kysten af en fjord med udsigt til tre gletsjere, der n\u00e5r ned til vandet. Fra lejren vil der v\u00e6re vandreture i bjergene og vandreture p\u00e5 gletsjeren. Du vil opleve betagende udsigter over Indlandsisen &#8211; et endel\u00f8st hvidt landskab.<\/span><\/p>\n<p><span style=\"font-weight: 400;\">Efter et par n\u00e6tter p\u00e5 lejren vil du bes\u00f8ge nogle af de omkringliggende f\u00e5rehyrde samfund, sejle mellem isbjerge i isfjorden og have mulighed for at pr\u00f8ve at sejle i kajak mellem isbjerge i den rolige fjord.<\/span><\/p>\n<p><span style=\"font-weight: 400;\">Omr\u00e5det er for nylig blevet anerkendt som et UNESCO verdensarv p\u00e5 grund af det smukke landskab og den rige Inuit- og vikingehistorie.<\/span><\/p>\n<p><span style=\"font-weight: 400;\">Alt i alt er turen en perfekt kombination af fantastiske naturoplevelser blandet med rig kulturel og historisk indsigt.<\/span><\/p>\n<p><span style=\"font-weight: 400;\">Pak dine tasker og tag med p\u00e5 dette fantastiske eventyr! Tjek booking tilg\u00e6ngeligheden ved at trykke p\u00e5 <strong>&#8216;start dato&#8221;<\/strong><\/span><\/p>\n<p>&nbsp;<\/p>\n","protected":false},"excerpt":{"rendered":"Tag med p\u00e5 denne 8-dages sommerpakke i Sydgr\u00f8nland for at opleve Arktis&#8217; vidundere. Rejs direkte fra K\u00f8benhavn, langt mod nord til det afsidesliggende land med hvide og gr\u00f8nne omr\u00e5der. N\u00e5r man taler om Gr\u00f8nland, har man m\u00e5ske kun set det hvide, snekl\u00e6dte landskab, men n\u00e5r du rejser til Sydgr\u00f8nland, vil du forst\u00e5, hvordan landet fik&#8230;","protected":false},"featured_media":73276,"comment_status":"open","ping_status":"closed","template":"","meta":[],"product_brand":[],"product_cat":[594,637,614,622,692,623,612,593,635,640,632,627,643,650,651,654,625,608],"product_tag":[928,932,935],"class_list":{"0":"post-13101","1":"product","2":"type-product","3":"status-publish","4":"has-post-thumbnail","6":"product_cat-baadture","7":"product_cat-fra-island-til-groenland","8":"product_cat-gletsjer-og-indlandsisen","9":"product_cat-groenlandsk-kultur","10":"product_cat-iceberg-icefjord-tours","11":"product_cat-kulturelle-aktiviteter","12":"product_cat-natur-og-dyreliv-i-groenland","13":"product_cat-oplevelser-i-groenland","14":"product_cat-pakkerejser","15":"product_cat-sommerrejser","16":"product_cat-sydgroenland","17":"product_cat-ture-i-bestemte-omraader","18":"product_cat-ture-i-hver-by","19":"product_cat-ture-i-narsaq","20":"product_cat-ture-i-narsarsuaq","21":"product_cat-ture-i-qaqortoq","22":"product_cat-ture-til-verdensarv-steder-i-groenland","23":"product_cat-vandre-og-trekkingture","24":"product_tag-narsaq-da","25":"product_tag-qaqortoq-da","26":"product_tag-reykjavik-da","27":"pa_activities-baadtur","28":"pa_activities-gletschervandring","29":"pa_activities-camping","30":"pa_activities-gletscher-udsigt","31":"pa_activities-isbjerg-udsigt","32":"pa_activities-bygdebesoeg","33":"pa_attractions-igaliku","34":"pa_attractions-qassiarsuk","35":"pa_attractions-qooroq-icefjord","36":"pa_available-month-juni","37":"pa_available-month-juli","38":"pa_available-month-august","39":"pa_available-month-september","40":"pa_destinations-fra-island","41":"pa_difficulty-let","42":"pa_duration-8-dage","43":"pa_tour-type-pakkerejser","44":"yith_shop_vendor-tasermiut-da","45":"yith_booking_service-optional-kayak-excursion-2hr","47":"first","48":"instock","49":"virtual","50":"sold-individually","51":"purchasable","52":"product-type-booking"},"acf":[],"yoast_head":"<!-- This site is optimized with the Yoast SEO plugin v25.6 - https:\/\/yoast.com\/wordpress\/plugins\/seo\/ -->\n<title>Vidunderlige Gr\u00f8nland \u2022 Sydgr\u00f8nland | Guide to Greenland<\/title>\n<meta name=\"robots\" content=\"index, follow, max-snippet:-1, max-image-preview:large, max-video-preview:-1\" \/>\n<link rel=\"canonical\" href=\"https:\/\/guidetogreenland.com\/da\/reserver-ferie-rejser\/vidunderlige-gronland-sydgronland\/\" \/>\n<meta property=\"og:locale\" content=\"da_DK\" \/>\n<meta property=\"og:type\" content=\"article\" \/>\n<meta property=\"og:title\" content=\"Vidunderlige Gr\u00f8nland \u2022 Sydgr\u00f8nland | Guide to Greenland\" \/>\n<meta property=\"og:description\" content=\"Tag med p\u00e5 denne 8-dages sommerpakke i Sydgr\u00f8nland for at opleve Arktis&#8217; vidundere. Rejs direkte fra K\u00f8benhavn, langt mod nord til det afsidesliggende land med hvide og gr\u00f8nne omr\u00e5der. N\u00e5r man taler om Gr\u00f8nland, har man m\u00e5ske kun set det hvide, snekl\u00e6dte landskab, men n\u00e5r du rejser til Sydgr\u00f8nland, vil du forst\u00e5, hvordan landet fik...\" \/>\n<meta property=\"og:url\" content=\"https:\/\/guidetogreenland.com\/da\/reserver-ferie-rejser\/vidunderlige-gronland-sydgronland\/\" \/>\n<meta property=\"og:site_name\" content=\"Guide to Greenland\" \/>\n<meta property=\"article:modified_time\" content=\"2023-11-14T17:21:04+00:00\" \/>\n<meta property=\"og:image\" content=\"https:\/\/guidetogreenland.com\/wp-content\/uploads\/2020\/05\/wonders-of-south-greenland-9.jpg\" \/>\n\t<meta property=\"og:image:width\" content=\"620\" \/>\n\t<meta property=\"og:image:height\" content=\"245\" \/>\n\t<meta property=\"og:image:type\" content=\"image\/jpeg\" \/>\n<meta name=\"twitter:card\" content=\"summary_large_image\" \/>\n<meta name=\"twitter:label1\" content=\"Estimeret l\u00e6setid\" \/>\n\t<meta name=\"twitter:data1\" content=\"2 minutter\" \/>\n<script type=\"application\/ld+json\" class=\"yoast-schema-graph\">{\"@context\":\"https:\/\/schema.org\",\"@graph\":[{\"@type\":\"WebPage\",\"@id\":\"https:\/\/guidetogreenland.com\/da\/reserver-ferie-rejser\/vidunderlige-gronland-sydgronland\/\",\"url\":\"https:\/\/guidetogreenland.com\/da\/reserver-ferie-rejser\/vidunderlige-gronland-sydgronland\/\",\"name\":\"Vidunderlige Gr\u00f8nland \u2022 Sydgr\u00f8nland | Guide to Greenland\",\"isPartOf\":{\"@id\":\"https:\/\/guidetogreenland.com\/da\/#website\"},\"primaryImageOfPage\":{\"@id\":\"https:\/\/guidetogreenland.com\/da\/reserver-ferie-rejser\/vidunderlige-gronland-sydgronland\/#primaryimage\"},\"image\":{\"@id\":\"https:\/\/guidetogreenland.com\/da\/reserver-ferie-rejser\/vidunderlige-gronland-sydgronland\/#primaryimage\"},\"thumbnailUrl\":\"https:\/\/guidetogreenland.com\/wp-content\/uploads\/2020\/05\/Wonders-of-Greenland-Guide-to-Greenland.png\",\"datePublished\":\"2020-05-26T17:49:18+00:00\",\"dateModified\":\"2023-11-14T17:21:04+00:00\",\"breadcrumb\":{\"@id\":\"https:\/\/guidetogreenland.com\/da\/reserver-ferie-rejser\/vidunderlige-gronland-sydgronland\/#breadcrumb\"},\"inLanguage\":\"da-DK\",\"potentialAction\":[{\"@type\":\"ReadAction\",\"target\":[\"https:\/\/guidetogreenland.com\/da\/reserver-ferie-rejser\/vidunderlige-gronland-sydgronland\/\"]}]},{\"@type\":\"ImageObject\",\"inLanguage\":\"da-DK\",\"@id\":\"https:\/\/guidetogreenland.com\/da\/reserver-ferie-rejser\/vidunderlige-gronland-sydgronland\/#primaryimage\",\"url\":\"https:\/\/guidetogreenland.com\/wp-content\/uploads\/2020\/05\/Wonders-of-Greenland-Guide-to-Greenland.png\",\"contentUrl\":\"https:\/\/guidetogreenland.com\/wp-content\/uploads\/2020\/05\/Wonders-of-Greenland-Guide-to-Greenland.png\",\"width\":1760,\"height\":946},{\"@type\":\"BreadcrumbList\",\"@id\":\"https:\/\/guidetogreenland.com\/da\/reserver-ferie-rejser\/vidunderlige-gronland-sydgronland\/#breadcrumb\",\"itemListElement\":[{\"@type\":\"ListItem\",\"position\":1,\"name\":\"Home\",\"item\":\"https:\/\/guidetogreenland.com\/da\/\"},{\"@type\":\"ListItem\",\"position\":2,\"name\":\"Se alle ture\",\"item\":\"https:\/\/guidetogreenland.com\/da\/reserver-ferie-rejser\/\"},{\"@type\":\"ListItem\",\"position\":3,\"name\":\"Vidunderlige Gr\u00f8nland | Sydgr\u00f8nland\"}]},{\"@type\":\"WebSite\",\"@id\":\"https:\/\/guidetogreenland.com\/da\/#website\",\"url\":\"https:\/\/guidetogreenland.com\/da\/\",\"name\":\"Guide to Greenland\",\"description\":\"Largest selection of tours in Greenland\",\"potentialAction\":[{\"@type\":\"SearchAction\",\"target\":{\"@type\":\"EntryPoint\",\"urlTemplate\":\"https:\/\/guidetogreenland.com\/da\/?s={search_term_string}\"},\"query-input\":{\"@type\":\"PropertyValueSpecification\",\"valueRequired\":true,\"valueName\":\"search_term_string\"}}],\"inLanguage\":\"da-DK\"}]}<\/script>\n<!-- \/ Yoast SEO plugin. -->","yoast_head_json":{"title":"Vidunderlige Gr\u00f8nland \u2022 Sydgr\u00f8nland | Guide to Greenland","robots":{"index":"index","follow":"follow","max-snippet":"max-snippet:-1","max-image-preview":"max-image-preview:large","max-video-preview":"max-video-preview:-1"},"canonical":"https:\/\/guidetogreenland.com\/da\/reserver-ferie-rejser\/vidunderlige-gronland-sydgronland\/","og_locale":"da_DK","og_type":"article","og_title":"Vidunderlige Gr\u00f8nland \u2022 Sydgr\u00f8nland | Guide to Greenland","og_description":"Tag med p\u00e5 denne 8-dages sommerpakke i Sydgr\u00f8nland for at opleve Arktis&#8217; vidundere. Rejs direkte fra K\u00f8benhavn, langt mod nord til det afsidesliggende land med hvide og gr\u00f8nne omr\u00e5der. N\u00e5r man taler om Gr\u00f8nland, har man m\u00e5ske kun set det hvide, snekl\u00e6dte landskab, men n\u00e5r du rejser til Sydgr\u00f8nland, vil du forst\u00e5, hvordan landet fik...","og_url":"https:\/\/guidetogreenland.com\/da\/reserver-ferie-rejser\/vidunderlige-gronland-sydgronland\/","og_site_name":"Guide to Greenland","article_modified_time":"2023-11-14T17:21:04+00:00","og_image":[{"width":620,"height":245,"url":"https:\/\/guidetogreenland.com\/wp-content\/uploads\/2020\/05\/wonders-of-south-greenland-9.jpg","type":"image\/jpeg"}],"twitter_card":"summary_large_image","twitter_misc":{"Estimeret l\u00e6setid":"2 minutter"},"schema":{"@context":"https:\/\/schema.org","@graph":[{"@type":"WebPage","@id":"https:\/\/guidetogreenland.com\/da\/reserver-ferie-rejser\/vidunderlige-gronland-sydgronland\/","url":"https:\/\/guidetogreenland.com\/da\/reserver-ferie-rejser\/vidunderlige-gronland-sydgronland\/","name":"Vidunderlige Gr\u00f8nland \u2022 Sydgr\u00f8nland | Guide to Greenland","isPartOf":{"@id":"https:\/\/guidetogreenland.com\/da\/#website"},"primaryImageOfPage":{"@id":"https:\/\/guidetogreenland.com\/da\/reserver-ferie-rejser\/vidunderlige-gronland-sydgronland\/#primaryimage"},"image":{"@id":"https:\/\/guidetogreenland.com\/da\/reserver-ferie-rejser\/vidunderlige-gronland-sydgronland\/#primaryimage"},"thumbnailUrl":"https:\/\/guidetogreenland.com\/wp-content\/uploads\/2020\/05\/Wonders-of-Greenland-Guide-to-Greenland.png","datePublished":"2020-05-26T17:49:18+00:00","dateModified":"2023-11-14T17:21:04+00:00","breadcrumb":{"@id":"https:\/\/guidetogreenland.com\/da\/reserver-ferie-rejser\/vidunderlige-gronland-sydgronland\/#breadcrumb"},"inLanguage":"da-DK","potentialAction":[{"@type":"ReadAction","target":["https:\/\/guidetogreenland.com\/da\/reserver-ferie-rejser\/vidunderlige-gronland-sydgronland\/"]}]},{"@type":"ImageObject","inLanguage":"da-DK","@id":"https:\/\/guidetogreenland.com\/da\/reserver-ferie-rejser\/vidunderlige-gronland-sydgronland\/#primaryimage","url":"https:\/\/guidetogreenland.com\/wp-content\/uploads\/2020\/05\/Wonders-of-Greenland-Guide-to-Greenland.png","contentUrl":"https:\/\/guidetogreenland.com\/wp-content\/uploads\/2020\/05\/Wonders-of-Greenland-Guide-to-Greenland.png","width":1760,"height":946},{"@type":"BreadcrumbList","@id":"https:\/\/guidetogreenland.com\/da\/reserver-ferie-rejser\/vidunderlige-gronland-sydgronland\/#breadcrumb","itemListElement":[{"@type":"ListItem","position":1,"name":"Home","item":"https:\/\/guidetogreenland.com\/da\/"},{"@type":"ListItem","position":2,"name":"Se alle ture","item":"https:\/\/guidetogreenland.com\/da\/reserver-ferie-rejser\/"},{"@type":"ListItem","position":3,"name":"Vidunderlige Gr\u00f8nland | Sydgr\u00f8nland"}]},{"@type":"WebSite","@id":"https:\/\/guidetogreenland.com\/da\/#website","url":"https:\/\/guidetogreenland.com\/da\/","name":"Guide to Greenland","description":"Largest selection of tours in Greenland","potentialAction":[{"@type":"SearchAction","target":{"@type":"EntryPoint","urlTemplate":"https:\/\/guidetogreenland.com\/da\/?s={search_term_string}"},"query-input":{"@type":"PropertyValueSpecification","valueRequired":true,"valueName":"search_term_string"}}],"inLanguage":"da-DK"}]}},"_links":{"self":[{"href":"https:\/\/guidetogreenland.com\/da\/wp-json\/wp\/v2\/product\/13101","targetHints":{"allow":["GET"]}}],"collection":[{"href":"https:\/\/guidetogreenland.com\/da\/wp-json\/wp\/v2\/product"}],"about":[{"href":"https:\/\/guidetogreenland.com\/da\/wp-json\/wp\/v2\/types\/product"}],"replies":[{"embeddable":true,"href":"https:\/\/guidetogreenland.com\/da\/wp-json\/wp\/v2\/comments?post=13101"}],"wp:featuredmedia":[{"embeddable":true,"href":"https:\/\/guidetogreenland.com\/da\/wp-json\/wp\/v2\/media\/73276"}],"wp:attachment":[{"href":"https:\/\/guidetogreenland.com\/da\/wp-json\/wp\/v2\/media?parent=13101"}],"wp:term":[{"taxonomy":"product_brand","embeddable":true,"href":"https:\/\/guidetogreenland.com\/da\/wp-json\/wp\/v2\/product_brand?post=13101"},{"taxonomy":"product_cat","embeddable":true,"href":"https:\/\/guidetogreenland.com\/da\/wp-json\/wp\/v2\/product_cat?post=13101"},{"taxonomy":"product_tag","embeddable":true,"href":"https:\/\/guidetogreenland.com\/da\/wp-json\/wp\/v2\/product_tag?post=13101"}],"curies":[{"name":"wp","href":"https:\/\/api.w.org\/{rel}","templated":true}]}}