{"id":13222,"date":"2020-06-25T11:19:26","date_gmt":"2020-06-25T11:19:26","guid":{"rendered":"https:\/\/guidetogreenland.com\/book-trips-holiday\/full-day-adventure-on-greenland-ice-sheet-kangerlussuaq-west-greenland\/"},"modified":"2025-12-12T03:22:43","modified_gmt":"2025-12-12T06:22:43","slug":"full-day-adventure-on-greenland-ice-sheet-kangerlussuaq-west-greenland","status":"publish","type":"product","link":"https:\/\/guidetogreenland.com\/da\/reserver-ferie-rejser\/heldagseventyr-pa-indlandsisen-kangerlussuaq-vest-gronland\/","title":{"rendered":"Heldagseventyr p\u00e5 Indlandsisen | Kangerlussuaq | Vest Gr\u00f8nland"},"content":{"rendered":"<p class=\"x-18pep25\">Tag med p\u00e5 denne\u00a0eventyrlige\u00a0udflugt til Point 660, hvorfra du og din gruppe vil drage ud p\u00e5 Indlandsisen. Det er et \u00e6gte eventyr at g\u00e5 blandt smeltevandsdale, gletsjerspalter, krystalklare s\u00f8er, vandfald og floder. For at g\u00f8re dette er crampons og vandrestave n\u00f8dvendige, og derfor ogs\u00e5 udleveret. Enhver der er villig til at vandre i 3-4 timer er velkommen p\u00e5 denne tur.<\/p>\n<p class=\"e1imf5dp0 x-jm2771\">I starter med et infom\u00f8de om sikkerhedsudstyret og dagens aktivitet ved polar lodge, hvorefter i hopper ind i et specialiseret 4-hjulstrukket k\u00f8ret\u00f8j med panoramiske vinduer s\u00e5 man kan nyde udsigten mens man k\u00f8rer ud i den vilde<span class=\"x-12abj6v e1uuu2lt3\"> natur for at komme til isen. Det tager ca. 1 time at k\u00f8re til Point 660, og er en helt unik oplevelse i sig selv da man ingen andre steder i Gr\u00f8nland kan g\u00f8re dette.\u00a0<\/span><\/p>\n<p class=\"e1imf5dp0 x-jm2771\"><span class=\"x-12abj6v e1uuu2lt3\">P\u00e5 vandreturen vil du, med gruppen, finde et godt sted at stoppe og nyde den pakkede frokost med en udsigt over den enorme arktiske \u00f8rken. P\u00e5 denne tur er der chancer for at se alle mulige former for vildt dyreliv som rensdyr, moskus, arktiske harer, polarr\u00e6ve og mange forskellige fugle og blomster.<\/span><\/p>\n<p class=\"e1imf5dp0 x-jm2771\"><span class=\"x-12abj6v e1uuu2lt3\">Vandrest\u00f8vler er et krav for at kunne bruge crampons, her er almindelige sko ikke nok. Vi anbefaler ogs\u00e5 man tager en \u00e5ndbar jakke p\u00e5.<\/span><\/p>\n","protected":false},"excerpt":{"rendered":"Tag med p\u00e5 denne\u00a0eventyrlige\u00a0udflugt til Point 660, hvorfra du og din gruppe vil drage ud p\u00e5 Indlandsisen. Det er et \u00e6gte eventyr at g\u00e5 blandt smeltevandsdale, gletsjerspalter, krystalklare s\u00f8er, vandfald og floder. For at g\u00f8re dette er crampons og vandrestave n\u00f8dvendige, og derfor ogs\u00e5 udleveret. Enhver der er villig til at vandre i 3-4 timer&#8230;","protected":false},"featured_media":13224,"comment_status":"open","ping_status":"closed","template":"","meta":[],"product_brand":[],"product_cat":[628,605,614,612,593,643,646,608],"product_tag":[924],"class_list":{"0":"post-13222","1":"product","2":"type-product","3":"status-publish","4":"has-post-thumbnail","6":"product_cat-arctic-circle-trail","7":"product_cat-dagsture-om-sommeren","8":"product_cat-gletsjer-og-indlandsisen","9":"product_cat-natur-og-dyreliv-i-groenland","10":"product_cat-oplevelser-i-groenland","11":"product_cat-ture-i-hver-by","12":"product_cat-ture-i-kangerlussuaq","13":"product_cat-vandre-og-trekkingture","14":"product_tag-kangerlussuaq-da","15":"pa_activities-gletschervandring","16":"pa_activities-gletscher-udsigt","17":"pa_attractions-indlandsisen","18":"pa_available-month-marts","19":"pa_available-month-april","20":"pa_available-month-maj","21":"pa_available-month-juni","22":"pa_available-month-juli","23":"pa_available-month-august","24":"pa_available-month-september","25":"pa_available-month-oktober","26":"pa_destinations-kangerlussuaq","27":"pa_difficulty-moderat","28":"pa_duration-8-timer","29":"pa_tour-type-dagsture","30":"yith_shop_vendor-albatros-arctic-circle-da","32":"first","33":"instock","34":"featured","35":"virtual","36":"sold-individually","37":"purchasable","38":"product-type-booking"},"acf":[],"yoast_head":"<!-- This site is optimized with the Yoast SEO plugin v25.6 - https:\/\/yoast.com\/wordpress\/plugins\/seo\/ -->\n<title>Heldagseventyr p\u00e5 Indlandsisen | Kangerlussuaq | Vest Gr\u00f8nland | Guide to Greenland<\/title>\n<meta name=\"robots\" content=\"index, follow, max-snippet:-1, max-image-preview:large, max-video-preview:-1\" \/>\n<link rel=\"canonical\" href=\"https:\/\/guidetogreenland.com\/da\/reserver-ferie-rejser\/heldagseventyr-pa-indlandsisen-kangerlussuaq-vest-gronland\/\" \/>\n<meta property=\"og:locale\" content=\"da_DK\" \/>\n<meta property=\"og:type\" content=\"article\" \/>\n<meta property=\"og:title\" content=\"Heldagseventyr p\u00e5 Indlandsisen | Kangerlussuaq | Vest Gr\u00f8nland | Guide to Greenland\" \/>\n<meta property=\"og:description\" content=\"Tag med p\u00e5 denne\u00a0eventyrlige\u00a0udflugt til Point 660, hvorfra du og din gruppe vil drage ud p\u00e5 Indlandsisen. Det er et \u00e6gte eventyr at g\u00e5 blandt smeltevandsdale, gletsjerspalter, krystalklare s\u00f8er, vandfald og floder. For at g\u00f8re dette er crampons og vandrestave n\u00f8dvendige, og derfor ogs\u00e5 udleveret. Enhver der er villig til at vandre i 3-4 timer...\" \/>\n<meta property=\"og:url\" content=\"https:\/\/guidetogreenland.com\/da\/reserver-ferie-rejser\/heldagseventyr-pa-indlandsisen-kangerlussuaq-vest-gronland\/\" \/>\n<meta property=\"og:site_name\" content=\"Guide to Greenland\" \/>\n<meta property=\"article:modified_time\" content=\"2025-12-12T06:22:43+00:00\" \/>\n<meta property=\"og:image\" content=\"https:\/\/guidetogreenland.com\/wp-content\/uploads\/2020\/05\/full-day-adventure-on-greenland-ice-sheet-kangerlussuaq-west-greenland-Guide-to-Greenland11.jpg\" \/>\n\t<meta property=\"og:image:width\" content=\"926\" \/>\n\t<meta property=\"og:image:height\" content=\"576\" \/>\n\t<meta property=\"og:image:type\" content=\"image\/jpeg\" \/>\n<meta name=\"twitter:card\" content=\"summary_large_image\" \/>\n<meta name=\"twitter:label1\" content=\"Estimeret l\u00e6setid\" \/>\n\t<meta name=\"twitter:data1\" content=\"1 minut\" \/>\n<script type=\"application\/ld+json\" class=\"yoast-schema-graph\">{\"@context\":\"https:\/\/schema.org\",\"@graph\":[{\"@type\":\"WebPage\",\"@id\":\"https:\/\/guidetogreenland.com\/da\/reserver-ferie-rejser\/heldagseventyr-pa-indlandsisen-kangerlussuaq-vest-gronland\/\",\"url\":\"https:\/\/guidetogreenland.com\/da\/reserver-ferie-rejser\/heldagseventyr-pa-indlandsisen-kangerlussuaq-vest-gronland\/\",\"name\":\"Heldagseventyr p\u00e5 Indlandsisen | Kangerlussuaq | Vest Gr\u00f8nland | Guide to Greenland\",\"isPartOf\":{\"@id\":\"https:\/\/guidetogreenland.com\/da\/#website\"},\"primaryImageOfPage\":{\"@id\":\"https:\/\/guidetogreenland.com\/da\/reserver-ferie-rejser\/heldagseventyr-pa-indlandsisen-kangerlussuaq-vest-gronland\/#primaryimage\"},\"image\":{\"@id\":\"https:\/\/guidetogreenland.com\/da\/reserver-ferie-rejser\/heldagseventyr-pa-indlandsisen-kangerlussuaq-vest-gronland\/#primaryimage\"},\"thumbnailUrl\":\"https:\/\/guidetogreenland.com\/wp-content\/uploads\/2020\/05\/full-day-adventure-on-greenland-ice-sheet-kangerlussuaq-west-greenland-Guide-to-Greenland11.jpg\",\"datePublished\":\"2020-06-25T11:19:26+00:00\",\"dateModified\":\"2025-12-12T06:22:43+00:00\",\"breadcrumb\":{\"@id\":\"https:\/\/guidetogreenland.com\/da\/reserver-ferie-rejser\/heldagseventyr-pa-indlandsisen-kangerlussuaq-vest-gronland\/#breadcrumb\"},\"inLanguage\":\"da-DK\",\"potentialAction\":[{\"@type\":\"ReadAction\",\"target\":[\"https:\/\/guidetogreenland.com\/da\/reserver-ferie-rejser\/heldagseventyr-pa-indlandsisen-kangerlussuaq-vest-gronland\/\"]}]},{\"@type\":\"ImageObject\",\"inLanguage\":\"da-DK\",\"@id\":\"https:\/\/guidetogreenland.com\/da\/reserver-ferie-rejser\/heldagseventyr-pa-indlandsisen-kangerlussuaq-vest-gronland\/#primaryimage\",\"url\":\"https:\/\/guidetogreenland.com\/wp-content\/uploads\/2020\/05\/full-day-adventure-on-greenland-ice-sheet-kangerlussuaq-west-greenland-Guide-to-Greenland11.jpg\",\"contentUrl\":\"https:\/\/guidetogreenland.com\/wp-content\/uploads\/2020\/05\/full-day-adventure-on-greenland-ice-sheet-kangerlussuaq-west-greenland-Guide-to-Greenland11.jpg\",\"width\":926,\"height\":576},{\"@type\":\"BreadcrumbList\",\"@id\":\"https:\/\/guidetogreenland.com\/da\/reserver-ferie-rejser\/heldagseventyr-pa-indlandsisen-kangerlussuaq-vest-gronland\/#breadcrumb\",\"itemListElement\":[{\"@type\":\"ListItem\",\"position\":1,\"name\":\"Home\",\"item\":\"https:\/\/guidetogreenland.com\/da\/\"},{\"@type\":\"ListItem\",\"position\":2,\"name\":\"Se alle ture\",\"item\":\"https:\/\/guidetogreenland.com\/da\/reserver-ferie-rejser\/\"},{\"@type\":\"ListItem\",\"position\":3,\"name\":\"Heldagseventyr p\u00e5 Indlandsisen | Kangerlussuaq | Vest Gr\u00f8nland\"}]},{\"@type\":\"WebSite\",\"@id\":\"https:\/\/guidetogreenland.com\/da\/#website\",\"url\":\"https:\/\/guidetogreenland.com\/da\/\",\"name\":\"Guide to Greenland\",\"description\":\"Largest selection of tours in Greenland\",\"potentialAction\":[{\"@type\":\"SearchAction\",\"target\":{\"@type\":\"EntryPoint\",\"urlTemplate\":\"https:\/\/guidetogreenland.com\/da\/?s={search_term_string}\"},\"query-input\":{\"@type\":\"PropertyValueSpecification\",\"valueRequired\":true,\"valueName\":\"search_term_string\"}}],\"inLanguage\":\"da-DK\"}]}<\/script>\n<!-- \/ Yoast SEO plugin. -->","yoast_head_json":{"title":"Heldagseventyr p\u00e5 Indlandsisen | Kangerlussuaq | Vest Gr\u00f8nland | Guide to Greenland","robots":{"index":"index","follow":"follow","max-snippet":"max-snippet:-1","max-image-preview":"max-image-preview:large","max-video-preview":"max-video-preview:-1"},"canonical":"https:\/\/guidetogreenland.com\/da\/reserver-ferie-rejser\/heldagseventyr-pa-indlandsisen-kangerlussuaq-vest-gronland\/","og_locale":"da_DK","og_type":"article","og_title":"Heldagseventyr p\u00e5 Indlandsisen | Kangerlussuaq | Vest Gr\u00f8nland | Guide to Greenland","og_description":"Tag med p\u00e5 denne\u00a0eventyrlige\u00a0udflugt til Point 660, hvorfra du og din gruppe vil drage ud p\u00e5 Indlandsisen. Det er et \u00e6gte eventyr at g\u00e5 blandt smeltevandsdale, gletsjerspalter, krystalklare s\u00f8er, vandfald og floder. For at g\u00f8re dette er crampons og vandrestave n\u00f8dvendige, og derfor ogs\u00e5 udleveret. Enhver der er villig til at vandre i 3-4 timer...","og_url":"https:\/\/guidetogreenland.com\/da\/reserver-ferie-rejser\/heldagseventyr-pa-indlandsisen-kangerlussuaq-vest-gronland\/","og_site_name":"Guide to Greenland","article_modified_time":"2025-12-12T06:22:43+00:00","og_image":[{"width":926,"height":576,"url":"https:\/\/guidetogreenland.com\/wp-content\/uploads\/2020\/05\/full-day-adventure-on-greenland-ice-sheet-kangerlussuaq-west-greenland-Guide-to-Greenland11.jpg","type":"image\/jpeg"}],"twitter_card":"summary_large_image","twitter_misc":{"Estimeret l\u00e6setid":"1 minut"},"schema":{"@context":"https:\/\/schema.org","@graph":[{"@type":"WebPage","@id":"https:\/\/guidetogreenland.com\/da\/reserver-ferie-rejser\/heldagseventyr-pa-indlandsisen-kangerlussuaq-vest-gronland\/","url":"https:\/\/guidetogreenland.com\/da\/reserver-ferie-rejser\/heldagseventyr-pa-indlandsisen-kangerlussuaq-vest-gronland\/","name":"Heldagseventyr p\u00e5 Indlandsisen | Kangerlussuaq | Vest Gr\u00f8nland | Guide to Greenland","isPartOf":{"@id":"https:\/\/guidetogreenland.com\/da\/#website"},"primaryImageOfPage":{"@id":"https:\/\/guidetogreenland.com\/da\/reserver-ferie-rejser\/heldagseventyr-pa-indlandsisen-kangerlussuaq-vest-gronland\/#primaryimage"},"image":{"@id":"https:\/\/guidetogreenland.com\/da\/reserver-ferie-rejser\/heldagseventyr-pa-indlandsisen-kangerlussuaq-vest-gronland\/#primaryimage"},"thumbnailUrl":"https:\/\/guidetogreenland.com\/wp-content\/uploads\/2020\/05\/full-day-adventure-on-greenland-ice-sheet-kangerlussuaq-west-greenland-Guide-to-Greenland11.jpg","datePublished":"2020-06-25T11:19:26+00:00","dateModified":"2025-12-12T06:22:43+00:00","breadcrumb":{"@id":"https:\/\/guidetogreenland.com\/da\/reserver-ferie-rejser\/heldagseventyr-pa-indlandsisen-kangerlussuaq-vest-gronland\/#breadcrumb"},"inLanguage":"da-DK","potentialAction":[{"@type":"ReadAction","target":["https:\/\/guidetogreenland.com\/da\/reserver-ferie-rejser\/heldagseventyr-pa-indlandsisen-kangerlussuaq-vest-gronland\/"]}]},{"@type":"ImageObject","inLanguage":"da-DK","@id":"https:\/\/guidetogreenland.com\/da\/reserver-ferie-rejser\/heldagseventyr-pa-indlandsisen-kangerlussuaq-vest-gronland\/#primaryimage","url":"https:\/\/guidetogreenland.com\/wp-content\/uploads\/2020\/05\/full-day-adventure-on-greenland-ice-sheet-kangerlussuaq-west-greenland-Guide-to-Greenland11.jpg","contentUrl":"https:\/\/guidetogreenland.com\/wp-content\/uploads\/2020\/05\/full-day-adventure-on-greenland-ice-sheet-kangerlussuaq-west-greenland-Guide-to-Greenland11.jpg","width":926,"height":576},{"@type":"BreadcrumbList","@id":"https:\/\/guidetogreenland.com\/da\/reserver-ferie-rejser\/heldagseventyr-pa-indlandsisen-kangerlussuaq-vest-gronland\/#breadcrumb","itemListElement":[{"@type":"ListItem","position":1,"name":"Home","item":"https:\/\/guidetogreenland.com\/da\/"},{"@type":"ListItem","position":2,"name":"Se alle ture","item":"https:\/\/guidetogreenland.com\/da\/reserver-ferie-rejser\/"},{"@type":"ListItem","position":3,"name":"Heldagseventyr p\u00e5 Indlandsisen | Kangerlussuaq | Vest Gr\u00f8nland"}]},{"@type":"WebSite","@id":"https:\/\/guidetogreenland.com\/da\/#website","url":"https:\/\/guidetogreenland.com\/da\/","name":"Guide to Greenland","description":"Largest selection of tours in Greenland","potentialAction":[{"@type":"SearchAction","target":{"@type":"EntryPoint","urlTemplate":"https:\/\/guidetogreenland.com\/da\/?s={search_term_string}"},"query-input":{"@type":"PropertyValueSpecification","valueRequired":true,"valueName":"search_term_string"}}],"inLanguage":"da-DK"}]}},"_links":{"self":[{"href":"https:\/\/guidetogreenland.com\/da\/wp-json\/wp\/v2\/product\/13222","targetHints":{"allow":["GET"]}}],"collection":[{"href":"https:\/\/guidetogreenland.com\/da\/wp-json\/wp\/v2\/product"}],"about":[{"href":"https:\/\/guidetogreenland.com\/da\/wp-json\/wp\/v2\/types\/product"}],"replies":[{"embeddable":true,"href":"https:\/\/guidetogreenland.com\/da\/wp-json\/wp\/v2\/comments?post=13222"}],"wp:featuredmedia":[{"embeddable":true,"href":"https:\/\/guidetogreenland.com\/da\/wp-json\/wp\/v2\/media\/13224"}],"wp:attachment":[{"href":"https:\/\/guidetogreenland.com\/da\/wp-json\/wp\/v2\/media?parent=13222"}],"wp:term":[{"taxonomy":"product_brand","embeddable":true,"href":"https:\/\/guidetogreenland.com\/da\/wp-json\/wp\/v2\/product_brand?post=13222"},{"taxonomy":"product_cat","embeddable":true,"href":"https:\/\/guidetogreenland.com\/da\/wp-json\/wp\/v2\/product_cat?post=13222"},{"taxonomy":"product_tag","embeddable":true,"href":"https:\/\/guidetogreenland.com\/da\/wp-json\/wp\/v2\/product_tag?post=13222"}],"curies":[{"name":"wp","href":"https:\/\/api.w.org\/{rel}","templated":true}]}}