{"id":13238,"date":"2020-05-12T16:04:07","date_gmt":"2020-05-12T16:04:07","guid":{"rendered":"https:\/\/guidetogreenland.com\/book-trips-holiday\/ghost-village-boat-cruise-sisimiut-west-greenland\/"},"modified":"2024-10-09T10:27:19","modified_gmt":"2024-10-09T13:27:19","slug":"ghost-village-boat-cruise-sisimiut-west-greenland","status":"publish","type":"product","link":"https:\/\/guidetogreenland.com\/da\/reserver-ferie-rejser\/badtur-til-spogelsesbygd-sisimiut-vestgronland\/","title":{"rendered":"B\u00e5dtur til sp\u00f8gelsesbygd | Sisimiut | Vestgr\u00f8nland"},"content":{"rendered":"<p class=\"x-18pep25\">Kom med p\u00e5 et eventyr p\u00e5 hav og land og f\u00e5 chancen til at udforske sp\u00f8gelsesbyen Assaqutaq! Ved at sejle f\u00e5r du udenbys oplevelser der garanterer eventyr.<\/p>\n<p class=\"x-18pep25\">Denne tur giver dig muligheden for at genfinde de glemte tider og opleve den gr\u00f8nlandske kultur p\u00e5 t\u00e6t hold, alt fra ruiner til forladte bygder! Assaqutaq ligger cirka 10 kilometer v\u00e6k fra Sisimiut med b\u00e5d, og p\u00e5 fod vandrer man syd for det smukke bjerg Nasaasaq.<\/p>\n<p class=\"e1imf5dp0 x-jm2771\">Assaqutaq er en forladt bygd med de sidste indbyggere helt tilbage til 1970&#8217;erne. Mellem 1950&#8217;erne og 1970&#8217;erne er mange bygder i hele Gr\u00f8nland blevet affolket, da de har <span class=\"x-12abj6v e1uuu2lt3\">v\u00e6ret tvunget til at flytte til st\u00f8rre byer. Assaqutaq er et godt eksempel p\u00e5 industrialiseringen der skete under kolonitiden.<\/span><\/p>\n<p class=\"e1imf5dp0 x-jm2771\"><span class=\"x-12abj6v e1uuu2lt3\">Bygden kommer dog til live i sommer perioden, n\u00e5r folkeskolerne tager p\u00e5 lejrskole. Udover skoleeleverne, kan de lokale ogs\u00e5 godt lide at komme her, da det er et rigtigt godt sted at fange ammas\u00e6tter som foder til sl\u00e6dehundene og en god snack for de lokale. N\u00e5r du ankommer til bygden kan du ogs\u00e5 begynde at forestille dig hvordan det ville v\u00e6re at bo s\u00e5dan et sted.<\/span><\/p>\n<p class=\"e1imf5dp0 x-jm2771\"><span class=\"x-12abj6v e1uuu2lt3\">Vi vil g\u00e5 p\u00e5 land og g\u00e5 gennem det stille og hjems\u00f8gte land af den forladte bygd. Du vil komme forbi den gamle fiske fabrik der engang var fuld af liv. Du vil forts\u00e6tte gennem bygden til hvor lejrskolen holder til, i den charmerende gamle kirke.<\/span><\/p>\n<p class=\"e1imf5dp0 x-jm2771\"><span class=\"x-12abj6v e1uuu2lt3\">Luk \u00f8jnene og forestil dig hvad denne bygd kunne have blevet til, hvis ikke folk var tvunget til at forlade bygden.<\/span><\/p>\n<p class=\"e1imf5dp0 x-jm2771\"><span class=\"x-12abj6v e1uuu2lt3\">Gennem de sidste sommer perioder har der v\u00e6ret gode chancer for at spotte den enorme og smukke pukkelhval glide stille gennem vandet mens vi sejler fra Sisimiut, da de kommer meget t\u00e6t p\u00e5 kysten. Disse fredelige pattedyr kommer til vandene omkring Sisimiut for ammas\u00e6tter om sommeren. Derudover er der ogs\u00e5 stor chance for at spotte andet hav liv p\u00e5 denne tur, s\u00e5som v\u00e5gehvaler og fin hvaler.<\/span><\/p>\n<p class=\"e1imf5dp0 x-jm2771\"><span class=\"x-12abj6v e1uuu2lt3\">Denne tur er for alle, da den tilbyder en blanding af hiking, at sejle, natur, kultur og chancen for at spotte hvaler. Bind dine sn\u00f8reb\u00e5nd og medbring din varmeste hue til dette eventyr til sp\u00f8gelsesbyen Assaqutaq! Se tilg\u00e6ngeligheden ved at trykke p\u00e5 &#8216;V\u00e6lg dato&#8217; ovenover og book din tur idag.<\/span><\/p>\n","protected":false},"excerpt":{"rendered":"Kom med p\u00e5 et eventyr p\u00e5 hav og land og f\u00e5 chancen til at udforske sp\u00f8gelsesbyen Assaqutaq! Ved at sejle f\u00e5r du udenbys oplevelser der garanterer eventyr. Denne tur giver dig muligheden for at genfinde de glemte tider og opleve den gr\u00f8nlandske kultur p\u00e5 t\u00e6t hold, alt fra ruiner til forladte bygder! Assaqutaq ligger cirka&#8230;","protected":false},"featured_media":13240,"comment_status":"open","ping_status":"closed","template":"","meta":[],"product_brand":[],"product_cat":[594,605,624,623,593,634,657,633],"product_tag":[936],"class_list":{"0":"post-13238","1":"product","2":"type-product","3":"status-publish","4":"has-post-thumbnail","6":"product_cat-baadture","7":"product_cat-dagsture-om-sommeren","8":"product_cat-historiske-ture","9":"product_cat-kulturelle-aktiviteter","10":"product_cat-oplevelser-i-groenland","11":"product_cat-ture-for-krydstogtgaester","12":"product_cat-ture-i-sisimiut","13":"product_cat-vestgroenland","14":"product_tag-sisimiut-da","15":"pa_activities-baadtur","16":"pa_activities-bygdebesoeg","17":"pa_available-month-juni","18":"pa_available-month-juli","19":"pa_available-month-august","20":"pa_available-month-september","21":"pa_destinations-sisimiut","22":"pa_difficulty-let","23":"pa_duration-3-timer","24":"pa_tour-type-dagsture","25":"yith_shop_vendor-hotel-sisimiut-tours-da","27":"first","28":"instock","29":"sold-individually","30":"shipping-taxable","31":"purchasable","32":"product-type-booking"},"acf":[],"yoast_head":"<!-- This site is optimized with the Yoast SEO plugin v25.6 - https:\/\/yoast.com\/wordpress\/plugins\/seo\/ -->\n<title>B\u00e5dtur til sp\u00f8gelsesbygd | Sisimiut | Vestgr\u00f8nland | Guide to Greenland<\/title>\n<meta name=\"description\" content=\"Deltag i dette arktiske krydstogt til en forladt bos\u00e6ttelse uden for Sisimiut. Et sted med den eneste eksistens af pukkelhvaler og lodde fisk.\" \/>\n<meta name=\"robots\" content=\"index, follow, max-snippet:-1, max-image-preview:large, max-video-preview:-1\" \/>\n<link rel=\"canonical\" href=\"https:\/\/guidetogreenland.com\/da\/reserver-ferie-rejser\/badtur-til-spogelsesbygd-sisimiut-vestgronland\/\" \/>\n<meta property=\"og:locale\" content=\"da_DK\" \/>\n<meta property=\"og:type\" content=\"article\" \/>\n<meta property=\"og:title\" content=\"B\u00e5dtur til sp\u00f8gelsesbygd | Sisimiut | Vestgr\u00f8nland | Guide to Greenland\" \/>\n<meta property=\"og:description\" content=\"Deltag i dette arktiske krydstogt til en forladt bos\u00e6ttelse uden for Sisimiut. Et sted med den eneste eksistens af pukkelhvaler og lodde fisk.\" \/>\n<meta property=\"og:url\" content=\"https:\/\/guidetogreenland.com\/da\/reserver-ferie-rejser\/badtur-til-spogelsesbygd-sisimiut-vestgronland\/\" \/>\n<meta property=\"og:site_name\" content=\"Guide to Greenland\" \/>\n<meta property=\"article:modified_time\" content=\"2024-10-09T13:27:19+00:00\" \/>\n<meta property=\"og:image\" content=\"https:\/\/guidetogreenland.com\/wp-content\/uploads\/2020\/05\/ghost-village-boat-cruise-sisimiut-west-greenland-Guide-to-Greenland13.jpg\" \/>\n\t<meta property=\"og:image:width\" content=\"798\" \/>\n\t<meta property=\"og:image:height\" content=\"532\" \/>\n\t<meta property=\"og:image:type\" content=\"image\/jpeg\" \/>\n<meta name=\"twitter:card\" content=\"summary_large_image\" \/>\n<meta name=\"twitter:label1\" content=\"Estimeret l\u00e6setid\" \/>\n\t<meta name=\"twitter:data1\" content=\"2 minutter\" \/>\n<script type=\"application\/ld+json\" class=\"yoast-schema-graph\">{\"@context\":\"https:\/\/schema.org\",\"@graph\":[{\"@type\":\"WebPage\",\"@id\":\"https:\/\/guidetogreenland.com\/da\/reserver-ferie-rejser\/badtur-til-spogelsesbygd-sisimiut-vestgronland\/\",\"url\":\"https:\/\/guidetogreenland.com\/da\/reserver-ferie-rejser\/badtur-til-spogelsesbygd-sisimiut-vestgronland\/\",\"name\":\"B\u00e5dtur til sp\u00f8gelsesbygd | Sisimiut | Vestgr\u00f8nland | Guide to Greenland\",\"isPartOf\":{\"@id\":\"https:\/\/guidetogreenland.com\/da\/#website\"},\"primaryImageOfPage\":{\"@id\":\"https:\/\/guidetogreenland.com\/da\/reserver-ferie-rejser\/badtur-til-spogelsesbygd-sisimiut-vestgronland\/#primaryimage\"},\"image\":{\"@id\":\"https:\/\/guidetogreenland.com\/da\/reserver-ferie-rejser\/badtur-til-spogelsesbygd-sisimiut-vestgronland\/#primaryimage\"},\"thumbnailUrl\":\"https:\/\/guidetogreenland.com\/wp-content\/uploads\/2020\/05\/ghost-village-boat-cruise-sisimiut-west-greenland-Guide-to-Greenland13.jpg\",\"datePublished\":\"2020-05-12T16:04:07+00:00\",\"dateModified\":\"2024-10-09T13:27:19+00:00\",\"description\":\"Deltag i dette arktiske krydstogt til en forladt bos\u00e6ttelse uden for Sisimiut. Et sted med den eneste eksistens af pukkelhvaler og lodde fisk.\",\"breadcrumb\":{\"@id\":\"https:\/\/guidetogreenland.com\/da\/reserver-ferie-rejser\/badtur-til-spogelsesbygd-sisimiut-vestgronland\/#breadcrumb\"},\"inLanguage\":\"da-DK\",\"potentialAction\":[{\"@type\":\"ReadAction\",\"target\":[\"https:\/\/guidetogreenland.com\/da\/reserver-ferie-rejser\/badtur-til-spogelsesbygd-sisimiut-vestgronland\/\"]}]},{\"@type\":\"ImageObject\",\"inLanguage\":\"da-DK\",\"@id\":\"https:\/\/guidetogreenland.com\/da\/reserver-ferie-rejser\/badtur-til-spogelsesbygd-sisimiut-vestgronland\/#primaryimage\",\"url\":\"https:\/\/guidetogreenland.com\/wp-content\/uploads\/2020\/05\/ghost-village-boat-cruise-sisimiut-west-greenland-Guide-to-Greenland13.jpg\",\"contentUrl\":\"https:\/\/guidetogreenland.com\/wp-content\/uploads\/2020\/05\/ghost-village-boat-cruise-sisimiut-west-greenland-Guide-to-Greenland13.jpg\",\"width\":798,\"height\":532},{\"@type\":\"BreadcrumbList\",\"@id\":\"https:\/\/guidetogreenland.com\/da\/reserver-ferie-rejser\/badtur-til-spogelsesbygd-sisimiut-vestgronland\/#breadcrumb\",\"itemListElement\":[{\"@type\":\"ListItem\",\"position\":1,\"name\":\"Home\",\"item\":\"https:\/\/guidetogreenland.com\/da\/\"},{\"@type\":\"ListItem\",\"position\":2,\"name\":\"Se alle ture\",\"item\":\"https:\/\/guidetogreenland.com\/da\/reserver-ferie-rejser\/\"},{\"@type\":\"ListItem\",\"position\":3,\"name\":\"B\u00e5dtur til sp\u00f8gelsesbygd | Sisimiut | Vestgr\u00f8nland\"}]},{\"@type\":\"WebSite\",\"@id\":\"https:\/\/guidetogreenland.com\/da\/#website\",\"url\":\"https:\/\/guidetogreenland.com\/da\/\",\"name\":\"Guide to Greenland\",\"description\":\"Largest selection of tours in Greenland\",\"potentialAction\":[{\"@type\":\"SearchAction\",\"target\":{\"@type\":\"EntryPoint\",\"urlTemplate\":\"https:\/\/guidetogreenland.com\/da\/?s={search_term_string}\"},\"query-input\":{\"@type\":\"PropertyValueSpecification\",\"valueRequired\":true,\"valueName\":\"search_term_string\"}}],\"inLanguage\":\"da-DK\"}]}<\/script>\n<!-- \/ Yoast SEO plugin. -->","yoast_head_json":{"title":"B\u00e5dtur til sp\u00f8gelsesbygd | Sisimiut | Vestgr\u00f8nland | Guide to Greenland","description":"Deltag i dette arktiske krydstogt til en forladt bos\u00e6ttelse uden for Sisimiut. Et sted med den eneste eksistens af pukkelhvaler og lodde fisk.","robots":{"index":"index","follow":"follow","max-snippet":"max-snippet:-1","max-image-preview":"max-image-preview:large","max-video-preview":"max-video-preview:-1"},"canonical":"https:\/\/guidetogreenland.com\/da\/reserver-ferie-rejser\/badtur-til-spogelsesbygd-sisimiut-vestgronland\/","og_locale":"da_DK","og_type":"article","og_title":"B\u00e5dtur til sp\u00f8gelsesbygd | Sisimiut | Vestgr\u00f8nland | Guide to Greenland","og_description":"Deltag i dette arktiske krydstogt til en forladt bos\u00e6ttelse uden for Sisimiut. Et sted med den eneste eksistens af pukkelhvaler og lodde fisk.","og_url":"https:\/\/guidetogreenland.com\/da\/reserver-ferie-rejser\/badtur-til-spogelsesbygd-sisimiut-vestgronland\/","og_site_name":"Guide to Greenland","article_modified_time":"2024-10-09T13:27:19+00:00","og_image":[{"width":798,"height":532,"url":"https:\/\/guidetogreenland.com\/wp-content\/uploads\/2020\/05\/ghost-village-boat-cruise-sisimiut-west-greenland-Guide-to-Greenland13.jpg","type":"image\/jpeg"}],"twitter_card":"summary_large_image","twitter_misc":{"Estimeret l\u00e6setid":"2 minutter"},"schema":{"@context":"https:\/\/schema.org","@graph":[{"@type":"WebPage","@id":"https:\/\/guidetogreenland.com\/da\/reserver-ferie-rejser\/badtur-til-spogelsesbygd-sisimiut-vestgronland\/","url":"https:\/\/guidetogreenland.com\/da\/reserver-ferie-rejser\/badtur-til-spogelsesbygd-sisimiut-vestgronland\/","name":"B\u00e5dtur til sp\u00f8gelsesbygd | Sisimiut | Vestgr\u00f8nland | Guide to Greenland","isPartOf":{"@id":"https:\/\/guidetogreenland.com\/da\/#website"},"primaryImageOfPage":{"@id":"https:\/\/guidetogreenland.com\/da\/reserver-ferie-rejser\/badtur-til-spogelsesbygd-sisimiut-vestgronland\/#primaryimage"},"image":{"@id":"https:\/\/guidetogreenland.com\/da\/reserver-ferie-rejser\/badtur-til-spogelsesbygd-sisimiut-vestgronland\/#primaryimage"},"thumbnailUrl":"https:\/\/guidetogreenland.com\/wp-content\/uploads\/2020\/05\/ghost-village-boat-cruise-sisimiut-west-greenland-Guide-to-Greenland13.jpg","datePublished":"2020-05-12T16:04:07+00:00","dateModified":"2024-10-09T13:27:19+00:00","description":"Deltag i dette arktiske krydstogt til en forladt bos\u00e6ttelse uden for Sisimiut. Et sted med den eneste eksistens af pukkelhvaler og lodde fisk.","breadcrumb":{"@id":"https:\/\/guidetogreenland.com\/da\/reserver-ferie-rejser\/badtur-til-spogelsesbygd-sisimiut-vestgronland\/#breadcrumb"},"inLanguage":"da-DK","potentialAction":[{"@type":"ReadAction","target":["https:\/\/guidetogreenland.com\/da\/reserver-ferie-rejser\/badtur-til-spogelsesbygd-sisimiut-vestgronland\/"]}]},{"@type":"ImageObject","inLanguage":"da-DK","@id":"https:\/\/guidetogreenland.com\/da\/reserver-ferie-rejser\/badtur-til-spogelsesbygd-sisimiut-vestgronland\/#primaryimage","url":"https:\/\/guidetogreenland.com\/wp-content\/uploads\/2020\/05\/ghost-village-boat-cruise-sisimiut-west-greenland-Guide-to-Greenland13.jpg","contentUrl":"https:\/\/guidetogreenland.com\/wp-content\/uploads\/2020\/05\/ghost-village-boat-cruise-sisimiut-west-greenland-Guide-to-Greenland13.jpg","width":798,"height":532},{"@type":"BreadcrumbList","@id":"https:\/\/guidetogreenland.com\/da\/reserver-ferie-rejser\/badtur-til-spogelsesbygd-sisimiut-vestgronland\/#breadcrumb","itemListElement":[{"@type":"ListItem","position":1,"name":"Home","item":"https:\/\/guidetogreenland.com\/da\/"},{"@type":"ListItem","position":2,"name":"Se alle ture","item":"https:\/\/guidetogreenland.com\/da\/reserver-ferie-rejser\/"},{"@type":"ListItem","position":3,"name":"B\u00e5dtur til sp\u00f8gelsesbygd | Sisimiut | Vestgr\u00f8nland"}]},{"@type":"WebSite","@id":"https:\/\/guidetogreenland.com\/da\/#website","url":"https:\/\/guidetogreenland.com\/da\/","name":"Guide to Greenland","description":"Largest selection of tours in Greenland","potentialAction":[{"@type":"SearchAction","target":{"@type":"EntryPoint","urlTemplate":"https:\/\/guidetogreenland.com\/da\/?s={search_term_string}"},"query-input":{"@type":"PropertyValueSpecification","valueRequired":true,"valueName":"search_term_string"}}],"inLanguage":"da-DK"}]}},"_links":{"self":[{"href":"https:\/\/guidetogreenland.com\/da\/wp-json\/wp\/v2\/product\/13238","targetHints":{"allow":["GET"]}}],"collection":[{"href":"https:\/\/guidetogreenland.com\/da\/wp-json\/wp\/v2\/product"}],"about":[{"href":"https:\/\/guidetogreenland.com\/da\/wp-json\/wp\/v2\/types\/product"}],"replies":[{"embeddable":true,"href":"https:\/\/guidetogreenland.com\/da\/wp-json\/wp\/v2\/comments?post=13238"}],"wp:featuredmedia":[{"embeddable":true,"href":"https:\/\/guidetogreenland.com\/da\/wp-json\/wp\/v2\/media\/13240"}],"wp:attachment":[{"href":"https:\/\/guidetogreenland.com\/da\/wp-json\/wp\/v2\/media?parent=13238"}],"wp:term":[{"taxonomy":"product_brand","embeddable":true,"href":"https:\/\/guidetogreenland.com\/da\/wp-json\/wp\/v2\/product_brand?post=13238"},{"taxonomy":"product_cat","embeddable":true,"href":"https:\/\/guidetogreenland.com\/da\/wp-json\/wp\/v2\/product_cat?post=13238"},{"taxonomy":"product_tag","embeddable":true,"href":"https:\/\/guidetogreenland.com\/da\/wp-json\/wp\/v2\/product_tag?post=13238"}],"curies":[{"name":"wp","href":"https:\/\/api.w.org\/{rel}","templated":true}]}}