{"id":13267,"date":"2020-05-13T10:52:20","date_gmt":"2020-05-13T10:52:20","guid":{"rendered":"https:\/\/guidetogreenland.com\/book-trips-holiday\/glacier-adventure-flightseeing-ilulissat-disko-bay\/"},"modified":"2026-03-08T10:27:14","modified_gmt":"2026-03-08T13:27:14","slug":"glacier-adventure-flightseeing-ilulissat-disko-bay","status":"publish","type":"product","link":"https:\/\/guidetogreenland.com\/da\/reserver-ferie-rejser\/flightseeing-over-unesco-isfjorden-ilulissat-diskobugten\/","title":{"rendered":"Flightseeing over UNESCO Isfjorden | Ilulissat | Diskobugten"},"content":{"rendered":"<p class=\"x-18pep25\">Fly over some of the amazing glaciers and icebergs around one of Greenland&#8217;s top destinations &#8211; Ilulissat Icefjord, which has been a UNESCO World Heritage Site since 2004. Join this\u00a0one-hour long flight to experience Greenland from a whole new perspective.<\/p>\n<p class=\"x-18pep25\">Kom med p\u00e5 denne fantastiske flyvetur over UNESCO Verdensarvsliste sev\u00e6rdigheden Ilulissat isfjord og kom hjem med de mest fantastiske billeder.<\/p>\n<p class=\"x-18pep25\">Denne tur giver dig muligheden for at se et af Gr\u00f8nland&#8217;s vidundere fra en helt unik vinkel med den bedste udsigt uanset hvor du sidder i flyet. Turen starter i Ilulissat lufthavn og lige inden afgang, vil\u00a0 erfarne pilot gennemg\u00e5 sikkerheden ombord.<\/p>\n<p class=\"e1imf5dp0 x-jm2771\">N\u00e5r du er sp\u00e6ndt fast, vil piloten bede dig om at tage headsettet p\u00e5 s\u00e5 i kan kommunikere under flyvningen. Du vil med garanti f\u00e5 den mest uds\u00f8gte tur da de forst\u00e5r sig p\u00e5<span class=\"x-12abj6v e1uuu2lt3\"> de lokale forhold og hvor det er bedst at flyve.<\/span><\/p>\n<p class=\"e1imf5dp0 x-jm2771\"><span class=\"x-12abj6v e1uuu2lt3\">At flyve over isfjorden er en uds\u00f8gt oplevelse, da du vil begynde at se de mange forskellige former og st\u00f8rrelser af isbjerge og hvis du er virkelig heldig, m\u00e5ske kunne spotte hvaler.<\/span><\/p>\n<p class=\"e1imf5dp0 x-jm2771\"><span class=\"x-12abj6v e1uuu2lt3\">Der er konstant nye isbjerge i fjorden, og du vil kunne se hvordan de bev\u00e6ger sig, i deres rejse p\u00e5 vej til det store hav. P\u00e5 de helt store isbjerge, der kan v\u00e6re p\u00e5 st\u00f8rrelse med boligblokke, vil du kunne se s\u00f8er af smeltevand p\u00e5 toppen, der skaber en lysebl\u00e5 farve, der fint reflekteres af solen.<\/span><\/p>\n<p class=\"e1imf5dp0 x-jm2771\"><span class=\"x-12abj6v e1uuu2lt3\">G\u00e5 ikke glip af denne unikke oplevelse til en af Gr\u00f8nland&#8217;s st\u00f8rste vidundere. Se tilg\u00e6ngeligheden ved at trykke p\u00e5 &#8216;V\u00e6lg en dag&#8217; og book din tur idag.<\/span><\/p>\n","protected":false},"excerpt":{"rendered":"Fly over some of the amazing glaciers and icebergs around one of Greenland&#8217;s top destinations &#8211; Ilulissat Icefjord, which has been a UNESCO World Heritage Site since 2004. Join this\u00a0one-hour long flight to experience Greenland from a whole new perspective. Kom med p\u00e5 denne fantastiske flyvetur over UNESCO Verdensarvsliste sev\u00e6rdigheden Ilulissat isfjord og kom hjem&#8230;","protected":false},"featured_media":13268,"comment_status":"open","ping_status":"closed","template":"","meta":[],"product_brand":[],"product_cat":[605,629,604,614,692,617,612,593,634,644,625],"product_tag":[919],"class_list":{"0":"post-13267","1":"product","2":"type-product","3":"status-publish","4":"has-post-thumbnail","6":"product_cat-dagsture-om-sommeren","7":"product_cat-disko-bugten","8":"product_cat-fly-og-helikopterture","9":"product_cat-gletsjer-og-indlandsisen","10":"product_cat-iceberg-icefjord-tours","11":"product_cat-ilulissat-isfjord-ture","12":"product_cat-natur-og-dyreliv-i-groenland","13":"product_cat-oplevelser-i-groenland","14":"product_cat-ture-for-krydstogtgaester","15":"product_cat-ture-i-ilulissat","16":"product_cat-ture-til-verdensarv-steder-i-groenland","17":"product_tag-ilulissat-da","18":"pa_activities-gletscher-udsigt","19":"pa_activities-isbjerg-udsigt","20":"pa_activities-sightseeing-med-fly","21":"pa_attractions-ilulissat-icefjord","22":"pa_attractions-indlandsisen","23":"pa_attractions-unesco-verdensarv-omraade","24":"pa_attractions-disko-bay-da","25":"pa_available-month-maj","26":"pa_available-month-juni","27":"pa_available-month-juli","28":"pa_available-month-august","29":"pa_available-month-september","30":"pa_available-month-oktober","31":"pa_destinations-ilulissat","32":"pa_difficulty-let","33":"pa_duration-1-time","34":"pa_tour-type-dagsture","35":"yith_shop_vendor-airzafari-da","37":"first","38":"instock","39":"featured","40":"virtual","41":"sold-individually","42":"purchasable","43":"product-type-booking"},"acf":[],"yoast_head":"<!-- This site is optimized with the Yoast SEO plugin v25.6 - https:\/\/yoast.com\/wordpress\/plugins\/seo\/ -->\n<title>Flightseeing over UNESCO Isfjorden | Ilulissat | Diskobugten | Guide to Greenland<\/title>\n<meta name=\"description\" content=\"Flyv over gletschere, isbjerge og arktiske dyreliv p\u00e5 en af \u200b\u200bGr\u00f8nlands st\u00f8rste destinationer - rejs til UNESCO-stedet Ilulissat Icefjord.\" \/>\n<meta name=\"robots\" content=\"index, follow, max-snippet:-1, max-image-preview:large, max-video-preview:-1\" \/>\n<link rel=\"canonical\" href=\"https:\/\/guidetogreenland.com\/da\/reserver-ferie-rejser\/flightseeing-over-unesco-isfjorden-ilulissat-diskobugten\/\" \/>\n<meta property=\"og:locale\" content=\"da_DK\" \/>\n<meta property=\"og:type\" content=\"article\" \/>\n<meta property=\"og:title\" content=\"Flightseeing over UNESCO Isfjorden | Ilulissat | Diskobugten | Guide to Greenland\" \/>\n<meta property=\"og:description\" content=\"Flyv over gletschere, isbjerge og arktiske dyreliv p\u00e5 en af \u200b\u200bGr\u00f8nlands st\u00f8rste destinationer - rejs til UNESCO-stedet Ilulissat Icefjord.\" \/>\n<meta property=\"og:url\" content=\"https:\/\/guidetogreenland.com\/da\/reserver-ferie-rejser\/flightseeing-over-unesco-isfjorden-ilulissat-diskobugten\/\" \/>\n<meta property=\"og:site_name\" content=\"Guide to Greenland\" \/>\n<meta property=\"article:modified_time\" content=\"2026-03-08T13:27:14+00:00\" \/>\n<meta property=\"og:image\" content=\"https:\/\/guidetogreenland.com\/wp-content\/uploads\/2020\/05\/glacier-adventure-flightseeing-ilulissat-disko-bay-Guide-to-Greenland1.jpg\" \/>\n\t<meta property=\"og:image:width\" content=\"798\" \/>\n\t<meta property=\"og:image:height\" content=\"531\" \/>\n\t<meta property=\"og:image:type\" content=\"image\/jpeg\" \/>\n<meta name=\"twitter:card\" content=\"summary_large_image\" \/>\n<meta name=\"twitter:label1\" content=\"Estimeret l\u00e6setid\" \/>\n\t<meta name=\"twitter:data1\" content=\"2 minutter\" \/>\n<script type=\"application\/ld+json\" class=\"yoast-schema-graph\">{\"@context\":\"https:\/\/schema.org\",\"@graph\":[{\"@type\":\"WebPage\",\"@id\":\"https:\/\/guidetogreenland.com\/da\/reserver-ferie-rejser\/flightseeing-over-unesco-isfjorden-ilulissat-diskobugten\/\",\"url\":\"https:\/\/guidetogreenland.com\/da\/reserver-ferie-rejser\/flightseeing-over-unesco-isfjorden-ilulissat-diskobugten\/\",\"name\":\"Flightseeing over UNESCO Isfjorden | Ilulissat | Diskobugten | Guide to Greenland\",\"isPartOf\":{\"@id\":\"https:\/\/guidetogreenland.com\/da\/#website\"},\"primaryImageOfPage\":{\"@id\":\"https:\/\/guidetogreenland.com\/da\/reserver-ferie-rejser\/flightseeing-over-unesco-isfjorden-ilulissat-diskobugten\/#primaryimage\"},\"image\":{\"@id\":\"https:\/\/guidetogreenland.com\/da\/reserver-ferie-rejser\/flightseeing-over-unesco-isfjorden-ilulissat-diskobugten\/#primaryimage\"},\"thumbnailUrl\":\"https:\/\/guidetogreenland.com\/wp-content\/uploads\/2020\/05\/glacier-adventure-flightseeing-ilulissat-disko-bay-Guide-to-Greenland1.jpg\",\"datePublished\":\"2020-05-13T10:52:20+00:00\",\"dateModified\":\"2026-03-08T13:27:14+00:00\",\"description\":\"Flyv over gletschere, isbjerge og arktiske dyreliv p\u00e5 en af \u200b\u200bGr\u00f8nlands st\u00f8rste destinationer - rejs til UNESCO-stedet Ilulissat Icefjord.\",\"breadcrumb\":{\"@id\":\"https:\/\/guidetogreenland.com\/da\/reserver-ferie-rejser\/flightseeing-over-unesco-isfjorden-ilulissat-diskobugten\/#breadcrumb\"},\"inLanguage\":\"da-DK\",\"potentialAction\":[{\"@type\":\"ReadAction\",\"target\":[\"https:\/\/guidetogreenland.com\/da\/reserver-ferie-rejser\/flightseeing-over-unesco-isfjorden-ilulissat-diskobugten\/\"]}]},{\"@type\":\"ImageObject\",\"inLanguage\":\"da-DK\",\"@id\":\"https:\/\/guidetogreenland.com\/da\/reserver-ferie-rejser\/flightseeing-over-unesco-isfjorden-ilulissat-diskobugten\/#primaryimage\",\"url\":\"https:\/\/guidetogreenland.com\/wp-content\/uploads\/2020\/05\/glacier-adventure-flightseeing-ilulissat-disko-bay-Guide-to-Greenland1.jpg\",\"contentUrl\":\"https:\/\/guidetogreenland.com\/wp-content\/uploads\/2020\/05\/glacier-adventure-flightseeing-ilulissat-disko-bay-Guide-to-Greenland1.jpg\",\"width\":798,\"height\":531},{\"@type\":\"BreadcrumbList\",\"@id\":\"https:\/\/guidetogreenland.com\/da\/reserver-ferie-rejser\/flightseeing-over-unesco-isfjorden-ilulissat-diskobugten\/#breadcrumb\",\"itemListElement\":[{\"@type\":\"ListItem\",\"position\":1,\"name\":\"Home\",\"item\":\"https:\/\/guidetogreenland.com\/da\/\"},{\"@type\":\"ListItem\",\"position\":2,\"name\":\"Se alle ture\",\"item\":\"https:\/\/guidetogreenland.com\/da\/reserver-ferie-rejser\/\"},{\"@type\":\"ListItem\",\"position\":3,\"name\":\"Flightseeing over UNESCO Isfjorden | Ilulissat | Diskobugten\"}]},{\"@type\":\"WebSite\",\"@id\":\"https:\/\/guidetogreenland.com\/da\/#website\",\"url\":\"https:\/\/guidetogreenland.com\/da\/\",\"name\":\"Guide to Greenland\",\"description\":\"Largest selection of tours in Greenland\",\"potentialAction\":[{\"@type\":\"SearchAction\",\"target\":{\"@type\":\"EntryPoint\",\"urlTemplate\":\"https:\/\/guidetogreenland.com\/da\/?s={search_term_string}\"},\"query-input\":{\"@type\":\"PropertyValueSpecification\",\"valueRequired\":true,\"valueName\":\"search_term_string\"}}],\"inLanguage\":\"da-DK\"}]}<\/script>\n<!-- \/ Yoast SEO plugin. -->","yoast_head_json":{"title":"Flightseeing over UNESCO Isfjorden | Ilulissat | Diskobugten | Guide to Greenland","description":"Flyv over gletschere, isbjerge og arktiske dyreliv p\u00e5 en af \u200b\u200bGr\u00f8nlands st\u00f8rste destinationer - rejs til UNESCO-stedet Ilulissat Icefjord.","robots":{"index":"index","follow":"follow","max-snippet":"max-snippet:-1","max-image-preview":"max-image-preview:large","max-video-preview":"max-video-preview:-1"},"canonical":"https:\/\/guidetogreenland.com\/da\/reserver-ferie-rejser\/flightseeing-over-unesco-isfjorden-ilulissat-diskobugten\/","og_locale":"da_DK","og_type":"article","og_title":"Flightseeing over UNESCO Isfjorden | Ilulissat | Diskobugten | Guide to Greenland","og_description":"Flyv over gletschere, isbjerge og arktiske dyreliv p\u00e5 en af \u200b\u200bGr\u00f8nlands st\u00f8rste destinationer - rejs til UNESCO-stedet Ilulissat Icefjord.","og_url":"https:\/\/guidetogreenland.com\/da\/reserver-ferie-rejser\/flightseeing-over-unesco-isfjorden-ilulissat-diskobugten\/","og_site_name":"Guide to Greenland","article_modified_time":"2026-03-08T13:27:14+00:00","og_image":[{"width":798,"height":531,"url":"https:\/\/guidetogreenland.com\/wp-content\/uploads\/2020\/05\/glacier-adventure-flightseeing-ilulissat-disko-bay-Guide-to-Greenland1.jpg","type":"image\/jpeg"}],"twitter_card":"summary_large_image","twitter_misc":{"Estimeret l\u00e6setid":"2 minutter"},"schema":{"@context":"https:\/\/schema.org","@graph":[{"@type":"WebPage","@id":"https:\/\/guidetogreenland.com\/da\/reserver-ferie-rejser\/flightseeing-over-unesco-isfjorden-ilulissat-diskobugten\/","url":"https:\/\/guidetogreenland.com\/da\/reserver-ferie-rejser\/flightseeing-over-unesco-isfjorden-ilulissat-diskobugten\/","name":"Flightseeing over UNESCO Isfjorden | Ilulissat | Diskobugten | Guide to Greenland","isPartOf":{"@id":"https:\/\/guidetogreenland.com\/da\/#website"},"primaryImageOfPage":{"@id":"https:\/\/guidetogreenland.com\/da\/reserver-ferie-rejser\/flightseeing-over-unesco-isfjorden-ilulissat-diskobugten\/#primaryimage"},"image":{"@id":"https:\/\/guidetogreenland.com\/da\/reserver-ferie-rejser\/flightseeing-over-unesco-isfjorden-ilulissat-diskobugten\/#primaryimage"},"thumbnailUrl":"https:\/\/guidetogreenland.com\/wp-content\/uploads\/2020\/05\/glacier-adventure-flightseeing-ilulissat-disko-bay-Guide-to-Greenland1.jpg","datePublished":"2020-05-13T10:52:20+00:00","dateModified":"2026-03-08T13:27:14+00:00","description":"Flyv over gletschere, isbjerge og arktiske dyreliv p\u00e5 en af \u200b\u200bGr\u00f8nlands st\u00f8rste destinationer - rejs til UNESCO-stedet Ilulissat Icefjord.","breadcrumb":{"@id":"https:\/\/guidetogreenland.com\/da\/reserver-ferie-rejser\/flightseeing-over-unesco-isfjorden-ilulissat-diskobugten\/#breadcrumb"},"inLanguage":"da-DK","potentialAction":[{"@type":"ReadAction","target":["https:\/\/guidetogreenland.com\/da\/reserver-ferie-rejser\/flightseeing-over-unesco-isfjorden-ilulissat-diskobugten\/"]}]},{"@type":"ImageObject","inLanguage":"da-DK","@id":"https:\/\/guidetogreenland.com\/da\/reserver-ferie-rejser\/flightseeing-over-unesco-isfjorden-ilulissat-diskobugten\/#primaryimage","url":"https:\/\/guidetogreenland.com\/wp-content\/uploads\/2020\/05\/glacier-adventure-flightseeing-ilulissat-disko-bay-Guide-to-Greenland1.jpg","contentUrl":"https:\/\/guidetogreenland.com\/wp-content\/uploads\/2020\/05\/glacier-adventure-flightseeing-ilulissat-disko-bay-Guide-to-Greenland1.jpg","width":798,"height":531},{"@type":"BreadcrumbList","@id":"https:\/\/guidetogreenland.com\/da\/reserver-ferie-rejser\/flightseeing-over-unesco-isfjorden-ilulissat-diskobugten\/#breadcrumb","itemListElement":[{"@type":"ListItem","position":1,"name":"Home","item":"https:\/\/guidetogreenland.com\/da\/"},{"@type":"ListItem","position":2,"name":"Se alle ture","item":"https:\/\/guidetogreenland.com\/da\/reserver-ferie-rejser\/"},{"@type":"ListItem","position":3,"name":"Flightseeing over UNESCO Isfjorden | Ilulissat | Diskobugten"}]},{"@type":"WebSite","@id":"https:\/\/guidetogreenland.com\/da\/#website","url":"https:\/\/guidetogreenland.com\/da\/","name":"Guide to Greenland","description":"Largest selection of tours in Greenland","potentialAction":[{"@type":"SearchAction","target":{"@type":"EntryPoint","urlTemplate":"https:\/\/guidetogreenland.com\/da\/?s={search_term_string}"},"query-input":{"@type":"PropertyValueSpecification","valueRequired":true,"valueName":"search_term_string"}}],"inLanguage":"da-DK"}]}},"_links":{"self":[{"href":"https:\/\/guidetogreenland.com\/da\/wp-json\/wp\/v2\/product\/13267","targetHints":{"allow":["GET"]}}],"collection":[{"href":"https:\/\/guidetogreenland.com\/da\/wp-json\/wp\/v2\/product"}],"about":[{"href":"https:\/\/guidetogreenland.com\/da\/wp-json\/wp\/v2\/types\/product"}],"replies":[{"embeddable":true,"href":"https:\/\/guidetogreenland.com\/da\/wp-json\/wp\/v2\/comments?post=13267"}],"wp:featuredmedia":[{"embeddable":true,"href":"https:\/\/guidetogreenland.com\/da\/wp-json\/wp\/v2\/media\/13268"}],"wp:attachment":[{"href":"https:\/\/guidetogreenland.com\/da\/wp-json\/wp\/v2\/media?parent=13267"}],"wp:term":[{"taxonomy":"product_brand","embeddable":true,"href":"https:\/\/guidetogreenland.com\/da\/wp-json\/wp\/v2\/product_brand?post=13267"},{"taxonomy":"product_cat","embeddable":true,"href":"https:\/\/guidetogreenland.com\/da\/wp-json\/wp\/v2\/product_cat?post=13267"},{"taxonomy":"product_tag","embeddable":true,"href":"https:\/\/guidetogreenland.com\/da\/wp-json\/wp\/v2\/product_tag?post=13267"}],"curies":[{"name":"wp","href":"https:\/\/api.w.org\/{rel}","templated":true}]}}