{"id":13270,"date":"2020-05-12T16:23:39","date_gmt":"2020-05-12T16:23:39","guid":{"rendered":"https:\/\/guidetogreenland.com\/book-trips-holiday\/glacier-cruise-qaqortoq-south-greenland\/"},"modified":"2020-11-21T03:28:20","modified_gmt":"2020-11-21T03:28:20","slug":"glacier-cruise-qaqortoq-south-greenland","status":"publish","type":"product","link":"https:\/\/guidetogreenland.com\/da\/reserver-ferie-rejser\/gletsjer-cruise-qaqortoq-sydgronland\/","title":{"rendered":"Gletsjer Cruise | Qaqortoq | Sydgr\u00f8nland"},"content":{"rendered":"<p class=\"x-18pep25\">Oplev Sydgr\u00f8nlands arktiske vidundere, p\u00e5 dette 4-timers gletsjer cruise til Qalerallit imaa fjord! P\u00e5 denne tur, vil du rejse 80 kilometer nord for Qaqortoq, sejle mellem isbjerge og se en gletsjergren af Indlandsisen.<\/p>\n<p class=\"e1imf5dp0 x-jm2771\">P\u00e5 Qaqortoq havn, bliver du budt velkommen af en lokal kaptajn, der vil s\u00f8rge for at du kommer sikkert til Qalerallit imaa. N\u00e5r du har if\u00f8rt dig en redningsvest, kan du g\u00e5 ombord og kaptajnen kan omsider, s\u00e6tte kursen mod fjorden. Undervejs, vil du kunne opleve frodige Sydgr\u00f8nlandske landskaber og rejsende isbjerge. Det er muligt at se hvaler og s\u00e6ler, s\u00e5 hold godt \u00f8je mellem b<span class=\"x-12abj6v e1uuu2lt3\">\u00f8lgerne!<\/span><\/p>\n<p class=\"e1imf5dp0 x-jm2771\"><span class=\"x-12abj6v e1uuu2lt3\">Qalerallit Imaa fjorden, har tre aktive gletsjer forgreninger af Indlands isen, der alle k\u00e6lver smukke isbjerge \u2013 havets m\u00f8rke farver mod de bl\u00e5 og hvide nuancerede isbjerge, skaber et unikt landskab. I fjorden, vil du kunne se store fugle kolonier og opleve en fantastisk stilhed, af og til afbrudt af k\u00e6lvende isbjerge.\u00a0<\/span><\/p>\n<p class=\"e1imf5dp0 x-jm2771\"><span class=\"x-12abj6v e1uuu2lt3\">Kaptajnen sejler b\u00e5den ind imellem isbjergene, s\u00e5 du er sikret den bedste udsigt over en af de tre gletsjere. Ved ankomst til gletsjeren, slukker kaptajnen motoren, s\u00e5 du kan nyde synet af gletsjeren, de omgivende isbjerge og lyden af smeltene is. Hvis du er heldig, vil du kunne opleve det dramatiske, men fantastiske syn af et k\u00e6lvende isbjerg. \u00a0Kaptajnen vil fort\u00e6lle om livet som sejler, i verdenshistoriens st\u00f8rste klimakrise, og hvordan det har p\u00e5virket ham og hans erhverv.<\/span><\/p>\n<p class=\"e1imf5dp0 x-jm2771\"><span class=\"x-12abj6v e1uuu2lt3\">Oplev \u00e9t af Sydgr\u00f8nlands vildeste naturf\u00e6nomener, med dette gletsjer cruise til Qalerallit imaa, og se en gletsjer forgrening af indlandsisen med dine egne \u00f8jne! Tryk p\u00e5 \u2019V\u00e6lg en dato\u2019 ovenfor, for at se turens tilg\u00e6ngelighed.<\/span><\/p>\n","protected":false},"excerpt":{"rendered":"Oplev Sydgr\u00f8nlands arktiske vidundere, p\u00e5 dette 4-timers gletsjer cruise til Qalerallit imaa fjord! P\u00e5 denne tur, vil du rejse 80 kilometer nord for Qaqortoq, sejle mellem isbjerge og se en gletsjergren af Indlandsisen. P\u00e5 Qaqortoq havn, bliver du budt velkommen af en lokal kaptajn, der vil s\u00f8rge for at du kommer sikkert til Qalerallit imaa&#8230;.","protected":false},"featured_media":13272,"comment_status":"open","ping_status":"closed","template":"","meta":[],"product_brand":[],"product_cat":[594,605,614,692,612,593,632,634],"product_tag":[932],"class_list":{"0":"post-13270","1":"product","2":"type-product","3":"status-publish","4":"has-post-thumbnail","6":"product_cat-baadture","7":"product_cat-dagsture-om-sommeren","8":"product_cat-gletsjer-og-indlandsisen","9":"product_cat-iceberg-icefjord-tours","10":"product_cat-natur-og-dyreliv-i-groenland","11":"product_cat-oplevelser-i-groenland","12":"product_cat-sydgroenland","13":"product_cat-ture-for-krydstogtgaester","14":"product_tag-qaqortoq-da","15":"pa_activities-baadtur","16":"pa_activities-gletscher-udsigt","17":"pa_activities-isbjerg-udsigt","18":"pa_available-month-juni","19":"pa_available-month-juli","20":"pa_available-month-august","21":"pa_destinations-qaqortoq","22":"pa_difficulty-let","23":"pa_duration-4-timer","24":"pa_tour-type-dagsture","26":"first","27":"instock","28":"sold-individually","29":"shipping-taxable","30":"purchasable","31":"product-type-booking"},"acf":[],"yoast_head":"<!-- This site is optimized with the Yoast SEO plugin v25.6 - https:\/\/yoast.com\/wordpress\/plugins\/seo\/ -->\n<title>Gletsjer Cruise | Qaqortoq | Sydgr\u00f8nland | Guide to Greenland<\/title>\n<meta name=\"robots\" content=\"index, follow, max-snippet:-1, max-image-preview:large, max-video-preview:-1\" \/>\n<link rel=\"canonical\" href=\"https:\/\/guidetogreenland.com\/da\/reserver-ferie-rejser\/gletsjer-cruise-qaqortoq-sydgronland\/\" \/>\n<meta property=\"og:locale\" content=\"da_DK\" \/>\n<meta property=\"og:type\" content=\"article\" \/>\n<meta property=\"og:title\" content=\"Gletsjer Cruise | Qaqortoq | Sydgr\u00f8nland | Guide to Greenland\" \/>\n<meta property=\"og:description\" content=\"Oplev Sydgr\u00f8nlands arktiske vidundere, p\u00e5 dette 4-timers gletsjer cruise til Qalerallit imaa fjord! P\u00e5 denne tur, vil du rejse 80 kilometer nord for Qaqortoq, sejle mellem isbjerge og se en gletsjergren af Indlandsisen. P\u00e5 Qaqortoq havn, bliver du budt velkommen af en lokal kaptajn, der vil s\u00f8rge for at du kommer sikkert til Qalerallit imaa....\" \/>\n<meta property=\"og:url\" content=\"https:\/\/guidetogreenland.com\/da\/reserver-ferie-rejser\/gletsjer-cruise-qaqortoq-sydgronland\/\" \/>\n<meta property=\"og:site_name\" content=\"Guide to Greenland\" \/>\n<meta property=\"article:modified_time\" content=\"2020-11-21T03:28:20+00:00\" \/>\n<meta property=\"og:image\" content=\"https:\/\/guidetogreenland.com\/wp-content\/uploads\/2020\/05\/glacier-cruise-qaqortoq-south-greenland-Guide-to-Greenland7.jpg\" \/>\n\t<meta property=\"og:image:width\" content=\"926\" \/>\n\t<meta property=\"og:image:height\" content=\"1160\" \/>\n\t<meta property=\"og:image:type\" content=\"image\/jpeg\" \/>\n<meta name=\"twitter:card\" content=\"summary_large_image\" \/>\n<meta name=\"twitter:label1\" content=\"Estimeret l\u00e6setid\" \/>\n\t<meta name=\"twitter:data1\" content=\"1 minut\" \/>\n<script type=\"application\/ld+json\" class=\"yoast-schema-graph\">{\"@context\":\"https:\/\/schema.org\",\"@graph\":[{\"@type\":\"WebPage\",\"@id\":\"https:\/\/guidetogreenland.com\/da\/reserver-ferie-rejser\/gletsjer-cruise-qaqortoq-sydgronland\/\",\"url\":\"https:\/\/guidetogreenland.com\/da\/reserver-ferie-rejser\/gletsjer-cruise-qaqortoq-sydgronland\/\",\"name\":\"Gletsjer Cruise | Qaqortoq | Sydgr\u00f8nland | Guide to Greenland\",\"isPartOf\":{\"@id\":\"https:\/\/guidetogreenland.com\/da\/#website\"},\"primaryImageOfPage\":{\"@id\":\"https:\/\/guidetogreenland.com\/da\/reserver-ferie-rejser\/gletsjer-cruise-qaqortoq-sydgronland\/#primaryimage\"},\"image\":{\"@id\":\"https:\/\/guidetogreenland.com\/da\/reserver-ferie-rejser\/gletsjer-cruise-qaqortoq-sydgronland\/#primaryimage\"},\"thumbnailUrl\":\"https:\/\/guidetogreenland.com\/wp-content\/uploads\/2020\/05\/glacier-cruise-qaqortoq-south-greenland-Guide-to-Greenland7.jpg\",\"datePublished\":\"2020-05-12T16:23:39+00:00\",\"dateModified\":\"2020-11-21T03:28:20+00:00\",\"breadcrumb\":{\"@id\":\"https:\/\/guidetogreenland.com\/da\/reserver-ferie-rejser\/gletsjer-cruise-qaqortoq-sydgronland\/#breadcrumb\"},\"inLanguage\":\"da-DK\",\"potentialAction\":[{\"@type\":\"ReadAction\",\"target\":[\"https:\/\/guidetogreenland.com\/da\/reserver-ferie-rejser\/gletsjer-cruise-qaqortoq-sydgronland\/\"]}]},{\"@type\":\"ImageObject\",\"inLanguage\":\"da-DK\",\"@id\":\"https:\/\/guidetogreenland.com\/da\/reserver-ferie-rejser\/gletsjer-cruise-qaqortoq-sydgronland\/#primaryimage\",\"url\":\"https:\/\/guidetogreenland.com\/wp-content\/uploads\/2020\/05\/glacier-cruise-qaqortoq-south-greenland-Guide-to-Greenland7.jpg\",\"contentUrl\":\"https:\/\/guidetogreenland.com\/wp-content\/uploads\/2020\/05\/glacier-cruise-qaqortoq-south-greenland-Guide-to-Greenland7.jpg\",\"width\":926,\"height\":1160},{\"@type\":\"BreadcrumbList\",\"@id\":\"https:\/\/guidetogreenland.com\/da\/reserver-ferie-rejser\/gletsjer-cruise-qaqortoq-sydgronland\/#breadcrumb\",\"itemListElement\":[{\"@type\":\"ListItem\",\"position\":1,\"name\":\"Home\",\"item\":\"https:\/\/guidetogreenland.com\/da\/\"},{\"@type\":\"ListItem\",\"position\":2,\"name\":\"Se alle ture\",\"item\":\"https:\/\/guidetogreenland.com\/da\/reserver-ferie-rejser\/\"},{\"@type\":\"ListItem\",\"position\":3,\"name\":\"Gletsjer Cruise | Qaqortoq | Sydgr\u00f8nland\"}]},{\"@type\":\"WebSite\",\"@id\":\"https:\/\/guidetogreenland.com\/da\/#website\",\"url\":\"https:\/\/guidetogreenland.com\/da\/\",\"name\":\"Guide to Greenland\",\"description\":\"Largest selection of tours in Greenland\",\"potentialAction\":[{\"@type\":\"SearchAction\",\"target\":{\"@type\":\"EntryPoint\",\"urlTemplate\":\"https:\/\/guidetogreenland.com\/da\/?s={search_term_string}\"},\"query-input\":{\"@type\":\"PropertyValueSpecification\",\"valueRequired\":true,\"valueName\":\"search_term_string\"}}],\"inLanguage\":\"da-DK\"}]}<\/script>\n<!-- \/ Yoast SEO plugin. -->","yoast_head_json":{"title":"Gletsjer Cruise | Qaqortoq | Sydgr\u00f8nland | Guide to Greenland","robots":{"index":"index","follow":"follow","max-snippet":"max-snippet:-1","max-image-preview":"max-image-preview:large","max-video-preview":"max-video-preview:-1"},"canonical":"https:\/\/guidetogreenland.com\/da\/reserver-ferie-rejser\/gletsjer-cruise-qaqortoq-sydgronland\/","og_locale":"da_DK","og_type":"article","og_title":"Gletsjer Cruise | Qaqortoq | Sydgr\u00f8nland | Guide to Greenland","og_description":"Oplev Sydgr\u00f8nlands arktiske vidundere, p\u00e5 dette 4-timers gletsjer cruise til Qalerallit imaa fjord! P\u00e5 denne tur, vil du rejse 80 kilometer nord for Qaqortoq, sejle mellem isbjerge og se en gletsjergren af Indlandsisen. P\u00e5 Qaqortoq havn, bliver du budt velkommen af en lokal kaptajn, der vil s\u00f8rge for at du kommer sikkert til Qalerallit imaa....","og_url":"https:\/\/guidetogreenland.com\/da\/reserver-ferie-rejser\/gletsjer-cruise-qaqortoq-sydgronland\/","og_site_name":"Guide to Greenland","article_modified_time":"2020-11-21T03:28:20+00:00","og_image":[{"width":926,"height":1160,"url":"https:\/\/guidetogreenland.com\/wp-content\/uploads\/2020\/05\/glacier-cruise-qaqortoq-south-greenland-Guide-to-Greenland7.jpg","type":"image\/jpeg"}],"twitter_card":"summary_large_image","twitter_misc":{"Estimeret l\u00e6setid":"1 minut"},"schema":{"@context":"https:\/\/schema.org","@graph":[{"@type":"WebPage","@id":"https:\/\/guidetogreenland.com\/da\/reserver-ferie-rejser\/gletsjer-cruise-qaqortoq-sydgronland\/","url":"https:\/\/guidetogreenland.com\/da\/reserver-ferie-rejser\/gletsjer-cruise-qaqortoq-sydgronland\/","name":"Gletsjer Cruise | Qaqortoq | Sydgr\u00f8nland | Guide to Greenland","isPartOf":{"@id":"https:\/\/guidetogreenland.com\/da\/#website"},"primaryImageOfPage":{"@id":"https:\/\/guidetogreenland.com\/da\/reserver-ferie-rejser\/gletsjer-cruise-qaqortoq-sydgronland\/#primaryimage"},"image":{"@id":"https:\/\/guidetogreenland.com\/da\/reserver-ferie-rejser\/gletsjer-cruise-qaqortoq-sydgronland\/#primaryimage"},"thumbnailUrl":"https:\/\/guidetogreenland.com\/wp-content\/uploads\/2020\/05\/glacier-cruise-qaqortoq-south-greenland-Guide-to-Greenland7.jpg","datePublished":"2020-05-12T16:23:39+00:00","dateModified":"2020-11-21T03:28:20+00:00","breadcrumb":{"@id":"https:\/\/guidetogreenland.com\/da\/reserver-ferie-rejser\/gletsjer-cruise-qaqortoq-sydgronland\/#breadcrumb"},"inLanguage":"da-DK","potentialAction":[{"@type":"ReadAction","target":["https:\/\/guidetogreenland.com\/da\/reserver-ferie-rejser\/gletsjer-cruise-qaqortoq-sydgronland\/"]}]},{"@type":"ImageObject","inLanguage":"da-DK","@id":"https:\/\/guidetogreenland.com\/da\/reserver-ferie-rejser\/gletsjer-cruise-qaqortoq-sydgronland\/#primaryimage","url":"https:\/\/guidetogreenland.com\/wp-content\/uploads\/2020\/05\/glacier-cruise-qaqortoq-south-greenland-Guide-to-Greenland7.jpg","contentUrl":"https:\/\/guidetogreenland.com\/wp-content\/uploads\/2020\/05\/glacier-cruise-qaqortoq-south-greenland-Guide-to-Greenland7.jpg","width":926,"height":1160},{"@type":"BreadcrumbList","@id":"https:\/\/guidetogreenland.com\/da\/reserver-ferie-rejser\/gletsjer-cruise-qaqortoq-sydgronland\/#breadcrumb","itemListElement":[{"@type":"ListItem","position":1,"name":"Home","item":"https:\/\/guidetogreenland.com\/da\/"},{"@type":"ListItem","position":2,"name":"Se alle ture","item":"https:\/\/guidetogreenland.com\/da\/reserver-ferie-rejser\/"},{"@type":"ListItem","position":3,"name":"Gletsjer Cruise | Qaqortoq | Sydgr\u00f8nland"}]},{"@type":"WebSite","@id":"https:\/\/guidetogreenland.com\/da\/#website","url":"https:\/\/guidetogreenland.com\/da\/","name":"Guide to Greenland","description":"Largest selection of tours in Greenland","potentialAction":[{"@type":"SearchAction","target":{"@type":"EntryPoint","urlTemplate":"https:\/\/guidetogreenland.com\/da\/?s={search_term_string}"},"query-input":{"@type":"PropertyValueSpecification","valueRequired":true,"valueName":"search_term_string"}}],"inLanguage":"da-DK"}]}},"_links":{"self":[{"href":"https:\/\/guidetogreenland.com\/da\/wp-json\/wp\/v2\/product\/13270","targetHints":{"allow":["GET"]}}],"collection":[{"href":"https:\/\/guidetogreenland.com\/da\/wp-json\/wp\/v2\/product"}],"about":[{"href":"https:\/\/guidetogreenland.com\/da\/wp-json\/wp\/v2\/types\/product"}],"replies":[{"embeddable":true,"href":"https:\/\/guidetogreenland.com\/da\/wp-json\/wp\/v2\/comments?post=13270"}],"wp:featuredmedia":[{"embeddable":true,"href":"https:\/\/guidetogreenland.com\/da\/wp-json\/wp\/v2\/media\/13272"}],"wp:attachment":[{"href":"https:\/\/guidetogreenland.com\/da\/wp-json\/wp\/v2\/media?parent=13270"}],"wp:term":[{"taxonomy":"product_brand","embeddable":true,"href":"https:\/\/guidetogreenland.com\/da\/wp-json\/wp\/v2\/product_brand?post=13270"},{"taxonomy":"product_cat","embeddable":true,"href":"https:\/\/guidetogreenland.com\/da\/wp-json\/wp\/v2\/product_cat?post=13270"},{"taxonomy":"product_tag","embeddable":true,"href":"https:\/\/guidetogreenland.com\/da\/wp-json\/wp\/v2\/product_tag?post=13270"}],"curies":[{"name":"wp","href":"https:\/\/api.w.org\/{rel}","templated":true}]}}