{"id":13282,"date":"2020-05-13T11:53:33","date_gmt":"2020-05-13T11:53:33","guid":{"rendered":"https:\/\/guidetogreenland.com\/book-trips-holiday\/grand-sightseeing-adventure-kangerlussuaq-west-greenland\/"},"modified":"2023-06-02T14:54:15","modified_gmt":"2023-06-02T17:54:15","slug":"grand-sightseeing-adventure-kangerlussuaq-west-greenland","status":"publish","type":"product","link":"https:\/\/guidetogreenland.com\/da\/reserver-ferie-rejser\/ultimativt-sightseeing-eventyr-kangerlussuaq-vestgronland\/","title":{"rendered":"Ultimativt Sightseeing Eventyr | Kangerlussuaq | Vestgr\u00f8nland"},"content":{"rendered":"<p class=\"x-18pep25\">Vil du gerne opleve det bedste af Kangerlussuaq og alt den har at tilbyde? S\u00e5 er denne tur lige noget for dig. Oplev kystlinjen og se den smukke fjord og lugten af den friske havbrise med en baggrund af landskab der kan sammenlignes med en \u00f8rken, med bakker og udsk\u00e6rringer fra hvor den massive indlandsis engang har ligget.<\/p>\n<p class=\"e1imf5dp0 x-jm2771\">Denne tur tager dig op langs de lange grosveje op til den kendte Kelly Ville, som g\u00e5r ved navnet Sondrestrom Upper Atmospheric Research Facility placeret 12 kilometer fra Kangerlussuaq lufthavn. Stedet bliver drevet af International Center for Geospace studies og blev etabler<span class=\"x-12abj6v e1uuu2lt3\">et under anden verdenskrig i 1983. Her vil du f\u00e5 en rundvisning indenfor og l\u00e6re om dens funktioner og hvad den bliver brugt til i dag. Efter bes\u00f8get i Kelly Ville forts\u00e6tter vi med en k\u00f8retur op til Tacan bjerget hvor der vil v\u00e6re mulighed for at f\u00e5 en uds\u00f8gt udsigt over en saltvands-s\u00f8 kort efterfulgt af turen til fugle bjerget, Blackridge bjerget. Her vil der v\u00e6re rig mulighed for at se en masse forskellige fugle arter der bygger reder langs bjergsiden. Derefter k\u00f8re vi ned til Fergusson floden, som var vand forsyningen til det amerikanske milit\u00e6r, men desv\u00e6rre blev vandet forurenet da Watson floden fl\u00f8d over i 2012. Denne tur er for alle i alle aldre med mange forskellige aktiviteter p\u00e5 denne 2 timers tur gennem det historiske Kangerlussuaq.<\/span><\/p>\n<p class=\"e1imf5dp0 x-jm2771\"><span class=\"x-12abj6v e1uuu2lt3\">Kom med og oplev den autentiske tur og s\u00f8rg for at du har dit kamera med. Se tilg\u00e6ngeligheden ved at trykke p\u00e5 &#8216;V\u00e6lg en dag&#8217; og book din tur i dag.<\/span><\/p>\n","protected":false},"excerpt":{"rendered":"Vil du gerne opleve det bedste af Kangerlussuaq og alt den har at tilbyde? S\u00e5 er denne tur lige noget for dig. Oplev kystlinjen og se den smukke fjord og lugten af den friske havbrise med en baggrund af landskab der kan sammenlignes med en \u00f8rken, med bakker og udsk\u00e6rringer fra hvor den massive indlandsis&#8230;","protected":false},"featured_media":13284,"comment_status":"open","ping_status":"closed","template":"","meta":[],"product_brand":[],"product_cat":[854],"product_tag":[],"class_list":{"0":"post-13282","1":"product","2":"type-product","3":"status-publish","4":"has-post-thumbnail","6":"product_cat-uncategorized-da","7":"pa_available-month-januar","8":"pa_available-month-februar","9":"pa_available-month-marts","10":"pa_available-month-april","11":"pa_available-month-maj","12":"pa_available-month-juni","13":"pa_available-month-juli","14":"pa_available-month-august","15":"pa_available-month-september","16":"pa_available-month-oktober","17":"pa_available-month-november","18":"pa_available-month-december","19":"pa_destinations-kangerlussuaq","20":"pa_difficulty-let","21":"pa_duration-2-timer","22":"pa_tour-type-dagsture","23":"yith_shop_vendor-arctic-ice-tours-da","24":"yith_booking_service-combine-with-sugarloaf-mountain-top-1hr","25":"yith_booking_service-combine-with-waterfall-hike-1-5hr","27":"first","28":"instock","29":"virtual","30":"sold-individually","31":"purchasable","32":"product-type-booking"},"acf":[],"yoast_head":"<!-- This site is optimized with the Yoast SEO plugin v25.6 - https:\/\/yoast.com\/wordpress\/plugins\/seo\/ -->\n<title>Ultimativt Sightseeing Eventyr | Kangerlussuaq | Vestgr\u00f8nland | Guide to Greenland<\/title>\n<meta name=\"description\" content=\"Udforsk omr\u00e5det omkring Kangerlussuaq p\u00e5 denne 2,5 timers udflugt, der tager i videnskab, kultur og natur. Klik for at l\u00e6se mere og book.\" \/>\n<meta name=\"robots\" content=\"index, follow, max-snippet:-1, max-image-preview:large, max-video-preview:-1\" \/>\n<link rel=\"canonical\" href=\"https:\/\/guidetogreenland.com\/da\/reserver-ferie-rejser\/ultimativt-sightseeing-eventyr-kangerlussuaq-vestgronland\/\" \/>\n<meta property=\"og:locale\" content=\"da_DK\" \/>\n<meta property=\"og:type\" content=\"article\" \/>\n<meta property=\"og:title\" content=\"Ultimativt Sightseeing Eventyr | Kangerlussuaq | Vestgr\u00f8nland | Guide to Greenland\" \/>\n<meta property=\"og:description\" content=\"Udforsk omr\u00e5det omkring Kangerlussuaq p\u00e5 denne 2,5 timers udflugt, der tager i videnskab, kultur og natur. Klik for at l\u00e6se mere og book.\" \/>\n<meta property=\"og:url\" content=\"https:\/\/guidetogreenland.com\/da\/reserver-ferie-rejser\/ultimativt-sightseeing-eventyr-kangerlussuaq-vestgronland\/\" \/>\n<meta property=\"og:site_name\" content=\"Guide to Greenland\" \/>\n<meta property=\"article:modified_time\" content=\"2023-06-02T17:54:15+00:00\" \/>\n<meta property=\"og:image\" content=\"https:\/\/guidetogreenland.com\/wp-content\/uploads\/2020\/05\/grand-sightseeing-adventure-kangerlussuaq-west-greenland-8-Guide-to-Greenland-2.jpg\" \/>\n\t<meta property=\"og:image:width\" content=\"926\" \/>\n\t<meta property=\"og:image:height\" content=\"617\" \/>\n\t<meta property=\"og:image:type\" content=\"image\/jpeg\" \/>\n<meta name=\"twitter:card\" content=\"summary_large_image\" \/>\n<meta name=\"twitter:label1\" content=\"Estimeret l\u00e6setid\" \/>\n\t<meta name=\"twitter:data1\" content=\"1 minut\" \/>\n<script type=\"application\/ld+json\" class=\"yoast-schema-graph\">{\"@context\":\"https:\/\/schema.org\",\"@graph\":[{\"@type\":\"WebPage\",\"@id\":\"https:\/\/guidetogreenland.com\/da\/reserver-ferie-rejser\/ultimativt-sightseeing-eventyr-kangerlussuaq-vestgronland\/\",\"url\":\"https:\/\/guidetogreenland.com\/da\/reserver-ferie-rejser\/ultimativt-sightseeing-eventyr-kangerlussuaq-vestgronland\/\",\"name\":\"Ultimativt Sightseeing Eventyr | Kangerlussuaq | Vestgr\u00f8nland | Guide to Greenland\",\"isPartOf\":{\"@id\":\"https:\/\/guidetogreenland.com\/da\/#website\"},\"primaryImageOfPage\":{\"@id\":\"https:\/\/guidetogreenland.com\/da\/reserver-ferie-rejser\/ultimativt-sightseeing-eventyr-kangerlussuaq-vestgronland\/#primaryimage\"},\"image\":{\"@id\":\"https:\/\/guidetogreenland.com\/da\/reserver-ferie-rejser\/ultimativt-sightseeing-eventyr-kangerlussuaq-vestgronland\/#primaryimage\"},\"thumbnailUrl\":\"https:\/\/guidetogreenland.com\/wp-content\/uploads\/2020\/05\/grand-sightseeing-adventure-kangerlussuaq-west-greenland-8-Guide-to-Greenland-2.jpg\",\"datePublished\":\"2020-05-13T11:53:33+00:00\",\"dateModified\":\"2023-06-02T17:54:15+00:00\",\"description\":\"Udforsk omr\u00e5det omkring Kangerlussuaq p\u00e5 denne 2,5 timers udflugt, der tager i videnskab, kultur og natur. Klik for at l\u00e6se mere og book.\",\"breadcrumb\":{\"@id\":\"https:\/\/guidetogreenland.com\/da\/reserver-ferie-rejser\/ultimativt-sightseeing-eventyr-kangerlussuaq-vestgronland\/#breadcrumb\"},\"inLanguage\":\"da-DK\",\"potentialAction\":[{\"@type\":\"ReadAction\",\"target\":[\"https:\/\/guidetogreenland.com\/da\/reserver-ferie-rejser\/ultimativt-sightseeing-eventyr-kangerlussuaq-vestgronland\/\"]}]},{\"@type\":\"ImageObject\",\"inLanguage\":\"da-DK\",\"@id\":\"https:\/\/guidetogreenland.com\/da\/reserver-ferie-rejser\/ultimativt-sightseeing-eventyr-kangerlussuaq-vestgronland\/#primaryimage\",\"url\":\"https:\/\/guidetogreenland.com\/wp-content\/uploads\/2020\/05\/grand-sightseeing-adventure-kangerlussuaq-west-greenland-8-Guide-to-Greenland-2.jpg\",\"contentUrl\":\"https:\/\/guidetogreenland.com\/wp-content\/uploads\/2020\/05\/grand-sightseeing-adventure-kangerlussuaq-west-greenland-8-Guide-to-Greenland-2.jpg\",\"width\":926,\"height\":617},{\"@type\":\"BreadcrumbList\",\"@id\":\"https:\/\/guidetogreenland.com\/da\/reserver-ferie-rejser\/ultimativt-sightseeing-eventyr-kangerlussuaq-vestgronland\/#breadcrumb\",\"itemListElement\":[{\"@type\":\"ListItem\",\"position\":1,\"name\":\"Home\",\"item\":\"https:\/\/guidetogreenland.com\/da\/\"},{\"@type\":\"ListItem\",\"position\":2,\"name\":\"Se alle ture\",\"item\":\"https:\/\/guidetogreenland.com\/da\/reserver-ferie-rejser\/\"},{\"@type\":\"ListItem\",\"position\":3,\"name\":\"Ultimativt Sightseeing Eventyr | Kangerlussuaq | Vestgr\u00f8nland\"}]},{\"@type\":\"WebSite\",\"@id\":\"https:\/\/guidetogreenland.com\/da\/#website\",\"url\":\"https:\/\/guidetogreenland.com\/da\/\",\"name\":\"Guide to Greenland\",\"description\":\"Largest selection of tours in Greenland\",\"potentialAction\":[{\"@type\":\"SearchAction\",\"target\":{\"@type\":\"EntryPoint\",\"urlTemplate\":\"https:\/\/guidetogreenland.com\/da\/?s={search_term_string}\"},\"query-input\":{\"@type\":\"PropertyValueSpecification\",\"valueRequired\":true,\"valueName\":\"search_term_string\"}}],\"inLanguage\":\"da-DK\"}]}<\/script>\n<!-- \/ Yoast SEO plugin. -->","yoast_head_json":{"title":"Ultimativt Sightseeing Eventyr | Kangerlussuaq | Vestgr\u00f8nland | Guide to Greenland","description":"Udforsk omr\u00e5det omkring Kangerlussuaq p\u00e5 denne 2,5 timers udflugt, der tager i videnskab, kultur og natur. Klik for at l\u00e6se mere og book.","robots":{"index":"index","follow":"follow","max-snippet":"max-snippet:-1","max-image-preview":"max-image-preview:large","max-video-preview":"max-video-preview:-1"},"canonical":"https:\/\/guidetogreenland.com\/da\/reserver-ferie-rejser\/ultimativt-sightseeing-eventyr-kangerlussuaq-vestgronland\/","og_locale":"da_DK","og_type":"article","og_title":"Ultimativt Sightseeing Eventyr | Kangerlussuaq | Vestgr\u00f8nland | Guide to Greenland","og_description":"Udforsk omr\u00e5det omkring Kangerlussuaq p\u00e5 denne 2,5 timers udflugt, der tager i videnskab, kultur og natur. Klik for at l\u00e6se mere og book.","og_url":"https:\/\/guidetogreenland.com\/da\/reserver-ferie-rejser\/ultimativt-sightseeing-eventyr-kangerlussuaq-vestgronland\/","og_site_name":"Guide to Greenland","article_modified_time":"2023-06-02T17:54:15+00:00","og_image":[{"width":926,"height":617,"url":"https:\/\/guidetogreenland.com\/wp-content\/uploads\/2020\/05\/grand-sightseeing-adventure-kangerlussuaq-west-greenland-8-Guide-to-Greenland-2.jpg","type":"image\/jpeg"}],"twitter_card":"summary_large_image","twitter_misc":{"Estimeret l\u00e6setid":"1 minut"},"schema":{"@context":"https:\/\/schema.org","@graph":[{"@type":"WebPage","@id":"https:\/\/guidetogreenland.com\/da\/reserver-ferie-rejser\/ultimativt-sightseeing-eventyr-kangerlussuaq-vestgronland\/","url":"https:\/\/guidetogreenland.com\/da\/reserver-ferie-rejser\/ultimativt-sightseeing-eventyr-kangerlussuaq-vestgronland\/","name":"Ultimativt Sightseeing Eventyr | Kangerlussuaq | Vestgr\u00f8nland | Guide to Greenland","isPartOf":{"@id":"https:\/\/guidetogreenland.com\/da\/#website"},"primaryImageOfPage":{"@id":"https:\/\/guidetogreenland.com\/da\/reserver-ferie-rejser\/ultimativt-sightseeing-eventyr-kangerlussuaq-vestgronland\/#primaryimage"},"image":{"@id":"https:\/\/guidetogreenland.com\/da\/reserver-ferie-rejser\/ultimativt-sightseeing-eventyr-kangerlussuaq-vestgronland\/#primaryimage"},"thumbnailUrl":"https:\/\/guidetogreenland.com\/wp-content\/uploads\/2020\/05\/grand-sightseeing-adventure-kangerlussuaq-west-greenland-8-Guide-to-Greenland-2.jpg","datePublished":"2020-05-13T11:53:33+00:00","dateModified":"2023-06-02T17:54:15+00:00","description":"Udforsk omr\u00e5det omkring Kangerlussuaq p\u00e5 denne 2,5 timers udflugt, der tager i videnskab, kultur og natur. Klik for at l\u00e6se mere og book.","breadcrumb":{"@id":"https:\/\/guidetogreenland.com\/da\/reserver-ferie-rejser\/ultimativt-sightseeing-eventyr-kangerlussuaq-vestgronland\/#breadcrumb"},"inLanguage":"da-DK","potentialAction":[{"@type":"ReadAction","target":["https:\/\/guidetogreenland.com\/da\/reserver-ferie-rejser\/ultimativt-sightseeing-eventyr-kangerlussuaq-vestgronland\/"]}]},{"@type":"ImageObject","inLanguage":"da-DK","@id":"https:\/\/guidetogreenland.com\/da\/reserver-ferie-rejser\/ultimativt-sightseeing-eventyr-kangerlussuaq-vestgronland\/#primaryimage","url":"https:\/\/guidetogreenland.com\/wp-content\/uploads\/2020\/05\/grand-sightseeing-adventure-kangerlussuaq-west-greenland-8-Guide-to-Greenland-2.jpg","contentUrl":"https:\/\/guidetogreenland.com\/wp-content\/uploads\/2020\/05\/grand-sightseeing-adventure-kangerlussuaq-west-greenland-8-Guide-to-Greenland-2.jpg","width":926,"height":617},{"@type":"BreadcrumbList","@id":"https:\/\/guidetogreenland.com\/da\/reserver-ferie-rejser\/ultimativt-sightseeing-eventyr-kangerlussuaq-vestgronland\/#breadcrumb","itemListElement":[{"@type":"ListItem","position":1,"name":"Home","item":"https:\/\/guidetogreenland.com\/da\/"},{"@type":"ListItem","position":2,"name":"Se alle ture","item":"https:\/\/guidetogreenland.com\/da\/reserver-ferie-rejser\/"},{"@type":"ListItem","position":3,"name":"Ultimativt Sightseeing Eventyr | Kangerlussuaq | Vestgr\u00f8nland"}]},{"@type":"WebSite","@id":"https:\/\/guidetogreenland.com\/da\/#website","url":"https:\/\/guidetogreenland.com\/da\/","name":"Guide to Greenland","description":"Largest selection of tours in Greenland","potentialAction":[{"@type":"SearchAction","target":{"@type":"EntryPoint","urlTemplate":"https:\/\/guidetogreenland.com\/da\/?s={search_term_string}"},"query-input":{"@type":"PropertyValueSpecification","valueRequired":true,"valueName":"search_term_string"}}],"inLanguage":"da-DK"}]}},"_links":{"self":[{"href":"https:\/\/guidetogreenland.com\/da\/wp-json\/wp\/v2\/product\/13282","targetHints":{"allow":["GET"]}}],"collection":[{"href":"https:\/\/guidetogreenland.com\/da\/wp-json\/wp\/v2\/product"}],"about":[{"href":"https:\/\/guidetogreenland.com\/da\/wp-json\/wp\/v2\/types\/product"}],"replies":[{"embeddable":true,"href":"https:\/\/guidetogreenland.com\/da\/wp-json\/wp\/v2\/comments?post=13282"}],"wp:featuredmedia":[{"embeddable":true,"href":"https:\/\/guidetogreenland.com\/da\/wp-json\/wp\/v2\/media\/13284"}],"wp:attachment":[{"href":"https:\/\/guidetogreenland.com\/da\/wp-json\/wp\/v2\/media?parent=13282"}],"wp:term":[{"taxonomy":"product_brand","embeddable":true,"href":"https:\/\/guidetogreenland.com\/da\/wp-json\/wp\/v2\/product_brand?post=13282"},{"taxonomy":"product_cat","embeddable":true,"href":"https:\/\/guidetogreenland.com\/da\/wp-json\/wp\/v2\/product_cat?post=13282"},{"taxonomy":"product_tag","embeddable":true,"href":"https:\/\/guidetogreenland.com\/da\/wp-json\/wp\/v2\/product_tag?post=13282"}],"curies":[{"name":"wp","href":"https:\/\/api.w.org\/{rel}","templated":true}]}}