{"id":13295,"date":"2020-05-13T13:05:46","date_gmt":"2020-05-13T13:05:46","guid":{"rendered":"https:\/\/guidetogreenland.com\/book-trips-holiday\/greenland-icecap-blue-lakes-kangerlussuaq\/"},"modified":"2024-05-15T13:30:54","modified_gmt":"2024-05-15T16:30:54","slug":"greenland-icecap-blue-lakes-kangerlussuaq","status":"publish","type":"product","link":"https:\/\/guidetogreenland.com\/da\/reserver-ferie-rejser\/indlandsisen-natur-kangerlussuaq\/","title":{"rendered":"Indlandsisen &#038; natur | Kangerlussuaq"},"content":{"rendered":"<p class=\"x-18pep25\">Kom med p\u00e5 en fantastisk flyvetur til Indlandsisen og gletsjere ved Kangerlussuaq fjord. Denne tur giver dig muligheden for at se indlandsisen p\u00e5 n\u00e6rt hold og chancen for at se dyrelivet omkring Kangerlussuaq. Turen starter fra den tidligere amerikanske milit\u00e6re luftbase (Bluie west 8), som idag er den st\u00f8rste internationale lufthavn i Gr\u00f8nland &#8211; Kangerlussuaq lufthavn ogs\u00e5 kendt som S\u00f8ndre Str\u00f8mfjord. F\u00f8r afgang vil dygtige pilot orientere dig om den planlagte rute, flyve forhold og chancen for at se rensdyr og flokke af moskus okser. Uanset hvor du sidder i flyet er du garantere<span class=\"x-12abj6v e1uuu2lt3\">t en fantastisk udsigt fra flyets store vinduer. Ombord p\u00e5 flyet, vil piloten vejlede dig i sikkerhedsprocedurerne og bede dig tage heads\u00e6ttet p\u00e5, for at i kan kommunikere under flyvningen. S\u00e5 snart flyet er i luften, vil du opleve den bedste udsigt over Gr\u00f8nland.<\/span><\/p>\n<p>Kursen s\u00e6ttes siden mod den uds\u00f8gte indlandsis \u00f8st for Kangerlussuaq, hvor vi flyver over den sukke nature p\u00e5 turen mod indlandet af Gr\u00f8nland. P\u00e5 vej til indlandsisen vil vi flyve over gigantiske kl\u00f8fter udformet af den tilbagetrukne indlandsis samt en eller to mor\u00e6ner. Der vil v\u00e6re mulighed for at overv\u00e6re det forskellige dyreliv under dig og inden l\u00e6nge opleve den m\u00e6gtige indlandsis. P\u00e5 tilbagevejen flyver vi over \u00d8rken Dalen et pragtfulgt omr\u00e5de kreeret af den smeltende is, hvor vandet l\u00f8ber ned i store floder. G\u00e5 ikke glip af denne vidunderlige tur til indlandsisen og muligheden for at se det rige dyreliv, check tilg\u00e6ngeligheden og book din tur ved at trykke p\u00e5 &#8216;V\u00e6lg dato&#8217; ovenover.<\/p>\n","protected":false},"excerpt":{"rendered":"Kom med p\u00e5 en fantastisk flyvetur til Indlandsisen og gletsjere ved Kangerlussuaq fjord. Denne tur giver dig muligheden for at se indlandsisen p\u00e5 n\u00e6rt hold og chancen for at se dyrelivet omkring Kangerlussuaq. Turen starter fra den tidligere amerikanske milit\u00e6re luftbase (Bluie west 8), som idag er den st\u00f8rste internationale lufthavn i Gr\u00f8nland &#8211; Kangerlussuaq&#8230;","protected":false},"featured_media":13297,"comment_status":"open","ping_status":"closed","template":"","meta":[],"product_brand":[],"product_cat":[605,604,614,612,593,646,633],"product_tag":[924],"class_list":{"0":"post-13295","1":"product","2":"type-product","3":"status-publish","4":"has-post-thumbnail","6":"product_cat-dagsture-om-sommeren","7":"product_cat-fly-og-helikopterture","8":"product_cat-gletsjer-og-indlandsisen","9":"product_cat-natur-og-dyreliv-i-groenland","10":"product_cat-oplevelser-i-groenland","11":"product_cat-ture-i-kangerlussuaq","12":"product_cat-vestgroenland","13":"product_tag-kangerlussuaq-da","14":"pa_activities-sightseeing-med-fly","15":"pa_attractions-indlandsisen","16":"pa_available-month-maj","17":"pa_available-month-juni","18":"pa_available-month-juli","19":"pa_available-month-september","20":"pa_destinations-kangerlussuaq","21":"pa_difficulty-let","22":"pa_duration-40-minutter","23":"pa_tour-type-dagsture","24":"yith_shop_vendor-airzafari-da","26":"first","27":"instock","28":"sold-individually","29":"shipping-taxable","30":"purchasable","31":"product-type-booking"},"acf":[],"yoast_head":"<!-- This site is optimized with the Yoast SEO plugin v25.6 - https:\/\/yoast.com\/wordpress\/plugins\/seo\/ -->\n<title>Indlandsisen &amp; natur | Kangerlussuaq | Guide to Greenland<\/title>\n<meta name=\"description\" content=\"Oplev h\u00f8jdepunkter omkring Kangerlussuaq. Flyv t\u00e6t over Icecap, den arktiske natur og det fantastiske dyreliv i Gr\u00f8nland.\" \/>\n<meta name=\"robots\" content=\"index, follow, max-snippet:-1, max-image-preview:large, max-video-preview:-1\" \/>\n<link rel=\"canonical\" href=\"https:\/\/guidetogreenland.com\/da\/reserver-ferie-rejser\/indlandsisen-natur-kangerlussuaq\/\" \/>\n<meta property=\"og:locale\" content=\"da_DK\" \/>\n<meta property=\"og:type\" content=\"article\" \/>\n<meta property=\"og:title\" content=\"Indlandsisen &amp; natur | Kangerlussuaq | Guide to Greenland\" \/>\n<meta property=\"og:description\" content=\"Oplev h\u00f8jdepunkter omkring Kangerlussuaq. Flyv t\u00e6t over Icecap, den arktiske natur og det fantastiske dyreliv i Gr\u00f8nland.\" \/>\n<meta property=\"og:url\" content=\"https:\/\/guidetogreenland.com\/da\/reserver-ferie-rejser\/indlandsisen-natur-kangerlussuaq\/\" \/>\n<meta property=\"og:site_name\" content=\"Guide to Greenland\" \/>\n<meta property=\"article:modified_time\" content=\"2024-05-15T16:30:54+00:00\" \/>\n<meta property=\"og:image\" content=\"https:\/\/guidetogreenland.com\/wp-content\/uploads\/2020\/05\/greenland-icecap-blue-lakes-kangerlussuaq-10-Guide-to-Greenland-9.jpg\" \/>\n\t<meta property=\"og:image:width\" content=\"926\" \/>\n\t<meta property=\"og:image:height\" content=\"617\" \/>\n\t<meta property=\"og:image:type\" content=\"image\/jpeg\" \/>\n<meta name=\"twitter:card\" content=\"summary_large_image\" \/>\n<meta name=\"twitter:label1\" content=\"Estimeret l\u00e6setid\" \/>\n\t<meta name=\"twitter:data1\" content=\"2 minutter\" \/>\n<script type=\"application\/ld+json\" class=\"yoast-schema-graph\">{\"@context\":\"https:\/\/schema.org\",\"@graph\":[{\"@type\":\"WebPage\",\"@id\":\"https:\/\/guidetogreenland.com\/da\/reserver-ferie-rejser\/indlandsisen-natur-kangerlussuaq\/\",\"url\":\"https:\/\/guidetogreenland.com\/da\/reserver-ferie-rejser\/indlandsisen-natur-kangerlussuaq\/\",\"name\":\"Indlandsisen & natur | Kangerlussuaq | Guide to Greenland\",\"isPartOf\":{\"@id\":\"https:\/\/guidetogreenland.com\/da\/#website\"},\"primaryImageOfPage\":{\"@id\":\"https:\/\/guidetogreenland.com\/da\/reserver-ferie-rejser\/indlandsisen-natur-kangerlussuaq\/#primaryimage\"},\"image\":{\"@id\":\"https:\/\/guidetogreenland.com\/da\/reserver-ferie-rejser\/indlandsisen-natur-kangerlussuaq\/#primaryimage\"},\"thumbnailUrl\":\"https:\/\/guidetogreenland.com\/wp-content\/uploads\/2020\/05\/greenland-icecap-blue-lakes-kangerlussuaq-10-Guide-to-Greenland-9.jpg\",\"datePublished\":\"2020-05-13T13:05:46+00:00\",\"dateModified\":\"2024-05-15T16:30:54+00:00\",\"description\":\"Oplev h\u00f8jdepunkter omkring Kangerlussuaq. Flyv t\u00e6t over Icecap, den arktiske natur og det fantastiske dyreliv i Gr\u00f8nland.\",\"breadcrumb\":{\"@id\":\"https:\/\/guidetogreenland.com\/da\/reserver-ferie-rejser\/indlandsisen-natur-kangerlussuaq\/#breadcrumb\"},\"inLanguage\":\"da-DK\",\"potentialAction\":[{\"@type\":\"ReadAction\",\"target\":[\"https:\/\/guidetogreenland.com\/da\/reserver-ferie-rejser\/indlandsisen-natur-kangerlussuaq\/\"]}]},{\"@type\":\"ImageObject\",\"inLanguage\":\"da-DK\",\"@id\":\"https:\/\/guidetogreenland.com\/da\/reserver-ferie-rejser\/indlandsisen-natur-kangerlussuaq\/#primaryimage\",\"url\":\"https:\/\/guidetogreenland.com\/wp-content\/uploads\/2020\/05\/greenland-icecap-blue-lakes-kangerlussuaq-10-Guide-to-Greenland-9.jpg\",\"contentUrl\":\"https:\/\/guidetogreenland.com\/wp-content\/uploads\/2020\/05\/greenland-icecap-blue-lakes-kangerlussuaq-10-Guide-to-Greenland-9.jpg\",\"width\":926,\"height\":617},{\"@type\":\"BreadcrumbList\",\"@id\":\"https:\/\/guidetogreenland.com\/da\/reserver-ferie-rejser\/indlandsisen-natur-kangerlussuaq\/#breadcrumb\",\"itemListElement\":[{\"@type\":\"ListItem\",\"position\":1,\"name\":\"Home\",\"item\":\"https:\/\/guidetogreenland.com\/da\/\"},{\"@type\":\"ListItem\",\"position\":2,\"name\":\"Se alle ture\",\"item\":\"https:\/\/guidetogreenland.com\/da\/reserver-ferie-rejser\/\"},{\"@type\":\"ListItem\",\"position\":3,\"name\":\"Indlandsisen &#038; natur | Kangerlussuaq\"}]},{\"@type\":\"WebSite\",\"@id\":\"https:\/\/guidetogreenland.com\/da\/#website\",\"url\":\"https:\/\/guidetogreenland.com\/da\/\",\"name\":\"Guide to Greenland\",\"description\":\"Largest selection of tours in Greenland\",\"potentialAction\":[{\"@type\":\"SearchAction\",\"target\":{\"@type\":\"EntryPoint\",\"urlTemplate\":\"https:\/\/guidetogreenland.com\/da\/?s={search_term_string}\"},\"query-input\":{\"@type\":\"PropertyValueSpecification\",\"valueRequired\":true,\"valueName\":\"search_term_string\"}}],\"inLanguage\":\"da-DK\"}]}<\/script>\n<!-- \/ Yoast SEO plugin. -->","yoast_head_json":{"title":"Indlandsisen & natur | Kangerlussuaq | Guide to Greenland","description":"Oplev h\u00f8jdepunkter omkring Kangerlussuaq. Flyv t\u00e6t over Icecap, den arktiske natur og det fantastiske dyreliv i Gr\u00f8nland.","robots":{"index":"index","follow":"follow","max-snippet":"max-snippet:-1","max-image-preview":"max-image-preview:large","max-video-preview":"max-video-preview:-1"},"canonical":"https:\/\/guidetogreenland.com\/da\/reserver-ferie-rejser\/indlandsisen-natur-kangerlussuaq\/","og_locale":"da_DK","og_type":"article","og_title":"Indlandsisen & natur | Kangerlussuaq | Guide to Greenland","og_description":"Oplev h\u00f8jdepunkter omkring Kangerlussuaq. Flyv t\u00e6t over Icecap, den arktiske natur og det fantastiske dyreliv i Gr\u00f8nland.","og_url":"https:\/\/guidetogreenland.com\/da\/reserver-ferie-rejser\/indlandsisen-natur-kangerlussuaq\/","og_site_name":"Guide to Greenland","article_modified_time":"2024-05-15T16:30:54+00:00","og_image":[{"width":926,"height":617,"url":"https:\/\/guidetogreenland.com\/wp-content\/uploads\/2020\/05\/greenland-icecap-blue-lakes-kangerlussuaq-10-Guide-to-Greenland-9.jpg","type":"image\/jpeg"}],"twitter_card":"summary_large_image","twitter_misc":{"Estimeret l\u00e6setid":"2 minutter"},"schema":{"@context":"https:\/\/schema.org","@graph":[{"@type":"WebPage","@id":"https:\/\/guidetogreenland.com\/da\/reserver-ferie-rejser\/indlandsisen-natur-kangerlussuaq\/","url":"https:\/\/guidetogreenland.com\/da\/reserver-ferie-rejser\/indlandsisen-natur-kangerlussuaq\/","name":"Indlandsisen & natur | Kangerlussuaq | Guide to Greenland","isPartOf":{"@id":"https:\/\/guidetogreenland.com\/da\/#website"},"primaryImageOfPage":{"@id":"https:\/\/guidetogreenland.com\/da\/reserver-ferie-rejser\/indlandsisen-natur-kangerlussuaq\/#primaryimage"},"image":{"@id":"https:\/\/guidetogreenland.com\/da\/reserver-ferie-rejser\/indlandsisen-natur-kangerlussuaq\/#primaryimage"},"thumbnailUrl":"https:\/\/guidetogreenland.com\/wp-content\/uploads\/2020\/05\/greenland-icecap-blue-lakes-kangerlussuaq-10-Guide-to-Greenland-9.jpg","datePublished":"2020-05-13T13:05:46+00:00","dateModified":"2024-05-15T16:30:54+00:00","description":"Oplev h\u00f8jdepunkter omkring Kangerlussuaq. Flyv t\u00e6t over Icecap, den arktiske natur og det fantastiske dyreliv i Gr\u00f8nland.","breadcrumb":{"@id":"https:\/\/guidetogreenland.com\/da\/reserver-ferie-rejser\/indlandsisen-natur-kangerlussuaq\/#breadcrumb"},"inLanguage":"da-DK","potentialAction":[{"@type":"ReadAction","target":["https:\/\/guidetogreenland.com\/da\/reserver-ferie-rejser\/indlandsisen-natur-kangerlussuaq\/"]}]},{"@type":"ImageObject","inLanguage":"da-DK","@id":"https:\/\/guidetogreenland.com\/da\/reserver-ferie-rejser\/indlandsisen-natur-kangerlussuaq\/#primaryimage","url":"https:\/\/guidetogreenland.com\/wp-content\/uploads\/2020\/05\/greenland-icecap-blue-lakes-kangerlussuaq-10-Guide-to-Greenland-9.jpg","contentUrl":"https:\/\/guidetogreenland.com\/wp-content\/uploads\/2020\/05\/greenland-icecap-blue-lakes-kangerlussuaq-10-Guide-to-Greenland-9.jpg","width":926,"height":617},{"@type":"BreadcrumbList","@id":"https:\/\/guidetogreenland.com\/da\/reserver-ferie-rejser\/indlandsisen-natur-kangerlussuaq\/#breadcrumb","itemListElement":[{"@type":"ListItem","position":1,"name":"Home","item":"https:\/\/guidetogreenland.com\/da\/"},{"@type":"ListItem","position":2,"name":"Se alle ture","item":"https:\/\/guidetogreenland.com\/da\/reserver-ferie-rejser\/"},{"@type":"ListItem","position":3,"name":"Indlandsisen &#038; natur | Kangerlussuaq"}]},{"@type":"WebSite","@id":"https:\/\/guidetogreenland.com\/da\/#website","url":"https:\/\/guidetogreenland.com\/da\/","name":"Guide to Greenland","description":"Largest selection of tours in Greenland","potentialAction":[{"@type":"SearchAction","target":{"@type":"EntryPoint","urlTemplate":"https:\/\/guidetogreenland.com\/da\/?s={search_term_string}"},"query-input":{"@type":"PropertyValueSpecification","valueRequired":true,"valueName":"search_term_string"}}],"inLanguage":"da-DK"}]}},"_links":{"self":[{"href":"https:\/\/guidetogreenland.com\/da\/wp-json\/wp\/v2\/product\/13295","targetHints":{"allow":["GET"]}}],"collection":[{"href":"https:\/\/guidetogreenland.com\/da\/wp-json\/wp\/v2\/product"}],"about":[{"href":"https:\/\/guidetogreenland.com\/da\/wp-json\/wp\/v2\/types\/product"}],"replies":[{"embeddable":true,"href":"https:\/\/guidetogreenland.com\/da\/wp-json\/wp\/v2\/comments?post=13295"}],"wp:featuredmedia":[{"embeddable":true,"href":"https:\/\/guidetogreenland.com\/da\/wp-json\/wp\/v2\/media\/13297"}],"wp:attachment":[{"href":"https:\/\/guidetogreenland.com\/da\/wp-json\/wp\/v2\/media?parent=13295"}],"wp:term":[{"taxonomy":"product_brand","embeddable":true,"href":"https:\/\/guidetogreenland.com\/da\/wp-json\/wp\/v2\/product_brand?post=13295"},{"taxonomy":"product_cat","embeddable":true,"href":"https:\/\/guidetogreenland.com\/da\/wp-json\/wp\/v2\/product_cat?post=13295"},{"taxonomy":"product_tag","embeddable":true,"href":"https:\/\/guidetogreenland.com\/da\/wp-json\/wp\/v2\/product_tag?post=13295"}],"curies":[{"name":"wp","href":"https:\/\/api.w.org\/{rel}","templated":true}]}}