{"id":13308,"date":"2020-05-26T17:56:01","date_gmt":"2020-05-26T17:56:01","guid":{"rendered":"https:\/\/guidetogreenland.com\/book-trips-holiday\/greenland-icecap-expedition-point-660-kangerlussuaq\/"},"modified":"2026-04-04T16:58:53","modified_gmt":"2026-04-04T17:58:53","slug":"tur-til-indlandsisen-punkt-660-kangerlussuaq","status":"publish","type":"product","link":"https:\/\/guidetogreenland.com\/da\/reserver-ferie-rejser\/tur-til-indlandsisen-punkt-660-kangerlussuaq\/","title":{"rendered":"Tur til Indlandsisen | Punkt 660 | Kangerlussuaq"},"content":{"rendered":"<p class=\"p1\">Kom med en tur til Punkt 660; et sted som for nylig er blevet tilg\u00e6ngeligt og set af meget f\u00e5 andre, efter at det er blevet isfrit. Ved Punkt 660 vil du f\u00e5 en scenisk udsigt af indlandsisen p\u00e5 dens vej ned i det farverige landskab. Denne tur er for dig som vil udforske Gr\u00f8nlands indlandsis med dine egne \u00f8jne, f\u00f8dder og nysgerrighed!<\/p>\n<p class=\"p1\">Vores ture er private og fleksible da vi k\u00f8rer i en 4&#215;4 firehjulstrukket bil med plads til max 4 passagerer.<\/p>\n<p class=\"p1\">Eventyret starter med at du og dine medrejsende f\u00f8lger de grusbelagte veje ud af Kangerlussuaq. Kangerlussuaq er en af de f\u00e5 steder i Gr\u00f8nland, der ikke ligger ud mod kysten, og derfor er det et helt unikt landskab.<\/p>\n<p class=\"p1\">P\u00e5 k\u00f8returen mod Punkt 660 vil du m\u00e5ske v\u00e6re heldig at spotte det lokale dyreliv, der i stor grad best\u00e5r af moskus okser og rensdyr.<\/p>\n<p class=\"p1\">N\u00e5r vi er n\u00e5et frem til Punkt 660 vil du kunne tr\u00e6kke den friske luft langt ned i lungerne imens du nyder synet af den betagende indlandsis s\u00e5 langt \u00f8je r\u00e6kker.<\/p>\n<p class=\"p1\">De grusede stier blandet med den hvide overflade, giver dig rig mulighed for at g\u00e5 rundt p\u00e5 isen. En oplevelse for livet, som du sj\u00e6ldent vil f\u00e5 muligheden for at opleve andre steder i Gr\u00f8nland.<\/p>\n<p class=\"p1\">Hvis forholdene tillader, vil din chauff\u00f8r endda k\u00f8re op p\u00e5 indlandsisen &#8211; for den bedst mulige oplevelse.<\/p>\n<p class=\"p1\">Det er muligt at kombinere denne tur med andre. Du kan kombinere turene n\u00e5r du booker denne tur.<\/p>\n<p class=\"p1\">Denne storartede tur venter p\u00e5 dig, s\u00e5 tr\u00e6k i dine vandrest\u00f8vlerst\u00f8vler og kom med ud p\u00e5 nye eventyr! Se tilg\u00e6ngeligheden ved at trykke p\u00e5 &#8216;V\u00e6lg dato&#8217; ovenover og book din indlandsis eventyr idag.<\/p>\n<p class=\"p1\">Normalt kan du booke ved at v\u00e6lge din rejsedato og klikke p\u00e5 Book nu &#8211; men p\u00e5 grund af stor eftersp\u00f8rgsel og lav kapacitet er vi for det meste udsolgt.<\/p>\n<p class=\"p1\">Hvis du sender os en foresp\u00f8rgsel, vil vi g\u00f8re vores bedste for at im\u00f8dekomme dine \u00f8nsker. (Vi svarer dig, hvis det er muligt. For at undg\u00e5 at lade dig vente &#8211; har vi ikke svaret inden for 48 timer, har vi ingen plads).<\/p>\n<p class=\"p1\">Klik og tjek om din rejseplan passer til denne rejse, der kan bookes direkte: <a href=\"https:\/\/guidetogreenland.com\/da\/reserver-ferie-rejser\/point-660-og-indlandsisen-kangerlussuaq\/\"><span class=\"s1\"><b>Point 660 og indlandsisen<\/b><\/span><\/a><\/p>\n","protected":false},"excerpt":{"rendered":"Kom med en tur til Punkt 660; et sted som for nylig er blevet tilg\u00e6ngeligt og set af meget f\u00e5 andre, efter at det er blevet isfrit. Ved Punkt 660 vil du f\u00e5 en scenisk udsigt af indlandsisen p\u00e5 dens vej ned i det farverige landskab. Denne tur er for dig som vil udforske Gr\u00f8nlands&#8230;","protected":false},"featured_media":13310,"comment_status":"open","ping_status":"closed","template":"","meta":[],"product_brand":[],"product_cat":[628,605,606,614,612,593,627,643,646,608],"product_tag":[924],"class_list":{"0":"post-13308","1":"product","2":"type-product","3":"status-publish","4":"has-post-thumbnail","6":"product_cat-arctic-circle-trail","7":"product_cat-dagsture-om-sommeren","8":"product_cat-dagsture-om-vinteren","9":"product_cat-gletsjer-og-indlandsisen","10":"product_cat-natur-og-dyreliv-i-groenland","11":"product_cat-oplevelser-i-groenland","12":"product_cat-ture-i-bestemte-omraader","13":"product_cat-ture-i-hver-by","14":"product_cat-ture-i-kangerlussuaq","15":"product_cat-vandre-og-trekkingture","16":"product_tag-kangerlussuaq-da","17":"pa_activities-gletschervandring","18":"pa_activities-vandretur","19":"pa_activities-gletscher-udsigt","20":"pa_attractions-indlandsisen","21":"pa_available-month-marts","22":"pa_available-month-april","23":"pa_available-month-maj","24":"pa_available-month-juni","25":"pa_available-month-juli","26":"pa_available-month-august","27":"pa_available-month-september","28":"pa_available-month-oktober","29":"pa_destinations-kangerlussuaq","30":"pa_difficulty-let","31":"pa_duration-7-timer","32":"pa_tour-type-dagsture","33":"yith_shop_vendor-albatros-arctic-circle-da","34":"yith_booking_service-combine-with-russell-glacier-2hr","36":"first","37":"instock","38":"virtual","39":"sold-individually","40":"purchasable","41":"product-type-booking"},"acf":[],"yoast_head":"<!-- This site is optimized with the Yoast SEO plugin v25.6 - https:\/\/yoast.com\/wordpress\/plugins\/seo\/ -->\n<title>Tur til Indlandsisen | Punkt 660 | Kangerlussuaq | Guide to Greenland<\/title>\n<meta name=\"description\" content=\"Udforsk Indlandsisen og bes\u00f8g det smukke Point 660, et sted, der for nylig er afd\u00e6kket af is og set af f\u00e5. Denne tur starter fra Kangerlussuaq og tager op til 5 timer.\" \/>\n<meta name=\"robots\" content=\"index, follow, max-snippet:-1, max-image-preview:large, max-video-preview:-1\" \/>\n<link rel=\"canonical\" href=\"https:\/\/guidetogreenland.com\/da\/reserver-ferie-rejser\/tur-til-indlandsisen-punkt-660-kangerlussuaq\/\" \/>\n<meta property=\"og:locale\" content=\"da_DK\" \/>\n<meta property=\"og:type\" content=\"article\" \/>\n<meta property=\"og:title\" content=\"Tur til Indlandsisen | Punkt 660 | Kangerlussuaq | Guide to Greenland\" \/>\n<meta property=\"og:description\" content=\"Udforsk Indlandsisen og bes\u00f8g det smukke Point 660, et sted, der for nylig er afd\u00e6kket af is og set af f\u00e5. Denne tur starter fra Kangerlussuaq og tager op til 5 timer.\" \/>\n<meta property=\"og:url\" content=\"https:\/\/guidetogreenland.com\/da\/reserver-ferie-rejser\/tur-til-indlandsisen-punkt-660-kangerlussuaq\/\" \/>\n<meta property=\"og:site_name\" content=\"Guide to Greenland\" \/>\n<meta property=\"article:modified_time\" content=\"2026-04-04T17:58:53+00:00\" \/>\n<meta property=\"og:image\" content=\"https:\/\/guidetogreenland.com\/wp-content\/uploads\/2020\/05\/greenland-icecap-expedition-point-660-kangerlussuaq-Guide-to-Greenland14.jpeg\" \/>\n\t<meta property=\"og:image:width\" content=\"1417\" \/>\n\t<meta property=\"og:image:height\" content=\"944\" \/>\n\t<meta property=\"og:image:type\" content=\"image\/jpeg\" \/>\n<meta name=\"twitter:card\" content=\"summary_large_image\" \/>\n<meta name=\"twitter:label1\" content=\"Estimeret l\u00e6setid\" \/>\n\t<meta name=\"twitter:data1\" content=\"2 minutter\" \/>\n<script type=\"application\/ld+json\" class=\"yoast-schema-graph\">{\"@context\":\"https:\/\/schema.org\",\"@graph\":[{\"@type\":\"WebPage\",\"@id\":\"https:\/\/guidetogreenland.com\/da\/reserver-ferie-rejser\/tur-til-indlandsisen-punkt-660-kangerlussuaq\/\",\"url\":\"https:\/\/guidetogreenland.com\/da\/reserver-ferie-rejser\/tur-til-indlandsisen-punkt-660-kangerlussuaq\/\",\"name\":\"Tur til Indlandsisen | Punkt 660 | Kangerlussuaq | Guide to Greenland\",\"isPartOf\":{\"@id\":\"https:\/\/guidetogreenland.com\/da\/#website\"},\"primaryImageOfPage\":{\"@id\":\"https:\/\/guidetogreenland.com\/da\/reserver-ferie-rejser\/tur-til-indlandsisen-punkt-660-kangerlussuaq\/#primaryimage\"},\"image\":{\"@id\":\"https:\/\/guidetogreenland.com\/da\/reserver-ferie-rejser\/tur-til-indlandsisen-punkt-660-kangerlussuaq\/#primaryimage\"},\"thumbnailUrl\":\"https:\/\/guidetogreenland.com\/wp-content\/uploads\/2020\/05\/greenland-icecap-expedition-point-660-kangerlussuaq-Guide-to-Greenland14.jpeg\",\"datePublished\":\"2020-05-26T17:56:01+00:00\",\"dateModified\":\"2026-04-04T17:58:53+00:00\",\"description\":\"Udforsk Indlandsisen og bes\u00f8g det smukke Point 660, et sted, der for nylig er afd\u00e6kket af is og set af f\u00e5. Denne tur starter fra Kangerlussuaq og tager op til 5 timer.\",\"breadcrumb\":{\"@id\":\"https:\/\/guidetogreenland.com\/da\/reserver-ferie-rejser\/tur-til-indlandsisen-punkt-660-kangerlussuaq\/#breadcrumb\"},\"inLanguage\":\"da-DK\",\"potentialAction\":[{\"@type\":\"ReadAction\",\"target\":[\"https:\/\/guidetogreenland.com\/da\/reserver-ferie-rejser\/tur-til-indlandsisen-punkt-660-kangerlussuaq\/\"]}]},{\"@type\":\"ImageObject\",\"inLanguage\":\"da-DK\",\"@id\":\"https:\/\/guidetogreenland.com\/da\/reserver-ferie-rejser\/tur-til-indlandsisen-punkt-660-kangerlussuaq\/#primaryimage\",\"url\":\"https:\/\/guidetogreenland.com\/wp-content\/uploads\/2020\/05\/greenland-icecap-expedition-point-660-kangerlussuaq-Guide-to-Greenland14.jpeg\",\"contentUrl\":\"https:\/\/guidetogreenland.com\/wp-content\/uploads\/2020\/05\/greenland-icecap-expedition-point-660-kangerlussuaq-Guide-to-Greenland14.jpeg\",\"width\":1417,\"height\":944},{\"@type\":\"BreadcrumbList\",\"@id\":\"https:\/\/guidetogreenland.com\/da\/reserver-ferie-rejser\/tur-til-indlandsisen-punkt-660-kangerlussuaq\/#breadcrumb\",\"itemListElement\":[{\"@type\":\"ListItem\",\"position\":1,\"name\":\"Home\",\"item\":\"https:\/\/guidetogreenland.com\/da\/\"},{\"@type\":\"ListItem\",\"position\":2,\"name\":\"Se alle ture\",\"item\":\"https:\/\/guidetogreenland.com\/da\/reserver-ferie-rejser\/\"},{\"@type\":\"ListItem\",\"position\":3,\"name\":\"Tur til Indlandsisen | Punkt 660 | Kangerlussuaq\"}]},{\"@type\":\"WebSite\",\"@id\":\"https:\/\/guidetogreenland.com\/da\/#website\",\"url\":\"https:\/\/guidetogreenland.com\/da\/\",\"name\":\"Guide to Greenland\",\"description\":\"Largest selection of tours in Greenland\",\"potentialAction\":[{\"@type\":\"SearchAction\",\"target\":{\"@type\":\"EntryPoint\",\"urlTemplate\":\"https:\/\/guidetogreenland.com\/da\/?s={search_term_string}\"},\"query-input\":{\"@type\":\"PropertyValueSpecification\",\"valueRequired\":true,\"valueName\":\"search_term_string\"}}],\"inLanguage\":\"da-DK\"}]}<\/script>\n<!-- \/ Yoast SEO plugin. -->","yoast_head_json":{"title":"Tur til Indlandsisen | Punkt 660 | Kangerlussuaq | Guide to Greenland","description":"Udforsk Indlandsisen og bes\u00f8g det smukke Point 660, et sted, der for nylig er afd\u00e6kket af is og set af f\u00e5. Denne tur starter fra Kangerlussuaq og tager op til 5 timer.","robots":{"index":"index","follow":"follow","max-snippet":"max-snippet:-1","max-image-preview":"max-image-preview:large","max-video-preview":"max-video-preview:-1"},"canonical":"https:\/\/guidetogreenland.com\/da\/reserver-ferie-rejser\/tur-til-indlandsisen-punkt-660-kangerlussuaq\/","og_locale":"da_DK","og_type":"article","og_title":"Tur til Indlandsisen | Punkt 660 | Kangerlussuaq | Guide to Greenland","og_description":"Udforsk Indlandsisen og bes\u00f8g det smukke Point 660, et sted, der for nylig er afd\u00e6kket af is og set af f\u00e5. Denne tur starter fra Kangerlussuaq og tager op til 5 timer.","og_url":"https:\/\/guidetogreenland.com\/da\/reserver-ferie-rejser\/tur-til-indlandsisen-punkt-660-kangerlussuaq\/","og_site_name":"Guide to Greenland","article_modified_time":"2026-04-04T17:58:53+00:00","og_image":[{"width":1417,"height":944,"url":"https:\/\/guidetogreenland.com\/wp-content\/uploads\/2020\/05\/greenland-icecap-expedition-point-660-kangerlussuaq-Guide-to-Greenland14.jpeg","type":"image\/jpeg"}],"twitter_card":"summary_large_image","twitter_misc":{"Estimeret l\u00e6setid":"2 minutter"},"schema":{"@context":"https:\/\/schema.org","@graph":[{"@type":"WebPage","@id":"https:\/\/guidetogreenland.com\/da\/reserver-ferie-rejser\/tur-til-indlandsisen-punkt-660-kangerlussuaq\/","url":"https:\/\/guidetogreenland.com\/da\/reserver-ferie-rejser\/tur-til-indlandsisen-punkt-660-kangerlussuaq\/","name":"Tur til Indlandsisen | Punkt 660 | Kangerlussuaq | Guide to Greenland","isPartOf":{"@id":"https:\/\/guidetogreenland.com\/da\/#website"},"primaryImageOfPage":{"@id":"https:\/\/guidetogreenland.com\/da\/reserver-ferie-rejser\/tur-til-indlandsisen-punkt-660-kangerlussuaq\/#primaryimage"},"image":{"@id":"https:\/\/guidetogreenland.com\/da\/reserver-ferie-rejser\/tur-til-indlandsisen-punkt-660-kangerlussuaq\/#primaryimage"},"thumbnailUrl":"https:\/\/guidetogreenland.com\/wp-content\/uploads\/2020\/05\/greenland-icecap-expedition-point-660-kangerlussuaq-Guide-to-Greenland14.jpeg","datePublished":"2020-05-26T17:56:01+00:00","dateModified":"2026-04-04T17:58:53+00:00","description":"Udforsk Indlandsisen og bes\u00f8g det smukke Point 660, et sted, der for nylig er afd\u00e6kket af is og set af f\u00e5. Denne tur starter fra Kangerlussuaq og tager op til 5 timer.","breadcrumb":{"@id":"https:\/\/guidetogreenland.com\/da\/reserver-ferie-rejser\/tur-til-indlandsisen-punkt-660-kangerlussuaq\/#breadcrumb"},"inLanguage":"da-DK","potentialAction":[{"@type":"ReadAction","target":["https:\/\/guidetogreenland.com\/da\/reserver-ferie-rejser\/tur-til-indlandsisen-punkt-660-kangerlussuaq\/"]}]},{"@type":"ImageObject","inLanguage":"da-DK","@id":"https:\/\/guidetogreenland.com\/da\/reserver-ferie-rejser\/tur-til-indlandsisen-punkt-660-kangerlussuaq\/#primaryimage","url":"https:\/\/guidetogreenland.com\/wp-content\/uploads\/2020\/05\/greenland-icecap-expedition-point-660-kangerlussuaq-Guide-to-Greenland14.jpeg","contentUrl":"https:\/\/guidetogreenland.com\/wp-content\/uploads\/2020\/05\/greenland-icecap-expedition-point-660-kangerlussuaq-Guide-to-Greenland14.jpeg","width":1417,"height":944},{"@type":"BreadcrumbList","@id":"https:\/\/guidetogreenland.com\/da\/reserver-ferie-rejser\/tur-til-indlandsisen-punkt-660-kangerlussuaq\/#breadcrumb","itemListElement":[{"@type":"ListItem","position":1,"name":"Home","item":"https:\/\/guidetogreenland.com\/da\/"},{"@type":"ListItem","position":2,"name":"Se alle ture","item":"https:\/\/guidetogreenland.com\/da\/reserver-ferie-rejser\/"},{"@type":"ListItem","position":3,"name":"Tur til Indlandsisen | Punkt 660 | Kangerlussuaq"}]},{"@type":"WebSite","@id":"https:\/\/guidetogreenland.com\/da\/#website","url":"https:\/\/guidetogreenland.com\/da\/","name":"Guide to Greenland","description":"Largest selection of tours in Greenland","potentialAction":[{"@type":"SearchAction","target":{"@type":"EntryPoint","urlTemplate":"https:\/\/guidetogreenland.com\/da\/?s={search_term_string}"},"query-input":{"@type":"PropertyValueSpecification","valueRequired":true,"valueName":"search_term_string"}}],"inLanguage":"da-DK"}]}},"_links":{"self":[{"href":"https:\/\/guidetogreenland.com\/da\/wp-json\/wp\/v2\/product\/13308","targetHints":{"allow":["GET"]}}],"collection":[{"href":"https:\/\/guidetogreenland.com\/da\/wp-json\/wp\/v2\/product"}],"about":[{"href":"https:\/\/guidetogreenland.com\/da\/wp-json\/wp\/v2\/types\/product"}],"replies":[{"embeddable":true,"href":"https:\/\/guidetogreenland.com\/da\/wp-json\/wp\/v2\/comments?post=13308"}],"wp:featuredmedia":[{"embeddable":true,"href":"https:\/\/guidetogreenland.com\/da\/wp-json\/wp\/v2\/media\/13310"}],"wp:attachment":[{"href":"https:\/\/guidetogreenland.com\/da\/wp-json\/wp\/v2\/media?parent=13308"}],"wp:term":[{"taxonomy":"product_brand","embeddable":true,"href":"https:\/\/guidetogreenland.com\/da\/wp-json\/wp\/v2\/product_brand?post=13308"},{"taxonomy":"product_cat","embeddable":true,"href":"https:\/\/guidetogreenland.com\/da\/wp-json\/wp\/v2\/product_cat?post=13308"},{"taxonomy":"product_tag","embeddable":true,"href":"https:\/\/guidetogreenland.com\/da\/wp-json\/wp\/v2\/product_tag?post=13308"}],"curies":[{"name":"wp","href":"https:\/\/api.w.org\/{rel}","templated":true}]}}