{"id":13326,"date":"2020-05-13T13:25:10","date_gmt":"2020-05-13T13:25:10","guid":{"rendered":"https:\/\/guidetogreenland.com\/book-trips-holiday\/half-day-snowshoe-hike-nuuk\/"},"modified":"2020-11-17T14:46:08","modified_gmt":"2020-11-17T14:46:08","slug":"half-day-snowshoe-hike-nuuk","status":"publish","type":"product","link":"https:\/\/guidetogreenland.com\/da\/reserver-ferie-rejser\/snesko-vandretur-lille-malene-nuuk\/","title":{"rendered":"Snesko vandretur | Lille Malene | Nuuk"},"content":{"rendered":"<p class=\"x-18pep25\">Kom med p\u00e5 opdagelse i det rene og ur\u00f8rte vinterlandskab omkring bjerget Lille Malene. Med snesko kan du vandre igennem de sned\u00e6kkede dale uden at falde igennem sneen.<\/p>\n<p class=\"e1imf5dp0 x-jm2771\">Turen starter fra Ilivinnguaq 1 inde i byen, ikke langt fra Kulturhuset Katuaq. Her vil du blive m\u00f8dt af din guide.\u00a0Du vil f\u00e5 en introduktion til den planlagte rute og hvordan forholdene vil v\u00e6re p\u00e5 vejen. Siden vil der v\u00e6re s\u00f8rget for transport fra byen ud til der, hvor turen starter. Lige fra begyndelsen vil du f\u00e5 en fornemmelse af hvilket landskab der venter forude. Man skal ikke langt v\u00e6k fra byen f\u00f8r man kan nyde den uber\u00f8rt<span class=\"x-12abj6v e1uuu2lt3\">e natur &#8211; et syn der h\u00f8jst sandsynligt vil stj\u00e6le dit hjerte.<\/span><\/p>\n<p class=\"e1imf5dp0 x-jm2771\"><span class=\"x-12abj6v e1uuu2lt3\">Turen starter i n\u00e6rheden af Cirkuss\u00f8en, hvor du godt udstyret vil vandre over frosne s\u00f8er og videre ind i det hvide landskab. P\u00e5 turen vil du f\u00f8le den kolde, friske vinterluft i ansigtet imens mere og mere af naturen \u00e5bner sig op for dig. Hele vejen vil udsigten v\u00e6re fantastisk, men f\u00f8lelsen er ogs\u00e5 god n\u00e5r du til slut n\u00e5r den 440 meter h\u00f8je top. Her vil du kunne nyde udsigten mod Sermitsiaqs ikoniske bjergtoppe og over fjorden, der str\u00e6kker sig i alle retninger, imens du f\u00e5r varmen og fornyet energien med en kop varm kaffe eller te.<\/span><\/p>\n<p class=\"e1imf5dp0 x-jm2771\"><span class=\"x-12abj6v e1uuu2lt3\">Efter dette er tiden kommet til at bev\u00e6ge sig tilbage mod civilisationen, der trods den isolerede f\u00f8lelse ikke befinder sig s\u00e5 langt v\u00e6k.<\/span><\/p>\n<p class=\"e1imf5dp0 x-jm2771\"><span class=\"x-12abj6v e1uuu2lt3\">Find eventyrlysten frem og se tilg\u00e6ngeligheden og bestil din tur i dag ved at trykke &#8220;V\u00e6lg en dag&#8221; ovenover.<\/span><\/p>\n","protected":false},"excerpt":{"rendered":"Kom med p\u00e5 opdagelse i det rene og ur\u00f8rte vinterlandskab omkring bjerget Lille Malene. Med snesko kan du vandre igennem de sned\u00e6kkede dale uden at falde igennem sneen. Turen starter fra Ilivinnguaq 1 inde i byen, ikke langt fra Kulturhuset Katuaq. Her vil du blive m\u00f8dt af din guide.\u00a0Du vil f\u00e5 en introduktion til den&#8230;","protected":false},"featured_media":13328,"comment_status":"open","ping_status":"closed","template":"","meta":[],"product_brand":[],"product_cat":[],"product_tag":[893],"class_list":{"0":"post-13326","1":"product","2":"type-product","3":"status-publish","4":"has-post-thumbnail","6":"product_tag-nuuk-da","7":"pa_activities-snesko","8":"pa_attractions-quassussuaq-lille-malene","9":"pa_available-month-februar","10":"pa_available-month-marts","11":"pa_destinations-nuuk","12":"pa_difficulty-let","13":"pa_duration-5-timer","14":"pa_tour-type-dagsture","15":"yith_shop_vendor-two-ravens-da","17":"first","18":"instock","19":"virtual","20":"sold-individually","21":"purchasable","22":"product-type-booking"},"acf":[],"yoast_head":"<!-- This site is optimized with the Yoast SEO plugin v25.6 - https:\/\/yoast.com\/wordpress\/plugins\/seo\/ -->\n<title>Snesko vandretur | Lille Malene | Nuuk | Guide to Greenland<\/title>\n<meta name=\"description\" content=\"Udforsk bjerget Lille Malene, mens du vandrer p\u00e5 snesko. Et must have oplevelse, hvis du er i Nuuk, mens du bes\u00f8ger Gr\u00f8nland.\" \/>\n<meta name=\"robots\" content=\"index, follow, max-snippet:-1, max-image-preview:large, max-video-preview:-1\" \/>\n<link rel=\"canonical\" href=\"https:\/\/guidetogreenland.com\/da\/reserver-ferie-rejser\/snesko-vandretur-lille-malene-nuuk\/\" \/>\n<meta property=\"og:locale\" content=\"da_DK\" \/>\n<meta property=\"og:type\" content=\"article\" \/>\n<meta property=\"og:title\" content=\"Snesko vandretur | Lille Malene | Nuuk | Guide to Greenland\" \/>\n<meta property=\"og:description\" content=\"Udforsk bjerget Lille Malene, mens du vandrer p\u00e5 snesko. Et must have oplevelse, hvis du er i Nuuk, mens du bes\u00f8ger Gr\u00f8nland.\" \/>\n<meta property=\"og:url\" content=\"https:\/\/guidetogreenland.com\/da\/reserver-ferie-rejser\/snesko-vandretur-lille-malene-nuuk\/\" \/>\n<meta property=\"og:site_name\" content=\"Guide to Greenland\" \/>\n<meta property=\"article:modified_time\" content=\"2020-11-17T14:46:08+00:00\" \/>\n<meta property=\"og:image\" content=\"https:\/\/guidetogreenland.com\/wp-content\/uploads\/2020\/05\/half-day-snowshoe-hike-nuuk-6-Guide-to-Greenland-2.jpg\" \/>\n\t<meta property=\"og:image:width\" content=\"926\" \/>\n\t<meta property=\"og:image:height\" content=\"617\" \/>\n\t<meta property=\"og:image:type\" content=\"image\/jpeg\" \/>\n<meta name=\"twitter:card\" content=\"summary_large_image\" \/>\n<meta name=\"twitter:label1\" content=\"Estimeret l\u00e6setid\" \/>\n\t<meta name=\"twitter:data1\" content=\"1 minut\" \/>\n<script type=\"application\/ld+json\" class=\"yoast-schema-graph\">{\"@context\":\"https:\/\/schema.org\",\"@graph\":[{\"@type\":\"WebPage\",\"@id\":\"https:\/\/guidetogreenland.com\/da\/reserver-ferie-rejser\/snesko-vandretur-lille-malene-nuuk\/\",\"url\":\"https:\/\/guidetogreenland.com\/da\/reserver-ferie-rejser\/snesko-vandretur-lille-malene-nuuk\/\",\"name\":\"Snesko vandretur | Lille Malene | Nuuk | Guide to Greenland\",\"isPartOf\":{\"@id\":\"https:\/\/guidetogreenland.com\/da\/#website\"},\"primaryImageOfPage\":{\"@id\":\"https:\/\/guidetogreenland.com\/da\/reserver-ferie-rejser\/snesko-vandretur-lille-malene-nuuk\/#primaryimage\"},\"image\":{\"@id\":\"https:\/\/guidetogreenland.com\/da\/reserver-ferie-rejser\/snesko-vandretur-lille-malene-nuuk\/#primaryimage\"},\"thumbnailUrl\":\"https:\/\/guidetogreenland.com\/wp-content\/uploads\/2020\/05\/half-day-snowshoe-hike-nuuk-6-Guide-to-Greenland-2.jpg\",\"datePublished\":\"2020-05-13T13:25:10+00:00\",\"dateModified\":\"2020-11-17T14:46:08+00:00\",\"description\":\"Udforsk bjerget Lille Malene, mens du vandrer p\u00e5 snesko. Et must have oplevelse, hvis du er i Nuuk, mens du bes\u00f8ger Gr\u00f8nland.\",\"breadcrumb\":{\"@id\":\"https:\/\/guidetogreenland.com\/da\/reserver-ferie-rejser\/snesko-vandretur-lille-malene-nuuk\/#breadcrumb\"},\"inLanguage\":\"da-DK\",\"potentialAction\":[{\"@type\":\"ReadAction\",\"target\":[\"https:\/\/guidetogreenland.com\/da\/reserver-ferie-rejser\/snesko-vandretur-lille-malene-nuuk\/\"]}]},{\"@type\":\"ImageObject\",\"inLanguage\":\"da-DK\",\"@id\":\"https:\/\/guidetogreenland.com\/da\/reserver-ferie-rejser\/snesko-vandretur-lille-malene-nuuk\/#primaryimage\",\"url\":\"https:\/\/guidetogreenland.com\/wp-content\/uploads\/2020\/05\/half-day-snowshoe-hike-nuuk-6-Guide-to-Greenland-2.jpg\",\"contentUrl\":\"https:\/\/guidetogreenland.com\/wp-content\/uploads\/2020\/05\/half-day-snowshoe-hike-nuuk-6-Guide-to-Greenland-2.jpg\",\"width\":926,\"height\":617},{\"@type\":\"BreadcrumbList\",\"@id\":\"https:\/\/guidetogreenland.com\/da\/reserver-ferie-rejser\/snesko-vandretur-lille-malene-nuuk\/#breadcrumb\",\"itemListElement\":[{\"@type\":\"ListItem\",\"position\":1,\"name\":\"Home\",\"item\":\"https:\/\/guidetogreenland.com\/da\/\"},{\"@type\":\"ListItem\",\"position\":2,\"name\":\"Se alle ture\",\"item\":\"https:\/\/guidetogreenland.com\/da\/reserver-ferie-rejser\/\"},{\"@type\":\"ListItem\",\"position\":3,\"name\":\"Snesko vandretur | Lille Malene | Nuuk\"}]},{\"@type\":\"WebSite\",\"@id\":\"https:\/\/guidetogreenland.com\/da\/#website\",\"url\":\"https:\/\/guidetogreenland.com\/da\/\",\"name\":\"Guide to Greenland\",\"description\":\"Largest selection of tours in Greenland\",\"potentialAction\":[{\"@type\":\"SearchAction\",\"target\":{\"@type\":\"EntryPoint\",\"urlTemplate\":\"https:\/\/guidetogreenland.com\/da\/?s={search_term_string}\"},\"query-input\":{\"@type\":\"PropertyValueSpecification\",\"valueRequired\":true,\"valueName\":\"search_term_string\"}}],\"inLanguage\":\"da-DK\"}]}<\/script>\n<!-- \/ Yoast SEO plugin. -->","yoast_head_json":{"title":"Snesko vandretur | Lille Malene | Nuuk | Guide to Greenland","description":"Udforsk bjerget Lille Malene, mens du vandrer p\u00e5 snesko. Et must have oplevelse, hvis du er i Nuuk, mens du bes\u00f8ger Gr\u00f8nland.","robots":{"index":"index","follow":"follow","max-snippet":"max-snippet:-1","max-image-preview":"max-image-preview:large","max-video-preview":"max-video-preview:-1"},"canonical":"https:\/\/guidetogreenland.com\/da\/reserver-ferie-rejser\/snesko-vandretur-lille-malene-nuuk\/","og_locale":"da_DK","og_type":"article","og_title":"Snesko vandretur | Lille Malene | Nuuk | Guide to Greenland","og_description":"Udforsk bjerget Lille Malene, mens du vandrer p\u00e5 snesko. Et must have oplevelse, hvis du er i Nuuk, mens du bes\u00f8ger Gr\u00f8nland.","og_url":"https:\/\/guidetogreenland.com\/da\/reserver-ferie-rejser\/snesko-vandretur-lille-malene-nuuk\/","og_site_name":"Guide to Greenland","article_modified_time":"2020-11-17T14:46:08+00:00","og_image":[{"width":926,"height":617,"url":"https:\/\/guidetogreenland.com\/wp-content\/uploads\/2020\/05\/half-day-snowshoe-hike-nuuk-6-Guide-to-Greenland-2.jpg","type":"image\/jpeg"}],"twitter_card":"summary_large_image","twitter_misc":{"Estimeret l\u00e6setid":"1 minut"},"schema":{"@context":"https:\/\/schema.org","@graph":[{"@type":"WebPage","@id":"https:\/\/guidetogreenland.com\/da\/reserver-ferie-rejser\/snesko-vandretur-lille-malene-nuuk\/","url":"https:\/\/guidetogreenland.com\/da\/reserver-ferie-rejser\/snesko-vandretur-lille-malene-nuuk\/","name":"Snesko vandretur | Lille Malene | Nuuk | Guide to Greenland","isPartOf":{"@id":"https:\/\/guidetogreenland.com\/da\/#website"},"primaryImageOfPage":{"@id":"https:\/\/guidetogreenland.com\/da\/reserver-ferie-rejser\/snesko-vandretur-lille-malene-nuuk\/#primaryimage"},"image":{"@id":"https:\/\/guidetogreenland.com\/da\/reserver-ferie-rejser\/snesko-vandretur-lille-malene-nuuk\/#primaryimage"},"thumbnailUrl":"https:\/\/guidetogreenland.com\/wp-content\/uploads\/2020\/05\/half-day-snowshoe-hike-nuuk-6-Guide-to-Greenland-2.jpg","datePublished":"2020-05-13T13:25:10+00:00","dateModified":"2020-11-17T14:46:08+00:00","description":"Udforsk bjerget Lille Malene, mens du vandrer p\u00e5 snesko. Et must have oplevelse, hvis du er i Nuuk, mens du bes\u00f8ger Gr\u00f8nland.","breadcrumb":{"@id":"https:\/\/guidetogreenland.com\/da\/reserver-ferie-rejser\/snesko-vandretur-lille-malene-nuuk\/#breadcrumb"},"inLanguage":"da-DK","potentialAction":[{"@type":"ReadAction","target":["https:\/\/guidetogreenland.com\/da\/reserver-ferie-rejser\/snesko-vandretur-lille-malene-nuuk\/"]}]},{"@type":"ImageObject","inLanguage":"da-DK","@id":"https:\/\/guidetogreenland.com\/da\/reserver-ferie-rejser\/snesko-vandretur-lille-malene-nuuk\/#primaryimage","url":"https:\/\/guidetogreenland.com\/wp-content\/uploads\/2020\/05\/half-day-snowshoe-hike-nuuk-6-Guide-to-Greenland-2.jpg","contentUrl":"https:\/\/guidetogreenland.com\/wp-content\/uploads\/2020\/05\/half-day-snowshoe-hike-nuuk-6-Guide-to-Greenland-2.jpg","width":926,"height":617},{"@type":"BreadcrumbList","@id":"https:\/\/guidetogreenland.com\/da\/reserver-ferie-rejser\/snesko-vandretur-lille-malene-nuuk\/#breadcrumb","itemListElement":[{"@type":"ListItem","position":1,"name":"Home","item":"https:\/\/guidetogreenland.com\/da\/"},{"@type":"ListItem","position":2,"name":"Se alle ture","item":"https:\/\/guidetogreenland.com\/da\/reserver-ferie-rejser\/"},{"@type":"ListItem","position":3,"name":"Snesko vandretur | Lille Malene | Nuuk"}]},{"@type":"WebSite","@id":"https:\/\/guidetogreenland.com\/da\/#website","url":"https:\/\/guidetogreenland.com\/da\/","name":"Guide to Greenland","description":"Largest selection of tours in Greenland","potentialAction":[{"@type":"SearchAction","target":{"@type":"EntryPoint","urlTemplate":"https:\/\/guidetogreenland.com\/da\/?s={search_term_string}"},"query-input":{"@type":"PropertyValueSpecification","valueRequired":true,"valueName":"search_term_string"}}],"inLanguage":"da-DK"}]}},"_links":{"self":[{"href":"https:\/\/guidetogreenland.com\/da\/wp-json\/wp\/v2\/product\/13326","targetHints":{"allow":["GET"]}}],"collection":[{"href":"https:\/\/guidetogreenland.com\/da\/wp-json\/wp\/v2\/product"}],"about":[{"href":"https:\/\/guidetogreenland.com\/da\/wp-json\/wp\/v2\/types\/product"}],"replies":[{"embeddable":true,"href":"https:\/\/guidetogreenland.com\/da\/wp-json\/wp\/v2\/comments?post=13326"}],"wp:featuredmedia":[{"embeddable":true,"href":"https:\/\/guidetogreenland.com\/da\/wp-json\/wp\/v2\/media\/13328"}],"wp:attachment":[{"href":"https:\/\/guidetogreenland.com\/da\/wp-json\/wp\/v2\/media?parent=13326"}],"wp:term":[{"taxonomy":"product_brand","embeddable":true,"href":"https:\/\/guidetogreenland.com\/da\/wp-json\/wp\/v2\/product_brand?post=13326"},{"taxonomy":"product_cat","embeddable":true,"href":"https:\/\/guidetogreenland.com\/da\/wp-json\/wp\/v2\/product_cat?post=13326"},{"taxonomy":"product_tag","embeddable":true,"href":"https:\/\/guidetogreenland.com\/da\/wp-json\/wp\/v2\/product_tag?post=13326"}],"curies":[{"name":"wp","href":"https:\/\/api.w.org\/{rel}","templated":true}]}}