{"id":13335,"date":"2020-05-13T14:43:41","date_gmt":"2020-05-13T14:43:41","guid":{"rendered":"https:\/\/guidetogreenland.com\/book-trips-holiday\/helicopter-summit-flight-nuuk\/"},"modified":"2023-03-24T14:38:37","modified_gmt":"2023-03-24T17:38:37","slug":"helicopter-summit-flight-nuuk","status":"publish","type":"product","link":"https:\/\/guidetogreenland.com\/da\/reserver-ferie-rejser\/helikoptertur-til-fjeldtop-flightseeing-nuuk\/","title":{"rendered":"Helikoptertur til Fjeldtop | Flightseeing | Nuuk"},"content":{"rendered":"<p class=\"x-18pep25\">Kom med op over skyerne, og giv dig selv eller en du holder af, en oplevelse for livet!. Denne tur vil forsyne dig med en uforglemmelig oplevelse. Vi tager dig til toppen af Kingittorsuaq, ogs\u00e5 kendt som hjortetakken, hvor du vil kunne opleve Nuuk&#8217;s bedste udsigt.<\/p>\n<p class=\"x-18pep25\">Kingittorsuaqs bjergspids er 1118 meter over havets overflade, og befinder sig ved munden af kobberfjorden. Det siges at bjerget kan ses 150 km v\u00e6k. Bjergets 2 spidser ligner hjortetakke, og en lokal myte siger at hvis der er skyer p\u00e5 toppen af takkerne &#8211; varsler det stormvejr.<\/p>\n<p class=\"e1imf5dp0 x-jm2771\">Dit eventyr starter i Nuuk Lufthavn, hvor du og din<span class=\"x-12abj6v e1uuu2lt3\">e medrejsende bliver budt velkommen af Air Greenlands personale. Herefter vil i blive tildelt en plads i AS-350 helikopteren, der sikkert vil transportere jer fra Nuuk og til pleatuet p\u00e5 hjortetakken. F\u00f8r afgang vil piloten giver jer en oversigt over dagens rute og turens h\u00f8jdepunkt. Sp\u00e6nd dine sele og lads os komme afsted!<\/span><\/p>\n<p class=\"e1imf5dp0 x-jm2771\"><span class=\"x-12abj6v e1uuu2lt3\">Piloten s\u00e6tter kursen mod Kingittorsuaq, og undervejs flyver vi over Nuuk, hvor du vil kunne betragte hovedstadens\u00a0sm\u00e5\u00a0bugte og bjergtoppe. Det sceniske landskab er ren balsam for sj\u00e6len, s\u00e5 l\u00e6n dig tilbage og nyd turen! Landingen p\u00e5 bjergtoppen er en oplevelse i sig selv, og du vil kunne m\u00e6rke adrenalinen suse gennem din krop, mens piloten finder et solidt fodf\u00e6ste.\u00a0 Hop ud af helikopteren og nyd den fortryllende og magiske udsigt. Fra toppen af Kingittorsuaq vil du kunne se over Nuuk og dets omkringliggende fjordsystem, du vil endvidere kunne se langt over det bare og r\u00e5 Nordland.\u00a0<\/span><\/p>\n<p class=\"e1imf5dp0 x-jm2771\"><span class=\"x-12abj6v e1uuu2lt3\">G\u00e5 ikke glip af denne enest\u00e5ende oplevelse, og book din tur idag. Se tilg\u00e6ngeligheden ved at trykke p\u00e5 &#8216;V\u00e6lg dato&#8217; ovenover og book din tur idag.<\/span><\/p>\n","protected":false},"excerpt":{"rendered":"Kom med op over skyerne, og giv dig selv eller en du holder af, en oplevelse for livet!. Denne tur vil forsyne dig med en uforglemmelig oplevelse. Vi tager dig til toppen af Kingittorsuaq, ogs\u00e5 kendt som hjortetakken, hvor du vil kunne opleve Nuuk&#8217;s bedste udsigt. Kingittorsuaqs bjergspids er 1118 meter over havets overflade, og&#8230;","protected":false},"featured_media":13337,"comment_status":"open","ping_status":"closed","template":"","meta":[],"product_brand":[],"product_cat":[605,604,593,652,633],"product_tag":[893],"class_list":{"0":"post-13335","1":"product","2":"type-product","3":"status-publish","4":"has-post-thumbnail","6":"product_cat-dagsture-om-sommeren","7":"product_cat-fly-og-helikopterture","8":"product_cat-oplevelser-i-groenland","9":"product_cat-ture-i-nuuk","10":"product_cat-vestgroenland","11":"product_tag-nuuk-da","12":"pa_activities-sightseeing-med-fly","13":"pa_activities-charterrede-ture","14":"pa_attractions-nuuk-fjord","15":"pa_available-month-juli","16":"pa_available-month-august","17":"pa_destinations-nuuk","18":"pa_difficulty-let","19":"pa_duration-1-time","20":"pa_tour-type-dagsture","21":"yith_shop_vendor-air-greenland-da","23":"first","24":"instock","25":"virtual","26":"sold-individually","27":"purchasable","28":"product-type-booking"},"acf":[],"yoast_head":"<!-- This site is optimized with the Yoast SEO plugin v25.6 - https:\/\/yoast.com\/wordpress\/plugins\/seo\/ -->\n<title>Helikoptertur til Fjeldtop | Flightseeing | Nuuk | Guide to Greenland<\/title>\n<meta name=\"description\" content=\"For den ultimative oplevelse i Nuuk, tag en natursk\u00f8n helikopterflyvning og lande p\u00e5 et fjernt bjergtop. Klik igennem for at booke denne livs rejse.\" \/>\n<meta name=\"robots\" content=\"index, follow, max-snippet:-1, max-image-preview:large, max-video-preview:-1\" \/>\n<link rel=\"canonical\" href=\"https:\/\/guidetogreenland.com\/da\/reserver-ferie-rejser\/helikoptertur-til-fjeldtop-flightseeing-nuuk\/\" \/>\n<meta property=\"og:locale\" content=\"da_DK\" \/>\n<meta property=\"og:type\" content=\"article\" \/>\n<meta property=\"og:title\" content=\"Helikoptertur til Fjeldtop | Flightseeing | Nuuk | Guide to Greenland\" \/>\n<meta property=\"og:description\" content=\"For den ultimative oplevelse i Nuuk, tag en natursk\u00f8n helikopterflyvning og lande p\u00e5 et fjernt bjergtop. Klik igennem for at booke denne livs rejse.\" \/>\n<meta property=\"og:url\" content=\"https:\/\/guidetogreenland.com\/da\/reserver-ferie-rejser\/helikoptertur-til-fjeldtop-flightseeing-nuuk\/\" \/>\n<meta property=\"og:site_name\" content=\"Guide to Greenland\" \/>\n<meta property=\"article:modified_time\" content=\"2023-03-24T17:38:37+00:00\" \/>\n<meta property=\"og:image\" content=\"https:\/\/guidetogreenland.com\/wp-content\/uploads\/2020\/05\/nuuk-scenic-helicopter-summit-flight-the-views-from-the-landing-site-are-incredible-summer-Guide-to-Greenland-scaled.jpg\" \/>\n\t<meta property=\"og:image:width\" content=\"2560\" \/>\n\t<meta property=\"og:image:height\" content=\"1707\" \/>\n\t<meta property=\"og:image:type\" content=\"image\/jpeg\" \/>\n<meta name=\"twitter:card\" content=\"summary_large_image\" \/>\n<meta name=\"twitter:label1\" content=\"Estimeret l\u00e6setid\" \/>\n\t<meta name=\"twitter:data1\" content=\"1 minut\" \/>\n<script type=\"application\/ld+json\" class=\"yoast-schema-graph\">{\"@context\":\"https:\/\/schema.org\",\"@graph\":[{\"@type\":\"WebPage\",\"@id\":\"https:\/\/guidetogreenland.com\/da\/reserver-ferie-rejser\/helikoptertur-til-fjeldtop-flightseeing-nuuk\/\",\"url\":\"https:\/\/guidetogreenland.com\/da\/reserver-ferie-rejser\/helikoptertur-til-fjeldtop-flightseeing-nuuk\/\",\"name\":\"Helikoptertur til Fjeldtop | Flightseeing | Nuuk | Guide to Greenland\",\"isPartOf\":{\"@id\":\"https:\/\/guidetogreenland.com\/da\/#website\"},\"primaryImageOfPage\":{\"@id\":\"https:\/\/guidetogreenland.com\/da\/reserver-ferie-rejser\/helikoptertur-til-fjeldtop-flightseeing-nuuk\/#primaryimage\"},\"image\":{\"@id\":\"https:\/\/guidetogreenland.com\/da\/reserver-ferie-rejser\/helikoptertur-til-fjeldtop-flightseeing-nuuk\/#primaryimage\"},\"thumbnailUrl\":\"https:\/\/guidetogreenland.com\/wp-content\/uploads\/2020\/05\/nuuk-scenic-helicopter-summit-flight-the-views-from-the-landing-site-are-incredible-summer-Guide-to-Greenland-scaled.jpg\",\"datePublished\":\"2020-05-13T14:43:41+00:00\",\"dateModified\":\"2023-03-24T17:38:37+00:00\",\"description\":\"For den ultimative oplevelse i Nuuk, tag en natursk\u00f8n helikopterflyvning og lande p\u00e5 et fjernt bjergtop. Klik igennem for at booke denne livs rejse.\",\"breadcrumb\":{\"@id\":\"https:\/\/guidetogreenland.com\/da\/reserver-ferie-rejser\/helikoptertur-til-fjeldtop-flightseeing-nuuk\/#breadcrumb\"},\"inLanguage\":\"da-DK\",\"potentialAction\":[{\"@type\":\"ReadAction\",\"target\":[\"https:\/\/guidetogreenland.com\/da\/reserver-ferie-rejser\/helikoptertur-til-fjeldtop-flightseeing-nuuk\/\"]}]},{\"@type\":\"ImageObject\",\"inLanguage\":\"da-DK\",\"@id\":\"https:\/\/guidetogreenland.com\/da\/reserver-ferie-rejser\/helikoptertur-til-fjeldtop-flightseeing-nuuk\/#primaryimage\",\"url\":\"https:\/\/guidetogreenland.com\/wp-content\/uploads\/2020\/05\/nuuk-scenic-helicopter-summit-flight-the-views-from-the-landing-site-are-incredible-summer-Guide-to-Greenland-scaled.jpg\",\"contentUrl\":\"https:\/\/guidetogreenland.com\/wp-content\/uploads\/2020\/05\/nuuk-scenic-helicopter-summit-flight-the-views-from-the-landing-site-are-incredible-summer-Guide-to-Greenland-scaled.jpg\",\"width\":2560,\"height\":1707},{\"@type\":\"BreadcrumbList\",\"@id\":\"https:\/\/guidetogreenland.com\/da\/reserver-ferie-rejser\/helikoptertur-til-fjeldtop-flightseeing-nuuk\/#breadcrumb\",\"itemListElement\":[{\"@type\":\"ListItem\",\"position\":1,\"name\":\"Home\",\"item\":\"https:\/\/guidetogreenland.com\/da\/\"},{\"@type\":\"ListItem\",\"position\":2,\"name\":\"Se alle ture\",\"item\":\"https:\/\/guidetogreenland.com\/da\/reserver-ferie-rejser\/\"},{\"@type\":\"ListItem\",\"position\":3,\"name\":\"Helikoptertur til Fjeldtop | Flightseeing | Nuuk\"}]},{\"@type\":\"WebSite\",\"@id\":\"https:\/\/guidetogreenland.com\/da\/#website\",\"url\":\"https:\/\/guidetogreenland.com\/da\/\",\"name\":\"Guide to Greenland\",\"description\":\"Largest selection of tours in Greenland\",\"potentialAction\":[{\"@type\":\"SearchAction\",\"target\":{\"@type\":\"EntryPoint\",\"urlTemplate\":\"https:\/\/guidetogreenland.com\/da\/?s={search_term_string}\"},\"query-input\":{\"@type\":\"PropertyValueSpecification\",\"valueRequired\":true,\"valueName\":\"search_term_string\"}}],\"inLanguage\":\"da-DK\"}]}<\/script>\n<!-- \/ Yoast SEO plugin. -->","yoast_head_json":{"title":"Helikoptertur til Fjeldtop | Flightseeing | Nuuk | Guide to Greenland","description":"For den ultimative oplevelse i Nuuk, tag en natursk\u00f8n helikopterflyvning og lande p\u00e5 et fjernt bjergtop. Klik igennem for at booke denne livs rejse.","robots":{"index":"index","follow":"follow","max-snippet":"max-snippet:-1","max-image-preview":"max-image-preview:large","max-video-preview":"max-video-preview:-1"},"canonical":"https:\/\/guidetogreenland.com\/da\/reserver-ferie-rejser\/helikoptertur-til-fjeldtop-flightseeing-nuuk\/","og_locale":"da_DK","og_type":"article","og_title":"Helikoptertur til Fjeldtop | Flightseeing | Nuuk | Guide to Greenland","og_description":"For den ultimative oplevelse i Nuuk, tag en natursk\u00f8n helikopterflyvning og lande p\u00e5 et fjernt bjergtop. Klik igennem for at booke denne livs rejse.","og_url":"https:\/\/guidetogreenland.com\/da\/reserver-ferie-rejser\/helikoptertur-til-fjeldtop-flightseeing-nuuk\/","og_site_name":"Guide to Greenland","article_modified_time":"2023-03-24T17:38:37+00:00","og_image":[{"width":2560,"height":1707,"url":"https:\/\/guidetogreenland.com\/wp-content\/uploads\/2020\/05\/nuuk-scenic-helicopter-summit-flight-the-views-from-the-landing-site-are-incredible-summer-Guide-to-Greenland-scaled.jpg","type":"image\/jpeg"}],"twitter_card":"summary_large_image","twitter_misc":{"Estimeret l\u00e6setid":"1 minut"},"schema":{"@context":"https:\/\/schema.org","@graph":[{"@type":"WebPage","@id":"https:\/\/guidetogreenland.com\/da\/reserver-ferie-rejser\/helikoptertur-til-fjeldtop-flightseeing-nuuk\/","url":"https:\/\/guidetogreenland.com\/da\/reserver-ferie-rejser\/helikoptertur-til-fjeldtop-flightseeing-nuuk\/","name":"Helikoptertur til Fjeldtop | Flightseeing | Nuuk | Guide to Greenland","isPartOf":{"@id":"https:\/\/guidetogreenland.com\/da\/#website"},"primaryImageOfPage":{"@id":"https:\/\/guidetogreenland.com\/da\/reserver-ferie-rejser\/helikoptertur-til-fjeldtop-flightseeing-nuuk\/#primaryimage"},"image":{"@id":"https:\/\/guidetogreenland.com\/da\/reserver-ferie-rejser\/helikoptertur-til-fjeldtop-flightseeing-nuuk\/#primaryimage"},"thumbnailUrl":"https:\/\/guidetogreenland.com\/wp-content\/uploads\/2020\/05\/nuuk-scenic-helicopter-summit-flight-the-views-from-the-landing-site-are-incredible-summer-Guide-to-Greenland-scaled.jpg","datePublished":"2020-05-13T14:43:41+00:00","dateModified":"2023-03-24T17:38:37+00:00","description":"For den ultimative oplevelse i Nuuk, tag en natursk\u00f8n helikopterflyvning og lande p\u00e5 et fjernt bjergtop. Klik igennem for at booke denne livs rejse.","breadcrumb":{"@id":"https:\/\/guidetogreenland.com\/da\/reserver-ferie-rejser\/helikoptertur-til-fjeldtop-flightseeing-nuuk\/#breadcrumb"},"inLanguage":"da-DK","potentialAction":[{"@type":"ReadAction","target":["https:\/\/guidetogreenland.com\/da\/reserver-ferie-rejser\/helikoptertur-til-fjeldtop-flightseeing-nuuk\/"]}]},{"@type":"ImageObject","inLanguage":"da-DK","@id":"https:\/\/guidetogreenland.com\/da\/reserver-ferie-rejser\/helikoptertur-til-fjeldtop-flightseeing-nuuk\/#primaryimage","url":"https:\/\/guidetogreenland.com\/wp-content\/uploads\/2020\/05\/nuuk-scenic-helicopter-summit-flight-the-views-from-the-landing-site-are-incredible-summer-Guide-to-Greenland-scaled.jpg","contentUrl":"https:\/\/guidetogreenland.com\/wp-content\/uploads\/2020\/05\/nuuk-scenic-helicopter-summit-flight-the-views-from-the-landing-site-are-incredible-summer-Guide-to-Greenland-scaled.jpg","width":2560,"height":1707},{"@type":"BreadcrumbList","@id":"https:\/\/guidetogreenland.com\/da\/reserver-ferie-rejser\/helikoptertur-til-fjeldtop-flightseeing-nuuk\/#breadcrumb","itemListElement":[{"@type":"ListItem","position":1,"name":"Home","item":"https:\/\/guidetogreenland.com\/da\/"},{"@type":"ListItem","position":2,"name":"Se alle ture","item":"https:\/\/guidetogreenland.com\/da\/reserver-ferie-rejser\/"},{"@type":"ListItem","position":3,"name":"Helikoptertur til Fjeldtop | Flightseeing | Nuuk"}]},{"@type":"WebSite","@id":"https:\/\/guidetogreenland.com\/da\/#website","url":"https:\/\/guidetogreenland.com\/da\/","name":"Guide to Greenland","description":"Largest selection of tours in Greenland","potentialAction":[{"@type":"SearchAction","target":{"@type":"EntryPoint","urlTemplate":"https:\/\/guidetogreenland.com\/da\/?s={search_term_string}"},"query-input":{"@type":"PropertyValueSpecification","valueRequired":true,"valueName":"search_term_string"}}],"inLanguage":"da-DK"}]}},"_links":{"self":[{"href":"https:\/\/guidetogreenland.com\/da\/wp-json\/wp\/v2\/product\/13335","targetHints":{"allow":["GET"]}}],"collection":[{"href":"https:\/\/guidetogreenland.com\/da\/wp-json\/wp\/v2\/product"}],"about":[{"href":"https:\/\/guidetogreenland.com\/da\/wp-json\/wp\/v2\/types\/product"}],"replies":[{"embeddable":true,"href":"https:\/\/guidetogreenland.com\/da\/wp-json\/wp\/v2\/comments?post=13335"}],"wp:featuredmedia":[{"embeddable":true,"href":"https:\/\/guidetogreenland.com\/da\/wp-json\/wp\/v2\/media\/13337"}],"wp:attachment":[{"href":"https:\/\/guidetogreenland.com\/da\/wp-json\/wp\/v2\/media?parent=13335"}],"wp:term":[{"taxonomy":"product_brand","embeddable":true,"href":"https:\/\/guidetogreenland.com\/da\/wp-json\/wp\/v2\/product_brand?post=13335"},{"taxonomy":"product_cat","embeddable":true,"href":"https:\/\/guidetogreenland.com\/da\/wp-json\/wp\/v2\/product_cat?post=13335"},{"taxonomy":"product_tag","embeddable":true,"href":"https:\/\/guidetogreenland.com\/da\/wp-json\/wp\/v2\/product_tag?post=13335"}],"curies":[{"name":"wp","href":"https:\/\/api.w.org\/{rel}","templated":true}]}}