{"id":13347,"date":"2020-05-13T14:59:13","date_gmt":"2020-05-13T14:59:13","guid":{"rendered":"https:\/\/guidetogreenland.com\/book-trips-holiday\/hike-along-the-icefjord-ilulissat-disko-bay\/"},"modified":"2020-11-17T15:56:12","modified_gmt":"2020-11-17T15:56:12","slug":"hike-along-the-icefjord-ilulissat-disko-bay","status":"publish","type":"product","link":"https:\/\/guidetogreenland.com\/da\/reserver-ferie-rejser\/vandretur-langs-isfjorden-ilulissat-diskobugten\/","title":{"rendered":"Vandretur Langs Isfjorden | Ilulissat | Diskobugten"},"content":{"rendered":"<p class=\"x-18pep25\">Sn\u00f8r dine vandre sko og kom med p\u00e5 denne guided vandre tur langs Ilulissat Isfjord! P\u00e5 denne tur vil du opleve det bedste Ilulissat har at byde p\u00e5, fra den arktiske tundra til den oplevelsesrige Sermermiut dal. Dette er en udvidet Sermermiut tur, der kombinere alle vores Sermermiut ture med en vandretur langs isfjorden! En enest\u00e5ende mulighed for dig der vil opleve Sermermiut dalens hemmeligheder og vidundere. P\u00e5 vandreturen vil guiden fort\u00e6lle dig og dine medrejsende om den gr\u00f8nlandske historie, geologi, fauna og flora.<\/p>\n<p class=\"e1imf5dp0 x-jm2771\">Ved Kussangajaannguaq 7 bliver\u00a0du introduceret til din guide, herefter bl<span class=\"x-12abj6v e1uuu2lt3\">iver du og dine medrejsende transporteret til Ilulissat&#8217;s gamle stenbrud. Fra stenbruddet venter der 4 til 5 timers vandring. Dagens f\u00f8rste destination er Seqinniarfik. Seqinniarfik betyder &#8221; Stedet hvor vi byder solen velkommen&#8221;, og hvert \u00e5r d.13 januar, samles borgerne i Ilulissat her og synger solen velkommen\u00a0efter den lange polarnat. Ved Seqinniarfik spiser vi vores madpakke og nyder udsigten af den uendelige is fjord. Fra Seqinniarfik g\u00e5r turen mod Nakkaavik.\u00a0Hold godt \u00f8je med pukkelhvalerne der leger gemmeleg mellem isfjeldende, mens du erobrer den arktiske tundra!<\/span><\/p>\n<p class=\"e1imf5dp0 x-jm2771\"><span class=\"x-12abj6v e1uuu2lt3\">Nakkaavik holder en af Ilulissats mest fortryllende udsigter. Da Inuitterne beboede Sermermiut, blev udsigten benyttet til et andet form\u00e5l. Ved Nakkaavik kl\u00f8ften ofrede de \u00e6ldre inuitter sig for bopladsens overlevelse. Den uendelige udsigt af isfjelde og lyden af deres smeltende dr\u00e5ber, er balsam for sj\u00e6len!<\/span><\/p>\n<p class=\"e1imf5dp0 x-jm2771\"><span class=\"x-12abj6v e1uuu2lt3\">Herefter vandrer vi mod Sermermiut, hvor vi undervejs unders\u00f8ger dalens skjulte inuit grave. Inuitternes ark\u00e6ologiske spor er til at finde i hele dalen, men ikke alle spor viser sig for det blotte \u00f8je, derfor hj\u00e6lper guiden dig med at afd\u00e6kke dalens hemmeligheder. Efter du og dine medrejsende har unders\u00f8gt de skjulte grave, g\u00e5r turen mod Sermermiut bopladsen. \u00a0Sermermiut bopladsen er har gennem 4000 \u00e5r v\u00e6ret beboet af forskellige inuit kulture, og ved bopladsen vil du kunne se inuitternes tilstedev\u00e6relse gennem ruiner af t\u00f8rvehytter. Et bes\u00f8g til Sermermiut bopladsen er en rejse tilbage i tiden, m\u00e6rk permafrosten med dine bare h\u00e6nder og unders\u00f8g de gamle ruiner! Vi returnere til Ilulissat og vandre mod den gamle heliport, hvor der venter transport tilbage til Kussangajaannguaq 7.<\/span><\/p>\n<p class=\"e1imf5dp0 x-jm2771\"><span class=\"x-12abj6v e1uuu2lt3\">Kom med p\u00e5 denne vandretur langs isfjorden og g\u00e5 i inuitternes fodspor! \u00a0For at se turens tilg\u00e6ngelighed tryk \u2019V\u00e6lge en dato\u2019 ovenfor.<\/span><\/p>\n","protected":false},"excerpt":{"rendered":"Sn\u00f8r dine vandre sko og kom med p\u00e5 denne guided vandre tur langs Ilulissat Isfjord! P\u00e5 denne tur vil du opleve det bedste Ilulissat har at byde p\u00e5, fra den arktiske tundra til den oplevelsesrige Sermermiut dal. Dette er en udvidet Sermermiut tur, der kombinere alle vores Sermermiut ture med en vandretur langs isfjorden! En&#8230;","protected":false},"featured_media":13348,"comment_status":"open","ping_status":"closed","template":"","meta":[],"product_brand":[],"product_cat":[605,629,622,624,692,617,612,593,643,644,625,608],"product_tag":[919],"class_list":{"0":"post-13347","1":"product","2":"type-product","3":"status-publish","4":"has-post-thumbnail","6":"product_cat-dagsture-om-sommeren","7":"product_cat-disko-bugten","8":"product_cat-groenlandsk-kultur","9":"product_cat-historiske-ture","10":"product_cat-iceberg-icefjord-tours","11":"product_cat-ilulissat-isfjord-ture","12":"product_cat-natur-og-dyreliv-i-groenland","13":"product_cat-oplevelser-i-groenland","14":"product_cat-ture-i-hver-by","15":"product_cat-ture-i-ilulissat","16":"product_cat-ture-til-verdensarv-steder-i-groenland","17":"product_cat-vandre-og-trekkingture","18":"product_tag-ilulissat-da","19":"pa_activities-vandretur","20":"pa_attractions-ilulissat-icefjord-da","21":"pa_attractions-ilulissat-icefjord","22":"pa_available-month-juni","23":"pa_available-month-juli","24":"pa_available-month-august","25":"pa_available-month-september","26":"pa_destinations-ilulissat","27":"pa_difficulty-let","28":"pa_duration-5-timer","29":"pa_tour-type-dagsture","30":"yith_shop_vendor-world-of-greenland-ilulissat-da","32":"first","33":"instock","34":"virtual","35":"sold-individually","36":"purchasable","37":"product-type-booking"},"acf":[],"yoast_head":"<!-- This site is optimized with the Yoast SEO plugin v25.6 - https:\/\/yoast.com\/wordpress\/plugins\/seo\/ -->\n<title>Vandretur Langs Isfjorden | Ilulissat | Diskobugten | Guide to Greenland<\/title>\n<meta name=\"robots\" content=\"index, follow, max-snippet:-1, max-image-preview:large, max-video-preview:-1\" \/>\n<link rel=\"canonical\" href=\"https:\/\/guidetogreenland.com\/da\/reserver-ferie-rejser\/vandretur-langs-isfjorden-ilulissat-diskobugten\/\" \/>\n<meta property=\"og:locale\" content=\"da_DK\" \/>\n<meta property=\"og:type\" content=\"article\" \/>\n<meta property=\"og:title\" content=\"Vandretur Langs Isfjorden | Ilulissat | Diskobugten | Guide to Greenland\" \/>\n<meta property=\"og:description\" content=\"Sn\u00f8r dine vandre sko og kom med p\u00e5 denne guided vandre tur langs Ilulissat Isfjord! P\u00e5 denne tur vil du opleve det bedste Ilulissat har at byde p\u00e5, fra den arktiske tundra til den oplevelsesrige Sermermiut dal. Dette er en udvidet Sermermiut tur, der kombinere alle vores Sermermiut ture med en vandretur langs isfjorden! En...\" \/>\n<meta property=\"og:url\" content=\"https:\/\/guidetogreenland.com\/da\/reserver-ferie-rejser\/vandretur-langs-isfjorden-ilulissat-diskobugten\/\" \/>\n<meta property=\"og:site_name\" content=\"Guide to Greenland\" \/>\n<meta property=\"article:modified_time\" content=\"2020-11-17T15:56:12+00:00\" \/>\n<meta property=\"og:image\" content=\"https:\/\/guidetogreenland.com\/wp-content\/uploads\/2020\/05\/hike-along-the-icefjord-ilulissat-disko-bay-Guide-to-Greenland-2.jpg\" \/>\n\t<meta property=\"og:image:width\" content=\"926\" \/>\n\t<meta property=\"og:image:height\" content=\"1235\" \/>\n\t<meta property=\"og:image:type\" content=\"image\/jpeg\" \/>\n<meta name=\"twitter:card\" content=\"summary_large_image\" \/>\n<meta name=\"twitter:label1\" content=\"Estimeret l\u00e6setid\" \/>\n\t<meta name=\"twitter:data1\" content=\"2 minutter\" \/>\n<script type=\"application\/ld+json\" class=\"yoast-schema-graph\">{\"@context\":\"https:\/\/schema.org\",\"@graph\":[{\"@type\":\"WebPage\",\"@id\":\"https:\/\/guidetogreenland.com\/da\/reserver-ferie-rejser\/vandretur-langs-isfjorden-ilulissat-diskobugten\/\",\"url\":\"https:\/\/guidetogreenland.com\/da\/reserver-ferie-rejser\/vandretur-langs-isfjorden-ilulissat-diskobugten\/\",\"name\":\"Vandretur Langs Isfjorden | Ilulissat | Diskobugten | Guide to Greenland\",\"isPartOf\":{\"@id\":\"https:\/\/guidetogreenland.com\/da\/#website\"},\"primaryImageOfPage\":{\"@id\":\"https:\/\/guidetogreenland.com\/da\/reserver-ferie-rejser\/vandretur-langs-isfjorden-ilulissat-diskobugten\/#primaryimage\"},\"image\":{\"@id\":\"https:\/\/guidetogreenland.com\/da\/reserver-ferie-rejser\/vandretur-langs-isfjorden-ilulissat-diskobugten\/#primaryimage\"},\"thumbnailUrl\":\"https:\/\/guidetogreenland.com\/wp-content\/uploads\/2020\/05\/hike-along-the-icefjord-ilulissat-disko-bay-Guide-to-Greenland-2.jpg\",\"datePublished\":\"2020-05-13T14:59:13+00:00\",\"dateModified\":\"2020-11-17T15:56:12+00:00\",\"breadcrumb\":{\"@id\":\"https:\/\/guidetogreenland.com\/da\/reserver-ferie-rejser\/vandretur-langs-isfjorden-ilulissat-diskobugten\/#breadcrumb\"},\"inLanguage\":\"da-DK\",\"potentialAction\":[{\"@type\":\"ReadAction\",\"target\":[\"https:\/\/guidetogreenland.com\/da\/reserver-ferie-rejser\/vandretur-langs-isfjorden-ilulissat-diskobugten\/\"]}]},{\"@type\":\"ImageObject\",\"inLanguage\":\"da-DK\",\"@id\":\"https:\/\/guidetogreenland.com\/da\/reserver-ferie-rejser\/vandretur-langs-isfjorden-ilulissat-diskobugten\/#primaryimage\",\"url\":\"https:\/\/guidetogreenland.com\/wp-content\/uploads\/2020\/05\/hike-along-the-icefjord-ilulissat-disko-bay-Guide-to-Greenland-2.jpg\",\"contentUrl\":\"https:\/\/guidetogreenland.com\/wp-content\/uploads\/2020\/05\/hike-along-the-icefjord-ilulissat-disko-bay-Guide-to-Greenland-2.jpg\",\"width\":926,\"height\":1235},{\"@type\":\"BreadcrumbList\",\"@id\":\"https:\/\/guidetogreenland.com\/da\/reserver-ferie-rejser\/vandretur-langs-isfjorden-ilulissat-diskobugten\/#breadcrumb\",\"itemListElement\":[{\"@type\":\"ListItem\",\"position\":1,\"name\":\"Home\",\"item\":\"https:\/\/guidetogreenland.com\/da\/\"},{\"@type\":\"ListItem\",\"position\":2,\"name\":\"Se alle ture\",\"item\":\"https:\/\/guidetogreenland.com\/da\/reserver-ferie-rejser\/\"},{\"@type\":\"ListItem\",\"position\":3,\"name\":\"Vandretur Langs Isfjorden | Ilulissat | Diskobugten\"}]},{\"@type\":\"WebSite\",\"@id\":\"https:\/\/guidetogreenland.com\/da\/#website\",\"url\":\"https:\/\/guidetogreenland.com\/da\/\",\"name\":\"Guide to Greenland\",\"description\":\"Largest selection of tours in Greenland\",\"potentialAction\":[{\"@type\":\"SearchAction\",\"target\":{\"@type\":\"EntryPoint\",\"urlTemplate\":\"https:\/\/guidetogreenland.com\/da\/?s={search_term_string}\"},\"query-input\":{\"@type\":\"PropertyValueSpecification\",\"valueRequired\":true,\"valueName\":\"search_term_string\"}}],\"inLanguage\":\"da-DK\"}]}<\/script>\n<!-- \/ Yoast SEO plugin. -->","yoast_head_json":{"title":"Vandretur Langs Isfjorden | Ilulissat | Diskobugten | Guide to Greenland","robots":{"index":"index","follow":"follow","max-snippet":"max-snippet:-1","max-image-preview":"max-image-preview:large","max-video-preview":"max-video-preview:-1"},"canonical":"https:\/\/guidetogreenland.com\/da\/reserver-ferie-rejser\/vandretur-langs-isfjorden-ilulissat-diskobugten\/","og_locale":"da_DK","og_type":"article","og_title":"Vandretur Langs Isfjorden | Ilulissat | Diskobugten | Guide to Greenland","og_description":"Sn\u00f8r dine vandre sko og kom med p\u00e5 denne guided vandre tur langs Ilulissat Isfjord! P\u00e5 denne tur vil du opleve det bedste Ilulissat har at byde p\u00e5, fra den arktiske tundra til den oplevelsesrige Sermermiut dal. Dette er en udvidet Sermermiut tur, der kombinere alle vores Sermermiut ture med en vandretur langs isfjorden! En...","og_url":"https:\/\/guidetogreenland.com\/da\/reserver-ferie-rejser\/vandretur-langs-isfjorden-ilulissat-diskobugten\/","og_site_name":"Guide to Greenland","article_modified_time":"2020-11-17T15:56:12+00:00","og_image":[{"width":926,"height":1235,"url":"https:\/\/guidetogreenland.com\/wp-content\/uploads\/2020\/05\/hike-along-the-icefjord-ilulissat-disko-bay-Guide-to-Greenland-2.jpg","type":"image\/jpeg"}],"twitter_card":"summary_large_image","twitter_misc":{"Estimeret l\u00e6setid":"2 minutter"},"schema":{"@context":"https:\/\/schema.org","@graph":[{"@type":"WebPage","@id":"https:\/\/guidetogreenland.com\/da\/reserver-ferie-rejser\/vandretur-langs-isfjorden-ilulissat-diskobugten\/","url":"https:\/\/guidetogreenland.com\/da\/reserver-ferie-rejser\/vandretur-langs-isfjorden-ilulissat-diskobugten\/","name":"Vandretur Langs Isfjorden | Ilulissat | Diskobugten | Guide to Greenland","isPartOf":{"@id":"https:\/\/guidetogreenland.com\/da\/#website"},"primaryImageOfPage":{"@id":"https:\/\/guidetogreenland.com\/da\/reserver-ferie-rejser\/vandretur-langs-isfjorden-ilulissat-diskobugten\/#primaryimage"},"image":{"@id":"https:\/\/guidetogreenland.com\/da\/reserver-ferie-rejser\/vandretur-langs-isfjorden-ilulissat-diskobugten\/#primaryimage"},"thumbnailUrl":"https:\/\/guidetogreenland.com\/wp-content\/uploads\/2020\/05\/hike-along-the-icefjord-ilulissat-disko-bay-Guide-to-Greenland-2.jpg","datePublished":"2020-05-13T14:59:13+00:00","dateModified":"2020-11-17T15:56:12+00:00","breadcrumb":{"@id":"https:\/\/guidetogreenland.com\/da\/reserver-ferie-rejser\/vandretur-langs-isfjorden-ilulissat-diskobugten\/#breadcrumb"},"inLanguage":"da-DK","potentialAction":[{"@type":"ReadAction","target":["https:\/\/guidetogreenland.com\/da\/reserver-ferie-rejser\/vandretur-langs-isfjorden-ilulissat-diskobugten\/"]}]},{"@type":"ImageObject","inLanguage":"da-DK","@id":"https:\/\/guidetogreenland.com\/da\/reserver-ferie-rejser\/vandretur-langs-isfjorden-ilulissat-diskobugten\/#primaryimage","url":"https:\/\/guidetogreenland.com\/wp-content\/uploads\/2020\/05\/hike-along-the-icefjord-ilulissat-disko-bay-Guide-to-Greenland-2.jpg","contentUrl":"https:\/\/guidetogreenland.com\/wp-content\/uploads\/2020\/05\/hike-along-the-icefjord-ilulissat-disko-bay-Guide-to-Greenland-2.jpg","width":926,"height":1235},{"@type":"BreadcrumbList","@id":"https:\/\/guidetogreenland.com\/da\/reserver-ferie-rejser\/vandretur-langs-isfjorden-ilulissat-diskobugten\/#breadcrumb","itemListElement":[{"@type":"ListItem","position":1,"name":"Home","item":"https:\/\/guidetogreenland.com\/da\/"},{"@type":"ListItem","position":2,"name":"Se alle ture","item":"https:\/\/guidetogreenland.com\/da\/reserver-ferie-rejser\/"},{"@type":"ListItem","position":3,"name":"Vandretur Langs Isfjorden | Ilulissat | Diskobugten"}]},{"@type":"WebSite","@id":"https:\/\/guidetogreenland.com\/da\/#website","url":"https:\/\/guidetogreenland.com\/da\/","name":"Guide to Greenland","description":"Largest selection of tours in Greenland","potentialAction":[{"@type":"SearchAction","target":{"@type":"EntryPoint","urlTemplate":"https:\/\/guidetogreenland.com\/da\/?s={search_term_string}"},"query-input":{"@type":"PropertyValueSpecification","valueRequired":true,"valueName":"search_term_string"}}],"inLanguage":"da-DK"}]}},"_links":{"self":[{"href":"https:\/\/guidetogreenland.com\/da\/wp-json\/wp\/v2\/product\/13347","targetHints":{"allow":["GET"]}}],"collection":[{"href":"https:\/\/guidetogreenland.com\/da\/wp-json\/wp\/v2\/product"}],"about":[{"href":"https:\/\/guidetogreenland.com\/da\/wp-json\/wp\/v2\/types\/product"}],"replies":[{"embeddable":true,"href":"https:\/\/guidetogreenland.com\/da\/wp-json\/wp\/v2\/comments?post=13347"}],"wp:featuredmedia":[{"embeddable":true,"href":"https:\/\/guidetogreenland.com\/da\/wp-json\/wp\/v2\/media\/13348"}],"wp:attachment":[{"href":"https:\/\/guidetogreenland.com\/da\/wp-json\/wp\/v2\/media?parent=13347"}],"wp:term":[{"taxonomy":"product_brand","embeddable":true,"href":"https:\/\/guidetogreenland.com\/da\/wp-json\/wp\/v2\/product_brand?post=13347"},{"taxonomy":"product_cat","embeddable":true,"href":"https:\/\/guidetogreenland.com\/da\/wp-json\/wp\/v2\/product_cat?post=13347"},{"taxonomy":"product_tag","embeddable":true,"href":"https:\/\/guidetogreenland.com\/da\/wp-json\/wp\/v2\/product_tag?post=13347"}],"curies":[{"name":"wp","href":"https:\/\/api.w.org\/{rel}","templated":true}]}}