{"id":13350,"date":"2020-05-13T15:14:09","date_gmt":"2020-05-13T15:14:09","guid":{"rendered":"https:\/\/guidetogreenland.com\/book-trips-holiday\/hike-among-the-mountains-nuuk\/"},"modified":"2023-06-02T14:51:34","modified_gmt":"2023-06-02T17:51:34","slug":"hike-among-the-mountains-nuuk","status":"publish","type":"product","link":"https:\/\/guidetogreenland.com\/da\/reserver-ferie-rejser\/guidet-vandretur-mellem-fjeldene-nuuk\/","title":{"rendered":"Guidet Vandretur mellem fjeldene | Nuuk"},"content":{"rendered":"<div class=\"x-79elbk ewhm0490\">\n<div class=\"x-sqsvwz e1hc7val2\">\n<div class=\"x-13o7eu2 e1imf5dp1\">\n<div class=\"x-v4fa7v e1uuu2lt0\">\n<div class=\"x-7xwfhm e1imf5dp0\">\n<p class=\"x-18pep25\">Denne vandretur\u00a0starter fra kanten af\u00a0Qinngorput, op til Cirkuss\u00f8en, in mellem fjeldene og s\u00e5 tilbage mod byen.<\/p>\n<p class=\"x-18pep25\">Jeres guide, m\u00f8der jer ved enden af gaden &#8216;Uiffak&#8217;, hvorfra vandreturen starter.<\/p>\n<p class=\"x-18pep25\">Ruten tager jer langs den smukke Cirkuss\u00f8, til et lille vandfald hvor noget af det reneste vand i verden l\u00f8ber. Man er velkommen til at tage en t\u00e5r, for det smager vidunderligt. Mens i vandrer fort\u00e6ller guiden om jeres omgivelser samt det dyre- og planteliv i m\u00e5ske st\u00f8der p\u00e5. N\u00e6sten hele vejen er i omringet af h\u00f8je fjelde, hvilket virkelig giver en sans for skalaen p\u00e5 tingene her i Gr\u00f8nland. Der vil ogs\u00e5 blive serveret te eller kaffe p\u00e5 turen.<\/p>\n<\/div>\n<\/div>\n<\/div>\n<\/div>\n<\/div>\n","protected":false},"excerpt":{"rendered":"Denne vandretur\u00a0starter fra kanten af\u00a0Qinngorput, op til Cirkuss\u00f8en, in mellem fjeldene og s\u00e5 tilbage mod byen. Jeres guide, m\u00f8der jer ved enden af gaden &#8216;Uiffak&#8217;, hvorfra vandreturen starter. Ruten tager jer langs den smukke Cirkuss\u00f8, til et lille vandfald hvor noget af det reneste vand i verden l\u00f8ber. Man er velkommen til at tage en&#8230;","protected":false},"featured_media":13352,"comment_status":"open","ping_status":"closed","template":"","meta":[],"product_brand":[],"product_cat":[854],"product_tag":[],"class_list":{"0":"post-13350","1":"product","2":"type-product","3":"status-publish","4":"has-post-thumbnail","6":"product_cat-uncategorized-da","7":"pa_activities-vandretur","8":"pa_attractions-quassussuaq-lille-malene","9":"pa_available-month-maj","10":"pa_available-month-juni","11":"pa_available-month-juli","12":"pa_available-month-august","13":"pa_available-month-september","14":"pa_destinations-nuuk","15":"pa_difficulty-moderat","16":"pa_duration-4-5-time","17":"pa_tour-type-dagsture","18":"yith_shop_vendor-tupilak-travel-da","20":"first","21":"instock","22":"virtual","23":"sold-individually","24":"purchasable","25":"product-type-booking"},"acf":[],"yoast_head":"<!-- This site is optimized with the Yoast SEO plugin v25.6 - https:\/\/yoast.com\/wordpress\/plugins\/seo\/ -->\n<title>Guidet Vandretur mellem fjeldene | Nuuk | Guide to Greenland<\/title>\n<meta name=\"robots\" content=\"index, follow, max-snippet:-1, max-image-preview:large, max-video-preview:-1\" \/>\n<link rel=\"canonical\" href=\"https:\/\/guidetogreenland.com\/da\/reserver-ferie-rejser\/guidet-vandretur-mellem-fjeldene-nuuk\/\" \/>\n<meta property=\"og:locale\" content=\"da_DK\" \/>\n<meta property=\"og:type\" content=\"article\" \/>\n<meta property=\"og:title\" content=\"Guidet Vandretur mellem fjeldene | Nuuk | Guide to Greenland\" \/>\n<meta property=\"og:description\" content=\"Denne vandretur\u00a0starter fra kanten af\u00a0Qinngorput, op til Cirkuss\u00f8en, in mellem fjeldene og s\u00e5 tilbage mod byen. Jeres guide, m\u00f8der jer ved enden af gaden &#8216;Uiffak&#8217;, hvorfra vandreturen starter. Ruten tager jer langs den smukke Cirkuss\u00f8, til et lille vandfald hvor noget af det reneste vand i verden l\u00f8ber. Man er velkommen til at tage en...\" \/>\n<meta property=\"og:url\" content=\"https:\/\/guidetogreenland.com\/da\/reserver-ferie-rejser\/guidet-vandretur-mellem-fjeldene-nuuk\/\" \/>\n<meta property=\"og:site_name\" content=\"Guide to Greenland\" \/>\n<meta property=\"article:modified_time\" content=\"2023-06-02T17:51:34+00:00\" \/>\n<meta property=\"og:image\" content=\"https:\/\/guidetogreenland.com\/wp-content\/uploads\/2020\/05\/hike-among-the-mountains-nuuk-Guide-to-Greenland-5.jpg\" \/>\n\t<meta property=\"og:image:width\" content=\"926\" \/>\n\t<meta property=\"og:image:height\" content=\"521\" \/>\n\t<meta property=\"og:image:type\" content=\"image\/jpeg\" \/>\n<meta name=\"twitter:card\" content=\"summary_large_image\" \/>\n<meta name=\"twitter:label1\" content=\"Estimeret l\u00e6setid\" \/>\n\t<meta name=\"twitter:data1\" content=\"1 minut\" \/>\n<script type=\"application\/ld+json\" class=\"yoast-schema-graph\">{\"@context\":\"https:\/\/schema.org\",\"@graph\":[{\"@type\":\"WebPage\",\"@id\":\"https:\/\/guidetogreenland.com\/da\/reserver-ferie-rejser\/guidet-vandretur-mellem-fjeldene-nuuk\/\",\"url\":\"https:\/\/guidetogreenland.com\/da\/reserver-ferie-rejser\/guidet-vandretur-mellem-fjeldene-nuuk\/\",\"name\":\"Guidet Vandretur mellem fjeldene | Nuuk | Guide to Greenland\",\"isPartOf\":{\"@id\":\"https:\/\/guidetogreenland.com\/da\/#website\"},\"primaryImageOfPage\":{\"@id\":\"https:\/\/guidetogreenland.com\/da\/reserver-ferie-rejser\/guidet-vandretur-mellem-fjeldene-nuuk\/#primaryimage\"},\"image\":{\"@id\":\"https:\/\/guidetogreenland.com\/da\/reserver-ferie-rejser\/guidet-vandretur-mellem-fjeldene-nuuk\/#primaryimage\"},\"thumbnailUrl\":\"https:\/\/guidetogreenland.com\/wp-content\/uploads\/2020\/05\/hike-among-the-mountains-nuuk-Guide-to-Greenland-5.jpg\",\"datePublished\":\"2020-05-13T15:14:09+00:00\",\"dateModified\":\"2023-06-02T17:51:34+00:00\",\"breadcrumb\":{\"@id\":\"https:\/\/guidetogreenland.com\/da\/reserver-ferie-rejser\/guidet-vandretur-mellem-fjeldene-nuuk\/#breadcrumb\"},\"inLanguage\":\"da-DK\",\"potentialAction\":[{\"@type\":\"ReadAction\",\"target\":[\"https:\/\/guidetogreenland.com\/da\/reserver-ferie-rejser\/guidet-vandretur-mellem-fjeldene-nuuk\/\"]}]},{\"@type\":\"ImageObject\",\"inLanguage\":\"da-DK\",\"@id\":\"https:\/\/guidetogreenland.com\/da\/reserver-ferie-rejser\/guidet-vandretur-mellem-fjeldene-nuuk\/#primaryimage\",\"url\":\"https:\/\/guidetogreenland.com\/wp-content\/uploads\/2020\/05\/hike-among-the-mountains-nuuk-Guide-to-Greenland-5.jpg\",\"contentUrl\":\"https:\/\/guidetogreenland.com\/wp-content\/uploads\/2020\/05\/hike-among-the-mountains-nuuk-Guide-to-Greenland-5.jpg\",\"width\":926,\"height\":521},{\"@type\":\"BreadcrumbList\",\"@id\":\"https:\/\/guidetogreenland.com\/da\/reserver-ferie-rejser\/guidet-vandretur-mellem-fjeldene-nuuk\/#breadcrumb\",\"itemListElement\":[{\"@type\":\"ListItem\",\"position\":1,\"name\":\"Home\",\"item\":\"https:\/\/guidetogreenland.com\/da\/\"},{\"@type\":\"ListItem\",\"position\":2,\"name\":\"Se alle ture\",\"item\":\"https:\/\/guidetogreenland.com\/da\/reserver-ferie-rejser\/\"},{\"@type\":\"ListItem\",\"position\":3,\"name\":\"Guidet Vandretur mellem fjeldene | Nuuk\"}]},{\"@type\":\"WebSite\",\"@id\":\"https:\/\/guidetogreenland.com\/da\/#website\",\"url\":\"https:\/\/guidetogreenland.com\/da\/\",\"name\":\"Guide to Greenland\",\"description\":\"Largest selection of tours in Greenland\",\"potentialAction\":[{\"@type\":\"SearchAction\",\"target\":{\"@type\":\"EntryPoint\",\"urlTemplate\":\"https:\/\/guidetogreenland.com\/da\/?s={search_term_string}\"},\"query-input\":{\"@type\":\"PropertyValueSpecification\",\"valueRequired\":true,\"valueName\":\"search_term_string\"}}],\"inLanguage\":\"da-DK\"}]}<\/script>\n<!-- \/ Yoast SEO plugin. -->","yoast_head_json":{"title":"Guidet Vandretur mellem fjeldene | Nuuk | Guide to Greenland","robots":{"index":"index","follow":"follow","max-snippet":"max-snippet:-1","max-image-preview":"max-image-preview:large","max-video-preview":"max-video-preview:-1"},"canonical":"https:\/\/guidetogreenland.com\/da\/reserver-ferie-rejser\/guidet-vandretur-mellem-fjeldene-nuuk\/","og_locale":"da_DK","og_type":"article","og_title":"Guidet Vandretur mellem fjeldene | Nuuk | Guide to Greenland","og_description":"Denne vandretur\u00a0starter fra kanten af\u00a0Qinngorput, op til Cirkuss\u00f8en, in mellem fjeldene og s\u00e5 tilbage mod byen. Jeres guide, m\u00f8der jer ved enden af gaden &#8216;Uiffak&#8217;, hvorfra vandreturen starter. Ruten tager jer langs den smukke Cirkuss\u00f8, til et lille vandfald hvor noget af det reneste vand i verden l\u00f8ber. Man er velkommen til at tage en...","og_url":"https:\/\/guidetogreenland.com\/da\/reserver-ferie-rejser\/guidet-vandretur-mellem-fjeldene-nuuk\/","og_site_name":"Guide to Greenland","article_modified_time":"2023-06-02T17:51:34+00:00","og_image":[{"width":926,"height":521,"url":"https:\/\/guidetogreenland.com\/wp-content\/uploads\/2020\/05\/hike-among-the-mountains-nuuk-Guide-to-Greenland-5.jpg","type":"image\/jpeg"}],"twitter_card":"summary_large_image","twitter_misc":{"Estimeret l\u00e6setid":"1 minut"},"schema":{"@context":"https:\/\/schema.org","@graph":[{"@type":"WebPage","@id":"https:\/\/guidetogreenland.com\/da\/reserver-ferie-rejser\/guidet-vandretur-mellem-fjeldene-nuuk\/","url":"https:\/\/guidetogreenland.com\/da\/reserver-ferie-rejser\/guidet-vandretur-mellem-fjeldene-nuuk\/","name":"Guidet Vandretur mellem fjeldene | Nuuk | Guide to Greenland","isPartOf":{"@id":"https:\/\/guidetogreenland.com\/da\/#website"},"primaryImageOfPage":{"@id":"https:\/\/guidetogreenland.com\/da\/reserver-ferie-rejser\/guidet-vandretur-mellem-fjeldene-nuuk\/#primaryimage"},"image":{"@id":"https:\/\/guidetogreenland.com\/da\/reserver-ferie-rejser\/guidet-vandretur-mellem-fjeldene-nuuk\/#primaryimage"},"thumbnailUrl":"https:\/\/guidetogreenland.com\/wp-content\/uploads\/2020\/05\/hike-among-the-mountains-nuuk-Guide-to-Greenland-5.jpg","datePublished":"2020-05-13T15:14:09+00:00","dateModified":"2023-06-02T17:51:34+00:00","breadcrumb":{"@id":"https:\/\/guidetogreenland.com\/da\/reserver-ferie-rejser\/guidet-vandretur-mellem-fjeldene-nuuk\/#breadcrumb"},"inLanguage":"da-DK","potentialAction":[{"@type":"ReadAction","target":["https:\/\/guidetogreenland.com\/da\/reserver-ferie-rejser\/guidet-vandretur-mellem-fjeldene-nuuk\/"]}]},{"@type":"ImageObject","inLanguage":"da-DK","@id":"https:\/\/guidetogreenland.com\/da\/reserver-ferie-rejser\/guidet-vandretur-mellem-fjeldene-nuuk\/#primaryimage","url":"https:\/\/guidetogreenland.com\/wp-content\/uploads\/2020\/05\/hike-among-the-mountains-nuuk-Guide-to-Greenland-5.jpg","contentUrl":"https:\/\/guidetogreenland.com\/wp-content\/uploads\/2020\/05\/hike-among-the-mountains-nuuk-Guide-to-Greenland-5.jpg","width":926,"height":521},{"@type":"BreadcrumbList","@id":"https:\/\/guidetogreenland.com\/da\/reserver-ferie-rejser\/guidet-vandretur-mellem-fjeldene-nuuk\/#breadcrumb","itemListElement":[{"@type":"ListItem","position":1,"name":"Home","item":"https:\/\/guidetogreenland.com\/da\/"},{"@type":"ListItem","position":2,"name":"Se alle ture","item":"https:\/\/guidetogreenland.com\/da\/reserver-ferie-rejser\/"},{"@type":"ListItem","position":3,"name":"Guidet Vandretur mellem fjeldene | Nuuk"}]},{"@type":"WebSite","@id":"https:\/\/guidetogreenland.com\/da\/#website","url":"https:\/\/guidetogreenland.com\/da\/","name":"Guide to Greenland","description":"Largest selection of tours in Greenland","potentialAction":[{"@type":"SearchAction","target":{"@type":"EntryPoint","urlTemplate":"https:\/\/guidetogreenland.com\/da\/?s={search_term_string}"},"query-input":{"@type":"PropertyValueSpecification","valueRequired":true,"valueName":"search_term_string"}}],"inLanguage":"da-DK"}]}},"_links":{"self":[{"href":"https:\/\/guidetogreenland.com\/da\/wp-json\/wp\/v2\/product\/13350","targetHints":{"allow":["GET"]}}],"collection":[{"href":"https:\/\/guidetogreenland.com\/da\/wp-json\/wp\/v2\/product"}],"about":[{"href":"https:\/\/guidetogreenland.com\/da\/wp-json\/wp\/v2\/types\/product"}],"replies":[{"embeddable":true,"href":"https:\/\/guidetogreenland.com\/da\/wp-json\/wp\/v2\/comments?post=13350"}],"wp:featuredmedia":[{"embeddable":true,"href":"https:\/\/guidetogreenland.com\/da\/wp-json\/wp\/v2\/media\/13352"}],"wp:attachment":[{"href":"https:\/\/guidetogreenland.com\/da\/wp-json\/wp\/v2\/media?parent=13350"}],"wp:term":[{"taxonomy":"product_brand","embeddable":true,"href":"https:\/\/guidetogreenland.com\/da\/wp-json\/wp\/v2\/product_brand?post=13350"},{"taxonomy":"product_cat","embeddable":true,"href":"https:\/\/guidetogreenland.com\/da\/wp-json\/wp\/v2\/product_cat?post=13350"},{"taxonomy":"product_tag","embeddable":true,"href":"https:\/\/guidetogreenland.com\/da\/wp-json\/wp\/v2\/product_tag?post=13350"}],"curies":[{"name":"wp","href":"https:\/\/api.w.org\/{rel}","templated":true}]}}