{"id":13362,"date":"2020-05-25T15:47:16","date_gmt":"2020-05-25T15:47:16","guid":{"rendered":"https:\/\/guidetogreenland.com\/book-trips-holiday\/hike-the-arctic-tundra-ilimanaq-disko-bay\/"},"modified":"2023-07-03T12:35:38","modified_gmt":"2023-07-03T15:35:38","slug":"vandretur-gennem-det-arktiske-tundra-ilimanaq-diskobugten","status":"publish","type":"product","link":"https:\/\/guidetogreenland.com\/da\/reserver-ferie-rejser\/vandretur-gennem-det-arktiske-tundra-ilimanaq-diskobugten\/","title":{"rendered":"Vandretur gennem det arktiske tundra | Ilimanaq | Diskobugten"},"content":{"rendered":"<p class=\"x-18pep25\">Kom med p\u00e5 denne fantastiske vandretur gennem det flotte landskab, udenfor Ilimanaq bygd. Turen kombinerer fort\u00e6llingen om inuittern og den arktiske natur med en vandring gennem b\u00e5de uber\u00f8rt landskab og den charmerende gr\u00f8nlandske bygd Ilimanaq.<\/p>\n<p class=\"x-18pep25\">Dit eventyr starter med en g\u00e5tur ned til Kussangajaannguaq 7\u00a0placeret i centrum af Ilulissat. Sammen tager vi ned til havnen og stiger ombord p\u00e5 en b\u00e5d. Det er ogs\u00e5 muligt at komme p\u00e5 turen fra Ilimanaq af.<\/p>\n<p class=\"x-18pep25\">Vi sejler gennem de is-fyldte passager og man\u00f8vre vores vej til Ilimanaq omkring 20 kilometer fra Ilulissat.<\/p>\n<p class=\"e1imf5dp0 x-jm2771\">Ved ankomst til bygden vil du blive intro<span class=\"x-12abj6v e1uuu2lt3\">duceret til din guide og medrejsende, og sammen starter vi vores vandring gennem det smukke landskab. I alle retninger vil du blive \u00f8dt af smukke udsigter, af bakker, gr\u00f8nne nuancer og forskellige arktiske blomster og en uds\u00f8gt baggrund af sky h\u00f8je bjerge.<\/span><\/p>\n<p class=\"e1imf5dp0 x-jm2771\"><span class=\"x-12abj6v e1uuu2lt3\">P\u00e5 et tidspunkt kan du og dine medrejsende n\u00e5 hen til et udsigtspunkt hvor du kan se 65 kilometer ud p\u00e5 fjorden, hvor du vil se en lille del af den massive indlandsis. Det er det perfekte sted for frokost, hvor man kan se langt ud over de uforglemmelige udsigter. Vi kan ogs\u00e5 v\u00e6re heldige at se Moskus og polar r\u00e6ve.<\/span><\/p>\n<p class=\"e1imf5dp0 x-jm2771\"><span class=\"x-12abj6v e1uuu2lt3\">Der vil v\u00e6re rig mulighed for stop og udforske de mange forskellige flora, tager billeder og nyde dine omgivelser. Vi vil derefter n\u00e5 endnu et udsigtspunkt, hvor vi vil kunne se noget af Ilulissat Isfjord, der siden 2004 har v\u00e6ret p\u00e5 UNESCO verdensarvlisten.<\/span><\/p>\n","protected":false},"excerpt":{"rendered":"Kom med p\u00e5 denne fantastiske vandretur gennem det flotte landskab, udenfor Ilimanaq bygd. Turen kombinerer fort\u00e6llingen om inuittern og den arktiske natur med en vandring gennem b\u00e5de uber\u00f8rt landskab og den charmerende gr\u00f8nlandske bygd Ilimanaq. Dit eventyr starter med en g\u00e5tur ned til Kussangajaannguaq 7\u00a0placeret i centrum af Ilulissat. Sammen tager vi ned til havnen&#8230;","protected":false},"featured_media":13364,"comment_status":"open","ping_status":"closed","template":"","meta":[],"product_brand":[],"product_cat":[854],"product_tag":[],"class_list":{"0":"post-13362","1":"product","2":"type-product","3":"status-publish","4":"has-post-thumbnail","6":"product_cat-uncategorized-da","7":"pa_activities-baadtur","8":"pa_activities-vandretur","9":"pa_activities-isbjerg-udsigt","10":"pa_attractions-diskobugt","11":"pa_attractions-ilimanaq","12":"pa_available-month-juni","13":"pa_available-month-juli","14":"pa_available-month-august","15":"pa_destinations-ilulissat","16":"pa_difficulty-moderat","17":"pa_duration-6-timer","18":"pa_tour-type-dagsture","19":"yith_shop_vendor-world-of-greenland-ilulissat-da","20":"yith_booking_service-8am-boat-shuttle-ilulissat-ilimanaq","21":"yith_booking_service-16pm-boat-shuttle-ilimanaq-ilulissat","22":"yith_booking_service-2030pm-boat-shuttle-ilimanaq-ilulissat","24":"first","25":"instock","26":"virtual","27":"sold-individually","28":"purchasable","29":"product-type-booking"},"acf":[],"yoast_head":"<!-- This site is optimized with the Yoast SEO plugin v25.6 - https:\/\/yoast.com\/wordpress\/plugins\/seo\/ -->\n<title>Vandretur gennem det arktiske tundra | Ilimanaq | Diskobugten | Guide to Greenland<\/title>\n<meta name=\"description\" content=\"Umarkerede arktiske stier der f\u00f8rer til indlandsisen i Gr\u00f8nland, udforskes p\u00e5 denne vandretur til Ilulissat Isfjord i n\u00e6rheden af hvaler, isbjerge og s\u00e6ler.\" \/>\n<meta name=\"robots\" content=\"index, follow, max-snippet:-1, max-image-preview:large, max-video-preview:-1\" \/>\n<link rel=\"canonical\" href=\"https:\/\/guidetogreenland.com\/da\/reserver-ferie-rejser\/vandretur-gennem-det-arktiske-tundra-ilimanaq-diskobugten\/\" \/>\n<meta property=\"og:locale\" content=\"da_DK\" \/>\n<meta property=\"og:type\" content=\"article\" \/>\n<meta property=\"og:title\" content=\"Vandretur gennem det arktiske tundra | Ilimanaq | Diskobugten | Guide to Greenland\" \/>\n<meta property=\"og:description\" content=\"Umarkerede arktiske stier der f\u00f8rer til indlandsisen i Gr\u00f8nland, udforskes p\u00e5 denne vandretur til Ilulissat Isfjord i n\u00e6rheden af hvaler, isbjerge og s\u00e6ler.\" \/>\n<meta property=\"og:url\" content=\"https:\/\/guidetogreenland.com\/da\/reserver-ferie-rejser\/vandretur-gennem-det-arktiske-tundra-ilimanaq-diskobugten\/\" \/>\n<meta property=\"og:site_name\" content=\"Guide to Greenland\" \/>\n<meta property=\"article:modified_time\" content=\"2023-07-03T15:35:38+00:00\" \/>\n<meta property=\"og:image\" content=\"https:\/\/guidetogreenland.com\/wp-content\/uploads\/2020\/05\/Hike-The-Arctic-Tundra-Ilimanaq-Disko-Bay-Guide-to-Greenland4.jpeg\" \/>\n\t<meta property=\"og:image:width\" content=\"1794\" \/>\n\t<meta property=\"og:image:height\" content=\"661\" \/>\n\t<meta property=\"og:image:type\" content=\"image\/jpeg\" \/>\n<meta name=\"twitter:card\" content=\"summary_large_image\" \/>\n<meta name=\"twitter:label1\" content=\"Estimeret l\u00e6setid\" \/>\n\t<meta name=\"twitter:data1\" content=\"1 minut\" \/>\n<script type=\"application\/ld+json\" class=\"yoast-schema-graph\">{\"@context\":\"https:\/\/schema.org\",\"@graph\":[{\"@type\":\"WebPage\",\"@id\":\"https:\/\/guidetogreenland.com\/da\/reserver-ferie-rejser\/vandretur-gennem-det-arktiske-tundra-ilimanaq-diskobugten\/\",\"url\":\"https:\/\/guidetogreenland.com\/da\/reserver-ferie-rejser\/vandretur-gennem-det-arktiske-tundra-ilimanaq-diskobugten\/\",\"name\":\"Vandretur gennem det arktiske tundra | Ilimanaq | Diskobugten | Guide to Greenland\",\"isPartOf\":{\"@id\":\"https:\/\/guidetogreenland.com\/da\/#website\"},\"primaryImageOfPage\":{\"@id\":\"https:\/\/guidetogreenland.com\/da\/reserver-ferie-rejser\/vandretur-gennem-det-arktiske-tundra-ilimanaq-diskobugten\/#primaryimage\"},\"image\":{\"@id\":\"https:\/\/guidetogreenland.com\/da\/reserver-ferie-rejser\/vandretur-gennem-det-arktiske-tundra-ilimanaq-diskobugten\/#primaryimage\"},\"thumbnailUrl\":\"https:\/\/guidetogreenland.com\/wp-content\/uploads\/2020\/05\/Hike-The-Arctic-Tundra-Ilimanaq-Disko-Bay-Guide-to-Greenland4.jpeg\",\"datePublished\":\"2020-05-25T15:47:16+00:00\",\"dateModified\":\"2023-07-03T15:35:38+00:00\",\"description\":\"Umarkerede arktiske stier der f\u00f8rer til indlandsisen i Gr\u00f8nland, udforskes p\u00e5 denne vandretur til Ilulissat Isfjord i n\u00e6rheden af hvaler, isbjerge og s\u00e6ler.\",\"breadcrumb\":{\"@id\":\"https:\/\/guidetogreenland.com\/da\/reserver-ferie-rejser\/vandretur-gennem-det-arktiske-tundra-ilimanaq-diskobugten\/#breadcrumb\"},\"inLanguage\":\"da-DK\",\"potentialAction\":[{\"@type\":\"ReadAction\",\"target\":[\"https:\/\/guidetogreenland.com\/da\/reserver-ferie-rejser\/vandretur-gennem-det-arktiske-tundra-ilimanaq-diskobugten\/\"]}]},{\"@type\":\"ImageObject\",\"inLanguage\":\"da-DK\",\"@id\":\"https:\/\/guidetogreenland.com\/da\/reserver-ferie-rejser\/vandretur-gennem-det-arktiske-tundra-ilimanaq-diskobugten\/#primaryimage\",\"url\":\"https:\/\/guidetogreenland.com\/wp-content\/uploads\/2020\/05\/Hike-The-Arctic-Tundra-Ilimanaq-Disko-Bay-Guide-to-Greenland4.jpeg\",\"contentUrl\":\"https:\/\/guidetogreenland.com\/wp-content\/uploads\/2020\/05\/Hike-The-Arctic-Tundra-Ilimanaq-Disko-Bay-Guide-to-Greenland4.jpeg\",\"width\":1794,\"height\":661},{\"@type\":\"BreadcrumbList\",\"@id\":\"https:\/\/guidetogreenland.com\/da\/reserver-ferie-rejser\/vandretur-gennem-det-arktiske-tundra-ilimanaq-diskobugten\/#breadcrumb\",\"itemListElement\":[{\"@type\":\"ListItem\",\"position\":1,\"name\":\"Home\",\"item\":\"https:\/\/guidetogreenland.com\/da\/\"},{\"@type\":\"ListItem\",\"position\":2,\"name\":\"Se alle ture\",\"item\":\"https:\/\/guidetogreenland.com\/da\/reserver-ferie-rejser\/\"},{\"@type\":\"ListItem\",\"position\":3,\"name\":\"Vandretur gennem det arktiske tundra | Ilimanaq | Diskobugten\"}]},{\"@type\":\"WebSite\",\"@id\":\"https:\/\/guidetogreenland.com\/da\/#website\",\"url\":\"https:\/\/guidetogreenland.com\/da\/\",\"name\":\"Guide to Greenland\",\"description\":\"Largest selection of tours in Greenland\",\"potentialAction\":[{\"@type\":\"SearchAction\",\"target\":{\"@type\":\"EntryPoint\",\"urlTemplate\":\"https:\/\/guidetogreenland.com\/da\/?s={search_term_string}\"},\"query-input\":{\"@type\":\"PropertyValueSpecification\",\"valueRequired\":true,\"valueName\":\"search_term_string\"}}],\"inLanguage\":\"da-DK\"}]}<\/script>\n<!-- \/ Yoast SEO plugin. -->","yoast_head_json":{"title":"Vandretur gennem det arktiske tundra | Ilimanaq | Diskobugten | Guide to Greenland","description":"Umarkerede arktiske stier der f\u00f8rer til indlandsisen i Gr\u00f8nland, udforskes p\u00e5 denne vandretur til Ilulissat Isfjord i n\u00e6rheden af hvaler, isbjerge og s\u00e6ler.","robots":{"index":"index","follow":"follow","max-snippet":"max-snippet:-1","max-image-preview":"max-image-preview:large","max-video-preview":"max-video-preview:-1"},"canonical":"https:\/\/guidetogreenland.com\/da\/reserver-ferie-rejser\/vandretur-gennem-det-arktiske-tundra-ilimanaq-diskobugten\/","og_locale":"da_DK","og_type":"article","og_title":"Vandretur gennem det arktiske tundra | Ilimanaq | Diskobugten | Guide to Greenland","og_description":"Umarkerede arktiske stier der f\u00f8rer til indlandsisen i Gr\u00f8nland, udforskes p\u00e5 denne vandretur til Ilulissat Isfjord i n\u00e6rheden af hvaler, isbjerge og s\u00e6ler.","og_url":"https:\/\/guidetogreenland.com\/da\/reserver-ferie-rejser\/vandretur-gennem-det-arktiske-tundra-ilimanaq-diskobugten\/","og_site_name":"Guide to Greenland","article_modified_time":"2023-07-03T15:35:38+00:00","og_image":[{"width":1794,"height":661,"url":"https:\/\/guidetogreenland.com\/wp-content\/uploads\/2020\/05\/Hike-The-Arctic-Tundra-Ilimanaq-Disko-Bay-Guide-to-Greenland4.jpeg","type":"image\/jpeg"}],"twitter_card":"summary_large_image","twitter_misc":{"Estimeret l\u00e6setid":"1 minut"},"schema":{"@context":"https:\/\/schema.org","@graph":[{"@type":"WebPage","@id":"https:\/\/guidetogreenland.com\/da\/reserver-ferie-rejser\/vandretur-gennem-det-arktiske-tundra-ilimanaq-diskobugten\/","url":"https:\/\/guidetogreenland.com\/da\/reserver-ferie-rejser\/vandretur-gennem-det-arktiske-tundra-ilimanaq-diskobugten\/","name":"Vandretur gennem det arktiske tundra | Ilimanaq | Diskobugten | Guide to Greenland","isPartOf":{"@id":"https:\/\/guidetogreenland.com\/da\/#website"},"primaryImageOfPage":{"@id":"https:\/\/guidetogreenland.com\/da\/reserver-ferie-rejser\/vandretur-gennem-det-arktiske-tundra-ilimanaq-diskobugten\/#primaryimage"},"image":{"@id":"https:\/\/guidetogreenland.com\/da\/reserver-ferie-rejser\/vandretur-gennem-det-arktiske-tundra-ilimanaq-diskobugten\/#primaryimage"},"thumbnailUrl":"https:\/\/guidetogreenland.com\/wp-content\/uploads\/2020\/05\/Hike-The-Arctic-Tundra-Ilimanaq-Disko-Bay-Guide-to-Greenland4.jpeg","datePublished":"2020-05-25T15:47:16+00:00","dateModified":"2023-07-03T15:35:38+00:00","description":"Umarkerede arktiske stier der f\u00f8rer til indlandsisen i Gr\u00f8nland, udforskes p\u00e5 denne vandretur til Ilulissat Isfjord i n\u00e6rheden af hvaler, isbjerge og s\u00e6ler.","breadcrumb":{"@id":"https:\/\/guidetogreenland.com\/da\/reserver-ferie-rejser\/vandretur-gennem-det-arktiske-tundra-ilimanaq-diskobugten\/#breadcrumb"},"inLanguage":"da-DK","potentialAction":[{"@type":"ReadAction","target":["https:\/\/guidetogreenland.com\/da\/reserver-ferie-rejser\/vandretur-gennem-det-arktiske-tundra-ilimanaq-diskobugten\/"]}]},{"@type":"ImageObject","inLanguage":"da-DK","@id":"https:\/\/guidetogreenland.com\/da\/reserver-ferie-rejser\/vandretur-gennem-det-arktiske-tundra-ilimanaq-diskobugten\/#primaryimage","url":"https:\/\/guidetogreenland.com\/wp-content\/uploads\/2020\/05\/Hike-The-Arctic-Tundra-Ilimanaq-Disko-Bay-Guide-to-Greenland4.jpeg","contentUrl":"https:\/\/guidetogreenland.com\/wp-content\/uploads\/2020\/05\/Hike-The-Arctic-Tundra-Ilimanaq-Disko-Bay-Guide-to-Greenland4.jpeg","width":1794,"height":661},{"@type":"BreadcrumbList","@id":"https:\/\/guidetogreenland.com\/da\/reserver-ferie-rejser\/vandretur-gennem-det-arktiske-tundra-ilimanaq-diskobugten\/#breadcrumb","itemListElement":[{"@type":"ListItem","position":1,"name":"Home","item":"https:\/\/guidetogreenland.com\/da\/"},{"@type":"ListItem","position":2,"name":"Se alle ture","item":"https:\/\/guidetogreenland.com\/da\/reserver-ferie-rejser\/"},{"@type":"ListItem","position":3,"name":"Vandretur gennem det arktiske tundra | Ilimanaq | Diskobugten"}]},{"@type":"WebSite","@id":"https:\/\/guidetogreenland.com\/da\/#website","url":"https:\/\/guidetogreenland.com\/da\/","name":"Guide to Greenland","description":"Largest selection of tours in Greenland","potentialAction":[{"@type":"SearchAction","target":{"@type":"EntryPoint","urlTemplate":"https:\/\/guidetogreenland.com\/da\/?s={search_term_string}"},"query-input":{"@type":"PropertyValueSpecification","valueRequired":true,"valueName":"search_term_string"}}],"inLanguage":"da-DK"}]}},"_links":{"self":[{"href":"https:\/\/guidetogreenland.com\/da\/wp-json\/wp\/v2\/product\/13362","targetHints":{"allow":["GET"]}}],"collection":[{"href":"https:\/\/guidetogreenland.com\/da\/wp-json\/wp\/v2\/product"}],"about":[{"href":"https:\/\/guidetogreenland.com\/da\/wp-json\/wp\/v2\/types\/product"}],"replies":[{"embeddable":true,"href":"https:\/\/guidetogreenland.com\/da\/wp-json\/wp\/v2\/comments?post=13362"}],"wp:featuredmedia":[{"embeddable":true,"href":"https:\/\/guidetogreenland.com\/da\/wp-json\/wp\/v2\/media\/13364"}],"wp:attachment":[{"href":"https:\/\/guidetogreenland.com\/da\/wp-json\/wp\/v2\/media?parent=13362"}],"wp:term":[{"taxonomy":"product_brand","embeddable":true,"href":"https:\/\/guidetogreenland.com\/da\/wp-json\/wp\/v2\/product_brand?post=13362"},{"taxonomy":"product_cat","embeddable":true,"href":"https:\/\/guidetogreenland.com\/da\/wp-json\/wp\/v2\/product_cat?post=13362"},{"taxonomy":"product_tag","embeddable":true,"href":"https:\/\/guidetogreenland.com\/da\/wp-json\/wp\/v2\/product_tag?post=13362"}],"curies":[{"name":"wp","href":"https:\/\/api.w.org\/{rel}","templated":true}]}}