{"id":13373,"date":"2020-05-13T16:23:21","date_gmt":"2020-05-13T16:23:21","guid":{"rendered":"https:\/\/guidetogreenland.com\/book-trips-holiday\/hike-to-garnet-rock-kangerlussuaq-west-greenland\/"},"modified":"2020-11-17T18:11:38","modified_gmt":"2020-11-17T18:11:38","slug":"hike-to-garnet-rock-kangerlussuaq-west-greenland","status":"publish","type":"product","link":"https:\/\/guidetogreenland.com\/da\/reserver-ferie-rejser\/vandretur-til-granatfjeldet-kangerlussuaq-vest-gronland\/","title":{"rendered":"Vandretur til Granatfjeldet | Kangerlussuaq | Vest Gr\u00f8nland"},"content":{"rendered":"<p class=\"e1imf5dp0 x-jm2771\">Udforsk Kangerlussuaqs f\u00e6nomenale bagland og tag en smykkesten med hjem fra turen! Denne tur er indbegrebet p\u00e5 en vaske\u00e6gte Gr\u00f8nlandsk sommer ekspedition! I bliver k\u00f8rt til Tacan, et fjeld syd for Kangerlussuaq med bus eller bil hvorfra vandreturen starter. Det bliver prim\u00e6rt ned af bakke med nogle sm\u00e5 opstigninger, dog er tempoet mere end behageligt. P\u00e5 vejen er der gode chancer for at se en flok af moskusokser der gr\u00e6sser eller en r\u00e6kke af andet Gr\u00f8nlandsk dyreliv som rensdyr, arktiske harer og polarr\u00e6ve. S\u00e5 nyd turen i fulde drag! Kig omkring og duft til de s\u00f8de Revlinge buske, dv\u00e6rgbirken <span class=\"x-12abj6v e1uuu2lt3\">og rhododendron buskene.\u00a0<\/span><\/p>\n<p class=\"e1imf5dp0 x-jm2771\"><span class=\"x-12abj6v e1uuu2lt3\">Efter cirka 2-3 timer er vi n\u00e5et frem til Granatfjeldet, hvor vi kan slappe lidt af og spise frokost mens vi nyder stilheden. Efter frokost f\u00e5r du en hammer og mejsel i h\u00e5nden s\u00e5 du selv kan pr\u00f8ve at finde og udhakke din helt egen smykke sten. T\u00e6t p\u00e5 fjeldet er der ofte falkereder, s\u00e5 vi kan v\u00e6re utrolig heldige at se dem mens vi er derude. Guiden skal nok hj\u00e6lpe med at finde frem til nogle sp\u00e6ndende sten, og hvem ved hvad du finder! Og selv hvis du ikke finder noget vil denne tur efterlade dig smilende i mindst en uge.<\/span><\/p>\n<p class=\"e1imf5dp0 x-jm2771\"><span class=\"x-12abj6v e1uuu2lt3\">Efter alle disse oplevelser og den friske luft er det p\u00e5 tide at g\u00e5 tilbage, denne gang langs Ferguson s\u00f8en hvor en bus eller bil venter p\u00e5 at k\u00f8re os tilbage til Kangerlussuaq. Hvem ved hvilke smykkesten du kan v\u00e6re heldig at tage med hjem i dette vidunderlige lille eventyr? Tjek mulighederne for at komme ud ved at trykke p\u00e5 &#8216;v\u00e6lg en dag&#8217; for oven.<\/span><\/p>\n","protected":false},"excerpt":{"rendered":"Udforsk Kangerlussuaqs f\u00e6nomenale bagland og tag en smykkesten med hjem fra turen! Denne tur er indbegrebet p\u00e5 en vaske\u00e6gte Gr\u00f8nlandsk sommer ekspedition! I bliver k\u00f8rt til Tacan, et fjeld syd for Kangerlussuaq med bus eller bil hvorfra vandreturen starter. Det bliver prim\u00e6rt ned af bakke med nogle sm\u00e5 opstigninger, dog er tempoet mere end behageligt&#8230;.","protected":false},"featured_media":13375,"comment_status":"open","ping_status":"closed","template":"","meta":[],"product_brand":[],"product_cat":[628,605,612,593,643,646,608],"product_tag":[924],"class_list":{"0":"post-13373","1":"product","2":"type-product","3":"status-publish","4":"has-post-thumbnail","6":"product_cat-arctic-circle-trail","7":"product_cat-dagsture-om-sommeren","8":"product_cat-natur-og-dyreliv-i-groenland","9":"product_cat-oplevelser-i-groenland","10":"product_cat-ture-i-hver-by","11":"product_cat-ture-i-kangerlussuaq","12":"product_cat-vandre-og-trekkingture","13":"product_tag-kangerlussuaq-da","14":"pa_activities-gletschervandring","15":"pa_activities-vandretur","16":"pa_available-month-juni","17":"pa_available-month-juli","18":"pa_available-month-august","19":"pa_available-month-september","20":"pa_destinations-kangerlussuaq","21":"pa_difficulty-haard","22":"pa_duration-8-timer","23":"pa_tour-type-dagsture","24":"yith_shop_vendor-albatros-arctic-circle-da","26":"first","27":"instock","28":"virtual","29":"sold-individually","30":"purchasable","31":"product-type-booking"},"acf":[],"yoast_head":"<!-- This site is optimized with the Yoast SEO plugin v25.6 - https:\/\/yoast.com\/wordpress\/plugins\/seo\/ -->\n<title>Vandretur til Granatfjeldet | Kangerlussuaq | Vest Gr\u00f8nland | Guide to Greenland<\/title>\n<meta name=\"robots\" content=\"index, follow, max-snippet:-1, max-image-preview:large, max-video-preview:-1\" \/>\n<link rel=\"canonical\" href=\"https:\/\/guidetogreenland.com\/da\/reserver-ferie-rejser\/vandretur-til-granatfjeldet-kangerlussuaq-vest-gronland\/\" \/>\n<meta property=\"og:locale\" content=\"da_DK\" \/>\n<meta property=\"og:type\" content=\"article\" \/>\n<meta property=\"og:title\" content=\"Vandretur til Granatfjeldet | Kangerlussuaq | Vest Gr\u00f8nland | Guide to Greenland\" \/>\n<meta property=\"og:description\" content=\"Udforsk Kangerlussuaqs f\u00e6nomenale bagland og tag en smykkesten med hjem fra turen! Denne tur er indbegrebet p\u00e5 en vaske\u00e6gte Gr\u00f8nlandsk sommer ekspedition! I bliver k\u00f8rt til Tacan, et fjeld syd for Kangerlussuaq med bus eller bil hvorfra vandreturen starter. Det bliver prim\u00e6rt ned af bakke med nogle sm\u00e5 opstigninger, dog er tempoet mere end behageligt....\" \/>\n<meta property=\"og:url\" content=\"https:\/\/guidetogreenland.com\/da\/reserver-ferie-rejser\/vandretur-til-granatfjeldet-kangerlussuaq-vest-gronland\/\" \/>\n<meta property=\"og:site_name\" content=\"Guide to Greenland\" \/>\n<meta property=\"article:modified_time\" content=\"2020-11-17T18:11:38+00:00\" \/>\n<meta property=\"og:image\" content=\"https:\/\/guidetogreenland.com\/wp-content\/uploads\/2020\/05\/hike-to-garnet-rock-kangerlussuaq-west-greenland-guide-to-greenland-14.jpg\" \/>\n\t<meta property=\"og:image:width\" content=\"926\" \/>\n\t<meta property=\"og:image:height\" content=\"576\" \/>\n\t<meta property=\"og:image:type\" content=\"image\/jpeg\" \/>\n<meta name=\"twitter:card\" content=\"summary_large_image\" \/>\n<meta name=\"twitter:label1\" content=\"Estimeret l\u00e6setid\" \/>\n\t<meta name=\"twitter:data1\" content=\"1 minut\" \/>\n<script type=\"application\/ld+json\" class=\"yoast-schema-graph\">{\"@context\":\"https:\/\/schema.org\",\"@graph\":[{\"@type\":\"WebPage\",\"@id\":\"https:\/\/guidetogreenland.com\/da\/reserver-ferie-rejser\/vandretur-til-granatfjeldet-kangerlussuaq-vest-gronland\/\",\"url\":\"https:\/\/guidetogreenland.com\/da\/reserver-ferie-rejser\/vandretur-til-granatfjeldet-kangerlussuaq-vest-gronland\/\",\"name\":\"Vandretur til Granatfjeldet | Kangerlussuaq | Vest Gr\u00f8nland | Guide to Greenland\",\"isPartOf\":{\"@id\":\"https:\/\/guidetogreenland.com\/da\/#website\"},\"primaryImageOfPage\":{\"@id\":\"https:\/\/guidetogreenland.com\/da\/reserver-ferie-rejser\/vandretur-til-granatfjeldet-kangerlussuaq-vest-gronland\/#primaryimage\"},\"image\":{\"@id\":\"https:\/\/guidetogreenland.com\/da\/reserver-ferie-rejser\/vandretur-til-granatfjeldet-kangerlussuaq-vest-gronland\/#primaryimage\"},\"thumbnailUrl\":\"https:\/\/guidetogreenland.com\/wp-content\/uploads\/2020\/05\/hike-to-garnet-rock-kangerlussuaq-west-greenland-guide-to-greenland-14.jpg\",\"datePublished\":\"2020-05-13T16:23:21+00:00\",\"dateModified\":\"2020-11-17T18:11:38+00:00\",\"breadcrumb\":{\"@id\":\"https:\/\/guidetogreenland.com\/da\/reserver-ferie-rejser\/vandretur-til-granatfjeldet-kangerlussuaq-vest-gronland\/#breadcrumb\"},\"inLanguage\":\"da-DK\",\"potentialAction\":[{\"@type\":\"ReadAction\",\"target\":[\"https:\/\/guidetogreenland.com\/da\/reserver-ferie-rejser\/vandretur-til-granatfjeldet-kangerlussuaq-vest-gronland\/\"]}]},{\"@type\":\"ImageObject\",\"inLanguage\":\"da-DK\",\"@id\":\"https:\/\/guidetogreenland.com\/da\/reserver-ferie-rejser\/vandretur-til-granatfjeldet-kangerlussuaq-vest-gronland\/#primaryimage\",\"url\":\"https:\/\/guidetogreenland.com\/wp-content\/uploads\/2020\/05\/hike-to-garnet-rock-kangerlussuaq-west-greenland-guide-to-greenland-14.jpg\",\"contentUrl\":\"https:\/\/guidetogreenland.com\/wp-content\/uploads\/2020\/05\/hike-to-garnet-rock-kangerlussuaq-west-greenland-guide-to-greenland-14.jpg\",\"width\":926,\"height\":576},{\"@type\":\"BreadcrumbList\",\"@id\":\"https:\/\/guidetogreenland.com\/da\/reserver-ferie-rejser\/vandretur-til-granatfjeldet-kangerlussuaq-vest-gronland\/#breadcrumb\",\"itemListElement\":[{\"@type\":\"ListItem\",\"position\":1,\"name\":\"Home\",\"item\":\"https:\/\/guidetogreenland.com\/da\/\"},{\"@type\":\"ListItem\",\"position\":2,\"name\":\"Se alle ture\",\"item\":\"https:\/\/guidetogreenland.com\/da\/reserver-ferie-rejser\/\"},{\"@type\":\"ListItem\",\"position\":3,\"name\":\"Vandretur til Granatfjeldet | Kangerlussuaq | Vest Gr\u00f8nland\"}]},{\"@type\":\"WebSite\",\"@id\":\"https:\/\/guidetogreenland.com\/da\/#website\",\"url\":\"https:\/\/guidetogreenland.com\/da\/\",\"name\":\"Guide to Greenland\",\"description\":\"Largest selection of tours in Greenland\",\"potentialAction\":[{\"@type\":\"SearchAction\",\"target\":{\"@type\":\"EntryPoint\",\"urlTemplate\":\"https:\/\/guidetogreenland.com\/da\/?s={search_term_string}\"},\"query-input\":{\"@type\":\"PropertyValueSpecification\",\"valueRequired\":true,\"valueName\":\"search_term_string\"}}],\"inLanguage\":\"da-DK\"}]}<\/script>\n<!-- \/ Yoast SEO plugin. -->","yoast_head_json":{"title":"Vandretur til Granatfjeldet | Kangerlussuaq | Vest Gr\u00f8nland | Guide to Greenland","robots":{"index":"index","follow":"follow","max-snippet":"max-snippet:-1","max-image-preview":"max-image-preview:large","max-video-preview":"max-video-preview:-1"},"canonical":"https:\/\/guidetogreenland.com\/da\/reserver-ferie-rejser\/vandretur-til-granatfjeldet-kangerlussuaq-vest-gronland\/","og_locale":"da_DK","og_type":"article","og_title":"Vandretur til Granatfjeldet | Kangerlussuaq | Vest Gr\u00f8nland | Guide to Greenland","og_description":"Udforsk Kangerlussuaqs f\u00e6nomenale bagland og tag en smykkesten med hjem fra turen! Denne tur er indbegrebet p\u00e5 en vaske\u00e6gte Gr\u00f8nlandsk sommer ekspedition! I bliver k\u00f8rt til Tacan, et fjeld syd for Kangerlussuaq med bus eller bil hvorfra vandreturen starter. Det bliver prim\u00e6rt ned af bakke med nogle sm\u00e5 opstigninger, dog er tempoet mere end behageligt....","og_url":"https:\/\/guidetogreenland.com\/da\/reserver-ferie-rejser\/vandretur-til-granatfjeldet-kangerlussuaq-vest-gronland\/","og_site_name":"Guide to Greenland","article_modified_time":"2020-11-17T18:11:38+00:00","og_image":[{"width":926,"height":576,"url":"https:\/\/guidetogreenland.com\/wp-content\/uploads\/2020\/05\/hike-to-garnet-rock-kangerlussuaq-west-greenland-guide-to-greenland-14.jpg","type":"image\/jpeg"}],"twitter_card":"summary_large_image","twitter_misc":{"Estimeret l\u00e6setid":"1 minut"},"schema":{"@context":"https:\/\/schema.org","@graph":[{"@type":"WebPage","@id":"https:\/\/guidetogreenland.com\/da\/reserver-ferie-rejser\/vandretur-til-granatfjeldet-kangerlussuaq-vest-gronland\/","url":"https:\/\/guidetogreenland.com\/da\/reserver-ferie-rejser\/vandretur-til-granatfjeldet-kangerlussuaq-vest-gronland\/","name":"Vandretur til Granatfjeldet | Kangerlussuaq | Vest Gr\u00f8nland | Guide to Greenland","isPartOf":{"@id":"https:\/\/guidetogreenland.com\/da\/#website"},"primaryImageOfPage":{"@id":"https:\/\/guidetogreenland.com\/da\/reserver-ferie-rejser\/vandretur-til-granatfjeldet-kangerlussuaq-vest-gronland\/#primaryimage"},"image":{"@id":"https:\/\/guidetogreenland.com\/da\/reserver-ferie-rejser\/vandretur-til-granatfjeldet-kangerlussuaq-vest-gronland\/#primaryimage"},"thumbnailUrl":"https:\/\/guidetogreenland.com\/wp-content\/uploads\/2020\/05\/hike-to-garnet-rock-kangerlussuaq-west-greenland-guide-to-greenland-14.jpg","datePublished":"2020-05-13T16:23:21+00:00","dateModified":"2020-11-17T18:11:38+00:00","breadcrumb":{"@id":"https:\/\/guidetogreenland.com\/da\/reserver-ferie-rejser\/vandretur-til-granatfjeldet-kangerlussuaq-vest-gronland\/#breadcrumb"},"inLanguage":"da-DK","potentialAction":[{"@type":"ReadAction","target":["https:\/\/guidetogreenland.com\/da\/reserver-ferie-rejser\/vandretur-til-granatfjeldet-kangerlussuaq-vest-gronland\/"]}]},{"@type":"ImageObject","inLanguage":"da-DK","@id":"https:\/\/guidetogreenland.com\/da\/reserver-ferie-rejser\/vandretur-til-granatfjeldet-kangerlussuaq-vest-gronland\/#primaryimage","url":"https:\/\/guidetogreenland.com\/wp-content\/uploads\/2020\/05\/hike-to-garnet-rock-kangerlussuaq-west-greenland-guide-to-greenland-14.jpg","contentUrl":"https:\/\/guidetogreenland.com\/wp-content\/uploads\/2020\/05\/hike-to-garnet-rock-kangerlussuaq-west-greenland-guide-to-greenland-14.jpg","width":926,"height":576},{"@type":"BreadcrumbList","@id":"https:\/\/guidetogreenland.com\/da\/reserver-ferie-rejser\/vandretur-til-granatfjeldet-kangerlussuaq-vest-gronland\/#breadcrumb","itemListElement":[{"@type":"ListItem","position":1,"name":"Home","item":"https:\/\/guidetogreenland.com\/da\/"},{"@type":"ListItem","position":2,"name":"Se alle ture","item":"https:\/\/guidetogreenland.com\/da\/reserver-ferie-rejser\/"},{"@type":"ListItem","position":3,"name":"Vandretur til Granatfjeldet | Kangerlussuaq | Vest Gr\u00f8nland"}]},{"@type":"WebSite","@id":"https:\/\/guidetogreenland.com\/da\/#website","url":"https:\/\/guidetogreenland.com\/da\/","name":"Guide to Greenland","description":"Largest selection of tours in Greenland","potentialAction":[{"@type":"SearchAction","target":{"@type":"EntryPoint","urlTemplate":"https:\/\/guidetogreenland.com\/da\/?s={search_term_string}"},"query-input":{"@type":"PropertyValueSpecification","valueRequired":true,"valueName":"search_term_string"}}],"inLanguage":"da-DK"}]}},"_links":{"self":[{"href":"https:\/\/guidetogreenland.com\/da\/wp-json\/wp\/v2\/product\/13373","targetHints":{"allow":["GET"]}}],"collection":[{"href":"https:\/\/guidetogreenland.com\/da\/wp-json\/wp\/v2\/product"}],"about":[{"href":"https:\/\/guidetogreenland.com\/da\/wp-json\/wp\/v2\/types\/product"}],"replies":[{"embeddable":true,"href":"https:\/\/guidetogreenland.com\/da\/wp-json\/wp\/v2\/comments?post=13373"}],"wp:featuredmedia":[{"embeddable":true,"href":"https:\/\/guidetogreenland.com\/da\/wp-json\/wp\/v2\/media\/13375"}],"wp:attachment":[{"href":"https:\/\/guidetogreenland.com\/da\/wp-json\/wp\/v2\/media?parent=13373"}],"wp:term":[{"taxonomy":"product_brand","embeddable":true,"href":"https:\/\/guidetogreenland.com\/da\/wp-json\/wp\/v2\/product_brand?post=13373"},{"taxonomy":"product_cat","embeddable":true,"href":"https:\/\/guidetogreenland.com\/da\/wp-json\/wp\/v2\/product_cat?post=13373"},{"taxonomy":"product_tag","embeddable":true,"href":"https:\/\/guidetogreenland.com\/da\/wp-json\/wp\/v2\/product_tag?post=13373"}],"curies":[{"name":"wp","href":"https:\/\/api.w.org\/{rel}","templated":true}]}}