{"id":13390,"date":"2020-05-25T16:14:11","date_gmt":"2020-05-25T16:14:11","guid":{"rendered":"https:\/\/guidetogreenland.com\/book-trips-holiday\/hike-to-santas-cabin-uummannaq-north-greenland\/"},"modified":"2025-09-28T12:05:16","modified_gmt":"2025-09-28T15:05:16","slug":"vandretur-til-julemandens-hytte-uummannaq-nordgronland","status":"publish","type":"product","link":"https:\/\/guidetogreenland.com\/da\/reserver-ferie-rejser\/vandretur-til-julemandens-hytte-uummannaq-nordgronland\/","title":{"rendered":"Vandretur til Julemandens hytte | Uummannaq | Nordgr\u00f8nland"},"content":{"rendered":"<p class=\"x-18pep25\">Kom i julestemning og tag med til Julemandends sommerhus for foden af det hjerteformede fjeld.<\/p>\n<p class=\"x-18pep25\">Det tager ca. 1 times g\u00e5tur fra byen til foden af bjerget, hvor hytten ligger.<\/p>\n<p class=\"e1imf5dp0 x-jm2771\">Hytten, som er bygget p\u00e5 den traditionelle m\u00e5de med sten og t\u00f8rv, blev brugt som Julemandens hjem i den popul\u00e6re juleserie &#8220;Nissebanden i Gr\u00f8nland&#8221;. Showet blev f\u00f8rste gang vist i 1989 men har siden da blevet vist flere gange gennem \u00e5rene. Det har tydeligvis v\u00e6ret en favorit fordi man har valgt at bevare hytten som den s\u00e5 ud i serien , hvilket betyder der er masser af rekvisitter og billeder fra showet, hvilket g\u00f8r det til e<span class=\"x-12abj6v e1uuu2lt3\">t ekstra nostalgisk og hyggeligt bes\u00f8g.<\/span><\/p>\n<p class=\"e1imf5dp0 x-jm2771\"><span class=\"x-12abj6v e1uuu2lt3\">Vandreturen i sig selv er i rimelig fladt terr\u00e6n og kan g\u00e5s af folk i alle aldre, dog anbefaler vi altid gode vandrest\u00f8vler da det kan v\u00e6re v\u00e5dt, alt efter \u00e5rstiden.<\/span><\/p>\n<p class=\"e1imf5dp0 x-jm2771\"><span class=\"x-12abj6v e1uuu2lt3\">Se tilg\u00e6ngeligheden for denne tur ved at trykke &#8220;V\u00e6lg en dag&#8221; ovenfor og bestil din tur nu.<\/span><\/p>\n","protected":false},"excerpt":{"rendered":"<p><br data-mce-bogus=\"1\"><\/p>","protected":false},"featured_media":13392,"comment_status":"open","ping_status":"closed","template":"","meta":[],"product_brand":[],"product_cat":[605,606,623,631,593,659,608],"product_tag":[939],"class_list":{"0":"post-13390","1":"product","2":"type-product","3":"status-publish","4":"has-post-thumbnail","6":"product_cat-dagsture-om-sommeren","7":"product_cat-dagsture-om-vinteren","8":"product_cat-kulturelle-aktiviteter","9":"product_cat-nordgroenland","10":"product_cat-oplevelser-i-groenland","11":"product_cat-ture-i-uummanaq","12":"product_cat-vandre-og-trekkingture","13":"product_tag-uummannaq-da","14":"pa_activities-vandretur","15":"pa_available-month-januar","16":"pa_available-month-februar","17":"pa_available-month-marts","18":"pa_available-month-april","19":"pa_available-month-maj","20":"pa_available-month-juni","21":"pa_available-month-juli","22":"pa_available-month-august","23":"pa_available-month-september","24":"pa_available-month-oktober","25":"pa_available-month-november","26":"pa_available-month-december","27":"pa_destinations-uummannaq","28":"pa_difficulty-let","29":"pa_duration-3-timer","30":"pa_tour-type-dagsture","31":"yith_shop_vendor-uummannaq-seasafari-aps-da","33":"first","34":"instock","35":"virtual","36":"sold-individually","37":"purchasable","38":"product-type-booking"},"acf":[],"yoast_head":"<!-- This site is optimized with the Yoast SEO plugin v25.6 - https:\/\/yoast.com\/wordpress\/plugins\/seo\/ -->\n<title>Vandretur til Julemandens hytte | Uummannaq | Nordgr\u00f8nland | Guide to Greenland<\/title>\n<meta name=\"robots\" content=\"index, follow, max-snippet:-1, max-image-preview:large, max-video-preview:-1\" \/>\n<link rel=\"canonical\" href=\"https:\/\/guidetogreenland.com\/da\/reserver-ferie-rejser\/vandretur-til-julemandens-hytte-uummannaq-nordgronland\/\" \/>\n<meta property=\"og:locale\" content=\"da_DK\" \/>\n<meta property=\"og:type\" content=\"article\" \/>\n<meta property=\"og:title\" content=\"Vandretur til Julemandens hytte | Uummannaq | Nordgr\u00f8nland | Guide to Greenland\" \/>\n<meta property=\"og:url\" content=\"https:\/\/guidetogreenland.com\/da\/reserver-ferie-rejser\/vandretur-til-julemandens-hytte-uummannaq-nordgronland\/\" \/>\n<meta property=\"og:site_name\" content=\"Guide to Greenland\" \/>\n<meta property=\"article:modified_time\" content=\"2025-09-28T15:05:16+00:00\" \/>\n<meta property=\"og:image\" content=\"https:\/\/guidetogreenland.com\/wp-content\/uploads\/2020\/05\/Hike-to-Santas-Cabin-Uummannaq-North-Greenland-Guide-to-Greenland5.jpg\" \/>\n\t<meta property=\"og:image:width\" content=\"832\" \/>\n\t<meta property=\"og:image:height\" content=\"624\" \/>\n\t<meta property=\"og:image:type\" content=\"image\/jpeg\" \/>\n<meta name=\"twitter:card\" content=\"summary_large_image\" \/>\n<meta name=\"twitter:label1\" content=\"Estimeret l\u00e6setid\" \/>\n\t<meta name=\"twitter:data1\" content=\"1 minut\" \/>\n<script type=\"application\/ld+json\" class=\"yoast-schema-graph\">{\"@context\":\"https:\/\/schema.org\",\"@graph\":[{\"@type\":\"WebPage\",\"@id\":\"https:\/\/guidetogreenland.com\/da\/reserver-ferie-rejser\/vandretur-til-julemandens-hytte-uummannaq-nordgronland\/\",\"url\":\"https:\/\/guidetogreenland.com\/da\/reserver-ferie-rejser\/vandretur-til-julemandens-hytte-uummannaq-nordgronland\/\",\"name\":\"Vandretur til Julemandens hytte | Uummannaq | Nordgr\u00f8nland | Guide to Greenland\",\"isPartOf\":{\"@id\":\"https:\/\/guidetogreenland.com\/da\/#website\"},\"primaryImageOfPage\":{\"@id\":\"https:\/\/guidetogreenland.com\/da\/reserver-ferie-rejser\/vandretur-til-julemandens-hytte-uummannaq-nordgronland\/#primaryimage\"},\"image\":{\"@id\":\"https:\/\/guidetogreenland.com\/da\/reserver-ferie-rejser\/vandretur-til-julemandens-hytte-uummannaq-nordgronland\/#primaryimage\"},\"thumbnailUrl\":\"https:\/\/guidetogreenland.com\/wp-content\/uploads\/2020\/05\/Hike-to-Santas-Cabin-Uummannaq-North-Greenland-Guide-to-Greenland5.jpg\",\"datePublished\":\"2020-05-25T16:14:11+00:00\",\"dateModified\":\"2025-09-28T15:05:16+00:00\",\"breadcrumb\":{\"@id\":\"https:\/\/guidetogreenland.com\/da\/reserver-ferie-rejser\/vandretur-til-julemandens-hytte-uummannaq-nordgronland\/#breadcrumb\"},\"inLanguage\":\"da-DK\",\"potentialAction\":[{\"@type\":\"ReadAction\",\"target\":[\"https:\/\/guidetogreenland.com\/da\/reserver-ferie-rejser\/vandretur-til-julemandens-hytte-uummannaq-nordgronland\/\"]}]},{\"@type\":\"ImageObject\",\"inLanguage\":\"da-DK\",\"@id\":\"https:\/\/guidetogreenland.com\/da\/reserver-ferie-rejser\/vandretur-til-julemandens-hytte-uummannaq-nordgronland\/#primaryimage\",\"url\":\"https:\/\/guidetogreenland.com\/wp-content\/uploads\/2020\/05\/Hike-to-Santas-Cabin-Uummannaq-North-Greenland-Guide-to-Greenland5.jpg\",\"contentUrl\":\"https:\/\/guidetogreenland.com\/wp-content\/uploads\/2020\/05\/Hike-to-Santas-Cabin-Uummannaq-North-Greenland-Guide-to-Greenland5.jpg\",\"width\":832,\"height\":624},{\"@type\":\"BreadcrumbList\",\"@id\":\"https:\/\/guidetogreenland.com\/da\/reserver-ferie-rejser\/vandretur-til-julemandens-hytte-uummannaq-nordgronland\/#breadcrumb\",\"itemListElement\":[{\"@type\":\"ListItem\",\"position\":1,\"name\":\"Home\",\"item\":\"https:\/\/guidetogreenland.com\/da\/\"},{\"@type\":\"ListItem\",\"position\":2,\"name\":\"Se alle ture\",\"item\":\"https:\/\/guidetogreenland.com\/da\/reserver-ferie-rejser\/\"},{\"@type\":\"ListItem\",\"position\":3,\"name\":\"Vandretur til Julemandens hytte | Uummannaq | Nordgr\u00f8nland\"}]},{\"@type\":\"WebSite\",\"@id\":\"https:\/\/guidetogreenland.com\/da\/#website\",\"url\":\"https:\/\/guidetogreenland.com\/da\/\",\"name\":\"Guide to Greenland\",\"description\":\"Largest selection of tours in Greenland\",\"potentialAction\":[{\"@type\":\"SearchAction\",\"target\":{\"@type\":\"EntryPoint\",\"urlTemplate\":\"https:\/\/guidetogreenland.com\/da\/?s={search_term_string}\"},\"query-input\":{\"@type\":\"PropertyValueSpecification\",\"valueRequired\":true,\"valueName\":\"search_term_string\"}}],\"inLanguage\":\"da-DK\"}]}<\/script>\n<!-- \/ Yoast SEO plugin. -->","yoast_head_json":{"title":"Vandretur til Julemandens hytte | Uummannaq | Nordgr\u00f8nland | Guide to Greenland","robots":{"index":"index","follow":"follow","max-snippet":"max-snippet:-1","max-image-preview":"max-image-preview:large","max-video-preview":"max-video-preview:-1"},"canonical":"https:\/\/guidetogreenland.com\/da\/reserver-ferie-rejser\/vandretur-til-julemandens-hytte-uummannaq-nordgronland\/","og_locale":"da_DK","og_type":"article","og_title":"Vandretur til Julemandens hytte | Uummannaq | Nordgr\u00f8nland | Guide to Greenland","og_url":"https:\/\/guidetogreenland.com\/da\/reserver-ferie-rejser\/vandretur-til-julemandens-hytte-uummannaq-nordgronland\/","og_site_name":"Guide to Greenland","article_modified_time":"2025-09-28T15:05:16+00:00","og_image":[{"width":832,"height":624,"url":"https:\/\/guidetogreenland.com\/wp-content\/uploads\/2020\/05\/Hike-to-Santas-Cabin-Uummannaq-North-Greenland-Guide-to-Greenland5.jpg","type":"image\/jpeg"}],"twitter_card":"summary_large_image","twitter_misc":{"Estimeret l\u00e6setid":"1 minut"},"schema":{"@context":"https:\/\/schema.org","@graph":[{"@type":"WebPage","@id":"https:\/\/guidetogreenland.com\/da\/reserver-ferie-rejser\/vandretur-til-julemandens-hytte-uummannaq-nordgronland\/","url":"https:\/\/guidetogreenland.com\/da\/reserver-ferie-rejser\/vandretur-til-julemandens-hytte-uummannaq-nordgronland\/","name":"Vandretur til Julemandens hytte | Uummannaq | Nordgr\u00f8nland | Guide to Greenland","isPartOf":{"@id":"https:\/\/guidetogreenland.com\/da\/#website"},"primaryImageOfPage":{"@id":"https:\/\/guidetogreenland.com\/da\/reserver-ferie-rejser\/vandretur-til-julemandens-hytte-uummannaq-nordgronland\/#primaryimage"},"image":{"@id":"https:\/\/guidetogreenland.com\/da\/reserver-ferie-rejser\/vandretur-til-julemandens-hytte-uummannaq-nordgronland\/#primaryimage"},"thumbnailUrl":"https:\/\/guidetogreenland.com\/wp-content\/uploads\/2020\/05\/Hike-to-Santas-Cabin-Uummannaq-North-Greenland-Guide-to-Greenland5.jpg","datePublished":"2020-05-25T16:14:11+00:00","dateModified":"2025-09-28T15:05:16+00:00","breadcrumb":{"@id":"https:\/\/guidetogreenland.com\/da\/reserver-ferie-rejser\/vandretur-til-julemandens-hytte-uummannaq-nordgronland\/#breadcrumb"},"inLanguage":"da-DK","potentialAction":[{"@type":"ReadAction","target":["https:\/\/guidetogreenland.com\/da\/reserver-ferie-rejser\/vandretur-til-julemandens-hytte-uummannaq-nordgronland\/"]}]},{"@type":"ImageObject","inLanguage":"da-DK","@id":"https:\/\/guidetogreenland.com\/da\/reserver-ferie-rejser\/vandretur-til-julemandens-hytte-uummannaq-nordgronland\/#primaryimage","url":"https:\/\/guidetogreenland.com\/wp-content\/uploads\/2020\/05\/Hike-to-Santas-Cabin-Uummannaq-North-Greenland-Guide-to-Greenland5.jpg","contentUrl":"https:\/\/guidetogreenland.com\/wp-content\/uploads\/2020\/05\/Hike-to-Santas-Cabin-Uummannaq-North-Greenland-Guide-to-Greenland5.jpg","width":832,"height":624},{"@type":"BreadcrumbList","@id":"https:\/\/guidetogreenland.com\/da\/reserver-ferie-rejser\/vandretur-til-julemandens-hytte-uummannaq-nordgronland\/#breadcrumb","itemListElement":[{"@type":"ListItem","position":1,"name":"Home","item":"https:\/\/guidetogreenland.com\/da\/"},{"@type":"ListItem","position":2,"name":"Se alle ture","item":"https:\/\/guidetogreenland.com\/da\/reserver-ferie-rejser\/"},{"@type":"ListItem","position":3,"name":"Vandretur til Julemandens hytte | Uummannaq | Nordgr\u00f8nland"}]},{"@type":"WebSite","@id":"https:\/\/guidetogreenland.com\/da\/#website","url":"https:\/\/guidetogreenland.com\/da\/","name":"Guide to Greenland","description":"Largest selection of tours in Greenland","potentialAction":[{"@type":"SearchAction","target":{"@type":"EntryPoint","urlTemplate":"https:\/\/guidetogreenland.com\/da\/?s={search_term_string}"},"query-input":{"@type":"PropertyValueSpecification","valueRequired":true,"valueName":"search_term_string"}}],"inLanguage":"da-DK"}]}},"_links":{"self":[{"href":"https:\/\/guidetogreenland.com\/da\/wp-json\/wp\/v2\/product\/13390","targetHints":{"allow":["GET"]}}],"collection":[{"href":"https:\/\/guidetogreenland.com\/da\/wp-json\/wp\/v2\/product"}],"about":[{"href":"https:\/\/guidetogreenland.com\/da\/wp-json\/wp\/v2\/types\/product"}],"replies":[{"embeddable":true,"href":"https:\/\/guidetogreenland.com\/da\/wp-json\/wp\/v2\/comments?post=13390"}],"wp:featuredmedia":[{"embeddable":true,"href":"https:\/\/guidetogreenland.com\/da\/wp-json\/wp\/v2\/media\/13392"}],"wp:attachment":[{"href":"https:\/\/guidetogreenland.com\/da\/wp-json\/wp\/v2\/media?parent=13390"}],"wp:term":[{"taxonomy":"product_brand","embeddable":true,"href":"https:\/\/guidetogreenland.com\/da\/wp-json\/wp\/v2\/product_brand?post=13390"},{"taxonomy":"product_cat","embeddable":true,"href":"https:\/\/guidetogreenland.com\/da\/wp-json\/wp\/v2\/product_cat?post=13390"},{"taxonomy":"product_tag","embeddable":true,"href":"https:\/\/guidetogreenland.com\/da\/wp-json\/wp\/v2\/product_tag?post=13390"}],"curies":[{"name":"wp","href":"https:\/\/api.w.org\/{rel}","templated":true}]}}