{"id":13399,"date":"2020-05-13T16:36:01","date_gmt":"2020-05-13T16:36:01","guid":{"rendered":"https:\/\/guidetogreenland.com\/book-trips-holiday\/hunting-northern-lights-with-snowmobile-ilulissat\/"},"modified":"2025-11-08T03:22:44","modified_gmt":"2025-11-08T06:22:44","slug":"hunting-northern-lights-with-snowmobile-ilulissat","status":"publish","type":"product","link":"https:\/\/guidetogreenland.com\/da\/reserver-ferie-rejser\/jagt-nordlys-med-snescooter-ilulissat\/","title":{"rendered":"Jagt nordlys med snescooter | Ilulissat"},"content":{"rendered":"<p class=\"x-18pep25\">Tag dybt ind i den Arktiske nat med snescootere, langt fra byens lysforurening og jagt det fantastiske f\u00e6nomen af Nordlys i de sned\u00e6kkede fjelde.<\/p>\n<p class=\"x-18pep25\">Denne tur f\u00f8lger hundesl\u00e6desporet ind i fjeldene, hvor m\u00f8rket virkelig tager fat og stjernerne bliver meget st\u00e6rkere.<\/p>\n<p class=\"x-18pep25\">Vi k\u00f8rer lidt rundt indtil vi finder et godt stop hvor vi kan nyde nattehimmelen, m\u00e5ske med noget varmt at drikke.<\/p>\n<p class=\"x-18pep25\">Nordlys b\u00e6rer p\u00e5 mange lokale historier og myter, andre arktiske destinationer fort\u00e6ller om drager og r\u00e6ve med ildhaler, men for os inuit er det vores forf\u00e6dre der spiller et spil der minder om fodbold.<\/p>\n<p class=\"e1imf5dp0 x-jm2771\">Som b\u00f8rn blev vi fort<span class=\"x-12abj6v e1uuu2lt3\">alt aldrig at fl\u00f8jte efter nordlyset, for s\u00e5 ville \u00e5nderne komme ned og sk\u00e6re vores hoveder af s\u00e5 de kunne spille fodbold med dem!<\/span><\/p>\n<p class=\"e1imf5dp0 x-jm2771\"><span class=\"x-12abj6v e1uuu2lt3\">Moralen har nok v\u00e6ret at f\u00e5 b\u00f8rnene hjem n\u00e5r m\u00f8rket faldt p\u00e5, men vi vil samle noget mod og tage ud og jagte disse forf\u00e6dre!\u00a0<\/span><\/p>\n<p class=\"e1imf5dp0 x-jm2771\"><span class=\"x-12abj6v e1uuu2lt3\">Bem\u00e6rk at vi aldrig kan garantere at se nordlys, nogle n\u00e6tter er vi heldige, andre, knap s\u00e5 heldige. At k\u00f8re snescooter ud i m\u00f8rket er dog en oplevelse helt for sig selv og vi kommer uden tvivl til at have det sjovt!<\/span><\/p>\n<p class=\"e1imf5dp0 x-jm2771\"><span class=\"x-12abj6v e1uuu2lt3\">Hvis vi kan se at det bliver overskyet vil vi g\u00f8res vores bedste for at finde en anden dag der passer dig, hvis det ikke er muligt vil turen blive aflyst og du vil f\u00e5 det fulde bel\u00f8b refunderet.<\/span><\/p>\n<p class=\"e1imf5dp0 x-jm2771\"><span class=\"x-12abj6v e1uuu2lt3\">S\u00e5 hvis det lyder som en tur lige for dig s\u00e5 tag bare og klik p\u00e5 &#8216;V\u00e6lg en dag&#8217; og find en dato der passer dig!<\/span><\/p>\n","protected":false},"excerpt":{"rendered":"Tag dybt ind i den Arktiske nat med snescootere, langt fra byens lysforurening og jagt det fantastiske f\u00e6nomen af Nordlys i de sned\u00e6kkede fjelde. Denne tur f\u00f8lger hundesl\u00e6desporet ind i fjeldene, hvor m\u00f8rket virkelig tager fat og stjernerne bliver meget st\u00e6rkere. Vi k\u00f8rer lidt rundt indtil vi finder et godt stop hvor vi kan nyde&#8230;","protected":false},"featured_media":60863,"comment_status":"open","ping_status":"closed","template":"","meta":[],"product_brand":[],"product_cat":[610,606,629,612,619,593,644],"product_tag":[919],"class_list":{"0":"post-13399","1":"product","2":"type-product","3":"status-publish","4":"has-post-thumbnail","6":"product_cat-atv-og-snescooterture","7":"product_cat-dagsture-om-vinteren","8":"product_cat-disko-bugten","9":"product_cat-natur-og-dyreliv-i-groenland","10":"product_cat-nordlys-ture","11":"product_cat-oplevelser-i-groenland","12":"product_cat-ture-i-ilulissat","13":"product_tag-ilulissat-da","14":"pa_activities-nordlys","15":"pa_activities-snescooter","16":"pa_available-month-januar","17":"pa_available-month-februar","18":"pa_available-month-marts","19":"pa_available-month-april","20":"pa_available-month-december","21":"pa_destinations-ilulissat","22":"pa_difficulty-let","23":"pa_duration-2-timer","24":"pa_tour-type-dagsture","25":"yith_shop_vendor-unique-tours-da","27":"first","28":"instock","29":"virtual","30":"sold-individually","31":"purchasable","32":"product-type-booking"},"acf":[],"yoast_head":"<!-- This site is optimized with the Yoast SEO plugin v25.6 - https:\/\/yoast.com\/wordpress\/plugins\/seo\/ -->\n<title>Jagt nordlys med snescooter | Ilulissat | Guide to Greenland<\/title>\n<meta name=\"robots\" content=\"index, follow, max-snippet:-1, max-image-preview:large, max-video-preview:-1\" \/>\n<link rel=\"canonical\" href=\"https:\/\/guidetogreenland.com\/da\/reserver-ferie-rejser\/jagt-nordlys-med-snescooter-ilulissat\/\" \/>\n<meta property=\"og:locale\" content=\"da_DK\" \/>\n<meta property=\"og:type\" content=\"article\" \/>\n<meta property=\"og:title\" content=\"Jagt nordlys med snescooter | Ilulissat | Guide to Greenland\" \/>\n<meta property=\"og:description\" content=\"Tag dybt ind i den Arktiske nat med snescootere, langt fra byens lysforurening og jagt det fantastiske f\u00e6nomen af Nordlys i de sned\u00e6kkede fjelde. Denne tur f\u00f8lger hundesl\u00e6desporet ind i fjeldene, hvor m\u00f8rket virkelig tager fat og stjernerne bliver meget st\u00e6rkere. Vi k\u00f8rer lidt rundt indtil vi finder et godt stop hvor vi kan nyde...\" \/>\n<meta property=\"og:url\" content=\"https:\/\/guidetogreenland.com\/da\/reserver-ferie-rejser\/jagt-nordlys-med-snescooter-ilulissat\/\" \/>\n<meta property=\"og:site_name\" content=\"Guide to Greenland\" \/>\n<meta property=\"article:modified_time\" content=\"2025-11-08T06:22:44+00:00\" \/>\n<meta property=\"og:image\" content=\"https:\/\/guidetogreenland.com\/wp-content\/uploads\/2020\/05\/hunting-northern-lights-with-snowmobile-ilulissat-guide-to-greenland-2.jpg\" \/>\n\t<meta property=\"og:image:width\" content=\"926\" \/>\n\t<meta property=\"og:image:height\" content=\"1389\" \/>\n\t<meta property=\"og:image:type\" content=\"image\/jpeg\" \/>\n<meta name=\"twitter:card\" content=\"summary_large_image\" \/>\n<meta name=\"twitter:label1\" content=\"Estimeret l\u00e6setid\" \/>\n\t<meta name=\"twitter:data1\" content=\"1 minut\" \/>\n<script type=\"application\/ld+json\" class=\"yoast-schema-graph\">{\"@context\":\"https:\/\/schema.org\",\"@graph\":[{\"@type\":\"WebPage\",\"@id\":\"https:\/\/guidetogreenland.com\/da\/reserver-ferie-rejser\/jagt-nordlys-med-snescooter-ilulissat\/\",\"url\":\"https:\/\/guidetogreenland.com\/da\/reserver-ferie-rejser\/jagt-nordlys-med-snescooter-ilulissat\/\",\"name\":\"Jagt nordlys med snescooter | Ilulissat | Guide to Greenland\",\"isPartOf\":{\"@id\":\"https:\/\/guidetogreenland.com\/da\/#website\"},\"primaryImageOfPage\":{\"@id\":\"https:\/\/guidetogreenland.com\/da\/reserver-ferie-rejser\/jagt-nordlys-med-snescooter-ilulissat\/#primaryimage\"},\"image\":{\"@id\":\"https:\/\/guidetogreenland.com\/da\/reserver-ferie-rejser\/jagt-nordlys-med-snescooter-ilulissat\/#primaryimage\"},\"thumbnailUrl\":\"https:\/\/guidetogreenland.com\/wp-content\/uploads\/2020\/05\/Hunting-Northern-lights-with-snowmobile-in-Ilulissat.jpeg\",\"datePublished\":\"2020-05-13T16:36:01+00:00\",\"dateModified\":\"2025-11-08T06:22:44+00:00\",\"breadcrumb\":{\"@id\":\"https:\/\/guidetogreenland.com\/da\/reserver-ferie-rejser\/jagt-nordlys-med-snescooter-ilulissat\/#breadcrumb\"},\"inLanguage\":\"da-DK\",\"potentialAction\":[{\"@type\":\"ReadAction\",\"target\":[\"https:\/\/guidetogreenland.com\/da\/reserver-ferie-rejser\/jagt-nordlys-med-snescooter-ilulissat\/\"]}]},{\"@type\":\"ImageObject\",\"inLanguage\":\"da-DK\",\"@id\":\"https:\/\/guidetogreenland.com\/da\/reserver-ferie-rejser\/jagt-nordlys-med-snescooter-ilulissat\/#primaryimage\",\"url\":\"https:\/\/guidetogreenland.com\/wp-content\/uploads\/2020\/05\/Hunting-Northern-lights-with-snowmobile-in-Ilulissat.jpeg\",\"contentUrl\":\"https:\/\/guidetogreenland.com\/wp-content\/uploads\/2020\/05\/Hunting-Northern-lights-with-snowmobile-in-Ilulissat.jpeg\",\"width\":1536,\"height\":2048},{\"@type\":\"BreadcrumbList\",\"@id\":\"https:\/\/guidetogreenland.com\/da\/reserver-ferie-rejser\/jagt-nordlys-med-snescooter-ilulissat\/#breadcrumb\",\"itemListElement\":[{\"@type\":\"ListItem\",\"position\":1,\"name\":\"Home\",\"item\":\"https:\/\/guidetogreenland.com\/da\/\"},{\"@type\":\"ListItem\",\"position\":2,\"name\":\"Se alle ture\",\"item\":\"https:\/\/guidetogreenland.com\/da\/reserver-ferie-rejser\/\"},{\"@type\":\"ListItem\",\"position\":3,\"name\":\"Jagt nordlys med snescooter | Ilulissat\"}]},{\"@type\":\"WebSite\",\"@id\":\"https:\/\/guidetogreenland.com\/da\/#website\",\"url\":\"https:\/\/guidetogreenland.com\/da\/\",\"name\":\"Guide to Greenland\",\"description\":\"Largest selection of tours in Greenland\",\"potentialAction\":[{\"@type\":\"SearchAction\",\"target\":{\"@type\":\"EntryPoint\",\"urlTemplate\":\"https:\/\/guidetogreenland.com\/da\/?s={search_term_string}\"},\"query-input\":{\"@type\":\"PropertyValueSpecification\",\"valueRequired\":true,\"valueName\":\"search_term_string\"}}],\"inLanguage\":\"da-DK\"}]}<\/script>\n<!-- \/ Yoast SEO plugin. -->","yoast_head_json":{"title":"Jagt nordlys med snescooter | Ilulissat | Guide to Greenland","robots":{"index":"index","follow":"follow","max-snippet":"max-snippet:-1","max-image-preview":"max-image-preview:large","max-video-preview":"max-video-preview:-1"},"canonical":"https:\/\/guidetogreenland.com\/da\/reserver-ferie-rejser\/jagt-nordlys-med-snescooter-ilulissat\/","og_locale":"da_DK","og_type":"article","og_title":"Jagt nordlys med snescooter | Ilulissat | Guide to Greenland","og_description":"Tag dybt ind i den Arktiske nat med snescootere, langt fra byens lysforurening og jagt det fantastiske f\u00e6nomen af Nordlys i de sned\u00e6kkede fjelde. Denne tur f\u00f8lger hundesl\u00e6desporet ind i fjeldene, hvor m\u00f8rket virkelig tager fat og stjernerne bliver meget st\u00e6rkere. Vi k\u00f8rer lidt rundt indtil vi finder et godt stop hvor vi kan nyde...","og_url":"https:\/\/guidetogreenland.com\/da\/reserver-ferie-rejser\/jagt-nordlys-med-snescooter-ilulissat\/","og_site_name":"Guide to Greenland","article_modified_time":"2025-11-08T06:22:44+00:00","og_image":[{"width":926,"height":1389,"url":"https:\/\/guidetogreenland.com\/wp-content\/uploads\/2020\/05\/hunting-northern-lights-with-snowmobile-ilulissat-guide-to-greenland-2.jpg","type":"image\/jpeg"}],"twitter_card":"summary_large_image","twitter_misc":{"Estimeret l\u00e6setid":"1 minut"},"schema":{"@context":"https:\/\/schema.org","@graph":[{"@type":"WebPage","@id":"https:\/\/guidetogreenland.com\/da\/reserver-ferie-rejser\/jagt-nordlys-med-snescooter-ilulissat\/","url":"https:\/\/guidetogreenland.com\/da\/reserver-ferie-rejser\/jagt-nordlys-med-snescooter-ilulissat\/","name":"Jagt nordlys med snescooter | Ilulissat | Guide to Greenland","isPartOf":{"@id":"https:\/\/guidetogreenland.com\/da\/#website"},"primaryImageOfPage":{"@id":"https:\/\/guidetogreenland.com\/da\/reserver-ferie-rejser\/jagt-nordlys-med-snescooter-ilulissat\/#primaryimage"},"image":{"@id":"https:\/\/guidetogreenland.com\/da\/reserver-ferie-rejser\/jagt-nordlys-med-snescooter-ilulissat\/#primaryimage"},"thumbnailUrl":"https:\/\/guidetogreenland.com\/wp-content\/uploads\/2020\/05\/Hunting-Northern-lights-with-snowmobile-in-Ilulissat.jpeg","datePublished":"2020-05-13T16:36:01+00:00","dateModified":"2025-11-08T06:22:44+00:00","breadcrumb":{"@id":"https:\/\/guidetogreenland.com\/da\/reserver-ferie-rejser\/jagt-nordlys-med-snescooter-ilulissat\/#breadcrumb"},"inLanguage":"da-DK","potentialAction":[{"@type":"ReadAction","target":["https:\/\/guidetogreenland.com\/da\/reserver-ferie-rejser\/jagt-nordlys-med-snescooter-ilulissat\/"]}]},{"@type":"ImageObject","inLanguage":"da-DK","@id":"https:\/\/guidetogreenland.com\/da\/reserver-ferie-rejser\/jagt-nordlys-med-snescooter-ilulissat\/#primaryimage","url":"https:\/\/guidetogreenland.com\/wp-content\/uploads\/2020\/05\/Hunting-Northern-lights-with-snowmobile-in-Ilulissat.jpeg","contentUrl":"https:\/\/guidetogreenland.com\/wp-content\/uploads\/2020\/05\/Hunting-Northern-lights-with-snowmobile-in-Ilulissat.jpeg","width":1536,"height":2048},{"@type":"BreadcrumbList","@id":"https:\/\/guidetogreenland.com\/da\/reserver-ferie-rejser\/jagt-nordlys-med-snescooter-ilulissat\/#breadcrumb","itemListElement":[{"@type":"ListItem","position":1,"name":"Home","item":"https:\/\/guidetogreenland.com\/da\/"},{"@type":"ListItem","position":2,"name":"Se alle ture","item":"https:\/\/guidetogreenland.com\/da\/reserver-ferie-rejser\/"},{"@type":"ListItem","position":3,"name":"Jagt nordlys med snescooter | Ilulissat"}]},{"@type":"WebSite","@id":"https:\/\/guidetogreenland.com\/da\/#website","url":"https:\/\/guidetogreenland.com\/da\/","name":"Guide to Greenland","description":"Largest selection of tours in Greenland","potentialAction":[{"@type":"SearchAction","target":{"@type":"EntryPoint","urlTemplate":"https:\/\/guidetogreenland.com\/da\/?s={search_term_string}"},"query-input":{"@type":"PropertyValueSpecification","valueRequired":true,"valueName":"search_term_string"}}],"inLanguage":"da-DK"}]}},"_links":{"self":[{"href":"https:\/\/guidetogreenland.com\/da\/wp-json\/wp\/v2\/product\/13399","targetHints":{"allow":["GET"]}}],"collection":[{"href":"https:\/\/guidetogreenland.com\/da\/wp-json\/wp\/v2\/product"}],"about":[{"href":"https:\/\/guidetogreenland.com\/da\/wp-json\/wp\/v2\/types\/product"}],"replies":[{"embeddable":true,"href":"https:\/\/guidetogreenland.com\/da\/wp-json\/wp\/v2\/comments?post=13399"}],"wp:featuredmedia":[{"embeddable":true,"href":"https:\/\/guidetogreenland.com\/da\/wp-json\/wp\/v2\/media\/60863"}],"wp:attachment":[{"href":"https:\/\/guidetogreenland.com\/da\/wp-json\/wp\/v2\/media?parent=13399"}],"wp:term":[{"taxonomy":"product_brand","embeddable":true,"href":"https:\/\/guidetogreenland.com\/da\/wp-json\/wp\/v2\/product_brand?post=13399"},{"taxonomy":"product_cat","embeddable":true,"href":"https:\/\/guidetogreenland.com\/da\/wp-json\/wp\/v2\/product_cat?post=13399"},{"taxonomy":"product_tag","embeddable":true,"href":"https:\/\/guidetogreenland.com\/da\/wp-json\/wp\/v2\/product_tag?post=13399"}],"curies":[{"name":"wp","href":"https:\/\/api.w.org\/{rel}","templated":true}]}}