{"id":13412,"date":"2020-05-14T11:08:13","date_gmt":"2020-05-14T11:08:13","guid":{"rendered":"https:\/\/guidetogreenland.com\/book-trips-holiday\/ice-fishing-kangerlussuaq-west-greenland\/"},"modified":"2023-06-02T14:53:10","modified_gmt":"2023-06-02T17:53:10","slug":"ice-fishing-kangerlussuaq-west-greenland","status":"publish","type":"product","link":"https:\/\/guidetogreenland.com\/da\/reserver-ferie-rejser\/isfiskeri-kangerlussuaq-vestgronland\/","title":{"rendered":"Isfiskeri | Kangerlussuaq | Vestgr\u00f8nland"},"content":{"rendered":"<p class=\"x-18pep25\">Tag med p\u00e5 denne autentiske\u00a0tur hvor du l\u00e6rer at fiske p\u00e5 den traditionelle m\u00e5de som folk stadig udnytter til den dag i dag. Du bliver k\u00f8rt ned til havnen hvorfra i bev\u00e6ger jeg ud p\u00e5 den tykke havis hvor i laver huller i isen for at kunne fiske.<\/p>\n<p class=\"x-18pep25\">De tre vigtigste elementer ved isfiskeri er; At lave hullet, fiskeudstyret og t\u00e5lmodighed. Dette er en vidunderlig mulighed for at nyde den friske arktiske brise og m\u00e6rke isen under f\u00f8dderne. Nyd stilheden omkring dig og v\u00e6r m\u00e5ske s\u00e5 heldig at fange din f\u00f8rste fisk i Gr\u00f8nland. Det er n\u00e6rmest en terapeutisk oplevelse med solen p\u00e5 den ene side og byen p\u00e5 den anden. Du kan endda v\u00e6re s\u00e5 heldig at der kommer lokale ud p\u00e5 isen som er friske p\u00e5 en god snak.<\/p>\n<p class=\"e1imf5dp0 x-jm2771\">Mens i fisker vil guiden forberede noget varmt at drikke og fort\u00e6lle en god fiskehistorie eller to.<\/p>\n","protected":false},"excerpt":{"rendered":"Tag med p\u00e5 denne autentiske\u00a0tur hvor du l\u00e6rer at fiske p\u00e5 den traditionelle m\u00e5de som folk stadig udnytter til den dag i dag. Du bliver k\u00f8rt ned til havnen hvorfra i bev\u00e6ger jeg ud p\u00e5 den tykke havis hvor i laver huller i isen for at kunne fiske. De tre vigtigste elementer ved isfiskeri er;&#8230;","protected":false},"featured_media":13413,"comment_status":"open","ping_status":"closed","template":"","meta":[],"product_brand":[],"product_cat":[628,606,613,622,612,593,627,643,646],"product_tag":[924],"class_list":{"0":"post-13412","1":"product","2":"type-product","3":"status-publish","4":"has-post-thumbnail","6":"product_cat-arctic-circle-trail","7":"product_cat-dagsture-om-vinteren","8":"product_cat-fisketure","9":"product_cat-groenlandsk-kultur","10":"product_cat-natur-og-dyreliv-i-groenland","11":"product_cat-oplevelser-i-groenland","12":"product_cat-ture-i-bestemte-omraader","13":"product_cat-ture-i-hver-by","14":"product_cat-ture-i-kangerlussuaq","15":"product_tag-kangerlussuaq-da","16":"pa_activities-fiskeri","17":"pa_available-month-februar","18":"pa_available-month-marts","19":"pa_available-month-april","20":"pa_destinations-kangerlussuaq","21":"pa_difficulty-let","22":"pa_duration-3-timer","23":"pa_tour-type-dagsture","24":"yith_shop_vendor-albatros-arctic-circle-da","26":"first","27":"instock","28":"virtual","29":"sold-individually","30":"purchasable","31":"product-type-booking"},"acf":[],"yoast_head":"<!-- This site is optimized with the Yoast SEO plugin v25.6 - https:\/\/yoast.com\/wordpress\/plugins\/seo\/ -->\n<title>Isfiskeri | Kangerlussuaq | Vestgr\u00f8nland | Guide to Greenland<\/title>\n<meta name=\"robots\" content=\"index, follow, max-snippet:-1, max-image-preview:large, max-video-preview:-1\" \/>\n<link rel=\"canonical\" href=\"https:\/\/guidetogreenland.com\/da\/reserver-ferie-rejser\/isfiskeri-kangerlussuaq-vestgronland\/\" \/>\n<meta property=\"og:locale\" content=\"da_DK\" \/>\n<meta property=\"og:type\" content=\"article\" \/>\n<meta property=\"og:title\" content=\"Isfiskeri | Kangerlussuaq | Vestgr\u00f8nland | Guide to Greenland\" \/>\n<meta property=\"og:description\" content=\"Tag med p\u00e5 denne autentiske\u00a0tur hvor du l\u00e6rer at fiske p\u00e5 den traditionelle m\u00e5de som folk stadig udnytter til den dag i dag. Du bliver k\u00f8rt ned til havnen hvorfra i bev\u00e6ger jeg ud p\u00e5 den tykke havis hvor i laver huller i isen for at kunne fiske. De tre vigtigste elementer ved isfiskeri er;...\" \/>\n<meta property=\"og:url\" content=\"https:\/\/guidetogreenland.com\/da\/reserver-ferie-rejser\/isfiskeri-kangerlussuaq-vestgronland\/\" \/>\n<meta property=\"og:site_name\" content=\"Guide to Greenland\" \/>\n<meta property=\"article:modified_time\" content=\"2023-06-02T17:53:10+00:00\" \/>\n<meta property=\"og:image\" content=\"https:\/\/guidetogreenland.com\/wp-content\/uploads\/2020\/05\/ice-fishing-kangerlussuaq-west-greenland-Guide-to-Greenland-5.jpg\" \/>\n\t<meta property=\"og:image:width\" content=\"798\" \/>\n\t<meta property=\"og:image:height\" content=\"273\" \/>\n\t<meta property=\"og:image:type\" content=\"image\/jpeg\" \/>\n<meta name=\"twitter:card\" content=\"summary_large_image\" \/>\n<meta name=\"twitter:label1\" content=\"Estimeret l\u00e6setid\" \/>\n\t<meta name=\"twitter:data1\" content=\"1 minut\" \/>\n<script type=\"application\/ld+json\" class=\"yoast-schema-graph\">{\"@context\":\"https:\/\/schema.org\",\"@graph\":[{\"@type\":\"WebPage\",\"@id\":\"https:\/\/guidetogreenland.com\/da\/reserver-ferie-rejser\/isfiskeri-kangerlussuaq-vestgronland\/\",\"url\":\"https:\/\/guidetogreenland.com\/da\/reserver-ferie-rejser\/isfiskeri-kangerlussuaq-vestgronland\/\",\"name\":\"Isfiskeri | Kangerlussuaq | Vestgr\u00f8nland | Guide to Greenland\",\"isPartOf\":{\"@id\":\"https:\/\/guidetogreenland.com\/da\/#website\"},\"primaryImageOfPage\":{\"@id\":\"https:\/\/guidetogreenland.com\/da\/reserver-ferie-rejser\/isfiskeri-kangerlussuaq-vestgronland\/#primaryimage\"},\"image\":{\"@id\":\"https:\/\/guidetogreenland.com\/da\/reserver-ferie-rejser\/isfiskeri-kangerlussuaq-vestgronland\/#primaryimage\"},\"thumbnailUrl\":\"https:\/\/guidetogreenland.com\/wp-content\/uploads\/2020\/05\/ice-fishing-kangerlussuaq-west-greenland-Guide-to-Greenland-2.jpg\",\"datePublished\":\"2020-05-14T11:08:13+00:00\",\"dateModified\":\"2023-06-02T17:53:10+00:00\",\"breadcrumb\":{\"@id\":\"https:\/\/guidetogreenland.com\/da\/reserver-ferie-rejser\/isfiskeri-kangerlussuaq-vestgronland\/#breadcrumb\"},\"inLanguage\":\"da-DK\",\"potentialAction\":[{\"@type\":\"ReadAction\",\"target\":[\"https:\/\/guidetogreenland.com\/da\/reserver-ferie-rejser\/isfiskeri-kangerlussuaq-vestgronland\/\"]}]},{\"@type\":\"ImageObject\",\"inLanguage\":\"da-DK\",\"@id\":\"https:\/\/guidetogreenland.com\/da\/reserver-ferie-rejser\/isfiskeri-kangerlussuaq-vestgronland\/#primaryimage\",\"url\":\"https:\/\/guidetogreenland.com\/wp-content\/uploads\/2020\/05\/ice-fishing-kangerlussuaq-west-greenland-Guide-to-Greenland-2.jpg\",\"contentUrl\":\"https:\/\/guidetogreenland.com\/wp-content\/uploads\/2020\/05\/ice-fishing-kangerlussuaq-west-greenland-Guide-to-Greenland-2.jpg\",\"width\":798,\"height\":372},{\"@type\":\"BreadcrumbList\",\"@id\":\"https:\/\/guidetogreenland.com\/da\/reserver-ferie-rejser\/isfiskeri-kangerlussuaq-vestgronland\/#breadcrumb\",\"itemListElement\":[{\"@type\":\"ListItem\",\"position\":1,\"name\":\"Home\",\"item\":\"https:\/\/guidetogreenland.com\/da\/\"},{\"@type\":\"ListItem\",\"position\":2,\"name\":\"Se alle ture\",\"item\":\"https:\/\/guidetogreenland.com\/da\/reserver-ferie-rejser\/\"},{\"@type\":\"ListItem\",\"position\":3,\"name\":\"Isfiskeri | Kangerlussuaq | Vestgr\u00f8nland\"}]},{\"@type\":\"WebSite\",\"@id\":\"https:\/\/guidetogreenland.com\/da\/#website\",\"url\":\"https:\/\/guidetogreenland.com\/da\/\",\"name\":\"Guide to Greenland\",\"description\":\"Largest selection of tours in Greenland\",\"potentialAction\":[{\"@type\":\"SearchAction\",\"target\":{\"@type\":\"EntryPoint\",\"urlTemplate\":\"https:\/\/guidetogreenland.com\/da\/?s={search_term_string}\"},\"query-input\":{\"@type\":\"PropertyValueSpecification\",\"valueRequired\":true,\"valueName\":\"search_term_string\"}}],\"inLanguage\":\"da-DK\"}]}<\/script>\n<!-- \/ Yoast SEO plugin. -->","yoast_head_json":{"title":"Isfiskeri | Kangerlussuaq | Vestgr\u00f8nland | Guide to Greenland","robots":{"index":"index","follow":"follow","max-snippet":"max-snippet:-1","max-image-preview":"max-image-preview:large","max-video-preview":"max-video-preview:-1"},"canonical":"https:\/\/guidetogreenland.com\/da\/reserver-ferie-rejser\/isfiskeri-kangerlussuaq-vestgronland\/","og_locale":"da_DK","og_type":"article","og_title":"Isfiskeri | Kangerlussuaq | Vestgr\u00f8nland | Guide to Greenland","og_description":"Tag med p\u00e5 denne autentiske\u00a0tur hvor du l\u00e6rer at fiske p\u00e5 den traditionelle m\u00e5de som folk stadig udnytter til den dag i dag. Du bliver k\u00f8rt ned til havnen hvorfra i bev\u00e6ger jeg ud p\u00e5 den tykke havis hvor i laver huller i isen for at kunne fiske. De tre vigtigste elementer ved isfiskeri er;...","og_url":"https:\/\/guidetogreenland.com\/da\/reserver-ferie-rejser\/isfiskeri-kangerlussuaq-vestgronland\/","og_site_name":"Guide to Greenland","article_modified_time":"2023-06-02T17:53:10+00:00","og_image":[{"width":798,"height":273,"url":"https:\/\/guidetogreenland.com\/wp-content\/uploads\/2020\/05\/ice-fishing-kangerlussuaq-west-greenland-Guide-to-Greenland-5.jpg","type":"image\/jpeg"}],"twitter_card":"summary_large_image","twitter_misc":{"Estimeret l\u00e6setid":"1 minut"},"schema":{"@context":"https:\/\/schema.org","@graph":[{"@type":"WebPage","@id":"https:\/\/guidetogreenland.com\/da\/reserver-ferie-rejser\/isfiskeri-kangerlussuaq-vestgronland\/","url":"https:\/\/guidetogreenland.com\/da\/reserver-ferie-rejser\/isfiskeri-kangerlussuaq-vestgronland\/","name":"Isfiskeri | Kangerlussuaq | Vestgr\u00f8nland | Guide to Greenland","isPartOf":{"@id":"https:\/\/guidetogreenland.com\/da\/#website"},"primaryImageOfPage":{"@id":"https:\/\/guidetogreenland.com\/da\/reserver-ferie-rejser\/isfiskeri-kangerlussuaq-vestgronland\/#primaryimage"},"image":{"@id":"https:\/\/guidetogreenland.com\/da\/reserver-ferie-rejser\/isfiskeri-kangerlussuaq-vestgronland\/#primaryimage"},"thumbnailUrl":"https:\/\/guidetogreenland.com\/wp-content\/uploads\/2020\/05\/ice-fishing-kangerlussuaq-west-greenland-Guide-to-Greenland-2.jpg","datePublished":"2020-05-14T11:08:13+00:00","dateModified":"2023-06-02T17:53:10+00:00","breadcrumb":{"@id":"https:\/\/guidetogreenland.com\/da\/reserver-ferie-rejser\/isfiskeri-kangerlussuaq-vestgronland\/#breadcrumb"},"inLanguage":"da-DK","potentialAction":[{"@type":"ReadAction","target":["https:\/\/guidetogreenland.com\/da\/reserver-ferie-rejser\/isfiskeri-kangerlussuaq-vestgronland\/"]}]},{"@type":"ImageObject","inLanguage":"da-DK","@id":"https:\/\/guidetogreenland.com\/da\/reserver-ferie-rejser\/isfiskeri-kangerlussuaq-vestgronland\/#primaryimage","url":"https:\/\/guidetogreenland.com\/wp-content\/uploads\/2020\/05\/ice-fishing-kangerlussuaq-west-greenland-Guide-to-Greenland-2.jpg","contentUrl":"https:\/\/guidetogreenland.com\/wp-content\/uploads\/2020\/05\/ice-fishing-kangerlussuaq-west-greenland-Guide-to-Greenland-2.jpg","width":798,"height":372},{"@type":"BreadcrumbList","@id":"https:\/\/guidetogreenland.com\/da\/reserver-ferie-rejser\/isfiskeri-kangerlussuaq-vestgronland\/#breadcrumb","itemListElement":[{"@type":"ListItem","position":1,"name":"Home","item":"https:\/\/guidetogreenland.com\/da\/"},{"@type":"ListItem","position":2,"name":"Se alle ture","item":"https:\/\/guidetogreenland.com\/da\/reserver-ferie-rejser\/"},{"@type":"ListItem","position":3,"name":"Isfiskeri | Kangerlussuaq | Vestgr\u00f8nland"}]},{"@type":"WebSite","@id":"https:\/\/guidetogreenland.com\/da\/#website","url":"https:\/\/guidetogreenland.com\/da\/","name":"Guide to Greenland","description":"Largest selection of tours in Greenland","potentialAction":[{"@type":"SearchAction","target":{"@type":"EntryPoint","urlTemplate":"https:\/\/guidetogreenland.com\/da\/?s={search_term_string}"},"query-input":{"@type":"PropertyValueSpecification","valueRequired":true,"valueName":"search_term_string"}}],"inLanguage":"da-DK"}]}},"_links":{"self":[{"href":"https:\/\/guidetogreenland.com\/da\/wp-json\/wp\/v2\/product\/13412","targetHints":{"allow":["GET"]}}],"collection":[{"href":"https:\/\/guidetogreenland.com\/da\/wp-json\/wp\/v2\/product"}],"about":[{"href":"https:\/\/guidetogreenland.com\/da\/wp-json\/wp\/v2\/types\/product"}],"replies":[{"embeddable":true,"href":"https:\/\/guidetogreenland.com\/da\/wp-json\/wp\/v2\/comments?post=13412"}],"wp:featuredmedia":[{"embeddable":true,"href":"https:\/\/guidetogreenland.com\/da\/wp-json\/wp\/v2\/media\/13413"}],"wp:attachment":[{"href":"https:\/\/guidetogreenland.com\/da\/wp-json\/wp\/v2\/media?parent=13412"}],"wp:term":[{"taxonomy":"product_brand","embeddable":true,"href":"https:\/\/guidetogreenland.com\/da\/wp-json\/wp\/v2\/product_brand?post=13412"},{"taxonomy":"product_cat","embeddable":true,"href":"https:\/\/guidetogreenland.com\/da\/wp-json\/wp\/v2\/product_cat?post=13412"},{"taxonomy":"product_tag","embeddable":true,"href":"https:\/\/guidetogreenland.com\/da\/wp-json\/wp\/v2\/product_tag?post=13412"}],"curies":[{"name":"wp","href":"https:\/\/api.w.org\/{rel}","templated":true}]}}