{"id":13421,"date":"2020-05-25T16:20:04","date_gmt":"2020-05-25T16:20:04","guid":{"rendered":"https:\/\/guidetogreenland.com\/book-trips-holiday\/iceberg-cruise-ice-cave-exploring-tasiilaq-east-greenland\/"},"modified":"2020-12-17T13:44:36","modified_gmt":"2020-12-17T13:44:36","slug":"udforsk-isfjorden-og-en-isgrotte-tasiilaq-ost-gronland","status":"publish","type":"product","link":"https:\/\/guidetogreenland.com\/da\/reserver-ferie-rejser\/udforsk-isfjorden-og-en-isgrotte-tasiilaq-ost-gronland\/","title":{"rendered":"Udforsk isfjorden og en Isgrotte | Tasiilaq | \u00d8st Gr\u00f8nland"},"content":{"rendered":"<div class=\"x-2ruu7e ewhm0490\">\n<div class=\"x-sqsvwz e1hc7val2\">\n<div class=\"x-13o7eu2 e1imf5dp1\">\n<div class=\"x-v4fa7v e1uuu2lt0\">\n<div class=\"x-7xwfhm e1imf5dp0\">\n<p class=\"x-18pep25\">Tag p\u00e5 den ultimative tur ud og sejle blandt enorme isfjelde og udforsk en k\u00e6mpe krystalbl\u00e5 isgrotte! Turen starter fra Tasiilaq havn og sejler derefter mod Kulusuk gennem Kong Oscars Fjord hvor vi sejler forbi store isbjerge, som vi s\u00e6tter farten lidt ned ved for virkelig at kunne v\u00e6rds\u00e6tte hvor store disse blokker af is kan v\u00e6re.<\/p>\n<p class=\"x-18pep25\">Vi kan v\u00e6re s\u00e5 heldige at vi endda ser nogle hvaler p\u00e5 vejen, her sv\u00f8mmer nemlig pukkelhvaler, v\u00e5gehvaler og finhvaler. Det tager ca. en time at komme frem til Gletsjeren hvor vi hopper af b\u00e5den og g\u00e5r en tur op til hvor vi kan komme ind i den krystalbl\u00e5 isgrotte.<\/p>\n<p class=\"e1imf5dp0 x-jm2771\">Gui<span class=\"x-12abj6v e1uuu2lt3\">den som tager os p\u00e5 turen er en certificeret gletsjer guide og vil v\u00e6re ansvarlig for at alle kommer derind og ud s\u00e5 sikkert som muligt. Vi holder en kort sikkerhedsinstruktion inden vi g\u00e5r op og ind i grotten. Det tager ca. 20 minutters g\u00e5tid p\u00e5 gletsjeren at n\u00e5 til selve grotten.<\/span><\/p>\n<p class=\"e1imf5dp0 x-jm2771\"><span class=\"x-12abj6v e1uuu2lt3\">Isgrotten er ulig noget man nogensinde har set f\u00f8r og det f\u00f8les som at g\u00e5 ind i en portal til isplaneten Hoth(reference til Star Wars). Isgrotten er ca. 40 meter dyb, s\u00e5 der er masser at udforske og tage billeder af f\u00f8r det er tid til at vende snuden tilbage mod Tasiilaq.<\/span><\/p>\n<p class=\"e1imf5dp0 x-jm2771\"><span class=\"x-12abj6v e1uuu2lt3\">Hvis det lyder som en tur for dig, s\u00e5 tag bare og klik p\u00e5 &#8216;V\u00e6lg en dato&#8221; og find en dag der passer dig!<\/span><\/p>\n<\/div>\n<\/div>\n<\/div>\n<\/div>\n<\/div>\n<div>\n<div class=\"x-1bve0ae ewhm0490\">\n<div class=\"x-sqsvwz e1hc7val2\"><\/div>\n<\/div>\n<\/div>\n","protected":false},"excerpt":{"rendered":"Tag p\u00e5 den ultimative tur ud og sejle blandt enorme isfjelde og udforsk en k\u00e6mpe krystalbl\u00e5 isgrotte! Turen starter fra Tasiilaq havn og sejler derefter mod Kulusuk gennem Kong Oscars Fjord hvor vi sejler forbi store isbjerge, som vi s\u00e6tter farten lidt ned ved for virkelig at kunne v\u00e6rds\u00e6tte hvor store disse blokker af is&#8230;","protected":false},"featured_media":13423,"comment_status":"open","ping_status":"closed","template":"","meta":[],"product_brand":[],"product_cat":[605,614,692,612,593,630,627,643,658],"product_tag":[925,937],"class_list":{"0":"post-13421","1":"product","2":"type-product","3":"status-publish","4":"has-post-thumbnail","6":"product_cat-dagsture-om-sommeren","7":"product_cat-gletsjer-og-indlandsisen","8":"product_cat-iceberg-icefjord-tours","9":"product_cat-natur-og-dyreliv-i-groenland","10":"product_cat-oplevelser-i-groenland","11":"product_cat-oestgroenland","12":"product_cat-ture-i-bestemte-omraader","13":"product_cat-ture-i-hver-by","14":"product_cat-ture-i-tasiilaq","15":"product_tag-kulusuk-da","16":"product_tag-tasiilaq-da","17":"pa_activities-baadtur","18":"pa_activities-gletschervandring","19":"pa_activities-kaelvende-gletscher","20":"pa_activities-isbjerg-udsigt","21":"pa_available-month-juli","22":"pa_available-month-august","23":"pa_available-month-september","24":"pa_destinations-kulusuk","25":"pa_destinations-tasiilaq","26":"pa_difficulty-moderat","27":"pa_duration-6-timer","28":"pa_tour-type-dagsture","29":"yith_shop_vendor-arctic-dream-da","30":"yith_booking_service-departure-from-tasiilaq","31":"yith_booking_service-pick-up-from-kulusuk","33":"first","34":"instock","35":"virtual","36":"sold-individually","37":"purchasable","38":"product-type-booking"},"acf":[],"yoast_head":"<!-- This site is optimized with the Yoast SEO plugin v25.6 - https:\/\/yoast.com\/wordpress\/plugins\/seo\/ -->\n<title>Udforsk isfjorden og en Isgrotte | Tasiilaq | \u00d8st Gr\u00f8nland | Guide to Greenland<\/title>\n<meta name=\"robots\" content=\"index, follow, max-snippet:-1, max-image-preview:large, max-video-preview:-1\" \/>\n<link rel=\"canonical\" href=\"https:\/\/guidetogreenland.com\/da\/reserver-ferie-rejser\/udforsk-isfjorden-og-en-isgrotte-tasiilaq-ost-gronland\/\" \/>\n<meta property=\"og:locale\" content=\"da_DK\" \/>\n<meta property=\"og:type\" content=\"article\" \/>\n<meta property=\"og:title\" content=\"Udforsk isfjorden og en Isgrotte | Tasiilaq | \u00d8st Gr\u00f8nland | Guide to Greenland\" \/>\n<meta property=\"og:description\" content=\"Tag p\u00e5 den ultimative tur ud og sejle blandt enorme isfjelde og udforsk en k\u00e6mpe krystalbl\u00e5 isgrotte! Turen starter fra Tasiilaq havn og sejler derefter mod Kulusuk gennem Kong Oscars Fjord hvor vi sejler forbi store isbjerge, som vi s\u00e6tter farten lidt ned ved for virkelig at kunne v\u00e6rds\u00e6tte hvor store disse blokker af is...\" \/>\n<meta property=\"og:url\" content=\"https:\/\/guidetogreenland.com\/da\/reserver-ferie-rejser\/udforsk-isfjorden-og-en-isgrotte-tasiilaq-ost-gronland\/\" \/>\n<meta property=\"og:site_name\" content=\"Guide to Greenland\" \/>\n<meta property=\"article:modified_time\" content=\"2020-12-17T13:44:36+00:00\" \/>\n<meta property=\"og:image\" content=\"https:\/\/guidetogreenland.com\/wp-content\/uploads\/2020\/05\/Iceberg-cruise-Ice-cave-exploring-Tasiilaq-East-Greenland-Guide-to-Greenland2.jpeg\" \/>\n\t<meta property=\"og:image:width\" content=\"875\" \/>\n\t<meta property=\"og:image:height\" content=\"656\" \/>\n\t<meta property=\"og:image:type\" content=\"image\/jpeg\" \/>\n<meta name=\"twitter:card\" content=\"summary_large_image\" \/>\n<meta name=\"twitter:label1\" content=\"Estimeret l\u00e6setid\" \/>\n\t<meta name=\"twitter:data1\" content=\"1 minut\" \/>\n<script type=\"application\/ld+json\" class=\"yoast-schema-graph\">{\"@context\":\"https:\/\/schema.org\",\"@graph\":[{\"@type\":\"WebPage\",\"@id\":\"https:\/\/guidetogreenland.com\/da\/reserver-ferie-rejser\/udforsk-isfjorden-og-en-isgrotte-tasiilaq-ost-gronland\/\",\"url\":\"https:\/\/guidetogreenland.com\/da\/reserver-ferie-rejser\/udforsk-isfjorden-og-en-isgrotte-tasiilaq-ost-gronland\/\",\"name\":\"Udforsk isfjorden og en Isgrotte | Tasiilaq | \u00d8st Gr\u00f8nland | Guide to Greenland\",\"isPartOf\":{\"@id\":\"https:\/\/guidetogreenland.com\/da\/#website\"},\"primaryImageOfPage\":{\"@id\":\"https:\/\/guidetogreenland.com\/da\/reserver-ferie-rejser\/udforsk-isfjorden-og-en-isgrotte-tasiilaq-ost-gronland\/#primaryimage\"},\"image\":{\"@id\":\"https:\/\/guidetogreenland.com\/da\/reserver-ferie-rejser\/udforsk-isfjorden-og-en-isgrotte-tasiilaq-ost-gronland\/#primaryimage\"},\"thumbnailUrl\":\"https:\/\/guidetogreenland.com\/wp-content\/uploads\/2020\/05\/Iceberg-cruise-Ice-cave-exploring-Tasiilaq-East-Greenland-Guide-to-Greenland2.jpeg\",\"datePublished\":\"2020-05-25T16:20:04+00:00\",\"dateModified\":\"2020-12-17T13:44:36+00:00\",\"breadcrumb\":{\"@id\":\"https:\/\/guidetogreenland.com\/da\/reserver-ferie-rejser\/udforsk-isfjorden-og-en-isgrotte-tasiilaq-ost-gronland\/#breadcrumb\"},\"inLanguage\":\"da-DK\",\"potentialAction\":[{\"@type\":\"ReadAction\",\"target\":[\"https:\/\/guidetogreenland.com\/da\/reserver-ferie-rejser\/udforsk-isfjorden-og-en-isgrotte-tasiilaq-ost-gronland\/\"]}]},{\"@type\":\"ImageObject\",\"inLanguage\":\"da-DK\",\"@id\":\"https:\/\/guidetogreenland.com\/da\/reserver-ferie-rejser\/udforsk-isfjorden-og-en-isgrotte-tasiilaq-ost-gronland\/#primaryimage\",\"url\":\"https:\/\/guidetogreenland.com\/wp-content\/uploads\/2020\/05\/Iceberg-cruise-Ice-cave-exploring-Tasiilaq-East-Greenland-Guide-to-Greenland2.jpeg\",\"contentUrl\":\"https:\/\/guidetogreenland.com\/wp-content\/uploads\/2020\/05\/Iceberg-cruise-Ice-cave-exploring-Tasiilaq-East-Greenland-Guide-to-Greenland2.jpeg\",\"width\":875,\"height\":656},{\"@type\":\"BreadcrumbList\",\"@id\":\"https:\/\/guidetogreenland.com\/da\/reserver-ferie-rejser\/udforsk-isfjorden-og-en-isgrotte-tasiilaq-ost-gronland\/#breadcrumb\",\"itemListElement\":[{\"@type\":\"ListItem\",\"position\":1,\"name\":\"Home\",\"item\":\"https:\/\/guidetogreenland.com\/da\/\"},{\"@type\":\"ListItem\",\"position\":2,\"name\":\"Se alle ture\",\"item\":\"https:\/\/guidetogreenland.com\/da\/reserver-ferie-rejser\/\"},{\"@type\":\"ListItem\",\"position\":3,\"name\":\"Udforsk isfjorden og en Isgrotte | Tasiilaq | \u00d8st Gr\u00f8nland\"}]},{\"@type\":\"WebSite\",\"@id\":\"https:\/\/guidetogreenland.com\/da\/#website\",\"url\":\"https:\/\/guidetogreenland.com\/da\/\",\"name\":\"Guide to Greenland\",\"description\":\"Largest selection of tours in Greenland\",\"potentialAction\":[{\"@type\":\"SearchAction\",\"target\":{\"@type\":\"EntryPoint\",\"urlTemplate\":\"https:\/\/guidetogreenland.com\/da\/?s={search_term_string}\"},\"query-input\":{\"@type\":\"PropertyValueSpecification\",\"valueRequired\":true,\"valueName\":\"search_term_string\"}}],\"inLanguage\":\"da-DK\"}]}<\/script>\n<!-- \/ Yoast SEO plugin. -->","yoast_head_json":{"title":"Udforsk isfjorden og en Isgrotte | Tasiilaq | \u00d8st Gr\u00f8nland | Guide to Greenland","robots":{"index":"index","follow":"follow","max-snippet":"max-snippet:-1","max-image-preview":"max-image-preview:large","max-video-preview":"max-video-preview:-1"},"canonical":"https:\/\/guidetogreenland.com\/da\/reserver-ferie-rejser\/udforsk-isfjorden-og-en-isgrotte-tasiilaq-ost-gronland\/","og_locale":"da_DK","og_type":"article","og_title":"Udforsk isfjorden og en Isgrotte | Tasiilaq | \u00d8st Gr\u00f8nland | Guide to Greenland","og_description":"Tag p\u00e5 den ultimative tur ud og sejle blandt enorme isfjelde og udforsk en k\u00e6mpe krystalbl\u00e5 isgrotte! Turen starter fra Tasiilaq havn og sejler derefter mod Kulusuk gennem Kong Oscars Fjord hvor vi sejler forbi store isbjerge, som vi s\u00e6tter farten lidt ned ved for virkelig at kunne v\u00e6rds\u00e6tte hvor store disse blokker af is...","og_url":"https:\/\/guidetogreenland.com\/da\/reserver-ferie-rejser\/udforsk-isfjorden-og-en-isgrotte-tasiilaq-ost-gronland\/","og_site_name":"Guide to Greenland","article_modified_time":"2020-12-17T13:44:36+00:00","og_image":[{"width":875,"height":656,"url":"https:\/\/guidetogreenland.com\/wp-content\/uploads\/2020\/05\/Iceberg-cruise-Ice-cave-exploring-Tasiilaq-East-Greenland-Guide-to-Greenland2.jpeg","type":"image\/jpeg"}],"twitter_card":"summary_large_image","twitter_misc":{"Estimeret l\u00e6setid":"1 minut"},"schema":{"@context":"https:\/\/schema.org","@graph":[{"@type":"WebPage","@id":"https:\/\/guidetogreenland.com\/da\/reserver-ferie-rejser\/udforsk-isfjorden-og-en-isgrotte-tasiilaq-ost-gronland\/","url":"https:\/\/guidetogreenland.com\/da\/reserver-ferie-rejser\/udforsk-isfjorden-og-en-isgrotte-tasiilaq-ost-gronland\/","name":"Udforsk isfjorden og en Isgrotte | Tasiilaq | \u00d8st Gr\u00f8nland | Guide to Greenland","isPartOf":{"@id":"https:\/\/guidetogreenland.com\/da\/#website"},"primaryImageOfPage":{"@id":"https:\/\/guidetogreenland.com\/da\/reserver-ferie-rejser\/udforsk-isfjorden-og-en-isgrotte-tasiilaq-ost-gronland\/#primaryimage"},"image":{"@id":"https:\/\/guidetogreenland.com\/da\/reserver-ferie-rejser\/udforsk-isfjorden-og-en-isgrotte-tasiilaq-ost-gronland\/#primaryimage"},"thumbnailUrl":"https:\/\/guidetogreenland.com\/wp-content\/uploads\/2020\/05\/Iceberg-cruise-Ice-cave-exploring-Tasiilaq-East-Greenland-Guide-to-Greenland2.jpeg","datePublished":"2020-05-25T16:20:04+00:00","dateModified":"2020-12-17T13:44:36+00:00","breadcrumb":{"@id":"https:\/\/guidetogreenland.com\/da\/reserver-ferie-rejser\/udforsk-isfjorden-og-en-isgrotte-tasiilaq-ost-gronland\/#breadcrumb"},"inLanguage":"da-DK","potentialAction":[{"@type":"ReadAction","target":["https:\/\/guidetogreenland.com\/da\/reserver-ferie-rejser\/udforsk-isfjorden-og-en-isgrotte-tasiilaq-ost-gronland\/"]}]},{"@type":"ImageObject","inLanguage":"da-DK","@id":"https:\/\/guidetogreenland.com\/da\/reserver-ferie-rejser\/udforsk-isfjorden-og-en-isgrotte-tasiilaq-ost-gronland\/#primaryimage","url":"https:\/\/guidetogreenland.com\/wp-content\/uploads\/2020\/05\/Iceberg-cruise-Ice-cave-exploring-Tasiilaq-East-Greenland-Guide-to-Greenland2.jpeg","contentUrl":"https:\/\/guidetogreenland.com\/wp-content\/uploads\/2020\/05\/Iceberg-cruise-Ice-cave-exploring-Tasiilaq-East-Greenland-Guide-to-Greenland2.jpeg","width":875,"height":656},{"@type":"BreadcrumbList","@id":"https:\/\/guidetogreenland.com\/da\/reserver-ferie-rejser\/udforsk-isfjorden-og-en-isgrotte-tasiilaq-ost-gronland\/#breadcrumb","itemListElement":[{"@type":"ListItem","position":1,"name":"Home","item":"https:\/\/guidetogreenland.com\/da\/"},{"@type":"ListItem","position":2,"name":"Se alle ture","item":"https:\/\/guidetogreenland.com\/da\/reserver-ferie-rejser\/"},{"@type":"ListItem","position":3,"name":"Udforsk isfjorden og en Isgrotte | Tasiilaq | \u00d8st Gr\u00f8nland"}]},{"@type":"WebSite","@id":"https:\/\/guidetogreenland.com\/da\/#website","url":"https:\/\/guidetogreenland.com\/da\/","name":"Guide to Greenland","description":"Largest selection of tours in Greenland","potentialAction":[{"@type":"SearchAction","target":{"@type":"EntryPoint","urlTemplate":"https:\/\/guidetogreenland.com\/da\/?s={search_term_string}"},"query-input":{"@type":"PropertyValueSpecification","valueRequired":true,"valueName":"search_term_string"}}],"inLanguage":"da-DK"}]}},"_links":{"self":[{"href":"https:\/\/guidetogreenland.com\/da\/wp-json\/wp\/v2\/product\/13421","targetHints":{"allow":["GET"]}}],"collection":[{"href":"https:\/\/guidetogreenland.com\/da\/wp-json\/wp\/v2\/product"}],"about":[{"href":"https:\/\/guidetogreenland.com\/da\/wp-json\/wp\/v2\/types\/product"}],"replies":[{"embeddable":true,"href":"https:\/\/guidetogreenland.com\/da\/wp-json\/wp\/v2\/comments?post=13421"}],"wp:featuredmedia":[{"embeddable":true,"href":"https:\/\/guidetogreenland.com\/da\/wp-json\/wp\/v2\/media\/13423"}],"wp:attachment":[{"href":"https:\/\/guidetogreenland.com\/da\/wp-json\/wp\/v2\/media?parent=13421"}],"wp:term":[{"taxonomy":"product_brand","embeddable":true,"href":"https:\/\/guidetogreenland.com\/da\/wp-json\/wp\/v2\/product_brand?post=13421"},{"taxonomy":"product_cat","embeddable":true,"href":"https:\/\/guidetogreenland.com\/da\/wp-json\/wp\/v2\/product_cat?post=13421"},{"taxonomy":"product_tag","embeddable":true,"href":"https:\/\/guidetogreenland.com\/da\/wp-json\/wp\/v2\/product_tag?post=13421"}],"curies":[{"name":"wp","href":"https:\/\/api.w.org\/{rel}","templated":true}]}}