{"id":13430,"date":"2020-05-14T12:05:51","date_gmt":"2020-05-14T12:05:51","guid":{"rendered":"https:\/\/guidetogreenland.com\/book-trips-holiday\/iceberg-safari-ilulissat-disko-bay\/"},"modified":"2025-12-17T03:22:45","modified_gmt":"2025-12-17T06:22:45","slug":"iceberg-safari-ilulissat-disko-bay","status":"publish","type":"product","link":"https:\/\/guidetogreenland.com\/da\/reserver-ferie-rejser\/isbjerg-safari-ilulissat-diskobugten\/","title":{"rendered":"Isbjerg Safari | Ilulissat | Diskobugten"},"content":{"rendered":"<p class=\"x-18pep25\">Kom med ud og sejle\u00a0i den majest\u00e6tiske Ilulissat Isfjord. Du kan fra denne b\u00e5dtur se de mange vidunderlige isbjerge fra flere forskellige vinkler. St\u00f8rrelserne p\u00e5 nogle af isbjergene er slet ikke til at forst\u00e5 &#8211; de ligner \u00f8er der bare er d\u00e6kket med sne. Og t\u00e6nkt at the bare er toppen! Resten ligger under hvor det bare \u00f8je ikke lige kan se.<\/p>\n<p class=\"x-18pep25\">St\u00f8rrelserne og formerne varierer utroligt meget, det samme med farverne. Der er uendelige nuancer af bl\u00e5 indtil de helt hvide. Vejret og lyset spiller ogs\u00e5 en stor rolle i hvordan de ser ud &#8211; om det er solskin eller overskyet, s\u00e5 er det en oplevelse i sig selv hver eneste gang.<\/p>\n<p class=\"e1imf5dp0 x-jm2771\">V\u00e6r sikker p\u00e5 at komme med p\u00e5 dette eventyr p\u00e5 din tur til Ilulissat. Check mulighederne ved at trykke p\u00e5 &#8216;v\u00e6lg en dato&#8217; for oven.<\/p>\n","protected":false},"excerpt":{"rendered":"Kom med ud og sejle\u00a0i den majest\u00e6tiske Ilulissat Isfjord. Du kan fra denne b\u00e5dtur se de mange vidunderlige isbjerge fra flere forskellige vinkler. St\u00f8rrelserne p\u00e5 nogle af isbjergene er slet ikke til at forst\u00e5 &#8211; de ligner \u00f8er der bare er d\u00e6kket med sne. Og t\u00e6nkt at the bare er toppen! Resten ligger under hvor&#8230;","protected":false},"featured_media":30134,"comment_status":"open","ping_status":"closed","template":"","meta":[],"product_brand":[],"product_cat":[594,629,692,617,593,634,644,625],"product_tag":[919],"class_list":{"0":"post-13430","1":"product","2":"type-product","3":"status-publish","4":"has-post-thumbnail","6":"product_cat-baadture","7":"product_cat-disko-bugten","8":"product_cat-iceberg-icefjord-tours","9":"product_cat-ilulissat-isfjord-ture","10":"product_cat-oplevelser-i-groenland","11":"product_cat-ture-for-krydstogtgaester","12":"product_cat-ture-i-ilulissat","13":"product_cat-ture-til-verdensarv-steder-i-groenland","14":"product_tag-ilulissat-da","15":"pa_activities-baadtur","16":"pa_activities-isbjerg-udsigt","17":"pa_attractions-ilulissat-icefjord","18":"pa_attractions-unesco-verdensarv-omraade","19":"pa_available-month-maj","20":"pa_available-month-juni","21":"pa_available-month-juli","22":"pa_available-month-august","23":"pa_available-month-september","24":"pa_destinations-ilulissat","25":"pa_difficulty-let","26":"pa_duration-2-timer","27":"pa_tour-type-dagsture","29":"first","30":"instock","31":"virtual","32":"sold-individually","33":"purchasable","34":"product-type-booking"},"acf":[],"yoast_head":"<!-- This site is optimized with the Yoast SEO plugin v25.6 - https:\/\/yoast.com\/wordpress\/plugins\/seo\/ -->\n<title>Isbjerg Safari | Ilulissat | Diskobugten | Guide to Greenland<\/title>\n<meta name=\"robots\" content=\"index, follow, max-snippet:-1, max-image-preview:large, max-video-preview:-1\" \/>\n<link rel=\"canonical\" href=\"https:\/\/guidetogreenland.com\/da\/reserver-ferie-rejser\/isbjerg-safari-ilulissat-diskobugten\/\" \/>\n<meta property=\"og:locale\" content=\"da_DK\" \/>\n<meta property=\"og:type\" content=\"article\" \/>\n<meta property=\"og:title\" content=\"Isbjerg Safari | Ilulissat | Diskobugten | Guide to Greenland\" \/>\n<meta property=\"og:description\" content=\"Kom med ud og sejle\u00a0i den majest\u00e6tiske Ilulissat Isfjord. Du kan fra denne b\u00e5dtur se de mange vidunderlige isbjerge fra flere forskellige vinkler. St\u00f8rrelserne p\u00e5 nogle af isbjergene er slet ikke til at forst\u00e5 &#8211; de ligner \u00f8er der bare er d\u00e6kket med sne. Og t\u00e6nkt at the bare er toppen! Resten ligger under hvor...\" \/>\n<meta property=\"og:url\" content=\"https:\/\/guidetogreenland.com\/da\/reserver-ferie-rejser\/isbjerg-safari-ilulissat-diskobugten\/\" \/>\n<meta property=\"og:site_name\" content=\"Guide to Greenland\" \/>\n<meta property=\"article:modified_time\" content=\"2025-12-17T06:22:45+00:00\" \/>\n<meta property=\"og:image\" content=\"https:\/\/guidetogreenland.com\/wp-content\/uploads\/2020\/05\/iceberg-safari-ilulissat-disko-bay-Guide-to-Greenland-2.jpg\" \/>\n\t<meta property=\"og:image:width\" content=\"926\" \/>\n\t<meta property=\"og:image:height\" content=\"695\" \/>\n\t<meta property=\"og:image:type\" content=\"image\/jpeg\" \/>\n<meta name=\"twitter:card\" content=\"summary_large_image\" \/>\n<meta name=\"twitter:label1\" content=\"Estimeret l\u00e6setid\" \/>\n\t<meta name=\"twitter:data1\" content=\"1 minut\" \/>\n<script type=\"application\/ld+json\" class=\"yoast-schema-graph\">{\"@context\":\"https:\/\/schema.org\",\"@graph\":[{\"@type\":\"WebPage\",\"@id\":\"https:\/\/guidetogreenland.com\/da\/reserver-ferie-rejser\/isbjerg-safari-ilulissat-diskobugten\/\",\"url\":\"https:\/\/guidetogreenland.com\/da\/reserver-ferie-rejser\/isbjerg-safari-ilulissat-diskobugten\/\",\"name\":\"Isbjerg Safari | Ilulissat | Diskobugten | Guide to Greenland\",\"isPartOf\":{\"@id\":\"https:\/\/guidetogreenland.com\/da\/#website\"},\"primaryImageOfPage\":{\"@id\":\"https:\/\/guidetogreenland.com\/da\/reserver-ferie-rejser\/isbjerg-safari-ilulissat-diskobugten\/#primaryimage\"},\"image\":{\"@id\":\"https:\/\/guidetogreenland.com\/da\/reserver-ferie-rejser\/isbjerg-safari-ilulissat-diskobugten\/#primaryimage\"},\"thumbnailUrl\":\"https:\/\/guidetogreenland.com\/wp-content\/uploads\/2020\/05\/Iceberg-Safari-Ilulissat-Disko-Bay-Guide-to-Greenland-.jpg\",\"datePublished\":\"2020-05-14T12:05:51+00:00\",\"dateModified\":\"2025-12-17T06:22:45+00:00\",\"breadcrumb\":{\"@id\":\"https:\/\/guidetogreenland.com\/da\/reserver-ferie-rejser\/isbjerg-safari-ilulissat-diskobugten\/#breadcrumb\"},\"inLanguage\":\"da-DK\",\"potentialAction\":[{\"@type\":\"ReadAction\",\"target\":[\"https:\/\/guidetogreenland.com\/da\/reserver-ferie-rejser\/isbjerg-safari-ilulissat-diskobugten\/\"]}]},{\"@type\":\"ImageObject\",\"inLanguage\":\"da-DK\",\"@id\":\"https:\/\/guidetogreenland.com\/da\/reserver-ferie-rejser\/isbjerg-safari-ilulissat-diskobugten\/#primaryimage\",\"url\":\"https:\/\/guidetogreenland.com\/wp-content\/uploads\/2020\/05\/Iceberg-Safari-Ilulissat-Disko-Bay-Guide-to-Greenland-.jpg\",\"contentUrl\":\"https:\/\/guidetogreenland.com\/wp-content\/uploads\/2020\/05\/Iceberg-Safari-Ilulissat-Disko-Bay-Guide-to-Greenland-.jpg\",\"width\":2048,\"height\":1536},{\"@type\":\"BreadcrumbList\",\"@id\":\"https:\/\/guidetogreenland.com\/da\/reserver-ferie-rejser\/isbjerg-safari-ilulissat-diskobugten\/#breadcrumb\",\"itemListElement\":[{\"@type\":\"ListItem\",\"position\":1,\"name\":\"Home\",\"item\":\"https:\/\/guidetogreenland.com\/da\/\"},{\"@type\":\"ListItem\",\"position\":2,\"name\":\"Se alle ture\",\"item\":\"https:\/\/guidetogreenland.com\/da\/reserver-ferie-rejser\/\"},{\"@type\":\"ListItem\",\"position\":3,\"name\":\"Isbjerg Safari | Ilulissat | Diskobugten\"}]},{\"@type\":\"WebSite\",\"@id\":\"https:\/\/guidetogreenland.com\/da\/#website\",\"url\":\"https:\/\/guidetogreenland.com\/da\/\",\"name\":\"Guide to Greenland\",\"description\":\"Largest selection of tours in Greenland\",\"potentialAction\":[{\"@type\":\"SearchAction\",\"target\":{\"@type\":\"EntryPoint\",\"urlTemplate\":\"https:\/\/guidetogreenland.com\/da\/?s={search_term_string}\"},\"query-input\":{\"@type\":\"PropertyValueSpecification\",\"valueRequired\":true,\"valueName\":\"search_term_string\"}}],\"inLanguage\":\"da-DK\"}]}<\/script>\n<!-- \/ Yoast SEO plugin. -->","yoast_head_json":{"title":"Isbjerg Safari | Ilulissat | Diskobugten | Guide to Greenland","robots":{"index":"index","follow":"follow","max-snippet":"max-snippet:-1","max-image-preview":"max-image-preview:large","max-video-preview":"max-video-preview:-1"},"canonical":"https:\/\/guidetogreenland.com\/da\/reserver-ferie-rejser\/isbjerg-safari-ilulissat-diskobugten\/","og_locale":"da_DK","og_type":"article","og_title":"Isbjerg Safari | Ilulissat | Diskobugten | Guide to Greenland","og_description":"Kom med ud og sejle\u00a0i den majest\u00e6tiske Ilulissat Isfjord. Du kan fra denne b\u00e5dtur se de mange vidunderlige isbjerge fra flere forskellige vinkler. St\u00f8rrelserne p\u00e5 nogle af isbjergene er slet ikke til at forst\u00e5 &#8211; de ligner \u00f8er der bare er d\u00e6kket med sne. Og t\u00e6nkt at the bare er toppen! Resten ligger under hvor...","og_url":"https:\/\/guidetogreenland.com\/da\/reserver-ferie-rejser\/isbjerg-safari-ilulissat-diskobugten\/","og_site_name":"Guide to Greenland","article_modified_time":"2025-12-17T06:22:45+00:00","og_image":[{"width":926,"height":695,"url":"https:\/\/guidetogreenland.com\/wp-content\/uploads\/2020\/05\/iceberg-safari-ilulissat-disko-bay-Guide-to-Greenland-2.jpg","type":"image\/jpeg"}],"twitter_card":"summary_large_image","twitter_misc":{"Estimeret l\u00e6setid":"1 minut"},"schema":{"@context":"https:\/\/schema.org","@graph":[{"@type":"WebPage","@id":"https:\/\/guidetogreenland.com\/da\/reserver-ferie-rejser\/isbjerg-safari-ilulissat-diskobugten\/","url":"https:\/\/guidetogreenland.com\/da\/reserver-ferie-rejser\/isbjerg-safari-ilulissat-diskobugten\/","name":"Isbjerg Safari | Ilulissat | Diskobugten | Guide to Greenland","isPartOf":{"@id":"https:\/\/guidetogreenland.com\/da\/#website"},"primaryImageOfPage":{"@id":"https:\/\/guidetogreenland.com\/da\/reserver-ferie-rejser\/isbjerg-safari-ilulissat-diskobugten\/#primaryimage"},"image":{"@id":"https:\/\/guidetogreenland.com\/da\/reserver-ferie-rejser\/isbjerg-safari-ilulissat-diskobugten\/#primaryimage"},"thumbnailUrl":"https:\/\/guidetogreenland.com\/wp-content\/uploads\/2020\/05\/Iceberg-Safari-Ilulissat-Disko-Bay-Guide-to-Greenland-.jpg","datePublished":"2020-05-14T12:05:51+00:00","dateModified":"2025-12-17T06:22:45+00:00","breadcrumb":{"@id":"https:\/\/guidetogreenland.com\/da\/reserver-ferie-rejser\/isbjerg-safari-ilulissat-diskobugten\/#breadcrumb"},"inLanguage":"da-DK","potentialAction":[{"@type":"ReadAction","target":["https:\/\/guidetogreenland.com\/da\/reserver-ferie-rejser\/isbjerg-safari-ilulissat-diskobugten\/"]}]},{"@type":"ImageObject","inLanguage":"da-DK","@id":"https:\/\/guidetogreenland.com\/da\/reserver-ferie-rejser\/isbjerg-safari-ilulissat-diskobugten\/#primaryimage","url":"https:\/\/guidetogreenland.com\/wp-content\/uploads\/2020\/05\/Iceberg-Safari-Ilulissat-Disko-Bay-Guide-to-Greenland-.jpg","contentUrl":"https:\/\/guidetogreenland.com\/wp-content\/uploads\/2020\/05\/Iceberg-Safari-Ilulissat-Disko-Bay-Guide-to-Greenland-.jpg","width":2048,"height":1536},{"@type":"BreadcrumbList","@id":"https:\/\/guidetogreenland.com\/da\/reserver-ferie-rejser\/isbjerg-safari-ilulissat-diskobugten\/#breadcrumb","itemListElement":[{"@type":"ListItem","position":1,"name":"Home","item":"https:\/\/guidetogreenland.com\/da\/"},{"@type":"ListItem","position":2,"name":"Se alle ture","item":"https:\/\/guidetogreenland.com\/da\/reserver-ferie-rejser\/"},{"@type":"ListItem","position":3,"name":"Isbjerg Safari | Ilulissat | Diskobugten"}]},{"@type":"WebSite","@id":"https:\/\/guidetogreenland.com\/da\/#website","url":"https:\/\/guidetogreenland.com\/da\/","name":"Guide to Greenland","description":"Largest selection of tours in Greenland","potentialAction":[{"@type":"SearchAction","target":{"@type":"EntryPoint","urlTemplate":"https:\/\/guidetogreenland.com\/da\/?s={search_term_string}"},"query-input":{"@type":"PropertyValueSpecification","valueRequired":true,"valueName":"search_term_string"}}],"inLanguage":"da-DK"}]}},"_links":{"self":[{"href":"https:\/\/guidetogreenland.com\/da\/wp-json\/wp\/v2\/product\/13430","targetHints":{"allow":["GET"]}}],"collection":[{"href":"https:\/\/guidetogreenland.com\/da\/wp-json\/wp\/v2\/product"}],"about":[{"href":"https:\/\/guidetogreenland.com\/da\/wp-json\/wp\/v2\/types\/product"}],"replies":[{"embeddable":true,"href":"https:\/\/guidetogreenland.com\/da\/wp-json\/wp\/v2\/comments?post=13430"}],"wp:featuredmedia":[{"embeddable":true,"href":"https:\/\/guidetogreenland.com\/da\/wp-json\/wp\/v2\/media\/30134"}],"wp:attachment":[{"href":"https:\/\/guidetogreenland.com\/da\/wp-json\/wp\/v2\/media?parent=13430"}],"wp:term":[{"taxonomy":"product_brand","embeddable":true,"href":"https:\/\/guidetogreenland.com\/da\/wp-json\/wp\/v2\/product_brand?post=13430"},{"taxonomy":"product_cat","embeddable":true,"href":"https:\/\/guidetogreenland.com\/da\/wp-json\/wp\/v2\/product_cat?post=13430"},{"taxonomy":"product_tag","embeddable":true,"href":"https:\/\/guidetogreenland.com\/da\/wp-json\/wp\/v2\/product_tag?post=13430"}],"curies":[{"name":"wp","href":"https:\/\/api.w.org\/{rel}","templated":true}]}}