{"id":13440,"date":"2020-05-14T12:14:48","date_gmt":"2020-05-14T12:14:48","guid":{"rendered":"https:\/\/guidetogreenland.com\/book-trips-holiday\/icefjord-snowshoe-hike-ilulissat-disko-bay\/"},"modified":"2023-06-02T14:50:59","modified_gmt":"2023-06-02T17:50:59","slug":"icefjord-snowshoe-hike-ilulissat-disko-bay","status":"publish","type":"product","link":"https:\/\/guidetogreenland.com\/da\/reserver-ferie-rejser\/sneskovandring-til-isfjorden-ilulissat\/","title":{"rendered":"Sneskovandring til Isfjorden | Ilulissat"},"content":{"rendered":"<p class=\"x-18pep25\">Har du altid \u00f8nsket at pr\u00f8ve at vandre p\u00e5 snesko i det arktiske? S\u00e5 er dette bestemt en tur for dig. En sp\u00e6ndende tur der tager dig ud af Ilulissat by og ud p\u00e5 den fantastiske Ilulissat Isfjord, der siden 2004 har v\u00e6ret p\u00e5 UNESCO verdensarvslisten.<\/p>\n<p class=\"e1imf5dp0 x-jm2771\">G\u00e5 p\u00e5 det uber\u00f8rte vinterlandskab, med kun spor fra hundesl\u00e6de, snescooter og hvis du er heldig, dyrespor fra arktiske r\u00e6ve, eller harer. N\u00e5r vi er n\u00e5et den flotte isfjord vil vi stoppe og nyde vores madpakke i blandt de store isbjerge og uds\u00f8gte udsigt i alle retninger. Her vil du kunne se langt ind i fjorden hvor isbjergene kommer fra den store Ser<span class=\"x-12abj6v e1uuu2lt3\">meq Kujalleq gletsjer, der lige er uden for syns r\u00e6kkevidde.<\/span><\/p>\n<p class=\"e1imf5dp0 x-jm2771\"><span class=\"x-12abj6v e1uuu2lt3\">Efter vi har brugt tid p\u00e5 at nyde den fantastiske udsigt, forts\u00e6tter vi turen til de forladte ruiner ved Sermermiut dalen. Ruinerne stammer fra Saqqaq folkene mere end 4000 \u00e5r siden, hvor du vil h\u00f8re om den sp\u00e6ndende baggrund om omr\u00e5det.<\/span><\/p>\n<p class=\"e1imf5dp0 x-jm2771\"><span class=\"x-12abj6v e1uuu2lt3\">Derefter vil vi vandre op ad et bjerg p\u00e5 omkring en time, hvor vi vil blive bel\u00f8nnet med en storartet udsigt over den flotte isfjord og omringende hvide tundra. Kom med p\u00e5 dette eventyr gennem vinter paradiset udenfor Ilulissat og f\u00e5 en oplevelse for livet. Se tilg\u00e6ngeligheden ved at trykke p\u00e5 &#8216;V\u00e6lg en dag&#8217; og book din tur i dag.<\/span><\/p>\n","protected":false},"excerpt":{"rendered":"Har du altid \u00f8nsket at pr\u00f8ve at vandre p\u00e5 snesko i det arktiske? S\u00e5 er dette bestemt en tur for dig. En sp\u00e6ndende tur der tager dig ud af Ilulissat by og ud p\u00e5 den fantastiske Ilulissat Isfjord, der siden 2004 har v\u00e6ret p\u00e5 UNESCO verdensarvslisten. G\u00e5 p\u00e5 det uber\u00f8rte vinterlandskab, med kun spor fra&#8230;","protected":false},"featured_media":13442,"comment_status":"open","ping_status":"closed","template":"","meta":[],"product_brand":[],"product_cat":[606,629,692,617,612,593,611,644,625],"product_tag":[919],"class_list":{"0":"post-13440","1":"product","2":"type-product","3":"status-publish","4":"has-post-thumbnail","6":"product_cat-dagsture-om-vinteren","7":"product_cat-disko-bugten","8":"product_cat-iceberg-icefjord-tours","9":"product_cat-ilulissat-isfjord-ture","10":"product_cat-natur-og-dyreliv-i-groenland","11":"product_cat-oplevelser-i-groenland","12":"product_cat-ski-og-sneskoture","13":"product_cat-ture-i-ilulissat","14":"product_cat-ture-til-verdensarv-steder-i-groenland","15":"product_tag-ilulissat-da","16":"pa_activities-isbjerg-udsigt","17":"pa_activities-snesko","18":"pa_attractions-ilulissat-icefjord","19":"pa_attractions-unesco-verdensarv-omraade","20":"pa_available-month-marts","21":"pa_available-month-april","22":"pa_destinations-ilulissat","23":"pa_difficulty-moderat","24":"pa_duration-4-timer","25":"pa_tour-type-dagsture","26":"yith_shop_vendor-ilulissat-adventure-da","28":"first","29":"instock","30":"virtual","31":"sold-individually","32":"purchasable","33":"product-type-booking"},"acf":[],"yoast_head":"<!-- This site is optimized with the Yoast SEO plugin v25.6 - https:\/\/yoast.com\/wordpress\/plugins\/seo\/ -->\n<title>Sneskovandring til Isfjorden | Ilulissat | Guide to Greenland<\/title>\n<meta name=\"description\" content=\"Snesko i den arktiske tundra og UNESCO udn\u00e6vnt verdensarvssted - Ilulissat Icefjord. F\u00e5 en autentisk tur, n\u00e5r du er i Gr\u00f8nland\" \/>\n<meta name=\"robots\" content=\"index, follow, max-snippet:-1, max-image-preview:large, max-video-preview:-1\" \/>\n<link rel=\"canonical\" href=\"https:\/\/guidetogreenland.com\/da\/reserver-ferie-rejser\/sneskovandring-til-isfjorden-ilulissat\/\" \/>\n<meta property=\"og:locale\" content=\"da_DK\" \/>\n<meta property=\"og:type\" content=\"article\" \/>\n<meta property=\"og:title\" content=\"Sneskovandring til Isfjorden | Ilulissat | Guide to Greenland\" \/>\n<meta property=\"og:description\" content=\"Snesko i den arktiske tundra og UNESCO udn\u00e6vnt verdensarvssted - Ilulissat Icefjord. F\u00e5 en autentisk tur, n\u00e5r du er i Gr\u00f8nland\" \/>\n<meta property=\"og:url\" content=\"https:\/\/guidetogreenland.com\/da\/reserver-ferie-rejser\/sneskovandring-til-isfjorden-ilulissat\/\" \/>\n<meta property=\"og:site_name\" content=\"Guide to Greenland\" \/>\n<meta property=\"article:modified_time\" content=\"2023-06-02T17:50:59+00:00\" \/>\n<meta property=\"og:image\" content=\"https:\/\/guidetogreenland.com\/wp-content\/uploads\/2020\/05\/icefjord-snowshoe-hike-ilulissat-disko-bay-Guide-to-Greenland-7.jpg\" \/>\n\t<meta property=\"og:image:width\" content=\"926\" \/>\n\t<meta property=\"og:image:height\" content=\"617\" \/>\n\t<meta property=\"og:image:type\" content=\"image\/jpeg\" \/>\n<meta name=\"twitter:card\" content=\"summary_large_image\" \/>\n<meta name=\"twitter:label1\" content=\"Estimeret l\u00e6setid\" \/>\n\t<meta name=\"twitter:data1\" content=\"1 minut\" \/>\n<script type=\"application\/ld+json\" class=\"yoast-schema-graph\">{\"@context\":\"https:\/\/schema.org\",\"@graph\":[{\"@type\":\"WebPage\",\"@id\":\"https:\/\/guidetogreenland.com\/da\/reserver-ferie-rejser\/sneskovandring-til-isfjorden-ilulissat\/\",\"url\":\"https:\/\/guidetogreenland.com\/da\/reserver-ferie-rejser\/sneskovandring-til-isfjorden-ilulissat\/\",\"name\":\"Sneskovandring til Isfjorden | Ilulissat | Guide to Greenland\",\"isPartOf\":{\"@id\":\"https:\/\/guidetogreenland.com\/da\/#website\"},\"primaryImageOfPage\":{\"@id\":\"https:\/\/guidetogreenland.com\/da\/reserver-ferie-rejser\/sneskovandring-til-isfjorden-ilulissat\/#primaryimage\"},\"image\":{\"@id\":\"https:\/\/guidetogreenland.com\/da\/reserver-ferie-rejser\/sneskovandring-til-isfjorden-ilulissat\/#primaryimage\"},\"thumbnailUrl\":\"https:\/\/guidetogreenland.com\/wp-content\/uploads\/2020\/05\/icefjord-snowshoe-hike-ilulissat-disko-bay-Guide-to-Greenland-7.jpg\",\"datePublished\":\"2020-05-14T12:14:48+00:00\",\"dateModified\":\"2023-06-02T17:50:59+00:00\",\"description\":\"Snesko i den arktiske tundra og UNESCO udn\u00e6vnt verdensarvssted - Ilulissat Icefjord. F\u00e5 en autentisk tur, n\u00e5r du er i Gr\u00f8nland\",\"breadcrumb\":{\"@id\":\"https:\/\/guidetogreenland.com\/da\/reserver-ferie-rejser\/sneskovandring-til-isfjorden-ilulissat\/#breadcrumb\"},\"inLanguage\":\"da-DK\",\"potentialAction\":[{\"@type\":\"ReadAction\",\"target\":[\"https:\/\/guidetogreenland.com\/da\/reserver-ferie-rejser\/sneskovandring-til-isfjorden-ilulissat\/\"]}]},{\"@type\":\"ImageObject\",\"inLanguage\":\"da-DK\",\"@id\":\"https:\/\/guidetogreenland.com\/da\/reserver-ferie-rejser\/sneskovandring-til-isfjorden-ilulissat\/#primaryimage\",\"url\":\"https:\/\/guidetogreenland.com\/wp-content\/uploads\/2020\/05\/icefjord-snowshoe-hike-ilulissat-disko-bay-Guide-to-Greenland-7.jpg\",\"contentUrl\":\"https:\/\/guidetogreenland.com\/wp-content\/uploads\/2020\/05\/icefjord-snowshoe-hike-ilulissat-disko-bay-Guide-to-Greenland-7.jpg\",\"width\":926,\"height\":617},{\"@type\":\"BreadcrumbList\",\"@id\":\"https:\/\/guidetogreenland.com\/da\/reserver-ferie-rejser\/sneskovandring-til-isfjorden-ilulissat\/#breadcrumb\",\"itemListElement\":[{\"@type\":\"ListItem\",\"position\":1,\"name\":\"Home\",\"item\":\"https:\/\/guidetogreenland.com\/da\/\"},{\"@type\":\"ListItem\",\"position\":2,\"name\":\"Se alle ture\",\"item\":\"https:\/\/guidetogreenland.com\/da\/reserver-ferie-rejser\/\"},{\"@type\":\"ListItem\",\"position\":3,\"name\":\"Sneskovandring til Isfjorden | Ilulissat\"}]},{\"@type\":\"WebSite\",\"@id\":\"https:\/\/guidetogreenland.com\/da\/#website\",\"url\":\"https:\/\/guidetogreenland.com\/da\/\",\"name\":\"Guide to Greenland\",\"description\":\"Largest selection of tours in Greenland\",\"potentialAction\":[{\"@type\":\"SearchAction\",\"target\":{\"@type\":\"EntryPoint\",\"urlTemplate\":\"https:\/\/guidetogreenland.com\/da\/?s={search_term_string}\"},\"query-input\":{\"@type\":\"PropertyValueSpecification\",\"valueRequired\":true,\"valueName\":\"search_term_string\"}}],\"inLanguage\":\"da-DK\"}]}<\/script>\n<!-- \/ Yoast SEO plugin. -->","yoast_head_json":{"title":"Sneskovandring til Isfjorden | Ilulissat | Guide to Greenland","description":"Snesko i den arktiske tundra og UNESCO udn\u00e6vnt verdensarvssted - Ilulissat Icefjord. F\u00e5 en autentisk tur, n\u00e5r du er i Gr\u00f8nland","robots":{"index":"index","follow":"follow","max-snippet":"max-snippet:-1","max-image-preview":"max-image-preview:large","max-video-preview":"max-video-preview:-1"},"canonical":"https:\/\/guidetogreenland.com\/da\/reserver-ferie-rejser\/sneskovandring-til-isfjorden-ilulissat\/","og_locale":"da_DK","og_type":"article","og_title":"Sneskovandring til Isfjorden | Ilulissat | Guide to Greenland","og_description":"Snesko i den arktiske tundra og UNESCO udn\u00e6vnt verdensarvssted - Ilulissat Icefjord. F\u00e5 en autentisk tur, n\u00e5r du er i Gr\u00f8nland","og_url":"https:\/\/guidetogreenland.com\/da\/reserver-ferie-rejser\/sneskovandring-til-isfjorden-ilulissat\/","og_site_name":"Guide to Greenland","article_modified_time":"2023-06-02T17:50:59+00:00","og_image":[{"width":926,"height":617,"url":"https:\/\/guidetogreenland.com\/wp-content\/uploads\/2020\/05\/icefjord-snowshoe-hike-ilulissat-disko-bay-Guide-to-Greenland-7.jpg","type":"image\/jpeg"}],"twitter_card":"summary_large_image","twitter_misc":{"Estimeret l\u00e6setid":"1 minut"},"schema":{"@context":"https:\/\/schema.org","@graph":[{"@type":"WebPage","@id":"https:\/\/guidetogreenland.com\/da\/reserver-ferie-rejser\/sneskovandring-til-isfjorden-ilulissat\/","url":"https:\/\/guidetogreenland.com\/da\/reserver-ferie-rejser\/sneskovandring-til-isfjorden-ilulissat\/","name":"Sneskovandring til Isfjorden | Ilulissat | Guide to Greenland","isPartOf":{"@id":"https:\/\/guidetogreenland.com\/da\/#website"},"primaryImageOfPage":{"@id":"https:\/\/guidetogreenland.com\/da\/reserver-ferie-rejser\/sneskovandring-til-isfjorden-ilulissat\/#primaryimage"},"image":{"@id":"https:\/\/guidetogreenland.com\/da\/reserver-ferie-rejser\/sneskovandring-til-isfjorden-ilulissat\/#primaryimage"},"thumbnailUrl":"https:\/\/guidetogreenland.com\/wp-content\/uploads\/2020\/05\/icefjord-snowshoe-hike-ilulissat-disko-bay-Guide-to-Greenland-7.jpg","datePublished":"2020-05-14T12:14:48+00:00","dateModified":"2023-06-02T17:50:59+00:00","description":"Snesko i den arktiske tundra og UNESCO udn\u00e6vnt verdensarvssted - Ilulissat Icefjord. F\u00e5 en autentisk tur, n\u00e5r du er i Gr\u00f8nland","breadcrumb":{"@id":"https:\/\/guidetogreenland.com\/da\/reserver-ferie-rejser\/sneskovandring-til-isfjorden-ilulissat\/#breadcrumb"},"inLanguage":"da-DK","potentialAction":[{"@type":"ReadAction","target":["https:\/\/guidetogreenland.com\/da\/reserver-ferie-rejser\/sneskovandring-til-isfjorden-ilulissat\/"]}]},{"@type":"ImageObject","inLanguage":"da-DK","@id":"https:\/\/guidetogreenland.com\/da\/reserver-ferie-rejser\/sneskovandring-til-isfjorden-ilulissat\/#primaryimage","url":"https:\/\/guidetogreenland.com\/wp-content\/uploads\/2020\/05\/icefjord-snowshoe-hike-ilulissat-disko-bay-Guide-to-Greenland-7.jpg","contentUrl":"https:\/\/guidetogreenland.com\/wp-content\/uploads\/2020\/05\/icefjord-snowshoe-hike-ilulissat-disko-bay-Guide-to-Greenland-7.jpg","width":926,"height":617},{"@type":"BreadcrumbList","@id":"https:\/\/guidetogreenland.com\/da\/reserver-ferie-rejser\/sneskovandring-til-isfjorden-ilulissat\/#breadcrumb","itemListElement":[{"@type":"ListItem","position":1,"name":"Home","item":"https:\/\/guidetogreenland.com\/da\/"},{"@type":"ListItem","position":2,"name":"Se alle ture","item":"https:\/\/guidetogreenland.com\/da\/reserver-ferie-rejser\/"},{"@type":"ListItem","position":3,"name":"Sneskovandring til Isfjorden | Ilulissat"}]},{"@type":"WebSite","@id":"https:\/\/guidetogreenland.com\/da\/#website","url":"https:\/\/guidetogreenland.com\/da\/","name":"Guide to Greenland","description":"Largest selection of tours in Greenland","potentialAction":[{"@type":"SearchAction","target":{"@type":"EntryPoint","urlTemplate":"https:\/\/guidetogreenland.com\/da\/?s={search_term_string}"},"query-input":{"@type":"PropertyValueSpecification","valueRequired":true,"valueName":"search_term_string"}}],"inLanguage":"da-DK"}]}},"_links":{"self":[{"href":"https:\/\/guidetogreenland.com\/da\/wp-json\/wp\/v2\/product\/13440","targetHints":{"allow":["GET"]}}],"collection":[{"href":"https:\/\/guidetogreenland.com\/da\/wp-json\/wp\/v2\/product"}],"about":[{"href":"https:\/\/guidetogreenland.com\/da\/wp-json\/wp\/v2\/types\/product"}],"replies":[{"embeddable":true,"href":"https:\/\/guidetogreenland.com\/da\/wp-json\/wp\/v2\/comments?post=13440"}],"wp:featuredmedia":[{"embeddable":true,"href":"https:\/\/guidetogreenland.com\/da\/wp-json\/wp\/v2\/media\/13442"}],"wp:attachment":[{"href":"https:\/\/guidetogreenland.com\/da\/wp-json\/wp\/v2\/media?parent=13440"}],"wp:term":[{"taxonomy":"product_brand","embeddable":true,"href":"https:\/\/guidetogreenland.com\/da\/wp-json\/wp\/v2\/product_brand?post=13440"},{"taxonomy":"product_cat","embeddable":true,"href":"https:\/\/guidetogreenland.com\/da\/wp-json\/wp\/v2\/product_cat?post=13440"},{"taxonomy":"product_tag","embeddable":true,"href":"https:\/\/guidetogreenland.com\/da\/wp-json\/wp\/v2\/product_tag?post=13440"}],"curies":[{"name":"wp","href":"https:\/\/api.w.org\/{rel}","templated":true}]}}