{"id":13452,"date":"2020-05-14T12:37:02","date_gmt":"2020-05-14T12:37:02","guid":{"rendered":"https:\/\/guidetogreenland.com\/book-trips-holiday\/ilulissat-citywalk-ilulissat-disko-bay\/"},"modified":"2023-06-02T14:53:11","modified_gmt":"2023-06-02T17:53:11","slug":"ilulissat-citywalk-ilulissat-disko-bay","status":"publish","type":"product","link":"https:\/\/guidetogreenland.com\/da\/reserver-ferie-rejser\/ilulissat-byvandring-ilulissat-diskobugten\/","title":{"rendered":"Ilulissat Byvandring | Ilulissat | Diskobugten"},"content":{"rendered":"<p class=\"x-18pep25\">Kom med p\u00e5 denne byvandring, der tager dig et spadestik dybere, end den obligatorisk g\u00e5tur gennem Ilulissat. Denne tur er for dig der vil h\u00f8re de lokales historier, byens historie og de hemmeligheder som byen gemmer p\u00e5!<\/p>\n<p class=\"e1imf5dp0 x-jm2771\">Ilulissat blev grundlagt i 1741 og er den dag i dag, gr\u00f8nlands\u00a0tredje st\u00f8rste by. Ilulissat har efter sin smukke is fjord arvet sit navn, der betyder isfjelde. Guiden vil guide dig gennem Ilulissat, hvor du blandt andet vil bes\u00f8ge br\u00e6ttet, der s\u00e6lger gr\u00f8nlandske r\u00e5varer. Endvidere vil du passere Knud Rasmussens f\u00f8dehjem og bes\u00f8ge kirken med verdens bedste udsigt, den gamle tr\u00e6 Z<span class=\"x-12abj6v e1uuu2lt3\">ions kirke. P\u00e5 selve turen vil guiden fort\u00e6lle dig og dine medrejsende om byen og dens historie, den gr\u00f8nlandske kultur og det moderne liv 300 km nord for polar cirklen.<\/span><\/p>\n<p class=\"e1imf5dp0 x-jm2771\"><span class=\"x-12abj6v e1uuu2lt3\">Tag din vandre sko p\u00e5 og medbring dit gode hum\u00f8r, p\u00e5 den byvandring der er meget mere end en g\u00e5tur! \u00a0Se tilg\u00e6ngeligheden ved trykke p\u00e5 \u201dV\u00e6lg en dag\u201d og book din tur i dag.<\/span><\/p>\n","protected":false},"excerpt":{"rendered":"Kom med p\u00e5 denne byvandring, der tager dig et spadestik dybere, end den obligatorisk g\u00e5tur gennem Ilulissat. Denne tur er for dig der vil h\u00f8re de lokales historier, byens historie og de hemmeligheder som byen gemmer p\u00e5! Ilulissat blev grundlagt i 1741 og er den dag i dag, gr\u00f8nlands\u00a0tredje st\u00f8rste by. Ilulissat har efter sin&#8230;","protected":false},"featured_media":13454,"comment_status":"open","ping_status":"closed","template":"","meta":[],"product_brand":[],"product_cat":[605,606,629,622,624,623,593,643,644],"product_tag":[919],"class_list":{"0":"post-13452","1":"product","2":"type-product","3":"status-publish","4":"has-post-thumbnail","6":"product_cat-dagsture-om-sommeren","7":"product_cat-dagsture-om-vinteren","8":"product_cat-disko-bugten","9":"product_cat-groenlandsk-kultur","10":"product_cat-historiske-ture","11":"product_cat-kulturelle-aktiviteter","12":"product_cat-oplevelser-i-groenland","13":"product_cat-ture-i-hver-by","14":"product_cat-ture-i-ilulissat","15":"product_tag-ilulissat-da","16":"pa_activities-byrundtur","17":"pa_available-month-januar","18":"pa_available-month-februar","19":"pa_available-month-marts","20":"pa_available-month-april","21":"pa_available-month-maj","22":"pa_available-month-juni","23":"pa_available-month-juli","24":"pa_available-month-august","25":"pa_available-month-september","26":"pa_available-month-oktober","27":"pa_available-month-november","28":"pa_available-month-december","29":"pa_destinations-ilulissat","30":"pa_difficulty-let","31":"pa_duration-2-timer","32":"pa_tour-type-dagsture","33":"yith_shop_vendor-albatros-ilulissat-da","35":"first","36":"instock","37":"virtual","38":"sold-individually","39":"purchasable","40":"product-type-booking"},"acf":[],"yoast_head":"<!-- This site is optimized with the Yoast SEO plugin v25.6 - https:\/\/yoast.com\/wordpress\/plugins\/seo\/ -->\n<title>Ilulissat Byvandring | Ilulissat | Diskobugten | Guide to Greenland<\/title>\n<meta name=\"robots\" content=\"index, follow, max-snippet:-1, max-image-preview:large, max-video-preview:-1\" \/>\n<link rel=\"canonical\" href=\"https:\/\/guidetogreenland.com\/da\/reserver-ferie-rejser\/ilulissat-byvandring-ilulissat-diskobugten\/\" \/>\n<meta property=\"og:locale\" content=\"da_DK\" \/>\n<meta property=\"og:type\" content=\"article\" \/>\n<meta property=\"og:title\" content=\"Ilulissat Byvandring | Ilulissat | Diskobugten | Guide to Greenland\" \/>\n<meta property=\"og:description\" content=\"Kom med p\u00e5 denne byvandring, der tager dig et spadestik dybere, end den obligatorisk g\u00e5tur gennem Ilulissat. Denne tur er for dig der vil h\u00f8re de lokales historier, byens historie og de hemmeligheder som byen gemmer p\u00e5! Ilulissat blev grundlagt i 1741 og er den dag i dag, gr\u00f8nlands\u00a0tredje st\u00f8rste by. Ilulissat har efter sin...\" \/>\n<meta property=\"og:url\" content=\"https:\/\/guidetogreenland.com\/da\/reserver-ferie-rejser\/ilulissat-byvandring-ilulissat-diskobugten\/\" \/>\n<meta property=\"og:site_name\" content=\"Guide to Greenland\" \/>\n<meta property=\"article:modified_time\" content=\"2023-06-02T17:53:11+00:00\" \/>\n<meta property=\"og:image\" content=\"https:\/\/guidetogreenland.com\/wp-content\/uploads\/2020\/05\/ilulissat-citywalk-ilulissat-disko-bay-Guide-to-Greenland-4.jpg\" \/>\n\t<meta property=\"og:image:width\" content=\"798\" \/>\n\t<meta property=\"og:image:height\" content=\"826\" \/>\n\t<meta property=\"og:image:type\" content=\"image\/jpeg\" \/>\n<meta name=\"twitter:card\" content=\"summary_large_image\" \/>\n<meta name=\"twitter:label1\" content=\"Estimeret l\u00e6setid\" \/>\n\t<meta name=\"twitter:data1\" content=\"1 minut\" \/>\n<script type=\"application\/ld+json\" class=\"yoast-schema-graph\">{\"@context\":\"https:\/\/schema.org\",\"@graph\":[{\"@type\":\"WebPage\",\"@id\":\"https:\/\/guidetogreenland.com\/da\/reserver-ferie-rejser\/ilulissat-byvandring-ilulissat-diskobugten\/\",\"url\":\"https:\/\/guidetogreenland.com\/da\/reserver-ferie-rejser\/ilulissat-byvandring-ilulissat-diskobugten\/\",\"name\":\"Ilulissat Byvandring | Ilulissat | Diskobugten | Guide to Greenland\",\"isPartOf\":{\"@id\":\"https:\/\/guidetogreenland.com\/da\/#website\"},\"primaryImageOfPage\":{\"@id\":\"https:\/\/guidetogreenland.com\/da\/reserver-ferie-rejser\/ilulissat-byvandring-ilulissat-diskobugten\/#primaryimage\"},\"image\":{\"@id\":\"https:\/\/guidetogreenland.com\/da\/reserver-ferie-rejser\/ilulissat-byvandring-ilulissat-diskobugten\/#primaryimage\"},\"thumbnailUrl\":\"https:\/\/guidetogreenland.com\/wp-content\/uploads\/2020\/05\/ilulissat-citywalk-ilulissat-disko-bay-Guide-to-Greenland-4.jpg\",\"datePublished\":\"2020-05-14T12:37:02+00:00\",\"dateModified\":\"2023-06-02T17:53:11+00:00\",\"breadcrumb\":{\"@id\":\"https:\/\/guidetogreenland.com\/da\/reserver-ferie-rejser\/ilulissat-byvandring-ilulissat-diskobugten\/#breadcrumb\"},\"inLanguage\":\"da-DK\",\"potentialAction\":[{\"@type\":\"ReadAction\",\"target\":[\"https:\/\/guidetogreenland.com\/da\/reserver-ferie-rejser\/ilulissat-byvandring-ilulissat-diskobugten\/\"]}]},{\"@type\":\"ImageObject\",\"inLanguage\":\"da-DK\",\"@id\":\"https:\/\/guidetogreenland.com\/da\/reserver-ferie-rejser\/ilulissat-byvandring-ilulissat-diskobugten\/#primaryimage\",\"url\":\"https:\/\/guidetogreenland.com\/wp-content\/uploads\/2020\/05\/ilulissat-citywalk-ilulissat-disko-bay-Guide-to-Greenland-4.jpg\",\"contentUrl\":\"https:\/\/guidetogreenland.com\/wp-content\/uploads\/2020\/05\/ilulissat-citywalk-ilulissat-disko-bay-Guide-to-Greenland-4.jpg\",\"width\":798,\"height\":826},{\"@type\":\"BreadcrumbList\",\"@id\":\"https:\/\/guidetogreenland.com\/da\/reserver-ferie-rejser\/ilulissat-byvandring-ilulissat-diskobugten\/#breadcrumb\",\"itemListElement\":[{\"@type\":\"ListItem\",\"position\":1,\"name\":\"Home\",\"item\":\"https:\/\/guidetogreenland.com\/da\/\"},{\"@type\":\"ListItem\",\"position\":2,\"name\":\"Se alle ture\",\"item\":\"https:\/\/guidetogreenland.com\/da\/reserver-ferie-rejser\/\"},{\"@type\":\"ListItem\",\"position\":3,\"name\":\"Ilulissat Byvandring | Ilulissat | Diskobugten\"}]},{\"@type\":\"WebSite\",\"@id\":\"https:\/\/guidetogreenland.com\/da\/#website\",\"url\":\"https:\/\/guidetogreenland.com\/da\/\",\"name\":\"Guide to Greenland\",\"description\":\"Largest selection of tours in Greenland\",\"potentialAction\":[{\"@type\":\"SearchAction\",\"target\":{\"@type\":\"EntryPoint\",\"urlTemplate\":\"https:\/\/guidetogreenland.com\/da\/?s={search_term_string}\"},\"query-input\":{\"@type\":\"PropertyValueSpecification\",\"valueRequired\":true,\"valueName\":\"search_term_string\"}}],\"inLanguage\":\"da-DK\"}]}<\/script>\n<!-- \/ Yoast SEO plugin. -->","yoast_head_json":{"title":"Ilulissat Byvandring | Ilulissat | Diskobugten | Guide to Greenland","robots":{"index":"index","follow":"follow","max-snippet":"max-snippet:-1","max-image-preview":"max-image-preview:large","max-video-preview":"max-video-preview:-1"},"canonical":"https:\/\/guidetogreenland.com\/da\/reserver-ferie-rejser\/ilulissat-byvandring-ilulissat-diskobugten\/","og_locale":"da_DK","og_type":"article","og_title":"Ilulissat Byvandring | Ilulissat | Diskobugten | Guide to Greenland","og_description":"Kom med p\u00e5 denne byvandring, der tager dig et spadestik dybere, end den obligatorisk g\u00e5tur gennem Ilulissat. Denne tur er for dig der vil h\u00f8re de lokales historier, byens historie og de hemmeligheder som byen gemmer p\u00e5! Ilulissat blev grundlagt i 1741 og er den dag i dag, gr\u00f8nlands\u00a0tredje st\u00f8rste by. Ilulissat har efter sin...","og_url":"https:\/\/guidetogreenland.com\/da\/reserver-ferie-rejser\/ilulissat-byvandring-ilulissat-diskobugten\/","og_site_name":"Guide to Greenland","article_modified_time":"2023-06-02T17:53:11+00:00","og_image":[{"width":798,"height":826,"url":"https:\/\/guidetogreenland.com\/wp-content\/uploads\/2020\/05\/ilulissat-citywalk-ilulissat-disko-bay-Guide-to-Greenland-4.jpg","type":"image\/jpeg"}],"twitter_card":"summary_large_image","twitter_misc":{"Estimeret l\u00e6setid":"1 minut"},"schema":{"@context":"https:\/\/schema.org","@graph":[{"@type":"WebPage","@id":"https:\/\/guidetogreenland.com\/da\/reserver-ferie-rejser\/ilulissat-byvandring-ilulissat-diskobugten\/","url":"https:\/\/guidetogreenland.com\/da\/reserver-ferie-rejser\/ilulissat-byvandring-ilulissat-diskobugten\/","name":"Ilulissat Byvandring | Ilulissat | Diskobugten | Guide to Greenland","isPartOf":{"@id":"https:\/\/guidetogreenland.com\/da\/#website"},"primaryImageOfPage":{"@id":"https:\/\/guidetogreenland.com\/da\/reserver-ferie-rejser\/ilulissat-byvandring-ilulissat-diskobugten\/#primaryimage"},"image":{"@id":"https:\/\/guidetogreenland.com\/da\/reserver-ferie-rejser\/ilulissat-byvandring-ilulissat-diskobugten\/#primaryimage"},"thumbnailUrl":"https:\/\/guidetogreenland.com\/wp-content\/uploads\/2020\/05\/ilulissat-citywalk-ilulissat-disko-bay-Guide-to-Greenland-4.jpg","datePublished":"2020-05-14T12:37:02+00:00","dateModified":"2023-06-02T17:53:11+00:00","breadcrumb":{"@id":"https:\/\/guidetogreenland.com\/da\/reserver-ferie-rejser\/ilulissat-byvandring-ilulissat-diskobugten\/#breadcrumb"},"inLanguage":"da-DK","potentialAction":[{"@type":"ReadAction","target":["https:\/\/guidetogreenland.com\/da\/reserver-ferie-rejser\/ilulissat-byvandring-ilulissat-diskobugten\/"]}]},{"@type":"ImageObject","inLanguage":"da-DK","@id":"https:\/\/guidetogreenland.com\/da\/reserver-ferie-rejser\/ilulissat-byvandring-ilulissat-diskobugten\/#primaryimage","url":"https:\/\/guidetogreenland.com\/wp-content\/uploads\/2020\/05\/ilulissat-citywalk-ilulissat-disko-bay-Guide-to-Greenland-4.jpg","contentUrl":"https:\/\/guidetogreenland.com\/wp-content\/uploads\/2020\/05\/ilulissat-citywalk-ilulissat-disko-bay-Guide-to-Greenland-4.jpg","width":798,"height":826},{"@type":"BreadcrumbList","@id":"https:\/\/guidetogreenland.com\/da\/reserver-ferie-rejser\/ilulissat-byvandring-ilulissat-diskobugten\/#breadcrumb","itemListElement":[{"@type":"ListItem","position":1,"name":"Home","item":"https:\/\/guidetogreenland.com\/da\/"},{"@type":"ListItem","position":2,"name":"Se alle ture","item":"https:\/\/guidetogreenland.com\/da\/reserver-ferie-rejser\/"},{"@type":"ListItem","position":3,"name":"Ilulissat Byvandring | Ilulissat | Diskobugten"}]},{"@type":"WebSite","@id":"https:\/\/guidetogreenland.com\/da\/#website","url":"https:\/\/guidetogreenland.com\/da\/","name":"Guide to Greenland","description":"Largest selection of tours in Greenland","potentialAction":[{"@type":"SearchAction","target":{"@type":"EntryPoint","urlTemplate":"https:\/\/guidetogreenland.com\/da\/?s={search_term_string}"},"query-input":{"@type":"PropertyValueSpecification","valueRequired":true,"valueName":"search_term_string"}}],"inLanguage":"da-DK"}]}},"_links":{"self":[{"href":"https:\/\/guidetogreenland.com\/da\/wp-json\/wp\/v2\/product\/13452","targetHints":{"allow":["GET"]}}],"collection":[{"href":"https:\/\/guidetogreenland.com\/da\/wp-json\/wp\/v2\/product"}],"about":[{"href":"https:\/\/guidetogreenland.com\/da\/wp-json\/wp\/v2\/types\/product"}],"replies":[{"embeddable":true,"href":"https:\/\/guidetogreenland.com\/da\/wp-json\/wp\/v2\/comments?post=13452"}],"wp:featuredmedia":[{"embeddable":true,"href":"https:\/\/guidetogreenland.com\/da\/wp-json\/wp\/v2\/media\/13454"}],"wp:attachment":[{"href":"https:\/\/guidetogreenland.com\/da\/wp-json\/wp\/v2\/media?parent=13452"}],"wp:term":[{"taxonomy":"product_brand","embeddable":true,"href":"https:\/\/guidetogreenland.com\/da\/wp-json\/wp\/v2\/product_brand?post=13452"},{"taxonomy":"product_cat","embeddable":true,"href":"https:\/\/guidetogreenland.com\/da\/wp-json\/wp\/v2\/product_cat?post=13452"},{"taxonomy":"product_tag","embeddable":true,"href":"https:\/\/guidetogreenland.com\/da\/wp-json\/wp\/v2\/product_tag?post=13452"}],"curies":[{"name":"wp","href":"https:\/\/api.w.org\/{rel}","templated":true}]}}