{"id":13462,"date":"2020-06-25T11:17:53","date_gmt":"2020-06-25T11:17:53","guid":{"rendered":"https:\/\/guidetogreenland.com\/?post_type=product&#038;p=13462"},"modified":"2025-11-09T03:22:45","modified_gmt":"2025-11-09T06:22:45","slug":"isua-glacier-adventure-by-helicopter-ilulissat-disko-bay","status":"publish","type":"product","link":"https:\/\/guidetogreenland.com\/da\/reserver-ferie-rejser\/gletsjer-eventyr-med-helikopter-ilulissat-disko-bugten\/","title":{"rendered":"Gletsjer Eventyr med Helikopter | Ilulissat | Disko Bugten"},"content":{"rendered":"<p class=\"x-18pep25\">Kom til hjertet af UNESCO Verdensarvs destinationen i Ilulissat.<\/p>\n<p class=\"x-18pep25\">Denne tur \u00e5bner en verden, som du ikke kan n\u00e5 frem til p\u00e5 andre m\u00e5der. Det er umuligt at komme lige s\u00e5 t\u00e6t p\u00e5 denne gigantiske gletsjer til fods eller med b\u00e5d, som du kan med helikopter. Vi har her den fantastiske mulighed at flyve over og lande t\u00e6t p\u00e5 gletsjeren.<\/p>\n<p class=\"e1imf5dp0 x-jm2771\">Vi m\u00f8des ved Kussangajaannguaq 7, hvor transport til lufthavnen venter. F\u00f8r afgang vil du f\u00e5 en pr\u00e6sentation om gletsjeren og dens mange tons af is, hvordan dette bev\u00e6ger sig. Ved lufthavnen m\u00f8des vi med helikopter bes\u00e6tningen, som f\u00f8r afgang g\u00e5r igennem sikkerheden p\u00e5 tu<span class=\"x-12abj6v e1uuu2lt3\">ren. Vi er nu klare til afgang.<\/span><\/p>\n<p class=\"e1imf5dp0 x-jm2771\"><span class=\"x-12abj6v e1uuu2lt3\">Fra lufthavnen vil vi flyve s\u00e5 lavt over landskabet med dets bakker, floder og isfjorden som muligt. Vi flyver ind mod gletsjeren og lander lige ved siden af gletsjeren. Ilulissat gletsjeren er den mest produktive gletsjer p\u00e5 den nordlige halvkugle. V\u00e6r forberedt p\u00e5 et syn du aldrig vil glemme! Du vil komme til at f\u00f8le dig lille i den m\u00e6gtige natur og virkelig f\u00e5 en f\u00f8lelse af hvor stort dette landskab er. Gletsjeren er syv kilometer bred og en kilometer lang. Den rykker sig omkring 50 meter hver dag og producere 43 millioner tons is.<\/span><\/p>\n<p class=\"e1imf5dp0 x-jm2771\"><span class=\"x-12abj6v e1uuu2lt3\">Dette giver dig virkelig en f\u00f8ling af naturens kr\u00e6fter. Vi stopper ved gletsjeren i omkring 30 minutter, s\u00e5 du kan g\u00e5 rundt og opleve de vidunderlige omgivelser og tage helt unikke billeder, at have med hjem.<\/span><\/p>\n<p class=\"e1imf5dp0 x-jm2771\"><span class=\"x-12abj6v e1uuu2lt3\">P\u00e5 vejen tilbage vil vi flyve over gletsjeren og videre over isfjorden for at give dig et bedre fornemmelse af arealets st\u00f8rrelse. Du ser hvordan isbjergene fra gletsjeren stille flyder imod havet. Isfjorden har en konstant str\u00f8m af isbjerge i alle st\u00f8rrelser og former. Husk altid at have \u00f8jnene \u00e5bne for muligheden at spotte dyreliv p\u00e5 turen.<\/span><\/p>\n<p class=\"e1imf5dp0 x-jm2771\"><span class=\"x-12abj6v e1uuu2lt3\">At se alt dette med helikopter, er en uforglemmelig oplevelse som du ikke b\u00f8r g\u00e5 glip af mens du er i Ilulissat. T\u00f8v ikke med at booke denne tur til en af Gr\u00f8nland&#8217;s top destinationer. Se tilg\u00e6ngeligheden ved at trykke p\u00e5 &#8216;V\u00e6lg en dag&#8217; ovenover.<\/span><\/p>\n","protected":false},"excerpt":{"rendered":"Kom til hjertet af UNESCO Verdensarvs destinationen i Ilulissat. Denne tur \u00e5bner en verden, som du ikke kan n\u00e5 frem til p\u00e5 andre m\u00e5der. Det er umuligt at komme lige s\u00e5 t\u00e6t p\u00e5 denne gigantiske gletsjer til fods eller med b\u00e5d, som du kan med helikopter. Vi har her den fantastiske mulighed at flyve over&#8230;","protected":false},"featured_media":13464,"comment_status":"open","ping_status":"closed","template":"","meta":[],"product_brand":[],"product_cat":[605,629,604,614,612,593,627,643,644],"product_tag":[919],"class_list":{"0":"post-13462","1":"product","2":"type-product","3":"status-publish","4":"has-post-thumbnail","6":"product_cat-dagsture-om-sommeren","7":"product_cat-disko-bugten","8":"product_cat-fly-og-helikopterture","9":"product_cat-gletsjer-og-indlandsisen","10":"product_cat-natur-og-dyreliv-i-groenland","11":"product_cat-oplevelser-i-groenland","12":"product_cat-ture-i-bestemte-omraader","13":"product_cat-ture-i-hver-by","14":"product_cat-ture-i-ilulissat","15":"product_tag-ilulissat-da","16":"pa_activities-gletscher-udsigt","17":"pa_activities-isbjerg-udsigt","18":"pa_activities-sightseeing-med-fly","19":"pa_activities-unesco-omraade","20":"pa_attractions-ilulissat-icefjord","21":"pa_attractions-indlandsisen","22":"pa_attractions-unesco-verdensarv-omraade","23":"pa_available-month-juni","24":"pa_available-month-juli","25":"pa_available-month-august","26":"pa_available-month-september","27":"pa_destinations-ilulissat","28":"pa_difficulty-let","29":"pa_duration-1-5-time","30":"pa_tour-type-dagsture","31":"yith_shop_vendor-world-of-greenland-ilulissat-da","33":"first","34":"instock","35":"virtual","36":"sold-individually","37":"purchasable","38":"product-type-booking"},"acf":[],"yoast_head":"<!-- This site is optimized with the Yoast SEO plugin v25.6 - https:\/\/yoast.com\/wordpress\/plugins\/seo\/ -->\n<title>Gletsjer Eventyr med Helikopter | Ilulissat | Disko Bugten | Guide to Greenland<\/title>\n<meta name=\"description\" content=\"Flyv over Ilulissat Icefjord p\u00e5 en helikoptertur, der f\u00f8rer til Indlandsiden. F\u00e5 et sj\u00e6ldent syn p\u00e5 gletsjeren og det arktiske dyreliv.\" \/>\n<meta name=\"robots\" content=\"index, follow, max-snippet:-1, max-image-preview:large, max-video-preview:-1\" \/>\n<link rel=\"canonical\" href=\"https:\/\/guidetogreenland.com\/da\/reserver-ferie-rejser\/gletsjer-eventyr-med-helikopter-ilulissat-disko-bugten\/\" \/>\n<meta property=\"og:locale\" content=\"da_DK\" \/>\n<meta property=\"og:type\" content=\"article\" \/>\n<meta property=\"og:title\" content=\"Gletsjer Eventyr med Helikopter | Ilulissat | Disko Bugten | Guide to Greenland\" \/>\n<meta property=\"og:description\" content=\"Flyv over Ilulissat Icefjord p\u00e5 en helikoptertur, der f\u00f8rer til Indlandsiden. F\u00e5 et sj\u00e6ldent syn p\u00e5 gletsjeren og det arktiske dyreliv.\" \/>\n<meta property=\"og:url\" content=\"https:\/\/guidetogreenland.com\/da\/reserver-ferie-rejser\/gletsjer-eventyr-med-helikopter-ilulissat-disko-bugten\/\" \/>\n<meta property=\"og:site_name\" content=\"Guide to Greenland\" \/>\n<meta property=\"article:modified_time\" content=\"2025-11-09T06:22:45+00:00\" \/>\n<meta property=\"og:image\" content=\"https:\/\/guidetogreenland.com\/wp-content\/uploads\/2020\/05\/ISUA-Glacier-Adventure-By-Helicopter-Ilulissat-Disko-Bay-Guide-to-Greenland8.jpeg\" \/>\n\t<meta property=\"og:image:width\" content=\"1781\" \/>\n\t<meta property=\"og:image:height\" content=\"656\" \/>\n\t<meta property=\"og:image:type\" content=\"image\/jpeg\" \/>\n<meta name=\"twitter:card\" content=\"summary_large_image\" \/>\n<meta name=\"twitter:label1\" content=\"Estimeret l\u00e6setid\" \/>\n\t<meta name=\"twitter:data1\" content=\"2 minutter\" \/>\n<script type=\"application\/ld+json\" class=\"yoast-schema-graph\">{\"@context\":\"https:\/\/schema.org\",\"@graph\":[{\"@type\":\"WebPage\",\"@id\":\"https:\/\/guidetogreenland.com\/da\/reserver-ferie-rejser\/gletsjer-eventyr-med-helikopter-ilulissat-disko-bugten\/\",\"url\":\"https:\/\/guidetogreenland.com\/da\/reserver-ferie-rejser\/gletsjer-eventyr-med-helikopter-ilulissat-disko-bugten\/\",\"name\":\"Gletsjer Eventyr med Helikopter | Ilulissat | Disko Bugten | Guide to Greenland\",\"isPartOf\":{\"@id\":\"https:\/\/guidetogreenland.com\/da\/#website\"},\"primaryImageOfPage\":{\"@id\":\"https:\/\/guidetogreenland.com\/da\/reserver-ferie-rejser\/gletsjer-eventyr-med-helikopter-ilulissat-disko-bugten\/#primaryimage\"},\"image\":{\"@id\":\"https:\/\/guidetogreenland.com\/da\/reserver-ferie-rejser\/gletsjer-eventyr-med-helikopter-ilulissat-disko-bugten\/#primaryimage\"},\"thumbnailUrl\":\"https:\/\/guidetogreenland.com\/wp-content\/uploads\/2020\/05\/ISUA-Glacier-Adventure-By-Helicopter-Ilulissat-Disko-Bay-Guide-to-Greenland8.jpeg\",\"datePublished\":\"2020-06-25T11:17:53+00:00\",\"dateModified\":\"2025-11-09T06:22:45+00:00\",\"description\":\"Flyv over Ilulissat Icefjord p\u00e5 en helikoptertur, der f\u00f8rer til Indlandsiden. F\u00e5 et sj\u00e6ldent syn p\u00e5 gletsjeren og det arktiske dyreliv.\",\"breadcrumb\":{\"@id\":\"https:\/\/guidetogreenland.com\/da\/reserver-ferie-rejser\/gletsjer-eventyr-med-helikopter-ilulissat-disko-bugten\/#breadcrumb\"},\"inLanguage\":\"da-DK\",\"potentialAction\":[{\"@type\":\"ReadAction\",\"target\":[\"https:\/\/guidetogreenland.com\/da\/reserver-ferie-rejser\/gletsjer-eventyr-med-helikopter-ilulissat-disko-bugten\/\"]}]},{\"@type\":\"ImageObject\",\"inLanguage\":\"da-DK\",\"@id\":\"https:\/\/guidetogreenland.com\/da\/reserver-ferie-rejser\/gletsjer-eventyr-med-helikopter-ilulissat-disko-bugten\/#primaryimage\",\"url\":\"https:\/\/guidetogreenland.com\/wp-content\/uploads\/2020\/05\/ISUA-Glacier-Adventure-By-Helicopter-Ilulissat-Disko-Bay-Guide-to-Greenland8.jpeg\",\"contentUrl\":\"https:\/\/guidetogreenland.com\/wp-content\/uploads\/2020\/05\/ISUA-Glacier-Adventure-By-Helicopter-Ilulissat-Disko-Bay-Guide-to-Greenland8.jpeg\",\"width\":1781,\"height\":656},{\"@type\":\"BreadcrumbList\",\"@id\":\"https:\/\/guidetogreenland.com\/da\/reserver-ferie-rejser\/gletsjer-eventyr-med-helikopter-ilulissat-disko-bugten\/#breadcrumb\",\"itemListElement\":[{\"@type\":\"ListItem\",\"position\":1,\"name\":\"Home\",\"item\":\"https:\/\/guidetogreenland.com\/da\/\"},{\"@type\":\"ListItem\",\"position\":2,\"name\":\"Se alle ture\",\"item\":\"https:\/\/guidetogreenland.com\/da\/reserver-ferie-rejser\/\"},{\"@type\":\"ListItem\",\"position\":3,\"name\":\"Gletsjer Eventyr med Helikopter | Ilulissat | Disko Bugten\"}]},{\"@type\":\"WebSite\",\"@id\":\"https:\/\/guidetogreenland.com\/da\/#website\",\"url\":\"https:\/\/guidetogreenland.com\/da\/\",\"name\":\"Guide to Greenland\",\"description\":\"Largest selection of tours in Greenland\",\"potentialAction\":[{\"@type\":\"SearchAction\",\"target\":{\"@type\":\"EntryPoint\",\"urlTemplate\":\"https:\/\/guidetogreenland.com\/da\/?s={search_term_string}\"},\"query-input\":{\"@type\":\"PropertyValueSpecification\",\"valueRequired\":true,\"valueName\":\"search_term_string\"}}],\"inLanguage\":\"da-DK\"}]}<\/script>\n<!-- \/ Yoast SEO plugin. -->","yoast_head_json":{"title":"Gletsjer Eventyr med Helikopter | Ilulissat | Disko Bugten | Guide to Greenland","description":"Flyv over Ilulissat Icefjord p\u00e5 en helikoptertur, der f\u00f8rer til Indlandsiden. F\u00e5 et sj\u00e6ldent syn p\u00e5 gletsjeren og det arktiske dyreliv.","robots":{"index":"index","follow":"follow","max-snippet":"max-snippet:-1","max-image-preview":"max-image-preview:large","max-video-preview":"max-video-preview:-1"},"canonical":"https:\/\/guidetogreenland.com\/da\/reserver-ferie-rejser\/gletsjer-eventyr-med-helikopter-ilulissat-disko-bugten\/","og_locale":"da_DK","og_type":"article","og_title":"Gletsjer Eventyr med Helikopter | Ilulissat | Disko Bugten | Guide to Greenland","og_description":"Flyv over Ilulissat Icefjord p\u00e5 en helikoptertur, der f\u00f8rer til Indlandsiden. F\u00e5 et sj\u00e6ldent syn p\u00e5 gletsjeren og det arktiske dyreliv.","og_url":"https:\/\/guidetogreenland.com\/da\/reserver-ferie-rejser\/gletsjer-eventyr-med-helikopter-ilulissat-disko-bugten\/","og_site_name":"Guide to Greenland","article_modified_time":"2025-11-09T06:22:45+00:00","og_image":[{"width":1781,"height":656,"url":"https:\/\/guidetogreenland.com\/wp-content\/uploads\/2020\/05\/ISUA-Glacier-Adventure-By-Helicopter-Ilulissat-Disko-Bay-Guide-to-Greenland8.jpeg","type":"image\/jpeg"}],"twitter_card":"summary_large_image","twitter_misc":{"Estimeret l\u00e6setid":"2 minutter"},"schema":{"@context":"https:\/\/schema.org","@graph":[{"@type":"WebPage","@id":"https:\/\/guidetogreenland.com\/da\/reserver-ferie-rejser\/gletsjer-eventyr-med-helikopter-ilulissat-disko-bugten\/","url":"https:\/\/guidetogreenland.com\/da\/reserver-ferie-rejser\/gletsjer-eventyr-med-helikopter-ilulissat-disko-bugten\/","name":"Gletsjer Eventyr med Helikopter | Ilulissat | Disko Bugten | Guide to Greenland","isPartOf":{"@id":"https:\/\/guidetogreenland.com\/da\/#website"},"primaryImageOfPage":{"@id":"https:\/\/guidetogreenland.com\/da\/reserver-ferie-rejser\/gletsjer-eventyr-med-helikopter-ilulissat-disko-bugten\/#primaryimage"},"image":{"@id":"https:\/\/guidetogreenland.com\/da\/reserver-ferie-rejser\/gletsjer-eventyr-med-helikopter-ilulissat-disko-bugten\/#primaryimage"},"thumbnailUrl":"https:\/\/guidetogreenland.com\/wp-content\/uploads\/2020\/05\/ISUA-Glacier-Adventure-By-Helicopter-Ilulissat-Disko-Bay-Guide-to-Greenland8.jpeg","datePublished":"2020-06-25T11:17:53+00:00","dateModified":"2025-11-09T06:22:45+00:00","description":"Flyv over Ilulissat Icefjord p\u00e5 en helikoptertur, der f\u00f8rer til Indlandsiden. F\u00e5 et sj\u00e6ldent syn p\u00e5 gletsjeren og det arktiske dyreliv.","breadcrumb":{"@id":"https:\/\/guidetogreenland.com\/da\/reserver-ferie-rejser\/gletsjer-eventyr-med-helikopter-ilulissat-disko-bugten\/#breadcrumb"},"inLanguage":"da-DK","potentialAction":[{"@type":"ReadAction","target":["https:\/\/guidetogreenland.com\/da\/reserver-ferie-rejser\/gletsjer-eventyr-med-helikopter-ilulissat-disko-bugten\/"]}]},{"@type":"ImageObject","inLanguage":"da-DK","@id":"https:\/\/guidetogreenland.com\/da\/reserver-ferie-rejser\/gletsjer-eventyr-med-helikopter-ilulissat-disko-bugten\/#primaryimage","url":"https:\/\/guidetogreenland.com\/wp-content\/uploads\/2020\/05\/ISUA-Glacier-Adventure-By-Helicopter-Ilulissat-Disko-Bay-Guide-to-Greenland8.jpeg","contentUrl":"https:\/\/guidetogreenland.com\/wp-content\/uploads\/2020\/05\/ISUA-Glacier-Adventure-By-Helicopter-Ilulissat-Disko-Bay-Guide-to-Greenland8.jpeg","width":1781,"height":656},{"@type":"BreadcrumbList","@id":"https:\/\/guidetogreenland.com\/da\/reserver-ferie-rejser\/gletsjer-eventyr-med-helikopter-ilulissat-disko-bugten\/#breadcrumb","itemListElement":[{"@type":"ListItem","position":1,"name":"Home","item":"https:\/\/guidetogreenland.com\/da\/"},{"@type":"ListItem","position":2,"name":"Se alle ture","item":"https:\/\/guidetogreenland.com\/da\/reserver-ferie-rejser\/"},{"@type":"ListItem","position":3,"name":"Gletsjer Eventyr med Helikopter | Ilulissat | Disko Bugten"}]},{"@type":"WebSite","@id":"https:\/\/guidetogreenland.com\/da\/#website","url":"https:\/\/guidetogreenland.com\/da\/","name":"Guide to Greenland","description":"Largest selection of tours in Greenland","potentialAction":[{"@type":"SearchAction","target":{"@type":"EntryPoint","urlTemplate":"https:\/\/guidetogreenland.com\/da\/?s={search_term_string}"},"query-input":{"@type":"PropertyValueSpecification","valueRequired":true,"valueName":"search_term_string"}}],"inLanguage":"da-DK"}]}},"_links":{"self":[{"href":"https:\/\/guidetogreenland.com\/da\/wp-json\/wp\/v2\/product\/13462","targetHints":{"allow":["GET"]}}],"collection":[{"href":"https:\/\/guidetogreenland.com\/da\/wp-json\/wp\/v2\/product"}],"about":[{"href":"https:\/\/guidetogreenland.com\/da\/wp-json\/wp\/v2\/types\/product"}],"replies":[{"embeddable":true,"href":"https:\/\/guidetogreenland.com\/da\/wp-json\/wp\/v2\/comments?post=13462"}],"wp:featuredmedia":[{"embeddable":true,"href":"https:\/\/guidetogreenland.com\/da\/wp-json\/wp\/v2\/media\/13464"}],"wp:attachment":[{"href":"https:\/\/guidetogreenland.com\/da\/wp-json\/wp\/v2\/media?parent=13462"}],"wp:term":[{"taxonomy":"product_brand","embeddable":true,"href":"https:\/\/guidetogreenland.com\/da\/wp-json\/wp\/v2\/product_brand?post=13462"},{"taxonomy":"product_cat","embeddable":true,"href":"https:\/\/guidetogreenland.com\/da\/wp-json\/wp\/v2\/product_cat?post=13462"},{"taxonomy":"product_tag","embeddable":true,"href":"https:\/\/guidetogreenland.com\/da\/wp-json\/wp\/v2\/product_tag?post=13462"}],"curies":[{"name":"wp","href":"https:\/\/api.w.org\/{rel}","templated":true}]}}