{"id":13493,"date":"2020-05-14T13:30:57","date_gmt":"2020-05-14T13:30:57","guid":{"rendered":"https:\/\/guidetogreenland.com\/book-trips-holiday\/kayaking-the-ilulissat-icefjord-ilulissat-disko-bay\/"},"modified":"2023-09-01T07:55:23","modified_gmt":"2023-09-01T10:55:23","slug":"kayaking-the-ilulissat-icefjord-ilulissat-disko-bay","status":"publish","type":"product","link":"https:\/\/guidetogreenland.com\/da\/reserver-ferie-rejser\/kajak-i-ilulissat-isfjord-ilulissat-disko-bay\/","title":{"rendered":"Kajak I Ilulissat Isfjord | Ilulissat | Disko Bay"},"content":{"rendered":"<p class=\"x-18pep25\">Kom med p\u00e5 et eventyr under midnats solens sk\u00e6r, og oplev Ilulissat Isfjord fra kajak. \u00a0Det siges at den bedste m\u00e5de at opleve Ilulissat is fjord p\u00e5 er gennem kajak!<\/p>\n<p class=\"x-18pep25\">Eventyret starter ved vandet i Ilulissat, hvor dig og dine medrejsende vil l\u00e6re at mestre den dobbelte havkajak. Herefter begiver i jer, i par, langs kysten, hvor dagens h\u00f8jdepunkt afventer jer ved munden af Diskobugten. Ilulissat er rigt p\u00e5 dyre liv, s\u00e5 hold \u00f8je med hvaler, der leger gemmeleg mellem b\u00f8lgerne.<\/p>\n<p class=\"e1imf5dp0 x-jm2771\">N\u00e5r du ankommer ved munden af Disko bugten, bliver du budt velkommen af is fjordens isbjerge, der afventer deres rejser ud i verdens syv have. <span class=\"x-12abj6v e1uuu2lt3\">Isbjergene er i gennemsnittet omkring 50 meter h\u00f8je og k\u00e6lver ud fra indlands isen.\u00a0 Herefter sejler vi rundt mellem bjergene af is i midnat solens sk\u00e6r. Det er en magisk oplevelse at glide lydl\u00f8st rund mellem giganterne, i de r\u00f8de og orange sk\u00e6r.\u00a0 Saml pagajen op og nyd stilheden der hviler over is fjorden. Hvis du er heldig, vil du opleve isbjergene k\u00e6lve, store brag, men et smukt syn.<\/span><\/p>\n<p class=\"e1imf5dp0 x-jm2771\"><span class=\"x-12abj6v e1uuu2lt3\">Denne tur er for alle der \u00f8nsker at opleve verdensarven Ilulissat is fjord fra en anden vinkel. Tag en varm hue p\u00e5 og paddel i selskab af pukkelhvaler i en labyrint af isbjerge! Se tilg\u00e6ngeligheden ved at trykke p\u00e5 \u2019\u2019V\u00e6lg en dag\u2019\u2019 ovenover og book din tur i dag.<\/span><\/p>\n","protected":false},"excerpt":{"rendered":"Kom med p\u00e5 et eventyr under midnats solens sk\u00e6r, og oplev Ilulissat Isfjord fra kajak. \u00a0Det siges at den bedste m\u00e5de at opleve Ilulissat is fjord p\u00e5 er gennem kajak! Eventyret starter ved vandet i Ilulissat, hvor dig og dine medrejsende vil l\u00e6re at mestre den dobbelte havkajak. Herefter begiver i jer, i par, langs&#8230;","protected":false},"featured_media":15653,"comment_status":"open","ping_status":"closed","template":"","meta":[],"product_brand":[],"product_cat":[605,629,617,612,593,626,609,643,644],"product_tag":[919],"class_list":{"0":"post-13493","1":"product","2":"type-product","3":"status-publish","4":"has-post-thumbnail","6":"product_cat-dagsture-om-sommeren","7":"product_cat-disko-bugten","8":"product_cat-ilulissat-isfjord-ture","9":"product_cat-natur-og-dyreliv-i-groenland","10":"product_cat-oplevelser-i-groenland","11":"product_cat-staycation-i-groenland","12":"product_cat-sup-kayakture","13":"product_cat-ture-i-hver-by","14":"product_cat-ture-i-ilulissat","15":"product_tag-ilulissat-da","16":"pa_activities-kajak-sup","17":"pa_activities-isbjerg-udsigt","18":"pa_attractions-ilulissat-icefjord","19":"pa_available-month-juni","20":"pa_available-month-juli","21":"pa_available-month-august","22":"pa_available-month-september","23":"pa_destinations-ilulissat","24":"pa_difficulty-let","25":"pa_duration-3-timer","26":"pa_tour-type-dagsture","27":"yith_shop_vendor-ilulissat-adventure-da","29":"first","30":"instock","31":"virtual","32":"sold-individually","33":"purchasable","34":"product-type-booking"},"acf":[],"yoast_head":"<!-- This site is optimized with the Yoast SEO plugin v25.6 - https:\/\/yoast.com\/wordpress\/plugins\/seo\/ -->\n<title>Kajak I Ilulissat Isfjord | Ilulissat | Disko Bay | Guide to Greenland<\/title>\n<meta name=\"description\" content=\"F\u00e5 en vandlinjeudsigt over de enorme isbjerge i UNESCO udn\u00e6vnt Ilulissat Icefjord p\u00e5 denne kajakrundtur. Klik for at l\u00e6se mere og book.\" \/>\n<meta name=\"robots\" content=\"index, follow, max-snippet:-1, max-image-preview:large, max-video-preview:-1\" \/>\n<link rel=\"canonical\" href=\"https:\/\/guidetogreenland.com\/da\/reserver-ferie-rejser\/kajak-i-ilulissat-isfjord-ilulissat-disko-bay\/\" \/>\n<meta property=\"og:locale\" content=\"da_DK\" \/>\n<meta property=\"og:type\" content=\"article\" \/>\n<meta property=\"og:title\" content=\"Kajak I Ilulissat Isfjord | Ilulissat | Disko Bay | Guide to Greenland\" \/>\n<meta property=\"og:description\" content=\"F\u00e5 en vandlinjeudsigt over de enorme isbjerge i UNESCO udn\u00e6vnt Ilulissat Icefjord p\u00e5 denne kajakrundtur. Klik for at l\u00e6se mere og book.\" \/>\n<meta property=\"og:url\" content=\"https:\/\/guidetogreenland.com\/da\/reserver-ferie-rejser\/kajak-i-ilulissat-isfjord-ilulissat-disko-bay\/\" \/>\n<meta property=\"og:site_name\" content=\"Guide to Greenland\" \/>\n<meta property=\"article:modified_time\" content=\"2023-09-01T10:55:23+00:00\" \/>\n<meta property=\"og:image\" content=\"https:\/\/guidetogreenland.com\/wp-content\/uploads\/2020\/05\/kayaking-the-ilulissat-icefjord-ilulissat-disko-bay-Guide-to-Greenland-7.jpg\" \/>\n\t<meta property=\"og:image:width\" content=\"926\" \/>\n\t<meta property=\"og:image:height\" content=\"247\" \/>\n\t<meta property=\"og:image:type\" content=\"image\/jpeg\" \/>\n<meta name=\"twitter:card\" content=\"summary_large_image\" \/>\n<meta name=\"twitter:label1\" content=\"Estimeret l\u00e6setid\" \/>\n\t<meta name=\"twitter:data1\" content=\"1 minut\" \/>\n<script type=\"application\/ld+json\" class=\"yoast-schema-graph\">{\"@context\":\"https:\/\/schema.org\",\"@graph\":[{\"@type\":\"WebPage\",\"@id\":\"https:\/\/guidetogreenland.com\/da\/reserver-ferie-rejser\/kajak-i-ilulissat-isfjord-ilulissat-disko-bay\/\",\"url\":\"https:\/\/guidetogreenland.com\/da\/reserver-ferie-rejser\/kajak-i-ilulissat-isfjord-ilulissat-disko-bay\/\",\"name\":\"Kajak I Ilulissat Isfjord | Ilulissat | Disko Bay | Guide to Greenland\",\"isPartOf\":{\"@id\":\"https:\/\/guidetogreenland.com\/da\/#website\"},\"primaryImageOfPage\":{\"@id\":\"https:\/\/guidetogreenland.com\/da\/reserver-ferie-rejser\/kajak-i-ilulissat-isfjord-ilulissat-disko-bay\/#primaryimage\"},\"image\":{\"@id\":\"https:\/\/guidetogreenland.com\/da\/reserver-ferie-rejser\/kajak-i-ilulissat-isfjord-ilulissat-disko-bay\/#primaryimage\"},\"thumbnailUrl\":\"https:\/\/guidetogreenland.com\/wp-content\/uploads\/2020\/05\/hike-and-kayaking-south-greenland-Guide-to-Greenland-2.jpg\",\"datePublished\":\"2020-05-14T13:30:57+00:00\",\"dateModified\":\"2023-09-01T10:55:23+00:00\",\"description\":\"F\u00e5 en vandlinjeudsigt over de enorme isbjerge i UNESCO udn\u00e6vnt Ilulissat Icefjord p\u00e5 denne kajakrundtur. Klik for at l\u00e6se mere og book.\",\"breadcrumb\":{\"@id\":\"https:\/\/guidetogreenland.com\/da\/reserver-ferie-rejser\/kajak-i-ilulissat-isfjord-ilulissat-disko-bay\/#breadcrumb\"},\"inLanguage\":\"da-DK\",\"potentialAction\":[{\"@type\":\"ReadAction\",\"target\":[\"https:\/\/guidetogreenland.com\/da\/reserver-ferie-rejser\/kajak-i-ilulissat-isfjord-ilulissat-disko-bay\/\"]}]},{\"@type\":\"ImageObject\",\"inLanguage\":\"da-DK\",\"@id\":\"https:\/\/guidetogreenland.com\/da\/reserver-ferie-rejser\/kajak-i-ilulissat-isfjord-ilulissat-disko-bay\/#primaryimage\",\"url\":\"https:\/\/guidetogreenland.com\/wp-content\/uploads\/2020\/05\/hike-and-kayaking-south-greenland-Guide-to-Greenland-2.jpg\",\"contentUrl\":\"https:\/\/guidetogreenland.com\/wp-content\/uploads\/2020\/05\/hike-and-kayaking-south-greenland-Guide-to-Greenland-2.jpg\",\"width\":926,\"height\":617},{\"@type\":\"BreadcrumbList\",\"@id\":\"https:\/\/guidetogreenland.com\/da\/reserver-ferie-rejser\/kajak-i-ilulissat-isfjord-ilulissat-disko-bay\/#breadcrumb\",\"itemListElement\":[{\"@type\":\"ListItem\",\"position\":1,\"name\":\"Home\",\"item\":\"https:\/\/guidetogreenland.com\/da\/\"},{\"@type\":\"ListItem\",\"position\":2,\"name\":\"Se alle ture\",\"item\":\"https:\/\/guidetogreenland.com\/da\/reserver-ferie-rejser\/\"},{\"@type\":\"ListItem\",\"position\":3,\"name\":\"Kajak I Ilulissat Isfjord | Ilulissat | Disko Bay\"}]},{\"@type\":\"WebSite\",\"@id\":\"https:\/\/guidetogreenland.com\/da\/#website\",\"url\":\"https:\/\/guidetogreenland.com\/da\/\",\"name\":\"Guide to Greenland\",\"description\":\"Largest selection of tours in Greenland\",\"potentialAction\":[{\"@type\":\"SearchAction\",\"target\":{\"@type\":\"EntryPoint\",\"urlTemplate\":\"https:\/\/guidetogreenland.com\/da\/?s={search_term_string}\"},\"query-input\":{\"@type\":\"PropertyValueSpecification\",\"valueRequired\":true,\"valueName\":\"search_term_string\"}}],\"inLanguage\":\"da-DK\"}]}<\/script>\n<!-- \/ Yoast SEO plugin. -->","yoast_head_json":{"title":"Kajak I Ilulissat Isfjord | Ilulissat | Disko Bay | Guide to Greenland","description":"F\u00e5 en vandlinjeudsigt over de enorme isbjerge i UNESCO udn\u00e6vnt Ilulissat Icefjord p\u00e5 denne kajakrundtur. Klik for at l\u00e6se mere og book.","robots":{"index":"index","follow":"follow","max-snippet":"max-snippet:-1","max-image-preview":"max-image-preview:large","max-video-preview":"max-video-preview:-1"},"canonical":"https:\/\/guidetogreenland.com\/da\/reserver-ferie-rejser\/kajak-i-ilulissat-isfjord-ilulissat-disko-bay\/","og_locale":"da_DK","og_type":"article","og_title":"Kajak I Ilulissat Isfjord | Ilulissat | Disko Bay | Guide to Greenland","og_description":"F\u00e5 en vandlinjeudsigt over de enorme isbjerge i UNESCO udn\u00e6vnt Ilulissat Icefjord p\u00e5 denne kajakrundtur. Klik for at l\u00e6se mere og book.","og_url":"https:\/\/guidetogreenland.com\/da\/reserver-ferie-rejser\/kajak-i-ilulissat-isfjord-ilulissat-disko-bay\/","og_site_name":"Guide to Greenland","article_modified_time":"2023-09-01T10:55:23+00:00","og_image":[{"width":926,"height":247,"url":"https:\/\/guidetogreenland.com\/wp-content\/uploads\/2020\/05\/kayaking-the-ilulissat-icefjord-ilulissat-disko-bay-Guide-to-Greenland-7.jpg","type":"image\/jpeg"}],"twitter_card":"summary_large_image","twitter_misc":{"Estimeret l\u00e6setid":"1 minut"},"schema":{"@context":"https:\/\/schema.org","@graph":[{"@type":"WebPage","@id":"https:\/\/guidetogreenland.com\/da\/reserver-ferie-rejser\/kajak-i-ilulissat-isfjord-ilulissat-disko-bay\/","url":"https:\/\/guidetogreenland.com\/da\/reserver-ferie-rejser\/kajak-i-ilulissat-isfjord-ilulissat-disko-bay\/","name":"Kajak I Ilulissat Isfjord | Ilulissat | Disko Bay | Guide to Greenland","isPartOf":{"@id":"https:\/\/guidetogreenland.com\/da\/#website"},"primaryImageOfPage":{"@id":"https:\/\/guidetogreenland.com\/da\/reserver-ferie-rejser\/kajak-i-ilulissat-isfjord-ilulissat-disko-bay\/#primaryimage"},"image":{"@id":"https:\/\/guidetogreenland.com\/da\/reserver-ferie-rejser\/kajak-i-ilulissat-isfjord-ilulissat-disko-bay\/#primaryimage"},"thumbnailUrl":"https:\/\/guidetogreenland.com\/wp-content\/uploads\/2020\/05\/hike-and-kayaking-south-greenland-Guide-to-Greenland-2.jpg","datePublished":"2020-05-14T13:30:57+00:00","dateModified":"2023-09-01T10:55:23+00:00","description":"F\u00e5 en vandlinjeudsigt over de enorme isbjerge i UNESCO udn\u00e6vnt Ilulissat Icefjord p\u00e5 denne kajakrundtur. Klik for at l\u00e6se mere og book.","breadcrumb":{"@id":"https:\/\/guidetogreenland.com\/da\/reserver-ferie-rejser\/kajak-i-ilulissat-isfjord-ilulissat-disko-bay\/#breadcrumb"},"inLanguage":"da-DK","potentialAction":[{"@type":"ReadAction","target":["https:\/\/guidetogreenland.com\/da\/reserver-ferie-rejser\/kajak-i-ilulissat-isfjord-ilulissat-disko-bay\/"]}]},{"@type":"ImageObject","inLanguage":"da-DK","@id":"https:\/\/guidetogreenland.com\/da\/reserver-ferie-rejser\/kajak-i-ilulissat-isfjord-ilulissat-disko-bay\/#primaryimage","url":"https:\/\/guidetogreenland.com\/wp-content\/uploads\/2020\/05\/hike-and-kayaking-south-greenland-Guide-to-Greenland-2.jpg","contentUrl":"https:\/\/guidetogreenland.com\/wp-content\/uploads\/2020\/05\/hike-and-kayaking-south-greenland-Guide-to-Greenland-2.jpg","width":926,"height":617},{"@type":"BreadcrumbList","@id":"https:\/\/guidetogreenland.com\/da\/reserver-ferie-rejser\/kajak-i-ilulissat-isfjord-ilulissat-disko-bay\/#breadcrumb","itemListElement":[{"@type":"ListItem","position":1,"name":"Home","item":"https:\/\/guidetogreenland.com\/da\/"},{"@type":"ListItem","position":2,"name":"Se alle ture","item":"https:\/\/guidetogreenland.com\/da\/reserver-ferie-rejser\/"},{"@type":"ListItem","position":3,"name":"Kajak I Ilulissat Isfjord | Ilulissat | Disko Bay"}]},{"@type":"WebSite","@id":"https:\/\/guidetogreenland.com\/da\/#website","url":"https:\/\/guidetogreenland.com\/da\/","name":"Guide to Greenland","description":"Largest selection of tours in Greenland","potentialAction":[{"@type":"SearchAction","target":{"@type":"EntryPoint","urlTemplate":"https:\/\/guidetogreenland.com\/da\/?s={search_term_string}"},"query-input":{"@type":"PropertyValueSpecification","valueRequired":true,"valueName":"search_term_string"}}],"inLanguage":"da-DK"}]}},"_links":{"self":[{"href":"https:\/\/guidetogreenland.com\/da\/wp-json\/wp\/v2\/product\/13493","targetHints":{"allow":["GET"]}}],"collection":[{"href":"https:\/\/guidetogreenland.com\/da\/wp-json\/wp\/v2\/product"}],"about":[{"href":"https:\/\/guidetogreenland.com\/da\/wp-json\/wp\/v2\/types\/product"}],"replies":[{"embeddable":true,"href":"https:\/\/guidetogreenland.com\/da\/wp-json\/wp\/v2\/comments?post=13493"}],"wp:featuredmedia":[{"embeddable":true,"href":"https:\/\/guidetogreenland.com\/da\/wp-json\/wp\/v2\/media\/15653"}],"wp:attachment":[{"href":"https:\/\/guidetogreenland.com\/da\/wp-json\/wp\/v2\/media?parent=13493"}],"wp:term":[{"taxonomy":"product_brand","embeddable":true,"href":"https:\/\/guidetogreenland.com\/da\/wp-json\/wp\/v2\/product_brand?post=13493"},{"taxonomy":"product_cat","embeddable":true,"href":"https:\/\/guidetogreenland.com\/da\/wp-json\/wp\/v2\/product_cat?post=13493"},{"taxonomy":"product_tag","embeddable":true,"href":"https:\/\/guidetogreenland.com\/da\/wp-json\/wp\/v2\/product_tag?post=13493"}],"curies":[{"name":"wp","href":"https:\/\/api.w.org\/{rel}","templated":true}]}}