{"id":13502,"date":"2020-05-14T13:44:21","date_gmt":"2020-05-14T13:44:21","guid":{"rendered":"https:\/\/guidetogreenland.com\/book-trips-holiday\/kuannit-hike-qeqertarsuaq-disko-bay\/"},"modified":"2020-11-18T18:54:44","modified_gmt":"2020-11-18T18:54:44","slug":"kuannit-hike-qeqertarsuaq-disko-bay","status":"publish","type":"product","link":"https:\/\/guidetogreenland.com\/da\/reserver-ferie-rejser\/vandretur-til-kuannit-qeqertarsuaq-diskooen\/","title":{"rendered":"Vandretur til Kuannit | Qeqertarsuaq | Disko\u00f8en"},"content":{"rendered":"<div class=\"x-2ruu7e ewhm0490\">\n<div class=\"x-sqsvwz e1hc7val2\">\n<div class=\"x-13o7eu2 e1imf5dp1\">\n<div class=\"x-v4fa7v e1uuu2lt0\">\n<div class=\"x-7xwfhm e1imf5dp0\">\n<p class=\"x-18pep25\">Kom med p\u00e5 denne\u00a0smukke\u00a0vandretur\u00a0p\u00e5 Qeqertarsuaq, Disko\u00f8en. Kuannit er det\u00a0gr\u00f8nlandske ord for planten\u00a0&#8220;kvan&#8221;. Vandreturen g\u00e5r til et omr\u00e5de udenfor byen, hvor\u00a0de lokale\u00a0normalt tager hen for at samle\u00a0kvan, der bliver\u00a0spist som snack eller\u00a0brugt i traditionel\u00a0gr\u00f8nlandsk madlavning. Vandreturen g\u00e5r igennem\u00a0et storartet\u00a0landskab med udsigt over Diskobugten, hvorfra\u00a0du ogs\u00e5, hvis\u00a0du er heldig, har mulighed\u00a0for at se hvaler.<\/p>\n<p class=\"e1imf5dp0 x-jm2771\">Udover muligheden\u00a0for at se hvaler\u00a0vil du helt sikkert have mulighed\u00a0for at se hvordan de gr\u00f8nlandske sommerblomster farvel\u00e6gger fjeldet\u00a0og st\u00e5r i kontrast til de r\u00e5 bjergside<span class=\"x-12abj6v e1uuu2lt3\">r af basalt.<\/span><\/p>\n<p class=\"e1imf5dp0 x-jm2771\"><span class=\"x-12abj6v e1uuu2lt3\">Geologisk er Disko \u00f8en helt unik og anderledes end resten af Gr\u00f8nland, da den er yngre end resten af landet. En stor del af \u00f8en best\u00e5r af h\u00f8je, stejle bjerge og midt i \u00f8en ligger Lyngmark gletschere. P\u00e5 gr\u00f8nlandsk betyder Qeqertarsuaq &#8220;den store \u00f8&#8221;, som jo giver god mening.<\/span><\/p>\n<p class=\"e1imf5dp0 x-jm2771\"><span class=\"x-12abj6v e1uuu2lt3\">Selv om selve \u00f8en geologisk er yngre en resten af Gr\u00f8nlane, er byen Qeqertarsuaq en af de \u00e6ldste bos\u00e6tninger i Gr\u00f8nland, helt tilbage fra 1773. I dag er det \u00f8ens eneste bos\u00e6ttelse og der bor omkring\u00a01000 folk.<\/span><\/p>\n<p class=\"e1imf5dp0 x-jm2771\"><span class=\"x-12abj6v e1uuu2lt3\">Kom med turen og oplev den\u00a0smukke natur, langt v\u00e6k fra en travl\u00a0hverdag. Pak dine vandrest\u00f8vler og se tilg\u00e6ngeligheden for denne tur ved at trykke &#8220;V\u00e6lg en dag&#8221; ovenfor og bestil din tur nu.<\/span><\/p>\n<\/div>\n<\/div>\n<\/div>\n<\/div>\n<\/div>\n<div>\n<div class=\"x-1bve0ae ewhm0490\">\n<div class=\"x-sqsvwz e1hc7val2\"><\/div>\n<\/div>\n<\/div>\n","protected":false},"excerpt":{"rendered":"Kom med p\u00e5 denne\u00a0smukke\u00a0vandretur\u00a0p\u00e5 Qeqertarsuaq, Disko\u00f8en. Kuannit er det\u00a0gr\u00f8nlandske ord for planten\u00a0&#8220;kvan&#8221;. Vandreturen g\u00e5r til et omr\u00e5de udenfor byen, hvor\u00a0de lokale\u00a0normalt tager hen for at samle\u00a0kvan, der bliver\u00a0spist som snack eller\u00a0brugt i traditionel\u00a0gr\u00f8nlandsk madlavning. Vandreturen g\u00e5r igennem\u00a0et storartet\u00a0landskab med udsigt over Diskobugten, hvorfra\u00a0du ogs\u00e5, hvis\u00a0du er heldig, har mulighed\u00a0for at se hvaler. Udover muligheden\u00a0for at&#8230;","protected":false},"featured_media":13504,"comment_status":"open","ping_status":"closed","template":"","meta":[],"product_brand":[],"product_cat":[605,629,612,593,627,643,656,608],"product_tag":[934],"class_list":{"0":"post-13502","1":"product","2":"type-product","3":"status-publish","4":"has-post-thumbnail","6":"product_cat-dagsture-om-sommeren","7":"product_cat-disko-bugten","8":"product_cat-natur-og-dyreliv-i-groenland","9":"product_cat-oplevelser-i-groenland","10":"product_cat-ture-i-bestemte-omraader","11":"product_cat-ture-i-hver-by","12":"product_cat-ture-i-qeqartarsuaq","13":"product_cat-vandre-og-trekkingture","14":"product_tag-qeqertarsuaq-da","15":"pa_activities-gletschervandring","16":"pa_activities-vandretur","17":"pa_attractions-disko-bay-da","18":"pa_available-month-juni","19":"pa_available-month-juli","20":"pa_available-month-august","21":"pa_available-month-september","22":"pa_destinations-qeqertarsuaq","23":"pa_difficulty-moderat","24":"pa_duration-4-timer","25":"pa_tour-type-dagsture","27":"first","28":"instock","29":"virtual","30":"sold-individually","31":"purchasable","32":"product-type-booking"},"acf":[],"yoast_head":"<!-- This site is optimized with the Yoast SEO plugin v25.6 - https:\/\/yoast.com\/wordpress\/plugins\/seo\/ -->\n<title>Vandretur til Kuannit | Qeqertarsuaq | Disko\u00f8en | Guide to Greenland<\/title>\n<meta name=\"robots\" content=\"index, follow, max-snippet:-1, max-image-preview:large, max-video-preview:-1\" \/>\n<link rel=\"canonical\" href=\"https:\/\/guidetogreenland.com\/da\/reserver-ferie-rejser\/vandretur-til-kuannit-qeqertarsuaq-diskooen\/\" \/>\n<meta property=\"og:locale\" content=\"da_DK\" \/>\n<meta property=\"og:type\" content=\"article\" \/>\n<meta property=\"og:title\" content=\"Vandretur til Kuannit | Qeqertarsuaq | Disko\u00f8en | Guide to Greenland\" \/>\n<meta property=\"og:description\" content=\"Kom med p\u00e5 denne\u00a0smukke\u00a0vandretur\u00a0p\u00e5 Qeqertarsuaq, Disko\u00f8en. Kuannit er det\u00a0gr\u00f8nlandske ord for planten\u00a0&#8220;kvan&#8221;. Vandreturen g\u00e5r til et omr\u00e5de udenfor byen, hvor\u00a0de lokale\u00a0normalt tager hen for at samle\u00a0kvan, der bliver\u00a0spist som snack eller\u00a0brugt i traditionel\u00a0gr\u00f8nlandsk madlavning. Vandreturen g\u00e5r igennem\u00a0et storartet\u00a0landskab med udsigt over Diskobugten, hvorfra\u00a0du ogs\u00e5, hvis\u00a0du er heldig, har mulighed\u00a0for at se hvaler. Udover muligheden\u00a0for at...\" \/>\n<meta property=\"og:url\" content=\"https:\/\/guidetogreenland.com\/da\/reserver-ferie-rejser\/vandretur-til-kuannit-qeqertarsuaq-diskooen\/\" \/>\n<meta property=\"og:site_name\" content=\"Guide to Greenland\" \/>\n<meta property=\"article:modified_time\" content=\"2020-11-18T18:54:44+00:00\" \/>\n<meta property=\"og:image\" content=\"https:\/\/guidetogreenland.com\/wp-content\/uploads\/2020\/05\/kuannit-hike-qeqertarsuaq-disko-bay-Guide-to-Greenland-1.jpg\" \/>\n\t<meta property=\"og:image:width\" content=\"926\" \/>\n\t<meta property=\"og:image:height\" content=\"520\" \/>\n\t<meta property=\"og:image:type\" content=\"image\/jpeg\" \/>\n<meta name=\"twitter:card\" content=\"summary_large_image\" \/>\n<meta name=\"twitter:label1\" content=\"Estimeret l\u00e6setid\" \/>\n\t<meta name=\"twitter:data1\" content=\"1 minut\" \/>\n<script type=\"application\/ld+json\" class=\"yoast-schema-graph\">{\"@context\":\"https:\/\/schema.org\",\"@graph\":[{\"@type\":\"WebPage\",\"@id\":\"https:\/\/guidetogreenland.com\/da\/reserver-ferie-rejser\/vandretur-til-kuannit-qeqertarsuaq-diskooen\/\",\"url\":\"https:\/\/guidetogreenland.com\/da\/reserver-ferie-rejser\/vandretur-til-kuannit-qeqertarsuaq-diskooen\/\",\"name\":\"Vandretur til Kuannit | Qeqertarsuaq | Disko\u00f8en | Guide to Greenland\",\"isPartOf\":{\"@id\":\"https:\/\/guidetogreenland.com\/da\/#website\"},\"primaryImageOfPage\":{\"@id\":\"https:\/\/guidetogreenland.com\/da\/reserver-ferie-rejser\/vandretur-til-kuannit-qeqertarsuaq-diskooen\/#primaryimage\"},\"image\":{\"@id\":\"https:\/\/guidetogreenland.com\/da\/reserver-ferie-rejser\/vandretur-til-kuannit-qeqertarsuaq-diskooen\/#primaryimage\"},\"thumbnailUrl\":\"https:\/\/guidetogreenland.com\/wp-content\/uploads\/2020\/05\/kuannit-hike-qeqertarsuaq-disko-bay-Guide-to-Greenland-1.jpg\",\"datePublished\":\"2020-05-14T13:44:21+00:00\",\"dateModified\":\"2020-11-18T18:54:44+00:00\",\"breadcrumb\":{\"@id\":\"https:\/\/guidetogreenland.com\/da\/reserver-ferie-rejser\/vandretur-til-kuannit-qeqertarsuaq-diskooen\/#breadcrumb\"},\"inLanguage\":\"da-DK\",\"potentialAction\":[{\"@type\":\"ReadAction\",\"target\":[\"https:\/\/guidetogreenland.com\/da\/reserver-ferie-rejser\/vandretur-til-kuannit-qeqertarsuaq-diskooen\/\"]}]},{\"@type\":\"ImageObject\",\"inLanguage\":\"da-DK\",\"@id\":\"https:\/\/guidetogreenland.com\/da\/reserver-ferie-rejser\/vandretur-til-kuannit-qeqertarsuaq-diskooen\/#primaryimage\",\"url\":\"https:\/\/guidetogreenland.com\/wp-content\/uploads\/2020\/05\/kuannit-hike-qeqertarsuaq-disko-bay-Guide-to-Greenland-1.jpg\",\"contentUrl\":\"https:\/\/guidetogreenland.com\/wp-content\/uploads\/2020\/05\/kuannit-hike-qeqertarsuaq-disko-bay-Guide-to-Greenland-1.jpg\",\"width\":926,\"height\":520},{\"@type\":\"BreadcrumbList\",\"@id\":\"https:\/\/guidetogreenland.com\/da\/reserver-ferie-rejser\/vandretur-til-kuannit-qeqertarsuaq-diskooen\/#breadcrumb\",\"itemListElement\":[{\"@type\":\"ListItem\",\"position\":1,\"name\":\"Home\",\"item\":\"https:\/\/guidetogreenland.com\/da\/\"},{\"@type\":\"ListItem\",\"position\":2,\"name\":\"Se alle ture\",\"item\":\"https:\/\/guidetogreenland.com\/da\/reserver-ferie-rejser\/\"},{\"@type\":\"ListItem\",\"position\":3,\"name\":\"Vandretur til Kuannit | Qeqertarsuaq | Disko\u00f8en\"}]},{\"@type\":\"WebSite\",\"@id\":\"https:\/\/guidetogreenland.com\/da\/#website\",\"url\":\"https:\/\/guidetogreenland.com\/da\/\",\"name\":\"Guide to Greenland\",\"description\":\"Largest selection of tours in Greenland\",\"potentialAction\":[{\"@type\":\"SearchAction\",\"target\":{\"@type\":\"EntryPoint\",\"urlTemplate\":\"https:\/\/guidetogreenland.com\/da\/?s={search_term_string}\"},\"query-input\":{\"@type\":\"PropertyValueSpecification\",\"valueRequired\":true,\"valueName\":\"search_term_string\"}}],\"inLanguage\":\"da-DK\"}]}<\/script>\n<!-- \/ Yoast SEO plugin. -->","yoast_head_json":{"title":"Vandretur til Kuannit | Qeqertarsuaq | Disko\u00f8en | Guide to Greenland","robots":{"index":"index","follow":"follow","max-snippet":"max-snippet:-1","max-image-preview":"max-image-preview:large","max-video-preview":"max-video-preview:-1"},"canonical":"https:\/\/guidetogreenland.com\/da\/reserver-ferie-rejser\/vandretur-til-kuannit-qeqertarsuaq-diskooen\/","og_locale":"da_DK","og_type":"article","og_title":"Vandretur til Kuannit | Qeqertarsuaq | Disko\u00f8en | Guide to Greenland","og_description":"Kom med p\u00e5 denne\u00a0smukke\u00a0vandretur\u00a0p\u00e5 Qeqertarsuaq, Disko\u00f8en. Kuannit er det\u00a0gr\u00f8nlandske ord for planten\u00a0&#8220;kvan&#8221;. Vandreturen g\u00e5r til et omr\u00e5de udenfor byen, hvor\u00a0de lokale\u00a0normalt tager hen for at samle\u00a0kvan, der bliver\u00a0spist som snack eller\u00a0brugt i traditionel\u00a0gr\u00f8nlandsk madlavning. Vandreturen g\u00e5r igennem\u00a0et storartet\u00a0landskab med udsigt over Diskobugten, hvorfra\u00a0du ogs\u00e5, hvis\u00a0du er heldig, har mulighed\u00a0for at se hvaler. Udover muligheden\u00a0for at...","og_url":"https:\/\/guidetogreenland.com\/da\/reserver-ferie-rejser\/vandretur-til-kuannit-qeqertarsuaq-diskooen\/","og_site_name":"Guide to Greenland","article_modified_time":"2020-11-18T18:54:44+00:00","og_image":[{"width":926,"height":520,"url":"https:\/\/guidetogreenland.com\/wp-content\/uploads\/2020\/05\/kuannit-hike-qeqertarsuaq-disko-bay-Guide-to-Greenland-1.jpg","type":"image\/jpeg"}],"twitter_card":"summary_large_image","twitter_misc":{"Estimeret l\u00e6setid":"1 minut"},"schema":{"@context":"https:\/\/schema.org","@graph":[{"@type":"WebPage","@id":"https:\/\/guidetogreenland.com\/da\/reserver-ferie-rejser\/vandretur-til-kuannit-qeqertarsuaq-diskooen\/","url":"https:\/\/guidetogreenland.com\/da\/reserver-ferie-rejser\/vandretur-til-kuannit-qeqertarsuaq-diskooen\/","name":"Vandretur til Kuannit | Qeqertarsuaq | Disko\u00f8en | Guide to Greenland","isPartOf":{"@id":"https:\/\/guidetogreenland.com\/da\/#website"},"primaryImageOfPage":{"@id":"https:\/\/guidetogreenland.com\/da\/reserver-ferie-rejser\/vandretur-til-kuannit-qeqertarsuaq-diskooen\/#primaryimage"},"image":{"@id":"https:\/\/guidetogreenland.com\/da\/reserver-ferie-rejser\/vandretur-til-kuannit-qeqertarsuaq-diskooen\/#primaryimage"},"thumbnailUrl":"https:\/\/guidetogreenland.com\/wp-content\/uploads\/2020\/05\/kuannit-hike-qeqertarsuaq-disko-bay-Guide-to-Greenland-1.jpg","datePublished":"2020-05-14T13:44:21+00:00","dateModified":"2020-11-18T18:54:44+00:00","breadcrumb":{"@id":"https:\/\/guidetogreenland.com\/da\/reserver-ferie-rejser\/vandretur-til-kuannit-qeqertarsuaq-diskooen\/#breadcrumb"},"inLanguage":"da-DK","potentialAction":[{"@type":"ReadAction","target":["https:\/\/guidetogreenland.com\/da\/reserver-ferie-rejser\/vandretur-til-kuannit-qeqertarsuaq-diskooen\/"]}]},{"@type":"ImageObject","inLanguage":"da-DK","@id":"https:\/\/guidetogreenland.com\/da\/reserver-ferie-rejser\/vandretur-til-kuannit-qeqertarsuaq-diskooen\/#primaryimage","url":"https:\/\/guidetogreenland.com\/wp-content\/uploads\/2020\/05\/kuannit-hike-qeqertarsuaq-disko-bay-Guide-to-Greenland-1.jpg","contentUrl":"https:\/\/guidetogreenland.com\/wp-content\/uploads\/2020\/05\/kuannit-hike-qeqertarsuaq-disko-bay-Guide-to-Greenland-1.jpg","width":926,"height":520},{"@type":"BreadcrumbList","@id":"https:\/\/guidetogreenland.com\/da\/reserver-ferie-rejser\/vandretur-til-kuannit-qeqertarsuaq-diskooen\/#breadcrumb","itemListElement":[{"@type":"ListItem","position":1,"name":"Home","item":"https:\/\/guidetogreenland.com\/da\/"},{"@type":"ListItem","position":2,"name":"Se alle ture","item":"https:\/\/guidetogreenland.com\/da\/reserver-ferie-rejser\/"},{"@type":"ListItem","position":3,"name":"Vandretur til Kuannit | Qeqertarsuaq | Disko\u00f8en"}]},{"@type":"WebSite","@id":"https:\/\/guidetogreenland.com\/da\/#website","url":"https:\/\/guidetogreenland.com\/da\/","name":"Guide to Greenland","description":"Largest selection of tours in Greenland","potentialAction":[{"@type":"SearchAction","target":{"@type":"EntryPoint","urlTemplate":"https:\/\/guidetogreenland.com\/da\/?s={search_term_string}"},"query-input":{"@type":"PropertyValueSpecification","valueRequired":true,"valueName":"search_term_string"}}],"inLanguage":"da-DK"}]}},"_links":{"self":[{"href":"https:\/\/guidetogreenland.com\/da\/wp-json\/wp\/v2\/product\/13502","targetHints":{"allow":["GET"]}}],"collection":[{"href":"https:\/\/guidetogreenland.com\/da\/wp-json\/wp\/v2\/product"}],"about":[{"href":"https:\/\/guidetogreenland.com\/da\/wp-json\/wp\/v2\/types\/product"}],"replies":[{"embeddable":true,"href":"https:\/\/guidetogreenland.com\/da\/wp-json\/wp\/v2\/comments?post=13502"}],"wp:featuredmedia":[{"embeddable":true,"href":"https:\/\/guidetogreenland.com\/da\/wp-json\/wp\/v2\/media\/13504"}],"wp:attachment":[{"href":"https:\/\/guidetogreenland.com\/da\/wp-json\/wp\/v2\/media?parent=13502"}],"wp:term":[{"taxonomy":"product_brand","embeddable":true,"href":"https:\/\/guidetogreenland.com\/da\/wp-json\/wp\/v2\/product_brand?post=13502"},{"taxonomy":"product_cat","embeddable":true,"href":"https:\/\/guidetogreenland.com\/da\/wp-json\/wp\/v2\/product_cat?post=13502"},{"taxonomy":"product_tag","embeddable":true,"href":"https:\/\/guidetogreenland.com\/da\/wp-json\/wp\/v2\/product_tag?post=13502"}],"curies":[{"name":"wp","href":"https:\/\/api.w.org\/{rel}","templated":true}]}}