{"id":13519,"date":"2020-05-14T13:53:16","date_gmt":"2020-05-14T13:53:16","guid":{"rendered":"https:\/\/guidetogreenland.com\/book-trips-holiday\/kulusuk-classic-daytour-east-greenland\/"},"modified":"2020-11-18T19:05:22","modified_gmt":"2020-11-18T19:05:22","slug":"kulusuk-classic-daytour-east-greenland","status":"publish","type":"product","link":"https:\/\/guidetogreenland.com\/da\/reserver-ferie-rejser\/kulusuk-klassiker-ostgronland\/","title":{"rendered":"Kulusuk Klassiker | \u00d8stgr\u00f8nland"},"content":{"rendered":"<p class=\"x-18pep25\">Tag med p\u00e5 denne\u00a0unikke dagstur til den Gr\u00f8nlandske by, Kulusuk. F\u00e5 et glimt af en verden langt fra alt hvad du kender til.<\/p>\n<p class=\"x-18pep25\">Din rejse starer fra Reykvaviks Indenrigs lufthavn. Fra Reykjavik flyver du direkte til Kulusk. Som du kommer t\u00e6ttere p\u00e5 Gr\u00f8nlands kyster vil du kunne se et smukt landskab fyldt med isbjerge i alle st\u00f8rrelser og former. Nyd udsigten for f\u00f8r du ved af det er det tid til at lande.<\/p>\n<p class=\"e1imf5dp0 x-jm2771\">Kulusuk befinder sig p\u00e5 en lille klippe \u00f8 omgivet af r\u00e5, t\u00e5rnh\u00f8je fjelde og dybe fjorde. Ved lufthavnen bliver du m\u00f8dt af din guide for dagen. Guiden kommer til at holde et stort skilt du ikke kan u<span class=\"x-12abj6v e1uuu2lt3\">ndg\u00e5 at se.<\/span><\/p>\n<p class=\"e1imf5dp0 x-jm2771\"><span class=\"x-12abj6v e1uuu2lt3\">Kulusuk er en bygd med ca. 300 indbyggere, som lever deres daglige liv i de mange farverige huse, omgivet af den vildeste natur. Med guiden g\u00e5r i rundt om byen, omkring de traditionelt farvede gr\u00f8nne, r\u00f8de og gule bygninger. P\u00e5 din guidede tur bes\u00f8ger i Kirken, et privat museum med ark\u00e6ologiske genstande fra de f\u00f8rste bos\u00e6tninger i omr\u00e5det. I g\u00e5r ogs\u00e5 forbi kirkeg\u00e5rden og hvis du er heldig kan i komme til at opleve en traditionel trommedans. Du vil se det moderne og traditionelle liv blandet sammen hos den lokale familie hvor mange stadig er afh\u00e6ngige af jagt og fiskeri. Tag din tid, nyd den friske luft og udforsk det vidunderlige udsigt til havet og fjeldene.<\/span><\/p>\n<p class=\"e1imf5dp0 x-jm2771\"><span class=\"x-12abj6v e1uuu2lt3\">Tag med p\u00e5 dette lille eventyrlige glimt ind i Gr\u00f8nland. Tjek mulighederne for at rejse med ved at trykke p\u00e5 &#8216;V\u00e6lg en dato&#8217; for oven.<\/span><\/p>\n","protected":false},"excerpt":{"rendered":"Tag med p\u00e5 denne\u00a0unikke dagstur til den Gr\u00f8nlandske by, Kulusuk. F\u00e5 et glimt af en verden langt fra alt hvad du kender til. Din rejse starer fra Reykvaviks Indenrigs lufthavn. Fra Reykjavik flyver du direkte til Kulusk. Som du kommer t\u00e6ttere p\u00e5 Gr\u00f8nlands kyster vil du kunne se et smukt landskab fyldt med isbjerge i&#8230;","protected":false},"featured_media":13521,"comment_status":"open","ping_status":"closed","template":"","meta":[],"product_brand":[],"product_cat":[605,637,622,623,593,630,640,647],"product_tag":[925,935],"class_list":{"0":"post-13519","1":"product","2":"type-product","3":"status-publish","4":"has-post-thumbnail","6":"product_cat-dagsture-om-sommeren","7":"product_cat-fra-island-til-groenland","8":"product_cat-groenlandsk-kultur","9":"product_cat-kulturelle-aktiviteter","10":"product_cat-oplevelser-i-groenland","11":"product_cat-oestgroenland","12":"product_cat-sommerrejser","13":"product_cat-ture-i-kulusuk","14":"product_tag-kulusuk-da","15":"product_tag-reykjavik-da","16":"pa_activities-byrundtur","17":"pa_activities-bygdebesoeg","18":"pa_available-month-juni","19":"pa_available-month-juli","20":"pa_available-month-august","21":"pa_available-month-september","22":"pa_destinations-kulusuk","23":"pa_difficulty-let","24":"pa_duration-8-timer","25":"pa_tour-type-dagsture","26":"yith_shop_vendor-greenland-adventures-by-icelandic-mountain-guides-da","28":"first","29":"instock","30":"virtual","31":"sold-individually","32":"purchasable","33":"product-type-booking"},"acf":[],"yoast_head":"<!-- This site is optimized with the Yoast SEO plugin v25.6 - https:\/\/yoast.com\/wordpress\/plugins\/seo\/ -->\n<title>Kulusuk Klassiker | \u00d8stgr\u00f8nland | Guide to Greenland<\/title>\n<meta name=\"description\" content=\"Oplev \u00f8stgr\u00f8nland p\u00e5 denne dagstur fra Island. Se den traditionelle livsstil, isbjerge og smukke landskab i byen Kulusuk.\" \/>\n<meta name=\"robots\" content=\"index, follow, max-snippet:-1, max-image-preview:large, max-video-preview:-1\" \/>\n<link rel=\"canonical\" href=\"https:\/\/guidetogreenland.com\/da\/reserver-ferie-rejser\/kulusuk-klassiker-ostgronland\/\" \/>\n<meta property=\"og:locale\" content=\"da_DK\" \/>\n<meta property=\"og:type\" content=\"article\" \/>\n<meta property=\"og:title\" content=\"Kulusuk Klassiker | \u00d8stgr\u00f8nland | Guide to Greenland\" \/>\n<meta property=\"og:description\" content=\"Oplev \u00f8stgr\u00f8nland p\u00e5 denne dagstur fra Island. Se den traditionelle livsstil, isbjerge og smukke landskab i byen Kulusuk.\" \/>\n<meta property=\"og:url\" content=\"https:\/\/guidetogreenland.com\/da\/reserver-ferie-rejser\/kulusuk-klassiker-ostgronland\/\" \/>\n<meta property=\"og:site_name\" content=\"Guide to Greenland\" \/>\n<meta property=\"article:modified_time\" content=\"2020-11-18T19:05:22+00:00\" \/>\n<meta property=\"og:image\" content=\"https:\/\/guidetogreenland.com\/wp-content\/uploads\/2020\/05\/kulusuk-classic-daytour-east-greenland-Guide-to-Greenland-3.jpg\" \/>\n\t<meta property=\"og:image:width\" content=\"798\" \/>\n\t<meta property=\"og:image:height\" content=\"532\" \/>\n\t<meta property=\"og:image:type\" content=\"image\/jpeg\" \/>\n<meta name=\"twitter:card\" content=\"summary_large_image\" \/>\n<meta name=\"twitter:label1\" content=\"Estimeret l\u00e6setid\" \/>\n\t<meta name=\"twitter:data1\" content=\"1 minut\" \/>\n<script type=\"application\/ld+json\" class=\"yoast-schema-graph\">{\"@context\":\"https:\/\/schema.org\",\"@graph\":[{\"@type\":\"WebPage\",\"@id\":\"https:\/\/guidetogreenland.com\/da\/reserver-ferie-rejser\/kulusuk-klassiker-ostgronland\/\",\"url\":\"https:\/\/guidetogreenland.com\/da\/reserver-ferie-rejser\/kulusuk-klassiker-ostgronland\/\",\"name\":\"Kulusuk Klassiker | \u00d8stgr\u00f8nland | Guide to Greenland\",\"isPartOf\":{\"@id\":\"https:\/\/guidetogreenland.com\/da\/#website\"},\"primaryImageOfPage\":{\"@id\":\"https:\/\/guidetogreenland.com\/da\/reserver-ferie-rejser\/kulusuk-klassiker-ostgronland\/#primaryimage\"},\"image\":{\"@id\":\"https:\/\/guidetogreenland.com\/da\/reserver-ferie-rejser\/kulusuk-klassiker-ostgronland\/#primaryimage\"},\"thumbnailUrl\":\"https:\/\/guidetogreenland.com\/wp-content\/uploads\/2020\/05\/kulusuk-classic-daytour-east-greenland-Guide-to-Greenland-3.jpg\",\"datePublished\":\"2020-05-14T13:53:16+00:00\",\"dateModified\":\"2020-11-18T19:05:22+00:00\",\"description\":\"Oplev \u00f8stgr\u00f8nland p\u00e5 denne dagstur fra Island. Se den traditionelle livsstil, isbjerge og smukke landskab i byen Kulusuk.\",\"breadcrumb\":{\"@id\":\"https:\/\/guidetogreenland.com\/da\/reserver-ferie-rejser\/kulusuk-klassiker-ostgronland\/#breadcrumb\"},\"inLanguage\":\"da-DK\",\"potentialAction\":[{\"@type\":\"ReadAction\",\"target\":[\"https:\/\/guidetogreenland.com\/da\/reserver-ferie-rejser\/kulusuk-klassiker-ostgronland\/\"]}]},{\"@type\":\"ImageObject\",\"inLanguage\":\"da-DK\",\"@id\":\"https:\/\/guidetogreenland.com\/da\/reserver-ferie-rejser\/kulusuk-klassiker-ostgronland\/#primaryimage\",\"url\":\"https:\/\/guidetogreenland.com\/wp-content\/uploads\/2020\/05\/kulusuk-classic-daytour-east-greenland-Guide-to-Greenland-3.jpg\",\"contentUrl\":\"https:\/\/guidetogreenland.com\/wp-content\/uploads\/2020\/05\/kulusuk-classic-daytour-east-greenland-Guide-to-Greenland-3.jpg\",\"width\":798,\"height\":532},{\"@type\":\"BreadcrumbList\",\"@id\":\"https:\/\/guidetogreenland.com\/da\/reserver-ferie-rejser\/kulusuk-klassiker-ostgronland\/#breadcrumb\",\"itemListElement\":[{\"@type\":\"ListItem\",\"position\":1,\"name\":\"Home\",\"item\":\"https:\/\/guidetogreenland.com\/da\/\"},{\"@type\":\"ListItem\",\"position\":2,\"name\":\"Se alle ture\",\"item\":\"https:\/\/guidetogreenland.com\/da\/reserver-ferie-rejser\/\"},{\"@type\":\"ListItem\",\"position\":3,\"name\":\"Kulusuk Klassiker | \u00d8stgr\u00f8nland\"}]},{\"@type\":\"WebSite\",\"@id\":\"https:\/\/guidetogreenland.com\/da\/#website\",\"url\":\"https:\/\/guidetogreenland.com\/da\/\",\"name\":\"Guide to Greenland\",\"description\":\"Largest selection of tours in Greenland\",\"potentialAction\":[{\"@type\":\"SearchAction\",\"target\":{\"@type\":\"EntryPoint\",\"urlTemplate\":\"https:\/\/guidetogreenland.com\/da\/?s={search_term_string}\"},\"query-input\":{\"@type\":\"PropertyValueSpecification\",\"valueRequired\":true,\"valueName\":\"search_term_string\"}}],\"inLanguage\":\"da-DK\"}]}<\/script>\n<!-- \/ Yoast SEO plugin. -->","yoast_head_json":{"title":"Kulusuk Klassiker | \u00d8stgr\u00f8nland | Guide to Greenland","description":"Oplev \u00f8stgr\u00f8nland p\u00e5 denne dagstur fra Island. Se den traditionelle livsstil, isbjerge og smukke landskab i byen Kulusuk.","robots":{"index":"index","follow":"follow","max-snippet":"max-snippet:-1","max-image-preview":"max-image-preview:large","max-video-preview":"max-video-preview:-1"},"canonical":"https:\/\/guidetogreenland.com\/da\/reserver-ferie-rejser\/kulusuk-klassiker-ostgronland\/","og_locale":"da_DK","og_type":"article","og_title":"Kulusuk Klassiker | \u00d8stgr\u00f8nland | Guide to Greenland","og_description":"Oplev \u00f8stgr\u00f8nland p\u00e5 denne dagstur fra Island. Se den traditionelle livsstil, isbjerge og smukke landskab i byen Kulusuk.","og_url":"https:\/\/guidetogreenland.com\/da\/reserver-ferie-rejser\/kulusuk-klassiker-ostgronland\/","og_site_name":"Guide to Greenland","article_modified_time":"2020-11-18T19:05:22+00:00","og_image":[{"width":798,"height":532,"url":"https:\/\/guidetogreenland.com\/wp-content\/uploads\/2020\/05\/kulusuk-classic-daytour-east-greenland-Guide-to-Greenland-3.jpg","type":"image\/jpeg"}],"twitter_card":"summary_large_image","twitter_misc":{"Estimeret l\u00e6setid":"1 minut"},"schema":{"@context":"https:\/\/schema.org","@graph":[{"@type":"WebPage","@id":"https:\/\/guidetogreenland.com\/da\/reserver-ferie-rejser\/kulusuk-klassiker-ostgronland\/","url":"https:\/\/guidetogreenland.com\/da\/reserver-ferie-rejser\/kulusuk-klassiker-ostgronland\/","name":"Kulusuk Klassiker | \u00d8stgr\u00f8nland | Guide to Greenland","isPartOf":{"@id":"https:\/\/guidetogreenland.com\/da\/#website"},"primaryImageOfPage":{"@id":"https:\/\/guidetogreenland.com\/da\/reserver-ferie-rejser\/kulusuk-klassiker-ostgronland\/#primaryimage"},"image":{"@id":"https:\/\/guidetogreenland.com\/da\/reserver-ferie-rejser\/kulusuk-klassiker-ostgronland\/#primaryimage"},"thumbnailUrl":"https:\/\/guidetogreenland.com\/wp-content\/uploads\/2020\/05\/kulusuk-classic-daytour-east-greenland-Guide-to-Greenland-3.jpg","datePublished":"2020-05-14T13:53:16+00:00","dateModified":"2020-11-18T19:05:22+00:00","description":"Oplev \u00f8stgr\u00f8nland p\u00e5 denne dagstur fra Island. Se den traditionelle livsstil, isbjerge og smukke landskab i byen Kulusuk.","breadcrumb":{"@id":"https:\/\/guidetogreenland.com\/da\/reserver-ferie-rejser\/kulusuk-klassiker-ostgronland\/#breadcrumb"},"inLanguage":"da-DK","potentialAction":[{"@type":"ReadAction","target":["https:\/\/guidetogreenland.com\/da\/reserver-ferie-rejser\/kulusuk-klassiker-ostgronland\/"]}]},{"@type":"ImageObject","inLanguage":"da-DK","@id":"https:\/\/guidetogreenland.com\/da\/reserver-ferie-rejser\/kulusuk-klassiker-ostgronland\/#primaryimage","url":"https:\/\/guidetogreenland.com\/wp-content\/uploads\/2020\/05\/kulusuk-classic-daytour-east-greenland-Guide-to-Greenland-3.jpg","contentUrl":"https:\/\/guidetogreenland.com\/wp-content\/uploads\/2020\/05\/kulusuk-classic-daytour-east-greenland-Guide-to-Greenland-3.jpg","width":798,"height":532},{"@type":"BreadcrumbList","@id":"https:\/\/guidetogreenland.com\/da\/reserver-ferie-rejser\/kulusuk-klassiker-ostgronland\/#breadcrumb","itemListElement":[{"@type":"ListItem","position":1,"name":"Home","item":"https:\/\/guidetogreenland.com\/da\/"},{"@type":"ListItem","position":2,"name":"Se alle ture","item":"https:\/\/guidetogreenland.com\/da\/reserver-ferie-rejser\/"},{"@type":"ListItem","position":3,"name":"Kulusuk Klassiker | \u00d8stgr\u00f8nland"}]},{"@type":"WebSite","@id":"https:\/\/guidetogreenland.com\/da\/#website","url":"https:\/\/guidetogreenland.com\/da\/","name":"Guide to Greenland","description":"Largest selection of tours in Greenland","potentialAction":[{"@type":"SearchAction","target":{"@type":"EntryPoint","urlTemplate":"https:\/\/guidetogreenland.com\/da\/?s={search_term_string}"},"query-input":{"@type":"PropertyValueSpecification","valueRequired":true,"valueName":"search_term_string"}}],"inLanguage":"da-DK"}]}},"_links":{"self":[{"href":"https:\/\/guidetogreenland.com\/da\/wp-json\/wp\/v2\/product\/13519","targetHints":{"allow":["GET"]}}],"collection":[{"href":"https:\/\/guidetogreenland.com\/da\/wp-json\/wp\/v2\/product"}],"about":[{"href":"https:\/\/guidetogreenland.com\/da\/wp-json\/wp\/v2\/types\/product"}],"replies":[{"embeddable":true,"href":"https:\/\/guidetogreenland.com\/da\/wp-json\/wp\/v2\/comments?post=13519"}],"wp:featuredmedia":[{"embeddable":true,"href":"https:\/\/guidetogreenland.com\/da\/wp-json\/wp\/v2\/media\/13521"}],"wp:attachment":[{"href":"https:\/\/guidetogreenland.com\/da\/wp-json\/wp\/v2\/media?parent=13519"}],"wp:term":[{"taxonomy":"product_brand","embeddable":true,"href":"https:\/\/guidetogreenland.com\/da\/wp-json\/wp\/v2\/product_brand?post=13519"},{"taxonomy":"product_cat","embeddable":true,"href":"https:\/\/guidetogreenland.com\/da\/wp-json\/wp\/v2\/product_cat?post=13519"},{"taxonomy":"product_tag","embeddable":true,"href":"https:\/\/guidetogreenland.com\/da\/wp-json\/wp\/v2\/product_tag?post=13519"}],"curies":[{"name":"wp","href":"https:\/\/api.w.org\/{rel}","templated":true}]}}