{"id":13529,"date":"2020-05-14T14:06:47","date_gmt":"2020-05-14T14:06:47","guid":{"rendered":"https:\/\/guidetogreenland.com\/book-trips-holiday\/master-exploring-ilulissat-icefjord-from-above-ilulissat-disko-bay\/"},"modified":"2024-05-15T13:28:56","modified_gmt":"2024-05-15T16:28:56","slug":"master-exploring-ilulissat-icefjord-from-above-ilulissat-disko-bay","status":"publish","type":"product","link":"https:\/\/guidetogreenland.com\/da\/reserver-ferie-rejser\/master-explorer-flyv-over-ilulissat-isfjord-ilulissat-diskobugten\/","title":{"rendered":"Master Explorer &#8211; flyv over Ilulissat Isfjord | Ilulissat | Diskobugten"},"content":{"rendered":"<p class=\"x-18pep25\">Oplev en af Gr\u00f8nlands top destinationer fra luften. Hvis du vil have mest muligt ud af din tur i Ilulissat, s\u00e5 er dette turen for dig!<\/p>\n<p class=\"x-18pep25\">Vi flyver fra Ilulissat lufthavn og lige f\u00f8r afgang, dygtige pilot g\u00e5 sikkerheds reglerne igennem for dig og dine medrejsende. Der er mulighed for at du kommer til at foran i flyet ved siden af piloten, ellers er der ingen grund til panik, der er garanterer en god udsigt uanset hvor i flyet du sidder. Piloten vil bede dig tage dit headset p\u00e5, s\u00e5 i kan kommunikere under flyvningen.<\/p>\n<p class=\"e1imf5dp0 x-jm2771\">S\u00e5 snart i er i luften vil du se Gr\u00f8nland fra den mest spektakul\u00e6r<span class=\"x-12abj6v e1uuu2lt3\">e vinkel. Kursen bliver sat nord mod den fantastiske Eqi gletsjer, som er en meget aktiv gletsjer, der k\u00e6lver hver eneste dag. Kanten af Eqi gletsjeren str\u00e6kker sig ud som en fire kilometer lang is-klippev\u00e6g. Vi flyver videre ind over indlandsisen, som fylder det meste af Gr\u00f8nland&#8217;s landoverflade. Forestil dig kun at kunne se is s\u00e5 langt \u00f8jet kan se! Dette er dog ikke bare en hvid facade, men en levende overflade med mange forskellige udformninger.<\/span><\/p>\n<p>Flyveturen forts\u00e6tter over tundraen og farverne skifter fra hvid til de gr\u00f8nnere nuancer, her er der mulighed for at spotte rensdyr og flokke af moskus, men turen slutter ikke her. Vi sv\u00e6ver over UNESCO Verdensarvs destinationen, som Ilulissat er mest kendt for; Isfjord. Vi flyver over Isua gletsjeren og kanten af Kangia hvor man tydeligt kan se sten blive presset frem af den store masse af is. Over isfjorden, f\u00e5r du et overblik over alle de forskellige st\u00f8rrelser og former af isklumper. Nogle isbjerge p\u00e5 st\u00f8rrelse med \u00f8er, der stille s\u00e6tter kursen mod havet. Hvis du er en af de heldige, f\u00e5r du m\u00e5ske et glimt af havets fantastiske pattedyr, hvaler og s\u00e6ler. Kom med og oplev alt dette fra luften, n\u00e5r du nu alligevel rejser til Gr\u00f8nland. T\u00f8v ikke og book din tur nu. Du kan se tilg\u00e6ngeligheden ved at trykke p\u00e5 &#8216;V\u00e6lg dato&#8217; ovenover.<\/p>\n","protected":false},"excerpt":{"rendered":"Oplev en af Gr\u00f8nlands top destinationer fra luften. Hvis du vil have mest muligt ud af din tur i Ilulissat, s\u00e5 er dette turen for dig! Vi flyver fra Ilulissat lufthavn og lige f\u00f8r afgang, dygtige pilot g\u00e5 sikkerheds reglerne igennem for dig og dine medrejsende. Der er mulighed for at du kommer til at&#8230;","protected":false},"featured_media":13531,"comment_status":"open","ping_status":"closed","template":"","meta":[],"product_brand":[],"product_cat":[605,629,604,614,692,617,612,593,634,644,625],"product_tag":[919],"class_list":{"0":"post-13529","1":"product","2":"type-product","3":"status-publish","4":"has-post-thumbnail","6":"product_cat-dagsture-om-sommeren","7":"product_cat-disko-bugten","8":"product_cat-fly-og-helikopterture","9":"product_cat-gletsjer-og-indlandsisen","10":"product_cat-iceberg-icefjord-tours","11":"product_cat-ilulissat-isfjord-ture","12":"product_cat-natur-og-dyreliv-i-groenland","13":"product_cat-oplevelser-i-groenland","14":"product_cat-ture-for-krydstogtgaester","15":"product_cat-ture-i-ilulissat","16":"product_cat-ture-til-verdensarv-steder-i-groenland","17":"product_tag-ilulissat-da","18":"pa_activities-gletscher-udsigt","19":"pa_activities-isbjerg-udsigt","20":"pa_activities-sightseeing-med-fly","21":"pa_attractions-eqi-gletscheren","22":"pa_attractions-ilulissat-icefjord","23":"pa_attractions-indlandsisen","24":"pa_attractions-unesco-verdensarv-omraade","25":"pa_attractions-disko-bay-da","26":"pa_available-month-maj","27":"pa_available-month-juni","28":"pa_available-month-juli","29":"pa_available-month-august","30":"pa_available-month-september","31":"pa_destinations-ilulissat","32":"pa_difficulty-let","33":"pa_duration-1-5-time","34":"pa_tour-type-dagsture","35":"yith_shop_vendor-airzafari-da","37":"first","38":"instock","39":"virtual","40":"sold-individually","41":"purchasable","42":"product-type-booking"},"acf":[],"yoast_head":"<!-- This site is optimized with the Yoast SEO plugin v25.6 - https:\/\/yoast.com\/wordpress\/plugins\/seo\/ -->\n<title>Master Explorer - flyv over Ilulissat Isfjord | Ilulissat | Diskobugten | Guide to Greenland<\/title>\n<meta name=\"description\" content=\"Flyv over det fantastiske UNESCO udn\u00e6vnt sted, Ilulissat Icefjord. Oplev gletsjere, isbjerge, det arktiske dyreliv og Indlandsisen.\" \/>\n<meta name=\"robots\" content=\"index, follow, max-snippet:-1, max-image-preview:large, max-video-preview:-1\" \/>\n<link rel=\"canonical\" href=\"https:\/\/guidetogreenland.com\/da\/reserver-ferie-rejser\/master-explorer-flyv-over-ilulissat-isfjord-ilulissat-diskobugten\/\" \/>\n<meta property=\"og:locale\" content=\"da_DK\" \/>\n<meta property=\"og:type\" content=\"article\" \/>\n<meta property=\"og:title\" content=\"Master Explorer - flyv over Ilulissat Isfjord | Ilulissat | Diskobugten | Guide to Greenland\" \/>\n<meta property=\"og:description\" content=\"Flyv over det fantastiske UNESCO udn\u00e6vnt sted, Ilulissat Icefjord. Oplev gletsjere, isbjerge, det arktiske dyreliv og Indlandsisen.\" \/>\n<meta property=\"og:url\" content=\"https:\/\/guidetogreenland.com\/da\/reserver-ferie-rejser\/master-explorer-flyv-over-ilulissat-isfjord-ilulissat-diskobugten\/\" \/>\n<meta property=\"og:site_name\" content=\"Guide to Greenland\" \/>\n<meta property=\"article:modified_time\" content=\"2024-05-15T16:28:56+00:00\" \/>\n<meta property=\"og:image\" content=\"https:\/\/guidetogreenland.com\/wp-content\/uploads\/2020\/05\/master-exploring-ilulissat-icefjord-from-above-ilulissat-disko-bay-11-Guide-to-Greenland-2.jpg\" \/>\n\t<meta property=\"og:image:width\" content=\"926\" \/>\n\t<meta property=\"og:image:height\" content=\"617\" \/>\n\t<meta property=\"og:image:type\" content=\"image\/jpeg\" \/>\n<meta name=\"twitter:card\" content=\"summary_large_image\" \/>\n<meta name=\"twitter:label1\" content=\"Estimeret l\u00e6setid\" \/>\n\t<meta name=\"twitter:data1\" content=\"2 minutter\" \/>\n<script type=\"application\/ld+json\" class=\"yoast-schema-graph\">{\"@context\":\"https:\/\/schema.org\",\"@graph\":[{\"@type\":\"WebPage\",\"@id\":\"https:\/\/guidetogreenland.com\/da\/reserver-ferie-rejser\/master-explorer-flyv-over-ilulissat-isfjord-ilulissat-diskobugten\/\",\"url\":\"https:\/\/guidetogreenland.com\/da\/reserver-ferie-rejser\/master-explorer-flyv-over-ilulissat-isfjord-ilulissat-diskobugten\/\",\"name\":\"Master Explorer - flyv over Ilulissat Isfjord | Ilulissat | Diskobugten | Guide to Greenland\",\"isPartOf\":{\"@id\":\"https:\/\/guidetogreenland.com\/da\/#website\"},\"primaryImageOfPage\":{\"@id\":\"https:\/\/guidetogreenland.com\/da\/reserver-ferie-rejser\/master-explorer-flyv-over-ilulissat-isfjord-ilulissat-diskobugten\/#primaryimage\"},\"image\":{\"@id\":\"https:\/\/guidetogreenland.com\/da\/reserver-ferie-rejser\/master-explorer-flyv-over-ilulissat-isfjord-ilulissat-diskobugten\/#primaryimage\"},\"thumbnailUrl\":\"https:\/\/guidetogreenland.com\/wp-content\/uploads\/2020\/05\/master-exploring-ilulissat-icefjord-from-above-ilulissat-disko-bay-11-Guide-to-Greenland-2.jpg\",\"datePublished\":\"2020-05-14T14:06:47+00:00\",\"dateModified\":\"2024-05-15T16:28:56+00:00\",\"description\":\"Flyv over det fantastiske UNESCO udn\u00e6vnt sted, Ilulissat Icefjord. Oplev gletsjere, isbjerge, det arktiske dyreliv og Indlandsisen.\",\"breadcrumb\":{\"@id\":\"https:\/\/guidetogreenland.com\/da\/reserver-ferie-rejser\/master-explorer-flyv-over-ilulissat-isfjord-ilulissat-diskobugten\/#breadcrumb\"},\"inLanguage\":\"da-DK\",\"potentialAction\":[{\"@type\":\"ReadAction\",\"target\":[\"https:\/\/guidetogreenland.com\/da\/reserver-ferie-rejser\/master-explorer-flyv-over-ilulissat-isfjord-ilulissat-diskobugten\/\"]}]},{\"@type\":\"ImageObject\",\"inLanguage\":\"da-DK\",\"@id\":\"https:\/\/guidetogreenland.com\/da\/reserver-ferie-rejser\/master-explorer-flyv-over-ilulissat-isfjord-ilulissat-diskobugten\/#primaryimage\",\"url\":\"https:\/\/guidetogreenland.com\/wp-content\/uploads\/2020\/05\/master-exploring-ilulissat-icefjord-from-above-ilulissat-disko-bay-11-Guide-to-Greenland-2.jpg\",\"contentUrl\":\"https:\/\/guidetogreenland.com\/wp-content\/uploads\/2020\/05\/master-exploring-ilulissat-icefjord-from-above-ilulissat-disko-bay-11-Guide-to-Greenland-2.jpg\",\"width\":926,\"height\":617},{\"@type\":\"BreadcrumbList\",\"@id\":\"https:\/\/guidetogreenland.com\/da\/reserver-ferie-rejser\/master-explorer-flyv-over-ilulissat-isfjord-ilulissat-diskobugten\/#breadcrumb\",\"itemListElement\":[{\"@type\":\"ListItem\",\"position\":1,\"name\":\"Home\",\"item\":\"https:\/\/guidetogreenland.com\/da\/\"},{\"@type\":\"ListItem\",\"position\":2,\"name\":\"Se alle ture\",\"item\":\"https:\/\/guidetogreenland.com\/da\/reserver-ferie-rejser\/\"},{\"@type\":\"ListItem\",\"position\":3,\"name\":\"Master Explorer &#8211; flyv over Ilulissat Isfjord | Ilulissat | Diskobugten\"}]},{\"@type\":\"WebSite\",\"@id\":\"https:\/\/guidetogreenland.com\/da\/#website\",\"url\":\"https:\/\/guidetogreenland.com\/da\/\",\"name\":\"Guide to Greenland\",\"description\":\"Largest selection of tours in Greenland\",\"potentialAction\":[{\"@type\":\"SearchAction\",\"target\":{\"@type\":\"EntryPoint\",\"urlTemplate\":\"https:\/\/guidetogreenland.com\/da\/?s={search_term_string}\"},\"query-input\":{\"@type\":\"PropertyValueSpecification\",\"valueRequired\":true,\"valueName\":\"search_term_string\"}}],\"inLanguage\":\"da-DK\"}]}<\/script>\n<!-- \/ Yoast SEO plugin. -->","yoast_head_json":{"title":"Master Explorer - flyv over Ilulissat Isfjord | Ilulissat | Diskobugten | Guide to Greenland","description":"Flyv over det fantastiske UNESCO udn\u00e6vnt sted, Ilulissat Icefjord. Oplev gletsjere, isbjerge, det arktiske dyreliv og Indlandsisen.","robots":{"index":"index","follow":"follow","max-snippet":"max-snippet:-1","max-image-preview":"max-image-preview:large","max-video-preview":"max-video-preview:-1"},"canonical":"https:\/\/guidetogreenland.com\/da\/reserver-ferie-rejser\/master-explorer-flyv-over-ilulissat-isfjord-ilulissat-diskobugten\/","og_locale":"da_DK","og_type":"article","og_title":"Master Explorer - flyv over Ilulissat Isfjord | Ilulissat | Diskobugten | Guide to Greenland","og_description":"Flyv over det fantastiske UNESCO udn\u00e6vnt sted, Ilulissat Icefjord. Oplev gletsjere, isbjerge, det arktiske dyreliv og Indlandsisen.","og_url":"https:\/\/guidetogreenland.com\/da\/reserver-ferie-rejser\/master-explorer-flyv-over-ilulissat-isfjord-ilulissat-diskobugten\/","og_site_name":"Guide to Greenland","article_modified_time":"2024-05-15T16:28:56+00:00","og_image":[{"width":926,"height":617,"url":"https:\/\/guidetogreenland.com\/wp-content\/uploads\/2020\/05\/master-exploring-ilulissat-icefjord-from-above-ilulissat-disko-bay-11-Guide-to-Greenland-2.jpg","type":"image\/jpeg"}],"twitter_card":"summary_large_image","twitter_misc":{"Estimeret l\u00e6setid":"2 minutter"},"schema":{"@context":"https:\/\/schema.org","@graph":[{"@type":"WebPage","@id":"https:\/\/guidetogreenland.com\/da\/reserver-ferie-rejser\/master-explorer-flyv-over-ilulissat-isfjord-ilulissat-diskobugten\/","url":"https:\/\/guidetogreenland.com\/da\/reserver-ferie-rejser\/master-explorer-flyv-over-ilulissat-isfjord-ilulissat-diskobugten\/","name":"Master Explorer - flyv over Ilulissat Isfjord | Ilulissat | Diskobugten | Guide to Greenland","isPartOf":{"@id":"https:\/\/guidetogreenland.com\/da\/#website"},"primaryImageOfPage":{"@id":"https:\/\/guidetogreenland.com\/da\/reserver-ferie-rejser\/master-explorer-flyv-over-ilulissat-isfjord-ilulissat-diskobugten\/#primaryimage"},"image":{"@id":"https:\/\/guidetogreenland.com\/da\/reserver-ferie-rejser\/master-explorer-flyv-over-ilulissat-isfjord-ilulissat-diskobugten\/#primaryimage"},"thumbnailUrl":"https:\/\/guidetogreenland.com\/wp-content\/uploads\/2020\/05\/master-exploring-ilulissat-icefjord-from-above-ilulissat-disko-bay-11-Guide-to-Greenland-2.jpg","datePublished":"2020-05-14T14:06:47+00:00","dateModified":"2024-05-15T16:28:56+00:00","description":"Flyv over det fantastiske UNESCO udn\u00e6vnt sted, Ilulissat Icefjord. Oplev gletsjere, isbjerge, det arktiske dyreliv og Indlandsisen.","breadcrumb":{"@id":"https:\/\/guidetogreenland.com\/da\/reserver-ferie-rejser\/master-explorer-flyv-over-ilulissat-isfjord-ilulissat-diskobugten\/#breadcrumb"},"inLanguage":"da-DK","potentialAction":[{"@type":"ReadAction","target":["https:\/\/guidetogreenland.com\/da\/reserver-ferie-rejser\/master-explorer-flyv-over-ilulissat-isfjord-ilulissat-diskobugten\/"]}]},{"@type":"ImageObject","inLanguage":"da-DK","@id":"https:\/\/guidetogreenland.com\/da\/reserver-ferie-rejser\/master-explorer-flyv-over-ilulissat-isfjord-ilulissat-diskobugten\/#primaryimage","url":"https:\/\/guidetogreenland.com\/wp-content\/uploads\/2020\/05\/master-exploring-ilulissat-icefjord-from-above-ilulissat-disko-bay-11-Guide-to-Greenland-2.jpg","contentUrl":"https:\/\/guidetogreenland.com\/wp-content\/uploads\/2020\/05\/master-exploring-ilulissat-icefjord-from-above-ilulissat-disko-bay-11-Guide-to-Greenland-2.jpg","width":926,"height":617},{"@type":"BreadcrumbList","@id":"https:\/\/guidetogreenland.com\/da\/reserver-ferie-rejser\/master-explorer-flyv-over-ilulissat-isfjord-ilulissat-diskobugten\/#breadcrumb","itemListElement":[{"@type":"ListItem","position":1,"name":"Home","item":"https:\/\/guidetogreenland.com\/da\/"},{"@type":"ListItem","position":2,"name":"Se alle ture","item":"https:\/\/guidetogreenland.com\/da\/reserver-ferie-rejser\/"},{"@type":"ListItem","position":3,"name":"Master Explorer &#8211; flyv over Ilulissat Isfjord | Ilulissat | Diskobugten"}]},{"@type":"WebSite","@id":"https:\/\/guidetogreenland.com\/da\/#website","url":"https:\/\/guidetogreenland.com\/da\/","name":"Guide to Greenland","description":"Largest selection of tours in Greenland","potentialAction":[{"@type":"SearchAction","target":{"@type":"EntryPoint","urlTemplate":"https:\/\/guidetogreenland.com\/da\/?s={search_term_string}"},"query-input":{"@type":"PropertyValueSpecification","valueRequired":true,"valueName":"search_term_string"}}],"inLanguage":"da-DK"}]}},"_links":{"self":[{"href":"https:\/\/guidetogreenland.com\/da\/wp-json\/wp\/v2\/product\/13529","targetHints":{"allow":["GET"]}}],"collection":[{"href":"https:\/\/guidetogreenland.com\/da\/wp-json\/wp\/v2\/product"}],"about":[{"href":"https:\/\/guidetogreenland.com\/da\/wp-json\/wp\/v2\/types\/product"}],"replies":[{"embeddable":true,"href":"https:\/\/guidetogreenland.com\/da\/wp-json\/wp\/v2\/comments?post=13529"}],"wp:featuredmedia":[{"embeddable":true,"href":"https:\/\/guidetogreenland.com\/da\/wp-json\/wp\/v2\/media\/13531"}],"wp:attachment":[{"href":"https:\/\/guidetogreenland.com\/da\/wp-json\/wp\/v2\/media?parent=13529"}],"wp:term":[{"taxonomy":"product_brand","embeddable":true,"href":"https:\/\/guidetogreenland.com\/da\/wp-json\/wp\/v2\/product_brand?post=13529"},{"taxonomy":"product_cat","embeddable":true,"href":"https:\/\/guidetogreenland.com\/da\/wp-json\/wp\/v2\/product_cat?post=13529"},{"taxonomy":"product_tag","embeddable":true,"href":"https:\/\/guidetogreenland.com\/da\/wp-json\/wp\/v2\/product_tag?post=13529"}],"curies":[{"name":"wp","href":"https:\/\/api.w.org\/{rel}","templated":true}]}}