{"id":13544,"date":"2020-05-14T14:27:47","date_gmt":"2020-05-14T14:27:47","guid":{"rendered":"https:\/\/guidetogreenland.com\/book-trips-holiday\/morning-kayak-among-icebergs-ilulissat-disko-bay\/"},"modified":"2025-08-14T06:25:39","modified_gmt":"2025-08-14T09:25:39","slug":"morning-kayak-among-icebergs-ilulissat-disko-bay","status":"publish","type":"product","link":"https:\/\/guidetogreenland.com\/da\/reserver-ferie-rejser\/morgen-kajaktur-blandt-isbjerge-ilulissat\/","title":{"rendered":"Morgen-kajaktur blandt isbjerge | Ilulissat"},"content":{"rendered":"<p class=\"x-18pep25\">Fra kulturelle begivenheder i Ilulissat by til en morgen tur ude p\u00e5 Ilulissat Isfjord, er den perfekte m\u00e5de at starte dagen p\u00e5. Med denne tur vil du kunne sejle iblandt massive isbjerge i forskellige st\u00f8rrelser og former.<\/p>\n<p class=\"e1imf5dp0 x-jm2771\">M\u00f8d din guide og medrejsende ved Hotel Hvide Falk. Sammen vil vi vandre ned til vandet hvor i vil f\u00e5 informationer om dobbel havkajakken og l\u00e6re hvor man sejler. Efter et par \u00f8velser og f\u00e5et udstyret p\u00e5, vil vi sammen s\u00e6nke kajakkerne og langsomt flyde ud p\u00e5 vandet. N\u00e5r du og din makker er begyndt at f\u00f8le jer bekvemt omkring kajakken, vil i kunne sejle mellem isbjergene og komme utroligt t\u00e6t p\u00e5 dem, <span class=\"x-12abj6v e1uuu2lt3\">alt imens du nyder solens str\u00e5ler p\u00e5 dit ansigt.<\/span><\/p>\n<p class=\"e1imf5dp0 x-jm2771\"><span class=\"x-12abj6v e1uuu2lt3\">Denne tur er for alle der \u00f8nsker at opleve Ilulissat Isfjord, ingen tidligere erfaring er n\u00f8dvendig, da du vil blive fulgt af en lokal guide der hj\u00e6lpe dig hele vejen. S\u00e5 giv dig selv plads til at nyde dine unikke omgivelser og ind\u00e5nde den friske brise med et hint af saltvand. Glid henover vandoverfladen mens du lytter til stilheden, kun brudt af b\u00f8lgerne der rammer siden af kajakken.<\/span><\/p>\n<p class=\"e1imf5dp0 x-jm2771\"><span class=\"x-12abj6v e1uuu2lt3\">En sp\u00e6ndende og samtidig afslappende tur p\u00e5 Ilulissat Isfjord, der siden 2004 har v\u00e6ret p\u00e5 verdensarvslisten. Med lidt held vil du m\u00e5ske endda kunne sejle i selskab med pukkelhvaler, der ofte er set i omr\u00e5det. Kom med p\u00e5 denne utrolige tur p\u00e5 isfjorden i de sikre h\u00e6nder af din guide. Se tilg\u00e6ngeligheden ved at trykke p\u00e5 &#8216;V\u00e6lg en dag&#8217; ovenover og book din tur i dag.<\/span><\/p>\n","protected":false},"excerpt":{"rendered":"Fra kulturelle begivenheder i Ilulissat by til en morgen tur ude p\u00e5 Ilulissat Isfjord, er den perfekte m\u00e5de at starte dagen p\u00e5. Med denne tur vil du kunne sejle iblandt massive isbjerge i forskellige st\u00f8rrelser og former. M\u00f8d din guide og medrejsende ved Hotel Hvide Falk. Sammen vil vi vandre ned til vandet hvor i&#8230;","protected":false},"featured_media":13546,"comment_status":"open","ping_status":"closed","template":"","meta":[],"product_brand":[],"product_cat":[605,629,692,617,612,593,626,609,634,644,625],"product_tag":[919],"class_list":{"0":"post-13544","1":"product","2":"type-product","3":"status-publish","4":"has-post-thumbnail","6":"product_cat-dagsture-om-sommeren","7":"product_cat-disko-bugten","8":"product_cat-iceberg-icefjord-tours","9":"product_cat-ilulissat-isfjord-ture","10":"product_cat-natur-og-dyreliv-i-groenland","11":"product_cat-oplevelser-i-groenland","12":"product_cat-staycation-i-groenland","13":"product_cat-sup-kayakture","14":"product_cat-ture-for-krydstogtgaester","15":"product_cat-ture-i-ilulissat","16":"product_cat-ture-til-verdensarv-steder-i-groenland","17":"product_tag-ilulissat-da","18":"pa_activities-kajak-sup","19":"pa_activities-isbjerg-udsigt","20":"pa_attractions-ilulissat-icefjord","21":"pa_attractions-unesco-verdensarv-omraade","22":"pa_attractions-disko-bay-da","23":"pa_available-month-juni","24":"pa_available-month-juli","25":"pa_available-month-august","26":"pa_available-month-september","27":"pa_destinations-ilulissat","28":"pa_difficulty-moderat","29":"pa_duration-3-timer","30":"pa_tour-type-dagsture","31":"yith_shop_vendor-albatros-ilulissat-da","33":"first","34":"instock","35":"virtual","36":"sold-individually","37":"purchasable","38":"product-type-booking"},"acf":[],"yoast_head":"<!-- This site is optimized with the Yoast SEO plugin v25.6 - https:\/\/yoast.com\/wordpress\/plugins\/seo\/ -->\n<title>Morgen-kajaktur blandt isbjerge | Ilulissat | Guide to Greenland<\/title>\n<meta name=\"description\" content=\"Har du altid \u00f8nsket at tage p\u00e5 ferie til Gr\u00f8nland? Kom til Ilulissat og pr\u00f8v kajakroning blandt isbjerge, n\u00e5r solen stiger op om morgenen.\" \/>\n<meta name=\"robots\" content=\"index, follow, max-snippet:-1, max-image-preview:large, max-video-preview:-1\" \/>\n<link rel=\"canonical\" href=\"https:\/\/guidetogreenland.com\/da\/reserver-ferie-rejser\/morgen-kajaktur-blandt-isbjerge-ilulissat\/\" \/>\n<meta property=\"og:locale\" content=\"da_DK\" \/>\n<meta property=\"og:type\" content=\"article\" \/>\n<meta property=\"og:title\" content=\"Morgen-kajaktur blandt isbjerge | Ilulissat | Guide to Greenland\" \/>\n<meta property=\"og:description\" content=\"Har du altid \u00f8nsket at tage p\u00e5 ferie til Gr\u00f8nland? Kom til Ilulissat og pr\u00f8v kajakroning blandt isbjerge, n\u00e5r solen stiger op om morgenen.\" \/>\n<meta property=\"og:url\" content=\"https:\/\/guidetogreenland.com\/da\/reserver-ferie-rejser\/morgen-kajaktur-blandt-isbjerge-ilulissat\/\" \/>\n<meta property=\"og:site_name\" content=\"Guide to Greenland\" \/>\n<meta property=\"article:modified_time\" content=\"2025-08-14T09:25:39+00:00\" \/>\n<meta property=\"og:image\" content=\"https:\/\/guidetogreenland.com\/wp-content\/uploads\/2020\/05\/morning-kayak-among-icebergs-ilulissat-disko-bay-Guide-to-Greenland-7.jpg\" \/>\n\t<meta property=\"og:image:width\" content=\"926\" \/>\n\t<meta property=\"og:image:height\" content=\"695\" \/>\n\t<meta property=\"og:image:type\" content=\"image\/jpeg\" \/>\n<meta name=\"twitter:card\" content=\"summary_large_image\" \/>\n<meta name=\"twitter:label1\" content=\"Estimeret l\u00e6setid\" \/>\n\t<meta name=\"twitter:data1\" content=\"2 minutter\" \/>\n<script type=\"application\/ld+json\" class=\"yoast-schema-graph\">{\"@context\":\"https:\/\/schema.org\",\"@graph\":[{\"@type\":\"WebPage\",\"@id\":\"https:\/\/guidetogreenland.com\/da\/reserver-ferie-rejser\/morgen-kajaktur-blandt-isbjerge-ilulissat\/\",\"url\":\"https:\/\/guidetogreenland.com\/da\/reserver-ferie-rejser\/morgen-kajaktur-blandt-isbjerge-ilulissat\/\",\"name\":\"Morgen-kajaktur blandt isbjerge | Ilulissat | Guide to Greenland\",\"isPartOf\":{\"@id\":\"https:\/\/guidetogreenland.com\/da\/#website\"},\"primaryImageOfPage\":{\"@id\":\"https:\/\/guidetogreenland.com\/da\/reserver-ferie-rejser\/morgen-kajaktur-blandt-isbjerge-ilulissat\/#primaryimage\"},\"image\":{\"@id\":\"https:\/\/guidetogreenland.com\/da\/reserver-ferie-rejser\/morgen-kajaktur-blandt-isbjerge-ilulissat\/#primaryimage\"},\"thumbnailUrl\":\"https:\/\/guidetogreenland.com\/wp-content\/uploads\/2020\/05\/morning-kayak-among-icebergs-ilulissat-disko-bay-Guide-to-Greenland-7.jpg\",\"datePublished\":\"2020-05-14T14:27:47+00:00\",\"dateModified\":\"2025-08-14T09:25:39+00:00\",\"description\":\"Har du altid \u00f8nsket at tage p\u00e5 ferie til Gr\u00f8nland? Kom til Ilulissat og pr\u00f8v kajakroning blandt isbjerge, n\u00e5r solen stiger op om morgenen.\",\"breadcrumb\":{\"@id\":\"https:\/\/guidetogreenland.com\/da\/reserver-ferie-rejser\/morgen-kajaktur-blandt-isbjerge-ilulissat\/#breadcrumb\"},\"inLanguage\":\"da-DK\",\"potentialAction\":[{\"@type\":\"ReadAction\",\"target\":[\"https:\/\/guidetogreenland.com\/da\/reserver-ferie-rejser\/morgen-kajaktur-blandt-isbjerge-ilulissat\/\"]}]},{\"@type\":\"ImageObject\",\"inLanguage\":\"da-DK\",\"@id\":\"https:\/\/guidetogreenland.com\/da\/reserver-ferie-rejser\/morgen-kajaktur-blandt-isbjerge-ilulissat\/#primaryimage\",\"url\":\"https:\/\/guidetogreenland.com\/wp-content\/uploads\/2020\/05\/morning-kayak-among-icebergs-ilulissat-disko-bay-Guide-to-Greenland-7.jpg\",\"contentUrl\":\"https:\/\/guidetogreenland.com\/wp-content\/uploads\/2020\/05\/morning-kayak-among-icebergs-ilulissat-disko-bay-Guide-to-Greenland-7.jpg\",\"width\":926,\"height\":695},{\"@type\":\"BreadcrumbList\",\"@id\":\"https:\/\/guidetogreenland.com\/da\/reserver-ferie-rejser\/morgen-kajaktur-blandt-isbjerge-ilulissat\/#breadcrumb\",\"itemListElement\":[{\"@type\":\"ListItem\",\"position\":1,\"name\":\"Home\",\"item\":\"https:\/\/guidetogreenland.com\/da\/\"},{\"@type\":\"ListItem\",\"position\":2,\"name\":\"Se alle ture\",\"item\":\"https:\/\/guidetogreenland.com\/da\/reserver-ferie-rejser\/\"},{\"@type\":\"ListItem\",\"position\":3,\"name\":\"Morgen-kajaktur blandt isbjerge | Ilulissat\"}]},{\"@type\":\"WebSite\",\"@id\":\"https:\/\/guidetogreenland.com\/da\/#website\",\"url\":\"https:\/\/guidetogreenland.com\/da\/\",\"name\":\"Guide to Greenland\",\"description\":\"Largest selection of tours in Greenland\",\"potentialAction\":[{\"@type\":\"SearchAction\",\"target\":{\"@type\":\"EntryPoint\",\"urlTemplate\":\"https:\/\/guidetogreenland.com\/da\/?s={search_term_string}\"},\"query-input\":{\"@type\":\"PropertyValueSpecification\",\"valueRequired\":true,\"valueName\":\"search_term_string\"}}],\"inLanguage\":\"da-DK\"}]}<\/script>\n<!-- \/ Yoast SEO plugin. -->","yoast_head_json":{"title":"Morgen-kajaktur blandt isbjerge | Ilulissat | Guide to Greenland","description":"Har du altid \u00f8nsket at tage p\u00e5 ferie til Gr\u00f8nland? Kom til Ilulissat og pr\u00f8v kajakroning blandt isbjerge, n\u00e5r solen stiger op om morgenen.","robots":{"index":"index","follow":"follow","max-snippet":"max-snippet:-1","max-image-preview":"max-image-preview:large","max-video-preview":"max-video-preview:-1"},"canonical":"https:\/\/guidetogreenland.com\/da\/reserver-ferie-rejser\/morgen-kajaktur-blandt-isbjerge-ilulissat\/","og_locale":"da_DK","og_type":"article","og_title":"Morgen-kajaktur blandt isbjerge | Ilulissat | Guide to Greenland","og_description":"Har du altid \u00f8nsket at tage p\u00e5 ferie til Gr\u00f8nland? Kom til Ilulissat og pr\u00f8v kajakroning blandt isbjerge, n\u00e5r solen stiger op om morgenen.","og_url":"https:\/\/guidetogreenland.com\/da\/reserver-ferie-rejser\/morgen-kajaktur-blandt-isbjerge-ilulissat\/","og_site_name":"Guide to Greenland","article_modified_time":"2025-08-14T09:25:39+00:00","og_image":[{"width":926,"height":695,"url":"https:\/\/guidetogreenland.com\/wp-content\/uploads\/2020\/05\/morning-kayak-among-icebergs-ilulissat-disko-bay-Guide-to-Greenland-7.jpg","type":"image\/jpeg"}],"twitter_card":"summary_large_image","twitter_misc":{"Estimeret l\u00e6setid":"2 minutter"},"schema":{"@context":"https:\/\/schema.org","@graph":[{"@type":"WebPage","@id":"https:\/\/guidetogreenland.com\/da\/reserver-ferie-rejser\/morgen-kajaktur-blandt-isbjerge-ilulissat\/","url":"https:\/\/guidetogreenland.com\/da\/reserver-ferie-rejser\/morgen-kajaktur-blandt-isbjerge-ilulissat\/","name":"Morgen-kajaktur blandt isbjerge | Ilulissat | Guide to Greenland","isPartOf":{"@id":"https:\/\/guidetogreenland.com\/da\/#website"},"primaryImageOfPage":{"@id":"https:\/\/guidetogreenland.com\/da\/reserver-ferie-rejser\/morgen-kajaktur-blandt-isbjerge-ilulissat\/#primaryimage"},"image":{"@id":"https:\/\/guidetogreenland.com\/da\/reserver-ferie-rejser\/morgen-kajaktur-blandt-isbjerge-ilulissat\/#primaryimage"},"thumbnailUrl":"https:\/\/guidetogreenland.com\/wp-content\/uploads\/2020\/05\/morning-kayak-among-icebergs-ilulissat-disko-bay-Guide-to-Greenland-7.jpg","datePublished":"2020-05-14T14:27:47+00:00","dateModified":"2025-08-14T09:25:39+00:00","description":"Har du altid \u00f8nsket at tage p\u00e5 ferie til Gr\u00f8nland? Kom til Ilulissat og pr\u00f8v kajakroning blandt isbjerge, n\u00e5r solen stiger op om morgenen.","breadcrumb":{"@id":"https:\/\/guidetogreenland.com\/da\/reserver-ferie-rejser\/morgen-kajaktur-blandt-isbjerge-ilulissat\/#breadcrumb"},"inLanguage":"da-DK","potentialAction":[{"@type":"ReadAction","target":["https:\/\/guidetogreenland.com\/da\/reserver-ferie-rejser\/morgen-kajaktur-blandt-isbjerge-ilulissat\/"]}]},{"@type":"ImageObject","inLanguage":"da-DK","@id":"https:\/\/guidetogreenland.com\/da\/reserver-ferie-rejser\/morgen-kajaktur-blandt-isbjerge-ilulissat\/#primaryimage","url":"https:\/\/guidetogreenland.com\/wp-content\/uploads\/2020\/05\/morning-kayak-among-icebergs-ilulissat-disko-bay-Guide-to-Greenland-7.jpg","contentUrl":"https:\/\/guidetogreenland.com\/wp-content\/uploads\/2020\/05\/morning-kayak-among-icebergs-ilulissat-disko-bay-Guide-to-Greenland-7.jpg","width":926,"height":695},{"@type":"BreadcrumbList","@id":"https:\/\/guidetogreenland.com\/da\/reserver-ferie-rejser\/morgen-kajaktur-blandt-isbjerge-ilulissat\/#breadcrumb","itemListElement":[{"@type":"ListItem","position":1,"name":"Home","item":"https:\/\/guidetogreenland.com\/da\/"},{"@type":"ListItem","position":2,"name":"Se alle ture","item":"https:\/\/guidetogreenland.com\/da\/reserver-ferie-rejser\/"},{"@type":"ListItem","position":3,"name":"Morgen-kajaktur blandt isbjerge | Ilulissat"}]},{"@type":"WebSite","@id":"https:\/\/guidetogreenland.com\/da\/#website","url":"https:\/\/guidetogreenland.com\/da\/","name":"Guide to Greenland","description":"Largest selection of tours in Greenland","potentialAction":[{"@type":"SearchAction","target":{"@type":"EntryPoint","urlTemplate":"https:\/\/guidetogreenland.com\/da\/?s={search_term_string}"},"query-input":{"@type":"PropertyValueSpecification","valueRequired":true,"valueName":"search_term_string"}}],"inLanguage":"da-DK"}]}},"_links":{"self":[{"href":"https:\/\/guidetogreenland.com\/da\/wp-json\/wp\/v2\/product\/13544","targetHints":{"allow":["GET"]}}],"collection":[{"href":"https:\/\/guidetogreenland.com\/da\/wp-json\/wp\/v2\/product"}],"about":[{"href":"https:\/\/guidetogreenland.com\/da\/wp-json\/wp\/v2\/types\/product"}],"replies":[{"embeddable":true,"href":"https:\/\/guidetogreenland.com\/da\/wp-json\/wp\/v2\/comments?post=13544"}],"wp:featuredmedia":[{"embeddable":true,"href":"https:\/\/guidetogreenland.com\/da\/wp-json\/wp\/v2\/media\/13546"}],"wp:attachment":[{"href":"https:\/\/guidetogreenland.com\/da\/wp-json\/wp\/v2\/media?parent=13544"}],"wp:term":[{"taxonomy":"product_brand","embeddable":true,"href":"https:\/\/guidetogreenland.com\/da\/wp-json\/wp\/v2\/product_brand?post=13544"},{"taxonomy":"product_cat","embeddable":true,"href":"https:\/\/guidetogreenland.com\/da\/wp-json\/wp\/v2\/product_cat?post=13544"},{"taxonomy":"product_tag","embeddable":true,"href":"https:\/\/guidetogreenland.com\/da\/wp-json\/wp\/v2\/product_tag?post=13544"}],"curies":[{"name":"wp","href":"https:\/\/api.w.org\/{rel}","templated":true}]}}